{"id":28789,"date":"2020-12-09T12:14:51","date_gmt":"2020-12-09T12:14:51","guid":{"rendered":"https:\/\/women.lv\/?product=clear-deep-attirosas-sejas-putas"},"modified":"2026-03-05T10:01:48","modified_gmt":"2026-03-05T08:01:48","slug":"clear-deep-attirosas-sejas-putas","status":"publish","type":"product","link":"https:\/\/women.lv\/en\/product\/clear-deep-attirosas-sejas-putas\/","title":{"rendered":"Clear Deep \u2013 cleansing facial foam"},"content":{"rendered":"<p><span style=\"font-family: Helvetica;\"><span style=\"font-size: 18px;\"><b>First step 1<\/b><\/span><\/span><\/p>\n<p><span style=\"font-family: Helvetica;\"><span style=\"font-size: 18px; letter-spacing: 0.8px;\">M\u0113r\u0137is samazin\u0101t:\u00a0Plankumus, bl\u0101vumu, taukain\u012bbu, poras, nevienm\u0113r\u012bgu tekst\u016bru. Mirdzo\u0161as, ar antioksidantiem bag\u0101tas att\u012bro\u0161\u0101s putas, lai att\u012br\u012btu, mitrin\u0101tu un atdz\u012bvin\u0101tu \u0101du.<\/span><\/span><\/p>\n<ul>\n<li><span style=\"font-family: Helvetica;\"><span style=\"font-size: 18px;\">0.5% salicylic acid<\/span><\/span><\/li>\n<li><span style=\"font-family: Helvetica;\"><span style=\"font-size: 18px;\">0.5% of vitamin C<\/span><\/span><\/li>\n<li><span style=\"font-family: Helvetica;\"><span style=\"font-size: 18px;\">2% rose flower water and cucumber extract<\/span><\/span><\/li>\n<li><span style=\"font-family: Helvetica;\"><span style=\"font-size: 18px;\">+ Aloe Vera<\/span><\/span><\/li>\n<li><span style=\"font-family: Helvetica;\"><span style=\"font-size: 18px;\">+ ProVitamin B5\n<p><\/span><\/span><\/li>\n<\/ul>\n<p><span style=\"font-family: Helvetica;\"><span style=\"font-size: 18px;\">Colorant-free, fragrance-free, mineral oil-free, oil-free, paraben-free, silicone-free, sulfate-free<\/span><\/p>\n<p><\/span><\/p>","protected":false},"excerpt":{"rendered":"<p>Step One 1 Aim to reduce: Spots, dullness, oiliness, pores, uneven texture. A radiant, antioxidant-rich cleansing foam to cleanse, hydrate and<\/p>","protected":false},"featured_media":28790,"comment_status":"open","ping_status":"closed","template":"","meta":[],"product_brand":[],"product_cat":[2211,2231,2200,2215],"product_tag":[3419,3407,3408,3455,3454,3456,3415,3416,3423,3412,3413,3417,3414],"class_list":{"0":"post-28789","1":"product","2":"type-product","3":"status-publish","4":"has-post-thumbnail","6":"product_cat-mazgasanas-un-attirisanas-produkti","7":"product_cat-lv-on-sale","8":"product_cat-sejas-kopsanas-lidzekli","9":"product_cat-visi-produkti","10":"product_tag-aknei","11":"product_tag-beauty-pharma","12":"product_tag-bp","13":"product_tag-clear-deep-attirosas-sejas-putas","14":"product_tag-clear-deep----","15":"product_tag-clear-deep--cleansing-face-foam","16":"product_tag-dermatological-cosmetics","17":"product_tag-dermatologiska-kosmetika","18":"product_tag-pinnem","19":"product_tag-turcija","20":"product_tag-turkey","21":"product_tag-3417","22":"product_tag-3414","23":"pa_brand_nc-beauty-pharma","24":"pa_ean_nc-3453","25":"pa_ean_nc-turkey","27":"first","28":"instock","29":"sale","30":"taxable","31":"shipping-taxable","32":"purchasable","33":"product-type-simple"},"yoast_head":"<!-- This site is optimized with the Yoast SEO plugin v27.4 - https:\/\/yoast.com\/product\/yoast-seo-wordpress\/ -->\n<title>Clear Deep - att\u012bro\u0161as sejas putas<\/title>\n<meta name=\"description\" content=\"M\u0113r\u0137is samazin\u0101t: Plankumus, bl\u0101vumu, taukain\u012bbu, poras, nevienm\u0113r\u012bgu tekst\u016bru. Mirdzo\u0161as, ar antioksidantiem bag\u0101tas att\u012bro\u0161\u0101s putas, lai att\u012br\u012btu, mitrin\u0101tu un atdz\u012bvin\u0101tu \u0101du.\" \/>\n<meta name=\"robots\" content=\"index, follow, max-snippet:-1, max-image-preview:large, max-video-preview:-1\" \/>\n<link rel=\"canonical\" href=\"https:\/\/women.lv\/en\/product\/clear-deep-attirosas-sejas-putas\/\" \/>\n<meta property=\"og:locale\" content=\"en_GB\" \/>\n<meta property=\"og:type\" content=\"article\" \/>\n<meta property=\"og:title\" content=\"Clear Deep - att\u012bro\u0161as sejas putas\" \/>\n<meta property=\"og:description\" content=\"M\u0113r\u0137is samazin\u0101t: Plankumus, bl\u0101vumu, taukain\u012bbu, poras, nevienm\u0113r\u012bgu tekst\u016bru. Mirdzo\u0161as, ar antioksidantiem bag\u0101tas att\u012bro\u0161\u0101s putas, lai att\u012br\u012btu, mitrin\u0101tu un atdz\u012bvin\u0101tu \u0101du.\" \/>\n<meta property=\"og:url\" content=\"https:\/\/women.lv\/en\/product\/clear-deep-attirosas-sejas-putas\/\" \/>\n<meta property=\"og:site_name\" content=\"Women Veikals\" \/>\n<meta property=\"article:modified_time\" content=\"2026-03-05T08:01:48+00:00\" \/>\n<meta property=\"og:image\" content=\"https:\/\/women.lv\/wp-content\/uploads\/nc\/catalog\/Beauty-Pharma\/clear-deep-cleansing-face-foam.PNG\" \/>\n\t<meta property=\"og:image:width\" content=\"675\" \/>\n\t<meta property=\"og:image:height\" content=\"689\" \/>\n\t<meta property=\"og:image:type\" content=\"image\/png\" \/>\n<meta name=\"twitter:card\" content=\"summary_large_image\" \/>\n<script type=\"application\/ld+json\" class=\"yoast-schema-graph\">{\"@context\":\"https:\\\/\\\/schema.org\",\"@graph\":[{\"@type\":\"WebPage\",\"@id\":\"https:\\\/\\\/women.lv\\\/product\\\/clear-deep-attirosas-sejas-putas\\\/\",\"url\":\"https:\\\/\\\/women.lv\\\/product\\\/clear-deep-attirosas-sejas-putas\\\/\",\"name\":\"Clear Deep - att\u012bro\u0161as sejas putas\",\"isPartOf\":{\"@id\":\"https:\\\/\\\/women.lv\\\/#website\"},\"primaryImageOfPage\":{\"@id\":\"https:\\\/\\\/women.lv\\\/product\\\/clear-deep-attirosas-sejas-putas\\\/#primaryimage\"},\"image\":{\"@id\":\"https:\\\/\\\/women.lv\\\/product\\\/clear-deep-attirosas-sejas-putas\\\/#primaryimage\"},\"thumbnailUrl\":\"https:\\\/\\\/women.lv\\\/wp-content\\\/uploads\\\/nc\\\/catalog\\\/Beauty-Pharma\\\/clear-deep-cleansing-face-foam.PNG\",\"datePublished\":\"2020-12-09T12:14:51+00:00\",\"dateModified\":\"2026-03-05T08:01:48+00:00\",\"description\":\"M\u0113r\u0137is samazin\u0101t: Plankumus, bl\u0101vumu, taukain\u012bbu, poras, nevienm\u0113r\u012bgu tekst\u016bru. Mirdzo\u0161as, ar antioksidantiem bag\u0101tas att\u012bro\u0161\u0101s putas, lai att\u012br\u012btu, mitrin\u0101tu un atdz\u012bvin\u0101tu \u0101du.\",\"breadcrumb\":{\"@id\":\"https:\\\/\\\/women.lv\\\/product\\\/clear-deep-attirosas-sejas-putas\\\/#breadcrumb\"},\"inLanguage\":\"en-GB\",\"potentialAction\":[{\"@type\":\"ReadAction\",\"target\":[\"https:\\\/\\\/women.lv\\\/product\\\/clear-deep-attirosas-sejas-putas\\\/\"]}]},{\"@type\":\"ImageObject\",\"inLanguage\":\"en-GB\",\"@id\":\"https:\\\/\\\/women.lv\\\/product\\\/clear-deep-attirosas-sejas-putas\\\/#primaryimage\",\"url\":\"https:\\\/\\\/women.lv\\\/wp-content\\\/uploads\\\/nc\\\/catalog\\\/Beauty-Pharma\\\/clear-deep-cleansing-face-foam.PNG\",\"contentUrl\":\"https:\\\/\\\/women.lv\\\/wp-content\\\/uploads\\\/nc\\\/catalog\\\/Beauty-Pharma\\\/clear-deep-cleansing-face-foam.PNG\",\"width\":675,\"height\":689,\"caption\":\"Clear Deep - att\u012bro\u0161as sejas putas\"},{\"@type\":\"BreadcrumbList\",\"@id\":\"https:\\\/\\\/women.lv\\\/product\\\/clear-deep-attirosas-sejas-putas\\\/#breadcrumb\",\"itemListElement\":[{\"@type\":\"ListItem\",\"position\":1,\"name\":\"Home\",\"item\":\"https:\\\/\\\/women.lv\\\/\"},{\"@type\":\"ListItem\",\"position\":2,\"name\":\"Products\",\"item\":\"https:\\\/\\\/women.lv\\\/en\\\/shop\\\/\"},{\"@type\":\"ListItem\",\"position\":3,\"name\":\"Clear Deep &#8211; att\u012bro\u0161as sejas putas\"}]},{\"@type\":\"WebSite\",\"@id\":\"https:\\\/\\\/women.lv\\\/#website\",\"url\":\"https:\\\/\\\/women.lv\\\/\",\"name\":\"Women Veikals\",\"description\":\"Uzdr\u012bksties b\u016bt skaista\",\"potentialAction\":[{\"@type\":\"SearchAction\",\"target\":{\"@type\":\"EntryPoint\",\"urlTemplate\":\"https:\\\/\\\/women.lv\\\/?s={search_term_string}\"},\"query-input\":{\"@type\":\"PropertyValueSpecification\",\"valueRequired\":true,\"valueName\":\"search_term_string\"}}],\"inLanguage\":\"en-GB\"}]}<\/script>\n<!-- \/ Yoast SEO plugin. -->","yoast_head_json":{"title":"Clear Deep - cleansing facial foam","description":"M\u0113r\u0137is samazin\u0101t: Plankumus, bl\u0101vumu, taukain\u012bbu, poras, nevienm\u0113r\u012bgu tekst\u016bru. Mirdzo\u0161as, ar antioksidantiem bag\u0101tas att\u012bro\u0161\u0101s putas, lai att\u012br\u012btu, mitrin\u0101tu un atdz\u012bvin\u0101tu \u0101du.","robots":{"index":"index","follow":"follow","max-snippet":"max-snippet:-1","max-image-preview":"max-image-preview:large","max-video-preview":"max-video-preview:-1"},"canonical":"https:\/\/women.lv\/en\/product\/clear-deep-attirosas-sejas-putas\/","og_locale":"en_GB","og_type":"article","og_title":"Clear Deep - att\u012bro\u0161as sejas putas","og_description":"M\u0113r\u0137is samazin\u0101t: Plankumus, bl\u0101vumu, taukain\u012bbu, poras, nevienm\u0113r\u012bgu tekst\u016bru. Mirdzo\u0161as, ar antioksidantiem bag\u0101tas att\u012bro\u0161\u0101s putas, lai att\u012br\u012btu, mitrin\u0101tu un atdz\u012bvin\u0101tu \u0101du.","og_url":"https:\/\/women.lv\/en\/product\/clear-deep-attirosas-sejas-putas\/","og_site_name":"Women Veikals","article_modified_time":"2026-03-05T08:01:48+00:00","og_image":[{"width":675,"height":689,"url":"https:\/\/women.lv\/wp-content\/uploads\/nc\/catalog\/Beauty-Pharma\/clear-deep-cleansing-face-foam.PNG","type":"image\/png"}],"twitter_card":"summary_large_image","schema":{"@context":"https:\/\/schema.org","@graph":[{"@type":"WebPage","@id":"https:\/\/women.lv\/product\/clear-deep-attirosas-sejas-putas\/","url":"https:\/\/women.lv\/product\/clear-deep-attirosas-sejas-putas\/","name":"Clear Deep - cleansing facial foam","isPartOf":{"@id":"https:\/\/women.lv\/#website"},"primaryImageOfPage":{"@id":"https:\/\/women.lv\/product\/clear-deep-attirosas-sejas-putas\/#primaryimage"},"image":{"@id":"https:\/\/women.lv\/product\/clear-deep-attirosas-sejas-putas\/#primaryimage"},"thumbnailUrl":"https:\/\/women.lv\/wp-content\/uploads\/nc\/catalog\/Beauty-Pharma\/clear-deep-cleansing-face-foam.PNG","datePublished":"2020-12-09T12:14:51+00:00","dateModified":"2026-03-05T08:01:48+00:00","description":"M\u0113r\u0137is samazin\u0101t: Plankumus, bl\u0101vumu, taukain\u012bbu, poras, nevienm\u0113r\u012bgu tekst\u016bru. Mirdzo\u0161as, ar antioksidantiem bag\u0101tas att\u012bro\u0161\u0101s putas, lai att\u012br\u012btu, mitrin\u0101tu un atdz\u012bvin\u0101tu \u0101du.","breadcrumb":{"@id":"https:\/\/women.lv\/product\/clear-deep-attirosas-sejas-putas\/#breadcrumb"},"inLanguage":"en-GB","potentialAction":[{"@type":"ReadAction","target":["https:\/\/women.lv\/product\/clear-deep-attirosas-sejas-putas\/"]}]},{"@type":"ImageObject","inLanguage":"en-GB","@id":"https:\/\/women.lv\/product\/clear-deep-attirosas-sejas-putas\/#primaryimage","url":"https:\/\/women.lv\/wp-content\/uploads\/nc\/catalog\/Beauty-Pharma\/clear-deep-cleansing-face-foam.PNG","contentUrl":"https:\/\/women.lv\/wp-content\/uploads\/nc\/catalog\/Beauty-Pharma\/clear-deep-cleansing-face-foam.PNG","width":675,"height":689,"caption":"Clear Deep - att\u012bro\u0161as sejas putas"},{"@type":"BreadcrumbList","@id":"https:\/\/women.lv\/product\/clear-deep-attirosas-sejas-putas\/#breadcrumb","itemListElement":[{"@type":"ListItem","position":1,"name":"Home","item":"https:\/\/women.lv\/"},{"@type":"ListItem","position":2,"name":"Products","item":"https:\/\/women.lv\/en\/shop\/"},{"@type":"ListItem","position":3,"name":"Clear Deep &#8211; att\u012bro\u0161as sejas putas"}]},{"@type":"WebSite","@id":"https:\/\/women.lv\/#website","url":"https:\/\/women.lv\/","name":"Women Shop","description":"Uzdr\u012bksties b\u016bt skaista","potentialAction":[{"@type":"SearchAction","target":{"@type":"EntryPoint","urlTemplate":"https:\/\/women.lv\/?s={search_term_string}"},"query-input":{"@type":"PropertyValueSpecification","valueRequired":true,"valueName":"search_term_string"}}],"inLanguage":"en-GB"}]}},"_links":{"self":[{"href":"https:\/\/women.lv\/en\/wp-json\/wp\/v2\/product\/28789","targetHints":{"allow":["GET"]}}],"collection":[{"href":"https:\/\/women.lv\/en\/wp-json\/wp\/v2\/product"}],"about":[{"href":"https:\/\/women.lv\/en\/wp-json\/wp\/v2\/types\/product"}],"replies":[{"embeddable":true,"href":"https:\/\/women.lv\/en\/wp-json\/wp\/v2\/comments?post=28789"}],"version-history":[{"count":0,"href":"https:\/\/women.lv\/en\/wp-json\/wp\/v2\/product\/28789\/revisions"}],"wp:featuredmedia":[{"embeddable":true,"href":"https:\/\/women.lv\/en\/wp-json\/wp\/v2\/media\/28790"}],"wp:attachment":[{"href":"https:\/\/women.lv\/en\/wp-json\/wp\/v2\/media?parent=28789"}],"wp:term":[{"taxonomy":"product_brand","embeddable":true,"href":"https:\/\/women.lv\/en\/wp-json\/wp\/v2\/product_brand?post=28789"},{"taxonomy":"product_cat","embeddable":true,"href":"https:\/\/women.lv\/en\/wp-json\/wp\/v2\/product_cat?post=28789"},{"taxonomy":"product_tag","embeddable":true,"href":"https:\/\/women.lv\/en\/wp-json\/wp\/v2\/product_tag?post=28789"}],"curies":[{"name":"wp","href":"https:\/\/api.w.org\/{rel}","templated":true}]}}