{"id":28787,"date":"2020-12-09T11:37:41","date_gmt":"2020-12-09T11:37:41","guid":{"rendered":"https:\/\/women.lv\/?product=fresh-calm-attiross-sejas-gels"},"modified":"2025-11-05T13:26:20","modified_gmt":"2025-11-05T13:26:20","slug":"fresh-calm-attiross-sejas-gels","status":"publish","type":"product","link":"https:\/\/women.lv\/en\/product\/fresh-calm-attiross-sejas-gels\/","title":{"rendered":"Fresh Calm \u2013 cleansing face gel"},"content":{"rendered":"<p><span style=\"font-family: Helvetica;\"><span style=\"font-size: 18px;\"><b>First step 1<\/b><\/span><\/span><\/p>\n<p><span style=\"font-family: Helvetica;\"><span style=\"font-size: 18px; letter-spacing: 0.8px;\">M\u0113r\u0137is samazin\u0101t:\u00a0Iekaisumus, kairin\u0101jumus, pies\u0101r\u0146ojumus, aps\u0101rtumus. Maigs t\u012br\u012b\u0161anas g\u0113ls, lai att\u012br\u012btu, nomierin\u0101tu un atk\u0101rtoti mineraliz\u0113tu jut\u012bgo \u0101du.<\/span><\/span><\/p>\n<ul>\n<li><span style=\"font-family: Helvetica;\"><span style=\"font-size: 18px;\">1% niacinamide<\/span><\/span><\/li>\n<li><span style=\"font-family: Helvetica;\"><span style=\"font-size: 18px;\">2% rose water and chamomile complex<\/span><\/span><\/li>\n<li><span style=\"font-family: Helvetica;\"><span style=\"font-size: 18px;\">+ Bisabolol<\/span><\/span><\/li>\n<li><span style=\"font-family: Helvetica;\"><span style=\"font-size: 18px;\">+ Aloe Vera<\/span><\/span><\/li>\n<li><span style=\"font-family: Helvetica;\"><span style=\"font-size: 18px;\">+ ProVitamin B5\n<p><\/span><\/span><\/li>\n<\/ul>\n<p><span style=\"font-family: Helvetica;\"><span style=\"font-size: 18px;\">Colorant-free, fragrance-free, mineral oil-free, oil-free, paraben-free, sulfate-free<\/span><\/p>\n<p><\/span><\/p>","protected":false},"excerpt":{"rendered":"<p>First step 1 Aim to reduce: Inflammation, irritation, pollution, redness. Gentle cleansing gel to cleanse, soothe and re-mineralize sensitive skin. 1%<\/p>","protected":false},"featured_media":28788,"comment_status":"open","ping_status":"closed","template":"","meta":[],"product_brand":[],"product_cat":[2211,2231,2200,2215],"product_tag":[3407,3408,3415,3416,3450,3451,3452,3412,3413,3417,3414],"class_list":{"0":"post-28787","1":"product","2":"type-product","3":"status-publish","4":"has-post-thumbnail","6":"product_cat-mazgasanas-un-attirisanas-produkti","7":"product_cat-lv-on-sale","8":"product_cat-sejas-kopsanas-lidzekli","9":"product_cat-visi-produkti","10":"product_tag-beauty-pharma","11":"product_tag-bp","12":"product_tag-dermatological-cosmetics","13":"product_tag-dermatologiska-kosmetika","14":"product_tag-fresh-calm-attiross-sejas-gels","15":"product_tag-fresh-calm----","16":"product_tag-fresh-calm--cleansing-face-gel","17":"product_tag-turcija","18":"product_tag-turkey","19":"product_tag-3417","20":"product_tag-3414","21":"pa_brand_nc-beauty-pharma","22":"pa_ean_nc-3449","23":"pa_ean_nc-turkey","25":"first","26":"instock","27":"sale","28":"taxable","29":"shipping-taxable","30":"purchasable","31":"product-type-simple"},"yoast_head":"<!-- This site is optimized with the Yoast SEO plugin v27.4 - https:\/\/yoast.com\/product\/yoast-seo-wordpress\/ -->\n<title>Fresh Calm - att\u012bro\u0161s sejas g\u0113ls<\/title>\n<meta name=\"description\" content=\"M\u0113r\u0137is samazin\u0101t: Iekaisumus, kairin\u0101jumus, pies\u0101r\u0146ojumus, aps\u0101rtumus. Maigs t\u012br\u012b\u0161anas g\u0113ls, lai att\u012br\u012btu, nomierin\u0101tu un atk\u0101rtoti mineraliz\u0113tu jut\u012bgo \u0101du.\" \/>\n<meta name=\"robots\" content=\"index, follow, max-snippet:-1, max-image-preview:large, max-video-preview:-1\" \/>\n<link rel=\"canonical\" href=\"https:\/\/women.lv\/en\/product\/fresh-calm-attiross-sejas-gels\/\" \/>\n<meta property=\"og:locale\" content=\"en_GB\" \/>\n<meta property=\"og:type\" content=\"article\" \/>\n<meta property=\"og:title\" content=\"Fresh Calm - att\u012bro\u0161s sejas g\u0113ls\" \/>\n<meta property=\"og:description\" content=\"M\u0113r\u0137is samazin\u0101t: Iekaisumus, kairin\u0101jumus, pies\u0101r\u0146ojumus, aps\u0101rtumus. Maigs t\u012br\u012b\u0161anas g\u0113ls, lai att\u012br\u012btu, nomierin\u0101tu un atk\u0101rtoti mineraliz\u0113tu jut\u012bgo \u0101du.\" \/>\n<meta property=\"og:url\" content=\"https:\/\/women.lv\/en\/product\/fresh-calm-attiross-sejas-gels\/\" \/>\n<meta property=\"og:site_name\" content=\"Women Veikals\" \/>\n<meta property=\"article:modified_time\" content=\"2025-11-05T13:26:20+00:00\" \/>\n<meta property=\"og:image\" content=\"https:\/\/women.lv\/wp-content\/uploads\/nc\/catalog\/Beauty-Pharma\/fresh-calm-cleansing-face-ge.PNG\" \/>\n\t<meta property=\"og:image:width\" content=\"788\" \/>\n\t<meta property=\"og:image:height\" content=\"786\" \/>\n\t<meta property=\"og:image:type\" content=\"image\/png\" \/>\n<meta name=\"twitter:card\" content=\"summary_large_image\" \/>\n<script type=\"application\/ld+json\" class=\"yoast-schema-graph\">{\"@context\":\"https:\\\/\\\/schema.org\",\"@graph\":[{\"@type\":\"WebPage\",\"@id\":\"https:\\\/\\\/women.lv\\\/product\\\/fresh-calm-attiross-sejas-gels\\\/\",\"url\":\"https:\\\/\\\/women.lv\\\/product\\\/fresh-calm-attiross-sejas-gels\\\/\",\"name\":\"Fresh Calm - att\u012bro\u0161s sejas g\u0113ls\",\"isPartOf\":{\"@id\":\"https:\\\/\\\/women.lv\\\/#website\"},\"primaryImageOfPage\":{\"@id\":\"https:\\\/\\\/women.lv\\\/product\\\/fresh-calm-attiross-sejas-gels\\\/#primaryimage\"},\"image\":{\"@id\":\"https:\\\/\\\/women.lv\\\/product\\\/fresh-calm-attiross-sejas-gels\\\/#primaryimage\"},\"thumbnailUrl\":\"https:\\\/\\\/women.lv\\\/wp-content\\\/uploads\\\/nc\\\/catalog\\\/Beauty-Pharma\\\/fresh-calm-cleansing-face-ge.PNG\",\"datePublished\":\"2020-12-09T11:37:41+00:00\",\"dateModified\":\"2025-11-05T13:26:20+00:00\",\"description\":\"M\u0113r\u0137is samazin\u0101t: Iekaisumus, kairin\u0101jumus, pies\u0101r\u0146ojumus, aps\u0101rtumus. Maigs t\u012br\u012b\u0161anas g\u0113ls, lai att\u012br\u012btu, nomierin\u0101tu un atk\u0101rtoti mineraliz\u0113tu jut\u012bgo \u0101du.\",\"breadcrumb\":{\"@id\":\"https:\\\/\\\/women.lv\\\/product\\\/fresh-calm-attiross-sejas-gels\\\/#breadcrumb\"},\"inLanguage\":\"en-GB\",\"potentialAction\":[{\"@type\":\"ReadAction\",\"target\":[\"https:\\\/\\\/women.lv\\\/product\\\/fresh-calm-attiross-sejas-gels\\\/\"]}]},{\"@type\":\"ImageObject\",\"inLanguage\":\"en-GB\",\"@id\":\"https:\\\/\\\/women.lv\\\/product\\\/fresh-calm-attiross-sejas-gels\\\/#primaryimage\",\"url\":\"https:\\\/\\\/women.lv\\\/wp-content\\\/uploads\\\/nc\\\/catalog\\\/Beauty-Pharma\\\/fresh-calm-cleansing-face-ge.PNG\",\"contentUrl\":\"https:\\\/\\\/women.lv\\\/wp-content\\\/uploads\\\/nc\\\/catalog\\\/Beauty-Pharma\\\/fresh-calm-cleansing-face-ge.PNG\",\"width\":788,\"height\":786,\"caption\":\"Fresh Calm - att\u012bro\u0161s sejas g\u0113ls\"},{\"@type\":\"BreadcrumbList\",\"@id\":\"https:\\\/\\\/women.lv\\\/product\\\/fresh-calm-attiross-sejas-gels\\\/#breadcrumb\",\"itemListElement\":[{\"@type\":\"ListItem\",\"position\":1,\"name\":\"Home\",\"item\":\"https:\\\/\\\/women.lv\\\/\"},{\"@type\":\"ListItem\",\"position\":2,\"name\":\"Products\",\"item\":\"https:\\\/\\\/women.lv\\\/en\\\/shop\\\/\"},{\"@type\":\"ListItem\",\"position\":3,\"name\":\"Fresh Calm &#8211; att\u012bro\u0161s sejas g\u0113ls\"}]},{\"@type\":\"WebSite\",\"@id\":\"https:\\\/\\\/women.lv\\\/#website\",\"url\":\"https:\\\/\\\/women.lv\\\/\",\"name\":\"Women Veikals\",\"description\":\"Uzdr\u012bksties b\u016bt skaista\",\"potentialAction\":[{\"@type\":\"SearchAction\",\"target\":{\"@type\":\"EntryPoint\",\"urlTemplate\":\"https:\\\/\\\/women.lv\\\/?s={search_term_string}\"},\"query-input\":{\"@type\":\"PropertyValueSpecification\",\"valueRequired\":true,\"valueName\":\"search_term_string\"}}],\"inLanguage\":\"en-GB\"}]}<\/script>\n<!-- \/ Yoast SEO plugin. -->","yoast_head_json":{"title":"Fresh Calm - cleansing face gel","description":"M\u0113r\u0137is samazin\u0101t: Iekaisumus, kairin\u0101jumus, pies\u0101r\u0146ojumus, aps\u0101rtumus. Maigs t\u012br\u012b\u0161anas g\u0113ls, lai att\u012br\u012btu, nomierin\u0101tu un atk\u0101rtoti mineraliz\u0113tu jut\u012bgo \u0101du.","robots":{"index":"index","follow":"follow","max-snippet":"max-snippet:-1","max-image-preview":"max-image-preview:large","max-video-preview":"max-video-preview:-1"},"canonical":"https:\/\/women.lv\/en\/product\/fresh-calm-attiross-sejas-gels\/","og_locale":"en_GB","og_type":"article","og_title":"Fresh Calm - att\u012bro\u0161s sejas g\u0113ls","og_description":"M\u0113r\u0137is samazin\u0101t: Iekaisumus, kairin\u0101jumus, pies\u0101r\u0146ojumus, aps\u0101rtumus. Maigs t\u012br\u012b\u0161anas g\u0113ls, lai att\u012br\u012btu, nomierin\u0101tu un atk\u0101rtoti mineraliz\u0113tu jut\u012bgo \u0101du.","og_url":"https:\/\/women.lv\/en\/product\/fresh-calm-attiross-sejas-gels\/","og_site_name":"Women Veikals","article_modified_time":"2025-11-05T13:26:20+00:00","og_image":[{"width":788,"height":786,"url":"https:\/\/women.lv\/wp-content\/uploads\/nc\/catalog\/Beauty-Pharma\/fresh-calm-cleansing-face-ge.PNG","type":"image\/png"}],"twitter_card":"summary_large_image","schema":{"@context":"https:\/\/schema.org","@graph":[{"@type":"WebPage","@id":"https:\/\/women.lv\/product\/fresh-calm-attiross-sejas-gels\/","url":"https:\/\/women.lv\/product\/fresh-calm-attiross-sejas-gels\/","name":"Fresh Calm - cleansing face gel","isPartOf":{"@id":"https:\/\/women.lv\/#website"},"primaryImageOfPage":{"@id":"https:\/\/women.lv\/product\/fresh-calm-attiross-sejas-gels\/#primaryimage"},"image":{"@id":"https:\/\/women.lv\/product\/fresh-calm-attiross-sejas-gels\/#primaryimage"},"thumbnailUrl":"https:\/\/women.lv\/wp-content\/uploads\/nc\/catalog\/Beauty-Pharma\/fresh-calm-cleansing-face-ge.PNG","datePublished":"2020-12-09T11:37:41+00:00","dateModified":"2025-11-05T13:26:20+00:00","description":"M\u0113r\u0137is samazin\u0101t: Iekaisumus, kairin\u0101jumus, pies\u0101r\u0146ojumus, aps\u0101rtumus. Maigs t\u012br\u012b\u0161anas g\u0113ls, lai att\u012br\u012btu, nomierin\u0101tu un atk\u0101rtoti mineraliz\u0113tu jut\u012bgo \u0101du.","breadcrumb":{"@id":"https:\/\/women.lv\/product\/fresh-calm-attiross-sejas-gels\/#breadcrumb"},"inLanguage":"en-GB","potentialAction":[{"@type":"ReadAction","target":["https:\/\/women.lv\/product\/fresh-calm-attiross-sejas-gels\/"]}]},{"@type":"ImageObject","inLanguage":"en-GB","@id":"https:\/\/women.lv\/product\/fresh-calm-attiross-sejas-gels\/#primaryimage","url":"https:\/\/women.lv\/wp-content\/uploads\/nc\/catalog\/Beauty-Pharma\/fresh-calm-cleansing-face-ge.PNG","contentUrl":"https:\/\/women.lv\/wp-content\/uploads\/nc\/catalog\/Beauty-Pharma\/fresh-calm-cleansing-face-ge.PNG","width":788,"height":786,"caption":"Fresh Calm - att\u012bro\u0161s sejas g\u0113ls"},{"@type":"BreadcrumbList","@id":"https:\/\/women.lv\/product\/fresh-calm-attiross-sejas-gels\/#breadcrumb","itemListElement":[{"@type":"ListItem","position":1,"name":"Home","item":"https:\/\/women.lv\/"},{"@type":"ListItem","position":2,"name":"Products","item":"https:\/\/women.lv\/en\/shop\/"},{"@type":"ListItem","position":3,"name":"Fresh Calm &#8211; att\u012bro\u0161s sejas g\u0113ls"}]},{"@type":"WebSite","@id":"https:\/\/women.lv\/#website","url":"https:\/\/women.lv\/","name":"Women Shop","description":"Uzdr\u012bksties b\u016bt skaista","potentialAction":[{"@type":"SearchAction","target":{"@type":"EntryPoint","urlTemplate":"https:\/\/women.lv\/?s={search_term_string}"},"query-input":{"@type":"PropertyValueSpecification","valueRequired":true,"valueName":"search_term_string"}}],"inLanguage":"en-GB"}]}},"_links":{"self":[{"href":"https:\/\/women.lv\/en\/wp-json\/wp\/v2\/product\/28787","targetHints":{"allow":["GET"]}}],"collection":[{"href":"https:\/\/women.lv\/en\/wp-json\/wp\/v2\/product"}],"about":[{"href":"https:\/\/women.lv\/en\/wp-json\/wp\/v2\/types\/product"}],"replies":[{"embeddable":true,"href":"https:\/\/women.lv\/en\/wp-json\/wp\/v2\/comments?post=28787"}],"version-history":[{"count":0,"href":"https:\/\/women.lv\/en\/wp-json\/wp\/v2\/product\/28787\/revisions"}],"wp:featuredmedia":[{"embeddable":true,"href":"https:\/\/women.lv\/en\/wp-json\/wp\/v2\/media\/28788"}],"wp:attachment":[{"href":"https:\/\/women.lv\/en\/wp-json\/wp\/v2\/media?parent=28787"}],"wp:term":[{"taxonomy":"product_brand","embeddable":true,"href":"https:\/\/women.lv\/en\/wp-json\/wp\/v2\/product_brand?post=28787"},{"taxonomy":"product_cat","embeddable":true,"href":"https:\/\/women.lv\/en\/wp-json\/wp\/v2\/product_cat?post=28787"},{"taxonomy":"product_tag","embeddable":true,"href":"https:\/\/women.lv\/en\/wp-json\/wp\/v2\/product_tag?post=28787"}],"curies":[{"name":"wp","href":"https:\/\/api.w.org\/{rel}","templated":true}]}}