{"id":28781,"date":"2020-12-09T09:59:21","date_gmt":"2020-12-09T09:59:21","guid":{"rendered":"https:\/\/women.lv\/?product=01-retinola-vieglais-anti-novecosanas-serums"},"modified":"2026-03-21T11:49:17","modified_gmt":"2026-03-21T09:49:17","slug":"0-1-retinola-vieglais-anti-novecosanas-serums","status":"publish","type":"product","link":"https:\/\/women.lv\/en\/product\/0-1-retinola-vieglais-anti-novecosanas-serums\/","title":{"rendered":"0.1% Retinol Light Anti-Aging Serum"},"content":{"rendered":"<p><span style=\"font-family: Helvetica;\"><span style=\"font-size: 18px;\"><b>Third step 3<\/b><\/span><\/span><\/p>\n<p><span style=\"font-family: Helvetica;\"><span style=\"font-size: 18px; letter-spacing: 0.8px;\">Aim to reduce: Dullness, fine lines, loss of firmness, uneven texture, wrinkles. A nighttime retinoid serum that fights the appearance of wrinkles and reduces the appearance of imperfections without skin irritation or sensitivity.<\/span><\/span><\/p>\n<ul>\n<li><span style=\"font-family: Helvetica;\"><span style=\"font-size: 18px;\">0.5% Vitamin A<\/span><\/span><\/li>\n<li><span style=\"font-family: Helvetica;\"><span style=\"font-size: 18px;\">1% squalane<\/span><\/span><\/li>\n<li><span style=\"font-family: Helvetica;\"><span style=\"font-size: 18px;\">+ Hyaluronic acid<\/span><\/span><\/li>\n<li><span style=\"font-family: Helvetica;\"><span style=\"font-size: 18px;\">+ Acetylhexapeptide-8<\/span><\/span><\/li>\n<li><span style=\"font-family: Helvetica;\"><span style=\"font-size: 18px;\">+ ProVitamin B5\n<p><\/span><\/span><\/li>\n<\/ul>\n<p><span style=\"font-family: Helvetica;\"><span style=\"font-size: 18px;\">Colorant-free, essential oil-free, fragrance-free, mineral oil-free, paraben-free, PEG-free, silicone-free, sulfate-free<\/span><\/span><\/p>","protected":false},"excerpt":{"rendered":"<p>Step Three 3 Aim to reduce: Dullness, fine lines, loss of firmness, uneven texture, wrinkles. A nighttime retinoid serum that fights wrinkles<\/p>","protected":false},"featured_media":28782,"comment_status":"open","ping_status":"closed","template":"","meta":[],"product_brand":[],"product_cat":[2231,2201,2200,2215],"product_tag":[3439,3440,3438,3407,3408,3415,3416,3412,3413,3417,3414],"class_list":{"0":"post-28781","1":"product","2":"type-product","3":"status-publish","4":"has-post-thumbnail","6":"product_cat-lv-on-sale","7":"product_cat-pretnovecosanas-un-pretgrumbu","8":"product_cat-sejas-kopsanas-lidzekli","9":"product_cat-visi-produkti","10":"product_tag-01-retinol-light-anti-aging-serum","11":"product_tag-01-retinola-vieglais-anti-novecosanas-serums","12":"product_tag-01----","13":"product_tag-beauty-pharma","14":"product_tag-bp","15":"product_tag-dermatological-cosmetics","16":"product_tag-dermatologiska-kosmetika","17":"product_tag-turcija","18":"product_tag-turkey","19":"product_tag-3417","20":"product_tag-3414","21":"pa_brand_nc-beauty-pharma","22":"pa_ean_nc-3437","23":"pa_ean_nc-turkey","25":"first","26":"outofstock","27":"sale","28":"taxable","29":"shipping-taxable","30":"purchasable","31":"product-type-simple"},"yoast_head":"<!-- This site is optimized with the Yoast SEO plugin v27.4 - https:\/\/yoast.com\/product\/yoast-seo-wordpress\/ -->\n<title>0.1% retinola vieglais anti-noveco\u0161an\u0101s serums<\/title>\n<meta name=\"description\" content=\"M\u0113r\u0137is samazin\u0101t: Bl\u0101vumu, smalkas l\u012bnijas, stingr\u012bbas zudumu, nevienm\u0113r\u012bgu tekst\u016bru, grumbas. Retino\u012bdu serums nakts lieto\u0161anai, kas c\u012bn\u0101s ar grumbu par\u0101d\u012b\u0161anos un samazina nepiln\u012bbas izskatu bez \u0101das kairin\u0101juma vai jut\u012bguma.\" \/>\n<meta name=\"robots\" content=\"index, follow, max-snippet:-1, max-image-preview:large, max-video-preview:-1\" \/>\n<link rel=\"canonical\" href=\"https:\/\/women.lv\/en\/product\/0-1-retinola-vieglais-anti-novecosanas-serums\/\" \/>\n<meta property=\"og:locale\" content=\"en_GB\" \/>\n<meta property=\"og:type\" content=\"article\" \/>\n<meta property=\"og:title\" content=\"0.1% retinola vieglais anti-noveco\u0161an\u0101s serums\" \/>\n<meta property=\"og:description\" content=\"M\u0113r\u0137is samazin\u0101t: Bl\u0101vumu, smalkas l\u012bnijas, stingr\u012bbas zudumu, nevienm\u0113r\u012bgu tekst\u016bru, grumbas. Retino\u012bdu serums nakts lieto\u0161anai, kas c\u012bn\u0101s ar grumbu par\u0101d\u012b\u0161anos un samazina nepiln\u012bbas izskatu bez \u0101das kairin\u0101juma vai jut\u012bguma.\" \/>\n<meta property=\"og:url\" content=\"https:\/\/women.lv\/en\/product\/0-1-retinola-vieglais-anti-novecosanas-serums\/\" \/>\n<meta property=\"og:site_name\" content=\"Women Veikals\" \/>\n<meta property=\"article:modified_time\" content=\"2026-03-21T09:49:17+00:00\" \/>\n<meta property=\"og:image\" content=\"https:\/\/women.lv\/wp-content\/uploads\/nc\/catalog\/Beauty-Pharma\/0-1-retinol-light-anti-aging-serum-2.PNG\" \/>\n\t<meta property=\"og:image:width\" content=\"672\" \/>\n\t<meta property=\"og:image:height\" content=\"666\" \/>\n\t<meta property=\"og:image:type\" content=\"image\/png\" \/>\n<meta name=\"twitter:card\" content=\"summary_large_image\" \/>\n<script type=\"application\/ld+json\" class=\"yoast-schema-graph\">{\"@context\":\"https:\\\/\\\/schema.org\",\"@graph\":[{\"@type\":\"WebPage\",\"@id\":\"https:\\\/\\\/women.lv\\\/product\\\/0-1-retinola-vieglais-anti-novecosanas-serums\\\/\",\"url\":\"https:\\\/\\\/women.lv\\\/product\\\/0-1-retinola-vieglais-anti-novecosanas-serums\\\/\",\"name\":\"0.1% retinola vieglais anti-noveco\u0161an\u0101s serums\",\"isPartOf\":{\"@id\":\"https:\\\/\\\/women.lv\\\/#website\"},\"primaryImageOfPage\":{\"@id\":\"https:\\\/\\\/women.lv\\\/product\\\/0-1-retinola-vieglais-anti-novecosanas-serums\\\/#primaryimage\"},\"image\":{\"@id\":\"https:\\\/\\\/women.lv\\\/product\\\/0-1-retinola-vieglais-anti-novecosanas-serums\\\/#primaryimage\"},\"thumbnailUrl\":\"https:\\\/\\\/women.lv\\\/wp-content\\\/uploads\\\/nc\\\/catalog\\\/Beauty-Pharma\\\/0-1-retinol-light-anti-aging-serum-2.PNG\",\"datePublished\":\"2020-12-09T09:59:21+00:00\",\"dateModified\":\"2026-03-21T09:49:17+00:00\",\"description\":\"M\u0113r\u0137is samazin\u0101t: Bl\u0101vumu, smalkas l\u012bnijas, stingr\u012bbas zudumu, nevienm\u0113r\u012bgu tekst\u016bru, grumbas. Retino\u012bdu serums nakts lieto\u0161anai, kas c\u012bn\u0101s ar grumbu par\u0101d\u012b\u0161anos un samazina nepiln\u012bbas izskatu bez \u0101das kairin\u0101juma vai jut\u012bguma.\",\"breadcrumb\":{\"@id\":\"https:\\\/\\\/women.lv\\\/product\\\/0-1-retinola-vieglais-anti-novecosanas-serums\\\/#breadcrumb\"},\"inLanguage\":\"en-GB\",\"potentialAction\":[{\"@type\":\"ReadAction\",\"target\":[\"https:\\\/\\\/women.lv\\\/product\\\/0-1-retinola-vieglais-anti-novecosanas-serums\\\/\"]}]},{\"@type\":\"ImageObject\",\"inLanguage\":\"en-GB\",\"@id\":\"https:\\\/\\\/women.lv\\\/product\\\/0-1-retinola-vieglais-anti-novecosanas-serums\\\/#primaryimage\",\"url\":\"https:\\\/\\\/women.lv\\\/wp-content\\\/uploads\\\/nc\\\/catalog\\\/Beauty-Pharma\\\/0-1-retinol-light-anti-aging-serum-2.PNG\",\"contentUrl\":\"https:\\\/\\\/women.lv\\\/wp-content\\\/uploads\\\/nc\\\/catalog\\\/Beauty-Pharma\\\/0-1-retinol-light-anti-aging-serum-2.PNG\",\"width\":672,\"height\":666,\"caption\":\"0.1% retinola vieglais anti-noveco\u0161an\u0101s serums\"},{\"@type\":\"BreadcrumbList\",\"@id\":\"https:\\\/\\\/women.lv\\\/product\\\/0-1-retinola-vieglais-anti-novecosanas-serums\\\/#breadcrumb\",\"itemListElement\":[{\"@type\":\"ListItem\",\"position\":1,\"name\":\"Home\",\"item\":\"https:\\\/\\\/women.lv\\\/\"},{\"@type\":\"ListItem\",\"position\":2,\"name\":\"Products\",\"item\":\"https:\\\/\\\/women.lv\\\/en\\\/shop\\\/\"},{\"@type\":\"ListItem\",\"position\":3,\"name\":\"0.1% retinola vieglais anti-noveco\u0161an\u0101s serums\"}]},{\"@type\":\"WebSite\",\"@id\":\"https:\\\/\\\/women.lv\\\/#website\",\"url\":\"https:\\\/\\\/women.lv\\\/\",\"name\":\"Women Veikals\",\"description\":\"Uzdr\u012bksties b\u016bt skaista\",\"potentialAction\":[{\"@type\":\"SearchAction\",\"target\":{\"@type\":\"EntryPoint\",\"urlTemplate\":\"https:\\\/\\\/women.lv\\\/?s={search_term_string}\"},\"query-input\":{\"@type\":\"PropertyValueSpecification\",\"valueRequired\":true,\"valueName\":\"search_term_string\"}}],\"inLanguage\":\"en-GB\"}]}<\/script>\n<!-- \/ Yoast SEO plugin. -->","yoast_head_json":{"title":"0.1% Retinol Light Anti-Aging Serum","description":"M\u0113r\u0137is samazin\u0101t: Bl\u0101vumu, smalkas l\u012bnijas, stingr\u012bbas zudumu, nevienm\u0113r\u012bgu tekst\u016bru, grumbas. Retino\u012bdu serums nakts lieto\u0161anai, kas c\u012bn\u0101s ar grumbu par\u0101d\u012b\u0161anos un samazina nepiln\u012bbas izskatu bez \u0101das kairin\u0101juma vai jut\u012bguma.","robots":{"index":"index","follow":"follow","max-snippet":"max-snippet:-1","max-image-preview":"max-image-preview:large","max-video-preview":"max-video-preview:-1"},"canonical":"https:\/\/women.lv\/en\/product\/0-1-retinola-vieglais-anti-novecosanas-serums\/","og_locale":"en_GB","og_type":"article","og_title":"0.1% retinola vieglais anti-noveco\u0161an\u0101s serums","og_description":"M\u0113r\u0137is samazin\u0101t: Bl\u0101vumu, smalkas l\u012bnijas, stingr\u012bbas zudumu, nevienm\u0113r\u012bgu tekst\u016bru, grumbas. Retino\u012bdu serums nakts lieto\u0161anai, kas c\u012bn\u0101s ar grumbu par\u0101d\u012b\u0161anos un samazina nepiln\u012bbas izskatu bez \u0101das kairin\u0101juma vai jut\u012bguma.","og_url":"https:\/\/women.lv\/en\/product\/0-1-retinola-vieglais-anti-novecosanas-serums\/","og_site_name":"Women Veikals","article_modified_time":"2026-03-21T09:49:17+00:00","og_image":[{"width":672,"height":666,"url":"https:\/\/women.lv\/wp-content\/uploads\/nc\/catalog\/Beauty-Pharma\/0-1-retinol-light-anti-aging-serum-2.PNG","type":"image\/png"}],"twitter_card":"summary_large_image","schema":{"@context":"https:\/\/schema.org","@graph":[{"@type":"WebPage","@id":"https:\/\/women.lv\/product\/0-1-retinola-vieglais-anti-novecosanas-serums\/","url":"https:\/\/women.lv\/product\/0-1-retinola-vieglais-anti-novecosanas-serums\/","name":"0.1% Retinol Light Anti-Aging Serum","isPartOf":{"@id":"https:\/\/women.lv\/#website"},"primaryImageOfPage":{"@id":"https:\/\/women.lv\/product\/0-1-retinola-vieglais-anti-novecosanas-serums\/#primaryimage"},"image":{"@id":"https:\/\/women.lv\/product\/0-1-retinola-vieglais-anti-novecosanas-serums\/#primaryimage"},"thumbnailUrl":"https:\/\/women.lv\/wp-content\/uploads\/nc\/catalog\/Beauty-Pharma\/0-1-retinol-light-anti-aging-serum-2.PNG","datePublished":"2020-12-09T09:59:21+00:00","dateModified":"2026-03-21T09:49:17+00:00","description":"M\u0113r\u0137is samazin\u0101t: Bl\u0101vumu, smalkas l\u012bnijas, stingr\u012bbas zudumu, nevienm\u0113r\u012bgu tekst\u016bru, grumbas. Retino\u012bdu serums nakts lieto\u0161anai, kas c\u012bn\u0101s ar grumbu par\u0101d\u012b\u0161anos un samazina nepiln\u012bbas izskatu bez \u0101das kairin\u0101juma vai jut\u012bguma.","breadcrumb":{"@id":"https:\/\/women.lv\/product\/0-1-retinola-vieglais-anti-novecosanas-serums\/#breadcrumb"},"inLanguage":"en-GB","potentialAction":[{"@type":"ReadAction","target":["https:\/\/women.lv\/product\/0-1-retinola-vieglais-anti-novecosanas-serums\/"]}]},{"@type":"ImageObject","inLanguage":"en-GB","@id":"https:\/\/women.lv\/product\/0-1-retinola-vieglais-anti-novecosanas-serums\/#primaryimage","url":"https:\/\/women.lv\/wp-content\/uploads\/nc\/catalog\/Beauty-Pharma\/0-1-retinol-light-anti-aging-serum-2.PNG","contentUrl":"https:\/\/women.lv\/wp-content\/uploads\/nc\/catalog\/Beauty-Pharma\/0-1-retinol-light-anti-aging-serum-2.PNG","width":672,"height":666,"caption":"0.1% retinola vieglais anti-noveco\u0161an\u0101s serums"},{"@type":"BreadcrumbList","@id":"https:\/\/women.lv\/product\/0-1-retinola-vieglais-anti-novecosanas-serums\/#breadcrumb","itemListElement":[{"@type":"ListItem","position":1,"name":"Home","item":"https:\/\/women.lv\/"},{"@type":"ListItem","position":2,"name":"Products","item":"https:\/\/women.lv\/en\/shop\/"},{"@type":"ListItem","position":3,"name":"0.1% retinola vieglais anti-noveco\u0161an\u0101s serums"}]},{"@type":"WebSite","@id":"https:\/\/women.lv\/#website","url":"https:\/\/women.lv\/","name":"Women Shop","description":"Uzdr\u012bksties b\u016bt skaista","potentialAction":[{"@type":"SearchAction","target":{"@type":"EntryPoint","urlTemplate":"https:\/\/women.lv\/?s={search_term_string}"},"query-input":{"@type":"PropertyValueSpecification","valueRequired":true,"valueName":"search_term_string"}}],"inLanguage":"en-GB"}]}},"_links":{"self":[{"href":"https:\/\/women.lv\/en\/wp-json\/wp\/v2\/product\/28781","targetHints":{"allow":["GET"]}}],"collection":[{"href":"https:\/\/women.lv\/en\/wp-json\/wp\/v2\/product"}],"about":[{"href":"https:\/\/women.lv\/en\/wp-json\/wp\/v2\/types\/product"}],"replies":[{"embeddable":true,"href":"https:\/\/women.lv\/en\/wp-json\/wp\/v2\/comments?post=28781"}],"version-history":[{"count":0,"href":"https:\/\/women.lv\/en\/wp-json\/wp\/v2\/product\/28781\/revisions"}],"wp:featuredmedia":[{"embeddable":true,"href":"https:\/\/women.lv\/en\/wp-json\/wp\/v2\/media\/28782"}],"wp:attachment":[{"href":"https:\/\/women.lv\/en\/wp-json\/wp\/v2\/media?parent=28781"}],"wp:term":[{"taxonomy":"product_brand","embeddable":true,"href":"https:\/\/women.lv\/en\/wp-json\/wp\/v2\/product_brand?post=28781"},{"taxonomy":"product_cat","embeddable":true,"href":"https:\/\/women.lv\/en\/wp-json\/wp\/v2\/product_cat?post=28781"},{"taxonomy":"product_tag","embeddable":true,"href":"https:\/\/women.lv\/en\/wp-json\/wp\/v2\/product_tag?post=28781"}],"curies":[{"name":"wp","href":"https:\/\/api.w.org\/{rel}","templated":true}]}}