{"id":28768,"date":"2020-12-04T12:17:35","date_gmt":"2020-12-04T12:17:35","guid":{"rendered":"https:\/\/women.lv\/?product=bright-glow-attirosas-sejas-putas"},"modified":"2025-12-06T18:41:07","modified_gmt":"2025-12-06T16:41:07","slug":"bright-glow-attirosas-sejas-putas","status":"publish","type":"product","link":"https:\/\/women.lv\/en\/product\/bright-glow-attirosas-sejas-putas\/","title":{"rendered":"Bright glow \u2013 cleansing face foam"},"content":{"rendered":"<p><span style=\"font-family: Helvetica;\"><span style=\"font-size: 18px;\"><b>First step 1<\/b><\/span><\/span><\/p>\n<p><span style=\"font-family: Helvetica;\"><span style=\"font-size: 18px; letter-spacing: 0.8px;\">Aim to reduce: dryness, dullness, oiliness, pores, uneven texture. A whitening, antioxidant-rich cleansing foam to cleanse, moisturize and revitalize the skin.<\/span><\/span><\/p>\n<ul>\n<li><span style=\"font-family: Helvetica;\"><span style=\"font-size: 18px;\">1% Vitamin C<\/span><\/span><\/li>\n<li><span style=\"font-family: Helvetica;\"><span style=\"font-size: 18px;\">2%\u00a0Ro\u017eu ziedu \u016bdens un gur\u0137u ekstrakts<\/span><\/span><\/li>\n<li><span style=\"font-family: Helvetica;\"><span style=\"font-size: 18px;\">+ Aloe Vera<\/span><\/span><\/li>\n<li><span style=\"font-family: Helvetica;\"><span style=\"font-size: 18px;\">+ ProVitamin B5<\/span><\/span><\/li>\n<li><span style=\"font-family: Helvetica;\"><span style=\"font-size: 18px;\">+ Camellia Sinensis extract<\/span>\n<p><\/span><\/li>\n<\/ul>\n<p><span style=\"font-family: Helvetica;\"><span style=\"font-size: 18px;\">Colorant-free, essential oil-free, fragrance-free, mineral oil-free, paraben-free, PEG-free, silicone-free, sulfate-free<\/span><\/span><\/p>","protected":false},"excerpt":{"rendered":"<p>Step One 1 Aim to reduce: dryness, dullness, oiliness, pores, uneven texture. Whitening, antioxidant-rich cleansing foam for cleansing and moisturizing the skin<\/p>","protected":false},"featured_media":28769,"comment_status":"open","ping_status":"closed","template":"","meta":[],"product_brand":[],"product_cat":[2211,2231,2200,2215],"product_tag":[3407,3408,3411,3410,3409,3415,3416,3412,3413,3417,3414],"class_list":{"0":"post-28768","1":"product","2":"type-product","3":"status-publish","4":"has-post-thumbnail","6":"product_cat-mazgasanas-un-attirisanas-produkti","7":"product_cat-lv-on-sale","8":"product_cat-sejas-kopsanas-lidzekli","9":"product_cat-visi-produkti","10":"product_tag-beauty-pharma","11":"product_tag-bp","12":"product_tag-bright-glow-attirosas-sejas-putas","13":"product_tag-bright-glow----","14":"product_tag-bright-glow--cleansing-face-foam","15":"product_tag-dermatological-cosmetics","16":"product_tag-dermatologiska-kosmetika","17":"product_tag-turcija","18":"product_tag-turkey","19":"product_tag-3417","20":"product_tag-3414","21":"pa_brand_nc-beauty-pharma","22":"pa_ean_nc-3406","23":"pa_ean_nc-turkey","25":"first","26":"instock","27":"sale","28":"taxable","29":"shipping-taxable","30":"purchasable","31":"product-type-simple"},"yoast_head":"<!-- This site is optimized with the Yoast SEO plugin v23.9 - https:\/\/yoast.com\/wordpress\/plugins\/seo\/ -->\n<title>Bright glow - att\u012bro\u0161as sejas putas<\/title>\n<meta name=\"description\" content=\"M\u0113r\u0137is samazin\u0101t: sausums, bl\u0101vums, taukain\u012bba, poras, nevienm\u0113r\u012bga tekst\u016bra. Balino\u0161s, ar antioksidantiem bag\u0101tas att\u012bro\u0161\u0101s putas \u0101das att\u012br\u012b\u0161anai, mitrin\u0101\u0161anai un atdz\u012bvin\u0101\u0161anai.\" \/>\n<meta name=\"robots\" content=\"index, follow, max-snippet:-1, max-image-preview:large, max-video-preview:-1\" \/>\n<link rel=\"canonical\" href=\"https:\/\/women.lv\/en\/product\/bright-glow-attirosas-sejas-putas\/\" \/>\n<meta property=\"og:locale\" content=\"en_GB\" \/>\n<meta property=\"og:type\" content=\"article\" \/>\n<meta property=\"og:title\" content=\"Bright glow - att\u012bro\u0161as sejas putas\" \/>\n<meta property=\"og:description\" content=\"M\u0113r\u0137is samazin\u0101t: sausums, bl\u0101vums, taukain\u012bba, poras, nevienm\u0113r\u012bga tekst\u016bra. Balino\u0161s, ar antioksidantiem bag\u0101tas att\u012bro\u0161\u0101s putas \u0101das att\u012br\u012b\u0161anai, mitrin\u0101\u0161anai un atdz\u012bvin\u0101\u0161anai.\" \/>\n<meta property=\"og:url\" content=\"https:\/\/women.lv\/en\/product\/bright-glow-attirosas-sejas-putas\/\" \/>\n<meta property=\"og:site_name\" content=\"Women Veikals\" \/>\n<meta property=\"article:modified_time\" content=\"2025-12-06T16:41:07+00:00\" \/>\n<meta property=\"og:image\" content=\"https:\/\/women.lv\/wp-content\/uploads\/nc\/catalog\/Beauty-Pharma\/bright-glow-cleansing-face-foam.PNG\" \/>\n\t<meta property=\"og:image:width\" content=\"796\" \/>\n\t<meta property=\"og:image:height\" content=\"794\" \/>\n\t<meta property=\"og:image:type\" content=\"image\/png\" \/>\n<meta name=\"twitter:card\" content=\"summary_large_image\" \/>\n<script type=\"application\/ld+json\" class=\"yoast-schema-graph\">{\"@context\":\"https:\/\/schema.org\",\"@graph\":[{\"@type\":\"WebPage\",\"@id\":\"https:\/\/women.lv\/product\/bright-glow-attirosas-sejas-putas\/\",\"url\":\"https:\/\/women.lv\/product\/bright-glow-attirosas-sejas-putas\/\",\"name\":\"Bright glow - att\u012bro\u0161as sejas putas\",\"isPartOf\":{\"@id\":\"https:\/\/women.lv\/#website\"},\"primaryImageOfPage\":{\"@id\":\"https:\/\/women.lv\/product\/bright-glow-attirosas-sejas-putas\/#primaryimage\"},\"image\":{\"@id\":\"https:\/\/women.lv\/product\/bright-glow-attirosas-sejas-putas\/#primaryimage\"},\"thumbnailUrl\":\"https:\/\/women.lv\/wp-content\/uploads\/nc\/catalog\/Beauty-Pharma\/bright-glow-cleansing-face-foam.PNG\",\"datePublished\":\"2020-12-04T12:17:35+00:00\",\"dateModified\":\"2025-12-06T16:41:07+00:00\",\"description\":\"M\u0113r\u0137is samazin\u0101t: sausums, bl\u0101vums, taukain\u012bba, poras, nevienm\u0113r\u012bga tekst\u016bra. Balino\u0161s, ar antioksidantiem bag\u0101tas att\u012bro\u0161\u0101s putas \u0101das att\u012br\u012b\u0161anai, mitrin\u0101\u0161anai un atdz\u012bvin\u0101\u0161anai.\",\"breadcrumb\":{\"@id\":\"https:\/\/women.lv\/product\/bright-glow-attirosas-sejas-putas\/#breadcrumb\"},\"inLanguage\":\"en-GB\",\"potentialAction\":[{\"@type\":\"ReadAction\",\"target\":[\"https:\/\/women.lv\/product\/bright-glow-attirosas-sejas-putas\/\"]}]},{\"@type\":\"ImageObject\",\"inLanguage\":\"en-GB\",\"@id\":\"https:\/\/women.lv\/product\/bright-glow-attirosas-sejas-putas\/#primaryimage\",\"url\":\"https:\/\/women.lv\/wp-content\/uploads\/nc\/catalog\/Beauty-Pharma\/bright-glow-cleansing-face-foam.PNG\",\"contentUrl\":\"https:\/\/women.lv\/wp-content\/uploads\/nc\/catalog\/Beauty-Pharma\/bright-glow-cleansing-face-foam.PNG\",\"width\":796,\"height\":794,\"caption\":\"Bright glow - att\u012bro\u0161as sejas putas\"},{\"@type\":\"BreadcrumbList\",\"@id\":\"https:\/\/women.lv\/product\/bright-glow-attirosas-sejas-putas\/#breadcrumb\",\"itemListElement\":[{\"@type\":\"ListItem\",\"position\":1,\"name\":\"Home\",\"item\":\"https:\/\/women.lv\/\"},{\"@type\":\"ListItem\",\"position\":2,\"name\":\"Products\",\"item\":\"https:\/\/women.lv\/en\/shop\/\"},{\"@type\":\"ListItem\",\"position\":3,\"name\":\"Bright glow &#8211; att\u012bro\u0161as sejas putas\"}]},{\"@type\":\"WebSite\",\"@id\":\"https:\/\/women.lv\/#website\",\"url\":\"https:\/\/women.lv\/\",\"name\":\"Women Veikals\",\"description\":\"Uzdr\u012bksties b\u016bt skaista\",\"potentialAction\":[{\"@type\":\"SearchAction\",\"target\":{\"@type\":\"EntryPoint\",\"urlTemplate\":\"https:\/\/women.lv\/?s={search_term_string}\"},\"query-input\":{\"@type\":\"PropertyValueSpecification\",\"valueRequired\":true,\"valueName\":\"search_term_string\"}}],\"inLanguage\":\"en-GB\"}]}<\/script>\n<!-- \/ Yoast SEO plugin. -->","yoast_head_json":{"title":"Bright glow - att\u012bro\u0161as sejas putas","description":"M\u0113r\u0137is samazin\u0101t: sausums, bl\u0101vums, taukain\u012bba, poras, nevienm\u0113r\u012bga tekst\u016bra. Balino\u0161s, ar antioksidantiem bag\u0101tas att\u012bro\u0161\u0101s putas \u0101das att\u012br\u012b\u0161anai, mitrin\u0101\u0161anai un atdz\u012bvin\u0101\u0161anai.","robots":{"index":"index","follow":"follow","max-snippet":"max-snippet:-1","max-image-preview":"max-image-preview:large","max-video-preview":"max-video-preview:-1"},"canonical":"https:\/\/women.lv\/en\/product\/bright-glow-attirosas-sejas-putas\/","og_locale":"en_GB","og_type":"article","og_title":"Bright glow - att\u012bro\u0161as sejas putas","og_description":"M\u0113r\u0137is samazin\u0101t: sausums, bl\u0101vums, taukain\u012bba, poras, nevienm\u0113r\u012bga tekst\u016bra. Balino\u0161s, ar antioksidantiem bag\u0101tas att\u012bro\u0161\u0101s putas \u0101das att\u012br\u012b\u0161anai, mitrin\u0101\u0161anai un atdz\u012bvin\u0101\u0161anai.","og_url":"https:\/\/women.lv\/en\/product\/bright-glow-attirosas-sejas-putas\/","og_site_name":"Women Veikals","article_modified_time":"2025-12-06T16:41:07+00:00","og_image":[{"width":796,"height":794,"url":"https:\/\/women.lv\/wp-content\/uploads\/nc\/catalog\/Beauty-Pharma\/bright-glow-cleansing-face-foam.PNG","type":"image\/png"}],"twitter_card":"summary_large_image","schema":{"@context":"https:\/\/schema.org","@graph":[{"@type":"WebPage","@id":"https:\/\/women.lv\/product\/bright-glow-attirosas-sejas-putas\/","url":"https:\/\/women.lv\/product\/bright-glow-attirosas-sejas-putas\/","name":"Bright glow - att\u012bro\u0161as sejas putas","isPartOf":{"@id":"https:\/\/women.lv\/#website"},"primaryImageOfPage":{"@id":"https:\/\/women.lv\/product\/bright-glow-attirosas-sejas-putas\/#primaryimage"},"image":{"@id":"https:\/\/women.lv\/product\/bright-glow-attirosas-sejas-putas\/#primaryimage"},"thumbnailUrl":"https:\/\/women.lv\/wp-content\/uploads\/nc\/catalog\/Beauty-Pharma\/bright-glow-cleansing-face-foam.PNG","datePublished":"2020-12-04T12:17:35+00:00","dateModified":"2025-12-06T16:41:07+00:00","description":"M\u0113r\u0137is samazin\u0101t: sausums, bl\u0101vums, taukain\u012bba, poras, nevienm\u0113r\u012bga tekst\u016bra. Balino\u0161s, ar antioksidantiem bag\u0101tas att\u012bro\u0161\u0101s putas \u0101das att\u012br\u012b\u0161anai, mitrin\u0101\u0161anai un atdz\u012bvin\u0101\u0161anai.","breadcrumb":{"@id":"https:\/\/women.lv\/product\/bright-glow-attirosas-sejas-putas\/#breadcrumb"},"inLanguage":"en-GB","potentialAction":[{"@type":"ReadAction","target":["https:\/\/women.lv\/product\/bright-glow-attirosas-sejas-putas\/"]}]},{"@type":"ImageObject","inLanguage":"en-GB","@id":"https:\/\/women.lv\/product\/bright-glow-attirosas-sejas-putas\/#primaryimage","url":"https:\/\/women.lv\/wp-content\/uploads\/nc\/catalog\/Beauty-Pharma\/bright-glow-cleansing-face-foam.PNG","contentUrl":"https:\/\/women.lv\/wp-content\/uploads\/nc\/catalog\/Beauty-Pharma\/bright-glow-cleansing-face-foam.PNG","width":796,"height":794,"caption":"Bright glow - att\u012bro\u0161as sejas putas"},{"@type":"BreadcrumbList","@id":"https:\/\/women.lv\/product\/bright-glow-attirosas-sejas-putas\/#breadcrumb","itemListElement":[{"@type":"ListItem","position":1,"name":"Home","item":"https:\/\/women.lv\/"},{"@type":"ListItem","position":2,"name":"Products","item":"https:\/\/women.lv\/en\/shop\/"},{"@type":"ListItem","position":3,"name":"Bright glow &#8211; att\u012bro\u0161as sejas putas"}]},{"@type":"WebSite","@id":"https:\/\/women.lv\/#website","url":"https:\/\/women.lv\/","name":"Women Veikals","description":"Uzdr\u012bksties b\u016bt skaista","potentialAction":[{"@type":"SearchAction","target":{"@type":"EntryPoint","urlTemplate":"https:\/\/women.lv\/?s={search_term_string}"},"query-input":{"@type":"PropertyValueSpecification","valueRequired":true,"valueName":"search_term_string"}}],"inLanguage":"en-GB"}]}},"_links":{"self":[{"href":"https:\/\/women.lv\/en\/wp-json\/wp\/v2\/product\/28768","targetHints":{"allow":["GET"]}}],"collection":[{"href":"https:\/\/women.lv\/en\/wp-json\/wp\/v2\/product"}],"about":[{"href":"https:\/\/women.lv\/en\/wp-json\/wp\/v2\/types\/product"}],"replies":[{"embeddable":true,"href":"https:\/\/women.lv\/en\/wp-json\/wp\/v2\/comments?post=28768"}],"version-history":[{"count":1,"href":"https:\/\/women.lv\/en\/wp-json\/wp\/v2\/product\/28768\/revisions"}],"predecessor-version":[{"id":29550,"href":"https:\/\/women.lv\/en\/wp-json\/wp\/v2\/product\/28768\/revisions\/29550"}],"wp:featuredmedia":[{"embeddable":true,"href":"https:\/\/women.lv\/en\/wp-json\/wp\/v2\/media\/28769"}],"wp:attachment":[{"href":"https:\/\/women.lv\/en\/wp-json\/wp\/v2\/media?parent=28768"}],"wp:term":[{"taxonomy":"product_brand","embeddable":true,"href":"https:\/\/women.lv\/en\/wp-json\/wp\/v2\/product_brand?post=28768"},{"taxonomy":"product_cat","embeddable":true,"href":"https:\/\/women.lv\/en\/wp-json\/wp\/v2\/product_cat?post=28768"},{"taxonomy":"product_tag","embeddable":true,"href":"https:\/\/women.lv\/en\/wp-json\/wp\/v2\/product_tag?post=28768"}],"curies":[{"name":"wp","href":"https:\/\/api.w.org\/{rel}","templated":true}]}}