{"id":28753,"date":"2020-11-03T12:37:11","date_gmt":"2020-11-03T12:37:11","guid":{"rendered":"https:\/\/women.lv\/?product=parfimets-mandarinu-un-muskusa-komplekts-4"},"modified":"2025-11-05T13:26:18","modified_gmt":"2025-11-05T13:26:18","slug":"parfimets-mandarinu-un-muskusa-komplekts-4","status":"publish","type":"product","link":"https:\/\/women.lv\/en\/product\/parfimets-mandarinu-un-muskusa-komplekts-4\/","title":{"rendered":"Tangerine and musk perfume set #4"},"content":{"rendered":"<p><span style=\"font-family: Helvetica;\"><span style=\"font-size: 18px;\"><b>The set includes:<\/b><\/span><\/span><\/p>\n<ul>\n<li><span style=\"font-family: Helvetica;\"><span style=\"font-size: 18px;\">Body butter;<\/span><\/span><\/li>\n<li><span style=\"font-family: Helvetica;\"><span style=\"font-size: 18px;\">Shower gel.<\/span><\/span><\/li>\n<\/ul>\n<p><span style=\"font-family: Helvetica;\"><span style=\"font-size: 18px;\"><b><\/p>\n<p>Body butter for skin nourishment<\/b><\/span><\/span><\/p>\n<p><span style=\"font-family: Helvetica;\"><span style=\"font-size: 18px;\">Aromatized body butter that &quot;stimulates your senses&quot;. It has a thick texture that is easily absorbed and does not make your skin greasy. Contains shea butter and coconut oil, which nourish and protect the skin, as well as natural minerals from the Dead Sea. The base of the fragrance is mandarin, bergamot, violet and sandalwood extracts with sweet extracts of vanilla extract, musk and patchouli.\u00a0<\/span><\/span><\/p>\n<ul>\n<li><span style=\"font-family: Helvetica;\"><span style=\"font-size: 18px;\">Easily absorbed and does not make the skin greasy<\/span><\/span><\/li>\n<li><span style=\"font-family: Helvetica;\"><span style=\"font-size: 18px;\">Softens, nourishes and protects the skin<\/span><\/span><\/li>\n<li><span style=\"font-family: Helvetica;\"><span style=\"font-size: 18px;\">For healthier and more elastic skin<\/span><\/span><\/li>\n<li><span style=\"font-family: Helvetica;\"><span style=\"font-size: 18px;\">Long lasting fragrance<\/span><\/span><\/li>\n<\/ul>\n<p><span style=\"font-family: Helvetica;\"><span style=\"font-size: 18px;\"><b>Contains shea butter, coconut oil and Dead Sea minerals<\/b><\/span><\/span><\/p>\n<p><span style=\"font-family: Helvetica;\"><span style=\"font-size: 18px;\">A line of products that stimulate the senses...<\/span><\/span><\/p>\n<p>&nbsp;<\/p>\n<p><span style=\"font-family: Helvetica;\"><span style=\"font-size: 18px;\"><b>Composition:\u00a0<\/b>Water, Mineral oil, Ceteary Alcohol &amp; Sodium Lauryl Sulfate, Stearic Acid. Glyceryl Stearate SE, Isopropyl Myristate, Butyrospermum Parkil (Shea) Butter, Dimethicone, Cetyl Alcohol, Ceteareth-20, Parafin, Fragrance, Cocos Nucitera (Coconut) Oil, Gluconolactone &amp; Sodium Benzoate, Triethanolamine, Dehydroacetic Acid, Pogostemon Cablin Ol, Citric Acid , Maris Sal (Dead sea salt)., Benzyl Benzoate, Coumarin, Hydroxyisohexyl 3-Cyclohexene Carboxaldehyde, Limonene, Linalool, Benzyl Salicylate, Citronellol, Coumarin, Alpha-Isomethyl lonone, Geraniol, Hexyl Cinnamal, Butylphenyl Methylpropional, Benzyl Alcohol. May contain: Red 4, Blue 1, Yellow 10. CI 16255.<\/span><\/span><\/p>\n<p><span style=\"font-family: Helvetica;\"><span style=\"font-size: 18px;\"><b>Usage:\u00a0<\/b>for all skin types.<\/span><\/span><\/p>\n<p><span style=\"font-family: Helvetica;\"><span style=\"font-size: 18px;\"><b>Volume:\u00a0<\/b><\/span><\/span><span style=\"font-family: Helvetica; font-size: 18px;\">250 ml<\/span><\/p>\n<p><span style=\"font-family: Helvetica; font-size: 18px;\">\u00a0<\/span><\/p>\n<p><span style=\"font-family: Helvetica;\"><span style=\"font-size: 18px;\"><b>A refreshing fragrance every day<\/b><\/span><\/span><\/p>\n<p><span style=\"font-family: Helvetica;\"><span style=\"font-size: 18px;\">The shower gel contains gentle cleansing and foaming ingredients that cleanse the skin without drying it out. Enriched with natural Dead Sea minerals to protect and maintain your skin&#039;s natural moisture balance. The fragrance is based on mandarin, bergamot, violet and sandalwood extracts with sweet extracts of vanilla extract, musk and patchouli. A delightful and pampering shower gel that envelops the body with a refreshing scent.<\/span><\/span><\/p>\n<ul>\n<li><span style=\"font-family: Helvetica;\"><span style=\"font-size: 18px;\">Keeps the scent long after the shower<\/span><\/span><\/li>\n<li><span style=\"font-family: Helvetica;\"><span style=\"font-size: 18px;\">Cleanses the skin without drying it<\/span><\/span><\/li>\n<li><span style=\"font-family: Helvetica;\"><span style=\"font-size: 18px;\">Protects and maintains the skin&#039;s natural moisture balance<\/span><\/span><\/li>\n<\/ul>\n<p><span style=\"font-family: Helvetica;\"><span style=\"font-size: 18px;\"><b>\u00a0<\/b><\/span><\/span><\/p>\n<p><span style=\"font-family: Helvetica;\"><span style=\"font-size: 18px;\"><b>The scent of mandarins, bergamot, violets and sandalwood<\/b><\/span><\/span><\/p>\n<p><span style=\"font-family: Helvetica;\"><span style=\"font-size: 18px;\">A line of products that stimulate the senses...<\/span><\/span><\/p>\n<p>&nbsp;<\/p>\n<p><span style=\"font-family: Helvetica;\"><span style=\"font-size: 18px;\"><b>Composition:<\/b>\u00a0Water, Sodium Laureth Sulfate, Sodium Chloride, Propylene Glycol, Cocamidopropyl Betamine, Maris Sal (Dead Sea Salt), Glycerin, Cocamide DEA, Shearic Acid, Methylisothiazolinone &amp; lodopropynyl, Butylcarbamate &amp; Propylene Glycol, Coumarin, Geraniol Linalool, May Contain: Red 4 , Yellow 10, Blue 1.<\/span><\/span><\/p>\n<p><span style=\"font-family: Helvetica;\"><span style=\"font-size: 18px;\"><b>Usage:<\/b>\u00a0apply liberally to the body. Work into a rich lather and then rinse.<\/span><\/span><\/p>\n<p><span style=\"font-family: Helvetica;\"><span style=\"font-size: 18px;\"><b>Volume:<\/b>\u00a0250 ml<\/span><\/span><\/p>","protected":false},"excerpt":{"rendered":"<p>The set includes: Body butter; Shower gel. Body butter for nourishing the skin Aromatized body butter that &quot;stimulates your senses&quot;. It has thick<\/p>","protected":false},"featured_media":28754,"comment_status":"open","ping_status":"closed","template":"","meta":[],"product_brand":[],"product_cat":[2208,2228,2218,2215],"product_tag":[3387,3322,3323,2244,2243,3370,3371,3324,2245,3372],"class_list":{"0":"post-28753","1":"product","2":"type-product","3":"status-publish","4":"has-post-thumbnail","6":"product_cat-kermena-kopsanas-lidzekii","7":"product_cat-komplekti","8":"product_cat-komplekti-davanas","9":"product_cat-visi-produkti","10":"product_tag-3387","11":"product_tag-chic","12":"product_tag-chic-senses","13":"product_tag-israel","14":"product_tag-izraela","15":"product_tag-parfimets-mandarinu-un-muskusa-komplekts","16":"product_tag-perfumed-mandarin-musk-set","17":"product_tag-senses","18":"product_tag-2245","19":"product_tag-3372","20":"pa_brand_nc-chic-senses","21":"pa_ean_nc-3388","22":"pa_ean_nc-israel","24":"first","25":"instock","26":"sale","27":"taxable","28":"shipping-taxable","29":"purchasable","30":"product-type-simple"},"yoast_head":"<!-- This site is optimized with the Yoast SEO plugin v27.5 - https:\/\/yoast.com\/product\/yoast-seo-wordpress\/ -->\n<title>Parfim\u0113ts mandar\u012bnu un muskusa komplekts<\/title>\n<meta name=\"description\" content=\"\u0136erme\u0146a sviests; Du\u0161as \u017eeleja.\" \/>\n<meta name=\"robots\" content=\"index, follow, max-snippet:-1, max-image-preview:large, max-video-preview:-1\" \/>\n<link rel=\"canonical\" href=\"https:\/\/women.lv\/en\/product\/parfimets-mandarinu-un-muskusa-komplekts-4\/\" \/>\n<meta property=\"og:locale\" content=\"en_GB\" \/>\n<meta property=\"og:type\" content=\"article\" \/>\n<meta property=\"og:title\" content=\"Parfim\u0113ts mandar\u012bnu un muskusa komplekts\" \/>\n<meta property=\"og:description\" content=\"\u0136erme\u0146a sviests; Du\u0161as \u017eeleja.\" \/>\n<meta property=\"og:url\" content=\"https:\/\/women.lv\/en\/product\/parfimets-mandarinu-un-muskusa-komplekts-4\/\" \/>\n<meta property=\"og:site_name\" content=\"Women Veikals\" \/>\n<meta property=\"article:modified_time\" content=\"2025-11-05T13:26:18+00:00\" \/>\n<meta property=\"og:image\" content=\"https:\/\/women.lv\/wp-content\/uploads\/nc\/catalog\/CHiC\/Senses\/perfumed-mandarin-musk-set-4.jpeg\" \/>\n\t<meta property=\"og:image:width\" content=\"1200\" \/>\n\t<meta property=\"og:image:height\" content=\"1600\" \/>\n\t<meta property=\"og:image:type\" content=\"image\/jpeg\" \/>\n<meta name=\"twitter:card\" content=\"summary_large_image\" \/>\n<meta name=\"twitter:label1\" content=\"Estimated reading time\" \/>\n\t<meta name=\"twitter:data1\" content=\"2 minutes\" \/>\n<script type=\"application\/ld+json\" class=\"yoast-schema-graph\">{\"@context\":\"https:\\\/\\\/schema.org\",\"@graph\":[{\"@type\":\"WebPage\",\"@id\":\"https:\\\/\\\/women.lv\\\/product\\\/parfimets-mandarinu-un-muskusa-komplekts-4\\\/\",\"url\":\"https:\\\/\\\/women.lv\\\/product\\\/parfimets-mandarinu-un-muskusa-komplekts-4\\\/\",\"name\":\"Parfim\u0113ts mandar\u012bnu un muskusa komplekts\",\"isPartOf\":{\"@id\":\"https:\\\/\\\/women.lv\\\/#website\"},\"primaryImageOfPage\":{\"@id\":\"https:\\\/\\\/women.lv\\\/product\\\/parfimets-mandarinu-un-muskusa-komplekts-4\\\/#primaryimage\"},\"image\":{\"@id\":\"https:\\\/\\\/women.lv\\\/product\\\/parfimets-mandarinu-un-muskusa-komplekts-4\\\/#primaryimage\"},\"thumbnailUrl\":\"https:\\\/\\\/women.lv\\\/wp-content\\\/uploads\\\/nc\\\/catalog\\\/CHiC\\\/Senses\\\/perfumed-mandarin-musk-set-4.jpeg\",\"datePublished\":\"2020-11-03T12:37:11+00:00\",\"dateModified\":\"2025-11-05T13:26:18+00:00\",\"description\":\"\u0136erme\u0146a sviests; Du\u0161as \u017eeleja.\",\"breadcrumb\":{\"@id\":\"https:\\\/\\\/women.lv\\\/product\\\/parfimets-mandarinu-un-muskusa-komplekts-4\\\/#breadcrumb\"},\"inLanguage\":\"en-GB\",\"potentialAction\":[{\"@type\":\"ReadAction\",\"target\":[\"https:\\\/\\\/women.lv\\\/product\\\/parfimets-mandarinu-un-muskusa-komplekts-4\\\/\"]}]},{\"@type\":\"ImageObject\",\"inLanguage\":\"en-GB\",\"@id\":\"https:\\\/\\\/women.lv\\\/product\\\/parfimets-mandarinu-un-muskusa-komplekts-4\\\/#primaryimage\",\"url\":\"https:\\\/\\\/women.lv\\\/wp-content\\\/uploads\\\/nc\\\/catalog\\\/CHiC\\\/Senses\\\/perfumed-mandarin-musk-set-4.jpeg\",\"contentUrl\":\"https:\\\/\\\/women.lv\\\/wp-content\\\/uploads\\\/nc\\\/catalog\\\/CHiC\\\/Senses\\\/perfumed-mandarin-musk-set-4.jpeg\",\"width\":1200,\"height\":1600,\"caption\":\"Parfim\u0113ts mandar\u012bnu un muskusa komplekts #4\"},{\"@type\":\"BreadcrumbList\",\"@id\":\"https:\\\/\\\/women.lv\\\/product\\\/parfimets-mandarinu-un-muskusa-komplekts-4\\\/#breadcrumb\",\"itemListElement\":[{\"@type\":\"ListItem\",\"position\":1,\"name\":\"Home\",\"item\":\"https:\\\/\\\/women.lv\\\/\"},{\"@type\":\"ListItem\",\"position\":2,\"name\":\"Products\",\"item\":\"https:\\\/\\\/women.lv\\\/en\\\/shop\\\/\"},{\"@type\":\"ListItem\",\"position\":3,\"name\":\"Parfim\u0113ts mandar\u012bnu un muskusa komplekts #4\"}]},{\"@type\":\"WebSite\",\"@id\":\"https:\\\/\\\/women.lv\\\/#website\",\"url\":\"https:\\\/\\\/women.lv\\\/\",\"name\":\"Women Veikals\",\"description\":\"Uzdr\u012bksties b\u016bt skaista\",\"potentialAction\":[{\"@type\":\"SearchAction\",\"target\":{\"@type\":\"EntryPoint\",\"urlTemplate\":\"https:\\\/\\\/women.lv\\\/?s={search_term_string}\"},\"query-input\":{\"@type\":\"PropertyValueSpecification\",\"valueRequired\":true,\"valueName\":\"search_term_string\"}}],\"inLanguage\":\"en-GB\"}]}<\/script>\n<!-- \/ Yoast SEO plugin. -->","yoast_head_json":{"title":"Parfim\u0113ts mandar\u012bnu un muskusa komplekts","description":"\u0136erme\u0146a sviests; Du\u0161as \u017eeleja.","robots":{"index":"index","follow":"follow","max-snippet":"max-snippet:-1","max-image-preview":"max-image-preview:large","max-video-preview":"max-video-preview:-1"},"canonical":"https:\/\/women.lv\/en\/product\/parfimets-mandarinu-un-muskusa-komplekts-4\/","og_locale":"en_GB","og_type":"article","og_title":"Parfim\u0113ts mandar\u012bnu un muskusa komplekts","og_description":"\u0136erme\u0146a sviests; Du\u0161as \u017eeleja.","og_url":"https:\/\/women.lv\/en\/product\/parfimets-mandarinu-un-muskusa-komplekts-4\/","og_site_name":"Women Veikals","article_modified_time":"2025-11-05T13:26:18+00:00","og_image":[{"width":1200,"height":1600,"url":"https:\/\/women.lv\/wp-content\/uploads\/nc\/catalog\/CHiC\/Senses\/perfumed-mandarin-musk-set-4.jpeg","type":"image\/jpeg"}],"twitter_card":"summary_large_image","twitter_misc":{"Estimated reading time":"2 minutes"},"schema":{"@context":"https:\/\/schema.org","@graph":[{"@type":"WebPage","@id":"https:\/\/women.lv\/product\/parfimets-mandarinu-un-muskusa-komplekts-4\/","url":"https:\/\/women.lv\/product\/parfimets-mandarinu-un-muskusa-komplekts-4\/","name":"Parfim\u0113ts mandar\u012bnu un muskusa komplekts","isPartOf":{"@id":"https:\/\/women.lv\/#website"},"primaryImageOfPage":{"@id":"https:\/\/women.lv\/product\/parfimets-mandarinu-un-muskusa-komplekts-4\/#primaryimage"},"image":{"@id":"https:\/\/women.lv\/product\/parfimets-mandarinu-un-muskusa-komplekts-4\/#primaryimage"},"thumbnailUrl":"https:\/\/women.lv\/wp-content\/uploads\/nc\/catalog\/CHiC\/Senses\/perfumed-mandarin-musk-set-4.jpeg","datePublished":"2020-11-03T12:37:11+00:00","dateModified":"2025-11-05T13:26:18+00:00","description":"\u0136erme\u0146a sviests; Du\u0161as \u017eeleja.","breadcrumb":{"@id":"https:\/\/women.lv\/product\/parfimets-mandarinu-un-muskusa-komplekts-4\/#breadcrumb"},"inLanguage":"en-GB","potentialAction":[{"@type":"ReadAction","target":["https:\/\/women.lv\/product\/parfimets-mandarinu-un-muskusa-komplekts-4\/"]}]},{"@type":"ImageObject","inLanguage":"en-GB","@id":"https:\/\/women.lv\/product\/parfimets-mandarinu-un-muskusa-komplekts-4\/#primaryimage","url":"https:\/\/women.lv\/wp-content\/uploads\/nc\/catalog\/CHiC\/Senses\/perfumed-mandarin-musk-set-4.jpeg","contentUrl":"https:\/\/women.lv\/wp-content\/uploads\/nc\/catalog\/CHiC\/Senses\/perfumed-mandarin-musk-set-4.jpeg","width":1200,"height":1600,"caption":"Parfim\u0113ts mandar\u012bnu un muskusa komplekts #4"},{"@type":"BreadcrumbList","@id":"https:\/\/women.lv\/product\/parfimets-mandarinu-un-muskusa-komplekts-4\/#breadcrumb","itemListElement":[{"@type":"ListItem","position":1,"name":"Home","item":"https:\/\/women.lv\/"},{"@type":"ListItem","position":2,"name":"Products","item":"https:\/\/women.lv\/en\/shop\/"},{"@type":"ListItem","position":3,"name":"Parfim\u0113ts mandar\u012bnu un muskusa komplekts #4"}]},{"@type":"WebSite","@id":"https:\/\/women.lv\/#website","url":"https:\/\/women.lv\/","name":"Women Shop","description":"Uzdr\u012bksties b\u016bt skaista","potentialAction":[{"@type":"SearchAction","target":{"@type":"EntryPoint","urlTemplate":"https:\/\/women.lv\/?s={search_term_string}"},"query-input":{"@type":"PropertyValueSpecification","valueRequired":true,"valueName":"search_term_string"}}],"inLanguage":"en-GB"}]}},"_links":{"self":[{"href":"https:\/\/women.lv\/en\/wp-json\/wp\/v2\/product\/28753","targetHints":{"allow":["GET"]}}],"collection":[{"href":"https:\/\/women.lv\/en\/wp-json\/wp\/v2\/product"}],"about":[{"href":"https:\/\/women.lv\/en\/wp-json\/wp\/v2\/types\/product"}],"replies":[{"embeddable":true,"href":"https:\/\/women.lv\/en\/wp-json\/wp\/v2\/comments?post=28753"}],"version-history":[{"count":0,"href":"https:\/\/women.lv\/en\/wp-json\/wp\/v2\/product\/28753\/revisions"}],"wp:featuredmedia":[{"embeddable":true,"href":"https:\/\/women.lv\/en\/wp-json\/wp\/v2\/media\/28754"}],"wp:attachment":[{"href":"https:\/\/women.lv\/en\/wp-json\/wp\/v2\/media?parent=28753"}],"wp:term":[{"taxonomy":"product_brand","embeddable":true,"href":"https:\/\/women.lv\/en\/wp-json\/wp\/v2\/product_brand?post=28753"},{"taxonomy":"product_cat","embeddable":true,"href":"https:\/\/women.lv\/en\/wp-json\/wp\/v2\/product_cat?post=28753"},{"taxonomy":"product_tag","embeddable":true,"href":"https:\/\/women.lv\/en\/wp-json\/wp\/v2\/product_tag?post=28753"}],"curies":[{"name":"wp","href":"https:\/\/api.w.org\/{rel}","templated":true}]}}