{"id":28749,"date":"2020-11-03T11:12:50","date_gmt":"2020-11-03T11:12:50","guid":{"rendered":"https:\/\/women.lv\/?product=parfimets-dzintara-magnolijas-komplekts-2"},"modified":"2025-11-05T13:26:18","modified_gmt":"2025-11-05T13:26:18","slug":"parfimets-dzintara-magnolijas-komplekts-2","status":"publish","type":"product","link":"https:\/\/women.lv\/en\/product\/parfimets-dzintara-magnolijas-komplekts-2\/","title":{"rendered":"Perfumed amber magnolia set #2"},"content":{"rendered":"<p><span style=\"font-family: Helvetica;\"><span style=\"font-size: 18px;\"><b>The set includes:<\/b><\/span><\/span><\/p>\n<ul>\n<li><span style=\"font-family: Helvetica;\"><span style=\"font-size: 18px;\">Body butter;<\/span><\/span><\/li>\n<li><span style=\"font-family: Helvetica;\"><span style=\"font-size: 18px;\">shower gel;<\/span><\/span><\/li>\n<li><span style=\"font-family: Helvetica;\"><span style=\"font-size: 18px;\">Body lotion.\n<p><\/span><\/span><\/li>\n<\/ul>\n<p><span style=\"font-family: Helvetica;\"><span style=\"font-size: 18px;\"><b>\u00a0<\/b><\/span><\/span><\/p>\n<p><span style=\"font-family: Helvetica;\"><span style=\"font-size: 18px;\"><b>Body butter for skin nourishment<\/b><\/span><\/span><\/p>\n<p><span style=\"font-family: Helvetica;\"><span style=\"font-size: 18px;\">Aromatiz\u0113ts \u0137erme\u0146a sviests, kur\u0161 &#8220;stimul\u0113 J\u016bsu ma\u0146as&#8221;.\u00a0 Tam ir bieza tekst\u016bra, kas viegli uzs\u016bcas un nepadara J\u016bsu \u0101du taukainu. Satur \u0161\u012b sviestu un kokosriekstu e\u013c\u013cu, kuras baro un aizsarg\u0101 \u0101du, k\u0101 ar\u012b dabiskos miner\u0101lus no N\u0101ves j\u016bras.\u00a0Pamatojas uz saldu, smar\u017e\u012bgu magnoliju un nosl\u0113pumain\u0101 dzintara ekstraktiem, kas vijas ar greipfr\u016btu un lotosa ziedu arom\u0101tu.<\/span><\/span><\/p>\n<ul>\n<li><span style=\"font-family: Helvetica;\"><span style=\"font-size: 18px;\">Easily absorbed and does not make the skin greasy<\/span><\/span><\/li>\n<li><span style=\"font-family: Helvetica;\"><span style=\"font-size: 18px;\">Softens, nourishes and protects the skin<\/span><\/span><\/li>\n<li><span style=\"font-family: Helvetica;\"><span style=\"font-size: 18px;\">For healthier and more elastic skin<\/span><\/span><\/li>\n<li><span style=\"font-family: Helvetica;\"><span style=\"font-size: 18px;\">Long lasting fragrance<\/span><\/span><\/li>\n<\/ul>\n<p><span style=\"font-family: Helvetica;\"><span style=\"font-size: 18px;\"><b>Contains shea butter, coconut oil and Dead Sea minerals<\/b><\/span><\/span><\/p>\n<p><span style=\"font-family: Helvetica;\"><span style=\"font-size: 18px;\">A line of products that stimulate the senses...<\/span><\/span><\/p>\n<p>&nbsp;<\/p>\n<p><span style=\"font-family: Helvetica;\"><span style=\"font-size: 18px;\"><b>Composition:\u00a0<\/b>Water, Mineral oil, Ceteary Alcohol &amp; Sodium Lauryl Sulfate, Stearic Acid. Glyceryl Stearate SE, Isopropyl Myristate, Butyrospermum Parkil (Shea) Butter, Dimethicone, Cetyl Alcohol, Ceteareth-20, Parafin, Fragrance, Cocos Nucitera (Coconut) Oil, Gluconolactone &amp; Sodium Benzoate, Triethanolamine, Dehydroacetic Acid, Pogostemon Cablin Ol, Citric Acid , Maris Sal (Dead sea salt)., Benzyl Benzoate, Coumarin, Hydroxyisohexyl 3-Cyclohexene Carboxaldehyde, Limonene, Linalool, Benzyl Salicylate, Citronellol, Coumarin, Alpha-Isomethyl lonone, Geraniol, Hexyl Cinnamal, Butylphenyl Methylpropional, Benzyl Alcohol. May contain: Red 4, Blue 1, Yellow 10. CI 16255.<\/span><\/span><\/p>\n<p><span style=\"font-family: Helvetica;\"><span style=\"font-size: 18px;\"><b>Usage:\u00a0<\/b>Apply an adequate amount of butter to the skin, especially on dry areas, and massage until completely absorbed. Suitable for all skin types.<\/span><\/span><\/p>\n<p><span style=\"font-family: Helvetica;\"><span style=\"font-size: 18px;\"><b>Volume:\u00a0<\/b><\/span><\/span><span style=\"font-family: Helvetica; font-size: 18px;\">250 ml<\/span><\/p>\n<p><span style=\"font-family: Helvetica; font-size: 18px;\">\u00a0<\/span><\/p>\n<p><span style=\"font-family: Helvetica;\"><span style=\"font-size: 18px;\"><b>A refreshing fragrance every day<\/b><\/span><\/span><\/p>\n<p><span style=\"font-family: Helvetica;\"><span style=\"font-size: 18px;\">Du\u0161as \u017eeleja satur maigas att\u012bro\u0161as un putojo\u0161as sast\u0101vda\u013cas, kas att\u012bra \u0101du, to nesausinot. Bag\u0101tin\u0101ts ar dab\u012bg\u0101m N\u0101ves j\u016bras miner\u0101lviel\u0101m, lai aizsarg\u0101tu un uztur\u0113tu j\u016bsu \u0101das dabisko mitruma l\u012bdzsvaru. Arom\u0101ta pamat\u0101 smar\u017e\u012bgu magnoliju un nosl\u0113pumain\u0101 dzintara ekstrakti, kas papildin\u0101ti ar greipfr\u016btu un lotosa ziedu arom\u0101tu.\u00a0Apburo\u0161a un lutino\u0161a du\u0161as \u017eeleja, kas ap\u0146em \u0137ermeni ar atsvaidzino\u0161u smar\u017eu.<\/span><\/span><\/p>\n<ul>\n<li><span style=\"font-family: Helvetica;\"><span style=\"font-size: 18px;\">Keeps the scent long after the shower<\/span><\/span><\/li>\n<li><span style=\"font-family: Helvetica;\"><span style=\"font-size: 18px;\">Cleanses the skin without drying it<\/span><\/span><\/li>\n<li><span style=\"font-family: Helvetica;\"><span style=\"font-size: 18px;\">Protects and maintains the skin&#039;s natural moisture balance<\/span><\/span><\/li>\n<\/ul>\n<p><span style=\"font-family: Helvetica;\"><span style=\"font-size: 18px;\">A line of products that stimulate the senses...<\/span><\/span><\/p>\n<p>&nbsp;<\/p>\n<p><span style=\"font-family: Helvetica;\"><span style=\"font-size: 18px;\"><b>Composition:<\/b>\u00a0Water, Sodium Laureth Sulfate, Sodium Chloride, Propylene Glycol, Cocamidopropyl Betamine, Maris Sal (Dead Sea Salt), Glycerin, Cocamide DEA, Shearic Acid, Methylisothiazolinone &amp; lodopropynyl, Butylcarbamate &amp; Propylene Glycol, Coumarin, Geraniol Linalool, May Contain: Red 4 , Yellow 10, Blue 1.<\/span><\/span><\/p>\n<p><span style=\"font-family: Helvetica;\"><span style=\"font-size: 18px;\"><b>Usage:<\/b>\u00a0apply liberally to the body. Work into a rich lather and then rinse.<\/span><\/span><\/p>\n<p><span style=\"font-family: Helvetica;\"><span style=\"font-size: 18px;\"><b>Volume:<\/b>\u00a0250 ml<\/span><\/span><\/p>\n<p><span style=\"font-family: Helvetica;\"><span style=\"font-size: 18px;\">\u00a0<\/span><\/span><\/p>\n<p><span style=\"font-family: Helvetica;\"><span style=\"font-size: 18px;\"><b>Very light texture and easily absorbed<\/b><\/span><\/span><\/p>\n<p><span style=\"font-family: Helvetica;\"><span style=\"font-size: 18px;\">An aromatic body lotion that stimulates the senses, with a very light texture that easily absorbs into the skin. Contains protective and nourishing ingredients, vitamin E to protect the skin and natural minerals from the Dead Sea to balance the skin&#039;s natural moisture levels. Fragrance is based on<\/span><\/span><span style=\"font-family: Helvetica; font-size: 18px;\">\u00a0extracts of fragrant magnolia and mysterious amber, complemented by the aroma of grapefruit and lotus flowers.<\/span><span style=\"font-family: Helvetica;\"><span style=\"font-size: 18px;\">\u00a0A wonderful body lotion that will leave your skin soft and supple with a long-lasting fragrance.<\/span><\/span><\/p>\n<ul>\n<li><span style=\"font-family: Helvetica;\"><span style=\"font-size: 18px;\">Easily absorbed and non-greasy<\/span><\/span><\/li>\n<li><span style=\"font-family: Helvetica;\"><span style=\"font-size: 18px;\">Contains vitamin E and natural Dead Sea minerals<\/span><\/span><\/li>\n<li><span style=\"font-family: Helvetica;\"><span style=\"font-size: 18px;\">The scent of mandarins, bergamot, violets and musk<\/span><\/span><\/li>\n<li><span style=\"font-family: Helvetica;\"><span style=\"font-size: 18px;\">Leaves the skin soft, supple and with a long-lasting fragrance<\/span><\/span><\/li>\n<\/ul>\n<p><span style=\"font-family: Helvetica;\"><span style=\"font-size: 18px;\">A line of products that stimulate the senses...<\/span><\/span><\/p>\n<p><span style=\"font-family: Helvetica;\">\u00a0<\/span><\/p>\n<p><span style=\"font-family: Helvetica;\"><span style=\"font-size: 18px;\"><b>Composition:\u00a0<\/b>Water, Propylene Glycol, Isopropyl Myristate, Glycol Stearate, Ammonium Lactate, Caprylic\/Capric Trghyceride, Cetyl Alcohol, Ceteareth-20, Fragrance, Maris sal (Dead Sea Salt), BHT, Tocopheryl Acetate (Vitamn E), Methylisothiazolinone &amp; lodopropynyl Butylcarbamate &amp; Propylene Glycol. May contain: Yellow 10, Red 4, Bue 1.<\/span><\/span><\/p>\n<p><span style=\"font-family: Helvetica;\"><span style=\"font-size: 18px;\"><b>Usage:\u00a0<\/b>Apply an adequate amount and massage all over the body until absorbed. For everyday use. Suitable for all skin types<\/span><\/span><\/p>\n<p><span style=\"font-family: Helvetica;\"><span style=\"font-size: 18px;\"><b>Volume:<\/b>\u00a0250 ml<\/span><\/span><\/p>","protected":false},"excerpt":{"rendered":"<p>The set includes: Body butter; shower gel; Body lotion.  Body butter for nourishing the skin Aromatized body butter that &quot;stimulates your senses&quot;.\u00a0<\/p>","protected":false},"featured_media":28750,"comment_status":"open","ping_status":"closed","template":"","meta":[],"product_brand":[],"product_cat":[2208,2228,2218,2215],"product_tag":[3373,3322,3323,2244,2243,3384,3383,3324,2245,3385],"class_list":{"0":"post-28749","1":"product","2":"type-product","3":"status-publish","4":"has-post-thumbnail","6":"product_cat-kermena-kopsanas-lidzekii","7":"product_cat-komplekti","8":"product_cat-komplekti-davanas","9":"product_cat-visi-produkti","10":"product_tag-3373","11":"product_tag-chic","12":"product_tag-chic-senses","13":"product_tag-israel","14":"product_tag-izraela","15":"product_tag-parfimets-dzintara-magnolijas-komplekts","16":"product_tag-perfumed-magnolia-amber-set","17":"product_tag-senses","18":"product_tag-2245","19":"product_tag-3385","20":"pa_brand_nc-chic-senses","21":"pa_ean_nc-4063","23":"first","24":"instock","25":"sale","26":"taxable","27":"shipping-taxable","28":"purchasable","29":"product-type-simple"},"yoast_head":"<!-- This site is optimized with the Yoast SEO plugin v23.9 - https:\/\/yoast.com\/wordpress\/plugins\/seo\/ -->\n<title>Parfim\u0113ts dzintara magnolijas komplekts<\/title>\n<meta name=\"description\" content=\"\u0136erme\u0146a sviests; Du\u0161as \u017eeleja; \u0136erme\u0146a losjons.\" \/>\n<meta name=\"robots\" content=\"index, follow, max-snippet:-1, max-image-preview:large, max-video-preview:-1\" \/>\n<link rel=\"canonical\" href=\"https:\/\/women.lv\/en\/product\/parfimets-dzintara-magnolijas-komplekts-2\/\" \/>\n<meta property=\"og:locale\" content=\"en_GB\" \/>\n<meta property=\"og:type\" content=\"article\" \/>\n<meta property=\"og:title\" content=\"Parfim\u0113ts dzintara magnolijas komplekts\" \/>\n<meta property=\"og:description\" content=\"\u0136erme\u0146a sviests; Du\u0161as \u017eeleja; \u0136erme\u0146a losjons.\" \/>\n<meta property=\"og:url\" content=\"https:\/\/women.lv\/en\/product\/parfimets-dzintara-magnolijas-komplekts-2\/\" \/>\n<meta property=\"og:site_name\" content=\"Women Veikals\" \/>\n<meta property=\"article:modified_time\" content=\"2025-11-05T13:26:18+00:00\" \/>\n<meta property=\"og:image\" content=\"https:\/\/women.lv\/wp-content\/uploads\/nc\/catalog\/CHiC\/Senses\/perfumed-magnolia-amber-set-2.jpeg\" \/>\n\t<meta property=\"og:image:width\" content=\"1200\" \/>\n\t<meta property=\"og:image:height\" content=\"1600\" \/>\n\t<meta property=\"og:image:type\" content=\"image\/jpeg\" \/>\n<meta name=\"twitter:card\" content=\"summary_large_image\" \/>\n<meta name=\"twitter:label1\" content=\"Estimated reading time\" \/>\n\t<meta name=\"twitter:data1\" content=\"3 minutes\" \/>\n<script type=\"application\/ld+json\" class=\"yoast-schema-graph\">{\"@context\":\"https:\/\/schema.org\",\"@graph\":[{\"@type\":\"WebPage\",\"@id\":\"https:\/\/women.lv\/product\/parfimets-dzintara-magnolijas-komplekts-2\/\",\"url\":\"https:\/\/women.lv\/product\/parfimets-dzintara-magnolijas-komplekts-2\/\",\"name\":\"Parfim\u0113ts dzintara magnolijas komplekts\",\"isPartOf\":{\"@id\":\"https:\/\/women.lv\/#website\"},\"primaryImageOfPage\":{\"@id\":\"https:\/\/women.lv\/product\/parfimets-dzintara-magnolijas-komplekts-2\/#primaryimage\"},\"image\":{\"@id\":\"https:\/\/women.lv\/product\/parfimets-dzintara-magnolijas-komplekts-2\/#primaryimage\"},\"thumbnailUrl\":\"https:\/\/women.lv\/wp-content\/uploads\/nc\/catalog\/CHiC\/Senses\/perfumed-magnolia-amber-set-2.jpeg\",\"datePublished\":\"2020-11-03T11:12:50+00:00\",\"dateModified\":\"2025-11-05T13:26:18+00:00\",\"description\":\"\u0136erme\u0146a sviests; Du\u0161as \u017eeleja; \u0136erme\u0146a losjons.\",\"breadcrumb\":{\"@id\":\"https:\/\/women.lv\/product\/parfimets-dzintara-magnolijas-komplekts-2\/#breadcrumb\"},\"inLanguage\":\"en-GB\",\"potentialAction\":[{\"@type\":\"ReadAction\",\"target\":[\"https:\/\/women.lv\/product\/parfimets-dzintara-magnolijas-komplekts-2\/\"]}]},{\"@type\":\"ImageObject\",\"inLanguage\":\"en-GB\",\"@id\":\"https:\/\/women.lv\/product\/parfimets-dzintara-magnolijas-komplekts-2\/#primaryimage\",\"url\":\"https:\/\/women.lv\/wp-content\/uploads\/nc\/catalog\/CHiC\/Senses\/perfumed-magnolia-amber-set-2.jpeg\",\"contentUrl\":\"https:\/\/women.lv\/wp-content\/uploads\/nc\/catalog\/CHiC\/Senses\/perfumed-magnolia-amber-set-2.jpeg\",\"width\":1200,\"height\":1600,\"caption\":\"Parfim\u0113ts dzintara magnolijas komplekts #2\"},{\"@type\":\"BreadcrumbList\",\"@id\":\"https:\/\/women.lv\/product\/parfimets-dzintara-magnolijas-komplekts-2\/#breadcrumb\",\"itemListElement\":[{\"@type\":\"ListItem\",\"position\":1,\"name\":\"Home\",\"item\":\"https:\/\/women.lv\/\"},{\"@type\":\"ListItem\",\"position\":2,\"name\":\"Products\",\"item\":\"https:\/\/women.lv\/en\/shop\/\"},{\"@type\":\"ListItem\",\"position\":3,\"name\":\"Parfim\u0113ts dzintara magnolijas komplekts #2\"}]},{\"@type\":\"WebSite\",\"@id\":\"https:\/\/women.lv\/#website\",\"url\":\"https:\/\/women.lv\/\",\"name\":\"Women Veikals\",\"description\":\"Uzdr\u012bksties b\u016bt skaista\",\"potentialAction\":[{\"@type\":\"SearchAction\",\"target\":{\"@type\":\"EntryPoint\",\"urlTemplate\":\"https:\/\/women.lv\/?s={search_term_string}\"},\"query-input\":{\"@type\":\"PropertyValueSpecification\",\"valueRequired\":true,\"valueName\":\"search_term_string\"}}],\"inLanguage\":\"en-GB\"}]}<\/script>\n<!-- \/ Yoast SEO plugin. -->","yoast_head_json":{"title":"Parfim\u0113ts dzintara magnolijas komplekts","description":"\u0136erme\u0146a sviests; Du\u0161as \u017eeleja; \u0136erme\u0146a losjons.","robots":{"index":"index","follow":"follow","max-snippet":"max-snippet:-1","max-image-preview":"max-image-preview:large","max-video-preview":"max-video-preview:-1"},"canonical":"https:\/\/women.lv\/en\/product\/parfimets-dzintara-magnolijas-komplekts-2\/","og_locale":"en_GB","og_type":"article","og_title":"Parfim\u0113ts dzintara magnolijas komplekts","og_description":"\u0136erme\u0146a sviests; Du\u0161as \u017eeleja; \u0136erme\u0146a losjons.","og_url":"https:\/\/women.lv\/en\/product\/parfimets-dzintara-magnolijas-komplekts-2\/","og_site_name":"Women Veikals","article_modified_time":"2025-11-05T13:26:18+00:00","og_image":[{"width":1200,"height":1600,"url":"https:\/\/women.lv\/wp-content\/uploads\/nc\/catalog\/CHiC\/Senses\/perfumed-magnolia-amber-set-2.jpeg","type":"image\/jpeg"}],"twitter_card":"summary_large_image","twitter_misc":{"Estimated reading time":"3 minutes"},"schema":{"@context":"https:\/\/schema.org","@graph":[{"@type":"WebPage","@id":"https:\/\/women.lv\/product\/parfimets-dzintara-magnolijas-komplekts-2\/","url":"https:\/\/women.lv\/product\/parfimets-dzintara-magnolijas-komplekts-2\/","name":"Parfim\u0113ts dzintara magnolijas komplekts","isPartOf":{"@id":"https:\/\/women.lv\/#website"},"primaryImageOfPage":{"@id":"https:\/\/women.lv\/product\/parfimets-dzintara-magnolijas-komplekts-2\/#primaryimage"},"image":{"@id":"https:\/\/women.lv\/product\/parfimets-dzintara-magnolijas-komplekts-2\/#primaryimage"},"thumbnailUrl":"https:\/\/women.lv\/wp-content\/uploads\/nc\/catalog\/CHiC\/Senses\/perfumed-magnolia-amber-set-2.jpeg","datePublished":"2020-11-03T11:12:50+00:00","dateModified":"2025-11-05T13:26:18+00:00","description":"\u0136erme\u0146a sviests; Du\u0161as \u017eeleja; \u0136erme\u0146a losjons.","breadcrumb":{"@id":"https:\/\/women.lv\/product\/parfimets-dzintara-magnolijas-komplekts-2\/#breadcrumb"},"inLanguage":"en-GB","potentialAction":[{"@type":"ReadAction","target":["https:\/\/women.lv\/product\/parfimets-dzintara-magnolijas-komplekts-2\/"]}]},{"@type":"ImageObject","inLanguage":"en-GB","@id":"https:\/\/women.lv\/product\/parfimets-dzintara-magnolijas-komplekts-2\/#primaryimage","url":"https:\/\/women.lv\/wp-content\/uploads\/nc\/catalog\/CHiC\/Senses\/perfumed-magnolia-amber-set-2.jpeg","contentUrl":"https:\/\/women.lv\/wp-content\/uploads\/nc\/catalog\/CHiC\/Senses\/perfumed-magnolia-amber-set-2.jpeg","width":1200,"height":1600,"caption":"Parfim\u0113ts dzintara magnolijas komplekts #2"},{"@type":"BreadcrumbList","@id":"https:\/\/women.lv\/product\/parfimets-dzintara-magnolijas-komplekts-2\/#breadcrumb","itemListElement":[{"@type":"ListItem","position":1,"name":"Home","item":"https:\/\/women.lv\/"},{"@type":"ListItem","position":2,"name":"Products","item":"https:\/\/women.lv\/en\/shop\/"},{"@type":"ListItem","position":3,"name":"Parfim\u0113ts dzintara magnolijas komplekts #2"}]},{"@type":"WebSite","@id":"https:\/\/women.lv\/#website","url":"https:\/\/women.lv\/","name":"Women Veikals","description":"Uzdr\u012bksties b\u016bt skaista","potentialAction":[{"@type":"SearchAction","target":{"@type":"EntryPoint","urlTemplate":"https:\/\/women.lv\/?s={search_term_string}"},"query-input":{"@type":"PropertyValueSpecification","valueRequired":true,"valueName":"search_term_string"}}],"inLanguage":"en-GB"}]}},"_links":{"self":[{"href":"https:\/\/women.lv\/en\/wp-json\/wp\/v2\/product\/28749","targetHints":{"allow":["GET"]}}],"collection":[{"href":"https:\/\/women.lv\/en\/wp-json\/wp\/v2\/product"}],"about":[{"href":"https:\/\/women.lv\/en\/wp-json\/wp\/v2\/types\/product"}],"replies":[{"embeddable":true,"href":"https:\/\/women.lv\/en\/wp-json\/wp\/v2\/comments?post=28749"}],"version-history":[{"count":1,"href":"https:\/\/women.lv\/en\/wp-json\/wp\/v2\/product\/28749\/revisions"}],"predecessor-version":[{"id":29705,"href":"https:\/\/women.lv\/en\/wp-json\/wp\/v2\/product\/28749\/revisions\/29705"}],"wp:featuredmedia":[{"embeddable":true,"href":"https:\/\/women.lv\/en\/wp-json\/wp\/v2\/media\/28750"}],"wp:attachment":[{"href":"https:\/\/women.lv\/en\/wp-json\/wp\/v2\/media?parent=28749"}],"wp:term":[{"taxonomy":"product_brand","embeddable":true,"href":"https:\/\/women.lv\/en\/wp-json\/wp\/v2\/product_brand?post=28749"},{"taxonomy":"product_cat","embeddable":true,"href":"https:\/\/women.lv\/en\/wp-json\/wp\/v2\/product_cat?post=28749"},{"taxonomy":"product_tag","embeddable":true,"href":"https:\/\/women.lv\/en\/wp-json\/wp\/v2\/product_tag?post=28749"}],"curies":[{"name":"wp","href":"https:\/\/api.w.org\/{rel}","templated":true}]}}