{"id":28747,"date":"2020-11-03T10:57:51","date_gmt":"2020-11-03T10:57:51","guid":{"rendered":"https:\/\/women.lv\/?product=kermena-losjons-ar-dzintara-magnolijas-aromatu"},"modified":"2025-11-05T13:26:18","modified_gmt":"2025-11-05T13:26:18","slug":"kermena-losjons-ar-dzintara-magnolijas-aromatu","status":"publish","type":"product","link":"https:\/\/women.lv\/en\/product\/kermena-losjons-ar-dzintara-magnolijas-aromatu\/","title":{"rendered":"Body lotion with amber magnolia fragrance"},"content":{"rendered":"<p><span style=\"font-family: Helvetica;\"><span style=\"font-size: 18px;\"><b>Very light texture and easily absorbed<\/b><\/span><\/span><\/p>\n<p><span style=\"font-family: Helvetica;\"><span style=\"font-size: 18px;\">An aromatic body lotion that stimulates the senses, with a very light texture that easily absorbs into the skin. Contains protective and nourishing ingredients, vitamin E to protect the skin and natural minerals from the Dead Sea to balance the skin&#039;s natural moisture levels. Fragrance is based on<\/span><\/span><span style=\"font-family: Helvetica; font-size: 18px;\">\u00a0extracts of fragrant magnolia and mysterious amber, complemented by the aroma of grapefruit and lotus flowers.<\/span><span style=\"font-family: Helvetica;\"><span style=\"font-size: 18px;\">\u00a0A wonderful body lotion that will leave your skin soft and supple with a long-lasting fragrance.<\/span><\/span><\/p>\n<ul>\n<li><span style=\"font-family: Helvetica;\"><span style=\"font-size: 18px;\">Easily absorbed and non-greasy<\/span><\/span><\/li>\n<li><span style=\"font-family: Helvetica;\"><span style=\"font-size: 18px;\">Contains vitamin E and natural Dead Sea minerals<\/span><\/span><\/li>\n<li><span style=\"font-family: Helvetica;\"><span style=\"font-size: 18px;\">The scent of mandarins, bergamot, violets and musk<\/span><\/span><\/li>\n<li><span style=\"font-family: Helvetica;\"><span style=\"font-size: 18px;\">Leaves the skin soft, supple and with a long-lasting fragrance<\/span><\/span><\/li>\n<\/ul>\n<p><span style=\"font-family: Helvetica;\"><span style=\"font-size: 18px;\">A line of products that stimulate the senses...<\/span><\/span><\/p>","protected":false},"excerpt":{"rendered":"<p>Very light texture and easy absorption Aromatic body lotion that stimulates the senses, with a very light texture that easily absorbs into the skin.<\/p>","protected":false},"featured_media":28748,"comment_status":"open","ping_status":"closed","template":"","meta":[],"product_brand":[],"product_cat":[2208,2216,2215],"product_tag":[3322,3323,3379,2244,2243,3381,3380,2245],"class_list":{"0":"post-28747","1":"product","2":"type-product","3":"status-publish","4":"has-post-thumbnail","6":"product_cat-kermena-kopsanas-lidzekii","7":"product_cat-kermena-mitrinasana-un-barosana","8":"product_cat-visi-produkti","9":"product_tag-chic","10":"product_tag-chic-senses","11":"product_tag-fragrant-body-lotion-magnolia-amber","12":"product_tag-israel","13":"product_tag-izraela","14":"product_tag-kermena-losjons-ar-dzintara-magnolijas-aromatu","15":"product_tag-3380","16":"product_tag-2245","17":"pa_brand_nc-chic-senses","18":"pa_ean_nc-4062","20":"first","21":"instock","22":"sale","23":"taxable","24":"shipping-taxable","25":"purchasable","26":"product-type-simple"},"yoast_head":"<!-- This site is optimized with the Yoast SEO plugin v23.9 - https:\/\/yoast.com\/wordpress\/plugins\/seo\/ -->\n<title>\u0136erme\u0146a losjons ar dzintara magnolijas arom\u0101tu<\/title>\n<meta name=\"description\" content=\"Mandar\u012bnu, bergamotes, vijol\u012b\u0161u un muskusa smar\u017ea Produktu l\u012bnija, kas stimul\u0113 ma\u0146as ...\" \/>\n<meta name=\"robots\" content=\"index, follow, max-snippet:-1, max-image-preview:large, max-video-preview:-1\" \/>\n<link rel=\"canonical\" href=\"https:\/\/women.lv\/en\/product\/kermena-losjons-ar-dzintara-magnolijas-aromatu\/\" \/>\n<meta property=\"og:locale\" content=\"en_GB\" \/>\n<meta property=\"og:type\" content=\"article\" \/>\n<meta property=\"og:title\" content=\"\u0136erme\u0146a losjons ar dzintara magnolijas arom\u0101tu\" \/>\n<meta property=\"og:description\" content=\"Mandar\u012bnu, bergamotes, vijol\u012b\u0161u un muskusa smar\u017ea Produktu l\u012bnija, kas stimul\u0113 ma\u0146as ...\" \/>\n<meta property=\"og:url\" content=\"https:\/\/women.lv\/en\/product\/kermena-losjons-ar-dzintara-magnolijas-aromatu\/\" \/>\n<meta property=\"og:site_name\" content=\"Women Veikals\" \/>\n<meta property=\"article:modified_time\" content=\"2025-11-05T13:26:18+00:00\" \/>\n<meta property=\"og:image\" content=\"https:\/\/women.lv\/wp-content\/uploads\/nc\/catalog\/CHiC\/Senses\/fragrant-body-lotion-mangolia-amber.PNG\" \/>\n\t<meta property=\"og:image:width\" content=\"334\" \/>\n\t<meta property=\"og:image:height\" content=\"434\" \/>\n\t<meta property=\"og:image:type\" content=\"image\/png\" \/>\n<meta name=\"twitter:card\" content=\"summary_large_image\" \/>\n<meta name=\"twitter:label1\" content=\"Estimated reading time\" \/>\n\t<meta name=\"twitter:data1\" content=\"1 minute\" \/>\n<script type=\"application\/ld+json\" class=\"yoast-schema-graph\">{\"@context\":\"https:\/\/schema.org\",\"@graph\":[{\"@type\":\"WebPage\",\"@id\":\"https:\/\/women.lv\/product\/kermena-losjons-ar-dzintara-magnolijas-aromatu\/\",\"url\":\"https:\/\/women.lv\/product\/kermena-losjons-ar-dzintara-magnolijas-aromatu\/\",\"name\":\"\u0136erme\u0146a losjons ar dzintara magnolijas arom\u0101tu\",\"isPartOf\":{\"@id\":\"https:\/\/women.lv\/#website\"},\"primaryImageOfPage\":{\"@id\":\"https:\/\/women.lv\/product\/kermena-losjons-ar-dzintara-magnolijas-aromatu\/#primaryimage\"},\"image\":{\"@id\":\"https:\/\/women.lv\/product\/kermena-losjons-ar-dzintara-magnolijas-aromatu\/#primaryimage\"},\"thumbnailUrl\":\"https:\/\/women.lv\/wp-content\/uploads\/nc\/catalog\/CHiC\/Senses\/fragrant-body-lotion-mangolia-amber.PNG\",\"datePublished\":\"2020-11-03T10:57:51+00:00\",\"dateModified\":\"2025-11-05T13:26:18+00:00\",\"description\":\"Mandar\u012bnu, bergamotes, vijol\u012b\u0161u un muskusa smar\u017ea Produktu l\u012bnija, kas stimul\u0113 ma\u0146as ...\",\"breadcrumb\":{\"@id\":\"https:\/\/women.lv\/product\/kermena-losjons-ar-dzintara-magnolijas-aromatu\/#breadcrumb\"},\"inLanguage\":\"en-GB\",\"potentialAction\":[{\"@type\":\"ReadAction\",\"target\":[\"https:\/\/women.lv\/product\/kermena-losjons-ar-dzintara-magnolijas-aromatu\/\"]}]},{\"@type\":\"ImageObject\",\"inLanguage\":\"en-GB\",\"@id\":\"https:\/\/women.lv\/product\/kermena-losjons-ar-dzintara-magnolijas-aromatu\/#primaryimage\",\"url\":\"https:\/\/women.lv\/wp-content\/uploads\/nc\/catalog\/CHiC\/Senses\/fragrant-body-lotion-mangolia-amber.PNG\",\"contentUrl\":\"https:\/\/women.lv\/wp-content\/uploads\/nc\/catalog\/CHiC\/Senses\/fragrant-body-lotion-mangolia-amber.PNG\",\"width\":334,\"height\":434,\"caption\":\"\u0136erme\u0146a losjons ar dzintara magnolijas arom\u0101tu\"},{\"@type\":\"BreadcrumbList\",\"@id\":\"https:\/\/women.lv\/product\/kermena-losjons-ar-dzintara-magnolijas-aromatu\/#breadcrumb\",\"itemListElement\":[{\"@type\":\"ListItem\",\"position\":1,\"name\":\"Home\",\"item\":\"https:\/\/women.lv\/\"},{\"@type\":\"ListItem\",\"position\":2,\"name\":\"Products\",\"item\":\"https:\/\/women.lv\/en\/shop\/\"},{\"@type\":\"ListItem\",\"position\":3,\"name\":\"\u0136erme\u0146a losjons ar dzintara magnolijas arom\u0101tu\"}]},{\"@type\":\"WebSite\",\"@id\":\"https:\/\/women.lv\/#website\",\"url\":\"https:\/\/women.lv\/\",\"name\":\"Women Veikals\",\"description\":\"Uzdr\u012bksties b\u016bt skaista\",\"potentialAction\":[{\"@type\":\"SearchAction\",\"target\":{\"@type\":\"EntryPoint\",\"urlTemplate\":\"https:\/\/women.lv\/?s={search_term_string}\"},\"query-input\":{\"@type\":\"PropertyValueSpecification\",\"valueRequired\":true,\"valueName\":\"search_term_string\"}}],\"inLanguage\":\"en-GB\"}]}<\/script>\n<!-- \/ Yoast SEO plugin. -->","yoast_head_json":{"title":"\u0136erme\u0146a losjons ar dzintara magnolijas arom\u0101tu","description":"Mandar\u012bnu, bergamotes, vijol\u012b\u0161u un muskusa smar\u017ea Produktu l\u012bnija, kas stimul\u0113 ma\u0146as ...","robots":{"index":"index","follow":"follow","max-snippet":"max-snippet:-1","max-image-preview":"max-image-preview:large","max-video-preview":"max-video-preview:-1"},"canonical":"https:\/\/women.lv\/en\/product\/kermena-losjons-ar-dzintara-magnolijas-aromatu\/","og_locale":"en_GB","og_type":"article","og_title":"\u0136erme\u0146a losjons ar dzintara magnolijas arom\u0101tu","og_description":"Mandar\u012bnu, bergamotes, vijol\u012b\u0161u un muskusa smar\u017ea Produktu l\u012bnija, kas stimul\u0113 ma\u0146as ...","og_url":"https:\/\/women.lv\/en\/product\/kermena-losjons-ar-dzintara-magnolijas-aromatu\/","og_site_name":"Women Veikals","article_modified_time":"2025-11-05T13:26:18+00:00","og_image":[{"width":334,"height":434,"url":"https:\/\/women.lv\/wp-content\/uploads\/nc\/catalog\/CHiC\/Senses\/fragrant-body-lotion-mangolia-amber.PNG","type":"image\/png"}],"twitter_card":"summary_large_image","twitter_misc":{"Estimated reading time":"1 minute"},"schema":{"@context":"https:\/\/schema.org","@graph":[{"@type":"WebPage","@id":"https:\/\/women.lv\/product\/kermena-losjons-ar-dzintara-magnolijas-aromatu\/","url":"https:\/\/women.lv\/product\/kermena-losjons-ar-dzintara-magnolijas-aromatu\/","name":"\u0136erme\u0146a losjons ar dzintara magnolijas arom\u0101tu","isPartOf":{"@id":"https:\/\/women.lv\/#website"},"primaryImageOfPage":{"@id":"https:\/\/women.lv\/product\/kermena-losjons-ar-dzintara-magnolijas-aromatu\/#primaryimage"},"image":{"@id":"https:\/\/women.lv\/product\/kermena-losjons-ar-dzintara-magnolijas-aromatu\/#primaryimage"},"thumbnailUrl":"https:\/\/women.lv\/wp-content\/uploads\/nc\/catalog\/CHiC\/Senses\/fragrant-body-lotion-mangolia-amber.PNG","datePublished":"2020-11-03T10:57:51+00:00","dateModified":"2025-11-05T13:26:18+00:00","description":"Mandar\u012bnu, bergamotes, vijol\u012b\u0161u un muskusa smar\u017ea Produktu l\u012bnija, kas stimul\u0113 ma\u0146as ...","breadcrumb":{"@id":"https:\/\/women.lv\/product\/kermena-losjons-ar-dzintara-magnolijas-aromatu\/#breadcrumb"},"inLanguage":"en-GB","potentialAction":[{"@type":"ReadAction","target":["https:\/\/women.lv\/product\/kermena-losjons-ar-dzintara-magnolijas-aromatu\/"]}]},{"@type":"ImageObject","inLanguage":"en-GB","@id":"https:\/\/women.lv\/product\/kermena-losjons-ar-dzintara-magnolijas-aromatu\/#primaryimage","url":"https:\/\/women.lv\/wp-content\/uploads\/nc\/catalog\/CHiC\/Senses\/fragrant-body-lotion-mangolia-amber.PNG","contentUrl":"https:\/\/women.lv\/wp-content\/uploads\/nc\/catalog\/CHiC\/Senses\/fragrant-body-lotion-mangolia-amber.PNG","width":334,"height":434,"caption":"\u0136erme\u0146a losjons ar dzintara magnolijas arom\u0101tu"},{"@type":"BreadcrumbList","@id":"https:\/\/women.lv\/product\/kermena-losjons-ar-dzintara-magnolijas-aromatu\/#breadcrumb","itemListElement":[{"@type":"ListItem","position":1,"name":"Home","item":"https:\/\/women.lv\/"},{"@type":"ListItem","position":2,"name":"Products","item":"https:\/\/women.lv\/en\/shop\/"},{"@type":"ListItem","position":3,"name":"\u0136erme\u0146a losjons ar dzintara magnolijas arom\u0101tu"}]},{"@type":"WebSite","@id":"https:\/\/women.lv\/#website","url":"https:\/\/women.lv\/","name":"Women Veikals","description":"Uzdr\u012bksties b\u016bt skaista","potentialAction":[{"@type":"SearchAction","target":{"@type":"EntryPoint","urlTemplate":"https:\/\/women.lv\/?s={search_term_string}"},"query-input":{"@type":"PropertyValueSpecification","valueRequired":true,"valueName":"search_term_string"}}],"inLanguage":"en-GB"}]}},"_links":{"self":[{"href":"https:\/\/women.lv\/en\/wp-json\/wp\/v2\/product\/28747","targetHints":{"allow":["GET"]}}],"collection":[{"href":"https:\/\/women.lv\/en\/wp-json\/wp\/v2\/product"}],"about":[{"href":"https:\/\/women.lv\/en\/wp-json\/wp\/v2\/types\/product"}],"replies":[{"embeddable":true,"href":"https:\/\/women.lv\/en\/wp-json\/wp\/v2\/comments?post=28747"}],"version-history":[{"count":1,"href":"https:\/\/women.lv\/en\/wp-json\/wp\/v2\/product\/28747\/revisions"}],"predecessor-version":[{"id":29706,"href":"https:\/\/women.lv\/en\/wp-json\/wp\/v2\/product\/28747\/revisions\/29706"}],"wp:featuredmedia":[{"embeddable":true,"href":"https:\/\/women.lv\/en\/wp-json\/wp\/v2\/media\/28748"}],"wp:attachment":[{"href":"https:\/\/women.lv\/en\/wp-json\/wp\/v2\/media?parent=28747"}],"wp:term":[{"taxonomy":"product_brand","embeddable":true,"href":"https:\/\/women.lv\/en\/wp-json\/wp\/v2\/product_brand?post=28747"},{"taxonomy":"product_cat","embeddable":true,"href":"https:\/\/women.lv\/en\/wp-json\/wp\/v2\/product_cat?post=28747"},{"taxonomy":"product_tag","embeddable":true,"href":"https:\/\/women.lv\/en\/wp-json\/wp\/v2\/product_tag?post=28747"}],"curies":[{"name":"wp","href":"https:\/\/api.w.org\/{rel}","templated":true}]}}