{"id":28741,"date":"2020-10-30T16:37:47","date_gmt":"2020-10-30T16:37:47","guid":{"rendered":"https:\/\/women.lv\/?product=aromatizeta-kermena-ella-ar-dzintara-magnolijas-aromatu"},"modified":"2025-11-05T13:26:17","modified_gmt":"2025-11-05T13:26:17","slug":"aromatizeta-kermena-ella-ar-dzintara-magnolijas-aromatu","status":"publish","type":"product","link":"https:\/\/women.lv\/en\/product\/aromatizeta-kermena-ella-ar-dzintara-magnolijas-aromatu\/","title":{"rendered":"Aromatized body oil with amber magnolia aroma"},"content":{"rendered":"<p><span style=\"font-family: Helvetica;\"><span style=\"font-size: 18px;\"><b>Fragrant and velvety textured body oil<\/b><\/span><\/span><\/p>\n<p><span style=\"font-family: Helvetica;\"><span style=\"font-size: 18px;\">Smar\u017e\u012bga un saj\u016btu stimul\u0113jo\u0161a \u0137erme\u0146a e\u013c\u013ca ar austrumu ziedu arom\u0101tu un vieglu un viegli apsorb\u0113jo\u0161u samtainu tekst\u016bru, kas neatst\u0101j J\u016bsu \u0101du taukainu. Satur dab\u012bgas e\u013c\u013cas no avokado, mandel\u0113m un ol\u012bv\u0101m, kas m\u012bkstina un baro \u0101du, un C un E vitam\u012bnus, lai pasarg\u0101tu to no vides un klimata kait\u0113juma. Smar\u017eas pamat\u0101 ir smar\u017e\u012bgu magnoliju un nosl\u0113pumain\u0101 dzintara ekstrakti, kas apvienoti ar greipfr\u016btu un lotosa ziedu arom\u0101tu. Br\u012bni\u0161\u0137\u012bga \u0137erme\u0146a e\u013c\u013ca, kas m\u012bkstina \u0101du, padarot to elast\u012bgu un samtaini maigu, saglab\u0101 ilgsto\u0161u arom\u0101tu.<\/span><\/span><\/p>\n<ul>\n<li><span style=\"font-family: Helvetica;\"><span style=\"font-size: 18px;\">Easily absorbed\u00a0<\/span><\/span><\/li>\n<li><span style=\"font-family: Helvetica;\"><span style=\"font-size: 18px;\">Long lasting fragrance<\/span><\/span><\/li>\n<li><span style=\"font-family: Helvetica;\"><span style=\"font-size: 18px;\">Softens the skin, making it supple and healthy<\/span><\/span><\/li>\n<li><span style=\"font-family: Helvetica;\"><span style=\"font-size: 18px;\">Protects the skin from environmental climate damage<\/span><\/span><\/li>\n<li><span style=\"font-family: Helvetica;\"><span style=\"font-size: 18px;\">Magnolijas, dzintara, greipfr\u016btu un lotosa ziedu smar\u017ea<\/span><\/span><\/li>\n<\/ul>\n<p><span style=\"font-family: Helvetica;\"><span style=\"font-size: 18px;\"><b>A line of products that stimulate the senses...<\/b><\/span><\/span><\/p>","protected":false},"excerpt":{"rendered":"<p>Fragrant and velvety textured body oil Fragrant and sensually stimulating body oil with an oriental floral aroma and light and easy<\/p>","protected":false},"featured_media":28742,"comment_status":"open","ping_status":"closed","template":"","meta":[],"product_brand":[],"product_cat":[2208,2216,2215],"product_tag":[3366,3322,3357,2244,2243,3368,2245,3367],"class_list":{"0":"post-28741","1":"product","2":"type-product","3":"status-publish","4":"has-post-thumbnail","6":"product_cat-kermena-kopsanas-lidzekii","7":"product_cat-kermena-mitrinasana-un-barosana","8":"product_cat-visi-produkti","9":"product_tag-aromatizeta-kermena-masazas-ella-ar-dzintara-magnolijas-aromatu","10":"product_tag-chic","11":"product_tag-chic-sense","12":"product_tag-israel","13":"product_tag-izraela","14":"product_tag-perfumed-body-oil-magnolia-amber","15":"product_tag-2245","16":"product_tag-3367","17":"pa_brand_nc-chic-senses","18":"pa_ean_nc-4059","20":"first","21":"instock","22":"sale","23":"taxable","24":"shipping-taxable","25":"purchasable","26":"product-type-simple"},"yoast_head":"<!-- This site is optimized with the Yoast SEO plugin v23.9 - https:\/\/yoast.com\/wordpress\/plugins\/seo\/ -->\n<title>Aromatiz\u0113ta \u0137erme\u0146a e\u013c\u013ca ar dzintara magnolijas arom\u0101tu<\/title>\n<meta name=\"description\" content=\"Magnolijas, dzintara, greipfr\u016btu un lotosa ziedu smar\u017ea Produktu l\u012bnija, kas stimul\u0113 ma\u0146as ...\" \/>\n<meta name=\"robots\" content=\"index, follow, max-snippet:-1, max-image-preview:large, max-video-preview:-1\" \/>\n<link rel=\"canonical\" href=\"https:\/\/women.lv\/en\/product\/aromatizeta-kermena-ella-ar-dzintara-magnolijas-aromatu\/\" \/>\n<meta property=\"og:locale\" content=\"en_GB\" \/>\n<meta property=\"og:type\" content=\"article\" \/>\n<meta property=\"og:title\" content=\"Aromatiz\u0113ta \u0137erme\u0146a e\u013c\u013ca ar dzintara magnolijas arom\u0101tu\" \/>\n<meta property=\"og:description\" content=\"Magnolijas, dzintara, greipfr\u016btu un lotosa ziedu smar\u017ea Produktu l\u012bnija, kas stimul\u0113 ma\u0146as ...\" \/>\n<meta property=\"og:url\" content=\"https:\/\/women.lv\/en\/product\/aromatizeta-kermena-ella-ar-dzintara-magnolijas-aromatu\/\" \/>\n<meta property=\"og:site_name\" content=\"Women Veikals\" \/>\n<meta property=\"article:modified_time\" content=\"2025-11-05T13:26:17+00:00\" \/>\n<meta property=\"og:image\" content=\"https:\/\/women.lv\/wp-content\/uploads\/nc\/catalog\/CHiC\/Senses\/senses-perfumed-body-oil-magnolia-amber.jpg\" \/>\n\t<meta property=\"og:image:width\" content=\"459\" \/>\n\t<meta property=\"og:image:height\" content=\"600\" \/>\n\t<meta property=\"og:image:type\" content=\"image\/jpeg\" \/>\n<meta name=\"twitter:card\" content=\"summary_large_image\" \/>\n<meta name=\"twitter:label1\" content=\"Estimated reading time\" \/>\n\t<meta name=\"twitter:data1\" content=\"1 minute\" \/>\n<script type=\"application\/ld+json\" class=\"yoast-schema-graph\">{\"@context\":\"https:\/\/schema.org\",\"@graph\":[{\"@type\":\"WebPage\",\"@id\":\"https:\/\/women.lv\/product\/aromatizeta-kermena-ella-ar-dzintara-magnolijas-aromatu\/\",\"url\":\"https:\/\/women.lv\/product\/aromatizeta-kermena-ella-ar-dzintara-magnolijas-aromatu\/\",\"name\":\"Aromatiz\u0113ta \u0137erme\u0146a e\u013c\u013ca ar dzintara magnolijas arom\u0101tu\",\"isPartOf\":{\"@id\":\"https:\/\/women.lv\/#website\"},\"primaryImageOfPage\":{\"@id\":\"https:\/\/women.lv\/product\/aromatizeta-kermena-ella-ar-dzintara-magnolijas-aromatu\/#primaryimage\"},\"image\":{\"@id\":\"https:\/\/women.lv\/product\/aromatizeta-kermena-ella-ar-dzintara-magnolijas-aromatu\/#primaryimage\"},\"thumbnailUrl\":\"https:\/\/women.lv\/wp-content\/uploads\/nc\/catalog\/CHiC\/Senses\/senses-perfumed-body-oil-magnolia-amber.jpg\",\"datePublished\":\"2020-10-30T16:37:47+00:00\",\"dateModified\":\"2025-11-05T13:26:17+00:00\",\"description\":\"Magnolijas, dzintara, greipfr\u016btu un lotosa ziedu smar\u017ea Produktu l\u012bnija, kas stimul\u0113 ma\u0146as ...\",\"breadcrumb\":{\"@id\":\"https:\/\/women.lv\/product\/aromatizeta-kermena-ella-ar-dzintara-magnolijas-aromatu\/#breadcrumb\"},\"inLanguage\":\"en-GB\",\"potentialAction\":[{\"@type\":\"ReadAction\",\"target\":[\"https:\/\/women.lv\/product\/aromatizeta-kermena-ella-ar-dzintara-magnolijas-aromatu\/\"]}]},{\"@type\":\"ImageObject\",\"inLanguage\":\"en-GB\",\"@id\":\"https:\/\/women.lv\/product\/aromatizeta-kermena-ella-ar-dzintara-magnolijas-aromatu\/#primaryimage\",\"url\":\"https:\/\/women.lv\/wp-content\/uploads\/nc\/catalog\/CHiC\/Senses\/senses-perfumed-body-oil-magnolia-amber.jpg\",\"contentUrl\":\"https:\/\/women.lv\/wp-content\/uploads\/nc\/catalog\/CHiC\/Senses\/senses-perfumed-body-oil-magnolia-amber.jpg\",\"width\":459,\"height\":600,\"caption\":\"Aromatiz\u0113ta \u0137erme\u0146a e\u013c\u013ca ar dzintara magnolijas arom\u0101tu\"},{\"@type\":\"BreadcrumbList\",\"@id\":\"https:\/\/women.lv\/product\/aromatizeta-kermena-ella-ar-dzintara-magnolijas-aromatu\/#breadcrumb\",\"itemListElement\":[{\"@type\":\"ListItem\",\"position\":1,\"name\":\"Home\",\"item\":\"https:\/\/women.lv\/\"},{\"@type\":\"ListItem\",\"position\":2,\"name\":\"Products\",\"item\":\"https:\/\/women.lv\/en\/shop\/\"},{\"@type\":\"ListItem\",\"position\":3,\"name\":\"Aromatiz\u0113ta \u0137erme\u0146a e\u013c\u013ca ar dzintara magnolijas arom\u0101tu\"}]},{\"@type\":\"WebSite\",\"@id\":\"https:\/\/women.lv\/#website\",\"url\":\"https:\/\/women.lv\/\",\"name\":\"Women Veikals\",\"description\":\"Uzdr\u012bksties b\u016bt skaista\",\"potentialAction\":[{\"@type\":\"SearchAction\",\"target\":{\"@type\":\"EntryPoint\",\"urlTemplate\":\"https:\/\/women.lv\/?s={search_term_string}\"},\"query-input\":{\"@type\":\"PropertyValueSpecification\",\"valueRequired\":true,\"valueName\":\"search_term_string\"}}],\"inLanguage\":\"en-GB\"}]}<\/script>\n<!-- \/ Yoast SEO plugin. -->","yoast_head_json":{"title":"Aromatiz\u0113ta \u0137erme\u0146a e\u013c\u013ca ar dzintara magnolijas arom\u0101tu","description":"Magnolijas, dzintara, greipfr\u016btu un lotosa ziedu smar\u017ea Produktu l\u012bnija, kas stimul\u0113 ma\u0146as ...","robots":{"index":"index","follow":"follow","max-snippet":"max-snippet:-1","max-image-preview":"max-image-preview:large","max-video-preview":"max-video-preview:-1"},"canonical":"https:\/\/women.lv\/en\/product\/aromatizeta-kermena-ella-ar-dzintara-magnolijas-aromatu\/","og_locale":"en_GB","og_type":"article","og_title":"Aromatiz\u0113ta \u0137erme\u0146a e\u013c\u013ca ar dzintara magnolijas arom\u0101tu","og_description":"Magnolijas, dzintara, greipfr\u016btu un lotosa ziedu smar\u017ea Produktu l\u012bnija, kas stimul\u0113 ma\u0146as ...","og_url":"https:\/\/women.lv\/en\/product\/aromatizeta-kermena-ella-ar-dzintara-magnolijas-aromatu\/","og_site_name":"Women Veikals","article_modified_time":"2025-11-05T13:26:17+00:00","og_image":[{"width":459,"height":600,"url":"https:\/\/women.lv\/wp-content\/uploads\/nc\/catalog\/CHiC\/Senses\/senses-perfumed-body-oil-magnolia-amber.jpg","type":"image\/jpeg"}],"twitter_card":"summary_large_image","twitter_misc":{"Estimated reading time":"1 minute"},"schema":{"@context":"https:\/\/schema.org","@graph":[{"@type":"WebPage","@id":"https:\/\/women.lv\/product\/aromatizeta-kermena-ella-ar-dzintara-magnolijas-aromatu\/","url":"https:\/\/women.lv\/product\/aromatizeta-kermena-ella-ar-dzintara-magnolijas-aromatu\/","name":"Aromatiz\u0113ta \u0137erme\u0146a e\u013c\u013ca ar dzintara magnolijas arom\u0101tu","isPartOf":{"@id":"https:\/\/women.lv\/#website"},"primaryImageOfPage":{"@id":"https:\/\/women.lv\/product\/aromatizeta-kermena-ella-ar-dzintara-magnolijas-aromatu\/#primaryimage"},"image":{"@id":"https:\/\/women.lv\/product\/aromatizeta-kermena-ella-ar-dzintara-magnolijas-aromatu\/#primaryimage"},"thumbnailUrl":"https:\/\/women.lv\/wp-content\/uploads\/nc\/catalog\/CHiC\/Senses\/senses-perfumed-body-oil-magnolia-amber.jpg","datePublished":"2020-10-30T16:37:47+00:00","dateModified":"2025-11-05T13:26:17+00:00","description":"Magnolijas, dzintara, greipfr\u016btu un lotosa ziedu smar\u017ea Produktu l\u012bnija, kas stimul\u0113 ma\u0146as ...","breadcrumb":{"@id":"https:\/\/women.lv\/product\/aromatizeta-kermena-ella-ar-dzintara-magnolijas-aromatu\/#breadcrumb"},"inLanguage":"en-GB","potentialAction":[{"@type":"ReadAction","target":["https:\/\/women.lv\/product\/aromatizeta-kermena-ella-ar-dzintara-magnolijas-aromatu\/"]}]},{"@type":"ImageObject","inLanguage":"en-GB","@id":"https:\/\/women.lv\/product\/aromatizeta-kermena-ella-ar-dzintara-magnolijas-aromatu\/#primaryimage","url":"https:\/\/women.lv\/wp-content\/uploads\/nc\/catalog\/CHiC\/Senses\/senses-perfumed-body-oil-magnolia-amber.jpg","contentUrl":"https:\/\/women.lv\/wp-content\/uploads\/nc\/catalog\/CHiC\/Senses\/senses-perfumed-body-oil-magnolia-amber.jpg","width":459,"height":600,"caption":"Aromatiz\u0113ta \u0137erme\u0146a e\u013c\u013ca ar dzintara magnolijas arom\u0101tu"},{"@type":"BreadcrumbList","@id":"https:\/\/women.lv\/product\/aromatizeta-kermena-ella-ar-dzintara-magnolijas-aromatu\/#breadcrumb","itemListElement":[{"@type":"ListItem","position":1,"name":"Home","item":"https:\/\/women.lv\/"},{"@type":"ListItem","position":2,"name":"Products","item":"https:\/\/women.lv\/en\/shop\/"},{"@type":"ListItem","position":3,"name":"Aromatiz\u0113ta \u0137erme\u0146a e\u013c\u013ca ar dzintara magnolijas arom\u0101tu"}]},{"@type":"WebSite","@id":"https:\/\/women.lv\/#website","url":"https:\/\/women.lv\/","name":"Women Veikals","description":"Uzdr\u012bksties b\u016bt skaista","potentialAction":[{"@type":"SearchAction","target":{"@type":"EntryPoint","urlTemplate":"https:\/\/women.lv\/?s={search_term_string}"},"query-input":{"@type":"PropertyValueSpecification","valueRequired":true,"valueName":"search_term_string"}}],"inLanguage":"en-GB"}]}},"_links":{"self":[{"href":"https:\/\/women.lv\/en\/wp-json\/wp\/v2\/product\/28741","targetHints":{"allow":["GET"]}}],"collection":[{"href":"https:\/\/women.lv\/en\/wp-json\/wp\/v2\/product"}],"about":[{"href":"https:\/\/women.lv\/en\/wp-json\/wp\/v2\/types\/product"}],"replies":[{"embeddable":true,"href":"https:\/\/women.lv\/en\/wp-json\/wp\/v2\/comments?post=28741"}],"version-history":[{"count":1,"href":"https:\/\/women.lv\/en\/wp-json\/wp\/v2\/product\/28741\/revisions"}],"predecessor-version":[{"id":29709,"href":"https:\/\/women.lv\/en\/wp-json\/wp\/v2\/product\/28741\/revisions\/29709"}],"wp:featuredmedia":[{"embeddable":true,"href":"https:\/\/women.lv\/en\/wp-json\/wp\/v2\/media\/28742"}],"wp:attachment":[{"href":"https:\/\/women.lv\/en\/wp-json\/wp\/v2\/media?parent=28741"}],"wp:term":[{"taxonomy":"product_brand","embeddable":true,"href":"https:\/\/women.lv\/en\/wp-json\/wp\/v2\/product_brand?post=28741"},{"taxonomy":"product_cat","embeddable":true,"href":"https:\/\/women.lv\/en\/wp-json\/wp\/v2\/product_cat?post=28741"},{"taxonomy":"product_tag","embeddable":true,"href":"https:\/\/women.lv\/en\/wp-json\/wp\/v2\/product_tag?post=28741"}],"curies":[{"name":"wp","href":"https:\/\/api.w.org\/{rel}","templated":true}]}}