{"id":28729,"date":"2020-10-30T14:51:27","date_gmt":"2020-10-30T14:51:27","guid":{"rendered":"https:\/\/women.lv\/?product=aromatiska-dusas-zeleja-ar-gardenijas-un-vanilas-aromatu"},"modified":"2025-11-05T13:26:17","modified_gmt":"2025-11-05T13:26:17","slug":"aromatiska-dusas-zeleja-ar-gardenijas-un-vanilas-aromatu","status":"publish","type":"product","link":"https:\/\/women.lv\/en\/product\/aromatiska-dusas-zeleja-ar-gardenijas-un-vanilas-aromatu\/","title":{"rendered":"Aromatic shower gel with gardenia and vanilla scent"},"content":{"rendered":"<p><span style=\"font-family: Helvetica;\"><span style=\"font-size: 18px;\"><b>A refreshing fragrance every day<\/b><\/span><\/span><\/p>\n<p><span style=\"font-family: Helvetica;\"><span style=\"font-size: 18px;\">Du\u0161as \u017eeleja satur maigas att\u012bro\u0161as un putojo\u0161as sast\u0101vda\u013cas, kas att\u012bra \u0101du, to nesausinot. Bag\u0101tin\u0101ts ar dab\u012bg\u0101m N\u0101ves j\u016bras miner\u0101lviel\u0101m, lai aizsarg\u0101tu un uztur\u0113tu j\u016bsu \u0101das dabisko mitruma l\u012bdzsvaru. Smar\u017eas pamat\u0101 ir gard\u0113niju, bergamotes, sandalkoka ekstrakti ar sald\u0101m vani\u013cas ekstrakta not\u012bm, un muskusa\u00a0 ekstraktiem. Apburo\u0161a un lutino\u0161a du\u0161as \u017eeleja, kas ap\u0146em \u0137ermeni ar atsvaidzino\u0161u smar\u017eu.<\/span><\/span><\/p>\n<ul>\n<li><span style=\"font-family: Helvetica;\"><span style=\"font-size: 18px;\">Keeps the scent long after the shower<\/span><\/span><\/li>\n<li><span style=\"font-family: Helvetica;\"><span style=\"font-size: 18px;\">Cleanses the skin without drying it<\/span><\/span><\/li>\n<li><span style=\"font-family: Helvetica;\"><span style=\"font-size: 18px;\">Protects and maintains the skin&#039;s natural moisture balance<\/span><\/span><\/li>\n<\/ul>\n<p><strong><span style=\"font-family: Helvetica;\"><span style=\"font-size: 18px;\">A line of products that stimulate the senses...<\/span><\/span><\/strong><\/p>","protected":false},"excerpt":{"rendered":"<p>Refreshing fragrance every day The shower gel contains gentle cleansing and foaming ingredients that cleanse the skin without drying it. Enriched with natural<\/p>","protected":false},"featured_media":28730,"comment_status":"open","ping_status":"closed","template":"","meta":[],"product_brand":[],"product_cat":[2208,2209,2215],"product_tag":[4052,3322,3323,2244,2243,3343,3342,2245],"class_list":{"0":"post-28729","1":"product","2":"type-product","3":"status-publish","4":"has-post-thumbnail","6":"product_cat-kermena-kopsanas-lidzekii","7":"product_cat-mazgasana-un-attirisana","8":"product_cat-visi-produkti","9":"product_tag-aromatiska-dusas-zeleja-ar-gardenijas-un-vanilas-aromatu-2","10":"product_tag-chic","11":"product_tag-chic-senses","12":"product_tag-israel","13":"product_tag-izraela","14":"product_tag-perfumed-shower-gel-gardenia-vanilla","15":"product_tag-3342","16":"product_tag-2245","17":"pa_brand_nc-chic-senses","18":"pa_ean_nc-4053","20":"first","21":"instock","22":"sale","23":"taxable","24":"shipping-taxable","25":"purchasable","26":"product-type-simple"},"yoast_head":"<!-- This site is optimized with the Yoast SEO plugin v23.9 - https:\/\/yoast.com\/wordpress\/plugins\/seo\/ -->\n<title>Arom\u0101tiska du\u0161as \u017eeleja ar gard\u0113nijas un vani\u013cas arom\u0101tu<\/title>\n<meta name=\"description\" content=\"Gard\u0113niju, bergamotes un sald\u0101s vani\u013cas arom\u0101ts Produktu l\u012bnija, kas stimul\u0113 ma\u0146as ...\" \/>\n<meta name=\"robots\" content=\"index, follow, max-snippet:-1, max-image-preview:large, max-video-preview:-1\" \/>\n<link rel=\"canonical\" href=\"https:\/\/women.lv\/en\/product\/aromatiska-dusas-zeleja-ar-gardenijas-un-vanilas-aromatu\/\" \/>\n<meta property=\"og:locale\" content=\"en_GB\" \/>\n<meta property=\"og:type\" content=\"article\" \/>\n<meta property=\"og:title\" content=\"Arom\u0101tiska du\u0161as \u017eeleja ar gard\u0113nijas un vani\u013cas arom\u0101tu\" \/>\n<meta property=\"og:description\" content=\"Gard\u0113niju, bergamotes un sald\u0101s vani\u013cas arom\u0101ts Produktu l\u012bnija, kas stimul\u0113 ma\u0146as ...\" \/>\n<meta property=\"og:url\" content=\"https:\/\/women.lv\/en\/product\/aromatiska-dusas-zeleja-ar-gardenijas-un-vanilas-aromatu\/\" \/>\n<meta property=\"og:site_name\" content=\"Women Veikals\" \/>\n<meta property=\"article:modified_time\" content=\"2025-11-05T13:26:17+00:00\" \/>\n<meta property=\"og:image\" content=\"https:\/\/women.lv\/wp-content\/uploads\/nc\/catalog\/CHiC\/Senses\/senses-shower-gel-garden-vanilla.jpg\" \/>\n\t<meta property=\"og:image:width\" content=\"459\" \/>\n\t<meta property=\"og:image:height\" content=\"600\" \/>\n\t<meta property=\"og:image:type\" content=\"image\/jpeg\" \/>\n<meta name=\"twitter:card\" content=\"summary_large_image\" \/>\n<meta name=\"twitter:label1\" content=\"Estimated reading time\" \/>\n\t<meta name=\"twitter:data1\" content=\"1 minute\" \/>\n<script type=\"application\/ld+json\" class=\"yoast-schema-graph\">{\"@context\":\"https:\/\/schema.org\",\"@graph\":[{\"@type\":\"WebPage\",\"@id\":\"https:\/\/women.lv\/product\/aromatiska-dusas-zeleja-ar-gardenijas-un-vanilas-aromatu\/\",\"url\":\"https:\/\/women.lv\/product\/aromatiska-dusas-zeleja-ar-gardenijas-un-vanilas-aromatu\/\",\"name\":\"Arom\u0101tiska du\u0161as \u017eeleja ar gard\u0113nijas un vani\u013cas arom\u0101tu\",\"isPartOf\":{\"@id\":\"https:\/\/women.lv\/#website\"},\"primaryImageOfPage\":{\"@id\":\"https:\/\/women.lv\/product\/aromatiska-dusas-zeleja-ar-gardenijas-un-vanilas-aromatu\/#primaryimage\"},\"image\":{\"@id\":\"https:\/\/women.lv\/product\/aromatiska-dusas-zeleja-ar-gardenijas-un-vanilas-aromatu\/#primaryimage\"},\"thumbnailUrl\":\"https:\/\/women.lv\/wp-content\/uploads\/nc\/catalog\/CHiC\/Senses\/senses-shower-gel-garden-vanilla.jpg\",\"datePublished\":\"2020-10-30T14:51:27+00:00\",\"dateModified\":\"2025-11-05T13:26:17+00:00\",\"description\":\"Gard\u0113niju, bergamotes un sald\u0101s vani\u013cas arom\u0101ts Produktu l\u012bnija, kas stimul\u0113 ma\u0146as ...\",\"breadcrumb\":{\"@id\":\"https:\/\/women.lv\/product\/aromatiska-dusas-zeleja-ar-gardenijas-un-vanilas-aromatu\/#breadcrumb\"},\"inLanguage\":\"en-GB\",\"potentialAction\":[{\"@type\":\"ReadAction\",\"target\":[\"https:\/\/women.lv\/product\/aromatiska-dusas-zeleja-ar-gardenijas-un-vanilas-aromatu\/\"]}]},{\"@type\":\"ImageObject\",\"inLanguage\":\"en-GB\",\"@id\":\"https:\/\/women.lv\/product\/aromatiska-dusas-zeleja-ar-gardenijas-un-vanilas-aromatu\/#primaryimage\",\"url\":\"https:\/\/women.lv\/wp-content\/uploads\/nc\/catalog\/CHiC\/Senses\/senses-shower-gel-garden-vanilla.jpg\",\"contentUrl\":\"https:\/\/women.lv\/wp-content\/uploads\/nc\/catalog\/CHiC\/Senses\/senses-shower-gel-garden-vanilla.jpg\",\"width\":459,\"height\":600,\"caption\":\"Arom\u0101tiska du\u0161as \u017eeleja ar gard\u0113nijas un vani\u013cas arom\u0101tu\"},{\"@type\":\"BreadcrumbList\",\"@id\":\"https:\/\/women.lv\/product\/aromatiska-dusas-zeleja-ar-gardenijas-un-vanilas-aromatu\/#breadcrumb\",\"itemListElement\":[{\"@type\":\"ListItem\",\"position\":1,\"name\":\"Home\",\"item\":\"https:\/\/women.lv\/\"},{\"@type\":\"ListItem\",\"position\":2,\"name\":\"Products\",\"item\":\"https:\/\/women.lv\/en\/shop\/\"},{\"@type\":\"ListItem\",\"position\":3,\"name\":\"Arom\u0101tiska du\u0161as \u017eeleja ar gard\u0113nijas un vani\u013cas arom\u0101tu\"}]},{\"@type\":\"WebSite\",\"@id\":\"https:\/\/women.lv\/#website\",\"url\":\"https:\/\/women.lv\/\",\"name\":\"Women Veikals\",\"description\":\"Uzdr\u012bksties b\u016bt skaista\",\"potentialAction\":[{\"@type\":\"SearchAction\",\"target\":{\"@type\":\"EntryPoint\",\"urlTemplate\":\"https:\/\/women.lv\/?s={search_term_string}\"},\"query-input\":{\"@type\":\"PropertyValueSpecification\",\"valueRequired\":true,\"valueName\":\"search_term_string\"}}],\"inLanguage\":\"en-GB\"}]}<\/script>\n<!-- \/ Yoast SEO plugin. -->","yoast_head_json":{"title":"Arom\u0101tiska du\u0161as \u017eeleja ar gard\u0113nijas un vani\u013cas arom\u0101tu","description":"Gard\u0113niju, bergamotes un sald\u0101s vani\u013cas arom\u0101ts Produktu l\u012bnija, kas stimul\u0113 ma\u0146as ...","robots":{"index":"index","follow":"follow","max-snippet":"max-snippet:-1","max-image-preview":"max-image-preview:large","max-video-preview":"max-video-preview:-1"},"canonical":"https:\/\/women.lv\/en\/product\/aromatiska-dusas-zeleja-ar-gardenijas-un-vanilas-aromatu\/","og_locale":"en_GB","og_type":"article","og_title":"Arom\u0101tiska du\u0161as \u017eeleja ar gard\u0113nijas un vani\u013cas arom\u0101tu","og_description":"Gard\u0113niju, bergamotes un sald\u0101s vani\u013cas arom\u0101ts Produktu l\u012bnija, kas stimul\u0113 ma\u0146as ...","og_url":"https:\/\/women.lv\/en\/product\/aromatiska-dusas-zeleja-ar-gardenijas-un-vanilas-aromatu\/","og_site_name":"Women Veikals","article_modified_time":"2025-11-05T13:26:17+00:00","og_image":[{"width":459,"height":600,"url":"https:\/\/women.lv\/wp-content\/uploads\/nc\/catalog\/CHiC\/Senses\/senses-shower-gel-garden-vanilla.jpg","type":"image\/jpeg"}],"twitter_card":"summary_large_image","twitter_misc":{"Estimated reading time":"1 minute"},"schema":{"@context":"https:\/\/schema.org","@graph":[{"@type":"WebPage","@id":"https:\/\/women.lv\/product\/aromatiska-dusas-zeleja-ar-gardenijas-un-vanilas-aromatu\/","url":"https:\/\/women.lv\/product\/aromatiska-dusas-zeleja-ar-gardenijas-un-vanilas-aromatu\/","name":"Arom\u0101tiska du\u0161as \u017eeleja ar gard\u0113nijas un vani\u013cas arom\u0101tu","isPartOf":{"@id":"https:\/\/women.lv\/#website"},"primaryImageOfPage":{"@id":"https:\/\/women.lv\/product\/aromatiska-dusas-zeleja-ar-gardenijas-un-vanilas-aromatu\/#primaryimage"},"image":{"@id":"https:\/\/women.lv\/product\/aromatiska-dusas-zeleja-ar-gardenijas-un-vanilas-aromatu\/#primaryimage"},"thumbnailUrl":"https:\/\/women.lv\/wp-content\/uploads\/nc\/catalog\/CHiC\/Senses\/senses-shower-gel-garden-vanilla.jpg","datePublished":"2020-10-30T14:51:27+00:00","dateModified":"2025-11-05T13:26:17+00:00","description":"Gard\u0113niju, bergamotes un sald\u0101s vani\u013cas arom\u0101ts Produktu l\u012bnija, kas stimul\u0113 ma\u0146as ...","breadcrumb":{"@id":"https:\/\/women.lv\/product\/aromatiska-dusas-zeleja-ar-gardenijas-un-vanilas-aromatu\/#breadcrumb"},"inLanguage":"en-GB","potentialAction":[{"@type":"ReadAction","target":["https:\/\/women.lv\/product\/aromatiska-dusas-zeleja-ar-gardenijas-un-vanilas-aromatu\/"]}]},{"@type":"ImageObject","inLanguage":"en-GB","@id":"https:\/\/women.lv\/product\/aromatiska-dusas-zeleja-ar-gardenijas-un-vanilas-aromatu\/#primaryimage","url":"https:\/\/women.lv\/wp-content\/uploads\/nc\/catalog\/CHiC\/Senses\/senses-shower-gel-garden-vanilla.jpg","contentUrl":"https:\/\/women.lv\/wp-content\/uploads\/nc\/catalog\/CHiC\/Senses\/senses-shower-gel-garden-vanilla.jpg","width":459,"height":600,"caption":"Arom\u0101tiska du\u0161as \u017eeleja ar gard\u0113nijas un vani\u013cas arom\u0101tu"},{"@type":"BreadcrumbList","@id":"https:\/\/women.lv\/product\/aromatiska-dusas-zeleja-ar-gardenijas-un-vanilas-aromatu\/#breadcrumb","itemListElement":[{"@type":"ListItem","position":1,"name":"Home","item":"https:\/\/women.lv\/"},{"@type":"ListItem","position":2,"name":"Products","item":"https:\/\/women.lv\/en\/shop\/"},{"@type":"ListItem","position":3,"name":"Arom\u0101tiska du\u0161as \u017eeleja ar gard\u0113nijas un vani\u013cas arom\u0101tu"}]},{"@type":"WebSite","@id":"https:\/\/women.lv\/#website","url":"https:\/\/women.lv\/","name":"Women Veikals","description":"Uzdr\u012bksties b\u016bt skaista","potentialAction":[{"@type":"SearchAction","target":{"@type":"EntryPoint","urlTemplate":"https:\/\/women.lv\/?s={search_term_string}"},"query-input":{"@type":"PropertyValueSpecification","valueRequired":true,"valueName":"search_term_string"}}],"inLanguage":"en-GB"}]}},"_links":{"self":[{"href":"https:\/\/women.lv\/en\/wp-json\/wp\/v2\/product\/28729","targetHints":{"allow":["GET"]}}],"collection":[{"href":"https:\/\/women.lv\/en\/wp-json\/wp\/v2\/product"}],"about":[{"href":"https:\/\/women.lv\/en\/wp-json\/wp\/v2\/types\/product"}],"replies":[{"embeddable":true,"href":"https:\/\/women.lv\/en\/wp-json\/wp\/v2\/comments?post=28729"}],"version-history":[{"count":1,"href":"https:\/\/women.lv\/en\/wp-json\/wp\/v2\/product\/28729\/revisions"}],"predecessor-version":[{"id":29716,"href":"https:\/\/women.lv\/en\/wp-json\/wp\/v2\/product\/28729\/revisions\/29716"}],"wp:featuredmedia":[{"embeddable":true,"href":"https:\/\/women.lv\/en\/wp-json\/wp\/v2\/media\/28730"}],"wp:attachment":[{"href":"https:\/\/women.lv\/en\/wp-json\/wp\/v2\/media?parent=28729"}],"wp:term":[{"taxonomy":"product_brand","embeddable":true,"href":"https:\/\/women.lv\/en\/wp-json\/wp\/v2\/product_brand?post=28729"},{"taxonomy":"product_cat","embeddable":true,"href":"https:\/\/women.lv\/en\/wp-json\/wp\/v2\/product_cat?post=28729"},{"taxonomy":"product_tag","embeddable":true,"href":"https:\/\/women.lv\/en\/wp-json\/wp\/v2\/product_tag?post=28729"}],"curies":[{"name":"wp","href":"https:\/\/api.w.org\/{rel}","templated":true}]}}