{"id":28725,"date":"2020-10-30T14:09:09","date_gmt":"2020-10-30T14:09:09","guid":{"rendered":"https:\/\/women.lv\/?product=aromatizets-kermena-sviests-ar-dzintara-magnolijas-aromatu"},"modified":"2025-11-05T13:26:17","modified_gmt":"2025-11-05T13:26:17","slug":"kermena-sviests-dzintara-magnolia","status":"publish","type":"product","link":"https:\/\/women.lv\/en\/product\/kermena-sviests-dzintara-magnolia\/","title":{"rendered":"Aromatized body butter with amber magnolia scent"},"content":{"rendered":"<p><span style=\"font-family: Helvetica;\"><span style=\"font-size: 18px;\"><b>Body butter for skin nourishment<\/b><\/span><\/span><\/p>\n<p><span style=\"font-family: Helvetica;\"><span style=\"font-size: 18px;\">Aromatiz\u0113ts \u0137erme\u0146a sviests, kur\u0161 &#8220;stimul\u0113 J\u016bsu ma\u0146as&#8221;.\u00a0 Tam ir bieza tekst\u016bra, kas viegli uzs\u016bcas un nepadara J\u016bsu \u0101du taukainu. Satur \u0161\u012b sviestu un kokosriekstu e\u013c\u013cu, kuras baro un aizsarg\u0101 \u0101du, k\u0101 ar\u012b dabiskos miner\u0101lus no N\u0101ves j\u016bras.\u00a0Pamatojas uz saldu, smar\u017e\u012bgu magnoliju un nosl\u0113pumain\u0101 dzintara ekstraktiem, kas vijas ar greipfr\u016btu un lotosa ziedu arom\u0101tu.<\/span><\/span><\/p>\n<ul>\n<li><span style=\"font-family: Helvetica;\"><span style=\"font-size: 18px;\">Easily absorbed and does not make the skin greasy<\/span><\/span><\/li>\n<li><span style=\"font-family: Helvetica;\"><span style=\"font-size: 18px;\">Softens, nourishes and protects the skin<\/span><\/span><\/li>\n<li><span style=\"font-family: Helvetica;\"><span style=\"font-size: 18px;\">For healthier and more elastic skin<\/span><\/span><\/li>\n<li><span style=\"font-family: Helvetica;\"><span style=\"font-size: 18px;\">Long lasting fragrance<\/span><\/span><\/li>\n<\/ul>\n<p><span style=\"font-family: Helvetica;\"><span style=\"font-size: 18px;\"><b>Contains shea butter, coconut oil and Dead Sea minerals<\/b><\/span><\/span><\/p>\n<p><span style=\"font-family: Helvetica;\"><span style=\"font-size: 18px;\">A line of products that stimulate the senses...<\/span><\/span><\/p>","protected":false},"excerpt":{"rendered":"<p>Body butter for nourishing the skin Aromatized body butter that &quot;stimulates your senses&quot;. It has a thick texture that absorbs easily and doesn&#039;t leave a stain<\/p>","protected":false},"featured_media":28726,"comment_status":"open","ping_status":"closed","template":"","meta":[],"product_brand":[],"product_cat":[2208,2216,2215],"product_tag":[3334,3322,3323,3335,2244,2243,4049,2245],"class_list":{"0":"post-28725","1":"product","2":"type-product","3":"status-publish","4":"has-post-thumbnail","6":"product_cat-kermena-kopsanas-lidzekii","7":"product_cat-kermena-mitrinasana-un-barosana","8":"product_cat-visi-produkti","9":"product_tag-aromatizets-kermena-sviests-ar-dzintara-magnolijas-aromatu","10":"product_tag-chic","11":"product_tag-chic-senses","12":"product_tag-fragrant-body-butter-magnolia-amber","13":"product_tag-israel","14":"product_tag-izraela","15":"product_tag-------2","16":"product_tag-2245","17":"pa_brand_nc-chic-senses","18":"pa_ean_nc-4050","20":"first","21":"instock","22":"sale","23":"taxable","24":"shipping-taxable","25":"purchasable","26":"product-type-simple"},"yoast_head":"<!-- This site is optimized with the Yoast SEO plugin v23.9 - https:\/\/yoast.com\/wordpress\/plugins\/seo\/ -->\n<title>Aromatiz\u0113ts \u0137erme\u0146a sviests ar dzintara magnolijas arom\u0101tu<\/title>\n<meta name=\"description\" content=\"Produktu l\u012bnija, kas stimul\u0113 ma\u0146as ...\" \/>\n<meta name=\"robots\" content=\"index, follow, max-snippet:-1, max-image-preview:large, max-video-preview:-1\" \/>\n<link rel=\"canonical\" href=\"https:\/\/women.lv\/en\/product\/kermena-sviests-dzintara-magnolia\/\" \/>\n<meta property=\"og:locale\" content=\"en_GB\" \/>\n<meta property=\"og:type\" content=\"article\" \/>\n<meta property=\"og:title\" content=\"Aromatiz\u0113ts \u0137erme\u0146a sviests ar dzintara magnolijas arom\u0101tu\" \/>\n<meta property=\"og:description\" content=\"Produktu l\u012bnija, kas stimul\u0113 ma\u0146as ...\" \/>\n<meta property=\"og:url\" content=\"https:\/\/women.lv\/en\/product\/kermena-sviests-dzintara-magnolia\/\" \/>\n<meta property=\"og:site_name\" content=\"Women Veikals\" \/>\n<meta property=\"article:modified_time\" content=\"2025-11-05T13:26:17+00:00\" \/>\n<meta property=\"og:image\" content=\"https:\/\/women.lv\/wp-content\/uploads\/nc\/catalog\/CHiC\/Senses\/senses-butter-product-amber-magnolia.jpg\" \/>\n\t<meta property=\"og:image:width\" content=\"711\" \/>\n\t<meta property=\"og:image:height\" content=\"583\" \/>\n\t<meta property=\"og:image:type\" content=\"image\/jpeg\" \/>\n<meta name=\"twitter:card\" content=\"summary_large_image\" \/>\n<meta name=\"twitter:label1\" content=\"Estimated reading time\" \/>\n\t<meta name=\"twitter:data1\" content=\"1 minute\" \/>\n<script type=\"application\/ld+json\" class=\"yoast-schema-graph\">{\"@context\":\"https:\/\/schema.org\",\"@graph\":[{\"@type\":\"WebPage\",\"@id\":\"https:\/\/women.lv\/product\/kermena-sviests-dzintara-magnolia\/\",\"url\":\"https:\/\/women.lv\/product\/kermena-sviests-dzintara-magnolia\/\",\"name\":\"Aromatiz\u0113ts \u0137erme\u0146a sviests ar dzintara magnolijas arom\u0101tu\",\"isPartOf\":{\"@id\":\"https:\/\/women.lv\/#website\"},\"primaryImageOfPage\":{\"@id\":\"https:\/\/women.lv\/product\/kermena-sviests-dzintara-magnolia\/#primaryimage\"},\"image\":{\"@id\":\"https:\/\/women.lv\/product\/kermena-sviests-dzintara-magnolia\/#primaryimage\"},\"thumbnailUrl\":\"https:\/\/women.lv\/wp-content\/uploads\/nc\/catalog\/CHiC\/Senses\/senses-butter-product-amber-magnolia.jpg\",\"datePublished\":\"2020-10-30T14:09:09+00:00\",\"dateModified\":\"2025-11-05T13:26:17+00:00\",\"description\":\"Produktu l\u012bnija, kas stimul\u0113 ma\u0146as ...\",\"breadcrumb\":{\"@id\":\"https:\/\/women.lv\/product\/kermena-sviests-dzintara-magnolia\/#breadcrumb\"},\"inLanguage\":\"en-GB\",\"potentialAction\":[{\"@type\":\"ReadAction\",\"target\":[\"https:\/\/women.lv\/product\/kermena-sviests-dzintara-magnolia\/\"]}]},{\"@type\":\"ImageObject\",\"inLanguage\":\"en-GB\",\"@id\":\"https:\/\/women.lv\/product\/kermena-sviests-dzintara-magnolia\/#primaryimage\",\"url\":\"https:\/\/women.lv\/wp-content\/uploads\/nc\/catalog\/CHiC\/Senses\/senses-butter-product-amber-magnolia.jpg\",\"contentUrl\":\"https:\/\/women.lv\/wp-content\/uploads\/nc\/catalog\/CHiC\/Senses\/senses-butter-product-amber-magnolia.jpg\",\"width\":711,\"height\":583,\"caption\":\"Aromatiz\u0113ts \u0137erme\u0146a sviests ar dzintara magnolijas arom\u0101tu\"},{\"@type\":\"BreadcrumbList\",\"@id\":\"https:\/\/women.lv\/product\/kermena-sviests-dzintara-magnolia\/#breadcrumb\",\"itemListElement\":[{\"@type\":\"ListItem\",\"position\":1,\"name\":\"Home\",\"item\":\"https:\/\/women.lv\/\"},{\"@type\":\"ListItem\",\"position\":2,\"name\":\"Products\",\"item\":\"https:\/\/women.lv\/en\/shop\/\"},{\"@type\":\"ListItem\",\"position\":3,\"name\":\"Aromatiz\u0113ts \u0137erme\u0146a sviests ar dzintara magnolijas arom\u0101tu\"}]},{\"@type\":\"WebSite\",\"@id\":\"https:\/\/women.lv\/#website\",\"url\":\"https:\/\/women.lv\/\",\"name\":\"Women Veikals\",\"description\":\"Uzdr\u012bksties b\u016bt skaista\",\"potentialAction\":[{\"@type\":\"SearchAction\",\"target\":{\"@type\":\"EntryPoint\",\"urlTemplate\":\"https:\/\/women.lv\/?s={search_term_string}\"},\"query-input\":{\"@type\":\"PropertyValueSpecification\",\"valueRequired\":true,\"valueName\":\"search_term_string\"}}],\"inLanguage\":\"en-GB\"}]}<\/script>\n<!-- \/ Yoast SEO plugin. -->","yoast_head_json":{"title":"Aromatiz\u0113ts \u0137erme\u0146a sviests ar dzintara magnolijas arom\u0101tu","description":"Produktu l\u012bnija, kas stimul\u0113 ma\u0146as ...","robots":{"index":"index","follow":"follow","max-snippet":"max-snippet:-1","max-image-preview":"max-image-preview:large","max-video-preview":"max-video-preview:-1"},"canonical":"https:\/\/women.lv\/en\/product\/kermena-sviests-dzintara-magnolia\/","og_locale":"en_GB","og_type":"article","og_title":"Aromatiz\u0113ts \u0137erme\u0146a sviests ar dzintara magnolijas arom\u0101tu","og_description":"Produktu l\u012bnija, kas stimul\u0113 ma\u0146as ...","og_url":"https:\/\/women.lv\/en\/product\/kermena-sviests-dzintara-magnolia\/","og_site_name":"Women Veikals","article_modified_time":"2025-11-05T13:26:17+00:00","og_image":[{"width":711,"height":583,"url":"https:\/\/women.lv\/wp-content\/uploads\/nc\/catalog\/CHiC\/Senses\/senses-butter-product-amber-magnolia.jpg","type":"image\/jpeg"}],"twitter_card":"summary_large_image","twitter_misc":{"Estimated reading time":"1 minute"},"schema":{"@context":"https:\/\/schema.org","@graph":[{"@type":"WebPage","@id":"https:\/\/women.lv\/product\/kermena-sviests-dzintara-magnolia\/","url":"https:\/\/women.lv\/product\/kermena-sviests-dzintara-magnolia\/","name":"Aromatiz\u0113ts \u0137erme\u0146a sviests ar dzintara magnolijas arom\u0101tu","isPartOf":{"@id":"https:\/\/women.lv\/#website"},"primaryImageOfPage":{"@id":"https:\/\/women.lv\/product\/kermena-sviests-dzintara-magnolia\/#primaryimage"},"image":{"@id":"https:\/\/women.lv\/product\/kermena-sviests-dzintara-magnolia\/#primaryimage"},"thumbnailUrl":"https:\/\/women.lv\/wp-content\/uploads\/nc\/catalog\/CHiC\/Senses\/senses-butter-product-amber-magnolia.jpg","datePublished":"2020-10-30T14:09:09+00:00","dateModified":"2025-11-05T13:26:17+00:00","description":"Produktu l\u012bnija, kas stimul\u0113 ma\u0146as ...","breadcrumb":{"@id":"https:\/\/women.lv\/product\/kermena-sviests-dzintara-magnolia\/#breadcrumb"},"inLanguage":"en-GB","potentialAction":[{"@type":"ReadAction","target":["https:\/\/women.lv\/product\/kermena-sviests-dzintara-magnolia\/"]}]},{"@type":"ImageObject","inLanguage":"en-GB","@id":"https:\/\/women.lv\/product\/kermena-sviests-dzintara-magnolia\/#primaryimage","url":"https:\/\/women.lv\/wp-content\/uploads\/nc\/catalog\/CHiC\/Senses\/senses-butter-product-amber-magnolia.jpg","contentUrl":"https:\/\/women.lv\/wp-content\/uploads\/nc\/catalog\/CHiC\/Senses\/senses-butter-product-amber-magnolia.jpg","width":711,"height":583,"caption":"Aromatiz\u0113ts \u0137erme\u0146a sviests ar dzintara magnolijas arom\u0101tu"},{"@type":"BreadcrumbList","@id":"https:\/\/women.lv\/product\/kermena-sviests-dzintara-magnolia\/#breadcrumb","itemListElement":[{"@type":"ListItem","position":1,"name":"Home","item":"https:\/\/women.lv\/"},{"@type":"ListItem","position":2,"name":"Products","item":"https:\/\/women.lv\/en\/shop\/"},{"@type":"ListItem","position":3,"name":"Aromatiz\u0113ts \u0137erme\u0146a sviests ar dzintara magnolijas arom\u0101tu"}]},{"@type":"WebSite","@id":"https:\/\/women.lv\/#website","url":"https:\/\/women.lv\/","name":"Women Veikals","description":"Uzdr\u012bksties b\u016bt skaista","potentialAction":[{"@type":"SearchAction","target":{"@type":"EntryPoint","urlTemplate":"https:\/\/women.lv\/?s={search_term_string}"},"query-input":{"@type":"PropertyValueSpecification","valueRequired":true,"valueName":"search_term_string"}}],"inLanguage":"en-GB"}]}},"_links":{"self":[{"href":"https:\/\/women.lv\/en\/wp-json\/wp\/v2\/product\/28725","targetHints":{"allow":["GET"]}}],"collection":[{"href":"https:\/\/women.lv\/en\/wp-json\/wp\/v2\/product"}],"about":[{"href":"https:\/\/women.lv\/en\/wp-json\/wp\/v2\/types\/product"}],"replies":[{"embeddable":true,"href":"https:\/\/women.lv\/en\/wp-json\/wp\/v2\/comments?post=28725"}],"version-history":[{"count":1,"href":"https:\/\/women.lv\/en\/wp-json\/wp\/v2\/product\/28725\/revisions"}],"predecessor-version":[{"id":29718,"href":"https:\/\/women.lv\/en\/wp-json\/wp\/v2\/product\/28725\/revisions\/29718"}],"wp:featuredmedia":[{"embeddable":true,"href":"https:\/\/women.lv\/en\/wp-json\/wp\/v2\/media\/28726"}],"wp:attachment":[{"href":"https:\/\/women.lv\/en\/wp-json\/wp\/v2\/media?parent=28725"}],"wp:term":[{"taxonomy":"product_brand","embeddable":true,"href":"https:\/\/women.lv\/en\/wp-json\/wp\/v2\/product_brand?post=28725"},{"taxonomy":"product_cat","embeddable":true,"href":"https:\/\/women.lv\/en\/wp-json\/wp\/v2\/product_cat?post=28725"},{"taxonomy":"product_tag","embeddable":true,"href":"https:\/\/women.lv\/en\/wp-json\/wp\/v2\/product_tag?post=28725"}],"curies":[{"name":"wp","href":"https:\/\/api.w.org\/{rel}","templated":true}]}}