{"id":28721,"date":"2020-10-30T14:00:48","date_gmt":"2020-10-30T14:00:48","guid":{"rendered":"https:\/\/women.lv\/?product=aromatizets-kermena-sviests-ar-mandarinu-un-muskusa-aromatu"},"modified":"2025-11-05T13:26:16","modified_gmt":"2025-11-05T13:26:16","slug":"kermena-sviests-mandarins-muskus","status":"publish","type":"product","link":"https:\/\/women.lv\/en\/product\/kermena-sviests-mandarins-muskus\/","title":{"rendered":"Flavored body butter with tangerine and musk aroma"},"content":{"rendered":"<p><span style=\"font-family: Helvetica;\"><span style=\"font-size: 18px;\"><b>Body butter for skin nourishment<\/b><\/span><\/span><\/p>\n<p><span style=\"font-family: Helvetica;\"><span style=\"font-size: 18px;\">Aromatized body butter that &quot;stimulates your senses&quot;. It has a thick texture that is easily absorbed and does not make your skin greasy. Contains shea butter and coconut oil, which nourish and protect the skin, as well as natural minerals from the Dead Sea. The base of the fragrance is mandarin, bergamot, violet and sandalwood extracts with sweet extracts of vanilla extract, musk and patchouli.\u00a0<\/span><\/span><\/p>\n<ul>\n<li><span style=\"font-family: Helvetica;\"><span style=\"font-size: 18px;\">Easily absorbed and does not make the skin greasy<\/span><\/span><\/li>\n<li><span style=\"font-family: Helvetica;\"><span style=\"font-size: 18px;\">Softens, nourishes and protects the skin<\/span><\/span><\/li>\n<li><span style=\"font-family: Helvetica;\"><span style=\"font-size: 18px;\">For healthier and more elastic skin<\/span><\/span><\/li>\n<li><span style=\"font-family: Helvetica;\"><span style=\"font-size: 18px;\">Long lasting fragrance<\/span><\/span><\/li>\n<\/ul>\n<p><span style=\"font-family: Helvetica;\"><span style=\"font-size: 18px;\"><b>Contains shea butter, coconut oil and Dead Sea minerals<\/b><\/span><\/span><\/p>\n<p><span style=\"font-family: Helvetica;\"><span style=\"font-size: 18px;\">A line of products that stimulate the senses...<\/span><\/span><\/p>","protected":false},"excerpt":{"rendered":"<p>Body butter for nourishing the skin Aromatized body butter that &quot;stimulates your senses&quot;. It has a thick texture that absorbs easily and doesn&#039;t leave a stain<\/p>","protected":false},"featured_media":28722,"comment_status":"open","ping_status":"closed","template":"","meta":[],"product_brand":[],"product_cat":[2208,2216,2215],"product_tag":[3325,3322,3323,3327,2244,2243,3324,3326,2245],"class_list":{"0":"post-28721","1":"product","2":"type-product","3":"status-publish","4":"has-post-thumbnail","6":"product_cat-kermena-kopsanas-lidzekii","7":"product_cat-kermena-mitrinasana-un-barosana","8":"product_cat-visi-produkti","9":"product_tag-aromatizets-kermena-sviests-ar-mandarinu-un-muskusa-aromatu","10":"product_tag-chic","11":"product_tag-chic-senses","12":"product_tag-fragrant-body-butter-mandarin-musk","13":"product_tag-israel","14":"product_tag-izraela","15":"product_tag-senses","16":"product_tag-3326","17":"product_tag-2245","18":"pa_brand_nc-chic-senses","19":"pa_ean_nc-4047","21":"first","22":"instock","23":"sale","24":"taxable","25":"shipping-taxable","26":"purchasable","27":"product-type-simple"},"yoast_head":"<!-- This site is optimized with the Yoast SEO plugin v23.9 - https:\/\/yoast.com\/wordpress\/plugins\/seo\/ -->\n<title>Aromatiz\u0113ts \u0137erme\u0146a sviests ar mandar\u012bnu un muskusa arom\u0101tu<\/title>\n<meta name=\"description\" content=\"Produktu l\u012bnija, kas stimul\u0113 ma\u0146as ...\" \/>\n<meta name=\"robots\" content=\"index, follow, max-snippet:-1, max-image-preview:large, max-video-preview:-1\" \/>\n<link rel=\"canonical\" href=\"https:\/\/women.lv\/en\/product\/kermena-sviests-mandarins-muskus\/\" \/>\n<meta property=\"og:locale\" content=\"en_GB\" \/>\n<meta property=\"og:type\" content=\"article\" \/>\n<meta property=\"og:title\" content=\"Aromatiz\u0113ts \u0137erme\u0146a sviests ar mandar\u012bnu un muskusa arom\u0101tu\" \/>\n<meta property=\"og:description\" content=\"Produktu l\u012bnija, kas stimul\u0113 ma\u0146as ...\" \/>\n<meta property=\"og:url\" content=\"https:\/\/women.lv\/en\/product\/kermena-sviests-mandarins-muskus\/\" \/>\n<meta property=\"og:site_name\" content=\"Women Veikals\" \/>\n<meta property=\"article:modified_time\" content=\"2025-11-05T13:26:16+00:00\" \/>\n<meta property=\"og:image\" content=\"https:\/\/women.lv\/wp-content\/uploads\/nc\/catalog\/CHiC\/Senses\/senses-butter-product-mandarin-musk.jpg\" \/>\n\t<meta property=\"og:image:width\" content=\"711\" \/>\n\t<meta property=\"og:image:height\" content=\"583\" \/>\n\t<meta property=\"og:image:type\" content=\"image\/jpeg\" \/>\n<meta name=\"twitter:card\" content=\"summary_large_image\" \/>\n<meta name=\"twitter:label1\" content=\"Estimated reading time\" \/>\n\t<meta name=\"twitter:data1\" content=\"1 minute\" \/>\n<script type=\"application\/ld+json\" class=\"yoast-schema-graph\">{\"@context\":\"https:\/\/schema.org\",\"@graph\":[{\"@type\":\"WebPage\",\"@id\":\"https:\/\/women.lv\/product\/kermena-sviests-mandarins-muskus\/\",\"url\":\"https:\/\/women.lv\/product\/kermena-sviests-mandarins-muskus\/\",\"name\":\"Aromatiz\u0113ts \u0137erme\u0146a sviests ar mandar\u012bnu un muskusa arom\u0101tu\",\"isPartOf\":{\"@id\":\"https:\/\/women.lv\/#website\"},\"primaryImageOfPage\":{\"@id\":\"https:\/\/women.lv\/product\/kermena-sviests-mandarins-muskus\/#primaryimage\"},\"image\":{\"@id\":\"https:\/\/women.lv\/product\/kermena-sviests-mandarins-muskus\/#primaryimage\"},\"thumbnailUrl\":\"https:\/\/women.lv\/wp-content\/uploads\/nc\/catalog\/CHiC\/Senses\/senses-butter-product-mandarin-musk.jpg\",\"datePublished\":\"2020-10-30T14:00:48+00:00\",\"dateModified\":\"2025-11-05T13:26:16+00:00\",\"description\":\"Produktu l\u012bnija, kas stimul\u0113 ma\u0146as ...\",\"breadcrumb\":{\"@id\":\"https:\/\/women.lv\/product\/kermena-sviests-mandarins-muskus\/#breadcrumb\"},\"inLanguage\":\"en-GB\",\"potentialAction\":[{\"@type\":\"ReadAction\",\"target\":[\"https:\/\/women.lv\/product\/kermena-sviests-mandarins-muskus\/\"]}]},{\"@type\":\"ImageObject\",\"inLanguage\":\"en-GB\",\"@id\":\"https:\/\/women.lv\/product\/kermena-sviests-mandarins-muskus\/#primaryimage\",\"url\":\"https:\/\/women.lv\/wp-content\/uploads\/nc\/catalog\/CHiC\/Senses\/senses-butter-product-mandarin-musk.jpg\",\"contentUrl\":\"https:\/\/women.lv\/wp-content\/uploads\/nc\/catalog\/CHiC\/Senses\/senses-butter-product-mandarin-musk.jpg\",\"width\":711,\"height\":583,\"caption\":\"Aromatiz\u0113ts \u0137erme\u0146a sviests ar mandar\u012bnu un muskusa arom\u0101tu\"},{\"@type\":\"BreadcrumbList\",\"@id\":\"https:\/\/women.lv\/product\/kermena-sviests-mandarins-muskus\/#breadcrumb\",\"itemListElement\":[{\"@type\":\"ListItem\",\"position\":1,\"name\":\"Home\",\"item\":\"https:\/\/women.lv\/\"},{\"@type\":\"ListItem\",\"position\":2,\"name\":\"Products\",\"item\":\"https:\/\/women.lv\/en\/shop\/\"},{\"@type\":\"ListItem\",\"position\":3,\"name\":\"Aromatiz\u0113ts \u0137erme\u0146a sviests ar mandar\u012bnu un muskusa arom\u0101tu\"}]},{\"@type\":\"WebSite\",\"@id\":\"https:\/\/women.lv\/#website\",\"url\":\"https:\/\/women.lv\/\",\"name\":\"Women Veikals\",\"description\":\"Uzdr\u012bksties b\u016bt skaista\",\"potentialAction\":[{\"@type\":\"SearchAction\",\"target\":{\"@type\":\"EntryPoint\",\"urlTemplate\":\"https:\/\/women.lv\/?s={search_term_string}\"},\"query-input\":{\"@type\":\"PropertyValueSpecification\",\"valueRequired\":true,\"valueName\":\"search_term_string\"}}],\"inLanguage\":\"en-GB\"}]}<\/script>\n<!-- \/ Yoast SEO plugin. -->","yoast_head_json":{"title":"Aromatiz\u0113ts \u0137erme\u0146a sviests ar mandar\u012bnu un muskusa arom\u0101tu","description":"Produktu l\u012bnija, kas stimul\u0113 ma\u0146as ...","robots":{"index":"index","follow":"follow","max-snippet":"max-snippet:-1","max-image-preview":"max-image-preview:large","max-video-preview":"max-video-preview:-1"},"canonical":"https:\/\/women.lv\/en\/product\/kermena-sviests-mandarins-muskus\/","og_locale":"en_GB","og_type":"article","og_title":"Aromatiz\u0113ts \u0137erme\u0146a sviests ar mandar\u012bnu un muskusa arom\u0101tu","og_description":"Produktu l\u012bnija, kas stimul\u0113 ma\u0146as ...","og_url":"https:\/\/women.lv\/en\/product\/kermena-sviests-mandarins-muskus\/","og_site_name":"Women Veikals","article_modified_time":"2025-11-05T13:26:16+00:00","og_image":[{"width":711,"height":583,"url":"https:\/\/women.lv\/wp-content\/uploads\/nc\/catalog\/CHiC\/Senses\/senses-butter-product-mandarin-musk.jpg","type":"image\/jpeg"}],"twitter_card":"summary_large_image","twitter_misc":{"Estimated reading time":"1 minute"},"schema":{"@context":"https:\/\/schema.org","@graph":[{"@type":"WebPage","@id":"https:\/\/women.lv\/product\/kermena-sviests-mandarins-muskus\/","url":"https:\/\/women.lv\/product\/kermena-sviests-mandarins-muskus\/","name":"Aromatiz\u0113ts \u0137erme\u0146a sviests ar mandar\u012bnu un muskusa arom\u0101tu","isPartOf":{"@id":"https:\/\/women.lv\/#website"},"primaryImageOfPage":{"@id":"https:\/\/women.lv\/product\/kermena-sviests-mandarins-muskus\/#primaryimage"},"image":{"@id":"https:\/\/women.lv\/product\/kermena-sviests-mandarins-muskus\/#primaryimage"},"thumbnailUrl":"https:\/\/women.lv\/wp-content\/uploads\/nc\/catalog\/CHiC\/Senses\/senses-butter-product-mandarin-musk.jpg","datePublished":"2020-10-30T14:00:48+00:00","dateModified":"2025-11-05T13:26:16+00:00","description":"Produktu l\u012bnija, kas stimul\u0113 ma\u0146as ...","breadcrumb":{"@id":"https:\/\/women.lv\/product\/kermena-sviests-mandarins-muskus\/#breadcrumb"},"inLanguage":"en-GB","potentialAction":[{"@type":"ReadAction","target":["https:\/\/women.lv\/product\/kermena-sviests-mandarins-muskus\/"]}]},{"@type":"ImageObject","inLanguage":"en-GB","@id":"https:\/\/women.lv\/product\/kermena-sviests-mandarins-muskus\/#primaryimage","url":"https:\/\/women.lv\/wp-content\/uploads\/nc\/catalog\/CHiC\/Senses\/senses-butter-product-mandarin-musk.jpg","contentUrl":"https:\/\/women.lv\/wp-content\/uploads\/nc\/catalog\/CHiC\/Senses\/senses-butter-product-mandarin-musk.jpg","width":711,"height":583,"caption":"Aromatiz\u0113ts \u0137erme\u0146a sviests ar mandar\u012bnu un muskusa arom\u0101tu"},{"@type":"BreadcrumbList","@id":"https:\/\/women.lv\/product\/kermena-sviests-mandarins-muskus\/#breadcrumb","itemListElement":[{"@type":"ListItem","position":1,"name":"Home","item":"https:\/\/women.lv\/"},{"@type":"ListItem","position":2,"name":"Products","item":"https:\/\/women.lv\/en\/shop\/"},{"@type":"ListItem","position":3,"name":"Aromatiz\u0113ts \u0137erme\u0146a sviests ar mandar\u012bnu un muskusa arom\u0101tu"}]},{"@type":"WebSite","@id":"https:\/\/women.lv\/#website","url":"https:\/\/women.lv\/","name":"Women Veikals","description":"Uzdr\u012bksties b\u016bt skaista","potentialAction":[{"@type":"SearchAction","target":{"@type":"EntryPoint","urlTemplate":"https:\/\/women.lv\/?s={search_term_string}"},"query-input":{"@type":"PropertyValueSpecification","valueRequired":true,"valueName":"search_term_string"}}],"inLanguage":"en-GB"}]}},"_links":{"self":[{"href":"https:\/\/women.lv\/en\/wp-json\/wp\/v2\/product\/28721","targetHints":{"allow":["GET"]}}],"collection":[{"href":"https:\/\/women.lv\/en\/wp-json\/wp\/v2\/product"}],"about":[{"href":"https:\/\/women.lv\/en\/wp-json\/wp\/v2\/types\/product"}],"replies":[{"embeddable":true,"href":"https:\/\/women.lv\/en\/wp-json\/wp\/v2\/comments?post=28721"}],"version-history":[{"count":1,"href":"https:\/\/women.lv\/en\/wp-json\/wp\/v2\/product\/28721\/revisions"}],"predecessor-version":[{"id":29721,"href":"https:\/\/women.lv\/en\/wp-json\/wp\/v2\/product\/28721\/revisions\/29721"}],"wp:featuredmedia":[{"embeddable":true,"href":"https:\/\/women.lv\/en\/wp-json\/wp\/v2\/media\/28722"}],"wp:attachment":[{"href":"https:\/\/women.lv\/en\/wp-json\/wp\/v2\/media?parent=28721"}],"wp:term":[{"taxonomy":"product_brand","embeddable":true,"href":"https:\/\/women.lv\/en\/wp-json\/wp\/v2\/product_brand?post=28721"},{"taxonomy":"product_cat","embeddable":true,"href":"https:\/\/women.lv\/en\/wp-json\/wp\/v2\/product_cat?post=28721"},{"taxonomy":"product_tag","embeddable":true,"href":"https:\/\/women.lv\/en\/wp-json\/wp\/v2\/product_tag?post=28721"}],"curies":[{"name":"wp","href":"https:\/\/api.w.org\/{rel}","templated":true}]}}