{"id":28717,"date":"2020-10-30T12:41:55","date_gmt":"2020-10-30T12:41:55","guid":{"rendered":"https:\/\/women.lv\/?product=bagatiga-kermena-masazas-ella-ar-vanilas-aromatu"},"modified":"2025-11-05T13:26:16","modified_gmt":"2025-11-05T13:26:16","slug":"kermena-masazas-ella-gardenia-vanilla","status":"publish","type":"product","link":"https:\/\/women.lv\/en\/product\/kermena-masazas-ella-gardenia-vanilla\/","title":{"rendered":"Rich body massage oil with vanilla aroma"},"content":{"rendered":"<p><span style=\"font-family: Helvetica;\"><span style=\"font-size: 18px;\"><b>Dzi\u013cai darba spriedzes atbr\u012bvo\u0161anai<\/b><\/span><\/span><\/p>\n<p><span style=\"font-family: Helvetica;\"><span style=\"font-size: 18px;\">\u0160\u012b profesion\u0101l\u0101 mas\u0101\u017eas e\u013c\u013ca ar vani\u013cas arom\u0101tu ies\u016bcas dzi\u013ci \u0101d\u0101, t\u0101dej\u0101di pal\u012bdz atbr\u012bvot musku\u013cus no saspringuma. E\u013c\u013cas no avokado, mandel\u0113m, sezama, jojobas un v\u012bnogu kauli\u0146iem, apvienotas vien\u0101 \u012bpa\u0161\u0101 kombin\u0113t\u0101 e\u013c\u013c\u0101, kas papildin\u0101ta ar Canaan miner\u0101lo CSE Complex \u2122 un E vitam\u012bnu, lai pal\u012bdz\u0113tu aizkav\u0113t noveco\u0161an\u0101s procesu. Tai piem\u012bt viegls un apreibino\u0161s vani\u013cas arom\u0101ts.\u00a0<\/span><\/span><\/p>\n<ul>\n<li><span style=\"font-family: Helvetica;\"><span style=\"font-size: 18px;\">Viegli uzs\u016bcas un nepadara \u0101du lip\u012bgu<\/span><\/span><\/li>\n<li><span style=\"font-family: Helvetica;\"><span style=\"font-size: 18px;\">Nomierina un atsvaidzina \u0137ermeni<\/span><\/span><\/li>\n<li><span style=\"font-family: Helvetica;\"><span style=\"font-size: 18px;\">P\u0113c lieto\u0161anas \u0101da k\u013c\u016bst maiga un relaks\u0113ta<\/span><\/span><\/li>\n<\/ul>","protected":false},"excerpt":{"rendered":"<p>For a deep release of work tension This professional massage oil with a vanilla aroma penetrates deep into the skin, thus helping to release muscles from tension.<\/p>","protected":false},"featured_media":28718,"comment_status":"open","ping_status":"closed","template":"","meta":[],"product_brand":[],"product_cat":[2217,2208,2215],"product_tag":[3313,2891,3292,2244,2243,3315,2245,3314],"class_list":{"0":"post-28717","1":"product","2":"type-product","3":"status-publish","4":"has-post-thumbnail","6":"product_cat-citi-produkti-kermena-kopsanai","7":"product_cat-kermena-kopsanas-lidzekii","8":"product_cat-visi-produkti","9":"product_tag-bagatiga-kermena-masazas-ella-ar-vanilas-aromatu","10":"product_tag-canaan","11":"product_tag-canaan-mineralampherbs","12":"product_tag-israel","13":"product_tag-izraela","14":"product_tag-rich-body-oil-massage-gardenia-vanilla","15":"product_tag-2245","16":"product_tag-3314","17":"pa_brand_nc-canaan-mineralsampherbs","18":"pa_ean_nc-4045","20":"first","21":"instock","22":"sale","23":"taxable","24":"shipping-taxable","25":"purchasable","26":"product-type-simple"},"yoast_head":"<!-- This site is optimized with the Yoast SEO plugin v23.9 - https:\/\/yoast.com\/wordpress\/plugins\/seo\/ -->\n<title>Bag\u0101t\u012bga \u0137erme\u0146a mas\u0101\u017eas e\u013c\u013ca - lavanda<\/title>\n<meta name=\"description\" content=\"\u0160\u012b profesion\u0101l\u0101 mas\u0101\u017eas e\u013c\u013ca ar vani\u013cas arom\u0101tu ies\u016bcas dzi\u013ci \u0101d\u0101, t\u0101dej\u0101di pal\u012bdz atbr\u012bvot musku\u013cus no saspringuma.\" \/>\n<meta name=\"robots\" content=\"index, follow, max-snippet:-1, max-image-preview:large, max-video-preview:-1\" \/>\n<link rel=\"canonical\" href=\"https:\/\/women.lv\/en\/product\/kermena-masazas-ella-gardenia-vanilla\/\" \/>\n<meta property=\"og:locale\" content=\"en_GB\" \/>\n<meta property=\"og:type\" content=\"article\" \/>\n<meta property=\"og:title\" content=\"Bag\u0101t\u012bga \u0137erme\u0146a mas\u0101\u017eas e\u013c\u013ca - lavanda\" \/>\n<meta property=\"og:description\" content=\"\u0160\u012b profesion\u0101l\u0101 mas\u0101\u017eas e\u013c\u013ca ar vani\u013cas arom\u0101tu ies\u016bcas dzi\u013ci \u0101d\u0101, t\u0101dej\u0101di pal\u012bdz atbr\u012bvot musku\u013cus no saspringuma.\" \/>\n<meta property=\"og:url\" content=\"https:\/\/women.lv\/en\/product\/kermena-masazas-ella-gardenia-vanilla\/\" \/>\n<meta property=\"og:site_name\" content=\"Women Veikals\" \/>\n<meta property=\"article:modified_time\" content=\"2025-11-05T13:26:16+00:00\" \/>\n<meta property=\"og:image\" content=\"https:\/\/women.lv\/wp-content\/uploads\/nc\/catalog\/CHiC\/CANAAN-Mineral-Herbs\/Canaan_Body-oil-massage_Vanilla_.jpg\" \/>\n\t<meta property=\"og:image:width\" content=\"467\" \/>\n\t<meta property=\"og:image:height\" content=\"700\" \/>\n\t<meta property=\"og:image:type\" content=\"image\/jpeg\" \/>\n<meta name=\"twitter:card\" content=\"summary_large_image\" \/>\n<meta name=\"twitter:label1\" content=\"Estimated reading time\" \/>\n\t<meta name=\"twitter:data1\" content=\"1 minute\" \/>\n<script type=\"application\/ld+json\" class=\"yoast-schema-graph\">{\"@context\":\"https:\/\/schema.org\",\"@graph\":[{\"@type\":\"WebPage\",\"@id\":\"https:\/\/women.lv\/product\/kermena-masazas-ella-gardenia-vanilla\/\",\"url\":\"https:\/\/women.lv\/product\/kermena-masazas-ella-gardenia-vanilla\/\",\"name\":\"Bag\u0101t\u012bga \u0137erme\u0146a mas\u0101\u017eas e\u013c\u013ca - lavanda\",\"isPartOf\":{\"@id\":\"https:\/\/women.lv\/#website\"},\"primaryImageOfPage\":{\"@id\":\"https:\/\/women.lv\/product\/kermena-masazas-ella-gardenia-vanilla\/#primaryimage\"},\"image\":{\"@id\":\"https:\/\/women.lv\/product\/kermena-masazas-ella-gardenia-vanilla\/#primaryimage\"},\"thumbnailUrl\":\"https:\/\/women.lv\/wp-content\/uploads\/nc\/catalog\/CHiC\/CANAAN-Mineral-Herbs\/Canaan_Body-oil-massage_Vanilla_.jpg\",\"datePublished\":\"2020-10-30T12:41:55+00:00\",\"dateModified\":\"2025-11-05T13:26:16+00:00\",\"description\":\"\u0160\u012b profesion\u0101l\u0101 mas\u0101\u017eas e\u013c\u013ca ar vani\u013cas arom\u0101tu ies\u016bcas dzi\u013ci \u0101d\u0101, t\u0101dej\u0101di pal\u012bdz atbr\u012bvot musku\u013cus no saspringuma.\",\"breadcrumb\":{\"@id\":\"https:\/\/women.lv\/product\/kermena-masazas-ella-gardenia-vanilla\/#breadcrumb\"},\"inLanguage\":\"en-GB\",\"potentialAction\":[{\"@type\":\"ReadAction\",\"target\":[\"https:\/\/women.lv\/product\/kermena-masazas-ella-gardenia-vanilla\/\"]}]},{\"@type\":\"ImageObject\",\"inLanguage\":\"en-GB\",\"@id\":\"https:\/\/women.lv\/product\/kermena-masazas-ella-gardenia-vanilla\/#primaryimage\",\"url\":\"https:\/\/women.lv\/wp-content\/uploads\/nc\/catalog\/CHiC\/CANAAN-Mineral-Herbs\/Canaan_Body-oil-massage_Vanilla_.jpg\",\"contentUrl\":\"https:\/\/women.lv\/wp-content\/uploads\/nc\/catalog\/CHiC\/CANAAN-Mineral-Herbs\/Canaan_Body-oil-massage_Vanilla_.jpg\",\"width\":467,\"height\":700,\"caption\":\"Bag\u0101t\u012bga \u0137erme\u0146a mas\u0101\u017eas e\u013c\u013ca ar vani\u013cas arom\u0101tu\"},{\"@type\":\"BreadcrumbList\",\"@id\":\"https:\/\/women.lv\/product\/kermena-masazas-ella-gardenia-vanilla\/#breadcrumb\",\"itemListElement\":[{\"@type\":\"ListItem\",\"position\":1,\"name\":\"Home\",\"item\":\"https:\/\/women.lv\/\"},{\"@type\":\"ListItem\",\"position\":2,\"name\":\"Products\",\"item\":\"https:\/\/women.lv\/en\/shop\/\"},{\"@type\":\"ListItem\",\"position\":3,\"name\":\"Bag\u0101t\u012bga \u0137erme\u0146a mas\u0101\u017eas e\u013c\u013ca ar vani\u013cas arom\u0101tu\"}]},{\"@type\":\"WebSite\",\"@id\":\"https:\/\/women.lv\/#website\",\"url\":\"https:\/\/women.lv\/\",\"name\":\"Women Veikals\",\"description\":\"Uzdr\u012bksties b\u016bt skaista\",\"potentialAction\":[{\"@type\":\"SearchAction\",\"target\":{\"@type\":\"EntryPoint\",\"urlTemplate\":\"https:\/\/women.lv\/?s={search_term_string}\"},\"query-input\":{\"@type\":\"PropertyValueSpecification\",\"valueRequired\":true,\"valueName\":\"search_term_string\"}}],\"inLanguage\":\"en-GB\"}]}<\/script>\n<!-- \/ Yoast SEO plugin. -->","yoast_head_json":{"title":"Bag\u0101t\u012bga \u0137erme\u0146a mas\u0101\u017eas e\u013c\u013ca - lavanda","description":"\u0160\u012b profesion\u0101l\u0101 mas\u0101\u017eas e\u013c\u013ca ar vani\u013cas arom\u0101tu ies\u016bcas dzi\u013ci \u0101d\u0101, t\u0101dej\u0101di pal\u012bdz atbr\u012bvot musku\u013cus no saspringuma.","robots":{"index":"index","follow":"follow","max-snippet":"max-snippet:-1","max-image-preview":"max-image-preview:large","max-video-preview":"max-video-preview:-1"},"canonical":"https:\/\/women.lv\/en\/product\/kermena-masazas-ella-gardenia-vanilla\/","og_locale":"en_GB","og_type":"article","og_title":"Bag\u0101t\u012bga \u0137erme\u0146a mas\u0101\u017eas e\u013c\u013ca - lavanda","og_description":"\u0160\u012b profesion\u0101l\u0101 mas\u0101\u017eas e\u013c\u013ca ar vani\u013cas arom\u0101tu ies\u016bcas dzi\u013ci \u0101d\u0101, t\u0101dej\u0101di pal\u012bdz atbr\u012bvot musku\u013cus no saspringuma.","og_url":"https:\/\/women.lv\/en\/product\/kermena-masazas-ella-gardenia-vanilla\/","og_site_name":"Women Veikals","article_modified_time":"2025-11-05T13:26:16+00:00","og_image":[{"width":467,"height":700,"url":"https:\/\/women.lv\/wp-content\/uploads\/nc\/catalog\/CHiC\/CANAAN-Mineral-Herbs\/Canaan_Body-oil-massage_Vanilla_.jpg","type":"image\/jpeg"}],"twitter_card":"summary_large_image","twitter_misc":{"Estimated reading time":"1 minute"},"schema":{"@context":"https:\/\/schema.org","@graph":[{"@type":"WebPage","@id":"https:\/\/women.lv\/product\/kermena-masazas-ella-gardenia-vanilla\/","url":"https:\/\/women.lv\/product\/kermena-masazas-ella-gardenia-vanilla\/","name":"Bag\u0101t\u012bga \u0137erme\u0146a mas\u0101\u017eas e\u013c\u013ca - lavanda","isPartOf":{"@id":"https:\/\/women.lv\/#website"},"primaryImageOfPage":{"@id":"https:\/\/women.lv\/product\/kermena-masazas-ella-gardenia-vanilla\/#primaryimage"},"image":{"@id":"https:\/\/women.lv\/product\/kermena-masazas-ella-gardenia-vanilla\/#primaryimage"},"thumbnailUrl":"https:\/\/women.lv\/wp-content\/uploads\/nc\/catalog\/CHiC\/CANAAN-Mineral-Herbs\/Canaan_Body-oil-massage_Vanilla_.jpg","datePublished":"2020-10-30T12:41:55+00:00","dateModified":"2025-11-05T13:26:16+00:00","description":"\u0160\u012b profesion\u0101l\u0101 mas\u0101\u017eas e\u013c\u013ca ar vani\u013cas arom\u0101tu ies\u016bcas dzi\u013ci \u0101d\u0101, t\u0101dej\u0101di pal\u012bdz atbr\u012bvot musku\u013cus no saspringuma.","breadcrumb":{"@id":"https:\/\/women.lv\/product\/kermena-masazas-ella-gardenia-vanilla\/#breadcrumb"},"inLanguage":"en-GB","potentialAction":[{"@type":"ReadAction","target":["https:\/\/women.lv\/product\/kermena-masazas-ella-gardenia-vanilla\/"]}]},{"@type":"ImageObject","inLanguage":"en-GB","@id":"https:\/\/women.lv\/product\/kermena-masazas-ella-gardenia-vanilla\/#primaryimage","url":"https:\/\/women.lv\/wp-content\/uploads\/nc\/catalog\/CHiC\/CANAAN-Mineral-Herbs\/Canaan_Body-oil-massage_Vanilla_.jpg","contentUrl":"https:\/\/women.lv\/wp-content\/uploads\/nc\/catalog\/CHiC\/CANAAN-Mineral-Herbs\/Canaan_Body-oil-massage_Vanilla_.jpg","width":467,"height":700,"caption":"Bag\u0101t\u012bga \u0137erme\u0146a mas\u0101\u017eas e\u013c\u013ca ar vani\u013cas arom\u0101tu"},{"@type":"BreadcrumbList","@id":"https:\/\/women.lv\/product\/kermena-masazas-ella-gardenia-vanilla\/#breadcrumb","itemListElement":[{"@type":"ListItem","position":1,"name":"Home","item":"https:\/\/women.lv\/"},{"@type":"ListItem","position":2,"name":"Products","item":"https:\/\/women.lv\/en\/shop\/"},{"@type":"ListItem","position":3,"name":"Bag\u0101t\u012bga \u0137erme\u0146a mas\u0101\u017eas e\u013c\u013ca ar vani\u013cas arom\u0101tu"}]},{"@type":"WebSite","@id":"https:\/\/women.lv\/#website","url":"https:\/\/women.lv\/","name":"Women Veikals","description":"Uzdr\u012bksties b\u016bt skaista","potentialAction":[{"@type":"SearchAction","target":{"@type":"EntryPoint","urlTemplate":"https:\/\/women.lv\/?s={search_term_string}"},"query-input":{"@type":"PropertyValueSpecification","valueRequired":true,"valueName":"search_term_string"}}],"inLanguage":"en-GB"}]}},"_links":{"self":[{"href":"https:\/\/women.lv\/en\/wp-json\/wp\/v2\/product\/28717","targetHints":{"allow":["GET"]}}],"collection":[{"href":"https:\/\/women.lv\/en\/wp-json\/wp\/v2\/product"}],"about":[{"href":"https:\/\/women.lv\/en\/wp-json\/wp\/v2\/types\/product"}],"replies":[{"embeddable":true,"href":"https:\/\/women.lv\/en\/wp-json\/wp\/v2\/comments?post=28717"}],"version-history":[{"count":1,"href":"https:\/\/women.lv\/en\/wp-json\/wp\/v2\/product\/28717\/revisions"}],"predecessor-version":[{"id":29723,"href":"https:\/\/women.lv\/en\/wp-json\/wp\/v2\/product\/28717\/revisions\/29723"}],"wp:featuredmedia":[{"embeddable":true,"href":"https:\/\/women.lv\/en\/wp-json\/wp\/v2\/media\/28718"}],"wp:attachment":[{"href":"https:\/\/women.lv\/en\/wp-json\/wp\/v2\/media?parent=28717"}],"wp:term":[{"taxonomy":"product_brand","embeddable":true,"href":"https:\/\/women.lv\/en\/wp-json\/wp\/v2\/product_brand?post=28717"},{"taxonomy":"product_cat","embeddable":true,"href":"https:\/\/women.lv\/en\/wp-json\/wp\/v2\/product_cat?post=28717"},{"taxonomy":"product_tag","embeddable":true,"href":"https:\/\/women.lv\/en\/wp-json\/wp\/v2\/product_tag?post=28717"}],"curies":[{"name":"wp","href":"https:\/\/api.w.org\/{rel}","templated":true}]}}