{"id":28711,"date":"2020-10-29T14:05:33","date_gmt":"2020-10-29T14:05:33","guid":{"rendered":"https:\/\/women.lv\/?product=aromatisks-vannas-sals-ar-rozu-ziedlapam"},"modified":"2025-11-05T13:26:16","modified_gmt":"2025-11-05T13:26:16","slug":"aromatisks-vannas-sals-ar-rozu-ziedlapam","status":"publish","type":"product","link":"https:\/\/women.lv\/en\/product\/aromatisks-vannas-sals-ar-rozu-ziedlapam\/","title":{"rendered":"Aromatic bath salt with rose petals"},"content":{"rendered":"<p><span style=\"font-family: Helvetica;\"><span style=\"font-size: 18px;\"><b>Aromatic bath salt with rose petals<\/b><\/span><\/span><\/p>\n<p><span style=\"font-family: Helvetica;\"><span style=\"font-size: 18px;\">Pamper your body with the restorative and healing powers of Dead Sea minerals. These natural salt crystals provide the ultimate in refreshing relaxation. 21 essential Dead Sea minerals and the special Canaan CSE Complex \u2122 combined with rose petal extract provide an aromatic and truly soothing and invigorating sensation. Suitable for all skin types and especially effective for dry skin, this bath salt is ideal for relieving the symptoms of psoriasis and other popular skin conditions, while providing a soothing and refreshing sensation throughout the body.<\/span><\/span><\/p>\n<ul>\n<li><span style=\"font-family: Helvetica;\"><span style=\"font-size: 18px;\">Aids the skin&#039;s healing process<\/span><\/span><\/li>\n<li><span style=\"font-family: Helvetica;\"><span style=\"font-size: 18px;\">Relaxes and refreshes<\/span><\/span><\/li>\n<li><span style=\"font-family: Helvetica;\"><span style=\"font-size: 18px;\">After use, the skin becomes softer and refreshed.<\/span><\/span><\/li>\n<\/ul>","protected":false},"excerpt":{"rendered":"<p>Aromatic Bath Salt with Rose Petals Pamper your body with the restorative and healing powers of Dead Sea minerals. These natural salts<\/p>","protected":false},"featured_media":28712,"comment_status":"open","ping_status":"closed","template":"","meta":[],"product_brand":[],"product_cat":[2208,2209,2215],"product_tag":[3303,3301,2891,3292,2244,2243,3302,2245],"class_list":{"0":"post-28711","1":"product","2":"type-product","3":"status-publish","4":"has-post-thumbnail","6":"product_cat-kermena-kopsanas-lidzekii","7":"product_cat-mazgasana-un-attirisana","8":"product_cat-visi-produkti","9":"product_tag-aromatic-bath-salt-with-rose-leaves","10":"product_tag-aromatisks-vannas-sals-ar-rozu-ziedlapam","11":"product_tag-canaan","12":"product_tag-canaan-mineralampherbs","13":"product_tag-israel","14":"product_tag-izraela","15":"product_tag-3302","16":"product_tag-2245","17":"pa_brand_nc-canaan-mineralsampherbs","18":"pa_ean_nc-4042","20":"first","21":"instock","22":"sale","23":"taxable","24":"shipping-taxable","25":"purchasable","26":"product-type-simple"},"yoast_head":"<!-- This site is optimized with the Yoast SEO plugin v23.9 - https:\/\/yoast.com\/wordpress\/plugins\/seo\/ -->\n<title>Arom\u0101tisks vannas s\u0101ls ar ro\u017eu ziedlap\u0101m<\/title>\n<meta name=\"description\" content=\"21 b\u016btisk\u0101kie N\u0101ves j\u016bras miner\u0101li un \u012bpa\u0161ais Canaan CSE Complex \u2122 apvienojum\u0101 ar ro\u017eu ziedlapu ekstraktu nodro\u0161ina arom\u0101tisku un patiesi nomierino\u0161u un uzmundrino\u0161u saj\u016btu.\" \/>\n<meta name=\"robots\" content=\"index, follow, max-snippet:-1, max-image-preview:large, max-video-preview:-1\" \/>\n<link rel=\"canonical\" href=\"https:\/\/women.lv\/en\/product\/aromatisks-vannas-sals-ar-rozu-ziedlapam\/\" \/>\n<meta property=\"og:locale\" content=\"en_GB\" \/>\n<meta property=\"og:type\" content=\"article\" \/>\n<meta property=\"og:title\" content=\"Arom\u0101tisks vannas s\u0101ls ar ro\u017eu ziedlap\u0101m\" \/>\n<meta property=\"og:description\" content=\"21 b\u016btisk\u0101kie N\u0101ves j\u016bras miner\u0101li un \u012bpa\u0161ais Canaan CSE Complex \u2122 apvienojum\u0101 ar ro\u017eu ziedlapu ekstraktu nodro\u0161ina arom\u0101tisku un patiesi nomierino\u0161u un uzmundrino\u0161u saj\u016btu.\" \/>\n<meta property=\"og:url\" content=\"https:\/\/women.lv\/en\/product\/aromatisks-vannas-sals-ar-rozu-ziedlapam\/\" \/>\n<meta property=\"og:site_name\" content=\"Women Veikals\" \/>\n<meta property=\"article:modified_time\" content=\"2025-11-05T13:26:16+00:00\" \/>\n<meta property=\"og:image\" content=\"https:\/\/women.lv\/wp-content\/uploads\/nc\/catalog\/CHiC\/CANAAN-Mineral-Herbs\/canaan-aromatic-bath-salts-dead-sea-minerals-rose.gif\" \/>\n\t<meta property=\"og:image:width\" content=\"688\" \/>\n\t<meta property=\"og:image:height\" content=\"800\" \/>\n\t<meta property=\"og:image:type\" content=\"image\/gif\" \/>\n<meta name=\"twitter:card\" content=\"summary_large_image\" \/>\n<meta name=\"twitter:label1\" content=\"Estimated reading time\" \/>\n\t<meta name=\"twitter:data1\" content=\"1 minute\" \/>\n<script type=\"application\/ld+json\" class=\"yoast-schema-graph\">{\"@context\":\"https:\/\/schema.org\",\"@graph\":[{\"@type\":\"WebPage\",\"@id\":\"https:\/\/women.lv\/product\/aromatisks-vannas-sals-ar-rozu-ziedlapam\/\",\"url\":\"https:\/\/women.lv\/product\/aromatisks-vannas-sals-ar-rozu-ziedlapam\/\",\"name\":\"Arom\u0101tisks vannas s\u0101ls ar ro\u017eu ziedlap\u0101m\",\"isPartOf\":{\"@id\":\"https:\/\/women.lv\/#website\"},\"primaryImageOfPage\":{\"@id\":\"https:\/\/women.lv\/product\/aromatisks-vannas-sals-ar-rozu-ziedlapam\/#primaryimage\"},\"image\":{\"@id\":\"https:\/\/women.lv\/product\/aromatisks-vannas-sals-ar-rozu-ziedlapam\/#primaryimage\"},\"thumbnailUrl\":\"https:\/\/women.lv\/wp-content\/uploads\/nc\/catalog\/CHiC\/CANAAN-Mineral-Herbs\/canaan-aromatic-bath-salts-dead-sea-minerals-rose.gif\",\"datePublished\":\"2020-10-29T14:05:33+00:00\",\"dateModified\":\"2025-11-05T13:26:16+00:00\",\"description\":\"21 b\u016btisk\u0101kie N\u0101ves j\u016bras miner\u0101li un \u012bpa\u0161ais Canaan CSE Complex \u2122 apvienojum\u0101 ar ro\u017eu ziedlapu ekstraktu nodro\u0161ina arom\u0101tisku un patiesi nomierino\u0161u un uzmundrino\u0161u saj\u016btu.\",\"breadcrumb\":{\"@id\":\"https:\/\/women.lv\/product\/aromatisks-vannas-sals-ar-rozu-ziedlapam\/#breadcrumb\"},\"inLanguage\":\"en-GB\",\"potentialAction\":[{\"@type\":\"ReadAction\",\"target\":[\"https:\/\/women.lv\/product\/aromatisks-vannas-sals-ar-rozu-ziedlapam\/\"]}]},{\"@type\":\"ImageObject\",\"inLanguage\":\"en-GB\",\"@id\":\"https:\/\/women.lv\/product\/aromatisks-vannas-sals-ar-rozu-ziedlapam\/#primaryimage\",\"url\":\"https:\/\/women.lv\/wp-content\/uploads\/nc\/catalog\/CHiC\/CANAAN-Mineral-Herbs\/canaan-aromatic-bath-salts-dead-sea-minerals-rose.gif\",\"contentUrl\":\"https:\/\/women.lv\/wp-content\/uploads\/nc\/catalog\/CHiC\/CANAAN-Mineral-Herbs\/canaan-aromatic-bath-salts-dead-sea-minerals-rose.gif\",\"width\":688,\"height\":800,\"caption\":\"Arom\u0101tisks vannas s\u0101ls ar ro\u017eu ziedlap\u0101m\"},{\"@type\":\"BreadcrumbList\",\"@id\":\"https:\/\/women.lv\/product\/aromatisks-vannas-sals-ar-rozu-ziedlapam\/#breadcrumb\",\"itemListElement\":[{\"@type\":\"ListItem\",\"position\":1,\"name\":\"Home\",\"item\":\"https:\/\/women.lv\/\"},{\"@type\":\"ListItem\",\"position\":2,\"name\":\"Products\",\"item\":\"https:\/\/women.lv\/en\/shop\/\"},{\"@type\":\"ListItem\",\"position\":3,\"name\":\"Arom\u0101tisks vannas s\u0101ls ar ro\u017eu ziedlap\u0101m\"}]},{\"@type\":\"WebSite\",\"@id\":\"https:\/\/women.lv\/#website\",\"url\":\"https:\/\/women.lv\/\",\"name\":\"Women Veikals\",\"description\":\"Uzdr\u012bksties b\u016bt skaista\",\"potentialAction\":[{\"@type\":\"SearchAction\",\"target\":{\"@type\":\"EntryPoint\",\"urlTemplate\":\"https:\/\/women.lv\/?s={search_term_string}\"},\"query-input\":{\"@type\":\"PropertyValueSpecification\",\"valueRequired\":true,\"valueName\":\"search_term_string\"}}],\"inLanguage\":\"en-GB\"}]}<\/script>\n<!-- \/ Yoast SEO plugin. -->","yoast_head_json":{"title":"Arom\u0101tisks vannas s\u0101ls ar ro\u017eu ziedlap\u0101m","description":"21 b\u016btisk\u0101kie N\u0101ves j\u016bras miner\u0101li un \u012bpa\u0161ais Canaan CSE Complex \u2122 apvienojum\u0101 ar ro\u017eu ziedlapu ekstraktu nodro\u0161ina arom\u0101tisku un patiesi nomierino\u0161u un uzmundrino\u0161u saj\u016btu.","robots":{"index":"index","follow":"follow","max-snippet":"max-snippet:-1","max-image-preview":"max-image-preview:large","max-video-preview":"max-video-preview:-1"},"canonical":"https:\/\/women.lv\/en\/product\/aromatisks-vannas-sals-ar-rozu-ziedlapam\/","og_locale":"en_GB","og_type":"article","og_title":"Arom\u0101tisks vannas s\u0101ls ar ro\u017eu ziedlap\u0101m","og_description":"21 b\u016btisk\u0101kie N\u0101ves j\u016bras miner\u0101li un \u012bpa\u0161ais Canaan CSE Complex \u2122 apvienojum\u0101 ar ro\u017eu ziedlapu ekstraktu nodro\u0161ina arom\u0101tisku un patiesi nomierino\u0161u un uzmundrino\u0161u saj\u016btu.","og_url":"https:\/\/women.lv\/en\/product\/aromatisks-vannas-sals-ar-rozu-ziedlapam\/","og_site_name":"Women Veikals","article_modified_time":"2025-11-05T13:26:16+00:00","og_image":[{"width":688,"height":800,"url":"https:\/\/women.lv\/wp-content\/uploads\/nc\/catalog\/CHiC\/CANAAN-Mineral-Herbs\/canaan-aromatic-bath-salts-dead-sea-minerals-rose.gif","type":"image\/gif"}],"twitter_card":"summary_large_image","twitter_misc":{"Estimated reading time":"1 minute"},"schema":{"@context":"https:\/\/schema.org","@graph":[{"@type":"WebPage","@id":"https:\/\/women.lv\/product\/aromatisks-vannas-sals-ar-rozu-ziedlapam\/","url":"https:\/\/women.lv\/product\/aromatisks-vannas-sals-ar-rozu-ziedlapam\/","name":"Arom\u0101tisks vannas s\u0101ls ar ro\u017eu ziedlap\u0101m","isPartOf":{"@id":"https:\/\/women.lv\/#website"},"primaryImageOfPage":{"@id":"https:\/\/women.lv\/product\/aromatisks-vannas-sals-ar-rozu-ziedlapam\/#primaryimage"},"image":{"@id":"https:\/\/women.lv\/product\/aromatisks-vannas-sals-ar-rozu-ziedlapam\/#primaryimage"},"thumbnailUrl":"https:\/\/women.lv\/wp-content\/uploads\/nc\/catalog\/CHiC\/CANAAN-Mineral-Herbs\/canaan-aromatic-bath-salts-dead-sea-minerals-rose.gif","datePublished":"2020-10-29T14:05:33+00:00","dateModified":"2025-11-05T13:26:16+00:00","description":"21 b\u016btisk\u0101kie N\u0101ves j\u016bras miner\u0101li un \u012bpa\u0161ais Canaan CSE Complex \u2122 apvienojum\u0101 ar ro\u017eu ziedlapu ekstraktu nodro\u0161ina arom\u0101tisku un patiesi nomierino\u0161u un uzmundrino\u0161u saj\u016btu.","breadcrumb":{"@id":"https:\/\/women.lv\/product\/aromatisks-vannas-sals-ar-rozu-ziedlapam\/#breadcrumb"},"inLanguage":"en-GB","potentialAction":[{"@type":"ReadAction","target":["https:\/\/women.lv\/product\/aromatisks-vannas-sals-ar-rozu-ziedlapam\/"]}]},{"@type":"ImageObject","inLanguage":"en-GB","@id":"https:\/\/women.lv\/product\/aromatisks-vannas-sals-ar-rozu-ziedlapam\/#primaryimage","url":"https:\/\/women.lv\/wp-content\/uploads\/nc\/catalog\/CHiC\/CANAAN-Mineral-Herbs\/canaan-aromatic-bath-salts-dead-sea-minerals-rose.gif","contentUrl":"https:\/\/women.lv\/wp-content\/uploads\/nc\/catalog\/CHiC\/CANAAN-Mineral-Herbs\/canaan-aromatic-bath-salts-dead-sea-minerals-rose.gif","width":688,"height":800,"caption":"Arom\u0101tisks vannas s\u0101ls ar ro\u017eu ziedlap\u0101m"},{"@type":"BreadcrumbList","@id":"https:\/\/women.lv\/product\/aromatisks-vannas-sals-ar-rozu-ziedlapam\/#breadcrumb","itemListElement":[{"@type":"ListItem","position":1,"name":"Home","item":"https:\/\/women.lv\/"},{"@type":"ListItem","position":2,"name":"Products","item":"https:\/\/women.lv\/en\/shop\/"},{"@type":"ListItem","position":3,"name":"Arom\u0101tisks vannas s\u0101ls ar ro\u017eu ziedlap\u0101m"}]},{"@type":"WebSite","@id":"https:\/\/women.lv\/#website","url":"https:\/\/women.lv\/","name":"Women Veikals","description":"Uzdr\u012bksties b\u016bt skaista","potentialAction":[{"@type":"SearchAction","target":{"@type":"EntryPoint","urlTemplate":"https:\/\/women.lv\/?s={search_term_string}"},"query-input":{"@type":"PropertyValueSpecification","valueRequired":true,"valueName":"search_term_string"}}],"inLanguage":"en-GB"}]}},"_links":{"self":[{"href":"https:\/\/women.lv\/en\/wp-json\/wp\/v2\/product\/28711","targetHints":{"allow":["GET"]}}],"collection":[{"href":"https:\/\/women.lv\/en\/wp-json\/wp\/v2\/product"}],"about":[{"href":"https:\/\/women.lv\/en\/wp-json\/wp\/v2\/types\/product"}],"replies":[{"embeddable":true,"href":"https:\/\/women.lv\/en\/wp-json\/wp\/v2\/comments?post=28711"}],"version-history":[{"count":1,"href":"https:\/\/women.lv\/en\/wp-json\/wp\/v2\/product\/28711\/revisions"}],"predecessor-version":[{"id":29763,"href":"https:\/\/women.lv\/en\/wp-json\/wp\/v2\/product\/28711\/revisions\/29763"}],"wp:featuredmedia":[{"embeddable":true,"href":"https:\/\/women.lv\/en\/wp-json\/wp\/v2\/media\/28712"}],"wp:attachment":[{"href":"https:\/\/women.lv\/en\/wp-json\/wp\/v2\/media?parent=28711"}],"wp:term":[{"taxonomy":"product_brand","embeddable":true,"href":"https:\/\/women.lv\/en\/wp-json\/wp\/v2\/product_brand?post=28711"},{"taxonomy":"product_cat","embeddable":true,"href":"https:\/\/women.lv\/en\/wp-json\/wp\/v2\/product_cat?post=28711"},{"taxonomy":"product_tag","embeddable":true,"href":"https:\/\/women.lv\/en\/wp-json\/wp\/v2\/product_tag?post=28711"}],"curies":[{"name":"wp","href":"https:\/\/api.w.org\/{rel}","templated":true}]}}