{"id":28707,"date":"2020-10-29T13:51:35","date_gmt":"2020-10-29T13:51:35","guid":{"rendered":"https:\/\/women.lv\/?product=aromatisks-vannas-sals-ar-piparmetru-lapam"},"modified":"2025-11-05T13:26:16","modified_gmt":"2025-11-05T13:26:16","slug":"aromatisks-vannas-sals-ar-pipermetru-lapam","status":"publish","type":"product","link":"https:\/\/women.lv\/en\/product\/aromatisks-vannas-sals-ar-pipermetru-lapam\/","title":{"rendered":"Aromatic bath salt with mint leaves"},"content":{"rendered":"<p><span style=\"font-family: Helvetica;\"><span style=\"font-size: 18px;\"><b>Nomierino\u0161s un atsvaidzino\u0161s vannas s\u0101ls ar piperm\u0113tru lap\u0101m<\/b><\/span><\/span><\/p>\n<p><span style=\"font-family: Helvetica;\"><span style=\"font-size: 18px;\">Palutiniet savu \u0137ermeni ar N\u0101ves j\u016bras miner\u0101lu atjaunojo\u0161aj\u0101m un dziedino\u0161aj\u0101m sp\u0113j\u0101m. \u0160ie dabiskie s\u0101ls krist\u0101li nodro\u0161ina maksim\u0101lu atsvaidzino\u0161u relaks\u0101ciju. 21 b\u016btisk\u0101kie N\u0101ves j\u016bras miner\u0101li un \u012bpa\u0161ais Canaan CSE Complex \u2122 apvienojum\u0101 ar piparm\u0113tru ekstraktu nodro\u0161ina arom\u0101tisku un patiesi uzmundrino\u0161u saj\u016btu. \u0160is vannas s\u0101ls ir piem\u0113rots visiem \u0101das tipiem un \u012bpa\u0161i efekt\u012bvs sausai \u0101dai, ide\u0101li piem\u0113roti psori\u0101zes un citu popul\u0101r\u0101ko \u0101das slim\u012bbu simptomu mazin\u0101\u0161anai, vienlaikus nodro\u0161inot nomierino\u0161u un atsvaidzino\u0161u saj\u016btu vis\u0101 \u0137ermen\u012b.<\/span><\/span><\/p>\n<ul>\n<li><span style=\"font-family: Helvetica;\"><span style=\"font-size: 18px;\">Aids the skin&#039;s healing process<\/span><\/span><\/li>\n<li><span style=\"font-family: Helvetica;\"><span style=\"font-size: 18px;\">Relaxes and refreshes<\/span><\/span><\/li>\n<li><span style=\"font-family: Helvetica;\"><span style=\"font-size: 18px;\">After use, the skin becomes softer and refreshed.<\/span><\/span><\/li>\n<\/ul>","protected":false},"excerpt":{"rendered":"<p>Soothing and refreshing bath salt with peppermint leaves Pamper your body with the restorative and healing powers of Dead Sea minerals. These<\/p>","protected":false},"featured_media":28708,"comment_status":"open","ping_status":"closed","template":"","meta":[],"product_brand":[],"product_cat":[2208,2209,2215],"product_tag":[3295,3293,2891,3292,2244,2243,3294,2245],"class_list":{"0":"post-28707","1":"product","2":"type-product","3":"status-publish","4":"has-post-thumbnail","6":"product_cat-kermena-kopsanas-lidzekii","7":"product_cat-mazgasana-un-attirisana","8":"product_cat-visi-produkti","9":"product_tag-aromatic-bath-salt-with-mint-leaves","10":"product_tag-aromatisks-vannas-sals-ar-piparmetru-lapam","11":"product_tag-canaan","12":"product_tag-canaan-mineralampherbs","13":"product_tag-israel","14":"product_tag-izraela","15":"product_tag-3294","16":"product_tag-2245","17":"pa_brand_nc-canaan-mineralsampherbs","18":"pa_ean_nc-4040","20":"first","21":"instock","22":"sale","23":"taxable","24":"shipping-taxable","25":"purchasable","26":"product-type-simple"},"yoast_head":"<!-- This site is optimized with the Yoast SEO plugin v23.9 - https:\/\/yoast.com\/wordpress\/plugins\/seo\/ -->\n<title>Arom\u0101tisks vannas s\u0101ls ar piparm\u0113tru lap\u0101m<\/title>\n<meta name=\"description\" content=\"Nomierino\u0161s un atsvaidzino\u0161s vannas s\u0101ls ar piperm\u0113tru lap\u0101m Palutiniet savu \u0137ermeni ar N\u0101ves j\u016bras miner\u0101lu atjaunojo\u0161aj\u0101m sp\u0113j\u0101m. \u0160ie dabiskie s\u0101ls krist\u0101li nodro\u0161ina maksim\u0101lu atsvaidzino\u0161u relaks\u0101ciju. 21 b\u016btisk\u0101kie N\u0101ves j\u016bras miner\u0101li .\" \/>\n<meta name=\"robots\" content=\"index, follow, max-snippet:-1, max-image-preview:large, max-video-preview:-1\" \/>\n<link rel=\"canonical\" href=\"https:\/\/women.lv\/en\/product\/aromatisks-vannas-sals-ar-pipermetru-lapam\/\" \/>\n<meta property=\"og:locale\" content=\"en_GB\" \/>\n<meta property=\"og:type\" content=\"article\" \/>\n<meta property=\"og:title\" content=\"Arom\u0101tisks vannas s\u0101ls ar piparm\u0113tru lap\u0101m\" \/>\n<meta property=\"og:description\" content=\"Nomierino\u0161s un atsvaidzino\u0161s vannas s\u0101ls ar piperm\u0113tru lap\u0101m Palutiniet savu \u0137ermeni ar N\u0101ves j\u016bras miner\u0101lu atjaunojo\u0161aj\u0101m sp\u0113j\u0101m. \u0160ie dabiskie s\u0101ls krist\u0101li nodro\u0161ina maksim\u0101lu atsvaidzino\u0161u relaks\u0101ciju. 21 b\u016btisk\u0101kie N\u0101ves j\u016bras miner\u0101li .\" \/>\n<meta property=\"og:url\" content=\"https:\/\/women.lv\/en\/product\/aromatisks-vannas-sals-ar-pipermetru-lapam\/\" \/>\n<meta property=\"og:site_name\" content=\"Women Veikals\" \/>\n<meta property=\"article:modified_time\" content=\"2025-11-05T13:26:16+00:00\" \/>\n<meta property=\"og:image\" content=\"https:\/\/women.lv\/wp-content\/uploads\/nc\/catalog\/CHiC\/CANAAN-Mineral-Herbs\/canaan-aromatic-bath-salts-dead-sea-minerals-mint-leaves.gif\" \/>\n\t<meta property=\"og:image:width\" content=\"699\" \/>\n\t<meta property=\"og:image:height\" content=\"800\" \/>\n\t<meta property=\"og:image:type\" content=\"image\/gif\" \/>\n<meta name=\"twitter:card\" content=\"summary_large_image\" \/>\n<meta name=\"twitter:label1\" content=\"Estimated reading time\" \/>\n\t<meta name=\"twitter:data1\" content=\"1 minute\" \/>\n<script type=\"application\/ld+json\" class=\"yoast-schema-graph\">{\"@context\":\"https:\/\/schema.org\",\"@graph\":[{\"@type\":\"WebPage\",\"@id\":\"https:\/\/women.lv\/product\/aromatisks-vannas-sals-ar-pipermetru-lapam\/\",\"url\":\"https:\/\/women.lv\/product\/aromatisks-vannas-sals-ar-pipermetru-lapam\/\",\"name\":\"Arom\u0101tisks vannas s\u0101ls ar piparm\u0113tru lap\u0101m\",\"isPartOf\":{\"@id\":\"https:\/\/women.lv\/#website\"},\"primaryImageOfPage\":{\"@id\":\"https:\/\/women.lv\/product\/aromatisks-vannas-sals-ar-pipermetru-lapam\/#primaryimage\"},\"image\":{\"@id\":\"https:\/\/women.lv\/product\/aromatisks-vannas-sals-ar-pipermetru-lapam\/#primaryimage\"},\"thumbnailUrl\":\"https:\/\/women.lv\/wp-content\/uploads\/nc\/catalog\/CHiC\/CANAAN-Mineral-Herbs\/canaan-aromatic-bath-salts-dead-sea-minerals-mint-leaves.gif\",\"datePublished\":\"2020-10-29T13:51:35+00:00\",\"dateModified\":\"2025-11-05T13:26:16+00:00\",\"description\":\"Nomierino\u0161s un atsvaidzino\u0161s vannas s\u0101ls ar piperm\u0113tru lap\u0101m Palutiniet savu \u0137ermeni ar N\u0101ves j\u016bras miner\u0101lu atjaunojo\u0161aj\u0101m sp\u0113j\u0101m. \u0160ie dabiskie s\u0101ls krist\u0101li nodro\u0161ina maksim\u0101lu atsvaidzino\u0161u relaks\u0101ciju. 21 b\u016btisk\u0101kie N\u0101ves j\u016bras miner\u0101li .\",\"breadcrumb\":{\"@id\":\"https:\/\/women.lv\/product\/aromatisks-vannas-sals-ar-pipermetru-lapam\/#breadcrumb\"},\"inLanguage\":\"en-GB\",\"potentialAction\":[{\"@type\":\"ReadAction\",\"target\":[\"https:\/\/women.lv\/product\/aromatisks-vannas-sals-ar-pipermetru-lapam\/\"]}]},{\"@type\":\"ImageObject\",\"inLanguage\":\"en-GB\",\"@id\":\"https:\/\/women.lv\/product\/aromatisks-vannas-sals-ar-pipermetru-lapam\/#primaryimage\",\"url\":\"https:\/\/women.lv\/wp-content\/uploads\/nc\/catalog\/CHiC\/CANAAN-Mineral-Herbs\/canaan-aromatic-bath-salts-dead-sea-minerals-mint-leaves.gif\",\"contentUrl\":\"https:\/\/women.lv\/wp-content\/uploads\/nc\/catalog\/CHiC\/CANAAN-Mineral-Herbs\/canaan-aromatic-bath-salts-dead-sea-minerals-mint-leaves.gif\",\"width\":699,\"height\":800,\"caption\":\"Arom\u0101tisks vannas s\u0101ls ar piparm\u0113tru lap\u0101m\"},{\"@type\":\"BreadcrumbList\",\"@id\":\"https:\/\/women.lv\/product\/aromatisks-vannas-sals-ar-pipermetru-lapam\/#breadcrumb\",\"itemListElement\":[{\"@type\":\"ListItem\",\"position\":1,\"name\":\"Home\",\"item\":\"https:\/\/women.lv\/\"},{\"@type\":\"ListItem\",\"position\":2,\"name\":\"Products\",\"item\":\"https:\/\/women.lv\/en\/shop\/\"},{\"@type\":\"ListItem\",\"position\":3,\"name\":\"Arom\u0101tisks vannas s\u0101ls ar piparm\u0113tru lap\u0101m\"}]},{\"@type\":\"WebSite\",\"@id\":\"https:\/\/women.lv\/#website\",\"url\":\"https:\/\/women.lv\/\",\"name\":\"Women Veikals\",\"description\":\"Uzdr\u012bksties b\u016bt skaista\",\"potentialAction\":[{\"@type\":\"SearchAction\",\"target\":{\"@type\":\"EntryPoint\",\"urlTemplate\":\"https:\/\/women.lv\/?s={search_term_string}\"},\"query-input\":{\"@type\":\"PropertyValueSpecification\",\"valueRequired\":true,\"valueName\":\"search_term_string\"}}],\"inLanguage\":\"en-GB\"}]}<\/script>\n<!-- \/ Yoast SEO plugin. -->","yoast_head_json":{"title":"Arom\u0101tisks vannas s\u0101ls ar piparm\u0113tru lap\u0101m","description":"Nomierino\u0161s un atsvaidzino\u0161s vannas s\u0101ls ar piperm\u0113tru lap\u0101m Palutiniet savu \u0137ermeni ar N\u0101ves j\u016bras miner\u0101lu atjaunojo\u0161aj\u0101m sp\u0113j\u0101m. \u0160ie dabiskie s\u0101ls krist\u0101li nodro\u0161ina maksim\u0101lu atsvaidzino\u0161u relaks\u0101ciju. 21 b\u016btisk\u0101kie N\u0101ves j\u016bras miner\u0101li .","robots":{"index":"index","follow":"follow","max-snippet":"max-snippet:-1","max-image-preview":"max-image-preview:large","max-video-preview":"max-video-preview:-1"},"canonical":"https:\/\/women.lv\/en\/product\/aromatisks-vannas-sals-ar-pipermetru-lapam\/","og_locale":"en_GB","og_type":"article","og_title":"Arom\u0101tisks vannas s\u0101ls ar piparm\u0113tru lap\u0101m","og_description":"Nomierino\u0161s un atsvaidzino\u0161s vannas s\u0101ls ar piperm\u0113tru lap\u0101m Palutiniet savu \u0137ermeni ar N\u0101ves j\u016bras miner\u0101lu atjaunojo\u0161aj\u0101m sp\u0113j\u0101m. \u0160ie dabiskie s\u0101ls krist\u0101li nodro\u0161ina maksim\u0101lu atsvaidzino\u0161u relaks\u0101ciju. 21 b\u016btisk\u0101kie N\u0101ves j\u016bras miner\u0101li .","og_url":"https:\/\/women.lv\/en\/product\/aromatisks-vannas-sals-ar-pipermetru-lapam\/","og_site_name":"Women Veikals","article_modified_time":"2025-11-05T13:26:16+00:00","og_image":[{"width":699,"height":800,"url":"https:\/\/women.lv\/wp-content\/uploads\/nc\/catalog\/CHiC\/CANAAN-Mineral-Herbs\/canaan-aromatic-bath-salts-dead-sea-minerals-mint-leaves.gif","type":"image\/gif"}],"twitter_card":"summary_large_image","twitter_misc":{"Estimated reading time":"1 minute"},"schema":{"@context":"https:\/\/schema.org","@graph":[{"@type":"WebPage","@id":"https:\/\/women.lv\/product\/aromatisks-vannas-sals-ar-pipermetru-lapam\/","url":"https:\/\/women.lv\/product\/aromatisks-vannas-sals-ar-pipermetru-lapam\/","name":"Arom\u0101tisks vannas s\u0101ls ar piparm\u0113tru lap\u0101m","isPartOf":{"@id":"https:\/\/women.lv\/#website"},"primaryImageOfPage":{"@id":"https:\/\/women.lv\/product\/aromatisks-vannas-sals-ar-pipermetru-lapam\/#primaryimage"},"image":{"@id":"https:\/\/women.lv\/product\/aromatisks-vannas-sals-ar-pipermetru-lapam\/#primaryimage"},"thumbnailUrl":"https:\/\/women.lv\/wp-content\/uploads\/nc\/catalog\/CHiC\/CANAAN-Mineral-Herbs\/canaan-aromatic-bath-salts-dead-sea-minerals-mint-leaves.gif","datePublished":"2020-10-29T13:51:35+00:00","dateModified":"2025-11-05T13:26:16+00:00","description":"Nomierino\u0161s un atsvaidzino\u0161s vannas s\u0101ls ar piperm\u0113tru lap\u0101m Palutiniet savu \u0137ermeni ar N\u0101ves j\u016bras miner\u0101lu atjaunojo\u0161aj\u0101m sp\u0113j\u0101m. \u0160ie dabiskie s\u0101ls krist\u0101li nodro\u0161ina maksim\u0101lu atsvaidzino\u0161u relaks\u0101ciju. 21 b\u016btisk\u0101kie N\u0101ves j\u016bras miner\u0101li .","breadcrumb":{"@id":"https:\/\/women.lv\/product\/aromatisks-vannas-sals-ar-pipermetru-lapam\/#breadcrumb"},"inLanguage":"en-GB","potentialAction":[{"@type":"ReadAction","target":["https:\/\/women.lv\/product\/aromatisks-vannas-sals-ar-pipermetru-lapam\/"]}]},{"@type":"ImageObject","inLanguage":"en-GB","@id":"https:\/\/women.lv\/product\/aromatisks-vannas-sals-ar-pipermetru-lapam\/#primaryimage","url":"https:\/\/women.lv\/wp-content\/uploads\/nc\/catalog\/CHiC\/CANAAN-Mineral-Herbs\/canaan-aromatic-bath-salts-dead-sea-minerals-mint-leaves.gif","contentUrl":"https:\/\/women.lv\/wp-content\/uploads\/nc\/catalog\/CHiC\/CANAAN-Mineral-Herbs\/canaan-aromatic-bath-salts-dead-sea-minerals-mint-leaves.gif","width":699,"height":800,"caption":"Arom\u0101tisks vannas s\u0101ls ar piparm\u0113tru lap\u0101m"},{"@type":"BreadcrumbList","@id":"https:\/\/women.lv\/product\/aromatisks-vannas-sals-ar-pipermetru-lapam\/#breadcrumb","itemListElement":[{"@type":"ListItem","position":1,"name":"Home","item":"https:\/\/women.lv\/"},{"@type":"ListItem","position":2,"name":"Products","item":"https:\/\/women.lv\/en\/shop\/"},{"@type":"ListItem","position":3,"name":"Arom\u0101tisks vannas s\u0101ls ar piparm\u0113tru lap\u0101m"}]},{"@type":"WebSite","@id":"https:\/\/women.lv\/#website","url":"https:\/\/women.lv\/","name":"Women Veikals","description":"Uzdr\u012bksties b\u016bt skaista","potentialAction":[{"@type":"SearchAction","target":{"@type":"EntryPoint","urlTemplate":"https:\/\/women.lv\/?s={search_term_string}"},"query-input":{"@type":"PropertyValueSpecification","valueRequired":true,"valueName":"search_term_string"}}],"inLanguage":"en-GB"}]}},"_links":{"self":[{"href":"https:\/\/women.lv\/en\/wp-json\/wp\/v2\/product\/28707","targetHints":{"allow":["GET"]}}],"collection":[{"href":"https:\/\/women.lv\/en\/wp-json\/wp\/v2\/product"}],"about":[{"href":"https:\/\/women.lv\/en\/wp-json\/wp\/v2\/types\/product"}],"replies":[{"embeddable":true,"href":"https:\/\/women.lv\/en\/wp-json\/wp\/v2\/comments?post=28707"}],"version-history":[{"count":1,"href":"https:\/\/women.lv\/en\/wp-json\/wp\/v2\/product\/28707\/revisions"}],"predecessor-version":[{"id":29761,"href":"https:\/\/women.lv\/en\/wp-json\/wp\/v2\/product\/28707\/revisions\/29761"}],"wp:featuredmedia":[{"embeddable":true,"href":"https:\/\/women.lv\/en\/wp-json\/wp\/v2\/media\/28708"}],"wp:attachment":[{"href":"https:\/\/women.lv\/en\/wp-json\/wp\/v2\/media?parent=28707"}],"wp:term":[{"taxonomy":"product_brand","embeddable":true,"href":"https:\/\/women.lv\/en\/wp-json\/wp\/v2\/product_brand?post=28707"},{"taxonomy":"product_cat","embeddable":true,"href":"https:\/\/women.lv\/en\/wp-json\/wp\/v2\/product_cat?post=28707"},{"taxonomy":"product_tag","embeddable":true,"href":"https:\/\/women.lv\/en\/wp-json\/wp\/v2\/product_tag?post=28707"}],"curies":[{"name":"wp","href":"https:\/\/api.w.org\/{rel}","templated":true}]}}