{"id":28703,"date":"2020-10-16T15:18:18","date_gmt":"2020-10-16T15:18:18","guid":{"rendered":"https:\/\/women.lv\/?product=kermena-losjons-uz-udens-bazes-mango-un-persiks"},"modified":"2025-11-05T13:26:14","modified_gmt":"2025-11-05T13:26:14","slug":"kermena-losjons-uz-udens-bazes-manogo-persiks","status":"publish","type":"product","link":"https:\/\/women.lv\/en\/product\/kermena-losjons-uz-udens-bazes-manogo-persiks\/","title":{"rendered":"Water-based body lotion - Mango and Peach"},"content":{"rendered":"<p><span style=\"font-family: Helvetica;\"><span style=\"font-size: 18px;\">\u0136erme\u0146a losjons uz \u016bdens b\u0101zes ar Mango un Persika\u00a0<\/span><\/span><span style=\"font-family: Helvetica; font-size: 18px;\">arom\u0101tu J\u016bsu br\u012bvdien\u0101m vai jebkurai citai dienai, kur\u0101 v\u0113laties mazliet palutin\u0101t sevi ar baudas pilnu pieredzi. Losjonam ir maiga tekst\u016bra un apreibino\u0161s arom\u0101ts, kas izl\u012bdzina \u0101du un sniedz relaks\u0101cijas un komforta saj\u016btu, kas ilgst visu dienu. Bag\u0101tin\u0101ts ar unik\u0101lo &#8211; CSE Complex \u2122, k\u0101 ar\u012b C vitam\u012bna un burk\u0101nu e\u013c\u013cu, \u0161is apbr\u012bnojamais \u0137erme\u0146a losjons veicina \u0101das \u0161\u016bnu atjauno\u0161anos, aizsarg\u0101 \u0101du no gaisa pies\u0101r\u0146ojuma un pal\u012bdz saglab\u0101t \u0101du glud\u0101ku un z\u012bdain\u0101ku. Losjona lieto\u0161ana ir baud\u012bjums, kas sast\u0101v no vesel\u012bbas, mirdzuma, smar\u017eas un tekst\u016bras apvieno\u0161anas, kas izk\u016bst uz J\u016bsu \u0101das.<\/span><\/p>","protected":false},"excerpt":{"rendered":"<p>Water-based body lotion with Mango and Peach scent for your holidays or any other day you want to pamper yourself a little<\/p>","protected":false},"featured_media":28704,"comment_status":"open","ping_status":"closed","template":"","meta":[],"product_brand":[],"product_cat":[2208,2216,2215],"product_tag":[3284,2891,3067,2244,2243,3286,2245,3285],"class_list":{"0":"post-28703","1":"product","2":"type-product","3":"status-publish","4":"has-post-thumbnail","6":"product_cat-kermena-kopsanas-lidzekii","7":"product_cat-kermena-mitrinasana-un-barosana","8":"product_cat-visi-produkti","9":"product_tag-aqua-based-body-lotion-mango-and-peach","10":"product_tag-canaan","11":"product_tag-canaan-minerals-and-herbs","12":"product_tag-israel","13":"product_tag-izraela","14":"product_tag-kermena-losjons-uz-udens-bazes-mango-un-persiks","15":"product_tag-2245","16":"product_tag-3285","17":"pa_brand_nc-canaan-mineralsampherbs","18":"pa_ean_nc-4038","20":"first","21":"instock","22":"sale","23":"taxable","24":"shipping-taxable","25":"purchasable","26":"product-type-simple"},"yoast_head":"<!-- This site is optimized with the Yoast SEO plugin v23.9 - https:\/\/yoast.com\/wordpress\/plugins\/seo\/ -->\n<title>\u0136erme\u0146a losjons uz \u016bdens b\u0101zes - Mango un Persiks<\/title>\n<meta name=\"description\" content=\"\u0136erme\u0146a losjons uz \u016bdens b\u0101zes ar Mango un Persika arom\u0101tu J\u016bsu br\u012bvdien\u0101m vai jebkurai citai dienai, kur\u0101 v\u0113laties mazliet palutin\u0101t sevi ar baudas pilnu pieredzi.\" \/>\n<meta name=\"robots\" content=\"index, follow, max-snippet:-1, max-image-preview:large, max-video-preview:-1\" \/>\n<link rel=\"canonical\" href=\"https:\/\/women.lv\/en\/product\/kermena-losjons-uz-udens-bazes-manogo-persiks\/\" \/>\n<meta property=\"og:locale\" content=\"en_GB\" \/>\n<meta property=\"og:type\" content=\"article\" \/>\n<meta property=\"og:title\" content=\"\u0136erme\u0146a losjons uz \u016bdens b\u0101zes - Mango un Persiks\" \/>\n<meta property=\"og:description\" content=\"\u0136erme\u0146a losjons uz \u016bdens b\u0101zes ar Mango un Persika arom\u0101tu J\u016bsu br\u012bvdien\u0101m vai jebkurai citai dienai, kur\u0101 v\u0113laties mazliet palutin\u0101t sevi ar baudas pilnu pieredzi.\" \/>\n<meta property=\"og:url\" content=\"https:\/\/women.lv\/en\/product\/kermena-losjons-uz-udens-bazes-manogo-persiks\/\" \/>\n<meta property=\"og:site_name\" content=\"Women Veikals\" \/>\n<meta property=\"article:modified_time\" content=\"2025-11-05T13:26:14+00:00\" \/>\n<meta property=\"og:image\" content=\"https:\/\/women.lv\/wp-content\/uploads\/nc\/catalog\/CHiC\/CANAAN-Mineral-Herbs\/canaan-aqua-based-body-lotion3.jpg\" \/>\n\t<meta property=\"og:image:width\" content=\"800\" \/>\n\t<meta property=\"og:image:height\" content=\"814\" \/>\n\t<meta property=\"og:image:type\" content=\"image\/gif\" \/>\n<meta name=\"twitter:card\" content=\"summary_large_image\" \/>\n<meta name=\"twitter:label1\" content=\"Estimated reading time\" \/>\n\t<meta name=\"twitter:data1\" content=\"1 minute\" \/>\n<script type=\"application\/ld+json\" class=\"yoast-schema-graph\">{\"@context\":\"https:\/\/schema.org\",\"@graph\":[{\"@type\":\"WebPage\",\"@id\":\"https:\/\/women.lv\/product\/kermena-losjons-uz-udens-bazes-manogo-persiks\/\",\"url\":\"https:\/\/women.lv\/product\/kermena-losjons-uz-udens-bazes-manogo-persiks\/\",\"name\":\"\u0136erme\u0146a losjons uz \u016bdens b\u0101zes - Mango un Persiks\",\"isPartOf\":{\"@id\":\"https:\/\/women.lv\/#website\"},\"primaryImageOfPage\":{\"@id\":\"https:\/\/women.lv\/product\/kermena-losjons-uz-udens-bazes-manogo-persiks\/#primaryimage\"},\"image\":{\"@id\":\"https:\/\/women.lv\/product\/kermena-losjons-uz-udens-bazes-manogo-persiks\/#primaryimage\"},\"thumbnailUrl\":\"https:\/\/women.lv\/wp-content\/uploads\/nc\/catalog\/CHiC\/CANAAN-Mineral-Herbs\/canaan-aqua-based-body-lotion3.jpg\",\"datePublished\":\"2020-10-16T15:18:18+00:00\",\"dateModified\":\"2025-11-05T13:26:14+00:00\",\"description\":\"\u0136erme\u0146a losjons uz \u016bdens b\u0101zes ar Mango un Persika arom\u0101tu J\u016bsu br\u012bvdien\u0101m vai jebkurai citai dienai, kur\u0101 v\u0113laties mazliet palutin\u0101t sevi ar baudas pilnu pieredzi.\",\"breadcrumb\":{\"@id\":\"https:\/\/women.lv\/product\/kermena-losjons-uz-udens-bazes-manogo-persiks\/#breadcrumb\"},\"inLanguage\":\"en-GB\",\"potentialAction\":[{\"@type\":\"ReadAction\",\"target\":[\"https:\/\/women.lv\/product\/kermena-losjons-uz-udens-bazes-manogo-persiks\/\"]}]},{\"@type\":\"ImageObject\",\"inLanguage\":\"en-GB\",\"@id\":\"https:\/\/women.lv\/product\/kermena-losjons-uz-udens-bazes-manogo-persiks\/#primaryimage\",\"url\":\"https:\/\/women.lv\/wp-content\/uploads\/nc\/catalog\/CHiC\/CANAAN-Mineral-Herbs\/canaan-aqua-based-body-lotion3.jpg\",\"contentUrl\":\"https:\/\/women.lv\/wp-content\/uploads\/nc\/catalog\/CHiC\/CANAAN-Mineral-Herbs\/canaan-aqua-based-body-lotion3.jpg\",\"width\":800,\"height\":814,\"caption\":\"\u0136erme\u0146a losjons uz \u016bdens b\u0101zes - Mango un Persiks\"},{\"@type\":\"BreadcrumbList\",\"@id\":\"https:\/\/women.lv\/product\/kermena-losjons-uz-udens-bazes-manogo-persiks\/#breadcrumb\",\"itemListElement\":[{\"@type\":\"ListItem\",\"position\":1,\"name\":\"Home\",\"item\":\"https:\/\/women.lv\/\"},{\"@type\":\"ListItem\",\"position\":2,\"name\":\"Products\",\"item\":\"https:\/\/women.lv\/en\/shop\/\"},{\"@type\":\"ListItem\",\"position\":3,\"name\":\"\u0136erme\u0146a losjons uz \u016bdens b\u0101zes &#8211; Mango un Persiks\"}]},{\"@type\":\"WebSite\",\"@id\":\"https:\/\/women.lv\/#website\",\"url\":\"https:\/\/women.lv\/\",\"name\":\"Women Veikals\",\"description\":\"Uzdr\u012bksties b\u016bt skaista\",\"potentialAction\":[{\"@type\":\"SearchAction\",\"target\":{\"@type\":\"EntryPoint\",\"urlTemplate\":\"https:\/\/women.lv\/?s={search_term_string}\"},\"query-input\":{\"@type\":\"PropertyValueSpecification\",\"valueRequired\":true,\"valueName\":\"search_term_string\"}}],\"inLanguage\":\"en-GB\"}]}<\/script>\n<!-- \/ Yoast SEO plugin. -->","yoast_head_json":{"title":"\u0136erme\u0146a losjons uz \u016bdens b\u0101zes - Mango un Persiks","description":"\u0136erme\u0146a losjons uz \u016bdens b\u0101zes ar Mango un Persika arom\u0101tu J\u016bsu br\u012bvdien\u0101m vai jebkurai citai dienai, kur\u0101 v\u0113laties mazliet palutin\u0101t sevi ar baudas pilnu pieredzi.","robots":{"index":"index","follow":"follow","max-snippet":"max-snippet:-1","max-image-preview":"max-image-preview:large","max-video-preview":"max-video-preview:-1"},"canonical":"https:\/\/women.lv\/en\/product\/kermena-losjons-uz-udens-bazes-manogo-persiks\/","og_locale":"en_GB","og_type":"article","og_title":"\u0136erme\u0146a losjons uz \u016bdens b\u0101zes - Mango un Persiks","og_description":"\u0136erme\u0146a losjons uz \u016bdens b\u0101zes ar Mango un Persika arom\u0101tu J\u016bsu br\u012bvdien\u0101m vai jebkurai citai dienai, kur\u0101 v\u0113laties mazliet palutin\u0101t sevi ar baudas pilnu pieredzi.","og_url":"https:\/\/women.lv\/en\/product\/kermena-losjons-uz-udens-bazes-manogo-persiks\/","og_site_name":"Women Veikals","article_modified_time":"2025-11-05T13:26:14+00:00","og_image":[{"width":800,"height":814,"url":"https:\/\/women.lv\/wp-content\/uploads\/nc\/catalog\/CHiC\/CANAAN-Mineral-Herbs\/canaan-aqua-based-body-lotion3.jpg","type":"image\/gif"}],"twitter_card":"summary_large_image","twitter_misc":{"Estimated reading time":"1 minute"},"schema":{"@context":"https:\/\/schema.org","@graph":[{"@type":"WebPage","@id":"https:\/\/women.lv\/product\/kermena-losjons-uz-udens-bazes-manogo-persiks\/","url":"https:\/\/women.lv\/product\/kermena-losjons-uz-udens-bazes-manogo-persiks\/","name":"\u0136erme\u0146a losjons uz \u016bdens b\u0101zes - Mango un Persiks","isPartOf":{"@id":"https:\/\/women.lv\/#website"},"primaryImageOfPage":{"@id":"https:\/\/women.lv\/product\/kermena-losjons-uz-udens-bazes-manogo-persiks\/#primaryimage"},"image":{"@id":"https:\/\/women.lv\/product\/kermena-losjons-uz-udens-bazes-manogo-persiks\/#primaryimage"},"thumbnailUrl":"https:\/\/women.lv\/wp-content\/uploads\/nc\/catalog\/CHiC\/CANAAN-Mineral-Herbs\/canaan-aqua-based-body-lotion3.jpg","datePublished":"2020-10-16T15:18:18+00:00","dateModified":"2025-11-05T13:26:14+00:00","description":"\u0136erme\u0146a losjons uz \u016bdens b\u0101zes ar Mango un Persika arom\u0101tu J\u016bsu br\u012bvdien\u0101m vai jebkurai citai dienai, kur\u0101 v\u0113laties mazliet palutin\u0101t sevi ar baudas pilnu pieredzi.","breadcrumb":{"@id":"https:\/\/women.lv\/product\/kermena-losjons-uz-udens-bazes-manogo-persiks\/#breadcrumb"},"inLanguage":"en-GB","potentialAction":[{"@type":"ReadAction","target":["https:\/\/women.lv\/product\/kermena-losjons-uz-udens-bazes-manogo-persiks\/"]}]},{"@type":"ImageObject","inLanguage":"en-GB","@id":"https:\/\/women.lv\/product\/kermena-losjons-uz-udens-bazes-manogo-persiks\/#primaryimage","url":"https:\/\/women.lv\/wp-content\/uploads\/nc\/catalog\/CHiC\/CANAAN-Mineral-Herbs\/canaan-aqua-based-body-lotion3.jpg","contentUrl":"https:\/\/women.lv\/wp-content\/uploads\/nc\/catalog\/CHiC\/CANAAN-Mineral-Herbs\/canaan-aqua-based-body-lotion3.jpg","width":800,"height":814,"caption":"\u0136erme\u0146a losjons uz \u016bdens b\u0101zes - Mango un Persiks"},{"@type":"BreadcrumbList","@id":"https:\/\/women.lv\/product\/kermena-losjons-uz-udens-bazes-manogo-persiks\/#breadcrumb","itemListElement":[{"@type":"ListItem","position":1,"name":"Home","item":"https:\/\/women.lv\/"},{"@type":"ListItem","position":2,"name":"Products","item":"https:\/\/women.lv\/en\/shop\/"},{"@type":"ListItem","position":3,"name":"\u0136erme\u0146a losjons uz \u016bdens b\u0101zes &#8211; Mango un Persiks"}]},{"@type":"WebSite","@id":"https:\/\/women.lv\/#website","url":"https:\/\/women.lv\/","name":"Women Veikals","description":"Uzdr\u012bksties b\u016bt skaista","potentialAction":[{"@type":"SearchAction","target":{"@type":"EntryPoint","urlTemplate":"https:\/\/women.lv\/?s={search_term_string}"},"query-input":{"@type":"PropertyValueSpecification","valueRequired":true,"valueName":"search_term_string"}}],"inLanguage":"en-GB"}]}},"_links":{"self":[{"href":"https:\/\/women.lv\/en\/wp-json\/wp\/v2\/product\/28703","targetHints":{"allow":["GET"]}}],"collection":[{"href":"https:\/\/women.lv\/en\/wp-json\/wp\/v2\/product"}],"about":[{"href":"https:\/\/women.lv\/en\/wp-json\/wp\/v2\/types\/product"}],"replies":[{"embeddable":true,"href":"https:\/\/women.lv\/en\/wp-json\/wp\/v2\/comments?post=28703"}],"version-history":[{"count":1,"href":"https:\/\/women.lv\/en\/wp-json\/wp\/v2\/product\/28703\/revisions"}],"predecessor-version":[{"id":29758,"href":"https:\/\/women.lv\/en\/wp-json\/wp\/v2\/product\/28703\/revisions\/29758"}],"wp:featuredmedia":[{"embeddable":true,"href":"https:\/\/women.lv\/en\/wp-json\/wp\/v2\/media\/28704"}],"wp:attachment":[{"href":"https:\/\/women.lv\/en\/wp-json\/wp\/v2\/media?parent=28703"}],"wp:term":[{"taxonomy":"product_brand","embeddable":true,"href":"https:\/\/women.lv\/en\/wp-json\/wp\/v2\/product_brand?post=28703"},{"taxonomy":"product_cat","embeddable":true,"href":"https:\/\/women.lv\/en\/wp-json\/wp\/v2\/product_cat?post=28703"},{"taxonomy":"product_tag","embeddable":true,"href":"https:\/\/women.lv\/en\/wp-json\/wp\/v2\/product_tag?post=28703"}],"curies":[{"name":"wp","href":"https:\/\/api.w.org\/{rel}","templated":true}]}}