{"id":28699,"date":"2020-10-16T14:38:44","date_gmt":"2020-10-16T14:38:44","guid":{"rendered":"https:\/\/women.lv\/?product=kermena-krems-uz-dabigo-ellu-bazes-ar-vanilas-aromatu"},"modified":"2025-11-05T13:26:14","modified_gmt":"2025-11-05T13:26:14","slug":"kermena-krems-uz-dabigo-ellu-bazes-vanilla","status":"publish","type":"product","link":"https:\/\/women.lv\/en\/product\/kermena-krems-uz-dabigo-ellu-bazes-vanilla\/","title":{"rendered":"Body cream based on natural oils with vanilla aroma"},"content":{"rendered":"<p><span style=\"font-family: Helvetica;\"><span style=\"font-size: 18px;\">\u0136erme\u0146a kr\u0113ms uz dab\u012bgo e\u013c\u013cu b\u0101zes ar vani\u013cas saldo<\/span><\/span><span style=\"font-family: Helvetica; font-size: 18px;\">\u00a0arom\u0101tu, \u012bpa\u0161i bag\u0101ta un kr\u0113m\u012bga tekst\u016bra, tas ir ide\u0101ls produkts, ar kuru reizi pa reizei palutin\u0101t J\u016bsu \u0101du. Tam ir \u0101tri rezult\u0101ti, un t\u0101 pie\u0161\u0137ir J\u016bsu \u0101dai pien\u0101c\u012bgu kop\u0161anu. \u0160is kr\u0113ms ir bag\u0101tin\u0101ts ar unik\u0101lo Canaan kompleksu &#8211; CSE Complex \u2122, k\u0101 ar\u012b &#8221;\u0161\u012b&#8221; sviestu, burk\u0101nu un avokado e\u013c\u013cu. \u0160\u012b augstas kvalit\u0101tes sast\u0101vda\u013cu kombin\u0101cija pal\u012bdz pa\u0101trin\u0101t \u0101das atjauno\u0161anos. Laika gait\u0101 barojot \u0101du ar kr\u0113mu, tas sniedz J\u016bsu \u0101dai pat\u012bkamu vesel\u012bbas un mirdzuma pieredzi, apvienojotes ar pat\u012bkamu vani\u013cas arom\u0101tu, fakt\u016bru un svaiguma saj\u016btu. Ieteicams \u012bpa\u0161i sausai \u0101dai un ziemas m\u0113ne\u0161iem.<\/p>\n<p><\/span><\/p>\n<p>&nbsp;<\/p>","protected":false},"excerpt":{"rendered":"<p>A body cream based on natural oils with a sweet vanilla aroma, extra rich and creamy texture, it is the perfect product with<\/p>","protected":false},"featured_media":28700,"comment_status":"open","ping_status":"closed","template":"","meta":[],"product_brand":[],"product_cat":[2208,2216,2215],"product_tag":[2891,2995,2244,2243,3278,3276,2245,3277],"class_list":{"0":"post-28699","1":"product","2":"type-product","3":"status-publish","4":"has-post-thumbnail","6":"product_cat-kermena-kopsanas-lidzekii","7":"product_cat-kermena-mitrinasana-un-barosana","8":"product_cat-visi-produkti","9":"product_tag-canaan","10":"product_tag-canaan-mineralsampherbs","11":"product_tag-israel","12":"product_tag-izraela","13":"product_tag-kermena-krems-uz-dabigo-ellu-bazes-ar-vanilas-aromatu","14":"product_tag-rich-oil-based-body-cream-vanilla","15":"product_tag-2245","16":"product_tag-3277","17":"pa_brand_nc-canaan-mineralsampherbs","18":"pa_ean_nc-4036","20":"first","21":"instock","22":"sale","23":"taxable","24":"shipping-taxable","25":"purchasable","26":"product-type-simple"},"yoast_head":"<!-- This site is optimized with the Yoast SEO plugin v23.9 - https:\/\/yoast.com\/wordpress\/plugins\/seo\/ -->\n<title>\u0136erme\u0146a kr\u0113ms uz dab\u012bgo e\u013c\u013cu b\u0101zes ar vani\u013cas arom\u0101tu<\/title>\n<meta name=\"description\" content=\"\u0136erme\u0146a kr\u0113ms uz dab\u012bgo e\u013c\u013cu b\u0101zes ar vani\u013cas saldo arom\u0101tu, \u012bpa\u0161i bag\u0101ta un kr\u0113m\u012bga tekst\u016bra, tas ir ide\u0101ls produkts, ar kuru reizi pa reizei palutin\u0101t J\u016bsu \u0101du.\" \/>\n<meta name=\"robots\" content=\"index, follow, max-snippet:-1, max-image-preview:large, max-video-preview:-1\" \/>\n<link rel=\"canonical\" href=\"https:\/\/women.lv\/en\/product\/kermena-krems-uz-dabigo-ellu-bazes-vanilla\/\" \/>\n<meta property=\"og:locale\" content=\"en_GB\" \/>\n<meta property=\"og:type\" content=\"article\" \/>\n<meta property=\"og:title\" content=\"\u0136erme\u0146a kr\u0113ms uz dab\u012bgo e\u013c\u013cu b\u0101zes ar vani\u013cas arom\u0101tu\" \/>\n<meta property=\"og:description\" content=\"\u0136erme\u0146a kr\u0113ms uz dab\u012bgo e\u013c\u013cu b\u0101zes ar vani\u013cas saldo arom\u0101tu, \u012bpa\u0161i bag\u0101ta un kr\u0113m\u012bga tekst\u016bra, tas ir ide\u0101ls produkts, ar kuru reizi pa reizei palutin\u0101t J\u016bsu \u0101du.\" \/>\n<meta property=\"og:url\" content=\"https:\/\/women.lv\/en\/product\/kermena-krems-uz-dabigo-ellu-bazes-vanilla\/\" \/>\n<meta property=\"og:site_name\" content=\"Women Veikals\" \/>\n<meta property=\"article:modified_time\" content=\"2025-11-05T13:26:14+00:00\" \/>\n<meta property=\"og:image\" content=\"https:\/\/women.lv\/wp-content\/uploads\/nc\/catalog\/CHiC\/CANAAN-Mineral-Herbs\/canaan-rich-oil-based-body-cream.jpg\" \/>\n\t<meta property=\"og:image:width\" content=\"800\" \/>\n\t<meta property=\"og:image:height\" content=\"814\" \/>\n\t<meta property=\"og:image:type\" content=\"image\/gif\" \/>\n<meta name=\"twitter:card\" content=\"summary_large_image\" \/>\n<meta name=\"twitter:label1\" content=\"Estimated reading time\" \/>\n\t<meta name=\"twitter:data1\" content=\"1 minute\" \/>\n<script type=\"application\/ld+json\" class=\"yoast-schema-graph\">{\"@context\":\"https:\/\/schema.org\",\"@graph\":[{\"@type\":\"WebPage\",\"@id\":\"https:\/\/women.lv\/product\/kermena-krems-uz-dabigo-ellu-bazes-vanilla\/\",\"url\":\"https:\/\/women.lv\/product\/kermena-krems-uz-dabigo-ellu-bazes-vanilla\/\",\"name\":\"\u0136erme\u0146a kr\u0113ms uz dab\u012bgo e\u013c\u013cu b\u0101zes ar vani\u013cas arom\u0101tu\",\"isPartOf\":{\"@id\":\"https:\/\/women.lv\/#website\"},\"primaryImageOfPage\":{\"@id\":\"https:\/\/women.lv\/product\/kermena-krems-uz-dabigo-ellu-bazes-vanilla\/#primaryimage\"},\"image\":{\"@id\":\"https:\/\/women.lv\/product\/kermena-krems-uz-dabigo-ellu-bazes-vanilla\/#primaryimage\"},\"thumbnailUrl\":\"https:\/\/women.lv\/wp-content\/uploads\/nc\/catalog\/CHiC\/CANAAN-Mineral-Herbs\/canaan-rich-oil-based-body-cream.jpg\",\"datePublished\":\"2020-10-16T14:38:44+00:00\",\"dateModified\":\"2025-11-05T13:26:14+00:00\",\"description\":\"\u0136erme\u0146a kr\u0113ms uz dab\u012bgo e\u013c\u013cu b\u0101zes ar vani\u013cas saldo arom\u0101tu, \u012bpa\u0161i bag\u0101ta un kr\u0113m\u012bga tekst\u016bra, tas ir ide\u0101ls produkts, ar kuru reizi pa reizei palutin\u0101t J\u016bsu \u0101du.\",\"breadcrumb\":{\"@id\":\"https:\/\/women.lv\/product\/kermena-krems-uz-dabigo-ellu-bazes-vanilla\/#breadcrumb\"},\"inLanguage\":\"en-GB\",\"potentialAction\":[{\"@type\":\"ReadAction\",\"target\":[\"https:\/\/women.lv\/product\/kermena-krems-uz-dabigo-ellu-bazes-vanilla\/\"]}]},{\"@type\":\"ImageObject\",\"inLanguage\":\"en-GB\",\"@id\":\"https:\/\/women.lv\/product\/kermena-krems-uz-dabigo-ellu-bazes-vanilla\/#primaryimage\",\"url\":\"https:\/\/women.lv\/wp-content\/uploads\/nc\/catalog\/CHiC\/CANAAN-Mineral-Herbs\/canaan-rich-oil-based-body-cream.jpg\",\"contentUrl\":\"https:\/\/women.lv\/wp-content\/uploads\/nc\/catalog\/CHiC\/CANAAN-Mineral-Herbs\/canaan-rich-oil-based-body-cream.jpg\",\"width\":800,\"height\":814,\"caption\":\"\u0136erme\u0146a kr\u0113ms uz dab\u012bgo e\u013c\u013cu b\u0101zes ar vani\u013cas arom\u0101tu\"},{\"@type\":\"BreadcrumbList\",\"@id\":\"https:\/\/women.lv\/product\/kermena-krems-uz-dabigo-ellu-bazes-vanilla\/#breadcrumb\",\"itemListElement\":[{\"@type\":\"ListItem\",\"position\":1,\"name\":\"Home\",\"item\":\"https:\/\/women.lv\/\"},{\"@type\":\"ListItem\",\"position\":2,\"name\":\"Products\",\"item\":\"https:\/\/women.lv\/en\/shop\/\"},{\"@type\":\"ListItem\",\"position\":3,\"name\":\"\u0136erme\u0146a kr\u0113ms uz dab\u012bgo e\u013c\u013cu b\u0101zes ar vani\u013cas arom\u0101tu\"}]},{\"@type\":\"WebSite\",\"@id\":\"https:\/\/women.lv\/#website\",\"url\":\"https:\/\/women.lv\/\",\"name\":\"Women Veikals\",\"description\":\"Uzdr\u012bksties b\u016bt skaista\",\"potentialAction\":[{\"@type\":\"SearchAction\",\"target\":{\"@type\":\"EntryPoint\",\"urlTemplate\":\"https:\/\/women.lv\/?s={search_term_string}\"},\"query-input\":{\"@type\":\"PropertyValueSpecification\",\"valueRequired\":true,\"valueName\":\"search_term_string\"}}],\"inLanguage\":\"en-GB\"}]}<\/script>\n<!-- \/ Yoast SEO plugin. -->","yoast_head_json":{"title":"\u0136erme\u0146a kr\u0113ms uz dab\u012bgo e\u013c\u013cu b\u0101zes ar vani\u013cas arom\u0101tu","description":"\u0136erme\u0146a kr\u0113ms uz dab\u012bgo e\u013c\u013cu b\u0101zes ar vani\u013cas saldo arom\u0101tu, \u012bpa\u0161i bag\u0101ta un kr\u0113m\u012bga tekst\u016bra, tas ir ide\u0101ls produkts, ar kuru reizi pa reizei palutin\u0101t J\u016bsu \u0101du.","robots":{"index":"index","follow":"follow","max-snippet":"max-snippet:-1","max-image-preview":"max-image-preview:large","max-video-preview":"max-video-preview:-1"},"canonical":"https:\/\/women.lv\/en\/product\/kermena-krems-uz-dabigo-ellu-bazes-vanilla\/","og_locale":"en_GB","og_type":"article","og_title":"\u0136erme\u0146a kr\u0113ms uz dab\u012bgo e\u013c\u013cu b\u0101zes ar vani\u013cas arom\u0101tu","og_description":"\u0136erme\u0146a kr\u0113ms uz dab\u012bgo e\u013c\u013cu b\u0101zes ar vani\u013cas saldo arom\u0101tu, \u012bpa\u0161i bag\u0101ta un kr\u0113m\u012bga tekst\u016bra, tas ir ide\u0101ls produkts, ar kuru reizi pa reizei palutin\u0101t J\u016bsu \u0101du.","og_url":"https:\/\/women.lv\/en\/product\/kermena-krems-uz-dabigo-ellu-bazes-vanilla\/","og_site_name":"Women Veikals","article_modified_time":"2025-11-05T13:26:14+00:00","og_image":[{"width":800,"height":814,"url":"https:\/\/women.lv\/wp-content\/uploads\/nc\/catalog\/CHiC\/CANAAN-Mineral-Herbs\/canaan-rich-oil-based-body-cream.jpg","type":"image\/gif"}],"twitter_card":"summary_large_image","twitter_misc":{"Estimated reading time":"1 minute"},"schema":{"@context":"https:\/\/schema.org","@graph":[{"@type":"WebPage","@id":"https:\/\/women.lv\/product\/kermena-krems-uz-dabigo-ellu-bazes-vanilla\/","url":"https:\/\/women.lv\/product\/kermena-krems-uz-dabigo-ellu-bazes-vanilla\/","name":"\u0136erme\u0146a kr\u0113ms uz dab\u012bgo e\u013c\u013cu b\u0101zes ar vani\u013cas arom\u0101tu","isPartOf":{"@id":"https:\/\/women.lv\/#website"},"primaryImageOfPage":{"@id":"https:\/\/women.lv\/product\/kermena-krems-uz-dabigo-ellu-bazes-vanilla\/#primaryimage"},"image":{"@id":"https:\/\/women.lv\/product\/kermena-krems-uz-dabigo-ellu-bazes-vanilla\/#primaryimage"},"thumbnailUrl":"https:\/\/women.lv\/wp-content\/uploads\/nc\/catalog\/CHiC\/CANAAN-Mineral-Herbs\/canaan-rich-oil-based-body-cream.jpg","datePublished":"2020-10-16T14:38:44+00:00","dateModified":"2025-11-05T13:26:14+00:00","description":"\u0136erme\u0146a kr\u0113ms uz dab\u012bgo e\u013c\u013cu b\u0101zes ar vani\u013cas saldo arom\u0101tu, \u012bpa\u0161i bag\u0101ta un kr\u0113m\u012bga tekst\u016bra, tas ir ide\u0101ls produkts, ar kuru reizi pa reizei palutin\u0101t J\u016bsu \u0101du.","breadcrumb":{"@id":"https:\/\/women.lv\/product\/kermena-krems-uz-dabigo-ellu-bazes-vanilla\/#breadcrumb"},"inLanguage":"en-GB","potentialAction":[{"@type":"ReadAction","target":["https:\/\/women.lv\/product\/kermena-krems-uz-dabigo-ellu-bazes-vanilla\/"]}]},{"@type":"ImageObject","inLanguage":"en-GB","@id":"https:\/\/women.lv\/product\/kermena-krems-uz-dabigo-ellu-bazes-vanilla\/#primaryimage","url":"https:\/\/women.lv\/wp-content\/uploads\/nc\/catalog\/CHiC\/CANAAN-Mineral-Herbs\/canaan-rich-oil-based-body-cream.jpg","contentUrl":"https:\/\/women.lv\/wp-content\/uploads\/nc\/catalog\/CHiC\/CANAAN-Mineral-Herbs\/canaan-rich-oil-based-body-cream.jpg","width":800,"height":814,"caption":"\u0136erme\u0146a kr\u0113ms uz dab\u012bgo e\u013c\u013cu b\u0101zes ar vani\u013cas arom\u0101tu"},{"@type":"BreadcrumbList","@id":"https:\/\/women.lv\/product\/kermena-krems-uz-dabigo-ellu-bazes-vanilla\/#breadcrumb","itemListElement":[{"@type":"ListItem","position":1,"name":"Home","item":"https:\/\/women.lv\/"},{"@type":"ListItem","position":2,"name":"Products","item":"https:\/\/women.lv\/en\/shop\/"},{"@type":"ListItem","position":3,"name":"\u0136erme\u0146a kr\u0113ms uz dab\u012bgo e\u013c\u013cu b\u0101zes ar vani\u013cas arom\u0101tu"}]},{"@type":"WebSite","@id":"https:\/\/women.lv\/#website","url":"https:\/\/women.lv\/","name":"Women Veikals","description":"Uzdr\u012bksties b\u016bt skaista","potentialAction":[{"@type":"SearchAction","target":{"@type":"EntryPoint","urlTemplate":"https:\/\/women.lv\/?s={search_term_string}"},"query-input":{"@type":"PropertyValueSpecification","valueRequired":true,"valueName":"search_term_string"}}],"inLanguage":"en-GB"}]}},"_links":{"self":[{"href":"https:\/\/women.lv\/en\/wp-json\/wp\/v2\/product\/28699","targetHints":{"allow":["GET"]}}],"collection":[{"href":"https:\/\/women.lv\/en\/wp-json\/wp\/v2\/product"}],"about":[{"href":"https:\/\/women.lv\/en\/wp-json\/wp\/v2\/types\/product"}],"replies":[{"embeddable":true,"href":"https:\/\/women.lv\/en\/wp-json\/wp\/v2\/comments?post=28699"}],"version-history":[{"count":1,"href":"https:\/\/women.lv\/en\/wp-json\/wp\/v2\/product\/28699\/revisions"}],"predecessor-version":[{"id":29756,"href":"https:\/\/women.lv\/en\/wp-json\/wp\/v2\/product\/28699\/revisions\/29756"}],"wp:featuredmedia":[{"embeddable":true,"href":"https:\/\/women.lv\/en\/wp-json\/wp\/v2\/media\/28700"}],"wp:attachment":[{"href":"https:\/\/women.lv\/en\/wp-json\/wp\/v2\/media?parent=28699"}],"wp:term":[{"taxonomy":"product_brand","embeddable":true,"href":"https:\/\/women.lv\/en\/wp-json\/wp\/v2\/product_brand?post=28699"},{"taxonomy":"product_cat","embeddable":true,"href":"https:\/\/women.lv\/en\/wp-json\/wp\/v2\/product_cat?post=28699"},{"taxonomy":"product_tag","embeddable":true,"href":"https:\/\/women.lv\/en\/wp-json\/wp\/v2\/product_tag?post=28699"}],"curies":[{"name":"wp","href":"https:\/\/api.w.org\/{rel}","templated":true}]}}