{"id":28693,"date":"2020-10-15T14:59:17","date_gmt":"2020-10-15T14:59:17","guid":{"rendered":"https:\/\/women.lv\/?product=spidumu-mazinoss-un-mitrinoss-dienas-krems"},"modified":"2025-11-05T13:26:14","modified_gmt":"2025-11-05T13:26:14","slug":"spidumu-mazinoss-un-mitrinoss-dienas-krems","status":"publish","type":"product","link":"https:\/\/women.lv\/en\/product\/spidumu-mazinoss-un-mitrinoss-dienas-krems\/","title":{"rendered":"Shine-reducing and moisturizing day cream"},"content":{"rendered":"<p><span style=\"font-size: 18px;\"><b>Revitalizes and renews the skin<\/b><\/span><\/p>\n<p><span style=\"font-size: 18px;\">A light, easily absorbed and moisturizing cream provides hydration throughout the day, while reducing the amount of excess oil in your skin.<\/span><\/p>\n<p><span style=\"font-size: 18px;\">Akt\u012bv\u0101 ogle\u00a0 no\u0146em lieko sebumu, lai nov\u0113rstu sp\u012bdumu un att\u012br\u012btu \u0101du. Satur ar\u012b Centella Asiatica, kas stimul\u0113 \u0101das atjauno\u0161anos, avokado e\u013c\u013cu ar A, D, E vitam\u012bniem, Omega-9 un N\u0101ves j\u016bras miner\u0101lus.<\/span><\/p>\n<p><span style=\"font-size: 18px;\">Balances the moisture level of the skin, nourishes it.<\/span><\/p>\n<p><span style=\"font-size: 18px;\">Helps protect against free radicals for a radiant, shine-free complexion. Serves as an ideal base for decorative cosmetics.<\/span><\/p>\n<ul>\n<li><span style=\"font-size: 18px;\">Prevents skin shine;<\/span><\/li>\n<li><span style=\"font-size: 18px;\">Revitalizes and renews the skin;<\/span><\/li>\n<li><span style=\"font-size: 18px;\">Balances the moisture level of the skin, nourishes and promotes skin elasticity;<\/span><\/li>\n<li><span style=\"font-size: 18px;\">Contains activated carbon, Centella Asiatica, avocado oil and Dead Sea minerals.<\/span><\/li>\n<\/ul>","protected":false},"excerpt":{"rendered":"<p>Revitalizes and regenerates skin Light, easily absorbed and hydrating cream provides all-day hydration while reducing excess oil<\/p>","protected":false},"featured_media":28694,"comment_status":"open","ping_status":"closed","template":"","meta":[],"product_brand":[],"product_cat":[2200,2212,2215],"product_tag":[3242,2891,3241,2244,2243,3266,3264,2245,3265],"class_list":{"0":"post-28693","1":"product","2":"type-product","3":"status-publish","4":"has-post-thumbnail","6":"product_cat-sejas-kopsanas-lidzekli","7":"product_cat-dienas-kremi","8":"product_cat-visi-produkti","9":"product_tag-aktiva-ogle","10":"product_tag-canaan","11":"product_tag-canaan-charcoal","12":"product_tag-israel","13":"product_tag-izraela","14":"product_tag-shine-control-moisturizing-day-cream","15":"product_tag-spidumu-mazinoss-un-mitrinoss-dienas-krems","16":"product_tag-2245","17":"product_tag-3265","18":"pa_brand_nc-canaan-charcoal","19":"pa_ean_nc-4033","21":"first","22":"instock","23":"sale","24":"taxable","25":"shipping-taxable","26":"purchasable","27":"product-type-simple"},"yoast_head":"<!-- This site is optimized with the Yoast SEO plugin v23.9 - https:\/\/yoast.com\/wordpress\/plugins\/seo\/ -->\n<title>Sp\u012bdumu mazino\u0161s un mitrino\u0161s dienas kr\u0113ms<\/title>\n<meta name=\"description\" content=\"Atdz\u012bvina un atjauno \u0101du. Viegls, viegli uzs\u016bco\u0161s un mitrino\u0161s kr\u0113ms nodro\u0161ina mitrin\u0101\u0161anu visas dienas garum\u0101, vienlaikus samazinot lieko e\u013c\u013cu daudzumu J\u016bsu \u0101d\u0101.\" \/>\n<meta name=\"robots\" content=\"index, follow, max-snippet:-1, max-image-preview:large, max-video-preview:-1\" \/>\n<link rel=\"canonical\" href=\"https:\/\/women.lv\/en\/product\/spidumu-mazinoss-un-mitrinoss-dienas-krems\/\" \/>\n<meta property=\"og:locale\" content=\"en_GB\" \/>\n<meta property=\"og:type\" content=\"article\" \/>\n<meta property=\"og:title\" content=\"Sp\u012bdumu mazino\u0161s un mitrino\u0161s dienas kr\u0113ms\" \/>\n<meta property=\"og:description\" content=\"Atdz\u012bvina un atjauno \u0101du. Viegls, viegli uzs\u016bco\u0161s un mitrino\u0161s kr\u0113ms nodro\u0161ina mitrin\u0101\u0161anu visas dienas garum\u0101, vienlaikus samazinot lieko e\u013c\u013cu daudzumu J\u016bsu \u0101d\u0101.\" \/>\n<meta property=\"og:url\" content=\"https:\/\/women.lv\/en\/product\/spidumu-mazinoss-un-mitrinoss-dienas-krems\/\" \/>\n<meta property=\"og:site_name\" content=\"Women Veikals\" \/>\n<meta property=\"article:modified_time\" content=\"2025-11-05T13:26:14+00:00\" \/>\n<meta property=\"og:image\" content=\"https:\/\/women.lv\/wp-content\/uploads\/nc\/catalog\/CHiC\/CANAAN-Charcoal\/CANAAN-charcoal-shine-control-day-cream.jpg\" \/>\n\t<meta property=\"og:image:width\" content=\"688\" \/>\n\t<meta property=\"og:image:height\" content=\"900\" \/>\n\t<meta property=\"og:image:type\" content=\"image\/jpeg\" \/>\n<meta name=\"twitter:card\" content=\"summary_large_image\" \/>\n<meta name=\"twitter:label1\" content=\"Estimated reading time\" \/>\n\t<meta name=\"twitter:data1\" content=\"1 minute\" \/>\n<script type=\"application\/ld+json\" class=\"yoast-schema-graph\">{\"@context\":\"https:\/\/schema.org\",\"@graph\":[{\"@type\":\"WebPage\",\"@id\":\"https:\/\/women.lv\/product\/spidumu-mazinoss-un-mitrinoss-dienas-krems\/\",\"url\":\"https:\/\/women.lv\/product\/spidumu-mazinoss-un-mitrinoss-dienas-krems\/\",\"name\":\"Sp\u012bdumu mazino\u0161s un mitrino\u0161s dienas kr\u0113ms\",\"isPartOf\":{\"@id\":\"https:\/\/women.lv\/#website\"},\"primaryImageOfPage\":{\"@id\":\"https:\/\/women.lv\/product\/spidumu-mazinoss-un-mitrinoss-dienas-krems\/#primaryimage\"},\"image\":{\"@id\":\"https:\/\/women.lv\/product\/spidumu-mazinoss-un-mitrinoss-dienas-krems\/#primaryimage\"},\"thumbnailUrl\":\"https:\/\/women.lv\/wp-content\/uploads\/nc\/catalog\/CHiC\/CANAAN-Charcoal\/CANAAN-charcoal-shine-control-day-cream.jpg\",\"datePublished\":\"2020-10-15T14:59:17+00:00\",\"dateModified\":\"2025-11-05T13:26:14+00:00\",\"description\":\"Atdz\u012bvina un atjauno \u0101du. Viegls, viegli uzs\u016bco\u0161s un mitrino\u0161s kr\u0113ms nodro\u0161ina mitrin\u0101\u0161anu visas dienas garum\u0101, vienlaikus samazinot lieko e\u013c\u013cu daudzumu J\u016bsu \u0101d\u0101.\",\"breadcrumb\":{\"@id\":\"https:\/\/women.lv\/product\/spidumu-mazinoss-un-mitrinoss-dienas-krems\/#breadcrumb\"},\"inLanguage\":\"en-GB\",\"potentialAction\":[{\"@type\":\"ReadAction\",\"target\":[\"https:\/\/women.lv\/product\/spidumu-mazinoss-un-mitrinoss-dienas-krems\/\"]}]},{\"@type\":\"ImageObject\",\"inLanguage\":\"en-GB\",\"@id\":\"https:\/\/women.lv\/product\/spidumu-mazinoss-un-mitrinoss-dienas-krems\/#primaryimage\",\"url\":\"https:\/\/women.lv\/wp-content\/uploads\/nc\/catalog\/CHiC\/CANAAN-Charcoal\/CANAAN-charcoal-shine-control-day-cream.jpg\",\"contentUrl\":\"https:\/\/women.lv\/wp-content\/uploads\/nc\/catalog\/CHiC\/CANAAN-Charcoal\/CANAAN-charcoal-shine-control-day-cream.jpg\",\"width\":688,\"height\":900,\"caption\":\"Sp\u012bdumu mazino\u0161s un mitrino\u0161s dienas kr\u0113ms\"},{\"@type\":\"BreadcrumbList\",\"@id\":\"https:\/\/women.lv\/product\/spidumu-mazinoss-un-mitrinoss-dienas-krems\/#breadcrumb\",\"itemListElement\":[{\"@type\":\"ListItem\",\"position\":1,\"name\":\"Home\",\"item\":\"https:\/\/women.lv\/\"},{\"@type\":\"ListItem\",\"position\":2,\"name\":\"Products\",\"item\":\"https:\/\/women.lv\/en\/shop\/\"},{\"@type\":\"ListItem\",\"position\":3,\"name\":\"Sp\u012bdumu mazino\u0161s un mitrino\u0161s dienas kr\u0113ms\"}]},{\"@type\":\"WebSite\",\"@id\":\"https:\/\/women.lv\/#website\",\"url\":\"https:\/\/women.lv\/\",\"name\":\"Women Veikals\",\"description\":\"Uzdr\u012bksties b\u016bt skaista\",\"potentialAction\":[{\"@type\":\"SearchAction\",\"target\":{\"@type\":\"EntryPoint\",\"urlTemplate\":\"https:\/\/women.lv\/?s={search_term_string}\"},\"query-input\":{\"@type\":\"PropertyValueSpecification\",\"valueRequired\":true,\"valueName\":\"search_term_string\"}}],\"inLanguage\":\"en-GB\"}]}<\/script>\n<!-- \/ Yoast SEO plugin. -->","yoast_head_json":{"title":"Sp\u012bdumu mazino\u0161s un mitrino\u0161s dienas kr\u0113ms","description":"Atdz\u012bvina un atjauno \u0101du. Viegls, viegli uzs\u016bco\u0161s un mitrino\u0161s kr\u0113ms nodro\u0161ina mitrin\u0101\u0161anu visas dienas garum\u0101, vienlaikus samazinot lieko e\u013c\u013cu daudzumu J\u016bsu \u0101d\u0101.","robots":{"index":"index","follow":"follow","max-snippet":"max-snippet:-1","max-image-preview":"max-image-preview:large","max-video-preview":"max-video-preview:-1"},"canonical":"https:\/\/women.lv\/en\/product\/spidumu-mazinoss-un-mitrinoss-dienas-krems\/","og_locale":"en_GB","og_type":"article","og_title":"Sp\u012bdumu mazino\u0161s un mitrino\u0161s dienas kr\u0113ms","og_description":"Atdz\u012bvina un atjauno \u0101du. Viegls, viegli uzs\u016bco\u0161s un mitrino\u0161s kr\u0113ms nodro\u0161ina mitrin\u0101\u0161anu visas dienas garum\u0101, vienlaikus samazinot lieko e\u013c\u013cu daudzumu J\u016bsu \u0101d\u0101.","og_url":"https:\/\/women.lv\/en\/product\/spidumu-mazinoss-un-mitrinoss-dienas-krems\/","og_site_name":"Women Veikals","article_modified_time":"2025-11-05T13:26:14+00:00","og_image":[{"width":688,"height":900,"url":"https:\/\/women.lv\/wp-content\/uploads\/nc\/catalog\/CHiC\/CANAAN-Charcoal\/CANAAN-charcoal-shine-control-day-cream.jpg","type":"image\/jpeg"}],"twitter_card":"summary_large_image","twitter_misc":{"Estimated reading time":"1 minute"},"schema":{"@context":"https:\/\/schema.org","@graph":[{"@type":"WebPage","@id":"https:\/\/women.lv\/product\/spidumu-mazinoss-un-mitrinoss-dienas-krems\/","url":"https:\/\/women.lv\/product\/spidumu-mazinoss-un-mitrinoss-dienas-krems\/","name":"Sp\u012bdumu mazino\u0161s un mitrino\u0161s dienas kr\u0113ms","isPartOf":{"@id":"https:\/\/women.lv\/#website"},"primaryImageOfPage":{"@id":"https:\/\/women.lv\/product\/spidumu-mazinoss-un-mitrinoss-dienas-krems\/#primaryimage"},"image":{"@id":"https:\/\/women.lv\/product\/spidumu-mazinoss-un-mitrinoss-dienas-krems\/#primaryimage"},"thumbnailUrl":"https:\/\/women.lv\/wp-content\/uploads\/nc\/catalog\/CHiC\/CANAAN-Charcoal\/CANAAN-charcoal-shine-control-day-cream.jpg","datePublished":"2020-10-15T14:59:17+00:00","dateModified":"2025-11-05T13:26:14+00:00","description":"Atdz\u012bvina un atjauno \u0101du. Viegls, viegli uzs\u016bco\u0161s un mitrino\u0161s kr\u0113ms nodro\u0161ina mitrin\u0101\u0161anu visas dienas garum\u0101, vienlaikus samazinot lieko e\u013c\u013cu daudzumu J\u016bsu \u0101d\u0101.","breadcrumb":{"@id":"https:\/\/women.lv\/product\/spidumu-mazinoss-un-mitrinoss-dienas-krems\/#breadcrumb"},"inLanguage":"en-GB","potentialAction":[{"@type":"ReadAction","target":["https:\/\/women.lv\/product\/spidumu-mazinoss-un-mitrinoss-dienas-krems\/"]}]},{"@type":"ImageObject","inLanguage":"en-GB","@id":"https:\/\/women.lv\/product\/spidumu-mazinoss-un-mitrinoss-dienas-krems\/#primaryimage","url":"https:\/\/women.lv\/wp-content\/uploads\/nc\/catalog\/CHiC\/CANAAN-Charcoal\/CANAAN-charcoal-shine-control-day-cream.jpg","contentUrl":"https:\/\/women.lv\/wp-content\/uploads\/nc\/catalog\/CHiC\/CANAAN-Charcoal\/CANAAN-charcoal-shine-control-day-cream.jpg","width":688,"height":900,"caption":"Sp\u012bdumu mazino\u0161s un mitrino\u0161s dienas kr\u0113ms"},{"@type":"BreadcrumbList","@id":"https:\/\/women.lv\/product\/spidumu-mazinoss-un-mitrinoss-dienas-krems\/#breadcrumb","itemListElement":[{"@type":"ListItem","position":1,"name":"Home","item":"https:\/\/women.lv\/"},{"@type":"ListItem","position":2,"name":"Products","item":"https:\/\/women.lv\/en\/shop\/"},{"@type":"ListItem","position":3,"name":"Sp\u012bdumu mazino\u0161s un mitrino\u0161s dienas kr\u0113ms"}]},{"@type":"WebSite","@id":"https:\/\/women.lv\/#website","url":"https:\/\/women.lv\/","name":"Women Veikals","description":"Uzdr\u012bksties b\u016bt skaista","potentialAction":[{"@type":"SearchAction","target":{"@type":"EntryPoint","urlTemplate":"https:\/\/women.lv\/?s={search_term_string}"},"query-input":{"@type":"PropertyValueSpecification","valueRequired":true,"valueName":"search_term_string"}}],"inLanguage":"en-GB"}]}},"_links":{"self":[{"href":"https:\/\/women.lv\/en\/wp-json\/wp\/v2\/product\/28693","targetHints":{"allow":["GET"]}}],"collection":[{"href":"https:\/\/women.lv\/en\/wp-json\/wp\/v2\/product"}],"about":[{"href":"https:\/\/women.lv\/en\/wp-json\/wp\/v2\/types\/product"}],"replies":[{"embeddable":true,"href":"https:\/\/women.lv\/en\/wp-json\/wp\/v2\/comments?post=28693"}],"version-history":[{"count":2,"href":"https:\/\/women.lv\/en\/wp-json\/wp\/v2\/product\/28693\/revisions"}],"predecessor-version":[{"id":29752,"href":"https:\/\/women.lv\/en\/wp-json\/wp\/v2\/product\/28693\/revisions\/29752"}],"wp:featuredmedia":[{"embeddable":true,"href":"https:\/\/women.lv\/en\/wp-json\/wp\/v2\/media\/28694"}],"wp:attachment":[{"href":"https:\/\/women.lv\/en\/wp-json\/wp\/v2\/media?parent=28693"}],"wp:term":[{"taxonomy":"product_brand","embeddable":true,"href":"https:\/\/women.lv\/en\/wp-json\/wp\/v2\/product_brand?post=28693"},{"taxonomy":"product_cat","embeddable":true,"href":"https:\/\/women.lv\/en\/wp-json\/wp\/v2\/product_cat?post=28693"},{"taxonomy":"product_tag","embeddable":true,"href":"https:\/\/women.lv\/en\/wp-json\/wp\/v2\/product_tag?post=28693"}],"curies":[{"name":"wp","href":"https:\/\/api.w.org\/{rel}","templated":true}]}}