{"id":28689,"date":"2020-10-15T12:46:21","date_gmt":"2020-10-15T12:46:21","guid":{"rendered":"https:\/\/women.lv\/?product=poras-samazinosa-sejas-maska-ar-aktivo-ogli"},"modified":"2025-11-05T13:26:14","modified_gmt":"2025-11-05T13:26:14","slug":"poras-samazinosa-maska-ar-aktivo-ogli","status":"publish","type":"product","link":"https:\/\/women.lv\/en\/product\/poras-samazinosa-maska-ar-aktivo-ogli\/","title":{"rendered":"Pore Minimizing Face Mask with Activated Charcoal"},"content":{"rendered":"<p><span style=\"font-family: Helvetica;\"><span style=\"font-size: 18px;\"><b>For a healthy look, refreshed and glowing skin<\/b><\/span><\/span><\/p>\n<p><span style=\"font-family: Helvetica;\"><span style=\"font-size: 18px;\">A unique mask specially designed to minimize pores and improve the appearance of skin, leaving it smooth and refreshed.<\/span><\/span><\/p>\n<p><span style=\"font-family: Helvetica;\"><span style=\"font-size: 18px;\">Contains activated carbon, known for its ability to absorb dirt and impurities,\u00a0<\/span><\/span><span style=\"font-family: Helvetica; font-size: 18px;\">The witch hazel<\/span><span style=\"font-family: Helvetica;\"><span style=\"font-size: 18px;\">\u00a0(Witch Hazel) to minimize pores, cool and soothe the skin, and Hyaluronic Acid to protect and nourish the skin while retaining its natural moisture.<\/span><\/span><\/p>\n<ul>\n<li><span style=\"font-family: Helvetica;\"><span style=\"font-size: 18px;\">Reduces pores;<\/span><\/span><\/li>\n<li><span style=\"font-family: Helvetica;\"><span style=\"font-size: 18px;\">Maintains the skin&#039;s natural moisture;<\/span><\/span><\/li>\n<li><span style=\"font-family: Helvetica;\"><span style=\"font-size: 18px;\">Contains activated carbon and witch hazel;<\/span><\/span><\/li>\n<li><span style=\"font-family: Helvetica;\"><span style=\"font-size: 18px;\">For healthy-looking, refreshed and glowing skin.<\/span><\/span><\/li>\n<\/ul>","protected":false},"excerpt":{"rendered":"<p>For healthy-looking, refreshed and radiant skin A unique mask specially designed to minimize pores and improve the appearance of skin, making it<\/p>","protected":false},"featured_media":28690,"comment_status":"open","ping_status":"closed","template":"","meta":[],"product_brand":[],"product_cat":[2200,2214,2215],"product_tag":[3242,2891,3241,2244,2243,3256,3258,2245,3257],"class_list":{"0":"post-28689","1":"product","2":"type-product","3":"status-publish","4":"has-post-thumbnail","6":"product_cat-sejas-kopsanas-lidzekli","7":"product_cat-citi-sejas-kopsanas-lidzekli","8":"product_cat-visi-produkti","9":"product_tag-aktiva-ogle","10":"product_tag-canaan","11":"product_tag-canaan-charcoal","12":"product_tag-israel","13":"product_tag-izraela","14":"product_tag-poras-samazinosa-sejas-maska-ar-aktivo-ogli","15":"product_tag-pore-minimizer-charcoal-mask","16":"product_tag-2245","17":"product_tag-3257","18":"pa_brand_nc-canaan-charcoal","19":"pa_ean_nc-4031","21":"first","22":"instock","23":"sale","24":"taxable","25":"shipping-taxable","26":"purchasable","27":"product-type-simple"},"yoast_head":"<!-- This site is optimized with the Yoast SEO plugin v23.9 - https:\/\/yoast.com\/wordpress\/plugins\/seo\/ -->\n<title>Poras samazino\u0161\u0101 sejas maska ar akt\u012bvo ogli<\/title>\n<meta name=\"description\" content=\"Vesel\u012bgam izskatam, \u0101das atsvaidzin\u0101tai un mirdzumam. Unik\u0101la maska, kas \u012bpa\u0161i izstr\u0101d\u0101ta, lai samazin\u0101tu poras un uzlabotu \u0101das izskatu, padarot to gludu un atsvaidzin\u0101tu.\" \/>\n<meta name=\"robots\" content=\"index, follow, max-snippet:-1, max-image-preview:large, max-video-preview:-1\" \/>\n<link rel=\"canonical\" href=\"https:\/\/women.lv\/en\/product\/poras-samazinosa-maska-ar-aktivo-ogli\/\" \/>\n<meta property=\"og:locale\" content=\"en_GB\" \/>\n<meta property=\"og:type\" content=\"article\" \/>\n<meta property=\"og:title\" content=\"Poras samazino\u0161\u0101 sejas maska ar akt\u012bvo ogli\" \/>\n<meta property=\"og:description\" content=\"Vesel\u012bgam izskatam, \u0101das atsvaidzin\u0101tai un mirdzumam. Unik\u0101la maska, kas \u012bpa\u0161i izstr\u0101d\u0101ta, lai samazin\u0101tu poras un uzlabotu \u0101das izskatu, padarot to gludu un atsvaidzin\u0101tu.\" \/>\n<meta property=\"og:url\" content=\"https:\/\/women.lv\/en\/product\/poras-samazinosa-maska-ar-aktivo-ogli\/\" \/>\n<meta property=\"og:site_name\" content=\"Women Veikals\" \/>\n<meta property=\"article:modified_time\" content=\"2025-11-05T13:26:14+00:00\" \/>\n<meta property=\"og:image\" content=\"https:\/\/women.lv\/wp-content\/uploads\/nc\/catalog\/CHiC\/CANAAN-Charcoal\/CANAAN-charcoal-pore-minimizer-jar.jpg\" \/>\n\t<meta property=\"og:image:width\" content=\"688\" \/>\n\t<meta property=\"og:image:height\" content=\"900\" \/>\n\t<meta property=\"og:image:type\" content=\"image\/jpeg\" \/>\n<meta name=\"twitter:card\" content=\"summary_large_image\" \/>\n<script type=\"application\/ld+json\" class=\"yoast-schema-graph\">{\"@context\":\"https:\/\/schema.org\",\"@graph\":[{\"@type\":\"WebPage\",\"@id\":\"https:\/\/women.lv\/product\/poras-samazinosa-maska-ar-aktivo-ogli\/\",\"url\":\"https:\/\/women.lv\/product\/poras-samazinosa-maska-ar-aktivo-ogli\/\",\"name\":\"Poras samazino\u0161\u0101 sejas maska ar akt\u012bvo ogli\",\"isPartOf\":{\"@id\":\"https:\/\/women.lv\/#website\"},\"primaryImageOfPage\":{\"@id\":\"https:\/\/women.lv\/product\/poras-samazinosa-maska-ar-aktivo-ogli\/#primaryimage\"},\"image\":{\"@id\":\"https:\/\/women.lv\/product\/poras-samazinosa-maska-ar-aktivo-ogli\/#primaryimage\"},\"thumbnailUrl\":\"https:\/\/women.lv\/wp-content\/uploads\/nc\/catalog\/CHiC\/CANAAN-Charcoal\/CANAAN-charcoal-pore-minimizer-jar.jpg\",\"datePublished\":\"2020-10-15T12:46:21+00:00\",\"dateModified\":\"2025-11-05T13:26:14+00:00\",\"description\":\"Vesel\u012bgam izskatam, \u0101das atsvaidzin\u0101tai un mirdzumam. Unik\u0101la maska, kas \u012bpa\u0161i izstr\u0101d\u0101ta, lai samazin\u0101tu poras un uzlabotu \u0101das izskatu, padarot to gludu un atsvaidzin\u0101tu.\",\"breadcrumb\":{\"@id\":\"https:\/\/women.lv\/product\/poras-samazinosa-maska-ar-aktivo-ogli\/#breadcrumb\"},\"inLanguage\":\"en-GB\",\"potentialAction\":[{\"@type\":\"ReadAction\",\"target\":[\"https:\/\/women.lv\/product\/poras-samazinosa-maska-ar-aktivo-ogli\/\"]}]},{\"@type\":\"ImageObject\",\"inLanguage\":\"en-GB\",\"@id\":\"https:\/\/women.lv\/product\/poras-samazinosa-maska-ar-aktivo-ogli\/#primaryimage\",\"url\":\"https:\/\/women.lv\/wp-content\/uploads\/nc\/catalog\/CHiC\/CANAAN-Charcoal\/CANAAN-charcoal-pore-minimizer-jar.jpg\",\"contentUrl\":\"https:\/\/women.lv\/wp-content\/uploads\/nc\/catalog\/CHiC\/CANAAN-Charcoal\/CANAAN-charcoal-pore-minimizer-jar.jpg\",\"width\":688,\"height\":900,\"caption\":\"Poras samazino\u0161\u0101 sejas maska ar akt\u012bvo ogli\"},{\"@type\":\"BreadcrumbList\",\"@id\":\"https:\/\/women.lv\/product\/poras-samazinosa-maska-ar-aktivo-ogli\/#breadcrumb\",\"itemListElement\":[{\"@type\":\"ListItem\",\"position\":1,\"name\":\"Home\",\"item\":\"https:\/\/women.lv\/\"},{\"@type\":\"ListItem\",\"position\":2,\"name\":\"Products\",\"item\":\"https:\/\/women.lv\/en\/shop\/\"},{\"@type\":\"ListItem\",\"position\":3,\"name\":\"Poras samazino\u0161\u0101 sejas maska ar akt\u012bvo ogli\"}]},{\"@type\":\"WebSite\",\"@id\":\"https:\/\/women.lv\/#website\",\"url\":\"https:\/\/women.lv\/\",\"name\":\"Women Veikals\",\"description\":\"Uzdr\u012bksties b\u016bt skaista\",\"potentialAction\":[{\"@type\":\"SearchAction\",\"target\":{\"@type\":\"EntryPoint\",\"urlTemplate\":\"https:\/\/women.lv\/?s={search_term_string}\"},\"query-input\":{\"@type\":\"PropertyValueSpecification\",\"valueRequired\":true,\"valueName\":\"search_term_string\"}}],\"inLanguage\":\"en-GB\"}]}<\/script>\n<!-- \/ Yoast SEO plugin. -->","yoast_head_json":{"title":"Poras samazino\u0161\u0101 sejas maska ar akt\u012bvo ogli","description":"Vesel\u012bgam izskatam, \u0101das atsvaidzin\u0101tai un mirdzumam. Unik\u0101la maska, kas \u012bpa\u0161i izstr\u0101d\u0101ta, lai samazin\u0101tu poras un uzlabotu \u0101das izskatu, padarot to gludu un atsvaidzin\u0101tu.","robots":{"index":"index","follow":"follow","max-snippet":"max-snippet:-1","max-image-preview":"max-image-preview:large","max-video-preview":"max-video-preview:-1"},"canonical":"https:\/\/women.lv\/en\/product\/poras-samazinosa-maska-ar-aktivo-ogli\/","og_locale":"en_GB","og_type":"article","og_title":"Poras samazino\u0161\u0101 sejas maska ar akt\u012bvo ogli","og_description":"Vesel\u012bgam izskatam, \u0101das atsvaidzin\u0101tai un mirdzumam. Unik\u0101la maska, kas \u012bpa\u0161i izstr\u0101d\u0101ta, lai samazin\u0101tu poras un uzlabotu \u0101das izskatu, padarot to gludu un atsvaidzin\u0101tu.","og_url":"https:\/\/women.lv\/en\/product\/poras-samazinosa-maska-ar-aktivo-ogli\/","og_site_name":"Women Veikals","article_modified_time":"2025-11-05T13:26:14+00:00","og_image":[{"width":688,"height":900,"url":"https:\/\/women.lv\/wp-content\/uploads\/nc\/catalog\/CHiC\/CANAAN-Charcoal\/CANAAN-charcoal-pore-minimizer-jar.jpg","type":"image\/jpeg"}],"twitter_card":"summary_large_image","schema":{"@context":"https:\/\/schema.org","@graph":[{"@type":"WebPage","@id":"https:\/\/women.lv\/product\/poras-samazinosa-maska-ar-aktivo-ogli\/","url":"https:\/\/women.lv\/product\/poras-samazinosa-maska-ar-aktivo-ogli\/","name":"Poras samazino\u0161\u0101 sejas maska ar akt\u012bvo ogli","isPartOf":{"@id":"https:\/\/women.lv\/#website"},"primaryImageOfPage":{"@id":"https:\/\/women.lv\/product\/poras-samazinosa-maska-ar-aktivo-ogli\/#primaryimage"},"image":{"@id":"https:\/\/women.lv\/product\/poras-samazinosa-maska-ar-aktivo-ogli\/#primaryimage"},"thumbnailUrl":"https:\/\/women.lv\/wp-content\/uploads\/nc\/catalog\/CHiC\/CANAAN-Charcoal\/CANAAN-charcoal-pore-minimizer-jar.jpg","datePublished":"2020-10-15T12:46:21+00:00","dateModified":"2025-11-05T13:26:14+00:00","description":"Vesel\u012bgam izskatam, \u0101das atsvaidzin\u0101tai un mirdzumam. Unik\u0101la maska, kas \u012bpa\u0161i izstr\u0101d\u0101ta, lai samazin\u0101tu poras un uzlabotu \u0101das izskatu, padarot to gludu un atsvaidzin\u0101tu.","breadcrumb":{"@id":"https:\/\/women.lv\/product\/poras-samazinosa-maska-ar-aktivo-ogli\/#breadcrumb"},"inLanguage":"en-GB","potentialAction":[{"@type":"ReadAction","target":["https:\/\/women.lv\/product\/poras-samazinosa-maska-ar-aktivo-ogli\/"]}]},{"@type":"ImageObject","inLanguage":"en-GB","@id":"https:\/\/women.lv\/product\/poras-samazinosa-maska-ar-aktivo-ogli\/#primaryimage","url":"https:\/\/women.lv\/wp-content\/uploads\/nc\/catalog\/CHiC\/CANAAN-Charcoal\/CANAAN-charcoal-pore-minimizer-jar.jpg","contentUrl":"https:\/\/women.lv\/wp-content\/uploads\/nc\/catalog\/CHiC\/CANAAN-Charcoal\/CANAAN-charcoal-pore-minimizer-jar.jpg","width":688,"height":900,"caption":"Poras samazino\u0161\u0101 sejas maska ar akt\u012bvo ogli"},{"@type":"BreadcrumbList","@id":"https:\/\/women.lv\/product\/poras-samazinosa-maska-ar-aktivo-ogli\/#breadcrumb","itemListElement":[{"@type":"ListItem","position":1,"name":"Home","item":"https:\/\/women.lv\/"},{"@type":"ListItem","position":2,"name":"Products","item":"https:\/\/women.lv\/en\/shop\/"},{"@type":"ListItem","position":3,"name":"Poras samazino\u0161\u0101 sejas maska ar akt\u012bvo ogli"}]},{"@type":"WebSite","@id":"https:\/\/women.lv\/#website","url":"https:\/\/women.lv\/","name":"Women Veikals","description":"Uzdr\u012bksties b\u016bt skaista","potentialAction":[{"@type":"SearchAction","target":{"@type":"EntryPoint","urlTemplate":"https:\/\/women.lv\/?s={search_term_string}"},"query-input":{"@type":"PropertyValueSpecification","valueRequired":true,"valueName":"search_term_string"}}],"inLanguage":"en-GB"}]}},"_links":{"self":[{"href":"https:\/\/women.lv\/en\/wp-json\/wp\/v2\/product\/28689","targetHints":{"allow":["GET"]}}],"collection":[{"href":"https:\/\/women.lv\/en\/wp-json\/wp\/v2\/product"}],"about":[{"href":"https:\/\/women.lv\/en\/wp-json\/wp\/v2\/types\/product"}],"replies":[{"embeddable":true,"href":"https:\/\/women.lv\/en\/wp-json\/wp\/v2\/comments?post=28689"}],"version-history":[{"count":1,"href":"https:\/\/women.lv\/en\/wp-json\/wp\/v2\/product\/28689\/revisions"}],"predecessor-version":[{"id":29749,"href":"https:\/\/women.lv\/en\/wp-json\/wp\/v2\/product\/28689\/revisions\/29749"}],"wp:featuredmedia":[{"embeddable":true,"href":"https:\/\/women.lv\/en\/wp-json\/wp\/v2\/media\/28690"}],"wp:attachment":[{"href":"https:\/\/women.lv\/en\/wp-json\/wp\/v2\/media?parent=28689"}],"wp:term":[{"taxonomy":"product_brand","embeddable":true,"href":"https:\/\/women.lv\/en\/wp-json\/wp\/v2\/product_brand?post=28689"},{"taxonomy":"product_cat","embeddable":true,"href":"https:\/\/women.lv\/en\/wp-json\/wp\/v2\/product_cat?post=28689"},{"taxonomy":"product_tag","embeddable":true,"href":"https:\/\/women.lv\/en\/wp-json\/wp\/v2\/product_tag?post=28689"}],"curies":[{"name":"wp","href":"https:\/\/api.w.org\/{rel}","templated":true}]}}