{"id":28685,"date":"2020-10-15T12:20:11","date_gmt":"2020-10-15T12:20:11","guid":{"rendered":"https:\/\/women.lv\/?product=aktivo-ogli-satuross-sejas-mazgasanas-lidzeklis-150-ml"},"modified":"2025-11-05T13:26:14","modified_gmt":"2025-11-05T13:26:14","slug":"aktivo-ogli-saturos-sejas-mazgasanas-lidzeklis-150-ml","status":"publish","type":"product","link":"https:\/\/women.lv\/en\/product\/aktivo-ogli-saturos-sejas-mazgasanas-lidzeklis-150-ml\/","title":{"rendered":"Face wash containing activated carbon, 150 ml"},"content":{"rendered":"<p><span style=\"font-family: Helvetica;\"><span style=\"font-size: 18px;\"><b>Make your skin supple and clean<\/b><\/span><\/span><\/p>\n<p><span style=\"font-size: 18px; font-family: Helvetica;\">A gentle and cleansing face wash with active charcoal-based product, thoroughly cleanses the skin while protecting its natural moisture barrier, reduces pores.<\/span><\/p>\n<p><span style=\"font-family: Helvetica;\"><span style=\"font-size: 18px;\">Activated carbon prevents shine and cleanses the skin of dead skin cells. Rich in vitamin A and C, which are known to be powerful natural antioxidants, red grapefruit greatly promotes collagen production and evens out skin pigmentation.<\/span><\/span><\/p>\n<p><span style=\"font-family: Helvetica;\"><span style=\"font-size: 18px;\">Make the skin more elastic while maintaining its moisture level.<\/span><\/span><\/p>\n<ul>\n<li><span style=\"font-family: Helvetica;\"><span style=\"font-size: 18px;\">Makes the skin elastic;<\/span><\/span><\/li>\n<li><span style=\"font-family: Helvetica;\"><span style=\"font-size: 18px;\">Contains skin-cleansing activated carbon;<\/span><\/span><\/li>\n<li><span style=\"font-family: Helvetica;\"><span style=\"font-size: 18px;\">Bag\u0101ts ar miner\u0101lviel\u0101m un vitam\u012bniem C\u00a0 un A;<\/span><\/span><\/li>\n<li><span style=\"font-family: Helvetica;\"><span style=\"font-size: 18px;\">Cleanses the skin and protects its natural moisture barrier.<\/span><\/span><\/li>\n<\/ul>","protected":false},"excerpt":{"rendered":"<p>Make your skin supple and clean Gentle and purifying face wash with activated charcoal, thoroughly cleanses the skin while<\/p>","protected":false},"featured_media":28686,"comment_status":"open","ping_status":"closed","template":"","meta":[],"product_brand":[],"product_cat":[2211,2231,2200,2215],"product_tag":[3248,3242,3247,2891,3241,2244,2243,3250,2245,3249],"class_list":{"0":"post-28685","1":"product","2":"type-product","3":"status-publish","4":"has-post-thumbnail","6":"product_cat-mazgasanas-un-attirisanas-produkti","7":"product_cat-lv-on-sale","8":"product_cat-sejas-kopsanas-lidzekli","9":"product_cat-visi-produkti","10":"product_tag-150-ml","11":"product_tag-aktiva-ogle","12":"product_tag-aktivo-ogli-satuross-sejas-mazgasanas-lidzeklis","13":"product_tag-canaan","14":"product_tag-canaan-charcoal","15":"product_tag-israel","16":"product_tag-izraela","17":"product_tag-purifying-face-wash","18":"product_tag-2245","19":"product_tag-3249","20":"pa_brand_nc-canaan-charcoal","21":"pa_ean_nc-4029","23":"first","24":"instock","25":"sale","26":"taxable","27":"shipping-taxable","28":"purchasable","29":"product-type-simple"},"yoast_head":"<!-- This site is optimized with the Yoast SEO plugin v27.4 - https:\/\/yoast.com\/product\/yoast-seo-wordpress\/ -->\n<title>Akt\u012bvo ogli saturo\u0161s sejas mazg\u0101\u0161anas l\u012bdzeklis, 150 ml<\/title>\n<meta name=\"description\" content=\"Maiga un att\u012bro\u0161a sejas mazg\u0101\u0161ana ar akt\u012bvo ogli saturo\u0161u l\u012bdzekli, r\u016bp\u012bgi att\u012bra \u0101du, vienlaikus aizsarg\u0101jot t\u0101s dabisko mitruma barjeru, mazina poras.\" \/>\n<meta name=\"robots\" content=\"index, follow, max-snippet:-1, max-image-preview:large, max-video-preview:-1\" \/>\n<link rel=\"canonical\" href=\"https:\/\/women.lv\/en\/product\/aktivo-ogli-saturos-sejas-mazgasanas-lidzeklis-150-ml\/\" \/>\n<meta property=\"og:locale\" content=\"en_GB\" \/>\n<meta property=\"og:type\" content=\"article\" \/>\n<meta property=\"og:title\" content=\"Akt\u012bvo ogli saturo\u0161s sejas mazg\u0101\u0161anas l\u012bdzeklis, 150 ml\" \/>\n<meta property=\"og:description\" content=\"Maiga un att\u012bro\u0161a sejas mazg\u0101\u0161ana ar akt\u012bvo ogli saturo\u0161u l\u012bdzekli, r\u016bp\u012bgi att\u012bra \u0101du, vienlaikus aizsarg\u0101jot t\u0101s dabisko mitruma barjeru, mazina poras.\" \/>\n<meta property=\"og:url\" content=\"https:\/\/women.lv\/en\/product\/aktivo-ogli-saturos-sejas-mazgasanas-lidzeklis-150-ml\/\" \/>\n<meta property=\"og:site_name\" content=\"Women Veikals\" \/>\n<meta property=\"article:modified_time\" content=\"2025-11-05T13:26:14+00:00\" \/>\n<meta property=\"og:image\" content=\"https:\/\/women.lv\/wp-content\/uploads\/nc\/catalog\/CHiC\/CANAAN-Charcoal\/CANAAN-charcoal-purifying-face-wash-150ml.jpg\" \/>\n\t<meta property=\"og:image:width\" content=\"1414\" \/>\n\t<meta property=\"og:image:height\" content=\"1414\" \/>\n\t<meta property=\"og:image:type\" content=\"image\/jpeg\" \/>\n<meta name=\"twitter:card\" content=\"summary_large_image\" \/>\n<meta name=\"twitter:label1\" content=\"Estimated reading time\" \/>\n\t<meta name=\"twitter:data1\" content=\"1 minute\" \/>\n<script type=\"application\/ld+json\" class=\"yoast-schema-graph\">{\"@context\":\"https:\\\/\\\/schema.org\",\"@graph\":[{\"@type\":\"WebPage\",\"@id\":\"https:\\\/\\\/women.lv\\\/product\\\/aktivo-ogli-saturos-sejas-mazgasanas-lidzeklis-150-ml\\\/\",\"url\":\"https:\\\/\\\/women.lv\\\/product\\\/aktivo-ogli-saturos-sejas-mazgasanas-lidzeklis-150-ml\\\/\",\"name\":\"Akt\u012bvo ogli saturo\u0161s sejas mazg\u0101\u0161anas l\u012bdzeklis, 150 ml\",\"isPartOf\":{\"@id\":\"https:\\\/\\\/women.lv\\\/#website\"},\"primaryImageOfPage\":{\"@id\":\"https:\\\/\\\/women.lv\\\/product\\\/aktivo-ogli-saturos-sejas-mazgasanas-lidzeklis-150-ml\\\/#primaryimage\"},\"image\":{\"@id\":\"https:\\\/\\\/women.lv\\\/product\\\/aktivo-ogli-saturos-sejas-mazgasanas-lidzeklis-150-ml\\\/#primaryimage\"},\"thumbnailUrl\":\"https:\\\/\\\/women.lv\\\/wp-content\\\/uploads\\\/nc\\\/catalog\\\/CHiC\\\/CANAAN-Charcoal\\\/CANAAN-charcoal-purifying-face-wash-150ml.jpg\",\"datePublished\":\"2020-10-15T12:20:11+00:00\",\"dateModified\":\"2025-11-05T13:26:14+00:00\",\"description\":\"Maiga un att\u012bro\u0161a sejas mazg\u0101\u0161ana ar akt\u012bvo ogli saturo\u0161u l\u012bdzekli, r\u016bp\u012bgi att\u012bra \u0101du, vienlaikus aizsarg\u0101jot t\u0101s dabisko mitruma barjeru, mazina poras.\",\"breadcrumb\":{\"@id\":\"https:\\\/\\\/women.lv\\\/product\\\/aktivo-ogli-saturos-sejas-mazgasanas-lidzeklis-150-ml\\\/#breadcrumb\"},\"inLanguage\":\"en-GB\",\"potentialAction\":[{\"@type\":\"ReadAction\",\"target\":[\"https:\\\/\\\/women.lv\\\/product\\\/aktivo-ogli-saturos-sejas-mazgasanas-lidzeklis-150-ml\\\/\"]}]},{\"@type\":\"ImageObject\",\"inLanguage\":\"en-GB\",\"@id\":\"https:\\\/\\\/women.lv\\\/product\\\/aktivo-ogli-saturos-sejas-mazgasanas-lidzeklis-150-ml\\\/#primaryimage\",\"url\":\"https:\\\/\\\/women.lv\\\/wp-content\\\/uploads\\\/nc\\\/catalog\\\/CHiC\\\/CANAAN-Charcoal\\\/CANAAN-charcoal-purifying-face-wash-150ml.jpg\",\"contentUrl\":\"https:\\\/\\\/women.lv\\\/wp-content\\\/uploads\\\/nc\\\/catalog\\\/CHiC\\\/CANAAN-Charcoal\\\/CANAAN-charcoal-purifying-face-wash-150ml.jpg\",\"width\":1414,\"height\":1414,\"caption\":\"Akt\u012bvo ogli saturo\u0161s sejas mazg\u0101\u0161anas l\u012bdzeklis, 150 ml\"},{\"@type\":\"BreadcrumbList\",\"@id\":\"https:\\\/\\\/women.lv\\\/product\\\/aktivo-ogli-saturos-sejas-mazgasanas-lidzeklis-150-ml\\\/#breadcrumb\",\"itemListElement\":[{\"@type\":\"ListItem\",\"position\":1,\"name\":\"Home\",\"item\":\"https:\\\/\\\/women.lv\\\/\"},{\"@type\":\"ListItem\",\"position\":2,\"name\":\"Products\",\"item\":\"https:\\\/\\\/women.lv\\\/en\\\/shop\\\/\"},{\"@type\":\"ListItem\",\"position\":3,\"name\":\"Akt\u012bvo ogli saturo\u0161s sejas mazg\u0101\u0161anas l\u012bdzeklis, 150 ml\"}]},{\"@type\":\"WebSite\",\"@id\":\"https:\\\/\\\/women.lv\\\/#website\",\"url\":\"https:\\\/\\\/women.lv\\\/\",\"name\":\"Women Veikals\",\"description\":\"Uzdr\u012bksties b\u016bt skaista\",\"potentialAction\":[{\"@type\":\"SearchAction\",\"target\":{\"@type\":\"EntryPoint\",\"urlTemplate\":\"https:\\\/\\\/women.lv\\\/?s={search_term_string}\"},\"query-input\":{\"@type\":\"PropertyValueSpecification\",\"valueRequired\":true,\"valueName\":\"search_term_string\"}}],\"inLanguage\":\"en-GB\"}]}<\/script>\n<!-- \/ Yoast SEO plugin. -->","yoast_head_json":{"title":"Face wash containing activated carbon, 150 ml","description":"A gentle and cleansing face wash with active charcoal-based product, thoroughly cleanses the skin while protecting its natural moisture barrier, reduces pores.","robots":{"index":"index","follow":"follow","max-snippet":"max-snippet:-1","max-image-preview":"max-image-preview:large","max-video-preview":"max-video-preview:-1"},"canonical":"https:\/\/women.lv\/en\/product\/aktivo-ogli-saturos-sejas-mazgasanas-lidzeklis-150-ml\/","og_locale":"en_GB","og_type":"article","og_title":"Akt\u012bvo ogli saturo\u0161s sejas mazg\u0101\u0161anas l\u012bdzeklis, 150 ml","og_description":"Maiga un att\u012bro\u0161a sejas mazg\u0101\u0161ana ar akt\u012bvo ogli saturo\u0161u l\u012bdzekli, r\u016bp\u012bgi att\u012bra \u0101du, vienlaikus aizsarg\u0101jot t\u0101s dabisko mitruma barjeru, mazina poras.","og_url":"https:\/\/women.lv\/en\/product\/aktivo-ogli-saturos-sejas-mazgasanas-lidzeklis-150-ml\/","og_site_name":"Women Veikals","article_modified_time":"2025-11-05T13:26:14+00:00","og_image":[{"width":1414,"height":1414,"url":"https:\/\/women.lv\/wp-content\/uploads\/nc\/catalog\/CHiC\/CANAAN-Charcoal\/CANAAN-charcoal-purifying-face-wash-150ml.jpg","type":"image\/jpeg"}],"twitter_card":"summary_large_image","twitter_misc":{"Estimated reading time":"1 minute"},"schema":{"@context":"https:\/\/schema.org","@graph":[{"@type":"WebPage","@id":"https:\/\/women.lv\/product\/aktivo-ogli-saturos-sejas-mazgasanas-lidzeklis-150-ml\/","url":"https:\/\/women.lv\/product\/aktivo-ogli-saturos-sejas-mazgasanas-lidzeklis-150-ml\/","name":"Face wash containing activated carbon, 150 ml","isPartOf":{"@id":"https:\/\/women.lv\/#website"},"primaryImageOfPage":{"@id":"https:\/\/women.lv\/product\/aktivo-ogli-saturos-sejas-mazgasanas-lidzeklis-150-ml\/#primaryimage"},"image":{"@id":"https:\/\/women.lv\/product\/aktivo-ogli-saturos-sejas-mazgasanas-lidzeklis-150-ml\/#primaryimage"},"thumbnailUrl":"https:\/\/women.lv\/wp-content\/uploads\/nc\/catalog\/CHiC\/CANAAN-Charcoal\/CANAAN-charcoal-purifying-face-wash-150ml.jpg","datePublished":"2020-10-15T12:20:11+00:00","dateModified":"2025-11-05T13:26:14+00:00","description":"A gentle and cleansing face wash with active charcoal-based product, thoroughly cleanses the skin while protecting its natural moisture barrier, reduces pores.","breadcrumb":{"@id":"https:\/\/women.lv\/product\/aktivo-ogli-saturos-sejas-mazgasanas-lidzeklis-150-ml\/#breadcrumb"},"inLanguage":"en-GB","potentialAction":[{"@type":"ReadAction","target":["https:\/\/women.lv\/product\/aktivo-ogli-saturos-sejas-mazgasanas-lidzeklis-150-ml\/"]}]},{"@type":"ImageObject","inLanguage":"en-GB","@id":"https:\/\/women.lv\/product\/aktivo-ogli-saturos-sejas-mazgasanas-lidzeklis-150-ml\/#primaryimage","url":"https:\/\/women.lv\/wp-content\/uploads\/nc\/catalog\/CHiC\/CANAAN-Charcoal\/CANAAN-charcoal-purifying-face-wash-150ml.jpg","contentUrl":"https:\/\/women.lv\/wp-content\/uploads\/nc\/catalog\/CHiC\/CANAAN-Charcoal\/CANAAN-charcoal-purifying-face-wash-150ml.jpg","width":1414,"height":1414,"caption":"Akt\u012bvo ogli saturo\u0161s sejas mazg\u0101\u0161anas l\u012bdzeklis, 150 ml"},{"@type":"BreadcrumbList","@id":"https:\/\/women.lv\/product\/aktivo-ogli-saturos-sejas-mazgasanas-lidzeklis-150-ml\/#breadcrumb","itemListElement":[{"@type":"ListItem","position":1,"name":"Home","item":"https:\/\/women.lv\/"},{"@type":"ListItem","position":2,"name":"Products","item":"https:\/\/women.lv\/en\/shop\/"},{"@type":"ListItem","position":3,"name":"Akt\u012bvo ogli saturo\u0161s sejas mazg\u0101\u0161anas l\u012bdzeklis, 150 ml"}]},{"@type":"WebSite","@id":"https:\/\/women.lv\/#website","url":"https:\/\/women.lv\/","name":"Women Shop","description":"Uzdr\u012bksties b\u016bt skaista","potentialAction":[{"@type":"SearchAction","target":{"@type":"EntryPoint","urlTemplate":"https:\/\/women.lv\/?s={search_term_string}"},"query-input":{"@type":"PropertyValueSpecification","valueRequired":true,"valueName":"search_term_string"}}],"inLanguage":"en-GB"}]}},"_links":{"self":[{"href":"https:\/\/women.lv\/en\/wp-json\/wp\/v2\/product\/28685","targetHints":{"allow":["GET"]}}],"collection":[{"href":"https:\/\/women.lv\/en\/wp-json\/wp\/v2\/product"}],"about":[{"href":"https:\/\/women.lv\/en\/wp-json\/wp\/v2\/types\/product"}],"replies":[{"embeddable":true,"href":"https:\/\/women.lv\/en\/wp-json\/wp\/v2\/comments?post=28685"}],"version-history":[{"count":0,"href":"https:\/\/women.lv\/en\/wp-json\/wp\/v2\/product\/28685\/revisions"}],"wp:featuredmedia":[{"embeddable":true,"href":"https:\/\/women.lv\/en\/wp-json\/wp\/v2\/media\/28686"}],"wp:attachment":[{"href":"https:\/\/women.lv\/en\/wp-json\/wp\/v2\/media?parent=28685"}],"wp:term":[{"taxonomy":"product_brand","embeddable":true,"href":"https:\/\/women.lv\/en\/wp-json\/wp\/v2\/product_brand?post=28685"},{"taxonomy":"product_cat","embeddable":true,"href":"https:\/\/women.lv\/en\/wp-json\/wp\/v2\/product_cat?post=28685"},{"taxonomy":"product_tag","embeddable":true,"href":"https:\/\/women.lv\/en\/wp-json\/wp\/v2\/product_tag?post=28685"}],"curies":[{"name":"wp","href":"https:\/\/api.w.org\/{rel}","templated":true}]}}