{"id":28633,"date":"2020-08-11T11:42:26","date_gmt":"2020-08-11T11:42:26","guid":{"rendered":"https:\/\/women.lv\/?product=matu-maska-ar-ricinellu"},"modified":"2025-11-05T13:26:12","modified_gmt":"2025-11-05T13:26:12","slug":"pure-mineral-matu-maska-ar-ricinellu","status":"publish","type":"product","link":"https:\/\/women.lv\/en\/product\/pure-mineral-matu-maska-ar-ricinellu\/","title":{"rendered":"Hair mask with castor oil"},"content":{"rendered":"<p><span style=\"font-family: Helvetica;\"><span style=\"font-size: 18px;\"><b>STIPRIEM, BIEZIEM UN SP\u012aD\u012aGIEM MATIEM<\/b>\u00a0Bag\u0101tin\u0101ts ar r\u012bcine\u013c\u013cu, dab\u012bgs mitrin\u0101t\u0101js, veicina matu aug\u0161anu un kontrol\u0113 matu l\u016b\u0161anu. Bag\u0101tin\u0101ts ar omega-9, tauksk\u0101b\u0113m, kas ir atbild\u012bgas par vesel\u012bgiem matiem. Tas ar\u012b pal\u012bdz samazin\u0101t matu galu dal\u012b\u0161anos. Padara matus gludus, sp\u012bd\u012bgus, nodro\u0161inot matu baro\u0161anu un aizsardz\u012bbu no karstuma, net\u012brumiem un pies\u0101r\u0146ot\u0101jiem. Tas ar\u012b pal\u012bdz atjaunot matu folikulus no sakn\u0113m. Ikdienas lieto\u0161anai.<\/p>\n<p><\/span><\/span><b style=\"font-family: Helvetica; font-size: 18px;\">Nesatur parab\u0113nu!<\/b><\/p>","protected":false},"excerpt":{"rendered":"<p>FOR STRONG, THICK AND SHINY HAIR Enriched with castor oil, a natural moisturizer, promotes hair growth and controls hair breakage. Enriched with omega-9, fatty acids,<\/p>","protected":false},"featured_media":28634,"comment_status":"open","ping_status":"closed","template":"","meta":[],"product_brand":[],"product_cat":[2204,2207,2215],"product_tag":[3179,2244,2243,3181,2294,2245,3180],"class_list":{"0":"post-28633","1":"product","2":"type-product","3":"status-publish","4":"has-post-thumbnail","6":"product_cat-matu-kopsanas-lidzekli","7":"product_cat-matu-maskas","8":"product_cat-visi-produkti","9":"product_tag-castor-hair-mask","10":"product_tag-israel","11":"product_tag-izraela","12":"product_tag-matu-maska-ar-ricinellu","13":"product_tag-pure-mineral","14":"product_tag-2245","15":"product_tag-3180","16":"pa_brand_nc-pure-mineral","17":"pa_ean_nc-4019","19":"first","20":"instock","21":"taxable","22":"shipping-taxable","23":"purchasable","24":"product-type-simple"},"yoast_head":"<!-- This site is optimized with the Yoast SEO plugin v27.4 - https:\/\/yoast.com\/product\/yoast-seo-wordpress\/ -->\n<title>Pure Mineral Matu maska ar r\u012bcine\u013c\u013cu<\/title>\n<meta name=\"description\" content=\"STIPRIEM, BIEZIEM UN SP\u012aD\u012aGIEM MATIEM Bag\u0101tin\u0101ts ar r\u012bcine\u013c\u013cu, dab\u012bgs mitrin\u0101t\u0101js, veicina matu aug\u0161anu un kontrol\u0113 matu l\u016b\u0161anu. Bag\u0101tin\u0101ts ar omega-9, tauksk\u0101b\u0113m, kas ir atbild\u012bgas par vesel\u012bgiem matiem. Tas ar\u012b pal\u012bdz samazin\u0101t matu galu dal\u012b\u0161anos.\" \/>\n<meta name=\"robots\" content=\"index, follow, max-snippet:-1, max-image-preview:large, max-video-preview:-1\" \/>\n<link rel=\"canonical\" href=\"https:\/\/women.lv\/en\/product\/pure-mineral-matu-maska-ar-ricinellu\/\" \/>\n<meta property=\"og:locale\" content=\"en_GB\" \/>\n<meta property=\"og:type\" content=\"article\" \/>\n<meta property=\"og:title\" content=\"Pure Mineral Matu maska ar r\u012bcine\u013c\u013cu\" \/>\n<meta property=\"og:description\" content=\"STIPRIEM, BIEZIEM UN SP\u012aD\u012aGIEM MATIEM Bag\u0101tin\u0101ts ar r\u012bcine\u013c\u013cu, dab\u012bgs mitrin\u0101t\u0101js, veicina matu aug\u0161anu un kontrol\u0113 matu l\u016b\u0161anu. Bag\u0101tin\u0101ts ar omega-9, tauksk\u0101b\u0113m, kas ir atbild\u012bgas par vesel\u012bgiem matiem. Tas ar\u012b pal\u012bdz samazin\u0101t matu galu dal\u012b\u0161anos.\" \/>\n<meta property=\"og:url\" content=\"https:\/\/women.lv\/en\/product\/pure-mineral-matu-maska-ar-ricinellu\/\" \/>\n<meta property=\"og:site_name\" content=\"Women Veikals\" \/>\n<meta property=\"article:modified_time\" content=\"2025-11-05T13:26:12+00:00\" \/>\n<meta property=\"og:image\" content=\"https:\/\/women.lv\/wp-content\/uploads\/nc\/catalog\/Pure-Mineral\/castor-hair-mask.PNG\" \/>\n\t<meta property=\"og:image:width\" content=\"424\" \/>\n\t<meta property=\"og:image:height\" content=\"605\" \/>\n\t<meta property=\"og:image:type\" content=\"image\/png\" \/>\n<meta name=\"twitter:card\" content=\"summary_large_image\" \/>\n<script type=\"application\/ld+json\" class=\"yoast-schema-graph\">{\"@context\":\"https:\\\/\\\/schema.org\",\"@graph\":[{\"@type\":\"WebPage\",\"@id\":\"https:\\\/\\\/women.lv\\\/product\\\/pure-mineral-matu-maska-ar-ricinellu\\\/\",\"url\":\"https:\\\/\\\/women.lv\\\/product\\\/pure-mineral-matu-maska-ar-ricinellu\\\/\",\"name\":\"Pure Mineral Matu maska ar r\u012bcine\u013c\u013cu\",\"isPartOf\":{\"@id\":\"https:\\\/\\\/women.lv\\\/#website\"},\"primaryImageOfPage\":{\"@id\":\"https:\\\/\\\/women.lv\\\/product\\\/pure-mineral-matu-maska-ar-ricinellu\\\/#primaryimage\"},\"image\":{\"@id\":\"https:\\\/\\\/women.lv\\\/product\\\/pure-mineral-matu-maska-ar-ricinellu\\\/#primaryimage\"},\"thumbnailUrl\":\"https:\\\/\\\/women.lv\\\/wp-content\\\/uploads\\\/nc\\\/catalog\\\/Pure-Mineral\\\/castor-hair-mask.PNG\",\"datePublished\":\"2020-08-11T11:42:26+00:00\",\"dateModified\":\"2025-11-05T13:26:12+00:00\",\"description\":\"STIPRIEM, BIEZIEM UN SP\u012aD\u012aGIEM MATIEM Bag\u0101tin\u0101ts ar r\u012bcine\u013c\u013cu, dab\u012bgs mitrin\u0101t\u0101js, veicina matu aug\u0161anu un kontrol\u0113 matu l\u016b\u0161anu. Bag\u0101tin\u0101ts ar omega-9, tauksk\u0101b\u0113m, kas ir atbild\u012bgas par vesel\u012bgiem matiem. Tas ar\u012b pal\u012bdz samazin\u0101t matu galu dal\u012b\u0161anos.\",\"breadcrumb\":{\"@id\":\"https:\\\/\\\/women.lv\\\/product\\\/pure-mineral-matu-maska-ar-ricinellu\\\/#breadcrumb\"},\"inLanguage\":\"en-GB\",\"potentialAction\":[{\"@type\":\"ReadAction\",\"target\":[\"https:\\\/\\\/women.lv\\\/product\\\/pure-mineral-matu-maska-ar-ricinellu\\\/\"]}]},{\"@type\":\"ImageObject\",\"inLanguage\":\"en-GB\",\"@id\":\"https:\\\/\\\/women.lv\\\/product\\\/pure-mineral-matu-maska-ar-ricinellu\\\/#primaryimage\",\"url\":\"https:\\\/\\\/women.lv\\\/wp-content\\\/uploads\\\/nc\\\/catalog\\\/Pure-Mineral\\\/castor-hair-mask.PNG\",\"contentUrl\":\"https:\\\/\\\/women.lv\\\/wp-content\\\/uploads\\\/nc\\\/catalog\\\/Pure-Mineral\\\/castor-hair-mask.PNG\",\"width\":424,\"height\":605,\"caption\":\"Matu maska ar r\u012bcine\u013c\u013cu\"},{\"@type\":\"BreadcrumbList\",\"@id\":\"https:\\\/\\\/women.lv\\\/product\\\/pure-mineral-matu-maska-ar-ricinellu\\\/#breadcrumb\",\"itemListElement\":[{\"@type\":\"ListItem\",\"position\":1,\"name\":\"Home\",\"item\":\"https:\\\/\\\/women.lv\\\/\"},{\"@type\":\"ListItem\",\"position\":2,\"name\":\"Products\",\"item\":\"https:\\\/\\\/women.lv\\\/en\\\/shop\\\/\"},{\"@type\":\"ListItem\",\"position\":3,\"name\":\"Matu maska ar r\u012bcine\u013c\u013cu\"}]},{\"@type\":\"WebSite\",\"@id\":\"https:\\\/\\\/women.lv\\\/#website\",\"url\":\"https:\\\/\\\/women.lv\\\/\",\"name\":\"Women Veikals\",\"description\":\"Uzdr\u012bksties b\u016bt skaista\",\"potentialAction\":[{\"@type\":\"SearchAction\",\"target\":{\"@type\":\"EntryPoint\",\"urlTemplate\":\"https:\\\/\\\/women.lv\\\/?s={search_term_string}\"},\"query-input\":{\"@type\":\"PropertyValueSpecification\",\"valueRequired\":true,\"valueName\":\"search_term_string\"}}],\"inLanguage\":\"en-GB\"}]}<\/script>\n<!-- \/ Yoast SEO plugin. -->","yoast_head_json":{"title":"Pure Mineral Matu maska ar r\u012bcine\u013c\u013cu","description":"STIPRIEM, BIEZIEM UN SP\u012aD\u012aGIEM MATIEM Bag\u0101tin\u0101ts ar r\u012bcine\u013c\u013cu, dab\u012bgs mitrin\u0101t\u0101js, veicina matu aug\u0161anu un kontrol\u0113 matu l\u016b\u0161anu. Bag\u0101tin\u0101ts ar omega-9, tauksk\u0101b\u0113m, kas ir atbild\u012bgas par vesel\u012bgiem matiem. Tas ar\u012b pal\u012bdz samazin\u0101t matu galu dal\u012b\u0161anos.","robots":{"index":"index","follow":"follow","max-snippet":"max-snippet:-1","max-image-preview":"max-image-preview:large","max-video-preview":"max-video-preview:-1"},"canonical":"https:\/\/women.lv\/en\/product\/pure-mineral-matu-maska-ar-ricinellu\/","og_locale":"en_GB","og_type":"article","og_title":"Pure Mineral Matu maska ar r\u012bcine\u013c\u013cu","og_description":"STIPRIEM, BIEZIEM UN SP\u012aD\u012aGIEM MATIEM Bag\u0101tin\u0101ts ar r\u012bcine\u013c\u013cu, dab\u012bgs mitrin\u0101t\u0101js, veicina matu aug\u0161anu un kontrol\u0113 matu l\u016b\u0161anu. Bag\u0101tin\u0101ts ar omega-9, tauksk\u0101b\u0113m, kas ir atbild\u012bgas par vesel\u012bgiem matiem. Tas ar\u012b pal\u012bdz samazin\u0101t matu galu dal\u012b\u0161anos.","og_url":"https:\/\/women.lv\/en\/product\/pure-mineral-matu-maska-ar-ricinellu\/","og_site_name":"Women Veikals","article_modified_time":"2025-11-05T13:26:12+00:00","og_image":[{"width":424,"height":605,"url":"https:\/\/women.lv\/wp-content\/uploads\/nc\/catalog\/Pure-Mineral\/castor-hair-mask.PNG","type":"image\/png"}],"twitter_card":"summary_large_image","schema":{"@context":"https:\/\/schema.org","@graph":[{"@type":"WebPage","@id":"https:\/\/women.lv\/product\/pure-mineral-matu-maska-ar-ricinellu\/","url":"https:\/\/women.lv\/product\/pure-mineral-matu-maska-ar-ricinellu\/","name":"Pure Mineral Matu maska ar r\u012bcine\u013c\u013cu","isPartOf":{"@id":"https:\/\/women.lv\/#website"},"primaryImageOfPage":{"@id":"https:\/\/women.lv\/product\/pure-mineral-matu-maska-ar-ricinellu\/#primaryimage"},"image":{"@id":"https:\/\/women.lv\/product\/pure-mineral-matu-maska-ar-ricinellu\/#primaryimage"},"thumbnailUrl":"https:\/\/women.lv\/wp-content\/uploads\/nc\/catalog\/Pure-Mineral\/castor-hair-mask.PNG","datePublished":"2020-08-11T11:42:26+00:00","dateModified":"2025-11-05T13:26:12+00:00","description":"STIPRIEM, BIEZIEM UN SP\u012aD\u012aGIEM MATIEM Bag\u0101tin\u0101ts ar r\u012bcine\u013c\u013cu, dab\u012bgs mitrin\u0101t\u0101js, veicina matu aug\u0161anu un kontrol\u0113 matu l\u016b\u0161anu. Bag\u0101tin\u0101ts ar omega-9, tauksk\u0101b\u0113m, kas ir atbild\u012bgas par vesel\u012bgiem matiem. Tas ar\u012b pal\u012bdz samazin\u0101t matu galu dal\u012b\u0161anos.","breadcrumb":{"@id":"https:\/\/women.lv\/product\/pure-mineral-matu-maska-ar-ricinellu\/#breadcrumb"},"inLanguage":"en-GB","potentialAction":[{"@type":"ReadAction","target":["https:\/\/women.lv\/product\/pure-mineral-matu-maska-ar-ricinellu\/"]}]},{"@type":"ImageObject","inLanguage":"en-GB","@id":"https:\/\/women.lv\/product\/pure-mineral-matu-maska-ar-ricinellu\/#primaryimage","url":"https:\/\/women.lv\/wp-content\/uploads\/nc\/catalog\/Pure-Mineral\/castor-hair-mask.PNG","contentUrl":"https:\/\/women.lv\/wp-content\/uploads\/nc\/catalog\/Pure-Mineral\/castor-hair-mask.PNG","width":424,"height":605,"caption":"Matu maska ar r\u012bcine\u013c\u013cu"},{"@type":"BreadcrumbList","@id":"https:\/\/women.lv\/product\/pure-mineral-matu-maska-ar-ricinellu\/#breadcrumb","itemListElement":[{"@type":"ListItem","position":1,"name":"Home","item":"https:\/\/women.lv\/"},{"@type":"ListItem","position":2,"name":"Products","item":"https:\/\/women.lv\/en\/shop\/"},{"@type":"ListItem","position":3,"name":"Matu maska ar r\u012bcine\u013c\u013cu"}]},{"@type":"WebSite","@id":"https:\/\/women.lv\/#website","url":"https:\/\/women.lv\/","name":"Women Shop","description":"Uzdr\u012bksties b\u016bt skaista","potentialAction":[{"@type":"SearchAction","target":{"@type":"EntryPoint","urlTemplate":"https:\/\/women.lv\/?s={search_term_string}"},"query-input":{"@type":"PropertyValueSpecification","valueRequired":true,"valueName":"search_term_string"}}],"inLanguage":"en-GB"}]}},"_links":{"self":[{"href":"https:\/\/women.lv\/en\/wp-json\/wp\/v2\/product\/28633","targetHints":{"allow":["GET"]}}],"collection":[{"href":"https:\/\/women.lv\/en\/wp-json\/wp\/v2\/product"}],"about":[{"href":"https:\/\/women.lv\/en\/wp-json\/wp\/v2\/types\/product"}],"replies":[{"embeddable":true,"href":"https:\/\/women.lv\/en\/wp-json\/wp\/v2\/comments?post=28633"}],"version-history":[{"count":0,"href":"https:\/\/women.lv\/en\/wp-json\/wp\/v2\/product\/28633\/revisions"}],"wp:featuredmedia":[{"embeddable":true,"href":"https:\/\/women.lv\/en\/wp-json\/wp\/v2\/media\/28634"}],"wp:attachment":[{"href":"https:\/\/women.lv\/en\/wp-json\/wp\/v2\/media?parent=28633"}],"wp:term":[{"taxonomy":"product_brand","embeddable":true,"href":"https:\/\/women.lv\/en\/wp-json\/wp\/v2\/product_brand?post=28633"},{"taxonomy":"product_cat","embeddable":true,"href":"https:\/\/women.lv\/en\/wp-json\/wp\/v2\/product_cat?post=28633"},{"taxonomy":"product_tag","embeddable":true,"href":"https:\/\/women.lv\/en\/wp-json\/wp\/v2\/product_tag?post=28633"}],"curies":[{"name":"wp","href":"https:\/\/api.w.org\/{rel}","templated":true}]}}