{"id":28610,"date":"2020-08-10T14:03:37","date_gmt":"2020-08-10T14:03:37","guid":{"rendered":"https:\/\/women.lv\/?product=atjaunojoss-roku-krems"},"modified":"2025-11-05T13:26:10","modified_gmt":"2025-11-05T13:26:10","slug":"sea-of-spa-atjaunojoss-roku-krems","status":"publish","type":"product","link":"https:\/\/women.lv\/en\/product\/sea-of-spa-atjaunojoss-roku-krems\/","title":{"rendered":"Regenerating hand cream"},"content":{"rendered":"<p><span style=\"font-family: Helvetica;\"><span style=\"font-size: 18px;\"><b>Hand cream - enriched with avocado oil and aloe<\/b><\/p>\n<p>Unik\u0101ls, barojo\u0161s un mitrino\u0161s roku kr\u0113ms. Satur\u00a0 avokado e\u013c\u013cu, N\u0101ves j\u016bras miner\u0101lus un vitam\u012bnus.<\/span><\/span><\/p>\n<p><span style=\"font-family: Helvetica;\">\u00a0<\/span><\/p>\n<p><span style=\"font-family: Helvetica;\"><span style=\"font-size: 18px;\"><b>Main ingredients:<\/b><\/span><\/span><\/p>\n<ul>\n<li><span style=\"font-family: Helvetica;\"><span style=\"font-size: 18px;\">DUNALIELLA ALGA, which is the only algae that lives in the depths of the Dead Sea, is saturated with important minerals. Algae extract, which is combined with other raw materials, contributes to the delay of skin aging and cleanses the skin of free radicals.<\/span><\/span><\/li>\n<li><span style=\"font-family: Helvetica;\"><span style=\"font-size: 18px;\">SEA BUCKTHORN OIL provides intensive nutrition, which is achieved with vitamins A, C and E. A powerful antioxidant with anti-inflammatory properties, restores and revives damaged skin.<\/span><\/span><\/li>\n<li><span style=\"font-family: Helvetica; font-size: 18px;\">OLIVE<\/span><span style=\"font-family: Helvetica;\"><span style=\"font-size: 18px;\">OIL rich in vitamins A, D and K, which protect skin cells from aging and oxidation. This oil is effective in treating dry, dead skin and gives it a new, supple and glowing appearance.<\/span><\/span><\/li>\n<li><span style=\"font-family: Helvetica;\"><span style=\"font-size: 18px;\">CARROT OIL, rich in vitamins B, C, D, E and K. Restores the formation of new tissues and cells. Especially beneficial for the treatment of dry, lifeless skin.<\/span><\/span><\/li>\n<li><span style=\"font-family: Helvetica;\"><span style=\"font-size: 18px;\">WHEAT OIL, rich in vitamin E, which slows down the aging process of the skin, smoothes it and promotes its elasticity.<\/span><\/span><\/li>\n<li><span style=\"font-family: Helvetica;\"><span style=\"font-size: 18px;\">AVOCADO OIL, rich in vitamin E and oleic acid. More easily absorbed into the skin than most oils, its most outstanding feature is softening hard, dry skin.<\/span><\/span><\/li>\n<li><span style=\"font-family: Helvetica;\"><span style=\"font-size: 18px;\">ALOE VERA anti-inflammatory, antibacterial agent. Contains many vitamins, minerals, amino acid enzymes. Very important for cell renewal and maintaining skin moisture and elasticity.<\/span><\/span><\/li>\n<li><span style=\"font-family: Helvetica;\"><span style=\"font-size: 18px;\">POMEGRANATE rich in vitamins B5, C, E and K. It has very high antioxidant properties that prevent the formation of free radicals. Gives the skin shine and a fresh look.<\/span><\/span><\/li>\n<li><span style=\"font-family: Helvetica;\"><span style=\"font-size: 18px;\">SHEA moisturizes the skin for a very long time without leaving a greasy feeling. Gives elasticity and softness to the skin and helps restore damaged tissues.<\/span><\/span><\/li>\n<li><span style=\"font-family: Helvetica;\"><span style=\"font-size: 18px;\">The Bio Spa series provides you with an excellent solution for skin and body facial care for a longer period of time.<\/span><\/span><\/li>\n<\/ul>","protected":false},"excerpt":{"rendered":"<p>Hand cream - enriched with avocado oil and aloe vera Unique, nourishing and moisturizing hand cream. Contains avocado oil, Dead Sea<\/p>","protected":false},"featured_media":28611,"comment_status":"open","ping_status":"closed","template":"","meta":[],"product_brand":[],"product_cat":[2208,2221,2215,2231],"product_tag":[3133,3137,3129,3132,3136,2244,2243,3131,2933,3134,3135,3130,2245],"class_list":{"0":"post-28610","1":"product","2":"type-product","3":"status-publish","4":"has-post-thumbnail","6":"product_cat-kermena-kopsanas-lidzekii","7":"product_cat-roku-krems","8":"product_cat-visi-produkti","9":"product_cat-lv-on-sale","10":"product_tag-aloe-vera","11":"product_tag-alveja","12":"product_tag-atjaunojoss-roku-krems","13":"product_tag-avocado-oil","14":"product_tag-avokado-ella","15":"product_tag-israel","16":"product_tag-izraela","17":"product_tag-repairing-hand-cream","18":"product_tag-sea-of-spa","19":"product_tag-3134","20":"product_tag-3135","21":"product_tag-3130","22":"product_tag-2245","23":"pa_brand_nc-sea-of-spa","24":"pa_ean_nc-11570a","26":"first","27":"outofstock","28":"sale","29":"taxable","30":"shipping-taxable","31":"purchasable","32":"product-type-simple"},"yoast_head":"<!-- This site is optimized with the Yoast SEO plugin v23.9 - https:\/\/yoast.com\/wordpress\/plugins\/seo\/ -->\n<title>Atjaunojo\u0161s roku kr\u0113ms<\/title>\n<meta name=\"description\" content=\"Unik\u0101ls, barojo\u0161s un mitrino\u0161s roku kr\u0113ms. Satur avokado e\u013c\u013cu, N\u0101ves j\u016bras miner\u0101lus un vitam\u012bnus.\" \/>\n<meta name=\"robots\" content=\"index, follow, max-snippet:-1, max-image-preview:large, max-video-preview:-1\" \/>\n<link rel=\"canonical\" href=\"https:\/\/women.lv\/en\/product\/sea-of-spa-atjaunojoss-roku-krems\/\" \/>\n<meta property=\"og:locale\" content=\"en_GB\" \/>\n<meta property=\"og:type\" content=\"article\" \/>\n<meta property=\"og:title\" content=\"Atjaunojo\u0161s roku kr\u0113ms\" \/>\n<meta property=\"og:description\" content=\"Unik\u0101ls, barojo\u0161s un mitrino\u0161s roku kr\u0113ms. Satur avokado e\u013c\u013cu, N\u0101ves j\u016bras miner\u0101lus un vitam\u012bnus.\" \/>\n<meta property=\"og:url\" content=\"https:\/\/women.lv\/en\/product\/sea-of-spa-atjaunojoss-roku-krems\/\" \/>\n<meta property=\"og:site_name\" content=\"Women Veikals\" \/>\n<meta property=\"article:modified_time\" content=\"2025-11-05T13:26:10+00:00\" \/>\n<meta property=\"og:image\" content=\"https:\/\/women.lv\/wp-content\/uploads\/nc\/catalog\/SOS-Sea-of-Spa\/BIO-SPA\/bio-spa-hand-cream-100-ml-tube.jpg\" \/>\n\t<meta property=\"og:image:width\" content=\"1000\" \/>\n\t<meta property=\"og:image:height\" content=\"1000\" \/>\n\t<meta property=\"og:image:type\" content=\"image\/jpeg\" \/>\n<meta name=\"twitter:card\" content=\"summary_large_image\" \/>\n<meta name=\"twitter:label1\" content=\"Estimated reading time\" \/>\n\t<meta name=\"twitter:data1\" content=\"2 minutes\" \/>\n<script type=\"application\/ld+json\" class=\"yoast-schema-graph\">{\"@context\":\"https:\/\/schema.org\",\"@graph\":[{\"@type\":\"WebPage\",\"@id\":\"https:\/\/women.lv\/product\/sea-of-spa-atjaunojoss-roku-krems\/\",\"url\":\"https:\/\/women.lv\/product\/sea-of-spa-atjaunojoss-roku-krems\/\",\"name\":\"Atjaunojo\u0161s roku kr\u0113ms\",\"isPartOf\":{\"@id\":\"https:\/\/women.lv\/#website\"},\"primaryImageOfPage\":{\"@id\":\"https:\/\/women.lv\/product\/sea-of-spa-atjaunojoss-roku-krems\/#primaryimage\"},\"image\":{\"@id\":\"https:\/\/women.lv\/product\/sea-of-spa-atjaunojoss-roku-krems\/#primaryimage\"},\"thumbnailUrl\":\"https:\/\/women.lv\/wp-content\/uploads\/nc\/catalog\/SOS-Sea-of-Spa\/BIO-SPA\/bio-spa-hand-cream-100-ml-tube.jpg\",\"datePublished\":\"2020-08-10T14:03:37+00:00\",\"dateModified\":\"2025-11-05T13:26:10+00:00\",\"description\":\"Unik\u0101ls, barojo\u0161s un mitrino\u0161s roku kr\u0113ms. Satur avokado e\u013c\u013cu, N\u0101ves j\u016bras miner\u0101lus un vitam\u012bnus.\",\"breadcrumb\":{\"@id\":\"https:\/\/women.lv\/product\/sea-of-spa-atjaunojoss-roku-krems\/#breadcrumb\"},\"inLanguage\":\"en-GB\",\"potentialAction\":[{\"@type\":\"ReadAction\",\"target\":[\"https:\/\/women.lv\/product\/sea-of-spa-atjaunojoss-roku-krems\/\"]}]},{\"@type\":\"ImageObject\",\"inLanguage\":\"en-GB\",\"@id\":\"https:\/\/women.lv\/product\/sea-of-spa-atjaunojoss-roku-krems\/#primaryimage\",\"url\":\"https:\/\/women.lv\/wp-content\/uploads\/nc\/catalog\/SOS-Sea-of-Spa\/BIO-SPA\/bio-spa-hand-cream-100-ml-tube.jpg\",\"contentUrl\":\"https:\/\/women.lv\/wp-content\/uploads\/nc\/catalog\/SOS-Sea-of-Spa\/BIO-SPA\/bio-spa-hand-cream-100-ml-tube.jpg\",\"width\":1000,\"height\":1000,\"caption\":\"Atjaunojo\u0161s roku kr\u0113ms\"},{\"@type\":\"BreadcrumbList\",\"@id\":\"https:\/\/women.lv\/product\/sea-of-spa-atjaunojoss-roku-krems\/#breadcrumb\",\"itemListElement\":[{\"@type\":\"ListItem\",\"position\":1,\"name\":\"Home\",\"item\":\"https:\/\/women.lv\/\"},{\"@type\":\"ListItem\",\"position\":2,\"name\":\"Products\",\"item\":\"https:\/\/women.lv\/en\/shop\/\"},{\"@type\":\"ListItem\",\"position\":3,\"name\":\"Atjaunojo\u0161s roku kr\u0113ms\"}]},{\"@type\":\"WebSite\",\"@id\":\"https:\/\/women.lv\/#website\",\"url\":\"https:\/\/women.lv\/\",\"name\":\"Women Veikals\",\"description\":\"Uzdr\u012bksties b\u016bt skaista\",\"potentialAction\":[{\"@type\":\"SearchAction\",\"target\":{\"@type\":\"EntryPoint\",\"urlTemplate\":\"https:\/\/women.lv\/?s={search_term_string}\"},\"query-input\":{\"@type\":\"PropertyValueSpecification\",\"valueRequired\":true,\"valueName\":\"search_term_string\"}}],\"inLanguage\":\"en-GB\"}]}<\/script>\n<!-- \/ Yoast SEO plugin. -->","yoast_head_json":{"title":"Atjaunojo\u0161s roku kr\u0113ms","description":"Unik\u0101ls, barojo\u0161s un mitrino\u0161s roku kr\u0113ms. Satur avokado e\u013c\u013cu, N\u0101ves j\u016bras miner\u0101lus un vitam\u012bnus.","robots":{"index":"index","follow":"follow","max-snippet":"max-snippet:-1","max-image-preview":"max-image-preview:large","max-video-preview":"max-video-preview:-1"},"canonical":"https:\/\/women.lv\/en\/product\/sea-of-spa-atjaunojoss-roku-krems\/","og_locale":"en_GB","og_type":"article","og_title":"Atjaunojo\u0161s roku kr\u0113ms","og_description":"Unik\u0101ls, barojo\u0161s un mitrino\u0161s roku kr\u0113ms. Satur avokado e\u013c\u013cu, N\u0101ves j\u016bras miner\u0101lus un vitam\u012bnus.","og_url":"https:\/\/women.lv\/en\/product\/sea-of-spa-atjaunojoss-roku-krems\/","og_site_name":"Women Veikals","article_modified_time":"2025-11-05T13:26:10+00:00","og_image":[{"width":1000,"height":1000,"url":"https:\/\/women.lv\/wp-content\/uploads\/nc\/catalog\/SOS-Sea-of-Spa\/BIO-SPA\/bio-spa-hand-cream-100-ml-tube.jpg","type":"image\/jpeg"}],"twitter_card":"summary_large_image","twitter_misc":{"Estimated reading time":"2 minutes"},"schema":{"@context":"https:\/\/schema.org","@graph":[{"@type":"WebPage","@id":"https:\/\/women.lv\/product\/sea-of-spa-atjaunojoss-roku-krems\/","url":"https:\/\/women.lv\/product\/sea-of-spa-atjaunojoss-roku-krems\/","name":"Atjaunojo\u0161s roku kr\u0113ms","isPartOf":{"@id":"https:\/\/women.lv\/#website"},"primaryImageOfPage":{"@id":"https:\/\/women.lv\/product\/sea-of-spa-atjaunojoss-roku-krems\/#primaryimage"},"image":{"@id":"https:\/\/women.lv\/product\/sea-of-spa-atjaunojoss-roku-krems\/#primaryimage"},"thumbnailUrl":"https:\/\/women.lv\/wp-content\/uploads\/nc\/catalog\/SOS-Sea-of-Spa\/BIO-SPA\/bio-spa-hand-cream-100-ml-tube.jpg","datePublished":"2020-08-10T14:03:37+00:00","dateModified":"2025-11-05T13:26:10+00:00","description":"Unik\u0101ls, barojo\u0161s un mitrino\u0161s roku kr\u0113ms. Satur avokado e\u013c\u013cu, N\u0101ves j\u016bras miner\u0101lus un vitam\u012bnus.","breadcrumb":{"@id":"https:\/\/women.lv\/product\/sea-of-spa-atjaunojoss-roku-krems\/#breadcrumb"},"inLanguage":"en-GB","potentialAction":[{"@type":"ReadAction","target":["https:\/\/women.lv\/product\/sea-of-spa-atjaunojoss-roku-krems\/"]}]},{"@type":"ImageObject","inLanguage":"en-GB","@id":"https:\/\/women.lv\/product\/sea-of-spa-atjaunojoss-roku-krems\/#primaryimage","url":"https:\/\/women.lv\/wp-content\/uploads\/nc\/catalog\/SOS-Sea-of-Spa\/BIO-SPA\/bio-spa-hand-cream-100-ml-tube.jpg","contentUrl":"https:\/\/women.lv\/wp-content\/uploads\/nc\/catalog\/SOS-Sea-of-Spa\/BIO-SPA\/bio-spa-hand-cream-100-ml-tube.jpg","width":1000,"height":1000,"caption":"Atjaunojo\u0161s roku kr\u0113ms"},{"@type":"BreadcrumbList","@id":"https:\/\/women.lv\/product\/sea-of-spa-atjaunojoss-roku-krems\/#breadcrumb","itemListElement":[{"@type":"ListItem","position":1,"name":"Home","item":"https:\/\/women.lv\/"},{"@type":"ListItem","position":2,"name":"Products","item":"https:\/\/women.lv\/en\/shop\/"},{"@type":"ListItem","position":3,"name":"Atjaunojo\u0161s roku kr\u0113ms"}]},{"@type":"WebSite","@id":"https:\/\/women.lv\/#website","url":"https:\/\/women.lv\/","name":"Women Veikals","description":"Uzdr\u012bksties b\u016bt skaista","potentialAction":[{"@type":"SearchAction","target":{"@type":"EntryPoint","urlTemplate":"https:\/\/women.lv\/?s={search_term_string}"},"query-input":{"@type":"PropertyValueSpecification","valueRequired":true,"valueName":"search_term_string"}}],"inLanguage":"en-GB"}]}},"_links":{"self":[{"href":"https:\/\/women.lv\/en\/wp-json\/wp\/v2\/product\/28610","targetHints":{"allow":["GET"]}}],"collection":[{"href":"https:\/\/women.lv\/en\/wp-json\/wp\/v2\/product"}],"about":[{"href":"https:\/\/women.lv\/en\/wp-json\/wp\/v2\/types\/product"}],"replies":[{"embeddable":true,"href":"https:\/\/women.lv\/en\/wp-json\/wp\/v2\/comments?post=28610"}],"version-history":[{"count":2,"href":"https:\/\/women.lv\/en\/wp-json\/wp\/v2\/product\/28610\/revisions"}],"predecessor-version":[{"id":29552,"href":"https:\/\/women.lv\/en\/wp-json\/wp\/v2\/product\/28610\/revisions\/29552"}],"wp:featuredmedia":[{"embeddable":true,"href":"https:\/\/women.lv\/en\/wp-json\/wp\/v2\/media\/28611"}],"wp:attachment":[{"href":"https:\/\/women.lv\/en\/wp-json\/wp\/v2\/media?parent=28610"}],"wp:term":[{"taxonomy":"product_brand","embeddable":true,"href":"https:\/\/women.lv\/en\/wp-json\/wp\/v2\/product_brand?post=28610"},{"taxonomy":"product_cat","embeddable":true,"href":"https:\/\/women.lv\/en\/wp-json\/wp\/v2\/product_cat?post=28610"},{"taxonomy":"product_tag","embeddable":true,"href":"https:\/\/women.lv\/en\/wp-json\/wp\/v2\/product_tag?post=28610"}],"curies":[{"name":"wp","href":"https:\/\/api.w.org\/{rel}","templated":true}]}}