{"id":28570,"date":"2020-08-03T16:48:32","date_gmt":"2020-08-03T16:48:32","guid":{"rendered":"https:\/\/women.lv\/?product=melno-dublu-ziepes"},"modified":"2025-11-05T13:26:08","modified_gmt":"2025-11-05T13:26:08","slug":"sea-of-spa-melno-dunu-ziepes","status":"publish","type":"product","link":"https:\/\/women.lv\/en\/product\/sea-of-spa-melno-dunu-ziepes\/","title":{"rendered":"Black mud soap"},"content":{"rendered":"<p><span style=\"font-family: Helvetica;\"><span style=\"font-size: 18px;\">Melno dub\u013cu ziepes\u00a0satur augstu dabisko N\u0101ves j\u016bras dub\u013cu un miner\u0101lu koncentr\u0101ciju, kas ir nepiecie\u0161ami vesel\u012bgai \u0101dai.<\/span><\/span><\/p>\n<p><span style=\"font-family: Helvetica;\"><span style=\"font-size: 18px;\">Melno dub\u013cu ziepes\u00a0r\u016bp\u012bgi not\u012bra poras un pal\u012bdz no\u0146emt atmiru\u0161\u0101s \u0161\u016bnas. Ziepes var lietot gan pieaugu\u0161ie, gan pusaud\u017ei. P\u0113c lieto\u0161anas \u0101da ieg\u016bst t\u012bru, maigu un gludu izskatu.<\/span><\/span><\/p>","protected":false},"excerpt":{"rendered":"<p>Black Mud Soap contains a high concentration of natural Dead Sea mud and minerals that are essential for healthy skin. Black mud soap cleans thoroughly<\/p>","protected":false},"featured_media":28571,"comment_status":"open","ping_status":"closed","template":"","meta":[],"product_brand":[],"product_cat":[2215,2223],"product_tag":[],"class_list":{"0":"post-28570","1":"product","2":"type-product","3":"status-publish","4":"has-post-thumbnail","6":"product_cat-visi-produkti","7":"product_cat-ziepes","8":"pa_brand_nc-sea-of-spa","9":"pa_ean_nc-11233a","11":"first","12":"instock","13":"sale","14":"taxable","15":"shipping-taxable","16":"purchasable","17":"product-type-simple"},"yoast_head":"<!-- This site is optimized with the Yoast SEO plugin v27.4 - https:\/\/yoast.com\/product\/yoast-seo-wordpress\/ -->\n<title>Melno dub\u013cu ziepes<\/title>\n<meta name=\"description\" content=\"Melno dub\u013cu ziepes satur augstu dabisko N\u0101ves j\u016bras dub\u013cu un miner\u0101lu koncentr\u0101ciju, kas ir nepiecie\u0161ami vesel\u012bgai \u0101dai.  Melno dub\u013cu ziepes r\u016bp\u012bgi not\u012bra poras un pal\u012bdz no\u0146emt atmiru\u0161\u0101s \u0161\u016bnas. Ziepes var lietot gan pieaugu\u0161ie, gan pusaud\u017ei. P\u0113c lieto\u0161\" \/>\n<meta name=\"robots\" content=\"index, follow, max-snippet:-1, max-image-preview:large, max-video-preview:-1\" \/>\n<link rel=\"canonical\" href=\"https:\/\/women.lv\/en\/product\/sea-of-spa-melno-dunu-ziepes\/\" \/>\n<meta property=\"og:locale\" content=\"en_GB\" \/>\n<meta property=\"og:type\" content=\"article\" \/>\n<meta property=\"og:title\" content=\"Melno dub\u013cu ziepes\" \/>\n<meta property=\"og:description\" content=\"Melno dub\u013cu ziepes satur augstu dabisko N\u0101ves j\u016bras dub\u013cu un miner\u0101lu koncentr\u0101ciju, kas ir nepiecie\u0161ami vesel\u012bgai \u0101dai.  Melno dub\u013cu ziepes r\u016bp\u012bgi not\u012bra poras un pal\u012bdz no\u0146emt atmiru\u0161\u0101s \u0161\u016bnas. Ziepes var lietot gan pieaugu\u0161ie, gan pusaud\u017ei. P\u0113c lieto\u0161\" \/>\n<meta property=\"og:url\" content=\"https:\/\/women.lv\/en\/product\/sea-of-spa-melno-dunu-ziepes\/\" \/>\n<meta property=\"og:site_name\" content=\"Women Veikals\" \/>\n<meta property=\"article:modified_time\" content=\"2025-11-05T13:26:08+00:00\" \/>\n<meta property=\"og:image\" content=\"https:\/\/women.lv\/wp-content\/uploads\/nc\/catalog\/Israel\/Sea-of-Spa\/mud-soap.PNG\" \/>\n\t<meta property=\"og:image:width\" content=\"670\" \/>\n\t<meta property=\"og:image:height\" content=\"514\" \/>\n\t<meta property=\"og:image:type\" content=\"image\/png\" \/>\n<meta name=\"twitter:card\" content=\"summary_large_image\" \/>\n<script type=\"application\/ld+json\" class=\"yoast-schema-graph\">{\"@context\":\"https:\\\/\\\/schema.org\",\"@graph\":[{\"@type\":\"WebPage\",\"@id\":\"https:\\\/\\\/women.lv\\\/product\\\/sea-of-spa-melno-dunu-ziepes\\\/\",\"url\":\"https:\\\/\\\/women.lv\\\/product\\\/sea-of-spa-melno-dunu-ziepes\\\/\",\"name\":\"Melno dub\u013cu ziepes\",\"isPartOf\":{\"@id\":\"https:\\\/\\\/women.lv\\\/#website\"},\"primaryImageOfPage\":{\"@id\":\"https:\\\/\\\/women.lv\\\/product\\\/sea-of-spa-melno-dunu-ziepes\\\/#primaryimage\"},\"image\":{\"@id\":\"https:\\\/\\\/women.lv\\\/product\\\/sea-of-spa-melno-dunu-ziepes\\\/#primaryimage\"},\"thumbnailUrl\":\"\",\"datePublished\":\"2020-08-03T16:48:32+00:00\",\"dateModified\":\"2025-11-05T13:26:08+00:00\",\"description\":\"Melno dub\u013cu ziepes satur augstu dabisko N\u0101ves j\u016bras dub\u013cu un miner\u0101lu koncentr\u0101ciju, kas ir nepiecie\u0161ami vesel\u012bgai \u0101dai. Melno dub\u013cu ziepes r\u016bp\u012bgi not\u012bra poras un pal\u012bdz no\u0146emt atmiru\u0161\u0101s \u0161\u016bnas. Ziepes var lietot gan pieaugu\u0161ie, gan pusaud\u017ei. P\u0113c lieto\u0161\",\"breadcrumb\":{\"@id\":\"https:\\\/\\\/women.lv\\\/product\\\/sea-of-spa-melno-dunu-ziepes\\\/#breadcrumb\"},\"inLanguage\":\"en-GB\",\"potentialAction\":[{\"@type\":\"ReadAction\",\"target\":[\"https:\\\/\\\/women.lv\\\/product\\\/sea-of-spa-melno-dunu-ziepes\\\/\"]}]},{\"@type\":\"ImageObject\",\"inLanguage\":\"en-GB\",\"@id\":\"https:\\\/\\\/women.lv\\\/product\\\/sea-of-spa-melno-dunu-ziepes\\\/#primaryimage\",\"url\":\"\",\"contentUrl\":\"\"},{\"@type\":\"BreadcrumbList\",\"@id\":\"https:\\\/\\\/women.lv\\\/product\\\/sea-of-spa-melno-dunu-ziepes\\\/#breadcrumb\",\"itemListElement\":[{\"@type\":\"ListItem\",\"position\":1,\"name\":\"Home\",\"item\":\"https:\\\/\\\/women.lv\\\/\"},{\"@type\":\"ListItem\",\"position\":2,\"name\":\"Products\",\"item\":\"https:\\\/\\\/women.lv\\\/en\\\/shop\\\/\"},{\"@type\":\"ListItem\",\"position\":3,\"name\":\"Melno dub\u013cu ziepes\"}]},{\"@type\":\"WebSite\",\"@id\":\"https:\\\/\\\/women.lv\\\/#website\",\"url\":\"https:\\\/\\\/women.lv\\\/\",\"name\":\"Women Veikals\",\"description\":\"Uzdr\u012bksties b\u016bt skaista\",\"potentialAction\":[{\"@type\":\"SearchAction\",\"target\":{\"@type\":\"EntryPoint\",\"urlTemplate\":\"https:\\\/\\\/women.lv\\\/?s={search_term_string}\"},\"query-input\":{\"@type\":\"PropertyValueSpecification\",\"valueRequired\":true,\"valueName\":\"search_term_string\"}}],\"inLanguage\":\"en-GB\"}]}<\/script>\n<!-- \/ Yoast SEO plugin. -->","yoast_head_json":{"title":"Black mud soap","description":"Melno dub\u013cu ziepes satur augstu dabisko N\u0101ves j\u016bras dub\u013cu un miner\u0101lu koncentr\u0101ciju, kas ir nepiecie\u0161ami vesel\u012bgai \u0101dai.  Melno dub\u013cu ziepes r\u016bp\u012bgi not\u012bra poras un pal\u012bdz no\u0146emt atmiru\u0161\u0101s \u0161\u016bnas. Ziepes var lietot gan pieaugu\u0161ie, gan pusaud\u017ei. P\u0113c lieto\u0161","robots":{"index":"index","follow":"follow","max-snippet":"max-snippet:-1","max-image-preview":"max-image-preview:large","max-video-preview":"max-video-preview:-1"},"canonical":"https:\/\/women.lv\/en\/product\/sea-of-spa-melno-dunu-ziepes\/","og_locale":"en_GB","og_type":"article","og_title":"Melno dub\u013cu ziepes","og_description":"Melno dub\u013cu ziepes satur augstu dabisko N\u0101ves j\u016bras dub\u013cu un miner\u0101lu koncentr\u0101ciju, kas ir nepiecie\u0161ami vesel\u012bgai \u0101dai.  Melno dub\u013cu ziepes r\u016bp\u012bgi not\u012bra poras un pal\u012bdz no\u0146emt atmiru\u0161\u0101s \u0161\u016bnas. Ziepes var lietot gan pieaugu\u0161ie, gan pusaud\u017ei. P\u0113c lieto\u0161","og_url":"https:\/\/women.lv\/en\/product\/sea-of-spa-melno-dunu-ziepes\/","og_site_name":"Women Veikals","article_modified_time":"2025-11-05T13:26:08+00:00","og_image":[{"width":670,"height":514,"url":"https:\/\/women.lv\/wp-content\/uploads\/nc\/catalog\/Israel\/Sea-of-Spa\/mud-soap.PNG","type":"image\/png"}],"twitter_card":"summary_large_image","schema":{"@context":"https:\/\/schema.org","@graph":[{"@type":"WebPage","@id":"https:\/\/women.lv\/product\/sea-of-spa-melno-dunu-ziepes\/","url":"https:\/\/women.lv\/product\/sea-of-spa-melno-dunu-ziepes\/","name":"Black mud soap","isPartOf":{"@id":"https:\/\/women.lv\/#website"},"primaryImageOfPage":{"@id":"https:\/\/women.lv\/product\/sea-of-spa-melno-dunu-ziepes\/#primaryimage"},"image":{"@id":"https:\/\/women.lv\/product\/sea-of-spa-melno-dunu-ziepes\/#primaryimage"},"thumbnailUrl":"","datePublished":"2020-08-03T16:48:32+00:00","dateModified":"2025-11-05T13:26:08+00:00","description":"Melno dub\u013cu ziepes satur augstu dabisko N\u0101ves j\u016bras dub\u013cu un miner\u0101lu koncentr\u0101ciju, kas ir nepiecie\u0161ami vesel\u012bgai \u0101dai. Melno dub\u013cu ziepes r\u016bp\u012bgi not\u012bra poras un pal\u012bdz no\u0146emt atmiru\u0161\u0101s \u0161\u016bnas. Ziepes var lietot gan pieaugu\u0161ie, gan pusaud\u017ei. P\u0113c lieto\u0161","breadcrumb":{"@id":"https:\/\/women.lv\/product\/sea-of-spa-melno-dunu-ziepes\/#breadcrumb"},"inLanguage":"en-GB","potentialAction":[{"@type":"ReadAction","target":["https:\/\/women.lv\/product\/sea-of-spa-melno-dunu-ziepes\/"]}]},{"@type":"ImageObject","inLanguage":"en-GB","@id":"https:\/\/women.lv\/product\/sea-of-spa-melno-dunu-ziepes\/#primaryimage","url":"","contentUrl":""},{"@type":"BreadcrumbList","@id":"https:\/\/women.lv\/product\/sea-of-spa-melno-dunu-ziepes\/#breadcrumb","itemListElement":[{"@type":"ListItem","position":1,"name":"Home","item":"https:\/\/women.lv\/"},{"@type":"ListItem","position":2,"name":"Products","item":"https:\/\/women.lv\/en\/shop\/"},{"@type":"ListItem","position":3,"name":"Melno dub\u013cu ziepes"}]},{"@type":"WebSite","@id":"https:\/\/women.lv\/#website","url":"https:\/\/women.lv\/","name":"Women Shop","description":"Uzdr\u012bksties b\u016bt skaista","potentialAction":[{"@type":"SearchAction","target":{"@type":"EntryPoint","urlTemplate":"https:\/\/women.lv\/?s={search_term_string}"},"query-input":{"@type":"PropertyValueSpecification","valueRequired":true,"valueName":"search_term_string"}}],"inLanguage":"en-GB"}]}},"_links":{"self":[{"href":"https:\/\/women.lv\/en\/wp-json\/wp\/v2\/product\/28570","targetHints":{"allow":["GET"]}}],"collection":[{"href":"https:\/\/women.lv\/en\/wp-json\/wp\/v2\/product"}],"about":[{"href":"https:\/\/women.lv\/en\/wp-json\/wp\/v2\/types\/product"}],"replies":[{"embeddable":true,"href":"https:\/\/women.lv\/en\/wp-json\/wp\/v2\/comments?post=28570"}],"version-history":[{"count":0,"href":"https:\/\/women.lv\/en\/wp-json\/wp\/v2\/product\/28570\/revisions"}],"wp:featuredmedia":[{"embeddable":true,"href":"https:\/\/women.lv\/en\/wp-json\/wp\/v2\/media\/28571"}],"wp:attachment":[{"href":"https:\/\/women.lv\/en\/wp-json\/wp\/v2\/media?parent=28570"}],"wp:term":[{"taxonomy":"product_brand","embeddable":true,"href":"https:\/\/women.lv\/en\/wp-json\/wp\/v2\/product_brand?post=28570"},{"taxonomy":"product_cat","embeddable":true,"href":"https:\/\/women.lv\/en\/wp-json\/wp\/v2\/product_cat?post=28570"},{"taxonomy":"product_tag","embeddable":true,"href":"https:\/\/women.lv\/en\/wp-json\/wp\/v2\/product_tag?post=28570"}],"curies":[{"name":"wp","href":"https:\/\/api.w.org\/{rel}","templated":true}]}}