{"id":28542,"date":"2020-07-28T16:03:23","date_gmt":"2020-07-28T16:03:23","guid":{"rendered":"https:\/\/women.lv\/?product=attiross-pienins-normalai-vai-taukainai-adai"},"modified":"2025-11-05T13:26:06","modified_gmt":"2025-11-05T13:26:06","slug":"canaan-minerals-and-herbs-sejas-piens-taukainai-adai","status":"publish","type":"product","link":"https:\/\/women.lv\/en\/product\/canaan-minerals-and-herbs-sejas-piens-taukainai-adai\/","title":{"rendered":"Cleansing milk for normal or oily skin"},"content":{"rendered":"<p><span style=\"font-family: Helvetica;\"><span style=\"font-size: 18px;\">CANAAN t\u012br\u012b\u0161anas pieni\u0146\u0161 ir lieliski piem\u0113rots ikdienas lieto\u0161anai. Tas ir izstr\u0101d\u0101ts, lai no\u0146emtu dekorat\u012bv\u0101s kosm\u0113tikas atst\u0101t\u0101s p\u0113das un citus piemais\u012bjumus un l\u012bdzsvarotu taukain\u012bbu. \u0160is jaud\u012bgais, tom\u0113r maigais sejas t\u012br\u012b\u0161anas l\u012bdzeklis ir ide\u0101ls pirmais solis ikdienas \u0101das kop\u0161anas rut\u012bn\u0101, un, t\u0101 k\u0101 tas ir bag\u0101tin\u0101ts ar Canaan unik\u0101lo CSE Complex \u2122, tas pal\u012bdz\u0113s saglab\u0101t j\u016bsu \u0101das PH l\u012bdzsvaru.<\/span><\/span><\/p>","protected":false},"excerpt":{"rendered":"<p>CANAAN cleansing milk is perfect for daily use. It is designed to remove traces of make-up and other impurities<\/p>","protected":false},"featured_media":28543,"comment_status":"open","ping_status":"closed","template":"","meta":[],"product_brand":[],"product_cat":[2211,2200,2215],"product_tag":[3000,2891,2995,3002,2244,2243,3001,2245,2997],"class_list":{"0":"post-28542","1":"product","2":"type-product","3":"status-publish","4":"has-post-thumbnail","6":"product_cat-mazgasanas-un-attirisanas-produkti","7":"product_cat-sejas-kopsanas-lidzekli","8":"product_cat-visi-produkti","9":"product_tag-attiross-pienins-normalai-vai-taukainai-adai","10":"product_tag-canaan","11":"product_tag-canaan-mineralsampherbs","12":"product_tag-cleanser-milk-for-normal-to-oily-skin","13":"product_tag-israel","14":"product_tag-izraela","15":"product_tag-piens-sejai","16":"product_tag-2245","17":"product_tag-2997","18":"pa_brand_nc-canaan-mineralsampherbs","19":"pa_ean_nc-3972","21":"first","22":"instock","23":"sale","24":"taxable","25":"shipping-taxable","26":"purchasable","27":"product-type-simple"},"yoast_head":"<!-- This site is optimized with the Yoast SEO plugin v23.9 - https:\/\/yoast.com\/wordpress\/plugins\/seo\/ -->\n<title>Att\u012bro\u0161s pieni\u0146\u0161 norm\u0101lai vai taukainai \u0101dai<\/title>\n<meta name=\"description\" content=\"CANNAAN t\u012br\u012b\u0161anas pieni\u0146\u0161 ir lieliski piem\u0113rots ikdienas lieto\u0161anai. Tas ir izstr\u0101d\u0101ts, lai no\u0146emtu dekorat\u012bv\u0101s kosm\u0113tikas atst\u0101t\u0101s p\u0113das un citus piemais\u012bjumus un l\u012bdzsvarotu taukain\u012bbu.\" \/>\n<meta name=\"robots\" content=\"index, follow, max-snippet:-1, max-image-preview:large, max-video-preview:-1\" \/>\n<link rel=\"canonical\" href=\"https:\/\/women.lv\/en\/product\/canaan-minerals-and-herbs-sejas-piens-taukainai-adai\/\" \/>\n<meta property=\"og:locale\" content=\"en_GB\" \/>\n<meta property=\"og:type\" content=\"article\" \/>\n<meta property=\"og:title\" content=\"Att\u012bro\u0161s pieni\u0146\u0161 norm\u0101lai vai taukainai \u0101dai\" \/>\n<meta property=\"og:description\" content=\"CANNAAN t\u012br\u012b\u0161anas pieni\u0146\u0161 ir lieliski piem\u0113rots ikdienas lieto\u0161anai. Tas ir izstr\u0101d\u0101ts, lai no\u0146emtu dekorat\u012bv\u0101s kosm\u0113tikas atst\u0101t\u0101s p\u0113das un citus piemais\u012bjumus un l\u012bdzsvarotu taukain\u012bbu.\" \/>\n<meta property=\"og:url\" content=\"https:\/\/women.lv\/en\/product\/canaan-minerals-and-herbs-sejas-piens-taukainai-adai\/\" \/>\n<meta property=\"og:site_name\" content=\"Women Veikals\" \/>\n<meta property=\"article:modified_time\" content=\"2025-11-05T13:26:06+00:00\" \/>\n<meta property=\"og:image\" content=\"https:\/\/women.lv\/wp-content\/uploads\/nc\/catalog\/CHiC\/CANAAN-Mineral-Herbs\/canaan-cleansing-milk-oily-skin.jpg\" \/>\n\t<meta property=\"og:image:width\" content=\"1024\" \/>\n\t<meta property=\"og:image:height\" content=\"1024\" \/>\n\t<meta property=\"og:image:type\" content=\"image\/jpeg\" \/>\n<meta name=\"twitter:card\" content=\"summary_large_image\" \/>\n<script type=\"application\/ld+json\" class=\"yoast-schema-graph\">{\"@context\":\"https:\/\/schema.org\",\"@graph\":[{\"@type\":\"WebPage\",\"@id\":\"https:\/\/women.lv\/product\/canaan-minerals-and-herbs-sejas-piens-taukainai-adai\/\",\"url\":\"https:\/\/women.lv\/product\/canaan-minerals-and-herbs-sejas-piens-taukainai-adai\/\",\"name\":\"Att\u012bro\u0161s pieni\u0146\u0161 norm\u0101lai vai taukainai \u0101dai\",\"isPartOf\":{\"@id\":\"https:\/\/women.lv\/#website\"},\"primaryImageOfPage\":{\"@id\":\"https:\/\/women.lv\/product\/canaan-minerals-and-herbs-sejas-piens-taukainai-adai\/#primaryimage\"},\"image\":{\"@id\":\"https:\/\/women.lv\/product\/canaan-minerals-and-herbs-sejas-piens-taukainai-adai\/#primaryimage\"},\"thumbnailUrl\":\"https:\/\/women.lv\/wp-content\/uploads\/nc\/catalog\/CHiC\/CANAAN-Mineral-Herbs\/canaan-cleansing-milk-oily-skin.jpg\",\"datePublished\":\"2020-07-28T16:03:23+00:00\",\"dateModified\":\"2025-11-05T13:26:06+00:00\",\"description\":\"CANNAAN t\u012br\u012b\u0161anas pieni\u0146\u0161 ir lieliski piem\u0113rots ikdienas lieto\u0161anai. Tas ir izstr\u0101d\u0101ts, lai no\u0146emtu dekorat\u012bv\u0101s kosm\u0113tikas atst\u0101t\u0101s p\u0113das un citus piemais\u012bjumus un l\u012bdzsvarotu taukain\u012bbu.\",\"breadcrumb\":{\"@id\":\"https:\/\/women.lv\/product\/canaan-minerals-and-herbs-sejas-piens-taukainai-adai\/#breadcrumb\"},\"inLanguage\":\"en-GB\",\"potentialAction\":[{\"@type\":\"ReadAction\",\"target\":[\"https:\/\/women.lv\/product\/canaan-minerals-and-herbs-sejas-piens-taukainai-adai\/\"]}]},{\"@type\":\"ImageObject\",\"inLanguage\":\"en-GB\",\"@id\":\"https:\/\/women.lv\/product\/canaan-minerals-and-herbs-sejas-piens-taukainai-adai\/#primaryimage\",\"url\":\"https:\/\/women.lv\/wp-content\/uploads\/nc\/catalog\/CHiC\/CANAAN-Mineral-Herbs\/canaan-cleansing-milk-oily-skin.jpg\",\"contentUrl\":\"https:\/\/women.lv\/wp-content\/uploads\/nc\/catalog\/CHiC\/CANAAN-Mineral-Herbs\/canaan-cleansing-milk-oily-skin.jpg\",\"width\":1024,\"height\":1024,\"caption\":\"Att\u012bro\u0161s pieni\u0146\u0161 norm\u0101lai vai taukainai \u0101dai\"},{\"@type\":\"BreadcrumbList\",\"@id\":\"https:\/\/women.lv\/product\/canaan-minerals-and-herbs-sejas-piens-taukainai-adai\/#breadcrumb\",\"itemListElement\":[{\"@type\":\"ListItem\",\"position\":1,\"name\":\"Home\",\"item\":\"https:\/\/women.lv\/\"},{\"@type\":\"ListItem\",\"position\":2,\"name\":\"Products\",\"item\":\"https:\/\/women.lv\/en\/shop\/\"},{\"@type\":\"ListItem\",\"position\":3,\"name\":\"Att\u012bro\u0161s pieni\u0146\u0161 norm\u0101lai vai taukainai \u0101dai\"}]},{\"@type\":\"WebSite\",\"@id\":\"https:\/\/women.lv\/#website\",\"url\":\"https:\/\/women.lv\/\",\"name\":\"Women Veikals\",\"description\":\"Uzdr\u012bksties b\u016bt skaista\",\"potentialAction\":[{\"@type\":\"SearchAction\",\"target\":{\"@type\":\"EntryPoint\",\"urlTemplate\":\"https:\/\/women.lv\/?s={search_term_string}\"},\"query-input\":{\"@type\":\"PropertyValueSpecification\",\"valueRequired\":true,\"valueName\":\"search_term_string\"}}],\"inLanguage\":\"en-GB\"}]}<\/script>\n<!-- \/ Yoast SEO plugin. -->","yoast_head_json":{"title":"Att\u012bro\u0161s pieni\u0146\u0161 norm\u0101lai vai taukainai \u0101dai","description":"CANNAAN t\u012br\u012b\u0161anas pieni\u0146\u0161 ir lieliski piem\u0113rots ikdienas lieto\u0161anai. Tas ir izstr\u0101d\u0101ts, lai no\u0146emtu dekorat\u012bv\u0101s kosm\u0113tikas atst\u0101t\u0101s p\u0113das un citus piemais\u012bjumus un l\u012bdzsvarotu taukain\u012bbu.","robots":{"index":"index","follow":"follow","max-snippet":"max-snippet:-1","max-image-preview":"max-image-preview:large","max-video-preview":"max-video-preview:-1"},"canonical":"https:\/\/women.lv\/en\/product\/canaan-minerals-and-herbs-sejas-piens-taukainai-adai\/","og_locale":"en_GB","og_type":"article","og_title":"Att\u012bro\u0161s pieni\u0146\u0161 norm\u0101lai vai taukainai \u0101dai","og_description":"CANNAAN t\u012br\u012b\u0161anas pieni\u0146\u0161 ir lieliski piem\u0113rots ikdienas lieto\u0161anai. Tas ir izstr\u0101d\u0101ts, lai no\u0146emtu dekorat\u012bv\u0101s kosm\u0113tikas atst\u0101t\u0101s p\u0113das un citus piemais\u012bjumus un l\u012bdzsvarotu taukain\u012bbu.","og_url":"https:\/\/women.lv\/en\/product\/canaan-minerals-and-herbs-sejas-piens-taukainai-adai\/","og_site_name":"Women Veikals","article_modified_time":"2025-11-05T13:26:06+00:00","og_image":[{"width":1024,"height":1024,"url":"https:\/\/women.lv\/wp-content\/uploads\/nc\/catalog\/CHiC\/CANAAN-Mineral-Herbs\/canaan-cleansing-milk-oily-skin.jpg","type":"image\/jpeg"}],"twitter_card":"summary_large_image","schema":{"@context":"https:\/\/schema.org","@graph":[{"@type":"WebPage","@id":"https:\/\/women.lv\/product\/canaan-minerals-and-herbs-sejas-piens-taukainai-adai\/","url":"https:\/\/women.lv\/product\/canaan-minerals-and-herbs-sejas-piens-taukainai-adai\/","name":"Att\u012bro\u0161s pieni\u0146\u0161 norm\u0101lai vai taukainai \u0101dai","isPartOf":{"@id":"https:\/\/women.lv\/#website"},"primaryImageOfPage":{"@id":"https:\/\/women.lv\/product\/canaan-minerals-and-herbs-sejas-piens-taukainai-adai\/#primaryimage"},"image":{"@id":"https:\/\/women.lv\/product\/canaan-minerals-and-herbs-sejas-piens-taukainai-adai\/#primaryimage"},"thumbnailUrl":"https:\/\/women.lv\/wp-content\/uploads\/nc\/catalog\/CHiC\/CANAAN-Mineral-Herbs\/canaan-cleansing-milk-oily-skin.jpg","datePublished":"2020-07-28T16:03:23+00:00","dateModified":"2025-11-05T13:26:06+00:00","description":"CANNAAN t\u012br\u012b\u0161anas pieni\u0146\u0161 ir lieliski piem\u0113rots ikdienas lieto\u0161anai. Tas ir izstr\u0101d\u0101ts, lai no\u0146emtu dekorat\u012bv\u0101s kosm\u0113tikas atst\u0101t\u0101s p\u0113das un citus piemais\u012bjumus un l\u012bdzsvarotu taukain\u012bbu.","breadcrumb":{"@id":"https:\/\/women.lv\/product\/canaan-minerals-and-herbs-sejas-piens-taukainai-adai\/#breadcrumb"},"inLanguage":"en-GB","potentialAction":[{"@type":"ReadAction","target":["https:\/\/women.lv\/product\/canaan-minerals-and-herbs-sejas-piens-taukainai-adai\/"]}]},{"@type":"ImageObject","inLanguage":"en-GB","@id":"https:\/\/women.lv\/product\/canaan-minerals-and-herbs-sejas-piens-taukainai-adai\/#primaryimage","url":"https:\/\/women.lv\/wp-content\/uploads\/nc\/catalog\/CHiC\/CANAAN-Mineral-Herbs\/canaan-cleansing-milk-oily-skin.jpg","contentUrl":"https:\/\/women.lv\/wp-content\/uploads\/nc\/catalog\/CHiC\/CANAAN-Mineral-Herbs\/canaan-cleansing-milk-oily-skin.jpg","width":1024,"height":1024,"caption":"Att\u012bro\u0161s pieni\u0146\u0161 norm\u0101lai vai taukainai \u0101dai"},{"@type":"BreadcrumbList","@id":"https:\/\/women.lv\/product\/canaan-minerals-and-herbs-sejas-piens-taukainai-adai\/#breadcrumb","itemListElement":[{"@type":"ListItem","position":1,"name":"Home","item":"https:\/\/women.lv\/"},{"@type":"ListItem","position":2,"name":"Products","item":"https:\/\/women.lv\/en\/shop\/"},{"@type":"ListItem","position":3,"name":"Att\u012bro\u0161s pieni\u0146\u0161 norm\u0101lai vai taukainai \u0101dai"}]},{"@type":"WebSite","@id":"https:\/\/women.lv\/#website","url":"https:\/\/women.lv\/","name":"Women Veikals","description":"Uzdr\u012bksties b\u016bt skaista","potentialAction":[{"@type":"SearchAction","target":{"@type":"EntryPoint","urlTemplate":"https:\/\/women.lv\/?s={search_term_string}"},"query-input":{"@type":"PropertyValueSpecification","valueRequired":true,"valueName":"search_term_string"}}],"inLanguage":"en-GB"}]}},"_links":{"self":[{"href":"https:\/\/women.lv\/en\/wp-json\/wp\/v2\/product\/28542","targetHints":{"allow":["GET"]}}],"collection":[{"href":"https:\/\/women.lv\/en\/wp-json\/wp\/v2\/product"}],"about":[{"href":"https:\/\/women.lv\/en\/wp-json\/wp\/v2\/types\/product"}],"replies":[{"embeddable":true,"href":"https:\/\/women.lv\/en\/wp-json\/wp\/v2\/comments?post=28542"}],"version-history":[{"count":1,"href":"https:\/\/women.lv\/en\/wp-json\/wp\/v2\/product\/28542\/revisions"}],"predecessor-version":[{"id":29741,"href":"https:\/\/women.lv\/en\/wp-json\/wp\/v2\/product\/28542\/revisions\/29741"}],"wp:featuredmedia":[{"embeddable":true,"href":"https:\/\/women.lv\/en\/wp-json\/wp\/v2\/media\/28543"}],"wp:attachment":[{"href":"https:\/\/women.lv\/en\/wp-json\/wp\/v2\/media?parent=28542"}],"wp:term":[{"taxonomy":"product_brand","embeddable":true,"href":"https:\/\/women.lv\/en\/wp-json\/wp\/v2\/product_brand?post=28542"},{"taxonomy":"product_cat","embeddable":true,"href":"https:\/\/women.lv\/en\/wp-json\/wp\/v2\/product_cat?post=28542"},{"taxonomy":"product_tag","embeddable":true,"href":"https:\/\/women.lv\/en\/wp-json\/wp\/v2\/product_tag?post=28542"}],"curies":[{"name":"wp","href":"https:\/\/api.w.org\/{rel}","templated":true}]}}