{"id":28540,"date":"2020-07-28T15:47:15","date_gmt":"2020-07-28T15:47:15","guid":{"rendered":"https:\/\/women.lv\/?product=attiross-pienins-normalai-vai-sausai-adai"},"modified":"2025-11-05T13:26:06","modified_gmt":"2025-11-05T13:26:06","slug":"canaan-mineral-and-herbs-sejas-tirisanas-piens-sausai-adai","status":"publish","type":"product","link":"https:\/\/women.lv\/en\/product\/canaan-mineral-and-herbs-sejas-tirisanas-piens-sausai-adai\/","title":{"rendered":"Cleansing milk for normal or dry skin"},"content":{"rendered":"<p><span style=\"font-family: Helvetica; font-size: 18px;\">CANAAN Facial Cleansing Milk is specially designed<b> for sensitive as well as dry skin<\/b>.<\/span><span style=\"font-family: Helvetica;\"><span style=\"font-size: 18px;\">\u00a0Tas ir izstr\u0101d\u0101ts, lai no\u0146emtu dekorat\u012bv\u0101s kosm\u0113tikas atst\u0101t\u0101s p\u0113das un citus piemais\u012bjumus, kas nok\u013c\u016bst \u0101d\u0101. \u0160is jaud\u012bgais, tom\u0113r maigais sejas t\u012br\u012b\u0161anas l\u012bdzeklis ir ide\u0101ls pirmais solis ikdienas \u0101das kop\u0161anas rut\u012bn\u0101, un, t\u0101 k\u0101 tas ir bag\u0101tin\u0101ts ar Canaan unik\u0101lo CSE Complex \u2122, tas pal\u012bdz\u0113s saglab\u0101t j\u016bsu \u0101das PH l\u012bdzsvaru.<\/span><\/span><\/p>","protected":false},"excerpt":{"rendered":"<p>CANAAN Facial Cleansing Milk is specially designed for sensitive as well as dry skin. It is designed to remove traces of make-up<\/p>","protected":false},"featured_media":28541,"comment_status":"open","ping_status":"closed","template":"","meta":[],"product_brand":[],"product_cat":[2211,2200,2215],"product_tag":[2996,2891,2995,2998,2244,2243,2245,2997],"class_list":{"0":"post-28540","1":"product","2":"type-product","3":"status-publish","4":"has-post-thumbnail","6":"product_cat-mazgasanas-un-attirisanas-produkti","7":"product_cat-sejas-kopsanas-lidzekli","8":"product_cat-visi-produkti","9":"product_tag-attiross-pienins-normalai-vai-sausai-adai","10":"product_tag-canaan","11":"product_tag-canaan-mineralsampherbs","12":"product_tag-cleanser-milk-for-normal-to-dry-skin","13":"product_tag-israel","14":"product_tag-izraela","15":"product_tag-2245","16":"product_tag-2997","17":"pa_brand_nc-canaan-mineralsampherbs","18":"pa_ean_nc-3971","20":"first","21":"instock","22":"sale","23":"taxable","24":"shipping-taxable","25":"purchasable","26":"product-type-simple"},"yoast_head":"<!-- This site is optimized with the Yoast SEO plugin v23.9 - https:\/\/yoast.com\/wordpress\/plugins\/seo\/ -->\n<title>Att\u012bro\u0161s pieni\u0146\u0161 norm\u0101lai vai sausai \u0101dai<\/title>\n<meta name=\"description\" content=\"\u0160is jaud\u012bgais, tom\u0113r maigais sejas t\u012br\u012b\u0161anas l\u012bdzeklis ir ide\u0101ls pirmais solis ikdienas \u0101das kop\u0161anas rut\u012bn\u0101, un, t\u0101 k\u0101 tas ir bag\u0101tin\u0101ts ar Canaan unik\u0101lo CSE Complex \u2122, tas pal\u012bdz\u0113s saglab\u0101t j\u016bsu \u0101das PH l\u012bdzsvaru.\" \/>\n<meta name=\"robots\" content=\"index, follow, max-snippet:-1, max-image-preview:large, max-video-preview:-1\" \/>\n<link rel=\"canonical\" href=\"http:\/\/women.lv\/en\/product\/canaan-mineral-and-herbs-sejas-tirisanas-piens-sausai-adai\/\" \/>\n<meta property=\"og:locale\" content=\"en_GB\" \/>\n<meta property=\"og:type\" content=\"article\" \/>\n<meta property=\"og:title\" content=\"Att\u012bro\u0161s pieni\u0146\u0161 norm\u0101lai vai sausai \u0101dai\" \/>\n<meta property=\"og:description\" content=\"\u0160is jaud\u012bgais, tom\u0113r maigais sejas t\u012br\u012b\u0161anas l\u012bdzeklis ir ide\u0101ls pirmais solis ikdienas \u0101das kop\u0161anas rut\u012bn\u0101, un, t\u0101 k\u0101 tas ir bag\u0101tin\u0101ts ar Canaan unik\u0101lo CSE Complex \u2122, tas pal\u012bdz\u0113s saglab\u0101t j\u016bsu \u0101das PH l\u012bdzsvaru.\" \/>\n<meta property=\"og:url\" content=\"http:\/\/women.lv\/en\/product\/canaan-mineral-and-herbs-sejas-tirisanas-piens-sausai-adai\/\" \/>\n<meta property=\"og:site_name\" content=\"Women Veikals\" \/>\n<meta property=\"article:modified_time\" content=\"2025-11-05T13:26:06+00:00\" \/>\n<meta property=\"og:image\" content=\"https:\/\/women.lv\/wp-content\/uploads\/nc\/catalog\/CHiC\/CANAAN-Mineral-Herbs\/canaan-cleansing-milk-dry-skin.jpg\" \/>\n\t<meta property=\"og:image:width\" content=\"819\" \/>\n\t<meta property=\"og:image:height\" content=\"819\" \/>\n\t<meta property=\"og:image:type\" content=\"image\/jpeg\" \/>\n<meta name=\"twitter:card\" content=\"summary_large_image\" \/>\n<script type=\"application\/ld+json\" class=\"yoast-schema-graph\">{\"@context\":\"https:\/\/schema.org\",\"@graph\":[{\"@type\":\"WebPage\",\"@id\":\"http:\/\/women.lv\/en\/product\/canaan-mineral-and-herbs-sejas-tirisanas-piens-sausai-adai\/\",\"url\":\"http:\/\/women.lv\/en\/product\/canaan-mineral-and-herbs-sejas-tirisanas-piens-sausai-adai\/\",\"name\":\"Att\u012bro\u0161s pieni\u0146\u0161 norm\u0101lai vai sausai \u0101dai\",\"isPartOf\":{\"@id\":\"https:\/\/women.lv\/#website\"},\"primaryImageOfPage\":{\"@id\":\"http:\/\/women.lv\/en\/product\/canaan-mineral-and-herbs-sejas-tirisanas-piens-sausai-adai\/#primaryimage\"},\"image\":{\"@id\":\"http:\/\/women.lv\/en\/product\/canaan-mineral-and-herbs-sejas-tirisanas-piens-sausai-adai\/#primaryimage\"},\"thumbnailUrl\":\"https:\/\/women.lv\/wp-content\/uploads\/nc\/catalog\/CHiC\/CANAAN-Mineral-Herbs\/canaan-cleansing-milk-dry-skin.jpg\",\"datePublished\":\"2020-07-28T15:47:15+00:00\",\"dateModified\":\"2025-11-05T13:26:06+00:00\",\"description\":\"\u0160is jaud\u012bgais, tom\u0113r maigais sejas t\u012br\u012b\u0161anas l\u012bdzeklis ir ide\u0101ls pirmais solis ikdienas \u0101das kop\u0161anas rut\u012bn\u0101, un, t\u0101 k\u0101 tas ir bag\u0101tin\u0101ts ar Canaan unik\u0101lo CSE Complex \u2122, tas pal\u012bdz\u0113s saglab\u0101t j\u016bsu \u0101das PH l\u012bdzsvaru.\",\"breadcrumb\":{\"@id\":\"http:\/\/women.lv\/en\/product\/canaan-mineral-and-herbs-sejas-tirisanas-piens-sausai-adai\/#breadcrumb\"},\"inLanguage\":\"en-GB\",\"potentialAction\":[{\"@type\":\"ReadAction\",\"target\":[\"http:\/\/women.lv\/en\/product\/canaan-mineral-and-herbs-sejas-tirisanas-piens-sausai-adai\/\"]}]},{\"@type\":\"ImageObject\",\"inLanguage\":\"en-GB\",\"@id\":\"http:\/\/women.lv\/en\/product\/canaan-mineral-and-herbs-sejas-tirisanas-piens-sausai-adai\/#primaryimage\",\"url\":\"https:\/\/women.lv\/wp-content\/uploads\/nc\/catalog\/CHiC\/CANAAN-Mineral-Herbs\/canaan-cleansing-milk-dry-skin.jpg\",\"contentUrl\":\"https:\/\/women.lv\/wp-content\/uploads\/nc\/catalog\/CHiC\/CANAAN-Mineral-Herbs\/canaan-cleansing-milk-dry-skin.jpg\",\"width\":819,\"height\":819,\"caption\":\"Att\u012bro\u0161s pieni\u0146\u0161 norm\u0101lai vai sausai \u0101dai\"},{\"@type\":\"BreadcrumbList\",\"@id\":\"http:\/\/women.lv\/en\/product\/canaan-mineral-and-herbs-sejas-tirisanas-piens-sausai-adai\/#breadcrumb\",\"itemListElement\":[{\"@type\":\"ListItem\",\"position\":1,\"name\":\"Home\",\"item\":\"https:\/\/women.lv\/\"},{\"@type\":\"ListItem\",\"position\":2,\"name\":\"Products\",\"item\":\"https:\/\/women.lv\/en\/shop\/\"},{\"@type\":\"ListItem\",\"position\":3,\"name\":\"Att\u012bro\u0161s pieni\u0146\u0161 norm\u0101lai vai sausai \u0101dai\"}]},{\"@type\":\"WebSite\",\"@id\":\"https:\/\/women.lv\/#website\",\"url\":\"https:\/\/women.lv\/\",\"name\":\"Women Veikals\",\"description\":\"Uzdr\u012bksties b\u016bt skaista\",\"potentialAction\":[{\"@type\":\"SearchAction\",\"target\":{\"@type\":\"EntryPoint\",\"urlTemplate\":\"https:\/\/women.lv\/?s={search_term_string}\"},\"query-input\":{\"@type\":\"PropertyValueSpecification\",\"valueRequired\":true,\"valueName\":\"search_term_string\"}}],\"inLanguage\":\"en-GB\"}]}<\/script>\n<!-- \/ Yoast SEO plugin. -->","yoast_head_json":{"title":"Att\u012bro\u0161s pieni\u0146\u0161 norm\u0101lai vai sausai \u0101dai","description":"\u0160is jaud\u012bgais, tom\u0113r maigais sejas t\u012br\u012b\u0161anas l\u012bdzeklis ir ide\u0101ls pirmais solis ikdienas \u0101das kop\u0161anas rut\u012bn\u0101, un, t\u0101 k\u0101 tas ir bag\u0101tin\u0101ts ar Canaan unik\u0101lo CSE Complex \u2122, tas pal\u012bdz\u0113s saglab\u0101t j\u016bsu \u0101das PH l\u012bdzsvaru.","robots":{"index":"index","follow":"follow","max-snippet":"max-snippet:-1","max-image-preview":"max-image-preview:large","max-video-preview":"max-video-preview:-1"},"canonical":"http:\/\/women.lv\/en\/product\/canaan-mineral-and-herbs-sejas-tirisanas-piens-sausai-adai\/","og_locale":"en_GB","og_type":"article","og_title":"Att\u012bro\u0161s pieni\u0146\u0161 norm\u0101lai vai sausai \u0101dai","og_description":"\u0160is jaud\u012bgais, tom\u0113r maigais sejas t\u012br\u012b\u0161anas l\u012bdzeklis ir ide\u0101ls pirmais solis ikdienas \u0101das kop\u0161anas rut\u012bn\u0101, un, t\u0101 k\u0101 tas ir bag\u0101tin\u0101ts ar Canaan unik\u0101lo CSE Complex \u2122, tas pal\u012bdz\u0113s saglab\u0101t j\u016bsu \u0101das PH l\u012bdzsvaru.","og_url":"http:\/\/women.lv\/en\/product\/canaan-mineral-and-herbs-sejas-tirisanas-piens-sausai-adai\/","og_site_name":"Women Veikals","article_modified_time":"2025-11-05T13:26:06+00:00","og_image":[{"width":819,"height":819,"url":"https:\/\/women.lv\/wp-content\/uploads\/nc\/catalog\/CHiC\/CANAAN-Mineral-Herbs\/canaan-cleansing-milk-dry-skin.jpg","type":"image\/jpeg"}],"twitter_card":"summary_large_image","schema":{"@context":"https:\/\/schema.org","@graph":[{"@type":"WebPage","@id":"http:\/\/women.lv\/en\/product\/canaan-mineral-and-herbs-sejas-tirisanas-piens-sausai-adai\/","url":"http:\/\/women.lv\/en\/product\/canaan-mineral-and-herbs-sejas-tirisanas-piens-sausai-adai\/","name":"Att\u012bro\u0161s pieni\u0146\u0161 norm\u0101lai vai sausai \u0101dai","isPartOf":{"@id":"https:\/\/women.lv\/#website"},"primaryImageOfPage":{"@id":"http:\/\/women.lv\/en\/product\/canaan-mineral-and-herbs-sejas-tirisanas-piens-sausai-adai\/#primaryimage"},"image":{"@id":"http:\/\/women.lv\/en\/product\/canaan-mineral-and-herbs-sejas-tirisanas-piens-sausai-adai\/#primaryimage"},"thumbnailUrl":"https:\/\/women.lv\/wp-content\/uploads\/nc\/catalog\/CHiC\/CANAAN-Mineral-Herbs\/canaan-cleansing-milk-dry-skin.jpg","datePublished":"2020-07-28T15:47:15+00:00","dateModified":"2025-11-05T13:26:06+00:00","description":"\u0160is jaud\u012bgais, tom\u0113r maigais sejas t\u012br\u012b\u0161anas l\u012bdzeklis ir ide\u0101ls pirmais solis ikdienas \u0101das kop\u0161anas rut\u012bn\u0101, un, t\u0101 k\u0101 tas ir bag\u0101tin\u0101ts ar Canaan unik\u0101lo CSE Complex \u2122, tas pal\u012bdz\u0113s saglab\u0101t j\u016bsu \u0101das PH l\u012bdzsvaru.","breadcrumb":{"@id":"http:\/\/women.lv\/en\/product\/canaan-mineral-and-herbs-sejas-tirisanas-piens-sausai-adai\/#breadcrumb"},"inLanguage":"en-GB","potentialAction":[{"@type":"ReadAction","target":["http:\/\/women.lv\/en\/product\/canaan-mineral-and-herbs-sejas-tirisanas-piens-sausai-adai\/"]}]},{"@type":"ImageObject","inLanguage":"en-GB","@id":"http:\/\/women.lv\/en\/product\/canaan-mineral-and-herbs-sejas-tirisanas-piens-sausai-adai\/#primaryimage","url":"https:\/\/women.lv\/wp-content\/uploads\/nc\/catalog\/CHiC\/CANAAN-Mineral-Herbs\/canaan-cleansing-milk-dry-skin.jpg","contentUrl":"https:\/\/women.lv\/wp-content\/uploads\/nc\/catalog\/CHiC\/CANAAN-Mineral-Herbs\/canaan-cleansing-milk-dry-skin.jpg","width":819,"height":819,"caption":"Att\u012bro\u0161s pieni\u0146\u0161 norm\u0101lai vai sausai \u0101dai"},{"@type":"BreadcrumbList","@id":"http:\/\/women.lv\/en\/product\/canaan-mineral-and-herbs-sejas-tirisanas-piens-sausai-adai\/#breadcrumb","itemListElement":[{"@type":"ListItem","position":1,"name":"Home","item":"https:\/\/women.lv\/"},{"@type":"ListItem","position":2,"name":"Products","item":"https:\/\/women.lv\/en\/shop\/"},{"@type":"ListItem","position":3,"name":"Att\u012bro\u0161s pieni\u0146\u0161 norm\u0101lai vai sausai \u0101dai"}]},{"@type":"WebSite","@id":"https:\/\/women.lv\/#website","url":"https:\/\/women.lv\/","name":"Women Veikals","description":"Uzdr\u012bksties b\u016bt skaista","potentialAction":[{"@type":"SearchAction","target":{"@type":"EntryPoint","urlTemplate":"https:\/\/women.lv\/?s={search_term_string}"},"query-input":{"@type":"PropertyValueSpecification","valueRequired":true,"valueName":"search_term_string"}}],"inLanguage":"en-GB"}]}},"_links":{"self":[{"href":"https:\/\/women.lv\/en\/wp-json\/wp\/v2\/product\/28540","targetHints":{"allow":["GET"]}}],"collection":[{"href":"https:\/\/women.lv\/en\/wp-json\/wp\/v2\/product"}],"about":[{"href":"https:\/\/women.lv\/en\/wp-json\/wp\/v2\/types\/product"}],"replies":[{"embeddable":true,"href":"https:\/\/women.lv\/en\/wp-json\/wp\/v2\/comments?post=28540"}],"version-history":[{"count":2,"href":"https:\/\/women.lv\/en\/wp-json\/wp\/v2\/product\/28540\/revisions"}],"predecessor-version":[{"id":29738,"href":"https:\/\/women.lv\/en\/wp-json\/wp\/v2\/product\/28540\/revisions\/29738"}],"wp:featuredmedia":[{"embeddable":true,"href":"https:\/\/women.lv\/en\/wp-json\/wp\/v2\/media\/28541"}],"wp:attachment":[{"href":"https:\/\/women.lv\/en\/wp-json\/wp\/v2\/media?parent=28540"}],"wp:term":[{"taxonomy":"product_brand","embeddable":true,"href":"https:\/\/women.lv\/en\/wp-json\/wp\/v2\/product_brand?post=28540"},{"taxonomy":"product_cat","embeddable":true,"href":"https:\/\/women.lv\/en\/wp-json\/wp\/v2\/product_cat?post=28540"},{"taxonomy":"product_tag","embeddable":true,"href":"https:\/\/women.lv\/en\/wp-json\/wp\/v2\/product_tag?post=28540"}],"curies":[{"name":"wp","href":"https:\/\/api.w.org\/{rel}","templated":true}]}}