{"id":28538,"date":"2020-07-27T15:10:58","date_gmt":"2020-07-27T15:10:58","guid":{"rendered":"https:\/\/women.lv\/?product=barojoss-adas-krems"},"modified":"2025-11-05T13:26:06","modified_gmt":"2025-11-05T13:26:06","slug":"pure-mineral-barojoss-adas-krems","status":"publish","type":"product","link":"https:\/\/women.lv\/en\/product\/pure-mineral-barojoss-adas-krems\/","title":{"rendered":"Nourishing skin cream"},"content":{"rendered":"<p><span style=\"font-family: Helvetica;\"><span style=\"font-size: 18px;\">Unik\u0101ls avokado e\u013c\u013cas un alvejas ekstrakta mais\u012bjums, kas stiprin\u0101ts ar N\u0101ves j\u016bras s\u0101\u013ciem, E vitam\u012bnu un cit\u0101m \u0113teriskaj\u0101m e\u013c\u013c\u0101m, nomierina, m\u012bkstina, baro un mitrina \u0101du k\u0101 neviens cits kr\u0113ms.<\/span><\/span><\/p>\n<ul>\n<li><span style=\"font-family: Helvetica;\"><span style=\"font-size: 18px;\">Ies\u016bcas dzi\u013ci saus\u0101 \u0101d\u0101. Optim\u0101ls mitrin\u0101\u0161anas l\u012bmenis.<\/span><\/span><\/li>\n<li><span style=\"font-family: Helvetica;\"><span style=\"font-size: 18px;\">Uzlabojiet \u0101du no iek\u0161puses un padariet j\u016bs vesel\u012bg\u0101ku un skaist\u0101ku!<\/span><\/span><\/li>\n<li><span style=\"font-family: Helvetica;\"><span style=\"font-size: 18px;\">For all skin types.<\/span><\/span><\/li>\n<\/ul>\n<p><span style=\"font-family: Helvetica;\"><span style=\"font-size: 18px;\"><b>Bez Parab\u0113niem.<\/b><\/span><\/span><\/p>","protected":false},"excerpt":{"rendered":"<p>A unique blend of avocado oil and aloe vera extract, fortified with Dead Sea salts, vitamin E and other essential oils, soothes,<\/p>","protected":false},"featured_media":28539,"comment_status":"open","ping_status":"closed","template":"","meta":[],"product_brand":[],"product_cat":[2208,2216,2215],"product_tag":[2990,2244,2243,2992,2294,2462,2245,2991],"class_list":{"0":"post-28538","1":"product","2":"type-product","3":"status-publish","4":"has-post-thumbnail","6":"product_cat-kermena-kopsanas-lidzekii","7":"product_cat-kermena-mitrinasana-un-barosana","8":"product_cat-visi-produkti","9":"product_tag-barojoss-adas-krems","10":"product_tag-israel","11":"product_tag-izraela","12":"product_tag-nourishing-booster-skin-cream","13":"product_tag-pure-mineral","14":"product_tag-purify","15":"product_tag-2245","16":"product_tag-2991","17":"pa_brand_nc-pure-mineral","18":"pa_ean_nc-3970","20":"first","21":"instock","22":"sale","23":"taxable","24":"shipping-taxable","25":"purchasable","26":"product-type-simple"},"yoast_head":"<!-- This site is optimized with the Yoast SEO plugin v27.4 - https:\/\/yoast.com\/product\/yoast-seo-wordpress\/ -->\n<title>Barojo\u0161s \u0101das kr\u0113ms<\/title>\n<meta name=\"description\" content=\"Unik\u0101ls avokado e\u013c\u013cas un alvejas ekstrakta mais\u012bjums, kas stiprin\u0101ts ar N\u0101ves j\u016bras s\u0101\u013ciem, E vitam\u012bnu un cit\u0101m \u0113teriskaj\u0101m e\u013c\u013c\u0101m, nomierina, m\u012bkstina, baro un mitrina \u0101du k\u0101 neviens cits kr\u0113ms.\" \/>\n<meta name=\"robots\" content=\"index, follow, max-snippet:-1, max-image-preview:large, max-video-preview:-1\" \/>\n<link rel=\"canonical\" href=\"https:\/\/women.lv\/en\/product\/pure-mineral-barojoss-adas-krems\/\" \/>\n<meta property=\"og:locale\" content=\"en_GB\" \/>\n<meta property=\"og:type\" content=\"article\" \/>\n<meta property=\"og:title\" content=\"Barojo\u0161s \u0101das kr\u0113ms\" \/>\n<meta property=\"og:description\" content=\"Unik\u0101ls avokado e\u013c\u013cas un alvejas ekstrakta mais\u012bjums, kas stiprin\u0101ts ar N\u0101ves j\u016bras s\u0101\u013ciem, E vitam\u012bnu un cit\u0101m \u0113teriskaj\u0101m e\u013c\u013c\u0101m, nomierina, m\u012bkstina, baro un mitrina \u0101du k\u0101 neviens cits kr\u0113ms.\" \/>\n<meta property=\"og:url\" content=\"https:\/\/women.lv\/en\/product\/pure-mineral-barojoss-adas-krems\/\" \/>\n<meta property=\"og:site_name\" content=\"Women Veikals\" \/>\n<meta property=\"article:modified_time\" content=\"2025-11-05T13:26:06+00:00\" \/>\n<meta property=\"og:image\" content=\"https:\/\/women.lv\/wp-content\/uploads\/nc\/catalog\/Pure-Mineral\/Purify\/pm-skin-cream.jpg\" \/>\n\t<meta property=\"og:image:width\" content=\"500\" \/>\n\t<meta property=\"og:image:height\" content=\"500\" \/>\n\t<meta property=\"og:image:type\" content=\"image\/jpeg\" \/>\n<meta name=\"twitter:card\" content=\"summary_large_image\" \/>\n<script type=\"application\/ld+json\" class=\"yoast-schema-graph\">{\"@context\":\"https:\\\/\\\/schema.org\",\"@graph\":[{\"@type\":\"WebPage\",\"@id\":\"https:\\\/\\\/women.lv\\\/product\\\/pure-mineral-barojoss-adas-krems\\\/\",\"url\":\"https:\\\/\\\/women.lv\\\/product\\\/pure-mineral-barojoss-adas-krems\\\/\",\"name\":\"Barojo\u0161s \u0101das kr\u0113ms\",\"isPartOf\":{\"@id\":\"https:\\\/\\\/women.lv\\\/#website\"},\"primaryImageOfPage\":{\"@id\":\"https:\\\/\\\/women.lv\\\/product\\\/pure-mineral-barojoss-adas-krems\\\/#primaryimage\"},\"image\":{\"@id\":\"https:\\\/\\\/women.lv\\\/product\\\/pure-mineral-barojoss-adas-krems\\\/#primaryimage\"},\"thumbnailUrl\":\"https:\\\/\\\/women.lv\\\/wp-content\\\/uploads\\\/nc\\\/catalog\\\/Pure-Mineral\\\/Purify\\\/pm-skin-cream.jpg\",\"datePublished\":\"2020-07-27T15:10:58+00:00\",\"dateModified\":\"2025-11-05T13:26:06+00:00\",\"description\":\"Unik\u0101ls avokado e\u013c\u013cas un alvejas ekstrakta mais\u012bjums, kas stiprin\u0101ts ar N\u0101ves j\u016bras s\u0101\u013ciem, E vitam\u012bnu un cit\u0101m \u0113teriskaj\u0101m e\u013c\u013c\u0101m, nomierina, m\u012bkstina, baro un mitrina \u0101du k\u0101 neviens cits kr\u0113ms.\",\"breadcrumb\":{\"@id\":\"https:\\\/\\\/women.lv\\\/product\\\/pure-mineral-barojoss-adas-krems\\\/#breadcrumb\"},\"inLanguage\":\"en-GB\",\"potentialAction\":[{\"@type\":\"ReadAction\",\"target\":[\"https:\\\/\\\/women.lv\\\/product\\\/pure-mineral-barojoss-adas-krems\\\/\"]}]},{\"@type\":\"ImageObject\",\"inLanguage\":\"en-GB\",\"@id\":\"https:\\\/\\\/women.lv\\\/product\\\/pure-mineral-barojoss-adas-krems\\\/#primaryimage\",\"url\":\"https:\\\/\\\/women.lv\\\/wp-content\\\/uploads\\\/nc\\\/catalog\\\/Pure-Mineral\\\/Purify\\\/pm-skin-cream.jpg\",\"contentUrl\":\"https:\\\/\\\/women.lv\\\/wp-content\\\/uploads\\\/nc\\\/catalog\\\/Pure-Mineral\\\/Purify\\\/pm-skin-cream.jpg\",\"width\":500,\"height\":500,\"caption\":\"Barojo\u0161s \u0101das kr\u0113ms\"},{\"@type\":\"BreadcrumbList\",\"@id\":\"https:\\\/\\\/women.lv\\\/product\\\/pure-mineral-barojoss-adas-krems\\\/#breadcrumb\",\"itemListElement\":[{\"@type\":\"ListItem\",\"position\":1,\"name\":\"Home\",\"item\":\"https:\\\/\\\/women.lv\\\/\"},{\"@type\":\"ListItem\",\"position\":2,\"name\":\"Products\",\"item\":\"https:\\\/\\\/women.lv\\\/en\\\/shop\\\/\"},{\"@type\":\"ListItem\",\"position\":3,\"name\":\"Barojo\u0161s \u0101das kr\u0113ms\"}]},{\"@type\":\"WebSite\",\"@id\":\"https:\\\/\\\/women.lv\\\/#website\",\"url\":\"https:\\\/\\\/women.lv\\\/\",\"name\":\"Women Veikals\",\"description\":\"Uzdr\u012bksties b\u016bt skaista\",\"potentialAction\":[{\"@type\":\"SearchAction\",\"target\":{\"@type\":\"EntryPoint\",\"urlTemplate\":\"https:\\\/\\\/women.lv\\\/?s={search_term_string}\"},\"query-input\":{\"@type\":\"PropertyValueSpecification\",\"valueRequired\":true,\"valueName\":\"search_term_string\"}}],\"inLanguage\":\"en-GB\"}]}<\/script>\n<!-- \/ Yoast SEO plugin. -->","yoast_head_json":{"title":"Nourishing skin cream","description":"Unik\u0101ls avokado e\u013c\u013cas un alvejas ekstrakta mais\u012bjums, kas stiprin\u0101ts ar N\u0101ves j\u016bras s\u0101\u013ciem, E vitam\u012bnu un cit\u0101m \u0113teriskaj\u0101m e\u013c\u013c\u0101m, nomierina, m\u012bkstina, baro un mitrina \u0101du k\u0101 neviens cits kr\u0113ms.","robots":{"index":"index","follow":"follow","max-snippet":"max-snippet:-1","max-image-preview":"max-image-preview:large","max-video-preview":"max-video-preview:-1"},"canonical":"https:\/\/women.lv\/en\/product\/pure-mineral-barojoss-adas-krems\/","og_locale":"en_GB","og_type":"article","og_title":"Barojo\u0161s \u0101das kr\u0113ms","og_description":"Unik\u0101ls avokado e\u013c\u013cas un alvejas ekstrakta mais\u012bjums, kas stiprin\u0101ts ar N\u0101ves j\u016bras s\u0101\u013ciem, E vitam\u012bnu un cit\u0101m \u0113teriskaj\u0101m e\u013c\u013c\u0101m, nomierina, m\u012bkstina, baro un mitrina \u0101du k\u0101 neviens cits kr\u0113ms.","og_url":"https:\/\/women.lv\/en\/product\/pure-mineral-barojoss-adas-krems\/","og_site_name":"Women Veikals","article_modified_time":"2025-11-05T13:26:06+00:00","og_image":[{"width":500,"height":500,"url":"https:\/\/women.lv\/wp-content\/uploads\/nc\/catalog\/Pure-Mineral\/Purify\/pm-skin-cream.jpg","type":"image\/jpeg"}],"twitter_card":"summary_large_image","schema":{"@context":"https:\/\/schema.org","@graph":[{"@type":"WebPage","@id":"https:\/\/women.lv\/product\/pure-mineral-barojoss-adas-krems\/","url":"https:\/\/women.lv\/product\/pure-mineral-barojoss-adas-krems\/","name":"Nourishing skin cream","isPartOf":{"@id":"https:\/\/women.lv\/#website"},"primaryImageOfPage":{"@id":"https:\/\/women.lv\/product\/pure-mineral-barojoss-adas-krems\/#primaryimage"},"image":{"@id":"https:\/\/women.lv\/product\/pure-mineral-barojoss-adas-krems\/#primaryimage"},"thumbnailUrl":"https:\/\/women.lv\/wp-content\/uploads\/nc\/catalog\/Pure-Mineral\/Purify\/pm-skin-cream.jpg","datePublished":"2020-07-27T15:10:58+00:00","dateModified":"2025-11-05T13:26:06+00:00","description":"Unik\u0101ls avokado e\u013c\u013cas un alvejas ekstrakta mais\u012bjums, kas stiprin\u0101ts ar N\u0101ves j\u016bras s\u0101\u013ciem, E vitam\u012bnu un cit\u0101m \u0113teriskaj\u0101m e\u013c\u013c\u0101m, nomierina, m\u012bkstina, baro un mitrina \u0101du k\u0101 neviens cits kr\u0113ms.","breadcrumb":{"@id":"https:\/\/women.lv\/product\/pure-mineral-barojoss-adas-krems\/#breadcrumb"},"inLanguage":"en-GB","potentialAction":[{"@type":"ReadAction","target":["https:\/\/women.lv\/product\/pure-mineral-barojoss-adas-krems\/"]}]},{"@type":"ImageObject","inLanguage":"en-GB","@id":"https:\/\/women.lv\/product\/pure-mineral-barojoss-adas-krems\/#primaryimage","url":"https:\/\/women.lv\/wp-content\/uploads\/nc\/catalog\/Pure-Mineral\/Purify\/pm-skin-cream.jpg","contentUrl":"https:\/\/women.lv\/wp-content\/uploads\/nc\/catalog\/Pure-Mineral\/Purify\/pm-skin-cream.jpg","width":500,"height":500,"caption":"Barojo\u0161s \u0101das kr\u0113ms"},{"@type":"BreadcrumbList","@id":"https:\/\/women.lv\/product\/pure-mineral-barojoss-adas-krems\/#breadcrumb","itemListElement":[{"@type":"ListItem","position":1,"name":"Home","item":"https:\/\/women.lv\/"},{"@type":"ListItem","position":2,"name":"Products","item":"https:\/\/women.lv\/en\/shop\/"},{"@type":"ListItem","position":3,"name":"Barojo\u0161s \u0101das kr\u0113ms"}]},{"@type":"WebSite","@id":"https:\/\/women.lv\/#website","url":"https:\/\/women.lv\/","name":"Women Shop","description":"Uzdr\u012bksties b\u016bt skaista","potentialAction":[{"@type":"SearchAction","target":{"@type":"EntryPoint","urlTemplate":"https:\/\/women.lv\/?s={search_term_string}"},"query-input":{"@type":"PropertyValueSpecification","valueRequired":true,"valueName":"search_term_string"}}],"inLanguage":"en-GB"}]}},"_links":{"self":[{"href":"https:\/\/women.lv\/en\/wp-json\/wp\/v2\/product\/28538","targetHints":{"allow":["GET"]}}],"collection":[{"href":"https:\/\/women.lv\/en\/wp-json\/wp\/v2\/product"}],"about":[{"href":"https:\/\/women.lv\/en\/wp-json\/wp\/v2\/types\/product"}],"replies":[{"embeddable":true,"href":"https:\/\/women.lv\/en\/wp-json\/wp\/v2\/comments?post=28538"}],"version-history":[{"count":0,"href":"https:\/\/women.lv\/en\/wp-json\/wp\/v2\/product\/28538\/revisions"}],"wp:featuredmedia":[{"embeddable":true,"href":"https:\/\/women.lv\/en\/wp-json\/wp\/v2\/media\/28539"}],"wp:attachment":[{"href":"https:\/\/women.lv\/en\/wp-json\/wp\/v2\/media?parent=28538"}],"wp:term":[{"taxonomy":"product_brand","embeddable":true,"href":"https:\/\/women.lv\/en\/wp-json\/wp\/v2\/product_brand?post=28538"},{"taxonomy":"product_cat","embeddable":true,"href":"https:\/\/women.lv\/en\/wp-json\/wp\/v2\/product_cat?post=28538"},{"taxonomy":"product_tag","embeddable":true,"href":"https:\/\/women.lv\/en\/wp-json\/wp\/v2\/product_tag?post=28538"}],"curies":[{"name":"wp","href":"https:\/\/api.w.org\/{rel}","templated":true}]}}