{"id":28505,"date":"2020-07-24T12:36:22","date_gmt":"2020-07-24T12:36:22","guid":{"rendered":"https:\/\/women.lv\/?product=kermena-pilinga-zeleja"},"modified":"2025-12-06T18:41:16","modified_gmt":"2025-12-06T16:41:16","slug":"canaan-organic-kermena-pilinga-zeleja","status":"publish","type":"product","link":"https:\/\/women.lv\/en\/product\/canaan-organic-kermena-pilinga-zeleja\/","title":{"rendered":"Body peeling gel"},"content":{"rendered":"<p><span style=\"font-family: Helvetica;\"><span style=\"font-size: 18px;\">Palutiniet savu \u0137ermeni ar ener\u0123iju atjaunojo\u0161u proced\u016bru. T\u0101s maig\u0101, dab\u012bg\u0101 p\u012blinga darb\u012bba pal\u012bdz no\u0146emt atmiru\u0161\u0101s \u0101das \u0161\u016bnas un veicina jaunu \u0161\u016bnu veido\u0161anos bez kairino\u0161as iedarb\u012bbas. Izveidots k\u0101 organisks p\u012blings, tas satur apriko\u017eu s\u0113klu pulveri &#8211; \u013coti efekt\u012bvs, izl\u012bdzinot nevienm\u0113r\u012bgu \u0101das strukt\u016bru un stimul\u0113jot epidermu. Tas ir balst\u012bts uz m\u016bsu unik\u0101lo kompleksu, kas apvieno organisko ol\u012bve\u013c\u013cu, makadamijas riekstu e\u013c\u013cu un jojobas e\u013c\u013cu, kas darbojas, lai aizsarg\u0101tu \u0101du un apkarotu iekaisumu, atst\u0101jot to tvirt\u0101ku un elast\u012bg\u0101ku. Ikdienas lieto\u0161ana \u013caus jums justies atjaunotam un uzmundrin\u0101tam.<\/span><\/span><\/p>\n<ul>\n<li><span style=\"font-family: Helvetica;\"><span style=\"font-size: 18px;\">Organisk\u0101 kosm\u0113tika, ko sertific\u0113jusi ECOCERT<\/span><\/span><\/li>\n<li><span style=\"font-family: Helvetica;\"><span style=\"font-size: 18px;\">99,70% no vis\u0101m sast\u0101vda\u013c\u0101m ir dabiskas izcelsmes<\/span><\/span><\/li>\n<li><span style=\"font-family: Helvetica;\"><span style=\"font-size: 18px;\">46,00% no vis\u0101m sast\u0101vda\u013c\u0101m ir no biolo\u0123isk\u0101s lauksaimniec\u012bbas<\/span><\/span><\/li>\n<li><span style=\"font-family: Helvetica;\"><span style=\"font-size: 18px;\">T\u012bra biolo\u0123isk\u0101 ol\u012bve\u013c\u013ca, jojoba, makad\u0101mijas rieksti<\/span><\/span><\/li>\n<li><span style=\"font-family: Helvetica;\"><span style=\"font-size: 18px;\">Satur apriko\u017eu s\u0113klu pulveri<\/span><\/span><\/li>\n<\/ul>\n<p><span style=\"font-family: Helvetica;\"><span style=\"font-size: 18px;\"><b><span style=\"font-size: 18px;\">Dermatolo\u0123iski p\u0101rbaud\u012bts.<\/span><\/b><\/p>\n<p><span style=\"font-size: 18px;\">* Sast\u0101vs no biolo\u0123isk\u0101s lauksaimniec\u012bbas<\/span><\/span><\/span><\/p>","protected":false},"excerpt":{"rendered":"<p>Pamper your body with an energizing treatment. Its gentle, natural exfoliating action helps remove dead skin cells and promote new ones<\/p>","protected":false},"featured_media":28506,"comment_status":"open","ping_status":"closed","template":"","meta":[],"product_brand":[],"product_cat":[2208,2209,2231,2215],"product_tag":[2891,2921,2930,2244,2243,2928,2922,2927,2245,2929],"class_list":{"0":"post-28505","1":"product","2":"type-product","3":"status-publish","4":"has-post-thumbnail","6":"product_cat-kermena-kopsanas-lidzekii","7":"product_cat-mazgasana-un-attirisana","8":"product_cat-lv-on-sale","9":"product_cat-visi-produkti","10":"product_tag-canaan","11":"product_tag-canaan-organics","12":"product_tag-exfoliating-body-gel","13":"product_tag-israel","14":"product_tag-izraela","15":"product_tag-kermena-pilinga-zeleja","16":"product_tag-organic","17":"product_tag-organisks","18":"product_tag-2245","19":"product_tag-2929","20":"pa_brand_nc-canaan-organic","21":"pa_ean_nc-3955","23":"first","24":"instock","25":"sale","26":"taxable","27":"shipping-taxable","28":"purchasable","29":"product-type-simple"},"yoast_head":"<!-- This site is optimized with the Yoast SEO plugin v27.4 - https:\/\/yoast.com\/product\/yoast-seo-wordpress\/ -->\n<title>\u0136erme\u0146a p\u012blinga \u017eeleja<\/title>\n<meta name=\"description\" content=\"Palutiniet savu \u0137ermeni ar ener\u0123iju atjaunojo\u0161u proced\u016bru. T\u0101s maig\u0101, dab\u012bg\u0101 p\u012blinga darb\u012bba pal\u012bdz no\u0146emt atmiru\u0161\u0101s \u0101das \u0161\u016bnas un veicina jaunu \u0161\u016bnu veido\u0161anos bez kairino\u0161as iedarb\u012bbas.\" \/>\n<meta name=\"robots\" content=\"index, follow, max-snippet:-1, max-image-preview:large, max-video-preview:-1\" \/>\n<link rel=\"canonical\" href=\"https:\/\/women.lv\/en\/product\/canaan-organic-kermena-pilinga-zeleja\/\" \/>\n<meta property=\"og:locale\" content=\"en_GB\" \/>\n<meta property=\"og:type\" content=\"article\" \/>\n<meta property=\"og:title\" content=\"\u0136erme\u0146a p\u012blinga \u017eeleja\" \/>\n<meta property=\"og:description\" content=\"Palutiniet savu \u0137ermeni ar ener\u0123iju atjaunojo\u0161u proced\u016bru. T\u0101s maig\u0101, dab\u012bg\u0101 p\u012blinga darb\u012bba pal\u012bdz no\u0146emt atmiru\u0161\u0101s \u0101das \u0161\u016bnas un veicina jaunu \u0161\u016bnu veido\u0161anos bez kairino\u0161as iedarb\u012bbas.\" \/>\n<meta property=\"og:url\" content=\"https:\/\/women.lv\/en\/product\/canaan-organic-kermena-pilinga-zeleja\/\" \/>\n<meta property=\"og:site_name\" content=\"Women Veikals\" \/>\n<meta property=\"article:modified_time\" content=\"2025-12-06T16:41:16+00:00\" \/>\n<meta property=\"og:image\" content=\"https:\/\/women.lv\/wp-content\/uploads\/nc\/catalog\/CHiC\/Canaan-Organic\/exfoliating-body-gel.PNG\" \/>\n\t<meta property=\"og:image:width\" content=\"526\" \/>\n\t<meta property=\"og:image:height\" content=\"726\" \/>\n\t<meta property=\"og:image:type\" content=\"image\/png\" \/>\n<meta name=\"twitter:card\" content=\"summary_large_image\" \/>\n<meta name=\"twitter:label1\" content=\"Estimated reading time\" \/>\n\t<meta name=\"twitter:data1\" content=\"1 minute\" \/>\n<script type=\"application\/ld+json\" class=\"yoast-schema-graph\">{\"@context\":\"https:\\\/\\\/schema.org\",\"@graph\":[{\"@type\":\"WebPage\",\"@id\":\"https:\\\/\\\/women.lv\\\/product\\\/canaan-organic-kermena-pilinga-zeleja\\\/\",\"url\":\"https:\\\/\\\/women.lv\\\/product\\\/canaan-organic-kermena-pilinga-zeleja\\\/\",\"name\":\"\u0136erme\u0146a p\u012blinga \u017eeleja\",\"isPartOf\":{\"@id\":\"https:\\\/\\\/women.lv\\\/#website\"},\"primaryImageOfPage\":{\"@id\":\"https:\\\/\\\/women.lv\\\/product\\\/canaan-organic-kermena-pilinga-zeleja\\\/#primaryimage\"},\"image\":{\"@id\":\"https:\\\/\\\/women.lv\\\/product\\\/canaan-organic-kermena-pilinga-zeleja\\\/#primaryimage\"},\"thumbnailUrl\":\"https:\\\/\\\/women.lv\\\/wp-content\\\/uploads\\\/nc\\\/catalog\\\/CHiC\\\/Canaan-Organic\\\/exfoliating-body-gel.PNG\",\"datePublished\":\"2020-07-24T12:36:22+00:00\",\"dateModified\":\"2025-12-06T16:41:16+00:00\",\"description\":\"Palutiniet savu \u0137ermeni ar ener\u0123iju atjaunojo\u0161u proced\u016bru. T\u0101s maig\u0101, dab\u012bg\u0101 p\u012blinga darb\u012bba pal\u012bdz no\u0146emt atmiru\u0161\u0101s \u0101das \u0161\u016bnas un veicina jaunu \u0161\u016bnu veido\u0161anos bez kairino\u0161as iedarb\u012bbas.\",\"breadcrumb\":{\"@id\":\"https:\\\/\\\/women.lv\\\/product\\\/canaan-organic-kermena-pilinga-zeleja\\\/#breadcrumb\"},\"inLanguage\":\"en-GB\",\"potentialAction\":[{\"@type\":\"ReadAction\",\"target\":[\"https:\\\/\\\/women.lv\\\/product\\\/canaan-organic-kermena-pilinga-zeleja\\\/\"]}]},{\"@type\":\"ImageObject\",\"inLanguage\":\"en-GB\",\"@id\":\"https:\\\/\\\/women.lv\\\/product\\\/canaan-organic-kermena-pilinga-zeleja\\\/#primaryimage\",\"url\":\"https:\\\/\\\/women.lv\\\/wp-content\\\/uploads\\\/nc\\\/catalog\\\/CHiC\\\/Canaan-Organic\\\/exfoliating-body-gel.PNG\",\"contentUrl\":\"https:\\\/\\\/women.lv\\\/wp-content\\\/uploads\\\/nc\\\/catalog\\\/CHiC\\\/Canaan-Organic\\\/exfoliating-body-gel.PNG\",\"width\":526,\"height\":726,\"caption\":\"\u0136erme\u0146a p\u012blinga \u017eeleja\"},{\"@type\":\"BreadcrumbList\",\"@id\":\"https:\\\/\\\/women.lv\\\/product\\\/canaan-organic-kermena-pilinga-zeleja\\\/#breadcrumb\",\"itemListElement\":[{\"@type\":\"ListItem\",\"position\":1,\"name\":\"Home\",\"item\":\"https:\\\/\\\/women.lv\\\/\"},{\"@type\":\"ListItem\",\"position\":2,\"name\":\"Products\",\"item\":\"https:\\\/\\\/women.lv\\\/en\\\/shop\\\/\"},{\"@type\":\"ListItem\",\"position\":3,\"name\":\"\u0136erme\u0146a p\u012blinga \u017eeleja\"}]},{\"@type\":\"WebSite\",\"@id\":\"https:\\\/\\\/women.lv\\\/#website\",\"url\":\"https:\\\/\\\/women.lv\\\/\",\"name\":\"Women Veikals\",\"description\":\"Uzdr\u012bksties b\u016bt skaista\",\"potentialAction\":[{\"@type\":\"SearchAction\",\"target\":{\"@type\":\"EntryPoint\",\"urlTemplate\":\"https:\\\/\\\/women.lv\\\/?s={search_term_string}\"},\"query-input\":{\"@type\":\"PropertyValueSpecification\",\"valueRequired\":true,\"valueName\":\"search_term_string\"}}],\"inLanguage\":\"en-GB\"}]}<\/script>\n<!-- \/ Yoast SEO plugin. -->","yoast_head_json":{"title":"Body peeling gel","description":"Palutiniet savu \u0137ermeni ar ener\u0123iju atjaunojo\u0161u proced\u016bru. T\u0101s maig\u0101, dab\u012bg\u0101 p\u012blinga darb\u012bba pal\u012bdz no\u0146emt atmiru\u0161\u0101s \u0101das \u0161\u016bnas un veicina jaunu \u0161\u016bnu veido\u0161anos bez kairino\u0161as iedarb\u012bbas.","robots":{"index":"index","follow":"follow","max-snippet":"max-snippet:-1","max-image-preview":"max-image-preview:large","max-video-preview":"max-video-preview:-1"},"canonical":"https:\/\/women.lv\/en\/product\/canaan-organic-kermena-pilinga-zeleja\/","og_locale":"en_GB","og_type":"article","og_title":"\u0136erme\u0146a p\u012blinga \u017eeleja","og_description":"Palutiniet savu \u0137ermeni ar ener\u0123iju atjaunojo\u0161u proced\u016bru. T\u0101s maig\u0101, dab\u012bg\u0101 p\u012blinga darb\u012bba pal\u012bdz no\u0146emt atmiru\u0161\u0101s \u0101das \u0161\u016bnas un veicina jaunu \u0161\u016bnu veido\u0161anos bez kairino\u0161as iedarb\u012bbas.","og_url":"https:\/\/women.lv\/en\/product\/canaan-organic-kermena-pilinga-zeleja\/","og_site_name":"Women Veikals","article_modified_time":"2025-12-06T16:41:16+00:00","og_image":[{"width":526,"height":726,"url":"https:\/\/women.lv\/wp-content\/uploads\/nc\/catalog\/CHiC\/Canaan-Organic\/exfoliating-body-gel.PNG","type":"image\/png"}],"twitter_card":"summary_large_image","twitter_misc":{"Estimated reading time":"1 minute"},"schema":{"@context":"https:\/\/schema.org","@graph":[{"@type":"WebPage","@id":"https:\/\/women.lv\/product\/canaan-organic-kermena-pilinga-zeleja\/","url":"https:\/\/women.lv\/product\/canaan-organic-kermena-pilinga-zeleja\/","name":"Body peeling gel","isPartOf":{"@id":"https:\/\/women.lv\/#website"},"primaryImageOfPage":{"@id":"https:\/\/women.lv\/product\/canaan-organic-kermena-pilinga-zeleja\/#primaryimage"},"image":{"@id":"https:\/\/women.lv\/product\/canaan-organic-kermena-pilinga-zeleja\/#primaryimage"},"thumbnailUrl":"https:\/\/women.lv\/wp-content\/uploads\/nc\/catalog\/CHiC\/Canaan-Organic\/exfoliating-body-gel.PNG","datePublished":"2020-07-24T12:36:22+00:00","dateModified":"2025-12-06T16:41:16+00:00","description":"Palutiniet savu \u0137ermeni ar ener\u0123iju atjaunojo\u0161u proced\u016bru. T\u0101s maig\u0101, dab\u012bg\u0101 p\u012blinga darb\u012bba pal\u012bdz no\u0146emt atmiru\u0161\u0101s \u0101das \u0161\u016bnas un veicina jaunu \u0161\u016bnu veido\u0161anos bez kairino\u0161as iedarb\u012bbas.","breadcrumb":{"@id":"https:\/\/women.lv\/product\/canaan-organic-kermena-pilinga-zeleja\/#breadcrumb"},"inLanguage":"en-GB","potentialAction":[{"@type":"ReadAction","target":["https:\/\/women.lv\/product\/canaan-organic-kermena-pilinga-zeleja\/"]}]},{"@type":"ImageObject","inLanguage":"en-GB","@id":"https:\/\/women.lv\/product\/canaan-organic-kermena-pilinga-zeleja\/#primaryimage","url":"https:\/\/women.lv\/wp-content\/uploads\/nc\/catalog\/CHiC\/Canaan-Organic\/exfoliating-body-gel.PNG","contentUrl":"https:\/\/women.lv\/wp-content\/uploads\/nc\/catalog\/CHiC\/Canaan-Organic\/exfoliating-body-gel.PNG","width":526,"height":726,"caption":"\u0136erme\u0146a p\u012blinga \u017eeleja"},{"@type":"BreadcrumbList","@id":"https:\/\/women.lv\/product\/canaan-organic-kermena-pilinga-zeleja\/#breadcrumb","itemListElement":[{"@type":"ListItem","position":1,"name":"Home","item":"https:\/\/women.lv\/"},{"@type":"ListItem","position":2,"name":"Products","item":"https:\/\/women.lv\/en\/shop\/"},{"@type":"ListItem","position":3,"name":"\u0136erme\u0146a p\u012blinga \u017eeleja"}]},{"@type":"WebSite","@id":"https:\/\/women.lv\/#website","url":"https:\/\/women.lv\/","name":"Women Shop","description":"Uzdr\u012bksties b\u016bt skaista","potentialAction":[{"@type":"SearchAction","target":{"@type":"EntryPoint","urlTemplate":"https:\/\/women.lv\/?s={search_term_string}"},"query-input":{"@type":"PropertyValueSpecification","valueRequired":true,"valueName":"search_term_string"}}],"inLanguage":"en-GB"}]}},"_links":{"self":[{"href":"https:\/\/women.lv\/en\/wp-json\/wp\/v2\/product\/28505","targetHints":{"allow":["GET"]}}],"collection":[{"href":"https:\/\/women.lv\/en\/wp-json\/wp\/v2\/product"}],"about":[{"href":"https:\/\/women.lv\/en\/wp-json\/wp\/v2\/types\/product"}],"replies":[{"embeddable":true,"href":"https:\/\/women.lv\/en\/wp-json\/wp\/v2\/comments?post=28505"}],"version-history":[{"count":0,"href":"https:\/\/women.lv\/en\/wp-json\/wp\/v2\/product\/28505\/revisions"}],"wp:featuredmedia":[{"embeddable":true,"href":"https:\/\/women.lv\/en\/wp-json\/wp\/v2\/media\/28506"}],"wp:attachment":[{"href":"https:\/\/women.lv\/en\/wp-json\/wp\/v2\/media?parent=28505"}],"wp:term":[{"taxonomy":"product_brand","embeddable":true,"href":"https:\/\/women.lv\/en\/wp-json\/wp\/v2\/product_brand?post=28505"},{"taxonomy":"product_cat","embeddable":true,"href":"https:\/\/women.lv\/en\/wp-json\/wp\/v2\/product_cat?post=28505"},{"taxonomy":"product_tag","embeddable":true,"href":"https:\/\/women.lv\/en\/wp-json\/wp\/v2\/product_tag?post=28505"}],"curies":[{"name":"wp","href":"https:\/\/api.w.org\/{rel}","templated":true}]}}