{"id":28484,"date":"2020-07-14T14:45:48","date_gmt":"2020-07-14T14:45:48","guid":{"rendered":"https:\/\/women.lv\/?product=1-ampula-matu-arstesanai-un-cinai-pret-matu-izkrisanu"},"modified":"2025-11-05T13:26:03","modified_gmt":"2025-11-05T13:26:03","slug":"1-ampula-matu-arstesanai-un-cinai-pret-matu-izkrisanu","status":"publish","type":"product","link":"https:\/\/women.lv\/en\/product\/1-ampula-matu-arstesanai-un-cinai-pret-matu-izkrisanu\/","title":{"rendered":"1 Ampoule for hair treatment and fight against hair loss"},"content":{"rendered":"<p><span style=\"font-family: Helvetica;\"><span style=\"font-size: 18px;\">Intensive treatment for weakened and severely damaged hair that tends to fall out.<\/span><\/span><\/p>\n<p>Prevents hair loss and strengthens hair shafts. Contains an extract that stimulates cell growth. Promotes healthy and vigorous hair growth. Enriched with keratin and organic extracts of kava kava, ginkgo biloba and rosemary.<\/p>\n<p><b><span style=\"font-size: 18px;\">NORMALLY THE PRODUCT IS SOLD <\/span><\/b><span style=\"font-family: Helvetica;\"><b><span style=\"font-size: 18px;\">ONLY<\/span><\/b> <\/span><span style=\"font-family: Helvetica;\"><b><span style=\"font-size: 18px;\">BEAUTY CARE SALONS<\/span><\/b><\/span><\/p>\n<p><span style=\"font-size: 18px;\"><b>Intensive course:<\/b> 1 ampoule per day, 6 weeks<\/span><\/p>\n<p><span style=\"font-family: Helvetica;\"><span style=\"font-size: 18px;\"> <b>Preventive course:<\/b> 3 ampoules per week.<\/span><\/span><\/p>","protected":false},"excerpt":{"rendered":"<p>Intensive treatment for weakened and severely damaged hair that tends to fall out. Prevents hair loss and strengthens hair shafts. Contains extract,<\/p>","protected":false},"featured_media":28485,"comment_status":"open","ping_status":"closed","template":"","meta":[],"product_brand":[],"product_cat":[2219,2215],"product_tag":[2886,2888,2244,2243,2534,2245,2887],"class_list":{"0":"post-28484","1":"product","2":"type-product","3":"status-publish","4":"has-post-thumbnail","6":"product_cat-testeri","7":"product_cat-visi-produkti","8":"product_tag-1-ampula-matu-arstesanai-un-cinai-pret-matu-izkrisanu","9":"product_tag-intensive-anti-hair-loss-treatment-1-ampoule","10":"product_tag-israel","11":"product_tag-izraela","12":"product_tag-kava-kava","13":"product_tag-2245","14":"product_tag-----1-","15":"pa_brand_nc-kava-kava","16":"pa_ean_nc-2613","18":"first","19":"instock","20":"sale","21":"taxable","22":"shipping-taxable","23":"purchasable","24":"product-type-simple"},"yoast_head":"<!-- This site is optimized with the Yoast SEO plugin v27.4 - https:\/\/yoast.com\/product\/yoast-seo-wordpress\/ -->\n<title>1 Ampula matu \u0101rst\u0113\u0161anai un c\u012b\u0146ai pret matu izkri\u0161anu<\/title>\n<meta name=\"description\" content=\"K\u0101 aptur\u0113t matu izkri\u0161anas procesu un aktiviz\u0113t to aug\u0161anu? Viss ir \u0101rk\u0101rt\u012bgi vienk\u0101r\u0161i - pietiek ar profesion\u0101las, kvalitat\u012bvas un efektivas kosm\u0113tikas izmanto\u0161anu, no komp\u0101nijas Kava Kava.\" \/>\n<meta name=\"robots\" content=\"index, follow, max-snippet:-1, max-image-preview:large, max-video-preview:-1\" \/>\n<link rel=\"canonical\" href=\"https:\/\/women.lv\/en\/product\/1-ampula-matu-arstesanai-un-cinai-pret-matu-izkrisanu\/\" \/>\n<meta property=\"og:locale\" content=\"en_GB\" \/>\n<meta property=\"og:type\" content=\"article\" \/>\n<meta property=\"og:title\" content=\"1 Ampula matu \u0101rst\u0113\u0161anai un c\u012b\u0146ai pret matu izkri\u0161anu\" \/>\n<meta property=\"og:description\" content=\"K\u0101 aptur\u0113t matu izkri\u0161anas procesu un aktiviz\u0113t to aug\u0161anu? Viss ir \u0101rk\u0101rt\u012bgi vienk\u0101r\u0161i - pietiek ar profesion\u0101las, kvalitat\u012bvas un efektivas kosm\u0113tikas izmanto\u0161anu, no komp\u0101nijas Kava Kava.\" \/>\n<meta property=\"og:url\" content=\"https:\/\/women.lv\/en\/product\/1-ampula-matu-arstesanai-un-cinai-pret-matu-izkrisanu\/\" \/>\n<meta property=\"og:site_name\" content=\"Women Veikals\" \/>\n<meta property=\"article:modified_time\" content=\"2025-11-05T13:26:03+00:00\" \/>\n<meta property=\"og:image\" content=\"https:\/\/women.lv\/wp-content\/uploads\/nc\/catalog\/Israel\/Kava-Kava\/1ampula-600x801.png\" \/>\n\t<meta property=\"og:image:width\" content=\"600\" \/>\n\t<meta property=\"og:image:height\" content=\"801\" \/>\n\t<meta property=\"og:image:type\" content=\"image\/png\" \/>\n<meta name=\"twitter:card\" content=\"summary_large_image\" \/>\n<meta name=\"twitter:label1\" content=\"Estimated reading time\" \/>\n\t<meta name=\"twitter:data1\" content=\"1 minute\" \/>\n<script type=\"application\/ld+json\" class=\"yoast-schema-graph\">{\"@context\":\"https:\\\/\\\/schema.org\",\"@graph\":[{\"@type\":\"WebPage\",\"@id\":\"https:\\\/\\\/women.lv\\\/product\\\/1-ampula-matu-arstesanai-un-cinai-pret-matu-izkrisanu\\\/\",\"url\":\"https:\\\/\\\/women.lv\\\/product\\\/1-ampula-matu-arstesanai-un-cinai-pret-matu-izkrisanu\\\/\",\"name\":\"1 Ampula matu \u0101rst\u0113\u0161anai un c\u012b\u0146ai pret matu izkri\u0161anu\",\"isPartOf\":{\"@id\":\"https:\\\/\\\/women.lv\\\/#website\"},\"primaryImageOfPage\":{\"@id\":\"https:\\\/\\\/women.lv\\\/product\\\/1-ampula-matu-arstesanai-un-cinai-pret-matu-izkrisanu\\\/#primaryimage\"},\"image\":{\"@id\":\"https:\\\/\\\/women.lv\\\/product\\\/1-ampula-matu-arstesanai-un-cinai-pret-matu-izkrisanu\\\/#primaryimage\"},\"thumbnailUrl\":\"https:\\\/\\\/women.lv\\\/wp-content\\\/uploads\\\/nc\\\/catalog\\\/Israel\\\/Kava-Kava\\\/1ampula-600x801.png\",\"datePublished\":\"2020-07-14T14:45:48+00:00\",\"dateModified\":\"2025-11-05T13:26:03+00:00\",\"description\":\"K\u0101 aptur\u0113t matu izkri\u0161anas procesu un aktiviz\u0113t to aug\u0161anu? Viss ir \u0101rk\u0101rt\u012bgi vienk\u0101r\u0161i - pietiek ar profesion\u0101las, kvalitat\u012bvas un efektivas kosm\u0113tikas izmanto\u0161anu, no komp\u0101nijas Kava Kava.\",\"breadcrumb\":{\"@id\":\"https:\\\/\\\/women.lv\\\/product\\\/1-ampula-matu-arstesanai-un-cinai-pret-matu-izkrisanu\\\/#breadcrumb\"},\"inLanguage\":\"en-GB\",\"potentialAction\":[{\"@type\":\"ReadAction\",\"target\":[\"https:\\\/\\\/women.lv\\\/product\\\/1-ampula-matu-arstesanai-un-cinai-pret-matu-izkrisanu\\\/\"]}]},{\"@type\":\"ImageObject\",\"inLanguage\":\"en-GB\",\"@id\":\"https:\\\/\\\/women.lv\\\/product\\\/1-ampula-matu-arstesanai-un-cinai-pret-matu-izkrisanu\\\/#primaryimage\",\"url\":\"https:\\\/\\\/women.lv\\\/wp-content\\\/uploads\\\/nc\\\/catalog\\\/Israel\\\/Kava-Kava\\\/1ampula-600x801.png\",\"contentUrl\":\"https:\\\/\\\/women.lv\\\/wp-content\\\/uploads\\\/nc\\\/catalog\\\/Israel\\\/Kava-Kava\\\/1ampula-600x801.png\",\"width\":600,\"height\":801,\"caption\":\"1 Ampula matu \u0101rst\u0113\u0161anai un c\u012b\u0146ai pret matu izkri\u0161anu\"},{\"@type\":\"BreadcrumbList\",\"@id\":\"https:\\\/\\\/women.lv\\\/product\\\/1-ampula-matu-arstesanai-un-cinai-pret-matu-izkrisanu\\\/#breadcrumb\",\"itemListElement\":[{\"@type\":\"ListItem\",\"position\":1,\"name\":\"Home\",\"item\":\"https:\\\/\\\/women.lv\\\/\"},{\"@type\":\"ListItem\",\"position\":2,\"name\":\"Products\",\"item\":\"https:\\\/\\\/women.lv\\\/en\\\/shop\\\/\"},{\"@type\":\"ListItem\",\"position\":3,\"name\":\"1 Ampula matu \u0101rst\u0113\u0161anai un c\u012b\u0146ai pret matu izkri\u0161anu\"}]},{\"@type\":\"WebSite\",\"@id\":\"https:\\\/\\\/women.lv\\\/#website\",\"url\":\"https:\\\/\\\/women.lv\\\/\",\"name\":\"Women Veikals\",\"description\":\"Uzdr\u012bksties b\u016bt skaista\",\"potentialAction\":[{\"@type\":\"SearchAction\",\"target\":{\"@type\":\"EntryPoint\",\"urlTemplate\":\"https:\\\/\\\/women.lv\\\/?s={search_term_string}\"},\"query-input\":{\"@type\":\"PropertyValueSpecification\",\"valueRequired\":true,\"valueName\":\"search_term_string\"}}],\"inLanguage\":\"en-GB\"}]}<\/script>\n<!-- \/ Yoast SEO plugin. -->","yoast_head_json":{"title":"1 Ampoule for hair treatment and fight against hair loss","description":"K\u0101 aptur\u0113t matu izkri\u0161anas procesu un aktiviz\u0113t to aug\u0161anu? Viss ir \u0101rk\u0101rt\u012bgi vienk\u0101r\u0161i - pietiek ar profesion\u0101las, kvalitat\u012bvas un efektivas kosm\u0113tikas izmanto\u0161anu, no komp\u0101nijas Kava Kava.","robots":{"index":"index","follow":"follow","max-snippet":"max-snippet:-1","max-image-preview":"max-image-preview:large","max-video-preview":"max-video-preview:-1"},"canonical":"https:\/\/women.lv\/en\/product\/1-ampula-matu-arstesanai-un-cinai-pret-matu-izkrisanu\/","og_locale":"en_GB","og_type":"article","og_title":"1 Ampula matu \u0101rst\u0113\u0161anai un c\u012b\u0146ai pret matu izkri\u0161anu","og_description":"K\u0101 aptur\u0113t matu izkri\u0161anas procesu un aktiviz\u0113t to aug\u0161anu? Viss ir \u0101rk\u0101rt\u012bgi vienk\u0101r\u0161i - pietiek ar profesion\u0101las, kvalitat\u012bvas un efektivas kosm\u0113tikas izmanto\u0161anu, no komp\u0101nijas Kava Kava.","og_url":"https:\/\/women.lv\/en\/product\/1-ampula-matu-arstesanai-un-cinai-pret-matu-izkrisanu\/","og_site_name":"Women Veikals","article_modified_time":"2025-11-05T13:26:03+00:00","og_image":[{"width":600,"height":801,"url":"https:\/\/women.lv\/wp-content\/uploads\/nc\/catalog\/Israel\/Kava-Kava\/1ampula-600x801.png","type":"image\/png"}],"twitter_card":"summary_large_image","twitter_misc":{"Estimated reading time":"1 minute"},"schema":{"@context":"https:\/\/schema.org","@graph":[{"@type":"WebPage","@id":"https:\/\/women.lv\/product\/1-ampula-matu-arstesanai-un-cinai-pret-matu-izkrisanu\/","url":"https:\/\/women.lv\/product\/1-ampula-matu-arstesanai-un-cinai-pret-matu-izkrisanu\/","name":"1 Ampoule for hair treatment and fight against hair loss","isPartOf":{"@id":"https:\/\/women.lv\/#website"},"primaryImageOfPage":{"@id":"https:\/\/women.lv\/product\/1-ampula-matu-arstesanai-un-cinai-pret-matu-izkrisanu\/#primaryimage"},"image":{"@id":"https:\/\/women.lv\/product\/1-ampula-matu-arstesanai-un-cinai-pret-matu-izkrisanu\/#primaryimage"},"thumbnailUrl":"https:\/\/women.lv\/wp-content\/uploads\/nc\/catalog\/Israel\/Kava-Kava\/1ampula-600x801.png","datePublished":"2020-07-14T14:45:48+00:00","dateModified":"2025-11-05T13:26:03+00:00","description":"K\u0101 aptur\u0113t matu izkri\u0161anas procesu un aktiviz\u0113t to aug\u0161anu? Viss ir \u0101rk\u0101rt\u012bgi vienk\u0101r\u0161i - pietiek ar profesion\u0101las, kvalitat\u012bvas un efektivas kosm\u0113tikas izmanto\u0161anu, no komp\u0101nijas Kava Kava.","breadcrumb":{"@id":"https:\/\/women.lv\/product\/1-ampula-matu-arstesanai-un-cinai-pret-matu-izkrisanu\/#breadcrumb"},"inLanguage":"en-GB","potentialAction":[{"@type":"ReadAction","target":["https:\/\/women.lv\/product\/1-ampula-matu-arstesanai-un-cinai-pret-matu-izkrisanu\/"]}]},{"@type":"ImageObject","inLanguage":"en-GB","@id":"https:\/\/women.lv\/product\/1-ampula-matu-arstesanai-un-cinai-pret-matu-izkrisanu\/#primaryimage","url":"https:\/\/women.lv\/wp-content\/uploads\/nc\/catalog\/Israel\/Kava-Kava\/1ampula-600x801.png","contentUrl":"https:\/\/women.lv\/wp-content\/uploads\/nc\/catalog\/Israel\/Kava-Kava\/1ampula-600x801.png","width":600,"height":801,"caption":"1 Ampula matu \u0101rst\u0113\u0161anai un c\u012b\u0146ai pret matu izkri\u0161anu"},{"@type":"BreadcrumbList","@id":"https:\/\/women.lv\/product\/1-ampula-matu-arstesanai-un-cinai-pret-matu-izkrisanu\/#breadcrumb","itemListElement":[{"@type":"ListItem","position":1,"name":"Home","item":"https:\/\/women.lv\/"},{"@type":"ListItem","position":2,"name":"Products","item":"https:\/\/women.lv\/en\/shop\/"},{"@type":"ListItem","position":3,"name":"1 Ampula matu \u0101rst\u0113\u0161anai un c\u012b\u0146ai pret matu izkri\u0161anu"}]},{"@type":"WebSite","@id":"https:\/\/women.lv\/#website","url":"https:\/\/women.lv\/","name":"Women Shop","description":"Uzdr\u012bksties b\u016bt skaista","potentialAction":[{"@type":"SearchAction","target":{"@type":"EntryPoint","urlTemplate":"https:\/\/women.lv\/?s={search_term_string}"},"query-input":{"@type":"PropertyValueSpecification","valueRequired":true,"valueName":"search_term_string"}}],"inLanguage":"en-GB"}]}},"_links":{"self":[{"href":"https:\/\/women.lv\/en\/wp-json\/wp\/v2\/product\/28484","targetHints":{"allow":["GET"]}}],"collection":[{"href":"https:\/\/women.lv\/en\/wp-json\/wp\/v2\/product"}],"about":[{"href":"https:\/\/women.lv\/en\/wp-json\/wp\/v2\/types\/product"}],"replies":[{"embeddable":true,"href":"https:\/\/women.lv\/en\/wp-json\/wp\/v2\/comments?post=28484"}],"version-history":[{"count":0,"href":"https:\/\/women.lv\/en\/wp-json\/wp\/v2\/product\/28484\/revisions"}],"wp:featuredmedia":[{"embeddable":true,"href":"https:\/\/women.lv\/en\/wp-json\/wp\/v2\/media\/28485"}],"wp:attachment":[{"href":"https:\/\/women.lv\/en\/wp-json\/wp\/v2\/media?parent=28484"}],"wp:term":[{"taxonomy":"product_brand","embeddable":true,"href":"https:\/\/women.lv\/en\/wp-json\/wp\/v2\/product_brand?post=28484"},{"taxonomy":"product_cat","embeddable":true,"href":"https:\/\/women.lv\/en\/wp-json\/wp\/v2\/product_cat?post=28484"},{"taxonomy":"product_tag","embeddable":true,"href":"https:\/\/women.lv\/en\/wp-json\/wp\/v2\/product_tag?post=28484"}],"curies":[{"name":"wp","href":"https:\/\/api.w.org\/{rel}","templated":true}]}}