{"id":28452,"date":"2020-06-10T19:01:07","date_gmt":"2020-06-10T19:01:07","guid":{"rendered":"https:\/\/women.lv\/?product=kava-kava-komplekts-pret-matu-izkrisanu-ar-juras-algu-ekstraktu"},"modified":"2026-04-28T17:27:19","modified_gmt":"2026-04-28T15:27:19","slug":"kava-kava-komplekts-pret-matu-izkrisanu-ar-juras-algu-ekstraktu","status":"publish","type":"product","link":"https:\/\/women.lv\/en\/product\/kava-kava-komplekts-pret-matu-izkrisanu-ar-juras-algu-ekstraktu\/","title":{"rendered":"Kava Kava Komplekts pret matu izkri\u0161anu ar j\u016bras a\u013c\u0123u ekstraktu"},"content":{"rendered":"<p><span style=\"font-family: Helvetica;\"><span style=\"font-size: 18px;\">\u0100tra matu izkri\u0161anas probl\u0113ma prasa t\u016bl\u012bt\u0113ju r\u012bc\u012bbu. M\u0113s pied\u0101v\u0101jam zin\u0101tnisko skaistumkop\u0161anas komplektu Botanica &#8211; tas pal\u012bdz tikt gal\u0101 ar nov\u0101jin\u0101tiem matiem un ar tieksmi uz matu izkri\u0161anu.\u00a0<\/span><\/span><span style=\"font-family: Helvetica; font-size: 18px;\">Atliek tikai izm\u0113\u0123in\u0101t, un p\u0113c pirm\u0101s uzkl\u0101\u0161anas j\u016bs var\u0113sit baud\u012bt ilgi gaid\u012btos rezult\u0101tus &#8211; mati k\u013c\u016bs paklaus\u012bgi. Par\u0101d\u012bsies dabiskais sp\u012bdums, kas zaud\u0113ts termisko manipul\u0101ciju laik\u0101!<\/span><\/p>\n<p><b><span style=\"font-family: Helvetica;\"><span style=\"font-size: 18px;\">The set includes:<\/span><\/span><\/b><\/p>\n<ul>\n<li><span style=\"font-family: Helvetica;\"><span style=\"font-size: 18px;\">\u0160amp\u016bns pret matu izkri\u0161anu ar j\u016bras a\u013c\u0123u ekstraktu<\/span><\/span><\/li>\n<li><span style=\"font-family: Helvetica;\"><span style=\"font-size: 18px;\">Hair loss mask with spirulina<\/span><\/span><\/li>\n<li><span style=\"font-family: Helvetica;\"><span style=\"font-size: 18px;\">Intens\u012bvs atjaunojo\u0161s j\u016bras a\u013c\u0123u serums matiem<\/span><\/span><\/li>\n<\/ul>\n<p><span style=\"font-family: Helvetica;\"><span style=\"font-size: 18px;\"><b><span style=\"font-size: 24px;\">\u0160amp\u016bns pret matu izkri\u0161anu<\/span><\/b><span style=\"font-size: 18px;\"><span style=\"font-size: 24px;\">:<\/span> \u0160amp\u016bns ar a\u013c\u0123u ekstraktu un dab\u012bg\u0101m e\u013c\u013c\u0101m maigi att\u012bra galvas \u0101du. Intens\u012bvi baro un stiprina matu stiebrus. Nov\u0113r\u0161 matu izkri\u0161anu, stimul\u0113jot asinsriti un sk\u0101bek\u013ca daudzuma pietiekam\u012bbu. Spirul\u012bn\u0101 iek\u013cautie fosfora, magnija, s\u0113ra un B vitam\u012bni nodro\u0161ina akt\u012bvu matu aug\u0161anu. Pie\u0161\u0137iriet matiem v\u0113lamo gludumu un z\u012bdain\u012bbu. \u0160amp\u016bns satur ar\u012b kerat\u012bnu, kam ir atjaunojo\u0161a iedarb\u012bba uz boj\u0101tu matu strukt\u016bru. K\u0101 ar\u012b dabisk\u0101s e\u013c\u013cas, lai aizsarg\u0101tu matus no dabisko faktoru negat\u012bv\u0101s ietekmes.<\/span><\/span><\/span><\/p>\n<p><span style=\"font-family: Helvetica;\"><span style=\"font-size: 18px;\"><b><span style=\"font-size: 18px;\"><br \/>\n<\/span><\/b><\/span><\/span><strong style=\"font-family: Helvetica;\"><span style=\"font-size: 14pt;\"><span style=\"font-size: 18px;\">Composition:\u00a0<\/span><\/span><\/strong><span style=\"font-family: Helvetica; font-size: 18px;\">Water, Cocamidoethyl Betaine, Cocamide Dea, Peg &#8211; 150 Distearate, Fragrance (Supplement) Dmdm Hydantion, Polyquatemium-10, Styrene\/Acrylates Copolymer, Edta Citric Acid, spirulin, \u00a0<\/span><span style=\"font-family: Helvetica; font-size: 18px;\">Limonene, CI 19140, CI 16255, CI 42090, Cocamide Mea, Glycol Distearate.<br \/>\n<\/span><span style=\"font-family: Helvetica;\"><span style=\"font-size: 18px;\"><b><span style=\"font-size: 18px;\"><br \/>\nUsage:<\/span><\/b><span style=\"font-size: 18px;\">\u00a0uzkl\u0101t uz mitriem matiem, ieziediet matos ar mas\u0101\u017eas kust\u012bb\u0101m un k\u0101rt\u012bgi izskalot ar lielu daudzumu \u016bdens. Ja nepiecie\u0161ams, atk\u0101rtojiet proced\u016bru.<\/span><\/span><\/span><\/p>\n<p><span style=\"font-family: Helvetica;\"><span style=\"font-size: 18px;\"><b><span style=\"font-size: 18px;\">Volume:<\/span><\/b><span style=\"font-size: 18px;\">\u00a0500 ml<\/span><\/span><\/span><\/p>\n<p><span style=\"font-family: Helvetica;\"><span style=\"font-size: 18px;\"><b><span style=\"font-size: 24px;\">Mask against hair loss:<\/span><\/b><span style=\"font-size: 18px;\">\u00a0the perfect solution for weakened and damaged hair after coloring or thermal manipulation. Enriched with freshwater seaweed extract, the mask intensively nourishes and moisturizes the hair. It saturates the follicles with the necessary trace elements to activate growth. Prevents hair loss. Spirulina also has anti-inflammatory properties and helps to deal with seborrhea. High concentration keratin restores the hair&#039;s natural smoothness. Natural oils provide reliable protection, preserving their beauty and health for a long time.<\/span><\/span><\/span><\/p>\n<p><strong><span style=\"font-size: 14pt;\"><span style=\"font-size: 18px;\"><span style=\"font-family: Helvetica;\">Composition:\u00a0<\/span><\/span><\/span><\/strong><span style=\"font-family: Helvetica; font-size: 18px;\">Cetearyl Alcohol, Propylene Glycol, Cyclopentasiloxane, Cetrimonium Chloride, Behentrimonium Chloride, Fragrance (Supplement), Amodimethicone, Isopropyl Myristate, Phenyl Trimethicone, Tocopheryl, Dmdm Hydantion, Imidazolidinyl Urea, Lauryl Alcohol, Dimethicone Copolyol, Spiruina, Limonene, CI 19140, CI 16255 , CI 42090, CI 19140, CI 42090.<br \/>\n<\/span><span style=\"font-family: Helvetica;\"><br \/>\n<b style=\"font-size: 18px;\">Usage:<\/b><span style=\"font-size: 18px;\">\u00a0after washing, the mask is applied to towel-dried hair, smoothed evenly with massage movements along the entire length, left for 60 seconds and then rinsed with running water.<\/span><\/span><\/p>\n<p><span style=\"font-family: Helvetica;\"><span style=\"font-size: 18px;\"><b><span style=\"font-size: 18px;\">Volume:<\/span><\/b><span style=\"font-size: 18px;\">\u00a0500 ml<\/span><\/span><\/span><\/p>\n<p><span style=\"font-family: Helvetica;\"><span style=\"font-size: 18px;\"><b><span style=\"font-size: 24px;\">Serums pret matu izkri\u0161anu<\/span><\/b><span style=\"font-size: 18px;\"><span style=\"font-size: 24px;\">:<\/span> Serums ir intens\u012bvs prepar\u0101ts ar paaugstin\u0101tu ies\u016bk\u0161an\u0101s sp\u0113ju. Inovat\u012bv\u0101s formulas pamat\u0101 ir sald\u016bdens a\u013c\u0123u akt\u012bvie komponenti kombin\u0101cij\u0101 ar kerat\u012bnu un dab\u012bgaj\u0101m e\u013c\u013c\u0101m. Labv\u0113l\u012bg\u0101s vielas iek\u013c\u016bst matu sakn\u0113s, nodro\u0161inot intens\u012bvu stimul\u0113jo\u0161u efektu. T\u0101 rezult\u0101t\u0101 mati k\u013c\u016bst stipr\u0101ki un biez\u0101ki, p\u0101rst\u0101jot matu izkri\u0161anu. Seruma labv\u0113l\u012bg\u0101 iedarb\u012bba izpau\u017eas ar\u012b izskat\u0101. Boj\u0101ti mati atg\u016bst k\u0101dreiz\u0113jo maigumu un z\u012bdain\u012bbu.<\/span><\/span><\/span><\/p>\n<p><strong><span style=\"font-size: 14pt;\"><span style=\"font-size: 18px;\"><span style=\"font-family: Helvetica;\">Composition:\u00a0<\/span><\/span><\/span><\/strong><span style=\"font-family: Helvetica; font-size: 18px;\">Cyclopentasiloxane, Fragrance (Supplement), Carrot (Daucus Carota Sativa) Oil, Phenyl Trimethicone, Cl 16255, Cl 42090, spirulina, Limonene, Cyclomethicone, Dimethicone.<\/span><span style=\"font-family: Helvetica;\"><span style=\"font-size: 18px;\"><span style=\"font-weight: bold; font-size: 18px;\"><br \/>\n<\/span><\/span><\/span><\/p>\n<p><span style=\"font-family: Helvetica;\"><span style=\"font-size: 18px;\"><b><span style=\"font-size: 18px;\">Usage:<\/span><\/b><span style=\"font-size: 18px;\">\u00a0mitros matos uzkl\u0101jiet 3-4 pilienus seruma, vispirms ieziediet matu galus un turpiniet piln\u0101 garum\u0101 l\u012bdz pat sakn\u0113m.<\/span><\/span><\/span><\/p>\n<p><span style=\"font-family: Helvetica;\"><span style=\"font-size: 18px;\"><b><span style=\"font-size: 18px;\">Volume:<\/span><\/b><span style=\"font-size: 18px;\">\u00a0100 ml<\/span><\/span><\/span><\/p>","protected":false},"excerpt":{"rendered":"<p>\u0100tra matu izkri\u0161anas probl\u0113ma prasa t\u016bl\u012bt\u0113ju r\u012bc\u012bbu. M\u0113s pied\u0101v\u0101jam zin\u0101tnisko skaistumkop\u0161anas komplektu Botanica &#8211; tas pal\u012bdz tikt gal\u0101 ar nov\u0101jin\u0101tiem<\/p>","protected":false},"featured_media":28453,"comment_status":"open","ping_status":"closed","template":"","meta":[],"product_brand":[4315],"product_cat":[2228,2218,2204,2207,2224,2206,2215],"product_tag":[2244,2243,2534,2854,2856,2245,2855],"class_list":{"0":"post-28452","1":"product","2":"type-product","3":"status-publish","4":"has-post-thumbnail","6":"product_brand-kava-kava","7":"product_cat-komplekti","8":"product_cat-komplekti-davanas","9":"product_cat-matu-kopsanas-lidzekli","10":"product_cat-matu-maskas","11":"product_cat-matu-serumi","12":"product_cat-sampuni","13":"product_cat-visi-produkti","14":"product_tag-israel","15":"product_tag-izraela","16":"product_tag-kava-kava","17":"product_tag-kava-kava-anti-hair-loss-kit","18":"product_tag-kava-kava-komplekts-pret-matu-izkrisanu-ar-juras-algu-ekstraktu","19":"product_tag-2245","20":"product_tag--botanica-science-amp-beauty----","21":"pa_brand_nc-kava-kava","23":"first","24":"instock","25":"taxable","26":"shipping-taxable","27":"purchasable","28":"product-type-simple"},"yoast_head":"<!-- This site is optimized with the Yoast SEO plugin v27.4 - https:\/\/yoast.com\/product\/yoast-seo-wordpress\/ -->\n<title>Kava Kava Komplekts pret matu izkri\u0161anu ar spirul\u012bnu<\/title>\n<meta name=\"description\" content=\"\u0100tra matu izkri\u0161anas probl\u0113ma prasa t\u016bl\u012bt\u0113ju r\u012bc\u012bbu. M\u0113s pied\u0101v\u0101jam zin\u0101tnisko skaistumkop\u0161anas komplektu Botanica - tas pal\u012bdz tikt gal\u0101 ar nov\u0101jin\u0101tiem matiem un ar tieksmi uz matu izkri\u0161anu.\" \/>\n<meta name=\"robots\" content=\"index, follow, max-snippet:-1, max-image-preview:large, max-video-preview:-1\" \/>\n<link rel=\"canonical\" href=\"https:\/\/women.lv\/en\/product\/kava-kava-komplekts-pret-matu-izkrisanu-ar-juras-algu-ekstraktu\/\" \/>\n<meta property=\"og:locale\" content=\"en_GB\" \/>\n<meta property=\"og:type\" content=\"article\" \/>\n<meta property=\"og:title\" content=\"Kava Kava Komplekts pret matu izkri\u0161anu ar spirul\u012bnu\" \/>\n<meta property=\"og:description\" content=\"\u0100tra matu izkri\u0161anas probl\u0113ma prasa t\u016bl\u012bt\u0113ju r\u012bc\u012bbu. M\u0113s pied\u0101v\u0101jam zin\u0101tnisko skaistumkop\u0161anas komplektu Botanica - tas pal\u012bdz tikt gal\u0101 ar nov\u0101jin\u0101tiem matiem un ar tieksmi uz matu izkri\u0161anu.\" \/>\n<meta property=\"og:url\" content=\"https:\/\/women.lv\/en\/product\/kava-kava-komplekts-pret-matu-izkrisanu-ar-juras-algu-ekstraktu\/\" \/>\n<meta property=\"og:site_name\" content=\"Women Veikals\" \/>\n<meta property=\"article:modified_time\" content=\"2026-04-28T15:27:19+00:00\" \/>\n<meta property=\"og:image\" content=\"https:\/\/women.lv\/wp-content\/uploads\/nc\/catalog\/Israel\/Kava-Kava\/botanica-kit.PNG\" \/>\n\t<meta property=\"og:image:width\" content=\"426\" \/>\n\t<meta property=\"og:image:height\" content=\"599\" \/>\n\t<meta property=\"og:image:type\" content=\"image\/png\" \/>\n<meta name=\"twitter:card\" content=\"summary_large_image\" \/>\n<meta name=\"twitter:label1\" content=\"Estimated reading time\" \/>\n\t<meta name=\"twitter:data1\" content=\"3 minutes\" \/>\n<script type=\"application\/ld+json\" class=\"yoast-schema-graph\">{\"@context\":\"https:\\\/\\\/schema.org\",\"@graph\":[{\"@type\":\"WebPage\",\"@id\":\"https:\\\/\\\/women.lv\\\/product\\\/kava-kava-komplekts-pret-matu-izkrisanu-ar-juras-algu-ekstraktu\\\/\",\"url\":\"https:\\\/\\\/women.lv\\\/product\\\/kava-kava-komplekts-pret-matu-izkrisanu-ar-juras-algu-ekstraktu\\\/\",\"name\":\"Kava Kava Komplekts pret matu izkri\u0161anu ar spirul\u012bnu\",\"isPartOf\":{\"@id\":\"https:\\\/\\\/women.lv\\\/#website\"},\"primaryImageOfPage\":{\"@id\":\"https:\\\/\\\/women.lv\\\/product\\\/kava-kava-komplekts-pret-matu-izkrisanu-ar-juras-algu-ekstraktu\\\/#primaryimage\"},\"image\":{\"@id\":\"https:\\\/\\\/women.lv\\\/product\\\/kava-kava-komplekts-pret-matu-izkrisanu-ar-juras-algu-ekstraktu\\\/#primaryimage\"},\"thumbnailUrl\":\"\",\"datePublished\":\"2020-06-10T19:01:07+00:00\",\"dateModified\":\"2026-04-28T15:27:19+00:00\",\"description\":\"\u0100tra matu izkri\u0161anas probl\u0113ma prasa t\u016bl\u012bt\u0113ju r\u012bc\u012bbu. M\u0113s pied\u0101v\u0101jam zin\u0101tnisko skaistumkop\u0161anas komplektu Botanica - tas pal\u012bdz tikt gal\u0101 ar nov\u0101jin\u0101tiem matiem un ar tieksmi uz matu izkri\u0161anu.\",\"breadcrumb\":{\"@id\":\"https:\\\/\\\/women.lv\\\/product\\\/kava-kava-komplekts-pret-matu-izkrisanu-ar-juras-algu-ekstraktu\\\/#breadcrumb\"},\"inLanguage\":\"en-GB\",\"potentialAction\":[{\"@type\":\"ReadAction\",\"target\":[\"https:\\\/\\\/women.lv\\\/product\\\/kava-kava-komplekts-pret-matu-izkrisanu-ar-juras-algu-ekstraktu\\\/\"]}]},{\"@type\":\"ImageObject\",\"inLanguage\":\"en-GB\",\"@id\":\"https:\\\/\\\/women.lv\\\/product\\\/kava-kava-komplekts-pret-matu-izkrisanu-ar-juras-algu-ekstraktu\\\/#primaryimage\",\"url\":\"\",\"contentUrl\":\"\"},{\"@type\":\"BreadcrumbList\",\"@id\":\"https:\\\/\\\/women.lv\\\/product\\\/kava-kava-komplekts-pret-matu-izkrisanu-ar-juras-algu-ekstraktu\\\/#breadcrumb\",\"itemListElement\":[{\"@type\":\"ListItem\",\"position\":1,\"name\":\"Home\",\"item\":\"https:\\\/\\\/women.lv\\\/\"},{\"@type\":\"ListItem\",\"position\":2,\"name\":\"Products\",\"item\":\"https:\\\/\\\/women.lv\\\/en\\\/shop\\\/\"},{\"@type\":\"ListItem\",\"position\":3,\"name\":\"Kava Kava Komplekts pret matu izkri\u0161anu ar j\u016bras a\u013c\u0123u ekstraktu\"}]},{\"@type\":\"WebSite\",\"@id\":\"https:\\\/\\\/women.lv\\\/#website\",\"url\":\"https:\\\/\\\/women.lv\\\/\",\"name\":\"Women Veikals\",\"description\":\"Uzdr\u012bksties b\u016bt skaista\",\"potentialAction\":[{\"@type\":\"SearchAction\",\"target\":{\"@type\":\"EntryPoint\",\"urlTemplate\":\"https:\\\/\\\/women.lv\\\/?s={search_term_string}\"},\"query-input\":{\"@type\":\"PropertyValueSpecification\",\"valueRequired\":true,\"valueName\":\"search_term_string\"}}],\"inLanguage\":\"en-GB\"}]}<\/script>\n<!-- \/ Yoast SEO plugin. -->","yoast_head_json":{"title":"Kava Kava Komplekts pret matu izkri\u0161anu ar spirul\u012bnu","description":"\u0100tra matu izkri\u0161anas probl\u0113ma prasa t\u016bl\u012bt\u0113ju r\u012bc\u012bbu. M\u0113s pied\u0101v\u0101jam zin\u0101tnisko skaistumkop\u0161anas komplektu Botanica - tas pal\u012bdz tikt gal\u0101 ar nov\u0101jin\u0101tiem matiem un ar tieksmi uz matu izkri\u0161anu.","robots":{"index":"index","follow":"follow","max-snippet":"max-snippet:-1","max-image-preview":"max-image-preview:large","max-video-preview":"max-video-preview:-1"},"canonical":"https:\/\/women.lv\/en\/product\/kava-kava-komplekts-pret-matu-izkrisanu-ar-juras-algu-ekstraktu\/","og_locale":"en_GB","og_type":"article","og_title":"Kava Kava Komplekts pret matu izkri\u0161anu ar spirul\u012bnu","og_description":"\u0100tra matu izkri\u0161anas probl\u0113ma prasa t\u016bl\u012bt\u0113ju r\u012bc\u012bbu. M\u0113s pied\u0101v\u0101jam zin\u0101tnisko skaistumkop\u0161anas komplektu Botanica - tas pal\u012bdz tikt gal\u0101 ar nov\u0101jin\u0101tiem matiem un ar tieksmi uz matu izkri\u0161anu.","og_url":"https:\/\/women.lv\/en\/product\/kava-kava-komplekts-pret-matu-izkrisanu-ar-juras-algu-ekstraktu\/","og_site_name":"Women Veikals","article_modified_time":"2026-04-28T15:27:19+00:00","og_image":[{"width":426,"height":599,"url":"https:\/\/women.lv\/wp-content\/uploads\/nc\/catalog\/Israel\/Kava-Kava\/botanica-kit.PNG","type":"image\/png"}],"twitter_card":"summary_large_image","twitter_misc":{"Estimated reading time":"3 minutes"},"schema":{"@context":"https:\/\/schema.org","@graph":[{"@type":"WebPage","@id":"https:\/\/women.lv\/product\/kava-kava-komplekts-pret-matu-izkrisanu-ar-juras-algu-ekstraktu\/","url":"https:\/\/women.lv\/product\/kava-kava-komplekts-pret-matu-izkrisanu-ar-juras-algu-ekstraktu\/","name":"Kava Kava Komplekts pret matu izkri\u0161anu ar spirul\u012bnu","isPartOf":{"@id":"https:\/\/women.lv\/#website"},"primaryImageOfPage":{"@id":"https:\/\/women.lv\/product\/kava-kava-komplekts-pret-matu-izkrisanu-ar-juras-algu-ekstraktu\/#primaryimage"},"image":{"@id":"https:\/\/women.lv\/product\/kava-kava-komplekts-pret-matu-izkrisanu-ar-juras-algu-ekstraktu\/#primaryimage"},"thumbnailUrl":"","datePublished":"2020-06-10T19:01:07+00:00","dateModified":"2026-04-28T15:27:19+00:00","description":"\u0100tra matu izkri\u0161anas probl\u0113ma prasa t\u016bl\u012bt\u0113ju r\u012bc\u012bbu. M\u0113s pied\u0101v\u0101jam zin\u0101tnisko skaistumkop\u0161anas komplektu Botanica - tas pal\u012bdz tikt gal\u0101 ar nov\u0101jin\u0101tiem matiem un ar tieksmi uz matu izkri\u0161anu.","breadcrumb":{"@id":"https:\/\/women.lv\/product\/kava-kava-komplekts-pret-matu-izkrisanu-ar-juras-algu-ekstraktu\/#breadcrumb"},"inLanguage":"en-GB","potentialAction":[{"@type":"ReadAction","target":["https:\/\/women.lv\/product\/kava-kava-komplekts-pret-matu-izkrisanu-ar-juras-algu-ekstraktu\/"]}]},{"@type":"ImageObject","inLanguage":"en-GB","@id":"https:\/\/women.lv\/product\/kava-kava-komplekts-pret-matu-izkrisanu-ar-juras-algu-ekstraktu\/#primaryimage","url":"","contentUrl":""},{"@type":"BreadcrumbList","@id":"https:\/\/women.lv\/product\/kava-kava-komplekts-pret-matu-izkrisanu-ar-juras-algu-ekstraktu\/#breadcrumb","itemListElement":[{"@type":"ListItem","position":1,"name":"Home","item":"https:\/\/women.lv\/"},{"@type":"ListItem","position":2,"name":"Products","item":"https:\/\/women.lv\/en\/shop\/"},{"@type":"ListItem","position":3,"name":"Kava Kava Komplekts pret matu izkri\u0161anu ar j\u016bras a\u013c\u0123u ekstraktu"}]},{"@type":"WebSite","@id":"https:\/\/women.lv\/#website","url":"https:\/\/women.lv\/","name":"Women Shop","description":"Uzdr\u012bksties b\u016bt skaista","potentialAction":[{"@type":"SearchAction","target":{"@type":"EntryPoint","urlTemplate":"https:\/\/women.lv\/?s={search_term_string}"},"query-input":{"@type":"PropertyValueSpecification","valueRequired":true,"valueName":"search_term_string"}}],"inLanguage":"en-GB"}]}},"_links":{"self":[{"href":"https:\/\/women.lv\/en\/wp-json\/wp\/v2\/product\/28452","targetHints":{"allow":["GET"]}}],"collection":[{"href":"https:\/\/women.lv\/en\/wp-json\/wp\/v2\/product"}],"about":[{"href":"https:\/\/women.lv\/en\/wp-json\/wp\/v2\/types\/product"}],"replies":[{"embeddable":true,"href":"https:\/\/women.lv\/en\/wp-json\/wp\/v2\/comments?post=28452"}],"version-history":[{"count":1,"href":"https:\/\/women.lv\/en\/wp-json\/wp\/v2\/product\/28452\/revisions"}],"predecessor-version":[{"id":32195,"href":"https:\/\/women.lv\/en\/wp-json\/wp\/v2\/product\/28452\/revisions\/32195"}],"wp:featuredmedia":[{"embeddable":true,"href":"https:\/\/women.lv\/en\/wp-json\/wp\/v2\/media\/28453"}],"wp:attachment":[{"href":"https:\/\/women.lv\/en\/wp-json\/wp\/v2\/media?parent=28452"}],"wp:term":[{"taxonomy":"product_brand","embeddable":true,"href":"https:\/\/women.lv\/en\/wp-json\/wp\/v2\/product_brand?post=28452"},{"taxonomy":"product_cat","embeddable":true,"href":"https:\/\/women.lv\/en\/wp-json\/wp\/v2\/product_cat?post=28452"},{"taxonomy":"product_tag","embeddable":true,"href":"https:\/\/women.lv\/en\/wp-json\/wp\/v2\/product_tag?post=28452"}],"curies":[{"name":"wp","href":"https:\/\/api.w.org\/{rel}","templated":true}]}}