{"id":28446,"date":"2020-05-29T17:14:38","date_gmt":"2020-05-29T17:14:38","guid":{"rendered":"https:\/\/women.lv\/?product=naves-juras-sals-ar-organisko-klingeriti"},"modified":"2025-11-05T13:26:02","modified_gmt":"2025-11-05T13:26:02","slug":"yofing-naves-juras-sals-ar-organisko-klingeriti","status":"publish","type":"product","link":"https:\/\/women.lv\/en\/product\/yofing-naves-juras-sals-ar-organisko-klingeriti\/","title":{"rendered":"Dead Sea salt with organic klingerite"},"content":{"rendered":"<p style=\"margin-bottom: 20px; font-size: 16px;\"><span style=\"font-size: 18px;\"><b>N\u0101ves j\u016bras s\u0101ls ar kli\u0146\u0123er\u012bt\u0113m<\/b>\u00a0stimul\u0113 dziedin\u0101\u0161anas procesus, kli\u0146\u0123er\u012bte nov\u0113r\u0161 infekcijas,\u00a0 gan\u00a0 iekaisumus, k\u0101 rezult\u0101t\u0101 uzlabojas \u0101das tonis. \u0160is organiskais N\u0101ves j\u016bras s\u0101ls ar\u012b nov\u0113r\u0161 noveco\u0161anos, pateicoties t\u0101 atjaunojo\u0161aj\u0101m \u012bpa\u0161\u012bb\u0101m un faktam, ka kli\u0146\u0123er\u012bte aizsarg\u0101 \u0101du no br\u012bvo radik\u0101\u013cu boj\u0101jumiem.<\/span><\/p>\n<ul>\n<li style=\"margin-bottom: 20px; font-size: 16px;\"><span style=\"font-size: 18px;\">N\u0101ves j\u016bras s\u0101li var ne tikai izmantot vann\u0101, bet ar\u012b izmantot k\u0101 roku un k\u0101ju skrubi pirms iecien\u012bt\u0101 manik\u012bra vai pedik\u012bra. N\u0101ves j\u016bras s\u0101ls att\u012bra J\u016bsu poras un dezinfic\u0113 mazus griezumus un sasitumus uz rok\u0101m vai noberzumus uz k\u0101j\u0101m.<\/span><\/li>\n<li style=\"margin-bottom: 20px; font-size: 16px;\"><span style=\"font-size: 18px;\">N\u0101ves j\u016bras s\u0101ls ir lielisks l\u012bdzeklis <\/span><span style=\"font-size: 18px;\"><span style=\"font-size: 18px;\">psori\u0101zes \u0101rst\u0113\u0161anai<\/span>, un apvienojum\u0101 ar kli\u0146\u0123er\u012b\u0161u \u0113terisko e\u013c\u013cu ir sp\u0113c\u012bgs l\u012bdzeklis iekaisuma \u0101rst\u0113\u0161anai. Organisk\u0101 klin\u0123er\u012bte veicina b\u016b\u010du dz\u012b\u0161anu. Sagatavojiet siltu N\u0101ves j\u016bras s\u0101ls vannu, kas jau ir apvienota ar \u0101rstniecisko kli\u0146\u0123er\u012b\u0161u e\u013c\u013cu, lai atvieglotu s\u0101pes un diskomfortu.<\/span><\/li>\n<\/ul>","protected":false},"excerpt":{"rendered":"<p>Dead Sea salt with calendula stimulates healing processes, calendula prevents infections and inflammations, resulting in improved skin tone. This organic Death<\/p>","protected":false},"featured_media":28447,"comment_status":"open","ping_status":"closed","template":"","meta":[],"product_brand":[],"product_cat":[2217,2208,2209,2231,2215],"product_tag":[2847,2244,2243,2849,2240,2245,2848],"class_list":{"0":"post-28446","1":"product","2":"type-product","3":"status-publish","4":"has-post-thumbnail","6":"product_cat-citi-produkti-kermena-kopsanai","7":"product_cat-kermena-kopsanas-lidzekii","8":"product_cat-mazgasana-un-attirisana","9":"product_cat-lv-on-sale","10":"product_cat-visi-produkti","11":"product_tag-dead-sea-salt-with-organic-marigold","12":"product_tag-israel","13":"product_tag-izraela","14":"product_tag-naves-juras-sals-ar-organisko-klingeriti","15":"product_tag-yofing","16":"product_tag-2245","17":"product_tag-2848","18":"pa_brand_nc-yofing","19":"pa_ean_nc-2846","20":"pa_ean_nc-israel","22":"first","23":"instock","24":"sale","25":"taxable","26":"shipping-taxable","27":"purchasable","28":"product-type-simple"},"yoast_head":"<!-- This site is optimized with the Yoast SEO plugin v27.4 - https:\/\/yoast.com\/product\/yoast-seo-wordpress\/ -->\n<title>N\u0101ves j\u016bras s\u0101ls ar organisko klin\u0123er\u012bti<\/title>\n<meta name=\"description\" content=\"N\u0101ves j\u016bras s\u0101ls ar kli\u0146\u0123er\u012bt\u0113m stimul\u0113 dziedin\u0101\u0161anas procesus, kli\u0146\u0123er\u012bte nov\u0113r\u0161 infekcijas, gan iekaisumus, k\u0101 rezult\u0101t\u0101 uzlabojas \u0101das tonis.\" \/>\n<meta name=\"robots\" content=\"index, follow, max-snippet:-1, max-image-preview:large, max-video-preview:-1\" \/>\n<link rel=\"canonical\" href=\"https:\/\/women.lv\/en\/product\/yofing-naves-juras-sals-ar-organisko-klingeriti\/\" \/>\n<meta property=\"og:locale\" content=\"en_GB\" \/>\n<meta property=\"og:type\" content=\"article\" \/>\n<meta property=\"og:title\" content=\"N\u0101ves j\u016bras s\u0101ls ar organisko klin\u0123er\u012bti\" \/>\n<meta property=\"og:description\" content=\"N\u0101ves j\u016bras s\u0101ls ar kli\u0146\u0123er\u012bt\u0113m stimul\u0113 dziedin\u0101\u0161anas procesus, kli\u0146\u0123er\u012bte nov\u0113r\u0161 infekcijas, gan iekaisumus, k\u0101 rezult\u0101t\u0101 uzlabojas \u0101das tonis.\" \/>\n<meta property=\"og:url\" content=\"https:\/\/women.lv\/en\/product\/yofing-naves-juras-sals-ar-organisko-klingeriti\/\" \/>\n<meta property=\"og:site_name\" content=\"Women Veikals\" \/>\n<meta property=\"article:modified_time\" content=\"2025-11-05T13:26:02+00:00\" \/>\n<meta property=\"og:image\" content=\"https:\/\/women.lv\/wp-content\/uploads\/nc\/catalog\/Israel\/Yofing\/Salt\/salt-with-marigold.PNG\" \/>\n\t<meta property=\"og:image:width\" content=\"602\" \/>\n\t<meta property=\"og:image:height\" content=\"598\" \/>\n\t<meta property=\"og:image:type\" content=\"image\/png\" \/>\n<meta name=\"twitter:card\" content=\"summary_large_image\" \/>\n<meta name=\"twitter:label1\" content=\"Estimated reading time\" \/>\n\t<meta name=\"twitter:data1\" content=\"1 minute\" \/>\n<script type=\"application\/ld+json\" class=\"yoast-schema-graph\">{\"@context\":\"https:\\\/\\\/schema.org\",\"@graph\":[{\"@type\":\"WebPage\",\"@id\":\"https:\\\/\\\/women.lv\\\/product\\\/yofing-naves-juras-sals-ar-organisko-klingeriti\\\/\",\"url\":\"https:\\\/\\\/women.lv\\\/product\\\/yofing-naves-juras-sals-ar-organisko-klingeriti\\\/\",\"name\":\"N\u0101ves j\u016bras s\u0101ls ar organisko klin\u0123er\u012bti\",\"isPartOf\":{\"@id\":\"https:\\\/\\\/women.lv\\\/#website\"},\"primaryImageOfPage\":{\"@id\":\"https:\\\/\\\/women.lv\\\/product\\\/yofing-naves-juras-sals-ar-organisko-klingeriti\\\/#primaryimage\"},\"image\":{\"@id\":\"https:\\\/\\\/women.lv\\\/product\\\/yofing-naves-juras-sals-ar-organisko-klingeriti\\\/#primaryimage\"},\"thumbnailUrl\":\"https:\\\/\\\/women.lv\\\/wp-content\\\/uploads\\\/nc\\\/catalog\\\/Israel\\\/Yofing\\\/Salt\\\/salt-with-marigold.PNG\",\"datePublished\":\"2020-05-29T17:14:38+00:00\",\"dateModified\":\"2025-11-05T13:26:02+00:00\",\"description\":\"N\u0101ves j\u016bras s\u0101ls ar kli\u0146\u0123er\u012bt\u0113m stimul\u0113 dziedin\u0101\u0161anas procesus, kli\u0146\u0123er\u012bte nov\u0113r\u0161 infekcijas, gan iekaisumus, k\u0101 rezult\u0101t\u0101 uzlabojas \u0101das tonis.\",\"breadcrumb\":{\"@id\":\"https:\\\/\\\/women.lv\\\/product\\\/yofing-naves-juras-sals-ar-organisko-klingeriti\\\/#breadcrumb\"},\"inLanguage\":\"en-GB\",\"potentialAction\":[{\"@type\":\"ReadAction\",\"target\":[\"https:\\\/\\\/women.lv\\\/product\\\/yofing-naves-juras-sals-ar-organisko-klingeriti\\\/\"]}]},{\"@type\":\"ImageObject\",\"inLanguage\":\"en-GB\",\"@id\":\"https:\\\/\\\/women.lv\\\/product\\\/yofing-naves-juras-sals-ar-organisko-klingeriti\\\/#primaryimage\",\"url\":\"https:\\\/\\\/women.lv\\\/wp-content\\\/uploads\\\/nc\\\/catalog\\\/Israel\\\/Yofing\\\/Salt\\\/salt-with-marigold.PNG\",\"contentUrl\":\"https:\\\/\\\/women.lv\\\/wp-content\\\/uploads\\\/nc\\\/catalog\\\/Israel\\\/Yofing\\\/Salt\\\/salt-with-marigold.PNG\",\"width\":602,\"height\":598,\"caption\":\"N\u0101ves j\u016bras s\u0101ls ar organisko klin\u0123er\u012bti\"},{\"@type\":\"BreadcrumbList\",\"@id\":\"https:\\\/\\\/women.lv\\\/product\\\/yofing-naves-juras-sals-ar-organisko-klingeriti\\\/#breadcrumb\",\"itemListElement\":[{\"@type\":\"ListItem\",\"position\":1,\"name\":\"Home\",\"item\":\"https:\\\/\\\/women.lv\\\/\"},{\"@type\":\"ListItem\",\"position\":2,\"name\":\"Products\",\"item\":\"https:\\\/\\\/women.lv\\\/en\\\/shop\\\/\"},{\"@type\":\"ListItem\",\"position\":3,\"name\":\"N\u0101ves j\u016bras s\u0101ls ar organisko klin\u0123er\u012bti\"}]},{\"@type\":\"WebSite\",\"@id\":\"https:\\\/\\\/women.lv\\\/#website\",\"url\":\"https:\\\/\\\/women.lv\\\/\",\"name\":\"Women Veikals\",\"description\":\"Uzdr\u012bksties b\u016bt skaista\",\"potentialAction\":[{\"@type\":\"SearchAction\",\"target\":{\"@type\":\"EntryPoint\",\"urlTemplate\":\"https:\\\/\\\/women.lv\\\/?s={search_term_string}\"},\"query-input\":{\"@type\":\"PropertyValueSpecification\",\"valueRequired\":true,\"valueName\":\"search_term_string\"}}],\"inLanguage\":\"en-GB\"}]}<\/script>\n<!-- \/ Yoast SEO plugin. -->","yoast_head_json":{"title":"Dead Sea salt with organic klingerite","description":"N\u0101ves j\u016bras s\u0101ls ar kli\u0146\u0123er\u012bt\u0113m stimul\u0113 dziedin\u0101\u0161anas procesus, kli\u0146\u0123er\u012bte nov\u0113r\u0161 infekcijas, gan iekaisumus, k\u0101 rezult\u0101t\u0101 uzlabojas \u0101das tonis.","robots":{"index":"index","follow":"follow","max-snippet":"max-snippet:-1","max-image-preview":"max-image-preview:large","max-video-preview":"max-video-preview:-1"},"canonical":"https:\/\/women.lv\/en\/product\/yofing-naves-juras-sals-ar-organisko-klingeriti\/","og_locale":"en_GB","og_type":"article","og_title":"N\u0101ves j\u016bras s\u0101ls ar organisko klin\u0123er\u012bti","og_description":"N\u0101ves j\u016bras s\u0101ls ar kli\u0146\u0123er\u012bt\u0113m stimul\u0113 dziedin\u0101\u0161anas procesus, kli\u0146\u0123er\u012bte nov\u0113r\u0161 infekcijas, gan iekaisumus, k\u0101 rezult\u0101t\u0101 uzlabojas \u0101das tonis.","og_url":"https:\/\/women.lv\/en\/product\/yofing-naves-juras-sals-ar-organisko-klingeriti\/","og_site_name":"Women Veikals","article_modified_time":"2025-11-05T13:26:02+00:00","og_image":[{"width":602,"height":598,"url":"https:\/\/women.lv\/wp-content\/uploads\/nc\/catalog\/Israel\/Yofing\/Salt\/salt-with-marigold.PNG","type":"image\/png"}],"twitter_card":"summary_large_image","twitter_misc":{"Estimated reading time":"1 minute"},"schema":{"@context":"https:\/\/schema.org","@graph":[{"@type":"WebPage","@id":"https:\/\/women.lv\/product\/yofing-naves-juras-sals-ar-organisko-klingeriti\/","url":"https:\/\/women.lv\/product\/yofing-naves-juras-sals-ar-organisko-klingeriti\/","name":"Dead Sea salt with organic klingerite","isPartOf":{"@id":"https:\/\/women.lv\/#website"},"primaryImageOfPage":{"@id":"https:\/\/women.lv\/product\/yofing-naves-juras-sals-ar-organisko-klingeriti\/#primaryimage"},"image":{"@id":"https:\/\/women.lv\/product\/yofing-naves-juras-sals-ar-organisko-klingeriti\/#primaryimage"},"thumbnailUrl":"https:\/\/women.lv\/wp-content\/uploads\/nc\/catalog\/Israel\/Yofing\/Salt\/salt-with-marigold.PNG","datePublished":"2020-05-29T17:14:38+00:00","dateModified":"2025-11-05T13:26:02+00:00","description":"N\u0101ves j\u016bras s\u0101ls ar kli\u0146\u0123er\u012bt\u0113m stimul\u0113 dziedin\u0101\u0161anas procesus, kli\u0146\u0123er\u012bte nov\u0113r\u0161 infekcijas, gan iekaisumus, k\u0101 rezult\u0101t\u0101 uzlabojas \u0101das tonis.","breadcrumb":{"@id":"https:\/\/women.lv\/product\/yofing-naves-juras-sals-ar-organisko-klingeriti\/#breadcrumb"},"inLanguage":"en-GB","potentialAction":[{"@type":"ReadAction","target":["https:\/\/women.lv\/product\/yofing-naves-juras-sals-ar-organisko-klingeriti\/"]}]},{"@type":"ImageObject","inLanguage":"en-GB","@id":"https:\/\/women.lv\/product\/yofing-naves-juras-sals-ar-organisko-klingeriti\/#primaryimage","url":"https:\/\/women.lv\/wp-content\/uploads\/nc\/catalog\/Israel\/Yofing\/Salt\/salt-with-marigold.PNG","contentUrl":"https:\/\/women.lv\/wp-content\/uploads\/nc\/catalog\/Israel\/Yofing\/Salt\/salt-with-marigold.PNG","width":602,"height":598,"caption":"N\u0101ves j\u016bras s\u0101ls ar organisko klin\u0123er\u012bti"},{"@type":"BreadcrumbList","@id":"https:\/\/women.lv\/product\/yofing-naves-juras-sals-ar-organisko-klingeriti\/#breadcrumb","itemListElement":[{"@type":"ListItem","position":1,"name":"Home","item":"https:\/\/women.lv\/"},{"@type":"ListItem","position":2,"name":"Products","item":"https:\/\/women.lv\/en\/shop\/"},{"@type":"ListItem","position":3,"name":"N\u0101ves j\u016bras s\u0101ls ar organisko klin\u0123er\u012bti"}]},{"@type":"WebSite","@id":"https:\/\/women.lv\/#website","url":"https:\/\/women.lv\/","name":"Women Shop","description":"Uzdr\u012bksties b\u016bt skaista","potentialAction":[{"@type":"SearchAction","target":{"@type":"EntryPoint","urlTemplate":"https:\/\/women.lv\/?s={search_term_string}"},"query-input":{"@type":"PropertyValueSpecification","valueRequired":true,"valueName":"search_term_string"}}],"inLanguage":"en-GB"}]}},"_links":{"self":[{"href":"https:\/\/women.lv\/en\/wp-json\/wp\/v2\/product\/28446","targetHints":{"allow":["GET"]}}],"collection":[{"href":"https:\/\/women.lv\/en\/wp-json\/wp\/v2\/product"}],"about":[{"href":"https:\/\/women.lv\/en\/wp-json\/wp\/v2\/types\/product"}],"replies":[{"embeddable":true,"href":"https:\/\/women.lv\/en\/wp-json\/wp\/v2\/comments?post=28446"}],"version-history":[{"count":0,"href":"https:\/\/women.lv\/en\/wp-json\/wp\/v2\/product\/28446\/revisions"}],"wp:featuredmedia":[{"embeddable":true,"href":"https:\/\/women.lv\/en\/wp-json\/wp\/v2\/media\/28447"}],"wp:attachment":[{"href":"https:\/\/women.lv\/en\/wp-json\/wp\/v2\/media?parent=28446"}],"wp:term":[{"taxonomy":"product_brand","embeddable":true,"href":"https:\/\/women.lv\/en\/wp-json\/wp\/v2\/product_brand?post=28446"},{"taxonomy":"product_cat","embeddable":true,"href":"https:\/\/women.lv\/en\/wp-json\/wp\/v2\/product_cat?post=28446"},{"taxonomy":"product_tag","embeddable":true,"href":"https:\/\/women.lv\/en\/wp-json\/wp\/v2\/product_tag?post=28446"}],"curies":[{"name":"wp","href":"https:\/\/api.w.org\/{rel}","templated":true}]}}