{"id":28438,"date":"2020-05-29T17:03:22","date_gmt":"2020-05-29T17:03:22","guid":{"rendered":"https:\/\/women.lv\/?product=naves-juras-sals-ar-organiskajiem-rudzupuku-ziediem"},"modified":"2025-11-05T13:26:01","modified_gmt":"2025-11-05T13:26:01","slug":"yofing-naves-juras-sals-ar-organiskajiem-rudzupuku-ziediem","status":"publish","type":"product","link":"https:\/\/women.lv\/en\/product\/yofing-naves-juras-sals-ar-organiskajiem-rudzupuku-ziediem\/","title":{"rendered":"Dead Sea salt with organic cornflowers"},"content":{"rendered":"<p><span style=\"font-family: Helvetica;\"><span style=\"font-size: 18px;\">Profesion\u0101ls 100% t\u012bra N\u0101ves j\u016bras s\u0101ls\u00a0 ar\u00a0 rudzupu\u0137u \u0113terisko e\u013c\u013cu un ziediem &#8211; \u0101das atjauno\u0161ana, \u0101das tonusa uzlabo\u0161ana, p\u016bt\u012b\u0161u \u0101rst\u0113\u0161ana, N\u0101ves j\u016bras s\u0101ls &#8211;\u00a0 ekz\u0113mas \u0101rst\u0113\u0161ana<\/span><\/p>\n<p><span style=\"font-size: 18px;\"><b><span style=\"font-size: 18px;\">Rejuvenates the skin:<\/span><\/b><span style=\"font-size: 18px;\"> Dead Sea salt is rich in minerals such as sodium, iron, calcium, potassium, chloride, and magnesium, which help reduce skin irregularities that cause deep wrinkles. Studies have proven that Dead Sea salt cleanses, moisturizes and softens the skin, and your skin becomes younger and more beautiful.<\/span><\/span><\/p>\n<p><span style=\"font-size: 18px;\"><b><span style=\"font-size: 18px;\">Skin detoxification:<\/span><\/b><span style=\"font-size: 18px;\"> Dead Sea mineral water has excellent detoxifying and disinfecting abilities that cleanse the skin by removing all unwanted dead cells, microbes, dirt and sebum, <\/span><\/span><span style=\"font-size: 18px;\"><span style=\"font-size: 18px;\">People with acne and oily skin benefit significantly from the skin care provided by using Dead Sea salt.<\/span><\/span><\/p>\n<p><span style=\"font-size: 18px;\"><b><span style=\"font-size: 18px;\">Deeply moisturizing:<\/span><\/b><span style=\"font-size: 18px;\"> N\u0101ves j\u016bras s\u0101ls lieto\u0161ana vann\u0101 pal\u012bdz uzlabot \u0101das mitrin\u0101\u0161anu un samazina \u0101das nel\u012bdzenumus un aps\u0101rtumu. N\u0101ves j\u016bras s\u0101ls vannai ar\u012b uzlabo \u0101das aizsargbarjeru, kas samazina \u0101das sausumu. Augstais magnija saturs, kas atrodams N\u0101ves j\u016bras s\u0101ls sast\u0101v\u0101, iz\u0161\u0137\u012bst vannas \u016bden\u012b, t\u0101dej\u0101di tas uzlabo \u0101das caurlaid\u012bbu un absorbciju. Labi mitrin\u0101ta \u0101da ir pamats labai \u0101das vesel\u012bbai un\u00a0 nov\u0113r\u0161 neskait\u0101mas \u0101das slim\u012bbas.<\/span><\/span><\/p>\n<p><span style=\"font-size: 18px;\">Treats skin problems: Dead Sea minerals are associated with the treatment of various skin conditions. Using this salt, it is possible to cure dermatitis, scabies, dandruff and seborrhea. The use of Dead Sea salt in the treatment of psoriasis and eczema and in products designed for this purpose reflects how effective this remedy is in fighting disease.<\/span><\/p>\n<p><span style=\"font-size: 18px;\"><b><span style=\"font-size: 18px;\">Treats Dandruff:<\/span><\/b><span style=\"font-size: 18px;\"> This Dead Sea salt is just as effective for hair treatment as it is for skin diseases, as it contains sodium and sulfur that help to thoroughly cleanse the scalp. The organic minerals in Dead Sea salts also help treat seborrhea and scalp psoriasis and improve hair quality.<\/span><\/span><\/p>\n<p><\/span><\/p>","protected":false},"excerpt":{"rendered":"<p>Professional 100% pure Dead Sea salt with cornflower essential oil and flowers - skin rejuvenation, skin tone improvement, acne treatment,<\/p>","protected":false},"featured_media":28439,"comment_status":"open","ping_status":"closed","template":"","meta":[],"product_brand":[],"product_cat":[2217,2208,2209,2231,2215],"product_tag":[2841,2244,2243,2839,2240,2838,2245,2840],"class_list":{"0":"post-28438","1":"product","2":"type-product","3":"status-publish","4":"has-post-thumbnail","6":"product_cat-citi-produkti-kermena-kopsanai","7":"product_cat-kermena-kopsanas-lidzekii","8":"product_cat-mazgasana-un-attirisana","9":"product_cat-lv-on-sale","10":"product_cat-visi-produkti","11":"product_tag-dead-sea-salt-with-organic-ornflower-flowers","12":"product_tag-israel","13":"product_tag-izraela","14":"product_tag-naves-juras-sals-ar-organiskajiem-rudzupuku-ziediem","15":"product_tag-yofing","16":"product_tag-yofing-new-generation","17":"product_tag-2245","18":"product_tag-2840","19":"pa_brand_nc-yofing","20":"pa_ean_nc-2837","21":"pa_ean_nc-israel","23":"first","24":"instock","25":"sale","26":"taxable","27":"shipping-taxable","28":"purchasable","29":"product-type-simple"},"yoast_head":"<!-- This site is optimized with the Yoast SEO plugin v27.4 - https:\/\/yoast.com\/product\/yoast-seo-wordpress\/ -->\n<title>N\u0101ves j\u016bras s\u0101ls ar organiskajiem rudzupu\u0137u ziediem<\/title>\n<meta name=\"description\" content=\"N\u0101ves j\u016bras s\u0101ls ar rudzupu\u0137u \u0113terisko e\u013c\u013cu un ziediem - \u0101das atjauno\u0161ana, \u0101das tonusa uzlabo\u0161ana, p\u016bt\u012b\u0161u \u0101rst\u0113\u0161ana, N\u0101ves j\u016bras s\u0101ls - ekz\u0113mas \u0101rst\u0113\u0161ana\" \/>\n<meta name=\"robots\" content=\"index, follow, max-snippet:-1, max-image-preview:large, max-video-preview:-1\" \/>\n<link rel=\"canonical\" href=\"https:\/\/women.lv\/en\/product\/yofing-naves-juras-sals-ar-organiskajiem-rudzupuku-ziediem\/\" \/>\n<meta property=\"og:locale\" content=\"en_GB\" \/>\n<meta property=\"og:type\" content=\"article\" \/>\n<meta property=\"og:title\" content=\"N\u0101ves j\u016bras s\u0101ls ar organiskajiem rudzupu\u0137u ziediem\" \/>\n<meta property=\"og:description\" content=\"N\u0101ves j\u016bras s\u0101ls ar rudzupu\u0137u \u0113terisko e\u013c\u013cu un ziediem - \u0101das atjauno\u0161ana, \u0101das tonusa uzlabo\u0161ana, p\u016bt\u012b\u0161u \u0101rst\u0113\u0161ana, N\u0101ves j\u016bras s\u0101ls - ekz\u0113mas \u0101rst\u0113\u0161ana\" \/>\n<meta property=\"og:url\" content=\"https:\/\/women.lv\/en\/product\/yofing-naves-juras-sals-ar-organiskajiem-rudzupuku-ziediem\/\" \/>\n<meta property=\"og:site_name\" content=\"Women Veikals\" \/>\n<meta property=\"article:modified_time\" content=\"2025-11-05T13:26:01+00:00\" \/>\n<meta property=\"og:image\" content=\"https:\/\/women.lv\/wp-content\/uploads\/nc\/catalog\/Israel\/Yofing\/Salt\/salt-with-cornflower.PNG\" \/>\n\t<meta property=\"og:image:width\" content=\"601\" \/>\n\t<meta property=\"og:image:height\" content=\"603\" \/>\n\t<meta property=\"og:image:type\" content=\"image\/png\" \/>\n<meta name=\"twitter:card\" content=\"summary_large_image\" \/>\n<meta name=\"twitter:label1\" content=\"Estimated reading time\" \/>\n\t<meta name=\"twitter:data1\" content=\"2 minutes\" \/>\n<script type=\"application\/ld+json\" class=\"yoast-schema-graph\">{\"@context\":\"https:\\\/\\\/schema.org\",\"@graph\":[{\"@type\":\"WebPage\",\"@id\":\"https:\\\/\\\/women.lv\\\/product\\\/yofing-naves-juras-sals-ar-organiskajiem-rudzupuku-ziediem\\\/\",\"url\":\"https:\\\/\\\/women.lv\\\/product\\\/yofing-naves-juras-sals-ar-organiskajiem-rudzupuku-ziediem\\\/\",\"name\":\"N\u0101ves j\u016bras s\u0101ls ar organiskajiem rudzupu\u0137u ziediem\",\"isPartOf\":{\"@id\":\"https:\\\/\\\/women.lv\\\/#website\"},\"primaryImageOfPage\":{\"@id\":\"https:\\\/\\\/women.lv\\\/product\\\/yofing-naves-juras-sals-ar-organiskajiem-rudzupuku-ziediem\\\/#primaryimage\"},\"image\":{\"@id\":\"https:\\\/\\\/women.lv\\\/product\\\/yofing-naves-juras-sals-ar-organiskajiem-rudzupuku-ziediem\\\/#primaryimage\"},\"thumbnailUrl\":\"https:\\\/\\\/women.lv\\\/wp-content\\\/uploads\\\/nc\\\/catalog\\\/Israel\\\/Yofing\\\/Salt\\\/salt-with-cornflower.PNG\",\"datePublished\":\"2020-05-29T17:03:22+00:00\",\"dateModified\":\"2025-11-05T13:26:01+00:00\",\"description\":\"N\u0101ves j\u016bras s\u0101ls ar rudzupu\u0137u \u0113terisko e\u013c\u013cu un ziediem - \u0101das atjauno\u0161ana, \u0101das tonusa uzlabo\u0161ana, p\u016bt\u012b\u0161u \u0101rst\u0113\u0161ana, N\u0101ves j\u016bras s\u0101ls - ekz\u0113mas \u0101rst\u0113\u0161ana\",\"breadcrumb\":{\"@id\":\"https:\\\/\\\/women.lv\\\/product\\\/yofing-naves-juras-sals-ar-organiskajiem-rudzupuku-ziediem\\\/#breadcrumb\"},\"inLanguage\":\"en-GB\",\"potentialAction\":[{\"@type\":\"ReadAction\",\"target\":[\"https:\\\/\\\/women.lv\\\/product\\\/yofing-naves-juras-sals-ar-organiskajiem-rudzupuku-ziediem\\\/\"]}]},{\"@type\":\"ImageObject\",\"inLanguage\":\"en-GB\",\"@id\":\"https:\\\/\\\/women.lv\\\/product\\\/yofing-naves-juras-sals-ar-organiskajiem-rudzupuku-ziediem\\\/#primaryimage\",\"url\":\"https:\\\/\\\/women.lv\\\/wp-content\\\/uploads\\\/nc\\\/catalog\\\/Israel\\\/Yofing\\\/Salt\\\/salt-with-cornflower.PNG\",\"contentUrl\":\"https:\\\/\\\/women.lv\\\/wp-content\\\/uploads\\\/nc\\\/catalog\\\/Israel\\\/Yofing\\\/Salt\\\/salt-with-cornflower.PNG\",\"width\":601,\"height\":603,\"caption\":\"N\u0101ves j\u016bras s\u0101ls ar organiskajiem rudzupu\u0137u ziediem\"},{\"@type\":\"BreadcrumbList\",\"@id\":\"https:\\\/\\\/women.lv\\\/product\\\/yofing-naves-juras-sals-ar-organiskajiem-rudzupuku-ziediem\\\/#breadcrumb\",\"itemListElement\":[{\"@type\":\"ListItem\",\"position\":1,\"name\":\"Home\",\"item\":\"https:\\\/\\\/women.lv\\\/\"},{\"@type\":\"ListItem\",\"position\":2,\"name\":\"Products\",\"item\":\"https:\\\/\\\/women.lv\\\/en\\\/shop\\\/\"},{\"@type\":\"ListItem\",\"position\":3,\"name\":\"N\u0101ves j\u016bras s\u0101ls ar organiskajiem rudzupu\u0137u ziediem\"}]},{\"@type\":\"WebSite\",\"@id\":\"https:\\\/\\\/women.lv\\\/#website\",\"url\":\"https:\\\/\\\/women.lv\\\/\",\"name\":\"Women Veikals\",\"description\":\"Uzdr\u012bksties b\u016bt skaista\",\"potentialAction\":[{\"@type\":\"SearchAction\",\"target\":{\"@type\":\"EntryPoint\",\"urlTemplate\":\"https:\\\/\\\/women.lv\\\/?s={search_term_string}\"},\"query-input\":{\"@type\":\"PropertyValueSpecification\",\"valueRequired\":true,\"valueName\":\"search_term_string\"}}],\"inLanguage\":\"en-GB\"}]}<\/script>\n<!-- \/ Yoast SEO plugin. -->","yoast_head_json":{"title":"Dead Sea salt with organic cornflowers","description":"N\u0101ves j\u016bras s\u0101ls ar rudzupu\u0137u \u0113terisko e\u013c\u013cu un ziediem - \u0101das atjauno\u0161ana, \u0101das tonusa uzlabo\u0161ana, p\u016bt\u012b\u0161u \u0101rst\u0113\u0161ana, N\u0101ves j\u016bras s\u0101ls - ekz\u0113mas \u0101rst\u0113\u0161ana","robots":{"index":"index","follow":"follow","max-snippet":"max-snippet:-1","max-image-preview":"max-image-preview:large","max-video-preview":"max-video-preview:-1"},"canonical":"https:\/\/women.lv\/en\/product\/yofing-naves-juras-sals-ar-organiskajiem-rudzupuku-ziediem\/","og_locale":"en_GB","og_type":"article","og_title":"N\u0101ves j\u016bras s\u0101ls ar organiskajiem rudzupu\u0137u ziediem","og_description":"N\u0101ves j\u016bras s\u0101ls ar rudzupu\u0137u \u0113terisko e\u013c\u013cu un ziediem - \u0101das atjauno\u0161ana, \u0101das tonusa uzlabo\u0161ana, p\u016bt\u012b\u0161u \u0101rst\u0113\u0161ana, N\u0101ves j\u016bras s\u0101ls - ekz\u0113mas \u0101rst\u0113\u0161ana","og_url":"https:\/\/women.lv\/en\/product\/yofing-naves-juras-sals-ar-organiskajiem-rudzupuku-ziediem\/","og_site_name":"Women Veikals","article_modified_time":"2025-11-05T13:26:01+00:00","og_image":[{"width":601,"height":603,"url":"https:\/\/women.lv\/wp-content\/uploads\/nc\/catalog\/Israel\/Yofing\/Salt\/salt-with-cornflower.PNG","type":"image\/png"}],"twitter_card":"summary_large_image","twitter_misc":{"Estimated reading time":"2 minutes"},"schema":{"@context":"https:\/\/schema.org","@graph":[{"@type":"WebPage","@id":"https:\/\/women.lv\/product\/yofing-naves-juras-sals-ar-organiskajiem-rudzupuku-ziediem\/","url":"https:\/\/women.lv\/product\/yofing-naves-juras-sals-ar-organiskajiem-rudzupuku-ziediem\/","name":"Dead Sea salt with organic cornflowers","isPartOf":{"@id":"https:\/\/women.lv\/#website"},"primaryImageOfPage":{"@id":"https:\/\/women.lv\/product\/yofing-naves-juras-sals-ar-organiskajiem-rudzupuku-ziediem\/#primaryimage"},"image":{"@id":"https:\/\/women.lv\/product\/yofing-naves-juras-sals-ar-organiskajiem-rudzupuku-ziediem\/#primaryimage"},"thumbnailUrl":"https:\/\/women.lv\/wp-content\/uploads\/nc\/catalog\/Israel\/Yofing\/Salt\/salt-with-cornflower.PNG","datePublished":"2020-05-29T17:03:22+00:00","dateModified":"2025-11-05T13:26:01+00:00","description":"N\u0101ves j\u016bras s\u0101ls ar rudzupu\u0137u \u0113terisko e\u013c\u013cu un ziediem - \u0101das atjauno\u0161ana, \u0101das tonusa uzlabo\u0161ana, p\u016bt\u012b\u0161u \u0101rst\u0113\u0161ana, N\u0101ves j\u016bras s\u0101ls - ekz\u0113mas \u0101rst\u0113\u0161ana","breadcrumb":{"@id":"https:\/\/women.lv\/product\/yofing-naves-juras-sals-ar-organiskajiem-rudzupuku-ziediem\/#breadcrumb"},"inLanguage":"en-GB","potentialAction":[{"@type":"ReadAction","target":["https:\/\/women.lv\/product\/yofing-naves-juras-sals-ar-organiskajiem-rudzupuku-ziediem\/"]}]},{"@type":"ImageObject","inLanguage":"en-GB","@id":"https:\/\/women.lv\/product\/yofing-naves-juras-sals-ar-organiskajiem-rudzupuku-ziediem\/#primaryimage","url":"https:\/\/women.lv\/wp-content\/uploads\/nc\/catalog\/Israel\/Yofing\/Salt\/salt-with-cornflower.PNG","contentUrl":"https:\/\/women.lv\/wp-content\/uploads\/nc\/catalog\/Israel\/Yofing\/Salt\/salt-with-cornflower.PNG","width":601,"height":603,"caption":"N\u0101ves j\u016bras s\u0101ls ar organiskajiem rudzupu\u0137u ziediem"},{"@type":"BreadcrumbList","@id":"https:\/\/women.lv\/product\/yofing-naves-juras-sals-ar-organiskajiem-rudzupuku-ziediem\/#breadcrumb","itemListElement":[{"@type":"ListItem","position":1,"name":"Home","item":"https:\/\/women.lv\/"},{"@type":"ListItem","position":2,"name":"Products","item":"https:\/\/women.lv\/en\/shop\/"},{"@type":"ListItem","position":3,"name":"N\u0101ves j\u016bras s\u0101ls ar organiskajiem rudzupu\u0137u ziediem"}]},{"@type":"WebSite","@id":"https:\/\/women.lv\/#website","url":"https:\/\/women.lv\/","name":"Women Shop","description":"Uzdr\u012bksties b\u016bt skaista","potentialAction":[{"@type":"SearchAction","target":{"@type":"EntryPoint","urlTemplate":"https:\/\/women.lv\/?s={search_term_string}"},"query-input":{"@type":"PropertyValueSpecification","valueRequired":true,"valueName":"search_term_string"}}],"inLanguage":"en-GB"}]}},"_links":{"self":[{"href":"https:\/\/women.lv\/en\/wp-json\/wp\/v2\/product\/28438","targetHints":{"allow":["GET"]}}],"collection":[{"href":"https:\/\/women.lv\/en\/wp-json\/wp\/v2\/product"}],"about":[{"href":"https:\/\/women.lv\/en\/wp-json\/wp\/v2\/types\/product"}],"replies":[{"embeddable":true,"href":"https:\/\/women.lv\/en\/wp-json\/wp\/v2\/comments?post=28438"}],"version-history":[{"count":0,"href":"https:\/\/women.lv\/en\/wp-json\/wp\/v2\/product\/28438\/revisions"}],"wp:featuredmedia":[{"embeddable":true,"href":"https:\/\/women.lv\/en\/wp-json\/wp\/v2\/media\/28439"}],"wp:attachment":[{"href":"https:\/\/women.lv\/en\/wp-json\/wp\/v2\/media?parent=28438"}],"wp:term":[{"taxonomy":"product_brand","embeddable":true,"href":"https:\/\/women.lv\/en\/wp-json\/wp\/v2\/product_brand?post=28438"},{"taxonomy":"product_cat","embeddable":true,"href":"https:\/\/women.lv\/en\/wp-json\/wp\/v2\/product_cat?post=28438"},{"taxonomy":"product_tag","embeddable":true,"href":"https:\/\/women.lv\/en\/wp-json\/wp\/v2\/product_tag?post=28438"}],"curies":[{"name":"wp","href":"https:\/\/api.w.org\/{rel}","templated":true}]}}