{"id":28434,"date":"2020-05-29T17:01:49","date_gmt":"2020-05-29T17:01:49","guid":{"rendered":"https:\/\/women.lv\/?product=naves-juras-sals-ar-organisku-lavandu"},"modified":"2025-11-05T13:26:01","modified_gmt":"2025-11-05T13:26:01","slug":"yofing-naves-juras-sals-ar-organisku-lavandu","status":"publish","type":"product","link":"https:\/\/women.lv\/en\/product\/yofing-naves-juras-sals-ar-organisku-lavandu\/","title":{"rendered":"Dead Sea Salt with Organic Lavender"},"content":{"rendered":"<p><span style=\"font-family: Helvetica;\"><span style=\"font-size: 18px;\"><b>N\u0101ves j\u016bras s\u0101ls<\/b> ar organisko lavandas \u0113terisko e\u013c\u013cu &#8211; 100% t\u012bra N\u0101ves j\u016bras s\u0101ls vanna un skrubis &#8211; vislab\u0101k piem\u0113rota psori\u0101zes, dermat\u012bta un p\u016bt\u012b\u0161u \u0101rst\u0113\u0161anai, k\u0101 ar\u012b \u0101das noveco\u0161an\u0101s paz\u012bmju nov\u0113r\u0161anai.<\/span><\/p>\n<p><span style=\"font-size: 18px;\">\u0160is N\u0101ves j\u016bras s\u0101ls, ir zin\u0101ms d\u0113\u013c savas pretnoveco\u0161an\u0101s \u012bpa\u0161\u012bbas un to, ka tas ir sp\u0113c\u012bgs antioksidants, ko var izmantot ar\u012b k\u0101 problem\u0101tiskas \u0101das kop\u0161anas l\u012bdzekli, kas stimul\u0113 \u0101das vielmai\u0146as procesus, lai dzied\u0113tu un atjaunotu vesel\u012bgas, jaunekl\u012bgs \u0101das izskatu. <\/span><\/span><\/p>\n<p><span style=\"font-family: Helvetica;\"><span style=\"font-size: 18px;\">\u00a0<\/span><\/span><\/p>\n<p><span style=\"font-family: Helvetica;\"><span style=\"font-size: 18px;\">N\u0101ves j\u016bras s\u0101ls un organisko lavandu uzlabo sk\u0101bek\u013ca daudzumu \u0101das \u0161\u016bn\u0101s, nomierina kairin\u0101tu un sausu \u0101du, k\u0101 ar\u012b pa\u0101trina dziedin\u0101\u0161anu un atjauno\u0161anos. Pateicoties t\u0101m, hormon\u0101lie trauc\u0113jumi tiek l\u012bdzsvaroti un \u0101da tiek pasarg\u0101ta no iekaisumu ra\u0161\u0101n\u0101s iesp\u0113jas.<\/span><\/p>\n<p><span style=\"font-size: 18px;\">Izmantojiet \u0161o N\u0101ves j\u016bras s\u0101li vannai, lai relaks\u0113tos, att\u012br\u012btu pr\u0101tu un uzlabotu \u0101das toni; m\u0113rc\u0113\u0161an\u0101s silt\u0101 s\u0101ls vann\u0101 pal\u012bdz \u0101das kop\u0161an\u0101 un musku\u013cu, un loc\u012btavu s\u0101pju \u0101rst\u0113\u0161an\u0101, savuk\u0101rt, lietojot to k\u0101 s\u0101ls vannu rok\u0101m vai k\u0101j\u0101m, ir noder\u012bgi, lai stimul\u0113tu asinsriti un barotu \u0101du p\u0113c manik\u012bra vai pedik\u012bra.<\/span><\/p>\n<p><span style=\"font-size: 18px;\">\u00a0\u00a0\u00a0\u00a0\u00a0Att\u012bra un baro \u0101du izmantojot s\u0101li k\u0101 skrubi, vai ar\u012b k\u0101 maigu s\u0101ls kompresi uz boj\u0101tas \u0101das, kas darbojas k\u0101 N\u0101ves j\u016bras s\u0101ls \u0101rst\u0113\u0161ana psori\u0101zes un citu \u0101das slim\u012bbu, piem\u0113ram, ekz\u0113mas, un dermat\u012bta \u0101rst\u0113\u0161anai. Organisk\u0101 lavandas \u0113terisk\u0101 e\u013c\u013ca ir izslav\u0113ta k\u0101 nomierino\u0161as terapijas neat\u0146emama at\u0101vda\u013ca ar pat\u012bkamu arom\u0101tu.<\/span><\/span><\/p>","protected":false},"excerpt":{"rendered":"<p>Dead Sea Salt with Organic Lavender Essential Oil \u2013 100% Pure Dead Sea Salt Bath and Scrub \u2013 Best for<\/p>","protected":false},"featured_media":28435,"comment_status":"open","ping_status":"closed","template":"","meta":[],"product_brand":[],"product_cat":[2217,2208,2209,2231,2215],"product_tag":[2834,2244,2243,2836,2240,2245,2835],"class_list":{"0":"post-28434","1":"product","2":"type-product","3":"status-publish","4":"has-post-thumbnail","6":"product_cat-citi-produkti-kermena-kopsanai","7":"product_cat-kermena-kopsanas-lidzekii","8":"product_cat-mazgasana-un-attirisana","9":"product_cat-lv-on-sale","10":"product_cat-visi-produkti","11":"product_tag-dead-sea-salt-bath-with-organic-lavender","12":"product_tag-israel","13":"product_tag-izraela","14":"product_tag-naves-juras-sals-ar-lavandu","15":"product_tag-yofing","16":"product_tag-2245","17":"product_tag-2835","18":"pa_brand_nc-yofing","19":"pa_ean_nc-2833","20":"pa_ean_nc-israel","22":"first","23":"instock","24":"sale","25":"taxable","26":"shipping-taxable","27":"purchasable","28":"product-type-simple"},"yoast_head":"<!-- This site is optimized with the Yoast SEO plugin v27.4 - https:\/\/yoast.com\/product\/yoast-seo-wordpress\/ -->\n<title>N\u0101ves j\u016bras s\u0101ls ar organisku lavandu<\/title>\n<meta name=\"description\" content=\"N\u0101ves j\u016bras s\u0101ls ar organisko lavandas \u0113terisko e\u013c\u013cu - 100% t\u012bra N\u0101ves j\u016bras s\u0101ls vanna un skrubis - vislab\u0101k piem\u0113rota psori\u0101zes, dermat\u012bta un p\u016bt\u012b\u0161u \u0101rst\u0113\u0161anai, k\u0101 ar\u012b \u0101das noveco\u0161an\u0101s paz\u012bmju nov\u0113r\u0161anai.\" \/>\n<meta name=\"robots\" content=\"index, follow, max-snippet:-1, max-image-preview:large, max-video-preview:-1\" \/>\n<link rel=\"canonical\" href=\"https:\/\/women.lv\/en\/product\/yofing-naves-juras-sals-ar-organisku-lavandu\/\" \/>\n<meta property=\"og:locale\" content=\"en_GB\" \/>\n<meta property=\"og:type\" content=\"article\" \/>\n<meta property=\"og:title\" content=\"N\u0101ves j\u016bras s\u0101ls ar organisku lavandu\" \/>\n<meta property=\"og:description\" content=\"N\u0101ves j\u016bras s\u0101ls ar organisko lavandas \u0113terisko e\u013c\u013cu - 100% t\u012bra N\u0101ves j\u016bras s\u0101ls vanna un skrubis - vislab\u0101k piem\u0113rota psori\u0101zes, dermat\u012bta un p\u016bt\u012b\u0161u \u0101rst\u0113\u0161anai, k\u0101 ar\u012b \u0101das noveco\u0161an\u0101s paz\u012bmju nov\u0113r\u0161anai.\" \/>\n<meta property=\"og:url\" content=\"https:\/\/women.lv\/en\/product\/yofing-naves-juras-sals-ar-organisku-lavandu\/\" \/>\n<meta property=\"og:site_name\" content=\"Women Veikals\" \/>\n<meta property=\"article:modified_time\" content=\"2025-11-05T13:26:01+00:00\" \/>\n<meta property=\"og:image\" content=\"https:\/\/women.lv\/wp-content\/uploads\/nc\/catalog\/Israel\/Yofing\/Salt\/salt-with-lavanda.PNG\" \/>\n\t<meta property=\"og:image:width\" content=\"599\" \/>\n\t<meta property=\"og:image:height\" content=\"598\" \/>\n\t<meta property=\"og:image:type\" content=\"image\/png\" \/>\n<meta name=\"twitter:card\" content=\"summary_large_image\" \/>\n<meta name=\"twitter:label1\" content=\"Estimated reading time\" \/>\n\t<meta name=\"twitter:data1\" content=\"2 minutes\" \/>\n<script type=\"application\/ld+json\" class=\"yoast-schema-graph\">{\"@context\":\"https:\\\/\\\/schema.org\",\"@graph\":[{\"@type\":\"WebPage\",\"@id\":\"https:\\\/\\\/women.lv\\\/product\\\/yofing-naves-juras-sals-ar-organisku-lavandu\\\/\",\"url\":\"https:\\\/\\\/women.lv\\\/product\\\/yofing-naves-juras-sals-ar-organisku-lavandu\\\/\",\"name\":\"N\u0101ves j\u016bras s\u0101ls ar organisku lavandu\",\"isPartOf\":{\"@id\":\"https:\\\/\\\/women.lv\\\/#website\"},\"primaryImageOfPage\":{\"@id\":\"https:\\\/\\\/women.lv\\\/product\\\/yofing-naves-juras-sals-ar-organisku-lavandu\\\/#primaryimage\"},\"image\":{\"@id\":\"https:\\\/\\\/women.lv\\\/product\\\/yofing-naves-juras-sals-ar-organisku-lavandu\\\/#primaryimage\"},\"thumbnailUrl\":\"https:\\\/\\\/women.lv\\\/wp-content\\\/uploads\\\/nc\\\/catalog\\\/Israel\\\/Yofing\\\/Salt\\\/salt-with-lavanda.PNG\",\"datePublished\":\"2020-05-29T17:01:49+00:00\",\"dateModified\":\"2025-11-05T13:26:01+00:00\",\"description\":\"N\u0101ves j\u016bras s\u0101ls ar organisko lavandas \u0113terisko e\u013c\u013cu - 100% t\u012bra N\u0101ves j\u016bras s\u0101ls vanna un skrubis - vislab\u0101k piem\u0113rota psori\u0101zes, dermat\u012bta un p\u016bt\u012b\u0161u \u0101rst\u0113\u0161anai, k\u0101 ar\u012b \u0101das noveco\u0161an\u0101s paz\u012bmju nov\u0113r\u0161anai.\",\"breadcrumb\":{\"@id\":\"https:\\\/\\\/women.lv\\\/product\\\/yofing-naves-juras-sals-ar-organisku-lavandu\\\/#breadcrumb\"},\"inLanguage\":\"en-GB\",\"potentialAction\":[{\"@type\":\"ReadAction\",\"target\":[\"https:\\\/\\\/women.lv\\\/product\\\/yofing-naves-juras-sals-ar-organisku-lavandu\\\/\"]}]},{\"@type\":\"ImageObject\",\"inLanguage\":\"en-GB\",\"@id\":\"https:\\\/\\\/women.lv\\\/product\\\/yofing-naves-juras-sals-ar-organisku-lavandu\\\/#primaryimage\",\"url\":\"https:\\\/\\\/women.lv\\\/wp-content\\\/uploads\\\/nc\\\/catalog\\\/Israel\\\/Yofing\\\/Salt\\\/salt-with-lavanda.PNG\",\"contentUrl\":\"https:\\\/\\\/women.lv\\\/wp-content\\\/uploads\\\/nc\\\/catalog\\\/Israel\\\/Yofing\\\/Salt\\\/salt-with-lavanda.PNG\",\"width\":599,\"height\":598,\"caption\":\"N\u0101ves j\u016bras s\u0101ls ar organisku lavandu\"},{\"@type\":\"BreadcrumbList\",\"@id\":\"https:\\\/\\\/women.lv\\\/product\\\/yofing-naves-juras-sals-ar-organisku-lavandu\\\/#breadcrumb\",\"itemListElement\":[{\"@type\":\"ListItem\",\"position\":1,\"name\":\"Home\",\"item\":\"https:\\\/\\\/women.lv\\\/\"},{\"@type\":\"ListItem\",\"position\":2,\"name\":\"Products\",\"item\":\"https:\\\/\\\/women.lv\\\/en\\\/shop\\\/\"},{\"@type\":\"ListItem\",\"position\":3,\"name\":\"N\u0101ves j\u016bras s\u0101ls ar organisku lavandu\"}]},{\"@type\":\"WebSite\",\"@id\":\"https:\\\/\\\/women.lv\\\/#website\",\"url\":\"https:\\\/\\\/women.lv\\\/\",\"name\":\"Women Veikals\",\"description\":\"Uzdr\u012bksties b\u016bt skaista\",\"potentialAction\":[{\"@type\":\"SearchAction\",\"target\":{\"@type\":\"EntryPoint\",\"urlTemplate\":\"https:\\\/\\\/women.lv\\\/?s={search_term_string}\"},\"query-input\":{\"@type\":\"PropertyValueSpecification\",\"valueRequired\":true,\"valueName\":\"search_term_string\"}}],\"inLanguage\":\"en-GB\"}]}<\/script>\n<!-- \/ Yoast SEO plugin. -->","yoast_head_json":{"title":"Dead Sea Salt with Organic Lavender","description":"N\u0101ves j\u016bras s\u0101ls ar organisko lavandas \u0113terisko e\u013c\u013cu - 100% t\u012bra N\u0101ves j\u016bras s\u0101ls vanna un skrubis - vislab\u0101k piem\u0113rota psori\u0101zes, dermat\u012bta un p\u016bt\u012b\u0161u \u0101rst\u0113\u0161anai, k\u0101 ar\u012b \u0101das noveco\u0161an\u0101s paz\u012bmju nov\u0113r\u0161anai.","robots":{"index":"index","follow":"follow","max-snippet":"max-snippet:-1","max-image-preview":"max-image-preview:large","max-video-preview":"max-video-preview:-1"},"canonical":"https:\/\/women.lv\/en\/product\/yofing-naves-juras-sals-ar-organisku-lavandu\/","og_locale":"en_GB","og_type":"article","og_title":"N\u0101ves j\u016bras s\u0101ls ar organisku lavandu","og_description":"N\u0101ves j\u016bras s\u0101ls ar organisko lavandas \u0113terisko e\u013c\u013cu - 100% t\u012bra N\u0101ves j\u016bras s\u0101ls vanna un skrubis - vislab\u0101k piem\u0113rota psori\u0101zes, dermat\u012bta un p\u016bt\u012b\u0161u \u0101rst\u0113\u0161anai, k\u0101 ar\u012b \u0101das noveco\u0161an\u0101s paz\u012bmju nov\u0113r\u0161anai.","og_url":"https:\/\/women.lv\/en\/product\/yofing-naves-juras-sals-ar-organisku-lavandu\/","og_site_name":"Women Veikals","article_modified_time":"2025-11-05T13:26:01+00:00","og_image":[{"width":599,"height":598,"url":"https:\/\/women.lv\/wp-content\/uploads\/nc\/catalog\/Israel\/Yofing\/Salt\/salt-with-lavanda.PNG","type":"image\/png"}],"twitter_card":"summary_large_image","twitter_misc":{"Estimated reading time":"2 minutes"},"schema":{"@context":"https:\/\/schema.org","@graph":[{"@type":"WebPage","@id":"https:\/\/women.lv\/product\/yofing-naves-juras-sals-ar-organisku-lavandu\/","url":"https:\/\/women.lv\/product\/yofing-naves-juras-sals-ar-organisku-lavandu\/","name":"Dead Sea Salt with Organic Lavender","isPartOf":{"@id":"https:\/\/women.lv\/#website"},"primaryImageOfPage":{"@id":"https:\/\/women.lv\/product\/yofing-naves-juras-sals-ar-organisku-lavandu\/#primaryimage"},"image":{"@id":"https:\/\/women.lv\/product\/yofing-naves-juras-sals-ar-organisku-lavandu\/#primaryimage"},"thumbnailUrl":"https:\/\/women.lv\/wp-content\/uploads\/nc\/catalog\/Israel\/Yofing\/Salt\/salt-with-lavanda.PNG","datePublished":"2020-05-29T17:01:49+00:00","dateModified":"2025-11-05T13:26:01+00:00","description":"N\u0101ves j\u016bras s\u0101ls ar organisko lavandas \u0113terisko e\u013c\u013cu - 100% t\u012bra N\u0101ves j\u016bras s\u0101ls vanna un skrubis - vislab\u0101k piem\u0113rota psori\u0101zes, dermat\u012bta un p\u016bt\u012b\u0161u \u0101rst\u0113\u0161anai, k\u0101 ar\u012b \u0101das noveco\u0161an\u0101s paz\u012bmju nov\u0113r\u0161anai.","breadcrumb":{"@id":"https:\/\/women.lv\/product\/yofing-naves-juras-sals-ar-organisku-lavandu\/#breadcrumb"},"inLanguage":"en-GB","potentialAction":[{"@type":"ReadAction","target":["https:\/\/women.lv\/product\/yofing-naves-juras-sals-ar-organisku-lavandu\/"]}]},{"@type":"ImageObject","inLanguage":"en-GB","@id":"https:\/\/women.lv\/product\/yofing-naves-juras-sals-ar-organisku-lavandu\/#primaryimage","url":"https:\/\/women.lv\/wp-content\/uploads\/nc\/catalog\/Israel\/Yofing\/Salt\/salt-with-lavanda.PNG","contentUrl":"https:\/\/women.lv\/wp-content\/uploads\/nc\/catalog\/Israel\/Yofing\/Salt\/salt-with-lavanda.PNG","width":599,"height":598,"caption":"N\u0101ves j\u016bras s\u0101ls ar organisku lavandu"},{"@type":"BreadcrumbList","@id":"https:\/\/women.lv\/product\/yofing-naves-juras-sals-ar-organisku-lavandu\/#breadcrumb","itemListElement":[{"@type":"ListItem","position":1,"name":"Home","item":"https:\/\/women.lv\/"},{"@type":"ListItem","position":2,"name":"Products","item":"https:\/\/women.lv\/en\/shop\/"},{"@type":"ListItem","position":3,"name":"N\u0101ves j\u016bras s\u0101ls ar organisku lavandu"}]},{"@type":"WebSite","@id":"https:\/\/women.lv\/#website","url":"https:\/\/women.lv\/","name":"Women Shop","description":"Uzdr\u012bksties b\u016bt skaista","potentialAction":[{"@type":"SearchAction","target":{"@type":"EntryPoint","urlTemplate":"https:\/\/women.lv\/?s={search_term_string}"},"query-input":{"@type":"PropertyValueSpecification","valueRequired":true,"valueName":"search_term_string"}}],"inLanguage":"en-GB"}]}},"_links":{"self":[{"href":"https:\/\/women.lv\/en\/wp-json\/wp\/v2\/product\/28434","targetHints":{"allow":["GET"]}}],"collection":[{"href":"https:\/\/women.lv\/en\/wp-json\/wp\/v2\/product"}],"about":[{"href":"https:\/\/women.lv\/en\/wp-json\/wp\/v2\/types\/product"}],"replies":[{"embeddable":true,"href":"https:\/\/women.lv\/en\/wp-json\/wp\/v2\/comments?post=28434"}],"version-history":[{"count":0,"href":"https:\/\/women.lv\/en\/wp-json\/wp\/v2\/product\/28434\/revisions"}],"wp:featuredmedia":[{"embeddable":true,"href":"https:\/\/women.lv\/en\/wp-json\/wp\/v2\/media\/28435"}],"wp:attachment":[{"href":"https:\/\/women.lv\/en\/wp-json\/wp\/v2\/media?parent=28434"}],"wp:term":[{"taxonomy":"product_brand","embeddable":true,"href":"https:\/\/women.lv\/en\/wp-json\/wp\/v2\/product_brand?post=28434"},{"taxonomy":"product_cat","embeddable":true,"href":"https:\/\/women.lv\/en\/wp-json\/wp\/v2\/product_cat?post=28434"},{"taxonomy":"product_tag","embeddable":true,"href":"https:\/\/women.lv\/en\/wp-json\/wp\/v2\/product_tag?post=28434"}],"curies":[{"name":"wp","href":"https:\/\/api.w.org\/{rel}","templated":true}]}}