{"id":28423,"date":"2020-05-27T12:10:10","date_gmt":"2020-05-27T12:10:10","guid":{"rendered":"https:\/\/women.lv\/?product=naves-juras-dublu-matu-maska"},"modified":"2025-11-05T13:26:01","modified_gmt":"2025-11-05T13:26:01","slug":"pure-mineral-naves-juras-dublu-matu-maska","status":"publish","type":"product","link":"https:\/\/women.lv\/en\/product\/pure-mineral-naves-juras-dublu-matu-maska\/","title":{"rendered":"Dead Sea Mud Hair Mask"},"content":{"rendered":"<p><span style=\"font-family: Helvetica;\"><span style=\"font-size: 18px;\">Maska galvas \u0101das un matu baro\u0161anai un aizsardz\u012bbai. Augsta miner\u0101lu koncentr\u0101cija no N\u0101ves J\u016bras. Maska bag\u0101tin\u0101ta ar dab\u012bgiem mitrin\u0101t\u0101jiem, piem\u0113ram, ol\u012bvu e\u013c\u013cu, v\u012bnogu kauli\u0146u e\u013c\u013cu un alveju. Galvas \u0101das kairin\u0101juma un \u0101das aps\u0101rtuma samazin\u0101\u0161anai, galvas \u0101das dzi\u013cai att\u012br\u012b\u0161anai un atjauno\u0161anai. Pie\u0161\u0137iriet matiem vesel\u012bgu un mirdzo\u0161u izskatu. <\/span><\/span><\/p>\n<p><span style=\"font-family: Helvetica;\"><strong><span style=\"font-size: 18px;\">Nesatur parab\u0113nus.<\/span><\/strong><\/p>\n<p><\/span><\/p>","protected":false},"excerpt":{"rendered":"<p>A mask for nourishing and protecting the scalp and hair. High concentration of minerals from the Dead Sea. The mask is enriched with natural moisturizers such as<\/p>","protected":false},"featured_media":28424,"comment_status":"open","ping_status":"closed","template":"","meta":[],"product_brand":[],"product_cat":[2204,2207,2215],"product_tag":[2403,2244,2243,2813,2815,2294,2245,2814],"class_list":{"0":"post-28423","1":"product","2":"type-product","3":"status-publish","4":"has-post-thumbnail","6":"product_cat-matu-kopsanas-lidzekli","7":"product_cat-matu-maskas","8":"product_cat-visi-produkti","9":"product_tag-dead-sea-cosmetics","10":"product_tag-israel","11":"product_tag-izraela","12":"product_tag-mud-hair-mask","13":"product_tag-naves-juras-dublu-matu-maska","14":"product_tag-pure-mineral","15":"product_tag-2245","16":"product_tag-2814","17":"pa_brand_nc-pure-mineral","18":"pa_ean_nc-3941","20":"first","21":"instock","22":"taxable","23":"shipping-taxable","24":"purchasable","25":"product-type-simple"},"yoast_head":"<!-- This site is optimized with the Yoast SEO plugin v27.5 - https:\/\/yoast.com\/product\/yoast-seo-wordpress\/ -->\n<title>N\u0101ves J\u016bras dub\u013cu matu maska<\/title>\n<meta name=\"description\" content=\"Maska bag\u0101tin\u0101ta ar dab\u012bgiem mitrin\u0101t\u0101jiem, piem\u0113ram, ol\u012bvu e\u013c\u013cu, v\u012bnogu kauli\u0146u e\u013c\u013cu un alveju. Galvas \u0101das kairin\u0101juma un \u0101das aps\u0101rtuma samazin\u0101\u0161anai, galvas \u0101das dzi\u013cai att\u012br\u012b\u0161anai un atjauno\u0161anai.\" \/>\n<meta name=\"robots\" content=\"index, follow, max-snippet:-1, max-image-preview:large, max-video-preview:-1\" \/>\n<link rel=\"canonical\" href=\"https:\/\/women.lv\/en\/product\/pure-mineral-naves-juras-dublu-matu-maska\/\" \/>\n<meta property=\"og:locale\" content=\"en_GB\" \/>\n<meta property=\"og:type\" content=\"article\" \/>\n<meta property=\"og:title\" content=\"N\u0101ves J\u016bras dub\u013cu matu maska\" \/>\n<meta property=\"og:description\" content=\"Maska bag\u0101tin\u0101ta ar dab\u012bgiem mitrin\u0101t\u0101jiem, piem\u0113ram, ol\u012bvu e\u013c\u013cu, v\u012bnogu kauli\u0146u e\u013c\u013cu un alveju. Galvas \u0101das kairin\u0101juma un \u0101das aps\u0101rtuma samazin\u0101\u0161anai, galvas \u0101das dzi\u013cai att\u012br\u012b\u0161anai un atjauno\u0161anai.\" \/>\n<meta property=\"og:url\" content=\"https:\/\/women.lv\/en\/product\/pure-mineral-naves-juras-dublu-matu-maska\/\" \/>\n<meta property=\"og:site_name\" content=\"Women Veikals\" \/>\n<meta property=\"article:modified_time\" content=\"2025-11-05T13:26:01+00:00\" \/>\n<meta property=\"og:image\" content=\"https:\/\/women.lv\/wp-content\/uploads\/nc\/catalog\/Pure-Mineral\/MudHairMask_PureMineral_1024x1024.jpg\" \/>\n\t<meta property=\"og:image:width\" content=\"723\" \/>\n\t<meta property=\"og:image:height\" content=\"1024\" \/>\n\t<meta property=\"og:image:type\" content=\"image\/jpeg\" \/>\n<meta name=\"twitter:card\" content=\"summary_large_image\" \/>\n<script type=\"application\/ld+json\" class=\"yoast-schema-graph\">{\"@context\":\"https:\\\/\\\/schema.org\",\"@graph\":[{\"@type\":\"WebPage\",\"@id\":\"https:\\\/\\\/women.lv\\\/product\\\/pure-mineral-naves-juras-dublu-matu-maska\\\/\",\"url\":\"https:\\\/\\\/women.lv\\\/product\\\/pure-mineral-naves-juras-dublu-matu-maska\\\/\",\"name\":\"N\u0101ves J\u016bras dub\u013cu matu maska\",\"isPartOf\":{\"@id\":\"https:\\\/\\\/women.lv\\\/#website\"},\"primaryImageOfPage\":{\"@id\":\"https:\\\/\\\/women.lv\\\/product\\\/pure-mineral-naves-juras-dublu-matu-maska\\\/#primaryimage\"},\"image\":{\"@id\":\"https:\\\/\\\/women.lv\\\/product\\\/pure-mineral-naves-juras-dublu-matu-maska\\\/#primaryimage\"},\"thumbnailUrl\":\"https:\\\/\\\/women.lv\\\/wp-content\\\/uploads\\\/nc\\\/catalog\\\/Pure-Mineral\\\/MudHairMask_PureMineral_1024x1024.jpg\",\"datePublished\":\"2020-05-27T12:10:10+00:00\",\"dateModified\":\"2025-11-05T13:26:01+00:00\",\"description\":\"Maska bag\u0101tin\u0101ta ar dab\u012bgiem mitrin\u0101t\u0101jiem, piem\u0113ram, ol\u012bvu e\u013c\u013cu, v\u012bnogu kauli\u0146u e\u013c\u013cu un alveju. Galvas \u0101das kairin\u0101juma un \u0101das aps\u0101rtuma samazin\u0101\u0161anai, galvas \u0101das dzi\u013cai att\u012br\u012b\u0161anai un atjauno\u0161anai.\",\"breadcrumb\":{\"@id\":\"https:\\\/\\\/women.lv\\\/product\\\/pure-mineral-naves-juras-dublu-matu-maska\\\/#breadcrumb\"},\"inLanguage\":\"en-GB\",\"potentialAction\":[{\"@type\":\"ReadAction\",\"target\":[\"https:\\\/\\\/women.lv\\\/product\\\/pure-mineral-naves-juras-dublu-matu-maska\\\/\"]}]},{\"@type\":\"ImageObject\",\"inLanguage\":\"en-GB\",\"@id\":\"https:\\\/\\\/women.lv\\\/product\\\/pure-mineral-naves-juras-dublu-matu-maska\\\/#primaryimage\",\"url\":\"https:\\\/\\\/women.lv\\\/wp-content\\\/uploads\\\/nc\\\/catalog\\\/Pure-Mineral\\\/MudHairMask_PureMineral_1024x1024.jpg\",\"contentUrl\":\"https:\\\/\\\/women.lv\\\/wp-content\\\/uploads\\\/nc\\\/catalog\\\/Pure-Mineral\\\/MudHairMask_PureMineral_1024x1024.jpg\",\"width\":723,\"height\":1024,\"caption\":\"N\u0101ves J\u016bras dub\u013cu matu maska\"},{\"@type\":\"BreadcrumbList\",\"@id\":\"https:\\\/\\\/women.lv\\\/product\\\/pure-mineral-naves-juras-dublu-matu-maska\\\/#breadcrumb\",\"itemListElement\":[{\"@type\":\"ListItem\",\"position\":1,\"name\":\"Home\",\"item\":\"https:\\\/\\\/women.lv\\\/\"},{\"@type\":\"ListItem\",\"position\":2,\"name\":\"Products\",\"item\":\"https:\\\/\\\/women.lv\\\/en\\\/shop\\\/\"},{\"@type\":\"ListItem\",\"position\":3,\"name\":\"N\u0101ves J\u016bras dub\u013cu matu maska\"}]},{\"@type\":\"WebSite\",\"@id\":\"https:\\\/\\\/women.lv\\\/#website\",\"url\":\"https:\\\/\\\/women.lv\\\/\",\"name\":\"Women Veikals\",\"description\":\"Uzdr\u012bksties b\u016bt skaista\",\"potentialAction\":[{\"@type\":\"SearchAction\",\"target\":{\"@type\":\"EntryPoint\",\"urlTemplate\":\"https:\\\/\\\/women.lv\\\/?s={search_term_string}\"},\"query-input\":{\"@type\":\"PropertyValueSpecification\",\"valueRequired\":true,\"valueName\":\"search_term_string\"}}],\"inLanguage\":\"en-GB\"}]}<\/script>\n<!-- \/ Yoast SEO plugin. -->","yoast_head_json":{"title":"Dead Sea Mud Hair Mask","description":"Maska bag\u0101tin\u0101ta ar dab\u012bgiem mitrin\u0101t\u0101jiem, piem\u0113ram, ol\u012bvu e\u013c\u013cu, v\u012bnogu kauli\u0146u e\u013c\u013cu un alveju. Galvas \u0101das kairin\u0101juma un \u0101das aps\u0101rtuma samazin\u0101\u0161anai, galvas \u0101das dzi\u013cai att\u012br\u012b\u0161anai un atjauno\u0161anai.","robots":{"index":"index","follow":"follow","max-snippet":"max-snippet:-1","max-image-preview":"max-image-preview:large","max-video-preview":"max-video-preview:-1"},"canonical":"https:\/\/women.lv\/en\/product\/pure-mineral-naves-juras-dublu-matu-maska\/","og_locale":"en_GB","og_type":"article","og_title":"N\u0101ves J\u016bras dub\u013cu matu maska","og_description":"Maska bag\u0101tin\u0101ta ar dab\u012bgiem mitrin\u0101t\u0101jiem, piem\u0113ram, ol\u012bvu e\u013c\u013cu, v\u012bnogu kauli\u0146u e\u013c\u013cu un alveju. Galvas \u0101das kairin\u0101juma un \u0101das aps\u0101rtuma samazin\u0101\u0161anai, galvas \u0101das dzi\u013cai att\u012br\u012b\u0161anai un atjauno\u0161anai.","og_url":"https:\/\/women.lv\/en\/product\/pure-mineral-naves-juras-dublu-matu-maska\/","og_site_name":"Women Veikals","article_modified_time":"2025-11-05T13:26:01+00:00","og_image":[{"width":723,"height":1024,"url":"https:\/\/women.lv\/wp-content\/uploads\/nc\/catalog\/Pure-Mineral\/MudHairMask_PureMineral_1024x1024.jpg","type":"image\/jpeg"}],"twitter_card":"summary_large_image","schema":{"@context":"https:\/\/schema.org","@graph":[{"@type":"WebPage","@id":"https:\/\/women.lv\/product\/pure-mineral-naves-juras-dublu-matu-maska\/","url":"https:\/\/women.lv\/product\/pure-mineral-naves-juras-dublu-matu-maska\/","name":"Dead Sea Mud Hair Mask","isPartOf":{"@id":"https:\/\/women.lv\/#website"},"primaryImageOfPage":{"@id":"https:\/\/women.lv\/product\/pure-mineral-naves-juras-dublu-matu-maska\/#primaryimage"},"image":{"@id":"https:\/\/women.lv\/product\/pure-mineral-naves-juras-dublu-matu-maska\/#primaryimage"},"thumbnailUrl":"https:\/\/women.lv\/wp-content\/uploads\/nc\/catalog\/Pure-Mineral\/MudHairMask_PureMineral_1024x1024.jpg","datePublished":"2020-05-27T12:10:10+00:00","dateModified":"2025-11-05T13:26:01+00:00","description":"Maska bag\u0101tin\u0101ta ar dab\u012bgiem mitrin\u0101t\u0101jiem, piem\u0113ram, ol\u012bvu e\u013c\u013cu, v\u012bnogu kauli\u0146u e\u013c\u013cu un alveju. Galvas \u0101das kairin\u0101juma un \u0101das aps\u0101rtuma samazin\u0101\u0161anai, galvas \u0101das dzi\u013cai att\u012br\u012b\u0161anai un atjauno\u0161anai.","breadcrumb":{"@id":"https:\/\/women.lv\/product\/pure-mineral-naves-juras-dublu-matu-maska\/#breadcrumb"},"inLanguage":"en-GB","potentialAction":[{"@type":"ReadAction","target":["https:\/\/women.lv\/product\/pure-mineral-naves-juras-dublu-matu-maska\/"]}]},{"@type":"ImageObject","inLanguage":"en-GB","@id":"https:\/\/women.lv\/product\/pure-mineral-naves-juras-dublu-matu-maska\/#primaryimage","url":"https:\/\/women.lv\/wp-content\/uploads\/nc\/catalog\/Pure-Mineral\/MudHairMask_PureMineral_1024x1024.jpg","contentUrl":"https:\/\/women.lv\/wp-content\/uploads\/nc\/catalog\/Pure-Mineral\/MudHairMask_PureMineral_1024x1024.jpg","width":723,"height":1024,"caption":"N\u0101ves J\u016bras dub\u013cu matu maska"},{"@type":"BreadcrumbList","@id":"https:\/\/women.lv\/product\/pure-mineral-naves-juras-dublu-matu-maska\/#breadcrumb","itemListElement":[{"@type":"ListItem","position":1,"name":"Home","item":"https:\/\/women.lv\/"},{"@type":"ListItem","position":2,"name":"Products","item":"https:\/\/women.lv\/en\/shop\/"},{"@type":"ListItem","position":3,"name":"N\u0101ves J\u016bras dub\u013cu matu maska"}]},{"@type":"WebSite","@id":"https:\/\/women.lv\/#website","url":"https:\/\/women.lv\/","name":"Women Shop","description":"Uzdr\u012bksties b\u016bt skaista","potentialAction":[{"@type":"SearchAction","target":{"@type":"EntryPoint","urlTemplate":"https:\/\/women.lv\/?s={search_term_string}"},"query-input":{"@type":"PropertyValueSpecification","valueRequired":true,"valueName":"search_term_string"}}],"inLanguage":"en-GB"}]}},"_links":{"self":[{"href":"https:\/\/women.lv\/en\/wp-json\/wp\/v2\/product\/28423","targetHints":{"allow":["GET"]}}],"collection":[{"href":"https:\/\/women.lv\/en\/wp-json\/wp\/v2\/product"}],"about":[{"href":"https:\/\/women.lv\/en\/wp-json\/wp\/v2\/types\/product"}],"replies":[{"embeddable":true,"href":"https:\/\/women.lv\/en\/wp-json\/wp\/v2\/comments?post=28423"}],"version-history":[{"count":0,"href":"https:\/\/women.lv\/en\/wp-json\/wp\/v2\/product\/28423\/revisions"}],"wp:featuredmedia":[{"embeddable":true,"href":"https:\/\/women.lv\/en\/wp-json\/wp\/v2\/media\/28424"}],"wp:attachment":[{"href":"https:\/\/women.lv\/en\/wp-json\/wp\/v2\/media?parent=28423"}],"wp:term":[{"taxonomy":"product_brand","embeddable":true,"href":"https:\/\/women.lv\/en\/wp-json\/wp\/v2\/product_brand?post=28423"},{"taxonomy":"product_cat","embeddable":true,"href":"https:\/\/women.lv\/en\/wp-json\/wp\/v2\/product_cat?post=28423"},{"taxonomy":"product_tag","embeddable":true,"href":"https:\/\/women.lv\/en\/wp-json\/wp\/v2\/product_tag?post=28423"}],"curies":[{"name":"wp","href":"https:\/\/api.w.org\/{rel}","templated":true}]}}