{"id":28413,"date":"2020-05-26T17:34:14","date_gmt":"2020-05-26T17:34:14","guid":{"rendered":"https:\/\/women.lv\/?product=aloe-vera-gels"},"modified":"2026-01-29T13:29:49","modified_gmt":"2026-01-29T11:29:49","slug":"shemen-amour-aloe-vera-gels","status":"publish","type":"product","link":"https:\/\/women.lv\/en\/product\/shemen-amour-aloe-vera-gels\/","title":{"rendered":"Aloe vera gel"},"content":{"rendered":"<p><span style=\"font-family: Helvetica;\"><span style=\"font-size: 18px;\">Procedu\u0101r\u0101\u00a0N\u0101ves j\u016bras miner\u0101lu \u017eeleja ir paredz\u0113ta \u0101das atsl\u0101bin\u0101\u0161anai p\u0113c p\u0101rm\u0113r\u012bgas saules iedarb\u012bbas vai apdegumu gad\u012bjum\u0101, nodro\u0161inot v\u0113su labsaj\u016btu visai \u0137erme\u0146a apdegu\u0161ajai zonai.<\/span><\/p>\n<p><span style=\"font-size: 18px;\">This is an indispensable tool that is useful for both the skin of the body and the face. You can use it at different times of the year because aloe vera has medicinal properties and has been used as a beauty secret throughout the ages.<\/span><\/span><\/p>","protected":false},"excerpt":{"rendered":"<p>Procedural Dead Sea mineral gel is designed to relax the skin after excessive sun exposure or in case of burns, providing a cool feeling of well-being for the whole body<\/p>","protected":false},"featured_media":28414,"comment_status":"open","ping_status":"closed","template":"","meta":[],"product_brand":[],"product_cat":[2217,2208,2216,2231,2215],"product_tag":[2796,2798,2758,2244,2243,2368,2245,2797],"class_list":{"0":"post-28413","1":"product","2":"type-product","3":"status-publish","4":"has-post-thumbnail","6":"product_cat-citi-produkti-kermena-kopsanai","7":"product_cat-kermena-kopsanas-lidzekii","8":"product_cat-kermena-mitrinasana-un-barosana","9":"product_cat-lv-on-sale","10":"product_cat-visi-produkti","11":"product_tag-aloe-vera-gel","12":"product_tag-aloe-vera-gels","13":"product_tag-dead-sea-treatment","14":"product_tag-israel","15":"product_tag-izraela","16":"product_tag-shemen-amour","17":"product_tag-2245","18":"product_tag-2797","19":"pa_brand_nc-shemen-amour","20":"pa_ean_nc-3936","22":"first","23":"instock","24":"sale","25":"taxable","26":"shipping-taxable","27":"purchasable","28":"product-type-simple"},"yoast_head":"<!-- This site is optimized with the Yoast SEO plugin v27.4 - https:\/\/yoast.com\/product\/yoast-seo-wordpress\/ -->\n<title>Aloe vera g\u0113ls<\/title>\n<meta name=\"description\" content=\"\u0160is ir neaizst\u0101jams l\u012bdzeklis, kas noder gan \u0137erme\u0146a \u0101dai, gan sejai. J\u016bs to varat izmantot da\u017e\u0101dos gada periodos, jo alvejai ir \u0101rstnieciskas \u012bpa\u0161\u012bbas, un t\u0101 da\u017e\u0101dos laikmetos ir izmantota k\u0101 skaistuma nosl\u0113pums\" \/>\n<meta name=\"robots\" content=\"index, follow, max-snippet:-1, max-image-preview:large, max-video-preview:-1\" \/>\n<link rel=\"canonical\" href=\"https:\/\/women.lv\/en\/product\/shemen-amour-aloe-vera-gels\/\" \/>\n<meta property=\"og:locale\" content=\"en_GB\" \/>\n<meta property=\"og:type\" content=\"article\" \/>\n<meta property=\"og:title\" content=\"Aloe vera g\u0113ls\" \/>\n<meta property=\"og:description\" content=\"\u0160is ir neaizst\u0101jams l\u012bdzeklis, kas noder gan \u0137erme\u0146a \u0101dai, gan sejai. J\u016bs to varat izmantot da\u017e\u0101dos gada periodos, jo alvejai ir \u0101rstnieciskas \u012bpa\u0161\u012bbas, un t\u0101 da\u017e\u0101dos laikmetos ir izmantota k\u0101 skaistuma nosl\u0113pums\" \/>\n<meta property=\"og:url\" content=\"https:\/\/women.lv\/en\/product\/shemen-amour-aloe-vera-gels\/\" \/>\n<meta property=\"og:site_name\" content=\"Women Veikals\" \/>\n<meta property=\"article:modified_time\" content=\"2026-01-29T11:29:49+00:00\" \/>\n<meta property=\"og:image\" content=\"https:\/\/women.lv\/wp-content\/uploads\/nc\/catalog\/Israel\/Sheman-Amour\/Rest\/sa-aloe-vera.png\" \/>\n\t<meta property=\"og:image:width\" content=\"524\" \/>\n\t<meta property=\"og:image:height\" content=\"700\" \/>\n\t<meta property=\"og:image:type\" content=\"image\/png\" \/>\n<meta name=\"twitter:card\" content=\"summary_large_image\" \/>\n<script type=\"application\/ld+json\" class=\"yoast-schema-graph\">{\"@context\":\"https:\\\/\\\/schema.org\",\"@graph\":[{\"@type\":\"WebPage\",\"@id\":\"https:\\\/\\\/women.lv\\\/product\\\/shemen-amour-aloe-vera-gels\\\/\",\"url\":\"https:\\\/\\\/women.lv\\\/product\\\/shemen-amour-aloe-vera-gels\\\/\",\"name\":\"Aloe vera g\u0113ls\",\"isPartOf\":{\"@id\":\"https:\\\/\\\/women.lv\\\/#website\"},\"primaryImageOfPage\":{\"@id\":\"https:\\\/\\\/women.lv\\\/product\\\/shemen-amour-aloe-vera-gels\\\/#primaryimage\"},\"image\":{\"@id\":\"https:\\\/\\\/women.lv\\\/product\\\/shemen-amour-aloe-vera-gels\\\/#primaryimage\"},\"thumbnailUrl\":\"https:\\\/\\\/women.lv\\\/wp-content\\\/uploads\\\/nc\\\/catalog\\\/Israel\\\/Sheman-Amour\\\/Rest\\\/sa-aloe-vera.png\",\"datePublished\":\"2020-05-26T17:34:14+00:00\",\"dateModified\":\"2026-01-29T11:29:49+00:00\",\"description\":\"\u0160is ir neaizst\u0101jams l\u012bdzeklis, kas noder gan \u0137erme\u0146a \u0101dai, gan sejai. J\u016bs to varat izmantot da\u017e\u0101dos gada periodos, jo alvejai ir \u0101rstnieciskas \u012bpa\u0161\u012bbas, un t\u0101 da\u017e\u0101dos laikmetos ir izmantota k\u0101 skaistuma nosl\u0113pums\",\"breadcrumb\":{\"@id\":\"https:\\\/\\\/women.lv\\\/product\\\/shemen-amour-aloe-vera-gels\\\/#breadcrumb\"},\"inLanguage\":\"en-GB\",\"potentialAction\":[{\"@type\":\"ReadAction\",\"target\":[\"https:\\\/\\\/women.lv\\\/product\\\/shemen-amour-aloe-vera-gels\\\/\"]}]},{\"@type\":\"ImageObject\",\"inLanguage\":\"en-GB\",\"@id\":\"https:\\\/\\\/women.lv\\\/product\\\/shemen-amour-aloe-vera-gels\\\/#primaryimage\",\"url\":\"https:\\\/\\\/women.lv\\\/wp-content\\\/uploads\\\/nc\\\/catalog\\\/Israel\\\/Sheman-Amour\\\/Rest\\\/sa-aloe-vera.png\",\"contentUrl\":\"https:\\\/\\\/women.lv\\\/wp-content\\\/uploads\\\/nc\\\/catalog\\\/Israel\\\/Sheman-Amour\\\/Rest\\\/sa-aloe-vera.png\",\"width\":524,\"height\":700,\"caption\":\"Aloe vera g\u0113ls\"},{\"@type\":\"BreadcrumbList\",\"@id\":\"https:\\\/\\\/women.lv\\\/product\\\/shemen-amour-aloe-vera-gels\\\/#breadcrumb\",\"itemListElement\":[{\"@type\":\"ListItem\",\"position\":1,\"name\":\"Home\",\"item\":\"https:\\\/\\\/women.lv\\\/\"},{\"@type\":\"ListItem\",\"position\":2,\"name\":\"Products\",\"item\":\"https:\\\/\\\/women.lv\\\/en\\\/shop\\\/\"},{\"@type\":\"ListItem\",\"position\":3,\"name\":\"Aloe vera g\u0113ls\"}]},{\"@type\":\"WebSite\",\"@id\":\"https:\\\/\\\/women.lv\\\/#website\",\"url\":\"https:\\\/\\\/women.lv\\\/\",\"name\":\"Women Veikals\",\"description\":\"Uzdr\u012bksties b\u016bt skaista\",\"potentialAction\":[{\"@type\":\"SearchAction\",\"target\":{\"@type\":\"EntryPoint\",\"urlTemplate\":\"https:\\\/\\\/women.lv\\\/?s={search_term_string}\"},\"query-input\":{\"@type\":\"PropertyValueSpecification\",\"valueRequired\":true,\"valueName\":\"search_term_string\"}}],\"inLanguage\":\"en-GB\"}]}<\/script>\n<!-- \/ Yoast SEO plugin. -->","yoast_head_json":{"title":"Aloe vera gel","description":"\u0160is ir neaizst\u0101jams l\u012bdzeklis, kas noder gan \u0137erme\u0146a \u0101dai, gan sejai. J\u016bs to varat izmantot da\u017e\u0101dos gada periodos, jo alvejai ir \u0101rstnieciskas \u012bpa\u0161\u012bbas, un t\u0101 da\u017e\u0101dos laikmetos ir izmantota k\u0101 skaistuma nosl\u0113pums","robots":{"index":"index","follow":"follow","max-snippet":"max-snippet:-1","max-image-preview":"max-image-preview:large","max-video-preview":"max-video-preview:-1"},"canonical":"https:\/\/women.lv\/en\/product\/shemen-amour-aloe-vera-gels\/","og_locale":"en_GB","og_type":"article","og_title":"Aloe vera g\u0113ls","og_description":"\u0160is ir neaizst\u0101jams l\u012bdzeklis, kas noder gan \u0137erme\u0146a \u0101dai, gan sejai. J\u016bs to varat izmantot da\u017e\u0101dos gada periodos, jo alvejai ir \u0101rstnieciskas \u012bpa\u0161\u012bbas, un t\u0101 da\u017e\u0101dos laikmetos ir izmantota k\u0101 skaistuma nosl\u0113pums","og_url":"https:\/\/women.lv\/en\/product\/shemen-amour-aloe-vera-gels\/","og_site_name":"Women Veikals","article_modified_time":"2026-01-29T11:29:49+00:00","og_image":[{"width":524,"height":700,"url":"https:\/\/women.lv\/wp-content\/uploads\/nc\/catalog\/Israel\/Sheman-Amour\/Rest\/sa-aloe-vera.png","type":"image\/png"}],"twitter_card":"summary_large_image","schema":{"@context":"https:\/\/schema.org","@graph":[{"@type":"WebPage","@id":"https:\/\/women.lv\/product\/shemen-amour-aloe-vera-gels\/","url":"https:\/\/women.lv\/product\/shemen-amour-aloe-vera-gels\/","name":"Aloe vera gel","isPartOf":{"@id":"https:\/\/women.lv\/#website"},"primaryImageOfPage":{"@id":"https:\/\/women.lv\/product\/shemen-amour-aloe-vera-gels\/#primaryimage"},"image":{"@id":"https:\/\/women.lv\/product\/shemen-amour-aloe-vera-gels\/#primaryimage"},"thumbnailUrl":"https:\/\/women.lv\/wp-content\/uploads\/nc\/catalog\/Israel\/Sheman-Amour\/Rest\/sa-aloe-vera.png","datePublished":"2020-05-26T17:34:14+00:00","dateModified":"2026-01-29T11:29:49+00:00","description":"\u0160is ir neaizst\u0101jams l\u012bdzeklis, kas noder gan \u0137erme\u0146a \u0101dai, gan sejai. J\u016bs to varat izmantot da\u017e\u0101dos gada periodos, jo alvejai ir \u0101rstnieciskas \u012bpa\u0161\u012bbas, un t\u0101 da\u017e\u0101dos laikmetos ir izmantota k\u0101 skaistuma nosl\u0113pums","breadcrumb":{"@id":"https:\/\/women.lv\/product\/shemen-amour-aloe-vera-gels\/#breadcrumb"},"inLanguage":"en-GB","potentialAction":[{"@type":"ReadAction","target":["https:\/\/women.lv\/product\/shemen-amour-aloe-vera-gels\/"]}]},{"@type":"ImageObject","inLanguage":"en-GB","@id":"https:\/\/women.lv\/product\/shemen-amour-aloe-vera-gels\/#primaryimage","url":"https:\/\/women.lv\/wp-content\/uploads\/nc\/catalog\/Israel\/Sheman-Amour\/Rest\/sa-aloe-vera.png","contentUrl":"https:\/\/women.lv\/wp-content\/uploads\/nc\/catalog\/Israel\/Sheman-Amour\/Rest\/sa-aloe-vera.png","width":524,"height":700,"caption":"Aloe vera g\u0113ls"},{"@type":"BreadcrumbList","@id":"https:\/\/women.lv\/product\/shemen-amour-aloe-vera-gels\/#breadcrumb","itemListElement":[{"@type":"ListItem","position":1,"name":"Home","item":"https:\/\/women.lv\/"},{"@type":"ListItem","position":2,"name":"Products","item":"https:\/\/women.lv\/en\/shop\/"},{"@type":"ListItem","position":3,"name":"Aloe vera g\u0113ls"}]},{"@type":"WebSite","@id":"https:\/\/women.lv\/#website","url":"https:\/\/women.lv\/","name":"Women Shop","description":"Uzdr\u012bksties b\u016bt skaista","potentialAction":[{"@type":"SearchAction","target":{"@type":"EntryPoint","urlTemplate":"https:\/\/women.lv\/?s={search_term_string}"},"query-input":{"@type":"PropertyValueSpecification","valueRequired":true,"valueName":"search_term_string"}}],"inLanguage":"en-GB"}]}},"_links":{"self":[{"href":"https:\/\/women.lv\/en\/wp-json\/wp\/v2\/product\/28413","targetHints":{"allow":["GET"]}}],"collection":[{"href":"https:\/\/women.lv\/en\/wp-json\/wp\/v2\/product"}],"about":[{"href":"https:\/\/women.lv\/en\/wp-json\/wp\/v2\/types\/product"}],"replies":[{"embeddable":true,"href":"https:\/\/women.lv\/en\/wp-json\/wp\/v2\/comments?post=28413"}],"version-history":[{"count":0,"href":"https:\/\/women.lv\/en\/wp-json\/wp\/v2\/product\/28413\/revisions"}],"wp:featuredmedia":[{"embeddable":true,"href":"https:\/\/women.lv\/en\/wp-json\/wp\/v2\/media\/28414"}],"wp:attachment":[{"href":"https:\/\/women.lv\/en\/wp-json\/wp\/v2\/media?parent=28413"}],"wp:term":[{"taxonomy":"product_brand","embeddable":true,"href":"https:\/\/women.lv\/en\/wp-json\/wp\/v2\/product_brand?post=28413"},{"taxonomy":"product_cat","embeddable":true,"href":"https:\/\/women.lv\/en\/wp-json\/wp\/v2\/product_cat?post=28413"},{"taxonomy":"product_tag","embeddable":true,"href":"https:\/\/women.lv\/en\/wp-json\/wp\/v2\/product_tag?post=28413"}],"curies":[{"name":"wp","href":"https:\/\/api.w.org\/{rel}","templated":true}]}}