{"id":28368,"date":"2020-05-20T11:14:19","date_gmt":"2020-05-20T11:14:19","guid":{"rendered":"https:\/\/women.lv\/?product=aloe-vera-gels-ar-dziedinoso-pieskarienu"},"modified":"2025-11-05T13:25:58","modified_gmt":"2025-11-05T13:25:58","slug":"yofing-aloe-vera-gels-ar-dziedinoso-pieskarienu","status":"publish","type":"product","link":"https:\/\/women.lv\/en\/product\/yofing-aloe-vera-gels-ar-dziedinoso-pieskarienu\/","title":{"rendered":"Aloe vera gel with healing touch"},"content":{"rendered":"<p><span style=\"font-family: Helvetica;\"><span style=\"font-size: 18px;\">Izmantojot Aloe Vera g\u0113lu, m\u0113s nodro\u0161in\u0101m, ka m\u016bsu \u0101da tiek nomierin\u0101ta, mitrin\u0101ta un atjaunota ar\u012b sausa un saules iedarb\u012bbai pak\u013cauta \u0101da. \u0160is g\u0113ls uzreiz nomierina \u0101du, atst\u0101jot to vesel\u012bgu, maigu un bag\u0101tin\u0101tu ar aktiviz\u0113tu \u0161\u016bnu atjauno\u0161anos.<\/span><\/p>\n<p><span style=\"font-size: 18px;\">Alvejas lapas satur krietnu daudzumu antioksidantu, ieskaitot beta karot\u012bnu, C un E vitam\u012bnu, kas var pal\u012bdz\u0113t uzlabot \u0101das dabisko tvirtumu un uztur\u0113t \u0101du mitrin\u0101tu.<\/span><\/p>\n<p><span style=\"font-size: 18px;\">Alveja pal\u012bdz pret saules apdegumiem, pateicoties sp\u0113c\u012bgajai dziedino\u0161ajai iedarb\u012bbai \u0101das epit\u0113lija l\u012bmen\u012b jeb \u0161\u016bnu sl\u0101nim, kas p\u0101rkl\u0101j \u0137ermeni.<\/span><\/span><span style=\"font-family: Helvetica;\"><span style=\"font-size: 18px;\"><\/p>\n<p><\/span><\/p>\n<p><\/span><\/p>","protected":false},"excerpt":{"rendered":"<p>With Aloe Vera gel, we ensure that our skin is soothed, moisturized and rejuvenated even when dry and sun-exposed.<\/p>","protected":false},"featured_media":28369,"comment_status":"open","ping_status":"closed","template":"","meta":[],"product_brand":[],"product_cat":[2217,2208,2216,2231,2215],"product_tag":[2244,2243,2721,2723,2722,2245],"class_list":{"0":"post-28368","1":"product","2":"type-product","3":"status-publish","4":"has-post-thumbnail","6":"product_cat-citi-produkti-kermena-kopsanai","7":"product_cat-kermena-kopsanas-lidzekii","8":"product_cat-kermena-mitrinasana-un-barosana","9":"product_cat-lv-on-sale","10":"product_cat-visi-produkti","11":"product_tag-israel","12":"product_tag-izraela","13":"product_tag-yofing-aloe-vera-gel-with-healing-touch","14":"product_tag-yofing-aloe-vera-gels-ar-dziedinoso-pieskarienu","15":"product_tag-2722","16":"product_tag-2245","17":"pa_brand_nc-yofing","18":"pa_ean_nc-2720","19":"pa_ean_nc-israel","21":"first","22":"instock","23":"sale","24":"taxable","25":"shipping-taxable","26":"purchasable","27":"product-type-simple"},"yoast_head":"<!-- This site is optimized with the Yoast SEO plugin v23.9 - https:\/\/yoast.com\/wordpress\/plugins\/seo\/ -->\n<title>YOFING - aloe vera g\u0113ls ar dziedino\u0161o piesk\u0101rienu<\/title>\n<meta name=\"description\" content=\"Alvejas lapas satur krietnu daudzumu antioksidantu, ieskaitot beta karot\u012bnu, C un E vitam\u012bnu, kas var pal\u012bdz\u0113t uzlabot \u0101das dabisko tvirtumu un uztur\u0113t \u0101du mitrin\u0101.\" \/>\n<meta name=\"robots\" content=\"index, follow, max-snippet:-1, max-image-preview:large, max-video-preview:-1\" \/>\n<link rel=\"canonical\" href=\"https:\/\/women.lv\/en\/product\/yofing-aloe-vera-gels-ar-dziedinoso-pieskarienu\/\" \/>\n<meta property=\"og:locale\" content=\"en_GB\" \/>\n<meta property=\"og:type\" content=\"article\" \/>\n<meta property=\"og:title\" content=\"YOFING - aloe vera g\u0113ls ar dziedino\u0161o piesk\u0101rienu\" \/>\n<meta property=\"og:description\" content=\"Alvejas lapas satur krietnu daudzumu antioksidantu, ieskaitot beta karot\u012bnu, C un E vitam\u012bnu, kas var pal\u012bdz\u0113t uzlabot \u0101das dabisko tvirtumu un uztur\u0113t \u0101du mitrin\u0101.\" \/>\n<meta property=\"og:url\" content=\"https:\/\/women.lv\/en\/product\/yofing-aloe-vera-gels-ar-dziedinoso-pieskarienu\/\" \/>\n<meta property=\"og:site_name\" content=\"Women Veikals\" \/>\n<meta property=\"article:modified_time\" content=\"2025-11-05T13:25:58+00:00\" \/>\n<meta property=\"og:image\" content=\"https:\/\/women.lv\/wp-content\/uploads\/nc\/catalog\/Israel\/Yofing\/GEL\/yofing_aloe_vera_gel11-scaled.jpg\" \/>\n\t<meta property=\"og:image:width\" content=\"1134\" \/>\n\t<meta property=\"og:image:height\" content=\"1600\" \/>\n\t<meta property=\"og:image:type\" content=\"image\/jpeg\" \/>\n<meta name=\"twitter:card\" content=\"summary_large_image\" \/>\n<meta name=\"twitter:label1\" content=\"Estimated reading time\" \/>\n\t<meta name=\"twitter:data1\" content=\"1 minute\" \/>\n<script type=\"application\/ld+json\" class=\"yoast-schema-graph\">{\"@context\":\"https:\/\/schema.org\",\"@graph\":[{\"@type\":\"WebPage\",\"@id\":\"https:\/\/women.lv\/product\/yofing-aloe-vera-gels-ar-dziedinoso-pieskarienu\/\",\"url\":\"https:\/\/women.lv\/product\/yofing-aloe-vera-gels-ar-dziedinoso-pieskarienu\/\",\"name\":\"YOFING - aloe vera g\u0113ls ar dziedino\u0161o piesk\u0101rienu\",\"isPartOf\":{\"@id\":\"https:\/\/women.lv\/#website\"},\"primaryImageOfPage\":{\"@id\":\"https:\/\/women.lv\/product\/yofing-aloe-vera-gels-ar-dziedinoso-pieskarienu\/#primaryimage\"},\"image\":{\"@id\":\"https:\/\/women.lv\/product\/yofing-aloe-vera-gels-ar-dziedinoso-pieskarienu\/#primaryimage\"},\"thumbnailUrl\":\"https:\/\/women.lv\/wp-content\/uploads\/nc\/catalog\/Israel\/Yofing\/GEL\/yofing_aloe_vera_gel11-scaled.jpg\",\"datePublished\":\"2020-05-20T11:14:19+00:00\",\"dateModified\":\"2025-11-05T13:25:58+00:00\",\"description\":\"Alvejas lapas satur krietnu daudzumu antioksidantu, ieskaitot beta karot\u012bnu, C un E vitam\u012bnu, kas var pal\u012bdz\u0113t uzlabot \u0101das dabisko tvirtumu un uztur\u0113t \u0101du mitrin\u0101.\",\"breadcrumb\":{\"@id\":\"https:\/\/women.lv\/product\/yofing-aloe-vera-gels-ar-dziedinoso-pieskarienu\/#breadcrumb\"},\"inLanguage\":\"en-GB\",\"potentialAction\":[{\"@type\":\"ReadAction\",\"target\":[\"https:\/\/women.lv\/product\/yofing-aloe-vera-gels-ar-dziedinoso-pieskarienu\/\"]}]},{\"@type\":\"ImageObject\",\"inLanguage\":\"en-GB\",\"@id\":\"https:\/\/women.lv\/product\/yofing-aloe-vera-gels-ar-dziedinoso-pieskarienu\/#primaryimage\",\"url\":\"https:\/\/women.lv\/wp-content\/uploads\/nc\/catalog\/Israel\/Yofing\/GEL\/yofing_aloe_vera_gel11-scaled.jpg\",\"contentUrl\":\"https:\/\/women.lv\/wp-content\/uploads\/nc\/catalog\/Israel\/Yofing\/GEL\/yofing_aloe_vera_gel11-scaled.jpg\",\"width\":1134,\"height\":1600,\"caption\":\"Aloe vera g\u0113ls ar dziedino\u0161o piesk\u0101rienu\"},{\"@type\":\"BreadcrumbList\",\"@id\":\"https:\/\/women.lv\/product\/yofing-aloe-vera-gels-ar-dziedinoso-pieskarienu\/#breadcrumb\",\"itemListElement\":[{\"@type\":\"ListItem\",\"position\":1,\"name\":\"Home\",\"item\":\"https:\/\/women.lv\/\"},{\"@type\":\"ListItem\",\"position\":2,\"name\":\"Products\",\"item\":\"https:\/\/women.lv\/en\/shop\/\"},{\"@type\":\"ListItem\",\"position\":3,\"name\":\"Aloe vera g\u0113ls ar dziedino\u0161o piesk\u0101rienu\"}]},{\"@type\":\"WebSite\",\"@id\":\"https:\/\/women.lv\/#website\",\"url\":\"https:\/\/women.lv\/\",\"name\":\"Women Veikals\",\"description\":\"Uzdr\u012bksties b\u016bt skaista\",\"potentialAction\":[{\"@type\":\"SearchAction\",\"target\":{\"@type\":\"EntryPoint\",\"urlTemplate\":\"https:\/\/women.lv\/?s={search_term_string}\"},\"query-input\":{\"@type\":\"PropertyValueSpecification\",\"valueRequired\":true,\"valueName\":\"search_term_string\"}}],\"inLanguage\":\"en-GB\"}]}<\/script>\n<!-- \/ Yoast SEO plugin. -->","yoast_head_json":{"title":"YOFING - aloe vera g\u0113ls ar dziedino\u0161o piesk\u0101rienu","description":"Alvejas lapas satur krietnu daudzumu antioksidantu, ieskaitot beta karot\u012bnu, C un E vitam\u012bnu, kas var pal\u012bdz\u0113t uzlabot \u0101das dabisko tvirtumu un uztur\u0113t \u0101du mitrin\u0101.","robots":{"index":"index","follow":"follow","max-snippet":"max-snippet:-1","max-image-preview":"max-image-preview:large","max-video-preview":"max-video-preview:-1"},"canonical":"https:\/\/women.lv\/en\/product\/yofing-aloe-vera-gels-ar-dziedinoso-pieskarienu\/","og_locale":"en_GB","og_type":"article","og_title":"YOFING - aloe vera g\u0113ls ar dziedino\u0161o piesk\u0101rienu","og_description":"Alvejas lapas satur krietnu daudzumu antioksidantu, ieskaitot beta karot\u012bnu, C un E vitam\u012bnu, kas var pal\u012bdz\u0113t uzlabot \u0101das dabisko tvirtumu un uztur\u0113t \u0101du mitrin\u0101.","og_url":"https:\/\/women.lv\/en\/product\/yofing-aloe-vera-gels-ar-dziedinoso-pieskarienu\/","og_site_name":"Women Veikals","article_modified_time":"2025-11-05T13:25:58+00:00","og_image":[{"width":1134,"height":1600,"url":"https:\/\/women.lv\/wp-content\/uploads\/nc\/catalog\/Israel\/Yofing\/GEL\/yofing_aloe_vera_gel11-scaled.jpg","type":"image\/jpeg"}],"twitter_card":"summary_large_image","twitter_misc":{"Estimated reading time":"1 minute"},"schema":{"@context":"https:\/\/schema.org","@graph":[{"@type":"WebPage","@id":"https:\/\/women.lv\/product\/yofing-aloe-vera-gels-ar-dziedinoso-pieskarienu\/","url":"https:\/\/women.lv\/product\/yofing-aloe-vera-gels-ar-dziedinoso-pieskarienu\/","name":"YOFING - aloe vera g\u0113ls ar dziedino\u0161o piesk\u0101rienu","isPartOf":{"@id":"https:\/\/women.lv\/#website"},"primaryImageOfPage":{"@id":"https:\/\/women.lv\/product\/yofing-aloe-vera-gels-ar-dziedinoso-pieskarienu\/#primaryimage"},"image":{"@id":"https:\/\/women.lv\/product\/yofing-aloe-vera-gels-ar-dziedinoso-pieskarienu\/#primaryimage"},"thumbnailUrl":"https:\/\/women.lv\/wp-content\/uploads\/nc\/catalog\/Israel\/Yofing\/GEL\/yofing_aloe_vera_gel11-scaled.jpg","datePublished":"2020-05-20T11:14:19+00:00","dateModified":"2025-11-05T13:25:58+00:00","description":"Alvejas lapas satur krietnu daudzumu antioksidantu, ieskaitot beta karot\u012bnu, C un E vitam\u012bnu, kas var pal\u012bdz\u0113t uzlabot \u0101das dabisko tvirtumu un uztur\u0113t \u0101du mitrin\u0101.","breadcrumb":{"@id":"https:\/\/women.lv\/product\/yofing-aloe-vera-gels-ar-dziedinoso-pieskarienu\/#breadcrumb"},"inLanguage":"en-GB","potentialAction":[{"@type":"ReadAction","target":["https:\/\/women.lv\/product\/yofing-aloe-vera-gels-ar-dziedinoso-pieskarienu\/"]}]},{"@type":"ImageObject","inLanguage":"en-GB","@id":"https:\/\/women.lv\/product\/yofing-aloe-vera-gels-ar-dziedinoso-pieskarienu\/#primaryimage","url":"https:\/\/women.lv\/wp-content\/uploads\/nc\/catalog\/Israel\/Yofing\/GEL\/yofing_aloe_vera_gel11-scaled.jpg","contentUrl":"https:\/\/women.lv\/wp-content\/uploads\/nc\/catalog\/Israel\/Yofing\/GEL\/yofing_aloe_vera_gel11-scaled.jpg","width":1134,"height":1600,"caption":"Aloe vera g\u0113ls ar dziedino\u0161o piesk\u0101rienu"},{"@type":"BreadcrumbList","@id":"https:\/\/women.lv\/product\/yofing-aloe-vera-gels-ar-dziedinoso-pieskarienu\/#breadcrumb","itemListElement":[{"@type":"ListItem","position":1,"name":"Home","item":"https:\/\/women.lv\/"},{"@type":"ListItem","position":2,"name":"Products","item":"https:\/\/women.lv\/en\/shop\/"},{"@type":"ListItem","position":3,"name":"Aloe vera g\u0113ls ar dziedino\u0161o piesk\u0101rienu"}]},{"@type":"WebSite","@id":"https:\/\/women.lv\/#website","url":"https:\/\/women.lv\/","name":"Women Veikals","description":"Uzdr\u012bksties b\u016bt skaista","potentialAction":[{"@type":"SearchAction","target":{"@type":"EntryPoint","urlTemplate":"https:\/\/women.lv\/?s={search_term_string}"},"query-input":{"@type":"PropertyValueSpecification","valueRequired":true,"valueName":"search_term_string"}}],"inLanguage":"en-GB"}]}},"_links":{"self":[{"href":"https:\/\/women.lv\/en\/wp-json\/wp\/v2\/product\/28368","targetHints":{"allow":["GET"]}}],"collection":[{"href":"https:\/\/women.lv\/en\/wp-json\/wp\/v2\/product"}],"about":[{"href":"https:\/\/women.lv\/en\/wp-json\/wp\/v2\/types\/product"}],"replies":[{"embeddable":true,"href":"https:\/\/women.lv\/en\/wp-json\/wp\/v2\/comments?post=28368"}],"version-history":[{"count":1,"href":"https:\/\/women.lv\/en\/wp-json\/wp\/v2\/product\/28368\/revisions"}],"predecessor-version":[{"id":29563,"href":"https:\/\/women.lv\/en\/wp-json\/wp\/v2\/product\/28368\/revisions\/29563"}],"wp:featuredmedia":[{"embeddable":true,"href":"https:\/\/women.lv\/en\/wp-json\/wp\/v2\/media\/28369"}],"wp:attachment":[{"href":"https:\/\/women.lv\/en\/wp-json\/wp\/v2\/media?parent=28368"}],"wp:term":[{"taxonomy":"product_brand","embeddable":true,"href":"https:\/\/women.lv\/en\/wp-json\/wp\/v2\/product_brand?post=28368"},{"taxonomy":"product_cat","embeddable":true,"href":"https:\/\/women.lv\/en\/wp-json\/wp\/v2\/product_cat?post=28368"},{"taxonomy":"product_tag","embeddable":true,"href":"https:\/\/women.lv\/en\/wp-json\/wp\/v2\/product_tag?post=28368"}],"curies":[{"name":"wp","href":"https:\/\/api.w.org\/{rel}","templated":true}]}}