{"id":28311,"date":"2020-05-11T16:24:58","date_gmt":"2020-05-11T16:24:58","guid":{"rendered":"https:\/\/women.lv\/?product=hemp-oil-gold-magnetiska-maska-ar-naves-juras-mineraliem"},"modified":"2025-11-05T13:25:55","modified_gmt":"2025-11-05T13:25:55","slug":"hemp-oil-gold-magnetiska-maska-ar-naves-juras-mineraliem","status":"publish","type":"product","link":"https:\/\/women.lv\/en\/product\/hemp-oil-gold-magnetiska-maska-ar-naves-juras-mineraliem\/","title":{"rendered":"Hemp oil &amp; gold magnetic mask with Dead Sea minerals"},"content":{"rendered":"<p><span style=\"font-family: Helvetica;\"><b><span style=\"font-size: 18px;\">Hemp oil &amp; Gold<\/span><\/b><span style=\"font-size: 18px;\">\u00a0the magnetic mask is an anti-aging mask with intense, skin-nourishing effects. The innovative formula is based on natural Dead Sea mud in combination with hemp oil. The mineral composition of the mask helps eliminate dead cells and accelerates their natural regeneration. Saturates your skin with nutrients to maintain normal skin moisture levels. Thanks to this, the skin regains its lost firmness and elasticity.<\/span><\/span><\/p>\n<p><span style=\"font-size: 18px;\">Shea butter in combination with grape seed oil slows down the aging process. Prevents the appearance of facial wrinkles. The product contains strong antioxidants that neutralize the negative effects of free radicals. Provide protection against negative environmental impacts. Due to which the skin acquires a perfectly even tone and looks well-groomed with a natural glow.<\/span><\/p>\n<p>&nbsp;<\/p>\n<ul>\n<li><span style=\"font-family: Helvetica;\"><span style=\"font-size: 18px;\">No parabens.<\/span><\/span><\/li>\n<li><span style=\"font-family: Helvetica;\"><span style=\"font-size: 18px;\">Without SLS.<\/span><\/span><\/li>\n<\/ul>","protected":false},"excerpt":{"rendered":"<p>Hemp oil &amp; Gold magnetic mask is an anti-aging mask with intense, skin-nourishing effects. The innovative formula is based on the natural Dead Sea<\/p>","protected":false},"featured_media":28312,"comment_status":"open","ping_status":"closed","template":"","meta":[],"product_brand":[],"product_cat":[2211,2200,2215],"product_tag":[2653,2667,2666,2244,2243,2652,2245,2665],"class_list":{"0":"post-28311","1":"product","2":"type-product","3":"status-publish","4":"has-post-thumbnail","6":"product_cat-mazgasanas-un-attirisanas-produkti","7":"product_cat-sejas-kopsanas-lidzekli","8":"product_cat-visi-produkti","9":"product_tag-hemp-oil","10":"product_tag-hemp-oil-amp-gold-gravity-mask","11":"product_tag-hemp-oil-amp-gold-magnetiska-maska-ar-naves-juras-mineraliem","12":"product_tag-israel","13":"product_tag-izraela","14":"product_tag-shemen-amor","15":"product_tag-2245","16":"product_tag-2665","17":"pa_brand_nc-shemen-amour","18":"pa_ean_nc-3912","20":"first","21":"instock","22":"sale","23":"taxable","24":"shipping-taxable","25":"purchasable","26":"product-type-simple"},"yoast_head":"<!-- This site is optimized with the Yoast SEO plugin v27.4 - https:\/\/yoast.com\/product\/yoast-seo-wordpress\/ -->\n<title>Hemp oil &amp; gold magn\u0113tisk\u0101 maska ar N\u0101ves J\u016bras miner\u0101liem<\/title>\n<meta name=\"description\" content=\"Maskas miner\u0101lais sast\u0101vs pal\u012bdz likvid\u0113t atmiru\u0161\u0101s \u0161\u016bnas un pa\u0101trina to dabisko atjauno\u0161anos.\" \/>\n<meta name=\"robots\" content=\"index, follow, max-snippet:-1, max-image-preview:large, max-video-preview:-1\" \/>\n<link rel=\"canonical\" href=\"https:\/\/women.lv\/en\/product\/hemp-oil-gold-magnetiska-maska-ar-naves-juras-mineraliem\/\" \/>\n<meta property=\"og:locale\" content=\"en_GB\" \/>\n<meta property=\"og:type\" content=\"article\" \/>\n<meta property=\"og:title\" content=\"Hemp oil &amp; gold magn\u0113tisk\u0101 maska ar N\u0101ves J\u016bras miner\u0101liem\" \/>\n<meta property=\"og:description\" content=\"Maskas miner\u0101lais sast\u0101vs pal\u012bdz likvid\u0113t atmiru\u0161\u0101s \u0161\u016bnas un pa\u0101trina to dabisko atjauno\u0161anos.\" \/>\n<meta property=\"og:url\" content=\"https:\/\/women.lv\/en\/product\/hemp-oil-gold-magnetiska-maska-ar-naves-juras-mineraliem\/\" \/>\n<meta property=\"og:site_name\" content=\"Women Veikals\" \/>\n<meta property=\"article:modified_time\" content=\"2025-11-05T13:25:55+00:00\" \/>\n<meta property=\"og:image\" content=\"https:\/\/women.lv\/wp-content\/uploads\/nc\/catalog\/Shemen-Amour\/hemp-oil\/Hemp-oil-gravity-mask.PNG\" \/>\n\t<meta property=\"og:image:width\" content=\"420\" \/>\n\t<meta property=\"og:image:height\" content=\"526\" \/>\n\t<meta property=\"og:image:type\" content=\"image\/png\" \/>\n<meta name=\"twitter:card\" content=\"summary_large_image\" \/>\n<meta name=\"twitter:label1\" content=\"Estimated reading time\" \/>\n\t<meta name=\"twitter:data1\" content=\"1 minute\" \/>\n<script type=\"application\/ld+json\" class=\"yoast-schema-graph\">{\"@context\":\"https:\\\/\\\/schema.org\",\"@graph\":[{\"@type\":\"WebPage\",\"@id\":\"https:\\\/\\\/women.lv\\\/product\\\/hemp-oil-gold-magnetiska-maska-ar-naves-juras-mineraliem\\\/\",\"url\":\"https:\\\/\\\/women.lv\\\/product\\\/hemp-oil-gold-magnetiska-maska-ar-naves-juras-mineraliem\\\/\",\"name\":\"Hemp oil & gold magn\u0113tisk\u0101 maska ar N\u0101ves J\u016bras miner\u0101liem\",\"isPartOf\":{\"@id\":\"https:\\\/\\\/women.lv\\\/#website\"},\"primaryImageOfPage\":{\"@id\":\"https:\\\/\\\/women.lv\\\/product\\\/hemp-oil-gold-magnetiska-maska-ar-naves-juras-mineraliem\\\/#primaryimage\"},\"image\":{\"@id\":\"https:\\\/\\\/women.lv\\\/product\\\/hemp-oil-gold-magnetiska-maska-ar-naves-juras-mineraliem\\\/#primaryimage\"},\"thumbnailUrl\":\"https:\\\/\\\/women.lv\\\/wp-content\\\/uploads\\\/nc\\\/catalog\\\/Shemen-Amour\\\/hemp-oil\\\/Hemp-oil-gravity-mask.PNG\",\"datePublished\":\"2020-05-11T16:24:58+00:00\",\"dateModified\":\"2025-11-05T13:25:55+00:00\",\"description\":\"Maskas miner\u0101lais sast\u0101vs pal\u012bdz likvid\u0113t atmiru\u0161\u0101s \u0161\u016bnas un pa\u0101trina to dabisko atjauno\u0161anos.\",\"breadcrumb\":{\"@id\":\"https:\\\/\\\/women.lv\\\/product\\\/hemp-oil-gold-magnetiska-maska-ar-naves-juras-mineraliem\\\/#breadcrumb\"},\"inLanguage\":\"en-GB\",\"potentialAction\":[{\"@type\":\"ReadAction\",\"target\":[\"https:\\\/\\\/women.lv\\\/product\\\/hemp-oil-gold-magnetiska-maska-ar-naves-juras-mineraliem\\\/\"]}]},{\"@type\":\"ImageObject\",\"inLanguage\":\"en-GB\",\"@id\":\"https:\\\/\\\/women.lv\\\/product\\\/hemp-oil-gold-magnetiska-maska-ar-naves-juras-mineraliem\\\/#primaryimage\",\"url\":\"https:\\\/\\\/women.lv\\\/wp-content\\\/uploads\\\/nc\\\/catalog\\\/Shemen-Amour\\\/hemp-oil\\\/Hemp-oil-gravity-mask.PNG\",\"contentUrl\":\"https:\\\/\\\/women.lv\\\/wp-content\\\/uploads\\\/nc\\\/catalog\\\/Shemen-Amour\\\/hemp-oil\\\/Hemp-oil-gravity-mask.PNG\",\"width\":420,\"height\":526,\"caption\":\"Hemp oil & gold magn\u0113tisk\u0101 maska ar N\u0101ves J\u016bras miner\u0101liem\"},{\"@type\":\"BreadcrumbList\",\"@id\":\"https:\\\/\\\/women.lv\\\/product\\\/hemp-oil-gold-magnetiska-maska-ar-naves-juras-mineraliem\\\/#breadcrumb\",\"itemListElement\":[{\"@type\":\"ListItem\",\"position\":1,\"name\":\"Home\",\"item\":\"https:\\\/\\\/women.lv\\\/\"},{\"@type\":\"ListItem\",\"position\":2,\"name\":\"Products\",\"item\":\"https:\\\/\\\/women.lv\\\/en\\\/shop\\\/\"},{\"@type\":\"ListItem\",\"position\":3,\"name\":\"Hemp oil &#038; gold magn\u0113tisk\u0101 maska ar N\u0101ves J\u016bras miner\u0101liem\"}]},{\"@type\":\"WebSite\",\"@id\":\"https:\\\/\\\/women.lv\\\/#website\",\"url\":\"https:\\\/\\\/women.lv\\\/\",\"name\":\"Women Veikals\",\"description\":\"Uzdr\u012bksties b\u016bt skaista\",\"potentialAction\":[{\"@type\":\"SearchAction\",\"target\":{\"@type\":\"EntryPoint\",\"urlTemplate\":\"https:\\\/\\\/women.lv\\\/?s={search_term_string}\"},\"query-input\":{\"@type\":\"PropertyValueSpecification\",\"valueRequired\":true,\"valueName\":\"search_term_string\"}}],\"inLanguage\":\"en-GB\"}]}<\/script>\n<!-- \/ Yoast SEO plugin. -->","yoast_head_json":{"title":"Hemp oil &amp; gold magnetic mask with Dead Sea minerals","description":"Maskas miner\u0101lais sast\u0101vs pal\u012bdz likvid\u0113t atmiru\u0161\u0101s \u0161\u016bnas un pa\u0101trina to dabisko atjauno\u0161anos.","robots":{"index":"index","follow":"follow","max-snippet":"max-snippet:-1","max-image-preview":"max-image-preview:large","max-video-preview":"max-video-preview:-1"},"canonical":"https:\/\/women.lv\/en\/product\/hemp-oil-gold-magnetiska-maska-ar-naves-juras-mineraliem\/","og_locale":"en_GB","og_type":"article","og_title":"Hemp oil & gold magn\u0113tisk\u0101 maska ar N\u0101ves J\u016bras miner\u0101liem","og_description":"Maskas miner\u0101lais sast\u0101vs pal\u012bdz likvid\u0113t atmiru\u0161\u0101s \u0161\u016bnas un pa\u0101trina to dabisko atjauno\u0161anos.","og_url":"https:\/\/women.lv\/en\/product\/hemp-oil-gold-magnetiska-maska-ar-naves-juras-mineraliem\/","og_site_name":"Women Veikals","article_modified_time":"2025-11-05T13:25:55+00:00","og_image":[{"width":420,"height":526,"url":"https:\/\/women.lv\/wp-content\/uploads\/nc\/catalog\/Shemen-Amour\/hemp-oil\/Hemp-oil-gravity-mask.PNG","type":"image\/png"}],"twitter_card":"summary_large_image","twitter_misc":{"Estimated reading time":"1 minute"},"schema":{"@context":"https:\/\/schema.org","@graph":[{"@type":"WebPage","@id":"https:\/\/women.lv\/product\/hemp-oil-gold-magnetiska-maska-ar-naves-juras-mineraliem\/","url":"https:\/\/women.lv\/product\/hemp-oil-gold-magnetiska-maska-ar-naves-juras-mineraliem\/","name":"Hemp oil &amp; gold magnetic mask with Dead Sea minerals","isPartOf":{"@id":"https:\/\/women.lv\/#website"},"primaryImageOfPage":{"@id":"https:\/\/women.lv\/product\/hemp-oil-gold-magnetiska-maska-ar-naves-juras-mineraliem\/#primaryimage"},"image":{"@id":"https:\/\/women.lv\/product\/hemp-oil-gold-magnetiska-maska-ar-naves-juras-mineraliem\/#primaryimage"},"thumbnailUrl":"https:\/\/women.lv\/wp-content\/uploads\/nc\/catalog\/Shemen-Amour\/hemp-oil\/Hemp-oil-gravity-mask.PNG","datePublished":"2020-05-11T16:24:58+00:00","dateModified":"2025-11-05T13:25:55+00:00","description":"Maskas miner\u0101lais sast\u0101vs pal\u012bdz likvid\u0113t atmiru\u0161\u0101s \u0161\u016bnas un pa\u0101trina to dabisko atjauno\u0161anos.","breadcrumb":{"@id":"https:\/\/women.lv\/product\/hemp-oil-gold-magnetiska-maska-ar-naves-juras-mineraliem\/#breadcrumb"},"inLanguage":"en-GB","potentialAction":[{"@type":"ReadAction","target":["https:\/\/women.lv\/product\/hemp-oil-gold-magnetiska-maska-ar-naves-juras-mineraliem\/"]}]},{"@type":"ImageObject","inLanguage":"en-GB","@id":"https:\/\/women.lv\/product\/hemp-oil-gold-magnetiska-maska-ar-naves-juras-mineraliem\/#primaryimage","url":"https:\/\/women.lv\/wp-content\/uploads\/nc\/catalog\/Shemen-Amour\/hemp-oil\/Hemp-oil-gravity-mask.PNG","contentUrl":"https:\/\/women.lv\/wp-content\/uploads\/nc\/catalog\/Shemen-Amour\/hemp-oil\/Hemp-oil-gravity-mask.PNG","width":420,"height":526,"caption":"Hemp oil & gold magn\u0113tisk\u0101 maska ar N\u0101ves J\u016bras miner\u0101liem"},{"@type":"BreadcrumbList","@id":"https:\/\/women.lv\/product\/hemp-oil-gold-magnetiska-maska-ar-naves-juras-mineraliem\/#breadcrumb","itemListElement":[{"@type":"ListItem","position":1,"name":"Home","item":"https:\/\/women.lv\/"},{"@type":"ListItem","position":2,"name":"Products","item":"https:\/\/women.lv\/en\/shop\/"},{"@type":"ListItem","position":3,"name":"Hemp oil &#038; gold magn\u0113tisk\u0101 maska ar N\u0101ves J\u016bras miner\u0101liem"}]},{"@type":"WebSite","@id":"https:\/\/women.lv\/#website","url":"https:\/\/women.lv\/","name":"Women Shop","description":"Uzdr\u012bksties b\u016bt skaista","potentialAction":[{"@type":"SearchAction","target":{"@type":"EntryPoint","urlTemplate":"https:\/\/women.lv\/?s={search_term_string}"},"query-input":{"@type":"PropertyValueSpecification","valueRequired":true,"valueName":"search_term_string"}}],"inLanguage":"en-GB"}]}},"_links":{"self":[{"href":"https:\/\/women.lv\/en\/wp-json\/wp\/v2\/product\/28311","targetHints":{"allow":["GET"]}}],"collection":[{"href":"https:\/\/women.lv\/en\/wp-json\/wp\/v2\/product"}],"about":[{"href":"https:\/\/women.lv\/en\/wp-json\/wp\/v2\/types\/product"}],"replies":[{"embeddable":true,"href":"https:\/\/women.lv\/en\/wp-json\/wp\/v2\/comments?post=28311"}],"version-history":[{"count":0,"href":"https:\/\/women.lv\/en\/wp-json\/wp\/v2\/product\/28311\/revisions"}],"wp:featuredmedia":[{"embeddable":true,"href":"https:\/\/women.lv\/en\/wp-json\/wp\/v2\/media\/28312"}],"wp:attachment":[{"href":"https:\/\/women.lv\/en\/wp-json\/wp\/v2\/media?parent=28311"}],"wp:term":[{"taxonomy":"product_brand","embeddable":true,"href":"https:\/\/women.lv\/en\/wp-json\/wp\/v2\/product_brand?post=28311"},{"taxonomy":"product_cat","embeddable":true,"href":"https:\/\/women.lv\/en\/wp-json\/wp\/v2\/product_cat?post=28311"},{"taxonomy":"product_tag","embeddable":true,"href":"https:\/\/women.lv\/en\/wp-json\/wp\/v2\/product_tag?post=28311"}],"curies":[{"name":"wp","href":"https:\/\/api.w.org\/{rel}","templated":true}]}}