{"id":28264,"date":"2020-05-07T14:32:30","date_gmt":"2020-05-07T14:32:30","guid":{"rendered":"https:\/\/women.lv\/?product=atjaunojoss-sampuns-bojatiem-matiem"},"modified":"2025-11-16T15:38:46","modified_gmt":"2025-11-16T13:38:46","slug":"kava-kava-atjaunojoss-sampuns-bojatiem-matiem","status":"publish","type":"product","link":"https:\/\/women.lv\/en\/product\/kava-kava-atjaunojoss-sampuns-bojatiem-matiem\/","title":{"rendered":"Regenerating shampoo for damaged hair"},"content":{"rendered":"<p><span style=\"font-size: 18px; font-family: Helvetica;\"><b>Atjaunojo\u0161s \u0161amp\u016bns<\/b>\u00a0ar organisko ginkgo biloba un kava kava kompleksu. T\u0101s dab\u012bg\u0101 formula maigi ietekm\u0113 matus, tos att\u012brot un nostiprinot. Ginkgo biloba e\u013c\u013cas dzi\u013ci iek\u013c\u016bst matu strukt\u016bru. <\/span><\/p>\n<p><span style=\"font-size: 18px; font-family: Helvetica;\">Bag\u0101tin\u0101ts ar kerat\u012bnu,<\/span><span style=\"font-family: Helvetica; font-size: 18px;\">Hydroganic Shampoo intens\u012bvi atjauno<\/span><span style=\"font-family: Helvetica; font-size: 18px;\">\u00a0matu strukt\u016bru.\u00a0<\/span><span style=\"font-family: Helvetica; font-size: 18px;\">Neskatoties uz to, ka \u0161amp\u016bns ir barojo\u0161s, tas uztur matus t\u012brus ilgsto\u0161i. Produkts nesatur s\u0101li.<\/span><\/p>","protected":false},"excerpt":{"rendered":"<p>Regenerating shampoo with organic ginkgo biloba and kava kava complex. Its natural formula has a gentle effect on the hair, cleansing and strengthening it. Ginkgo<\/p>","protected":false},"featured_media":28265,"comment_status":"open","ping_status":"closed","template":"","meta":[],"product_brand":[],"product_cat":[2204,2206,2215],"product_tag":[2595,2593,2244,2243,2534,2594,2245],"class_list":{"0":"post-28264","1":"product","2":"type-product","3":"status-publish","4":"has-post-thumbnail","6":"product_cat-matu-kopsanas-lidzekli","7":"product_cat-sampuni","8":"product_cat-visi-produkti","9":"product_tag-atjaunojoss-sampuns-bojatiem-matiem","10":"product_tag-hydroganic-shampoo","11":"product_tag-israel","12":"product_tag-izraela","13":"product_tag-kava-kava","14":"product_tag-2594","15":"product_tag-2245","16":"pa_brand_nc-kava-kava","17":"pa_ean_nc-2592","18":"pa_ean_nc-israel","20":"first","21":"instock","22":"taxable","23":"shipping-taxable","24":"purchasable","25":"product-type-simple"},"yoast_head":"<!-- This site is optimized with the Yoast SEO plugin v27.4 - https:\/\/yoast.com\/product\/yoast-seo-wordpress\/ -->\n<title>Atjaunojo\u0161s \u0161amp\u016bns boj\u0101tiem matiem<\/title>\n<meta name=\"description\" content=\"Atjaunojo\u0161s \u0161amp\u016bns ar organisko ginkgo biloba un kava kava kompleksu. T\u0101s dab\u012bg\u0101 formula maigi ietekm\u0113 matus, tos att\u012brot un nostiprinot. Ginkgo biloba e\u013c\u013cas dzi\u013ci iek\u013c\u016bst matu strukt\u016bru.\" \/>\n<meta name=\"robots\" content=\"index, follow, max-snippet:-1, max-image-preview:large, max-video-preview:-1\" \/>\n<link rel=\"canonical\" href=\"https:\/\/women.lv\/en\/product\/kava-kava-atjaunojoss-sampuns-bojatiem-matiem\/\" \/>\n<meta property=\"og:locale\" content=\"en_GB\" \/>\n<meta property=\"og:type\" content=\"article\" \/>\n<meta property=\"og:title\" content=\"Atjaunojo\u0161s \u0161amp\u016bns boj\u0101tiem matiem\" \/>\n<meta property=\"og:description\" content=\"Atjaunojo\u0161s \u0161amp\u016bns ar organisko ginkgo biloba un kava kava kompleksu. T\u0101s dab\u012bg\u0101 formula maigi ietekm\u0113 matus, tos att\u012brot un nostiprinot. Ginkgo biloba e\u013c\u013cas dzi\u013ci iek\u013c\u016bst matu strukt\u016bru.\" \/>\n<meta property=\"og:url\" content=\"https:\/\/women.lv\/en\/product\/kava-kava-atjaunojoss-sampuns-bojatiem-matiem\/\" \/>\n<meta property=\"og:site_name\" content=\"Women Veikals\" \/>\n<meta property=\"article:modified_time\" content=\"2025-11-16T13:38:46+00:00\" \/>\n<meta property=\"og:image\" content=\"https:\/\/women.lv\/wp-content\/uploads\/nc\/catalog\/Israel\/Kava-Kava\/Hydroganic-shampoo.PNG\" \/>\n\t<meta property=\"og:image:width\" content=\"532\" \/>\n\t<meta property=\"og:image:height\" content=\"661\" \/>\n\t<meta property=\"og:image:type\" content=\"image\/png\" \/>\n<meta name=\"twitter:card\" content=\"summary_large_image\" \/>\n<script type=\"application\/ld+json\" class=\"yoast-schema-graph\">{\"@context\":\"https:\\\/\\\/schema.org\",\"@graph\":[{\"@type\":\"WebPage\",\"@id\":\"https:\\\/\\\/women.lv\\\/product\\\/kava-kava-atjaunojoss-sampuns-bojatiem-matiem\\\/\",\"url\":\"https:\\\/\\\/women.lv\\\/product\\\/kava-kava-atjaunojoss-sampuns-bojatiem-matiem\\\/\",\"name\":\"Atjaunojo\u0161s \u0161amp\u016bns boj\u0101tiem matiem\",\"isPartOf\":{\"@id\":\"https:\\\/\\\/women.lv\\\/#website\"},\"primaryImageOfPage\":{\"@id\":\"https:\\\/\\\/women.lv\\\/product\\\/kava-kava-atjaunojoss-sampuns-bojatiem-matiem\\\/#primaryimage\"},\"image\":{\"@id\":\"https:\\\/\\\/women.lv\\\/product\\\/kava-kava-atjaunojoss-sampuns-bojatiem-matiem\\\/#primaryimage\"},\"thumbnailUrl\":\"https:\\\/\\\/women.lv\\\/wp-content\\\/uploads\\\/nc\\\/catalog\\\/Israel\\\/Kava-Kava\\\/Hydroganic-shampoo.PNG\",\"datePublished\":\"2020-05-07T14:32:30+00:00\",\"dateModified\":\"2025-11-16T13:38:46+00:00\",\"description\":\"Atjaunojo\u0161s \u0161amp\u016bns ar organisko ginkgo biloba un kava kava kompleksu. T\u0101s dab\u012bg\u0101 formula maigi ietekm\u0113 matus, tos att\u012brot un nostiprinot. Ginkgo biloba e\u013c\u013cas dzi\u013ci iek\u013c\u016bst matu strukt\u016bru.\",\"breadcrumb\":{\"@id\":\"https:\\\/\\\/women.lv\\\/product\\\/kava-kava-atjaunojoss-sampuns-bojatiem-matiem\\\/#breadcrumb\"},\"inLanguage\":\"en-GB\",\"potentialAction\":[{\"@type\":\"ReadAction\",\"target\":[\"https:\\\/\\\/women.lv\\\/product\\\/kava-kava-atjaunojoss-sampuns-bojatiem-matiem\\\/\"]}]},{\"@type\":\"ImageObject\",\"inLanguage\":\"en-GB\",\"@id\":\"https:\\\/\\\/women.lv\\\/product\\\/kava-kava-atjaunojoss-sampuns-bojatiem-matiem\\\/#primaryimage\",\"url\":\"https:\\\/\\\/women.lv\\\/wp-content\\\/uploads\\\/nc\\\/catalog\\\/Israel\\\/Kava-Kava\\\/Hydroganic-shampoo.PNG\",\"contentUrl\":\"https:\\\/\\\/women.lv\\\/wp-content\\\/uploads\\\/nc\\\/catalog\\\/Israel\\\/Kava-Kava\\\/Hydroganic-shampoo.PNG\",\"width\":532,\"height\":661,\"caption\":\"Atjaunojo\u0161s \u0161amp\u016bns boj\u0101tiem matiem\"},{\"@type\":\"BreadcrumbList\",\"@id\":\"https:\\\/\\\/women.lv\\\/product\\\/kava-kava-atjaunojoss-sampuns-bojatiem-matiem\\\/#breadcrumb\",\"itemListElement\":[{\"@type\":\"ListItem\",\"position\":1,\"name\":\"Home\",\"item\":\"https:\\\/\\\/women.lv\\\/\"},{\"@type\":\"ListItem\",\"position\":2,\"name\":\"Products\",\"item\":\"https:\\\/\\\/women.lv\\\/en\\\/shop\\\/\"},{\"@type\":\"ListItem\",\"position\":3,\"name\":\"Atjaunojo\u0161s \u0161amp\u016bns boj\u0101tiem matiem\"}]},{\"@type\":\"WebSite\",\"@id\":\"https:\\\/\\\/women.lv\\\/#website\",\"url\":\"https:\\\/\\\/women.lv\\\/\",\"name\":\"Women Veikals\",\"description\":\"Uzdr\u012bksties b\u016bt skaista\",\"potentialAction\":[{\"@type\":\"SearchAction\",\"target\":{\"@type\":\"EntryPoint\",\"urlTemplate\":\"https:\\\/\\\/women.lv\\\/?s={search_term_string}\"},\"query-input\":{\"@type\":\"PropertyValueSpecification\",\"valueRequired\":true,\"valueName\":\"search_term_string\"}}],\"inLanguage\":\"en-GB\"}]}<\/script>\n<!-- \/ Yoast SEO plugin. -->","yoast_head_json":{"title":"Regenerating shampoo for damaged hair","description":"Atjaunojo\u0161s \u0161amp\u016bns ar organisko ginkgo biloba un kava kava kompleksu. T\u0101s dab\u012bg\u0101 formula maigi ietekm\u0113 matus, tos att\u012brot un nostiprinot. Ginkgo biloba e\u013c\u013cas dzi\u013ci iek\u013c\u016bst matu strukt\u016bru.","robots":{"index":"index","follow":"follow","max-snippet":"max-snippet:-1","max-image-preview":"max-image-preview:large","max-video-preview":"max-video-preview:-1"},"canonical":"https:\/\/women.lv\/en\/product\/kava-kava-atjaunojoss-sampuns-bojatiem-matiem\/","og_locale":"en_GB","og_type":"article","og_title":"Atjaunojo\u0161s \u0161amp\u016bns boj\u0101tiem matiem","og_description":"Atjaunojo\u0161s \u0161amp\u016bns ar organisko ginkgo biloba un kava kava kompleksu. T\u0101s dab\u012bg\u0101 formula maigi ietekm\u0113 matus, tos att\u012brot un nostiprinot. Ginkgo biloba e\u013c\u013cas dzi\u013ci iek\u013c\u016bst matu strukt\u016bru.","og_url":"https:\/\/women.lv\/en\/product\/kava-kava-atjaunojoss-sampuns-bojatiem-matiem\/","og_site_name":"Women Veikals","article_modified_time":"2025-11-16T13:38:46+00:00","og_image":[{"width":532,"height":661,"url":"https:\/\/women.lv\/wp-content\/uploads\/nc\/catalog\/Israel\/Kava-Kava\/Hydroganic-shampoo.PNG","type":"image\/png"}],"twitter_card":"summary_large_image","schema":{"@context":"https:\/\/schema.org","@graph":[{"@type":"WebPage","@id":"https:\/\/women.lv\/product\/kava-kava-atjaunojoss-sampuns-bojatiem-matiem\/","url":"https:\/\/women.lv\/product\/kava-kava-atjaunojoss-sampuns-bojatiem-matiem\/","name":"Regenerating shampoo for damaged hair","isPartOf":{"@id":"https:\/\/women.lv\/#website"},"primaryImageOfPage":{"@id":"https:\/\/women.lv\/product\/kava-kava-atjaunojoss-sampuns-bojatiem-matiem\/#primaryimage"},"image":{"@id":"https:\/\/women.lv\/product\/kava-kava-atjaunojoss-sampuns-bojatiem-matiem\/#primaryimage"},"thumbnailUrl":"https:\/\/women.lv\/wp-content\/uploads\/nc\/catalog\/Israel\/Kava-Kava\/Hydroganic-shampoo.PNG","datePublished":"2020-05-07T14:32:30+00:00","dateModified":"2025-11-16T13:38:46+00:00","description":"Atjaunojo\u0161s \u0161amp\u016bns ar organisko ginkgo biloba un kava kava kompleksu. T\u0101s dab\u012bg\u0101 formula maigi ietekm\u0113 matus, tos att\u012brot un nostiprinot. Ginkgo biloba e\u013c\u013cas dzi\u013ci iek\u013c\u016bst matu strukt\u016bru.","breadcrumb":{"@id":"https:\/\/women.lv\/product\/kava-kava-atjaunojoss-sampuns-bojatiem-matiem\/#breadcrumb"},"inLanguage":"en-GB","potentialAction":[{"@type":"ReadAction","target":["https:\/\/women.lv\/product\/kava-kava-atjaunojoss-sampuns-bojatiem-matiem\/"]}]},{"@type":"ImageObject","inLanguage":"en-GB","@id":"https:\/\/women.lv\/product\/kava-kava-atjaunojoss-sampuns-bojatiem-matiem\/#primaryimage","url":"https:\/\/women.lv\/wp-content\/uploads\/nc\/catalog\/Israel\/Kava-Kava\/Hydroganic-shampoo.PNG","contentUrl":"https:\/\/women.lv\/wp-content\/uploads\/nc\/catalog\/Israel\/Kava-Kava\/Hydroganic-shampoo.PNG","width":532,"height":661,"caption":"Atjaunojo\u0161s \u0161amp\u016bns boj\u0101tiem matiem"},{"@type":"BreadcrumbList","@id":"https:\/\/women.lv\/product\/kava-kava-atjaunojoss-sampuns-bojatiem-matiem\/#breadcrumb","itemListElement":[{"@type":"ListItem","position":1,"name":"Home","item":"https:\/\/women.lv\/"},{"@type":"ListItem","position":2,"name":"Products","item":"https:\/\/women.lv\/en\/shop\/"},{"@type":"ListItem","position":3,"name":"Atjaunojo\u0161s \u0161amp\u016bns boj\u0101tiem matiem"}]},{"@type":"WebSite","@id":"https:\/\/women.lv\/#website","url":"https:\/\/women.lv\/","name":"Women Shop","description":"Uzdr\u012bksties b\u016bt skaista","potentialAction":[{"@type":"SearchAction","target":{"@type":"EntryPoint","urlTemplate":"https:\/\/women.lv\/?s={search_term_string}"},"query-input":{"@type":"PropertyValueSpecification","valueRequired":true,"valueName":"search_term_string"}}],"inLanguage":"en-GB"}]}},"_links":{"self":[{"href":"https:\/\/women.lv\/en\/wp-json\/wp\/v2\/product\/28264","targetHints":{"allow":["GET"]}}],"collection":[{"href":"https:\/\/women.lv\/en\/wp-json\/wp\/v2\/product"}],"about":[{"href":"https:\/\/women.lv\/en\/wp-json\/wp\/v2\/types\/product"}],"replies":[{"embeddable":true,"href":"https:\/\/women.lv\/en\/wp-json\/wp\/v2\/comments?post=28264"}],"version-history":[{"count":0,"href":"https:\/\/women.lv\/en\/wp-json\/wp\/v2\/product\/28264\/revisions"}],"wp:featuredmedia":[{"embeddable":true,"href":"https:\/\/women.lv\/en\/wp-json\/wp\/v2\/media\/28265"}],"wp:attachment":[{"href":"https:\/\/women.lv\/en\/wp-json\/wp\/v2\/media?parent=28264"}],"wp:term":[{"taxonomy":"product_brand","embeddable":true,"href":"https:\/\/women.lv\/en\/wp-json\/wp\/v2\/product_brand?post=28264"},{"taxonomy":"product_cat","embeddable":true,"href":"https:\/\/women.lv\/en\/wp-json\/wp\/v2\/product_cat?post=28264"},{"taxonomy":"product_tag","embeddable":true,"href":"https:\/\/women.lv\/en\/wp-json\/wp\/v2\/product_tag?post=28264"}],"curies":[{"name":"wp","href":"https:\/\/api.w.org\/{rel}","templated":true}]}}