{"id":28254,"date":"2020-05-07T13:19:21","date_gmt":"2020-05-07T13:19:21","guid":{"rendered":"https:\/\/women.lv\/?product=sampuns-pret-matu-izkrisanu-novajinatiem-matiem"},"modified":"2025-11-05T13:25:53","modified_gmt":"2025-11-05T13:25:53","slug":"kava-kava-sampuns-pret-matu-izkrisanu-novajinatiem-matiem","status":"publish","type":"product","link":"https:\/\/women.lv\/en\/product\/kava-kava-sampuns-pret-matu-izkrisanu-novajinatiem-matiem\/","title":{"rendered":"Shampoo against hair loss for weakened hair"},"content":{"rendered":"<p><span style=\"font-family: Helvetica;\"><span style=\"font-size: 18px;\">\u012apa\u0161i izstr\u0101d\u0101ts nov\u0101jin\u0101tiem matiem ar sa\u0161\u0137eltiem matu galiem, kuriem ir tendence izkrist. L\u012bdzeklis nov\u0113r\u0161 matu izkri\u0161anu un stiprina matu stiebrus. Satur ekstraktu, kas stimul\u0113 \u0161\u016bnu aug\u0161anu, un pier\u0101d\u012btu iedarb\u012bbu pret matu izkri\u0161anu. Veicina vesel\u012bgu un ener\u0123isku matu atjauno\u0161anu. Bag\u0101tin\u0101ts ar kerat\u012bnu un kava kava, ginkgo biloba un rozmar\u012bna organiskajiem ekstraktiem.<\/span><\/span><span style=\"font-family: Helvetica;\"><\/p>\n<p><\/span><\/p>","protected":false},"excerpt":{"rendered":"<p>Specially formulated for weakened hair with split ends that tend to fall out. The product prevents hair loss and strengthens hair shafts.<\/p>","protected":false},"featured_media":28255,"comment_status":"open","ping_status":"closed","template":"","meta":[],"product_brand":[],"product_cat":[2204,2206,2215],"product_tag":[2573,2244,2243,2534,2575,2245,2574],"class_list":{"0":"post-28254","1":"product","2":"type-product","3":"status-publish","4":"has-post-thumbnail","6":"product_cat-matu-kopsanas-lidzekli","7":"product_cat-sampuni","8":"product_cat-visi-produkti","9":"product_tag-anti-hair-loss-shampoo","10":"product_tag-israel","11":"product_tag-izraela","12":"product_tag-kava-kava","13":"product_tag-sampuns-pret-matu-izkrisanu-novajinatiem-matiem","14":"product_tag-2245","15":"product_tag-2574","16":"pa_brand_nc-kava-kava","17":"pa_ean_nc-3902","19":"first","20":"instock","21":"taxable","22":"shipping-taxable","23":"purchasable","24":"product-type-simple"},"yoast_head":"<!-- This site is optimized with the Yoast SEO plugin v23.9 - https:\/\/yoast.com\/wordpress\/plugins\/seo\/ -->\n<title>\u0160amp\u016bns pret matu izkri\u0161anas nov\u0101jinatiem matiem<\/title>\n<meta name=\"description\" content=\"Anti Hair Loss \u0161amp\u016bns ir paredz\u0113ts \u012bpa\u0161i nov\u0101jin\u0101tiem ar tieksmei uz matu izkri\u0161anu.\" \/>\n<meta name=\"robots\" content=\"index, follow, max-snippet:-1, max-image-preview:large, max-video-preview:-1\" \/>\n<link rel=\"canonical\" href=\"https:\/\/women.lv\/en\/product\/kava-kava-sampuns-pret-matu-izkrisanu-novajinatiem-matiem\/\" \/>\n<meta property=\"og:locale\" content=\"en_GB\" \/>\n<meta property=\"og:type\" content=\"article\" \/>\n<meta property=\"og:title\" content=\"\u0160amp\u016bns pret matu izkri\u0161anas nov\u0101jinatiem matiem\" \/>\n<meta property=\"og:description\" content=\"Anti Hair Loss \u0161amp\u016bns ir paredz\u0113ts \u012bpa\u0161i nov\u0101jin\u0101tiem ar tieksmei uz matu izkri\u0161anu.\" \/>\n<meta property=\"og:url\" content=\"https:\/\/women.lv\/en\/product\/kava-kava-sampuns-pret-matu-izkrisanu-novajinatiem-matiem\/\" \/>\n<meta property=\"og:site_name\" content=\"Women Veikals\" \/>\n<meta property=\"article:modified_time\" content=\"2025-11-05T13:25:53+00:00\" \/>\n<meta property=\"og:image\" content=\"https:\/\/women.lv\/wp-content\/uploads\/nc\/catalog\/Israel\/Kava-Kava\/Anti-hair-loss-shampoo.PNG\" \/>\n\t<meta property=\"og:image:width\" content=\"417\" \/>\n\t<meta property=\"og:image:height\" content=\"599\" \/>\n\t<meta property=\"og:image:type\" content=\"image\/png\" \/>\n<meta name=\"twitter:card\" content=\"summary_large_image\" \/>\n<script type=\"application\/ld+json\" class=\"yoast-schema-graph\">{\"@context\":\"https:\/\/schema.org\",\"@graph\":[{\"@type\":\"WebPage\",\"@id\":\"https:\/\/women.lv\/product\/kava-kava-sampuns-pret-matu-izkrisanu-novajinatiem-matiem\/\",\"url\":\"https:\/\/women.lv\/product\/kava-kava-sampuns-pret-matu-izkrisanu-novajinatiem-matiem\/\",\"name\":\"\u0160amp\u016bns pret matu izkri\u0161anas nov\u0101jinatiem matiem\",\"isPartOf\":{\"@id\":\"https:\/\/women.lv\/#website\"},\"primaryImageOfPage\":{\"@id\":\"https:\/\/women.lv\/product\/kava-kava-sampuns-pret-matu-izkrisanu-novajinatiem-matiem\/#primaryimage\"},\"image\":{\"@id\":\"https:\/\/women.lv\/product\/kava-kava-sampuns-pret-matu-izkrisanu-novajinatiem-matiem\/#primaryimage\"},\"thumbnailUrl\":\"https:\/\/women.lv\/wp-content\/uploads\/nc\/catalog\/Israel\/Kava-Kava\/Anti-hair-loss-shampoo.PNG\",\"datePublished\":\"2020-05-07T13:19:21+00:00\",\"dateModified\":\"2025-11-05T13:25:53+00:00\",\"description\":\"Anti Hair Loss \u0161amp\u016bns ir paredz\u0113ts \u012bpa\u0161i nov\u0101jin\u0101tiem ar tieksmei uz matu izkri\u0161anu.\",\"breadcrumb\":{\"@id\":\"https:\/\/women.lv\/product\/kava-kava-sampuns-pret-matu-izkrisanu-novajinatiem-matiem\/#breadcrumb\"},\"inLanguage\":\"en-GB\",\"potentialAction\":[{\"@type\":\"ReadAction\",\"target\":[\"https:\/\/women.lv\/product\/kava-kava-sampuns-pret-matu-izkrisanu-novajinatiem-matiem\/\"]}]},{\"@type\":\"ImageObject\",\"inLanguage\":\"en-GB\",\"@id\":\"https:\/\/women.lv\/product\/kava-kava-sampuns-pret-matu-izkrisanu-novajinatiem-matiem\/#primaryimage\",\"url\":\"https:\/\/women.lv\/wp-content\/uploads\/nc\/catalog\/Israel\/Kava-Kava\/Anti-hair-loss-shampoo.PNG\",\"contentUrl\":\"https:\/\/women.lv\/wp-content\/uploads\/nc\/catalog\/Israel\/Kava-Kava\/Anti-hair-loss-shampoo.PNG\",\"width\":417,\"height\":599,\"caption\":\"\u0160amp\u016bns pret matu izkri\u0161anu nov\u0101jin\u0101tiem matiem\"},{\"@type\":\"BreadcrumbList\",\"@id\":\"https:\/\/women.lv\/product\/kava-kava-sampuns-pret-matu-izkrisanu-novajinatiem-matiem\/#breadcrumb\",\"itemListElement\":[{\"@type\":\"ListItem\",\"position\":1,\"name\":\"Home\",\"item\":\"https:\/\/women.lv\/\"},{\"@type\":\"ListItem\",\"position\":2,\"name\":\"Products\",\"item\":\"https:\/\/women.lv\/en\/shop\/\"},{\"@type\":\"ListItem\",\"position\":3,\"name\":\"\u0160amp\u016bns pret matu izkri\u0161anu nov\u0101jin\u0101tiem matiem\"}]},{\"@type\":\"WebSite\",\"@id\":\"https:\/\/women.lv\/#website\",\"url\":\"https:\/\/women.lv\/\",\"name\":\"Women Veikals\",\"description\":\"Uzdr\u012bksties b\u016bt skaista\",\"potentialAction\":[{\"@type\":\"SearchAction\",\"target\":{\"@type\":\"EntryPoint\",\"urlTemplate\":\"https:\/\/women.lv\/?s={search_term_string}\"},\"query-input\":{\"@type\":\"PropertyValueSpecification\",\"valueRequired\":true,\"valueName\":\"search_term_string\"}}],\"inLanguage\":\"en-GB\"}]}<\/script>\n<!-- \/ Yoast SEO plugin. -->","yoast_head_json":{"title":"\u0160amp\u016bns pret matu izkri\u0161anas nov\u0101jinatiem matiem","description":"Anti Hair Loss \u0161amp\u016bns ir paredz\u0113ts \u012bpa\u0161i nov\u0101jin\u0101tiem ar tieksmei uz matu izkri\u0161anu.","robots":{"index":"index","follow":"follow","max-snippet":"max-snippet:-1","max-image-preview":"max-image-preview:large","max-video-preview":"max-video-preview:-1"},"canonical":"https:\/\/women.lv\/en\/product\/kava-kava-sampuns-pret-matu-izkrisanu-novajinatiem-matiem\/","og_locale":"en_GB","og_type":"article","og_title":"\u0160amp\u016bns pret matu izkri\u0161anas nov\u0101jinatiem matiem","og_description":"Anti Hair Loss \u0161amp\u016bns ir paredz\u0113ts \u012bpa\u0161i nov\u0101jin\u0101tiem ar tieksmei uz matu izkri\u0161anu.","og_url":"https:\/\/women.lv\/en\/product\/kava-kava-sampuns-pret-matu-izkrisanu-novajinatiem-matiem\/","og_site_name":"Women Veikals","article_modified_time":"2025-11-05T13:25:53+00:00","og_image":[{"width":417,"height":599,"url":"https:\/\/women.lv\/wp-content\/uploads\/nc\/catalog\/Israel\/Kava-Kava\/Anti-hair-loss-shampoo.PNG","type":"image\/png"}],"twitter_card":"summary_large_image","schema":{"@context":"https:\/\/schema.org","@graph":[{"@type":"WebPage","@id":"https:\/\/women.lv\/product\/kava-kava-sampuns-pret-matu-izkrisanu-novajinatiem-matiem\/","url":"https:\/\/women.lv\/product\/kava-kava-sampuns-pret-matu-izkrisanu-novajinatiem-matiem\/","name":"\u0160amp\u016bns pret matu izkri\u0161anas nov\u0101jinatiem matiem","isPartOf":{"@id":"https:\/\/women.lv\/#website"},"primaryImageOfPage":{"@id":"https:\/\/women.lv\/product\/kava-kava-sampuns-pret-matu-izkrisanu-novajinatiem-matiem\/#primaryimage"},"image":{"@id":"https:\/\/women.lv\/product\/kava-kava-sampuns-pret-matu-izkrisanu-novajinatiem-matiem\/#primaryimage"},"thumbnailUrl":"https:\/\/women.lv\/wp-content\/uploads\/nc\/catalog\/Israel\/Kava-Kava\/Anti-hair-loss-shampoo.PNG","datePublished":"2020-05-07T13:19:21+00:00","dateModified":"2025-11-05T13:25:53+00:00","description":"Anti Hair Loss \u0161amp\u016bns ir paredz\u0113ts \u012bpa\u0161i nov\u0101jin\u0101tiem ar tieksmei uz matu izkri\u0161anu.","breadcrumb":{"@id":"https:\/\/women.lv\/product\/kava-kava-sampuns-pret-matu-izkrisanu-novajinatiem-matiem\/#breadcrumb"},"inLanguage":"en-GB","potentialAction":[{"@type":"ReadAction","target":["https:\/\/women.lv\/product\/kava-kava-sampuns-pret-matu-izkrisanu-novajinatiem-matiem\/"]}]},{"@type":"ImageObject","inLanguage":"en-GB","@id":"https:\/\/women.lv\/product\/kava-kava-sampuns-pret-matu-izkrisanu-novajinatiem-matiem\/#primaryimage","url":"https:\/\/women.lv\/wp-content\/uploads\/nc\/catalog\/Israel\/Kava-Kava\/Anti-hair-loss-shampoo.PNG","contentUrl":"https:\/\/women.lv\/wp-content\/uploads\/nc\/catalog\/Israel\/Kava-Kava\/Anti-hair-loss-shampoo.PNG","width":417,"height":599,"caption":"\u0160amp\u016bns pret matu izkri\u0161anu nov\u0101jin\u0101tiem matiem"},{"@type":"BreadcrumbList","@id":"https:\/\/women.lv\/product\/kava-kava-sampuns-pret-matu-izkrisanu-novajinatiem-matiem\/#breadcrumb","itemListElement":[{"@type":"ListItem","position":1,"name":"Home","item":"https:\/\/women.lv\/"},{"@type":"ListItem","position":2,"name":"Products","item":"https:\/\/women.lv\/en\/shop\/"},{"@type":"ListItem","position":3,"name":"\u0160amp\u016bns pret matu izkri\u0161anu nov\u0101jin\u0101tiem matiem"}]},{"@type":"WebSite","@id":"https:\/\/women.lv\/#website","url":"https:\/\/women.lv\/","name":"Women Veikals","description":"Uzdr\u012bksties b\u016bt skaista","potentialAction":[{"@type":"SearchAction","target":{"@type":"EntryPoint","urlTemplate":"https:\/\/women.lv\/?s={search_term_string}"},"query-input":{"@type":"PropertyValueSpecification","valueRequired":true,"valueName":"search_term_string"}}],"inLanguage":"en-GB"}]}},"_links":{"self":[{"href":"https:\/\/women.lv\/en\/wp-json\/wp\/v2\/product\/28254","targetHints":{"allow":["GET"]}}],"collection":[{"href":"https:\/\/women.lv\/en\/wp-json\/wp\/v2\/product"}],"about":[{"href":"https:\/\/women.lv\/en\/wp-json\/wp\/v2\/types\/product"}],"replies":[{"embeddable":true,"href":"https:\/\/women.lv\/en\/wp-json\/wp\/v2\/comments?post=28254"}],"version-history":[{"count":2,"href":"https:\/\/women.lv\/en\/wp-json\/wp\/v2\/product\/28254\/revisions"}],"predecessor-version":[{"id":29601,"href":"https:\/\/women.lv\/en\/wp-json\/wp\/v2\/product\/28254\/revisions\/29601"}],"wp:featuredmedia":[{"embeddable":true,"href":"https:\/\/women.lv\/en\/wp-json\/wp\/v2\/media\/28255"}],"wp:attachment":[{"href":"https:\/\/women.lv\/en\/wp-json\/wp\/v2\/media?parent=28254"}],"wp:term":[{"taxonomy":"product_brand","embeddable":true,"href":"https:\/\/women.lv\/en\/wp-json\/wp\/v2\/product_brand?post=28254"},{"taxonomy":"product_cat","embeddable":true,"href":"https:\/\/women.lv\/en\/wp-json\/wp\/v2\/product_cat?post=28254"},{"taxonomy":"product_tag","embeddable":true,"href":"https:\/\/women.lv\/en\/wp-json\/wp\/v2\/product_tag?post=28254"}],"curies":[{"name":"wp","href":"https:\/\/api.w.org\/{rel}","templated":true}]}}