{"id":28250,"date":"2020-05-07T12:45:43","date_gmt":"2020-05-07T12:45:43","guid":{"rendered":"https:\/\/women.lv\/?product=maska-pret-matu-izkrisanu-ar-spirulinu"},"modified":"2026-03-21T11:56:20","modified_gmt":"2026-03-21T09:56:20","slug":"kava-kava-maska-pret-matu-izkrisanu-ar-spirulinu","status":"publish","type":"product","link":"https:\/\/women.lv\/en\/product\/kava-kava-maska-pret-matu-izkrisanu-ar-spirulinu\/","title":{"rendered":"Hair loss mask with spirulina"},"content":{"rendered":"<p><span style=\"font-family: Helvetica;\"><span style=\"font-size: 18px;\"><b>Mask against hair loss:<\/b>\u00a0the perfect solution for weakened and damaged hair after coloring or thermal manipulation. Enriched with freshwater seaweed extract, the mask intensively nourishes and moisturizes the hair. It saturates the follicles with the necessary trace elements to activate growth. Prevents hair loss. Spirulina also has anti-inflammatory properties and helps to deal with seborrhea. High concentration keratin restores the hair&#039;s natural smoothness. Natural oils provide reliable protection, preserving their beauty and health for a long time.<\/span><\/span><\/p>\n<p><strong><span style=\"font-size: 14pt;\"><span style=\"font-size: 18px;\"><span style=\"font-family: Helvetica;\">Composition:\u00a0<\/span><\/span><\/span><\/strong><span style=\"font-family: Helvetica; font-size: 18px;\">Cetearyl Alcohol, Propylene Glycol, Cyclopentasiloxane, Cetrimonium Chloride, Behentrimonium Chloride, Fragrance (Supplement), Amodimethicone, Isopropyl Myristate, Phenyl Trimethicone, Tocopheryl, Dmdm Hydantion, Imidazolidinyl Urea, Lauryl Alcohol, Dimethicone Copolyol, Spiruina, Limonene, CI 19140, CI 16255 , CI 42090, CI 19140, CI 42090.<\/span><span style=\"font-family: Helvetica;\"><span style=\"font-size: 18px;\"><b><\/p>\n<p>Usage:<\/b>\u00a0after washing, the mask is applied to towel-dried hair, smoothed evenly with massage movements along the entire length, left for 60 seconds and then rinsed with running water.<\/span><\/span><\/p>\n<p><span style=\"font-family: Helvetica;\"><span style=\"font-size: 18px;\"><b>Volume:<\/b>\u00a0500 ml<\/span><\/span><\/p>","protected":false},"excerpt":{"rendered":"<p>Maska pret matu izkri\u0161anu:\u00a0ide\u0101ls risin\u0101jums nov\u0101jin\u0101tiem un boj\u0101tiem matiem p\u0113c kr\u0101so\u0161anas vai termisk\u0101m manipul\u0101cij\u0101m. Bag\u0101tin\u0101ta ar sald\u016bdens j\u016brasz\u0101\u013cu ekstraktu, maska<\/p>","protected":false},"featured_media":28251,"comment_status":"open","ping_status":"closed","template":"","meta":[],"product_brand":[],"product_cat":[2204,2207,2215],"product_tag":[2565,2244,2243,2534,2567,2245,2566],"class_list":{"0":"post-28250","1":"product","2":"type-product","3":"status-publish","4":"has-post-thumbnail","6":"product_cat-matu-kopsanas-lidzekli","7":"product_cat-matu-maskas","8":"product_cat-visi-produkti","9":"product_tag-anti-hair-loss-mask-spirulina-algae","10":"product_tag-israel","11":"product_tag-izraela","12":"product_tag-kava-kava","13":"product_tag-maska-pret-matu-izkrisanu-ar-spirulinu","14":"product_tag-2245","15":"product_tag-2566","16":"pa_brand_nc-kava-kava","17":"pa_ean_nc-2564","18":"pa_ean_nc-israel","20":"first","21":"instock","22":"sale","23":"taxable","24":"shipping-taxable","25":"purchasable","26":"product-type-simple"},"yoast_head":"<!-- This site is optimized with the Yoast SEO plugin v27.4 - https:\/\/yoast.com\/product\/yoast-seo-wordpress\/ -->\n<title>Maska pret matu izkri\u0161anu ar spirul\u012bnu<\/title>\n<meta name=\"description\" content=\"Maska pret matu izkri\u0161anu: ide\u0101ls risin\u0101jums nov\u0101jin\u0101tiem un boj\u0101tiem matiem p\u0113c kr\u0101so\u0161anas vai termisk\u0101m manipul\u0101cij\u0101m. Bag\u0101tin\u0101ta ar sald\u016bdens j\u016brasz\u0101\u013cu ekstraktu, maska \u200b\u200bintens\u012bvi baro un mitrina matus. Tas pies\u0101tina folikulas ar nepiecie\u0161amajiem mikr\" \/>\n<meta name=\"robots\" content=\"index, follow, max-snippet:-1, max-image-preview:large, max-video-preview:-1\" \/>\n<link rel=\"canonical\" href=\"https:\/\/women.lv\/en\/product\/kava-kava-maska-pret-matu-izkrisanu-ar-spirulinu\/\" \/>\n<meta property=\"og:locale\" content=\"en_GB\" \/>\n<meta property=\"og:type\" content=\"article\" \/>\n<meta property=\"og:title\" content=\"Maska pret matu izkri\u0161anu ar spirul\u012bnu\" \/>\n<meta property=\"og:description\" content=\"Maska pret matu izkri\u0161anu: ide\u0101ls risin\u0101jums nov\u0101jin\u0101tiem un boj\u0101tiem matiem p\u0113c kr\u0101so\u0161anas vai termisk\u0101m manipul\u0101cij\u0101m. Bag\u0101tin\u0101ta ar sald\u016bdens j\u016brasz\u0101\u013cu ekstraktu, maska \u200b\u200bintens\u012bvi baro un mitrina matus. Tas pies\u0101tina folikulas ar nepiecie\u0161amajiem mikr\" \/>\n<meta property=\"og:url\" content=\"https:\/\/women.lv\/en\/product\/kava-kava-maska-pret-matu-izkrisanu-ar-spirulinu\/\" \/>\n<meta property=\"og:site_name\" content=\"Women Veikals\" \/>\n<meta property=\"article:modified_time\" content=\"2026-03-21T09:56:20+00:00\" \/>\n<meta property=\"og:image\" content=\"https:\/\/women.lv\/wp-content\/uploads\/nc\/catalog\/Israel\/Kava-Kava\/botanica-mask.PNG\" \/>\n\t<meta property=\"og:image:width\" content=\"439\" \/>\n\t<meta property=\"og:image:height\" content=\"533\" \/>\n\t<meta property=\"og:image:type\" content=\"image\/png\" \/>\n<meta name=\"twitter:card\" content=\"summary_large_image\" \/>\n<meta name=\"twitter:label1\" content=\"Estimated reading time\" \/>\n\t<meta name=\"twitter:data1\" content=\"1 minute\" \/>\n<script type=\"application\/ld+json\" class=\"yoast-schema-graph\">{\"@context\":\"https:\\\/\\\/schema.org\",\"@graph\":[{\"@type\":\"WebPage\",\"@id\":\"https:\\\/\\\/women.lv\\\/product\\\/kava-kava-maska-pret-matu-izkrisanu-ar-spirulinu\\\/\",\"url\":\"https:\\\/\\\/women.lv\\\/product\\\/kava-kava-maska-pret-matu-izkrisanu-ar-spirulinu\\\/\",\"name\":\"Maska pret matu izkri\u0161anu ar spirul\u012bnu\",\"isPartOf\":{\"@id\":\"https:\\\/\\\/women.lv\\\/#website\"},\"primaryImageOfPage\":{\"@id\":\"https:\\\/\\\/women.lv\\\/product\\\/kava-kava-maska-pret-matu-izkrisanu-ar-spirulinu\\\/#primaryimage\"},\"image\":{\"@id\":\"https:\\\/\\\/women.lv\\\/product\\\/kava-kava-maska-pret-matu-izkrisanu-ar-spirulinu\\\/#primaryimage\"},\"thumbnailUrl\":\"https:\\\/\\\/women.lv\\\/wp-content\\\/uploads\\\/nc\\\/catalog\\\/Israel\\\/Kava-Kava\\\/botanica-mask.PNG\",\"datePublished\":\"2020-05-07T12:45:43+00:00\",\"dateModified\":\"2026-03-21T09:56:20+00:00\",\"description\":\"Maska pret matu izkri\u0161anu: ide\u0101ls risin\u0101jums nov\u0101jin\u0101tiem un boj\u0101tiem matiem p\u0113c kr\u0101so\u0161anas vai termisk\u0101m manipul\u0101cij\u0101m. Bag\u0101tin\u0101ta ar sald\u016bdens j\u016brasz\u0101\u013cu ekstraktu, maska \u200b\u200bintens\u012bvi baro un mitrina matus. Tas pies\u0101tina folikulas ar nepiecie\u0161amajiem mikr\",\"breadcrumb\":{\"@id\":\"https:\\\/\\\/women.lv\\\/product\\\/kava-kava-maska-pret-matu-izkrisanu-ar-spirulinu\\\/#breadcrumb\"},\"inLanguage\":\"en-GB\",\"potentialAction\":[{\"@type\":\"ReadAction\",\"target\":[\"https:\\\/\\\/women.lv\\\/product\\\/kava-kava-maska-pret-matu-izkrisanu-ar-spirulinu\\\/\"]}]},{\"@type\":\"ImageObject\",\"inLanguage\":\"en-GB\",\"@id\":\"https:\\\/\\\/women.lv\\\/product\\\/kava-kava-maska-pret-matu-izkrisanu-ar-spirulinu\\\/#primaryimage\",\"url\":\"https:\\\/\\\/women.lv\\\/wp-content\\\/uploads\\\/nc\\\/catalog\\\/Israel\\\/Kava-Kava\\\/botanica-mask.PNG\",\"contentUrl\":\"https:\\\/\\\/women.lv\\\/wp-content\\\/uploads\\\/nc\\\/catalog\\\/Israel\\\/Kava-Kava\\\/botanica-mask.PNG\",\"width\":439,\"height\":533,\"caption\":\"Maska pret matu izkri\u0161anu ar spirul\u012bnu\"},{\"@type\":\"BreadcrumbList\",\"@id\":\"https:\\\/\\\/women.lv\\\/product\\\/kava-kava-maska-pret-matu-izkrisanu-ar-spirulinu\\\/#breadcrumb\",\"itemListElement\":[{\"@type\":\"ListItem\",\"position\":1,\"name\":\"Home\",\"item\":\"https:\\\/\\\/women.lv\\\/\"},{\"@type\":\"ListItem\",\"position\":2,\"name\":\"Products\",\"item\":\"https:\\\/\\\/women.lv\\\/en\\\/shop\\\/\"},{\"@type\":\"ListItem\",\"position\":3,\"name\":\"Maska pret matu izkri\u0161anu ar spirul\u012bnu\"}]},{\"@type\":\"WebSite\",\"@id\":\"https:\\\/\\\/women.lv\\\/#website\",\"url\":\"https:\\\/\\\/women.lv\\\/\",\"name\":\"Women Veikals\",\"description\":\"Uzdr\u012bksties b\u016bt skaista\",\"potentialAction\":[{\"@type\":\"SearchAction\",\"target\":{\"@type\":\"EntryPoint\",\"urlTemplate\":\"https:\\\/\\\/women.lv\\\/?s={search_term_string}\"},\"query-input\":{\"@type\":\"PropertyValueSpecification\",\"valueRequired\":true,\"valueName\":\"search_term_string\"}}],\"inLanguage\":\"en-GB\"}]}<\/script>\n<!-- \/ Yoast SEO plugin. -->","yoast_head_json":{"title":"Hair loss mask with spirulina","description":"Maska pret matu izkri\u0161anu: ide\u0101ls risin\u0101jums nov\u0101jin\u0101tiem un boj\u0101tiem matiem p\u0113c kr\u0101so\u0161anas vai termisk\u0101m manipul\u0101cij\u0101m. Bag\u0101tin\u0101ta ar sald\u016bdens j\u016brasz\u0101\u013cu ekstraktu, maska \u200b\u200bintens\u012bvi baro un mitrina matus. Tas pies\u0101tina folikulas ar nepiecie\u0161amajiem mikr","robots":{"index":"index","follow":"follow","max-snippet":"max-snippet:-1","max-image-preview":"max-image-preview:large","max-video-preview":"max-video-preview:-1"},"canonical":"https:\/\/women.lv\/en\/product\/kava-kava-maska-pret-matu-izkrisanu-ar-spirulinu\/","og_locale":"en_GB","og_type":"article","og_title":"Maska pret matu izkri\u0161anu ar spirul\u012bnu","og_description":"Maska pret matu izkri\u0161anu: ide\u0101ls risin\u0101jums nov\u0101jin\u0101tiem un boj\u0101tiem matiem p\u0113c kr\u0101so\u0161anas vai termisk\u0101m manipul\u0101cij\u0101m. Bag\u0101tin\u0101ta ar sald\u016bdens j\u016brasz\u0101\u013cu ekstraktu, maska \u200b\u200bintens\u012bvi baro un mitrina matus. Tas pies\u0101tina folikulas ar nepiecie\u0161amajiem mikr","og_url":"https:\/\/women.lv\/en\/product\/kava-kava-maska-pret-matu-izkrisanu-ar-spirulinu\/","og_site_name":"Women Veikals","article_modified_time":"2026-03-21T09:56:20+00:00","og_image":[{"width":439,"height":533,"url":"https:\/\/women.lv\/wp-content\/uploads\/nc\/catalog\/Israel\/Kava-Kava\/botanica-mask.PNG","type":"image\/png"}],"twitter_card":"summary_large_image","twitter_misc":{"Estimated reading time":"1 minute"},"schema":{"@context":"https:\/\/schema.org","@graph":[{"@type":"WebPage","@id":"https:\/\/women.lv\/product\/kava-kava-maska-pret-matu-izkrisanu-ar-spirulinu\/","url":"https:\/\/women.lv\/product\/kava-kava-maska-pret-matu-izkrisanu-ar-spirulinu\/","name":"Hair loss mask with spirulina","isPartOf":{"@id":"https:\/\/women.lv\/#website"},"primaryImageOfPage":{"@id":"https:\/\/women.lv\/product\/kava-kava-maska-pret-matu-izkrisanu-ar-spirulinu\/#primaryimage"},"image":{"@id":"https:\/\/women.lv\/product\/kava-kava-maska-pret-matu-izkrisanu-ar-spirulinu\/#primaryimage"},"thumbnailUrl":"https:\/\/women.lv\/wp-content\/uploads\/nc\/catalog\/Israel\/Kava-Kava\/botanica-mask.PNG","datePublished":"2020-05-07T12:45:43+00:00","dateModified":"2026-03-21T09:56:20+00:00","description":"Maska pret matu izkri\u0161anu: ide\u0101ls risin\u0101jums nov\u0101jin\u0101tiem un boj\u0101tiem matiem p\u0113c kr\u0101so\u0161anas vai termisk\u0101m manipul\u0101cij\u0101m. Bag\u0101tin\u0101ta ar sald\u016bdens j\u016brasz\u0101\u013cu ekstraktu, maska \u200b\u200bintens\u012bvi baro un mitrina matus. Tas pies\u0101tina folikulas ar nepiecie\u0161amajiem mikr","breadcrumb":{"@id":"https:\/\/women.lv\/product\/kava-kava-maska-pret-matu-izkrisanu-ar-spirulinu\/#breadcrumb"},"inLanguage":"en-GB","potentialAction":[{"@type":"ReadAction","target":["https:\/\/women.lv\/product\/kava-kava-maska-pret-matu-izkrisanu-ar-spirulinu\/"]}]},{"@type":"ImageObject","inLanguage":"en-GB","@id":"https:\/\/women.lv\/product\/kava-kava-maska-pret-matu-izkrisanu-ar-spirulinu\/#primaryimage","url":"https:\/\/women.lv\/wp-content\/uploads\/nc\/catalog\/Israel\/Kava-Kava\/botanica-mask.PNG","contentUrl":"https:\/\/women.lv\/wp-content\/uploads\/nc\/catalog\/Israel\/Kava-Kava\/botanica-mask.PNG","width":439,"height":533,"caption":"Maska pret matu izkri\u0161anu ar spirul\u012bnu"},{"@type":"BreadcrumbList","@id":"https:\/\/women.lv\/product\/kava-kava-maska-pret-matu-izkrisanu-ar-spirulinu\/#breadcrumb","itemListElement":[{"@type":"ListItem","position":1,"name":"Home","item":"https:\/\/women.lv\/"},{"@type":"ListItem","position":2,"name":"Products","item":"https:\/\/women.lv\/en\/shop\/"},{"@type":"ListItem","position":3,"name":"Maska pret matu izkri\u0161anu ar spirul\u012bnu"}]},{"@type":"WebSite","@id":"https:\/\/women.lv\/#website","url":"https:\/\/women.lv\/","name":"Women Shop","description":"Uzdr\u012bksties b\u016bt skaista","potentialAction":[{"@type":"SearchAction","target":{"@type":"EntryPoint","urlTemplate":"https:\/\/women.lv\/?s={search_term_string}"},"query-input":{"@type":"PropertyValueSpecification","valueRequired":true,"valueName":"search_term_string"}}],"inLanguage":"en-GB"}]}},"_links":{"self":[{"href":"https:\/\/women.lv\/en\/wp-json\/wp\/v2\/product\/28250","targetHints":{"allow":["GET"]}}],"collection":[{"href":"https:\/\/women.lv\/en\/wp-json\/wp\/v2\/product"}],"about":[{"href":"https:\/\/women.lv\/en\/wp-json\/wp\/v2\/types\/product"}],"replies":[{"embeddable":true,"href":"https:\/\/women.lv\/en\/wp-json\/wp\/v2\/comments?post=28250"}],"version-history":[{"count":0,"href":"https:\/\/women.lv\/en\/wp-json\/wp\/v2\/product\/28250\/revisions"}],"wp:featuredmedia":[{"embeddable":true,"href":"https:\/\/women.lv\/en\/wp-json\/wp\/v2\/media\/28251"}],"wp:attachment":[{"href":"https:\/\/women.lv\/en\/wp-json\/wp\/v2\/media?parent=28250"}],"wp:term":[{"taxonomy":"product_brand","embeddable":true,"href":"https:\/\/women.lv\/en\/wp-json\/wp\/v2\/product_brand?post=28250"},{"taxonomy":"product_cat","embeddable":true,"href":"https:\/\/women.lv\/en\/wp-json\/wp\/v2\/product_cat?post=28250"},{"taxonomy":"product_tag","embeddable":true,"href":"https:\/\/women.lv\/en\/wp-json\/wp\/v2\/product_tag?post=28250"}],"curies":[{"name":"wp","href":"https:\/\/api.w.org\/{rel}","templated":true}]}}