{"id":28217,"date":"2020-04-02T11:19:26","date_gmt":"2020-04-02T11:19:26","guid":{"rendered":"https:\/\/women.lv\/?product=naves-juras-sals"},"modified":"2025-11-05T13:25:51","modified_gmt":"2025-11-05T13:25:51","slug":"naves-juras-sals","status":"publish","type":"product","link":"https:\/\/women.lv\/en\/product\/naves-juras-sals\/","title":{"rendered":"Dead Sea Salt"},"content":{"rendered":"<p><span style=\"font-family: Helvetica;\"><span style=\"font-size: 18px;\">Dead Sea mineral salt has been known for many years for its wonderful ability to treat, nourish and rejuvenate the skin. Natural Dead Sea salt contains 27 different minerals, including magnesium, sodium, potassium, calcium, iron and iodine, as well as vitamins A, C, D and E.<\/span><\/span><\/p>\n<p><span style=\"font-family: Helvetica;\"><span style=\"font-size: 18px;\">Mineral salt is known for its ability to relieve rheumatic pain and muscle and joint pain. Salt is popular among people suffering from various skin conditions such as psoriasis, seborrhea, acne, and eczema.<\/span><\/span><\/p>\n<p><span style=\"font-family: Helvetica;\"><span style=\"font-size: 18px;\">Da\u017eos gad\u012bjumos tas pat mazina s\u0101pes, ko izraisa ieaudzis nags. P\u0113c t\u0101s lieto\u0161anas \u0101da paliek gluda un z\u012bdaina.<\/span><\/span><\/p>","protected":false},"excerpt":{"rendered":"<p>Dead Sea mineral salt has been known for many years for its amazing ability to treat, nourish and rejuvenate the skin. Dead Sea Natural<\/p>","protected":false},"featured_media":28218,"comment_status":"open","ping_status":"closed","template":"","meta":[],"product_brand":[],"product_cat":[2217,2208,2209,2231,2215],"product_tag":[2514,2244,2243,2512,2368,2245,2513],"class_list":{"0":"post-28217","1":"product","2":"type-product","3":"status-publish","4":"has-post-thumbnail","6":"product_cat-citi-produkti-kermena-kopsanai","7":"product_cat-kermena-kopsanas-lidzekii","8":"product_cat-mazgasana-un-attirisana","9":"product_cat-lv-on-sale","10":"product_cat-visi-produkti","11":"product_tag-dead-sea-salt","12":"product_tag-israel","13":"product_tag-izraela","14":"product_tag-naves-juras-sals","15":"product_tag-shemen-amour","16":"product_tag-2245","17":"product_tag-2513","18":"pa_brand_nc-shemen-amour","19":"pa_ean_nc-3895","21":"first","22":"instock","23":"sale","24":"taxable","25":"shipping-taxable","26":"purchasable","27":"product-type-simple"},"yoast_head":"<!-- This site is optimized with the Yoast SEO plugin v27.4 - https:\/\/yoast.com\/product\/yoast-seo-wordpress\/ -->\n<title>N\u0101ves J\u016bras s\u0101ls<\/title>\n<meta name=\"description\" content=\"N\u0101ves j\u016bras miner\u0101ls\u0101ls ir paz\u012bstams jau daudzus gadus, pateicoties t\u0101 br\u012bni\u0161\u0137\u012bgajai sp\u0113jai \u0101rst\u0113t, barot un atjaunot \u0101du. N\u0101ves j\u016bras dab\u012bgais s\u0101ls satur 27 da\u017e\u0101das miner\u0101lvielas.\" \/>\n<meta name=\"robots\" content=\"index, follow, max-snippet:-1, max-image-preview:large, max-video-preview:-1\" \/>\n<link rel=\"canonical\" href=\"https:\/\/women.lv\/en\/product\/naves-juras-sals\/\" \/>\n<meta property=\"og:locale\" content=\"en_GB\" \/>\n<meta property=\"og:type\" content=\"article\" \/>\n<meta property=\"og:title\" content=\"N\u0101ves J\u016bras s\u0101ls\" \/>\n<meta property=\"og:description\" content=\"N\u0101ves j\u016bras miner\u0101ls\u0101ls ir paz\u012bstams jau daudzus gadus, pateicoties t\u0101 br\u012bni\u0161\u0137\u012bgajai sp\u0113jai \u0101rst\u0113t, barot un atjaunot \u0101du. N\u0101ves j\u016bras dab\u012bgais s\u0101ls satur 27 da\u017e\u0101das miner\u0101lvielas.\" \/>\n<meta property=\"og:url\" content=\"https:\/\/women.lv\/en\/product\/naves-juras-sals\/\" \/>\n<meta property=\"og:site_name\" content=\"Women Veikals\" \/>\n<meta property=\"article:modified_time\" content=\"2025-11-05T13:25:51+00:00\" \/>\n<meta property=\"og:image\" content=\"https:\/\/women.lv\/wp-content\/uploads\/nc\/catalog\/Shemen-Amour\/DeadSeaSalt.jpg\" \/>\n\t<meta property=\"og:image:width\" content=\"723\" \/>\n\t<meta property=\"og:image:height\" content=\"1024\" \/>\n\t<meta property=\"og:image:type\" content=\"image\/jpeg\" \/>\n<meta name=\"twitter:card\" content=\"summary_large_image\" \/>\n<meta name=\"twitter:label1\" content=\"Estimated reading time\" \/>\n\t<meta name=\"twitter:data1\" content=\"1 minute\" \/>\n<script type=\"application\/ld+json\" class=\"yoast-schema-graph\">{\"@context\":\"https:\\\/\\\/schema.org\",\"@graph\":[{\"@type\":\"WebPage\",\"@id\":\"https:\\\/\\\/women.lv\\\/product\\\/naves-juras-sals\\\/\",\"url\":\"https:\\\/\\\/women.lv\\\/product\\\/naves-juras-sals\\\/\",\"name\":\"N\u0101ves J\u016bras s\u0101ls\",\"isPartOf\":{\"@id\":\"https:\\\/\\\/women.lv\\\/#website\"},\"primaryImageOfPage\":{\"@id\":\"https:\\\/\\\/women.lv\\\/product\\\/naves-juras-sals\\\/#primaryimage\"},\"image\":{\"@id\":\"https:\\\/\\\/women.lv\\\/product\\\/naves-juras-sals\\\/#primaryimage\"},\"thumbnailUrl\":\"https:\\\/\\\/women.lv\\\/wp-content\\\/uploads\\\/nc\\\/catalog\\\/Shemen-Amour\\\/DeadSeaSalt.jpg\",\"datePublished\":\"2020-04-02T11:19:26+00:00\",\"dateModified\":\"2025-11-05T13:25:51+00:00\",\"description\":\"N\u0101ves j\u016bras miner\u0101ls\u0101ls ir paz\u012bstams jau daudzus gadus, pateicoties t\u0101 br\u012bni\u0161\u0137\u012bgajai sp\u0113jai \u0101rst\u0113t, barot un atjaunot \u0101du. N\u0101ves j\u016bras dab\u012bgais s\u0101ls satur 27 da\u017e\u0101das miner\u0101lvielas.\",\"breadcrumb\":{\"@id\":\"https:\\\/\\\/women.lv\\\/product\\\/naves-juras-sals\\\/#breadcrumb\"},\"inLanguage\":\"en-GB\",\"potentialAction\":[{\"@type\":\"ReadAction\",\"target\":[\"https:\\\/\\\/women.lv\\\/product\\\/naves-juras-sals\\\/\"]}]},{\"@type\":\"ImageObject\",\"inLanguage\":\"en-GB\",\"@id\":\"https:\\\/\\\/women.lv\\\/product\\\/naves-juras-sals\\\/#primaryimage\",\"url\":\"https:\\\/\\\/women.lv\\\/wp-content\\\/uploads\\\/nc\\\/catalog\\\/Shemen-Amour\\\/DeadSeaSalt.jpg\",\"contentUrl\":\"https:\\\/\\\/women.lv\\\/wp-content\\\/uploads\\\/nc\\\/catalog\\\/Shemen-Amour\\\/DeadSeaSalt.jpg\",\"width\":723,\"height\":1024,\"caption\":\"N\u0101ves J\u016bras s\u0101ls\"},{\"@type\":\"BreadcrumbList\",\"@id\":\"https:\\\/\\\/women.lv\\\/product\\\/naves-juras-sals\\\/#breadcrumb\",\"itemListElement\":[{\"@type\":\"ListItem\",\"position\":1,\"name\":\"Home\",\"item\":\"https:\\\/\\\/women.lv\\\/\"},{\"@type\":\"ListItem\",\"position\":2,\"name\":\"Products\",\"item\":\"https:\\\/\\\/women.lv\\\/en\\\/shop\\\/\"},{\"@type\":\"ListItem\",\"position\":3,\"name\":\"N\u0101ves J\u016bras s\u0101ls\"}]},{\"@type\":\"WebSite\",\"@id\":\"https:\\\/\\\/women.lv\\\/#website\",\"url\":\"https:\\\/\\\/women.lv\\\/\",\"name\":\"Women Veikals\",\"description\":\"Uzdr\u012bksties b\u016bt skaista\",\"potentialAction\":[{\"@type\":\"SearchAction\",\"target\":{\"@type\":\"EntryPoint\",\"urlTemplate\":\"https:\\\/\\\/women.lv\\\/?s={search_term_string}\"},\"query-input\":{\"@type\":\"PropertyValueSpecification\",\"valueRequired\":true,\"valueName\":\"search_term_string\"}}],\"inLanguage\":\"en-GB\"}]}<\/script>\n<!-- \/ Yoast SEO plugin. -->","yoast_head_json":{"title":"Dead Sea Salt","description":"N\u0101ves j\u016bras miner\u0101ls\u0101ls ir paz\u012bstams jau daudzus gadus, pateicoties t\u0101 br\u012bni\u0161\u0137\u012bgajai sp\u0113jai \u0101rst\u0113t, barot un atjaunot \u0101du. N\u0101ves j\u016bras dab\u012bgais s\u0101ls satur 27 da\u017e\u0101das miner\u0101lvielas.","robots":{"index":"index","follow":"follow","max-snippet":"max-snippet:-1","max-image-preview":"max-image-preview:large","max-video-preview":"max-video-preview:-1"},"canonical":"https:\/\/women.lv\/en\/product\/naves-juras-sals\/","og_locale":"en_GB","og_type":"article","og_title":"N\u0101ves J\u016bras s\u0101ls","og_description":"N\u0101ves j\u016bras miner\u0101ls\u0101ls ir paz\u012bstams jau daudzus gadus, pateicoties t\u0101 br\u012bni\u0161\u0137\u012bgajai sp\u0113jai \u0101rst\u0113t, barot un atjaunot \u0101du. N\u0101ves j\u016bras dab\u012bgais s\u0101ls satur 27 da\u017e\u0101das miner\u0101lvielas.","og_url":"https:\/\/women.lv\/en\/product\/naves-juras-sals\/","og_site_name":"Women Veikals","article_modified_time":"2025-11-05T13:25:51+00:00","og_image":[{"width":723,"height":1024,"url":"https:\/\/women.lv\/wp-content\/uploads\/nc\/catalog\/Shemen-Amour\/DeadSeaSalt.jpg","type":"image\/jpeg"}],"twitter_card":"summary_large_image","twitter_misc":{"Estimated reading time":"1 minute"},"schema":{"@context":"https:\/\/schema.org","@graph":[{"@type":"WebPage","@id":"https:\/\/women.lv\/product\/naves-juras-sals\/","url":"https:\/\/women.lv\/product\/naves-juras-sals\/","name":"Dead Sea Salt","isPartOf":{"@id":"https:\/\/women.lv\/#website"},"primaryImageOfPage":{"@id":"https:\/\/women.lv\/product\/naves-juras-sals\/#primaryimage"},"image":{"@id":"https:\/\/women.lv\/product\/naves-juras-sals\/#primaryimage"},"thumbnailUrl":"https:\/\/women.lv\/wp-content\/uploads\/nc\/catalog\/Shemen-Amour\/DeadSeaSalt.jpg","datePublished":"2020-04-02T11:19:26+00:00","dateModified":"2025-11-05T13:25:51+00:00","description":"N\u0101ves j\u016bras miner\u0101ls\u0101ls ir paz\u012bstams jau daudzus gadus, pateicoties t\u0101 br\u012bni\u0161\u0137\u012bgajai sp\u0113jai \u0101rst\u0113t, barot un atjaunot \u0101du. N\u0101ves j\u016bras dab\u012bgais s\u0101ls satur 27 da\u017e\u0101das miner\u0101lvielas.","breadcrumb":{"@id":"https:\/\/women.lv\/product\/naves-juras-sals\/#breadcrumb"},"inLanguage":"en-GB","potentialAction":[{"@type":"ReadAction","target":["https:\/\/women.lv\/product\/naves-juras-sals\/"]}]},{"@type":"ImageObject","inLanguage":"en-GB","@id":"https:\/\/women.lv\/product\/naves-juras-sals\/#primaryimage","url":"https:\/\/women.lv\/wp-content\/uploads\/nc\/catalog\/Shemen-Amour\/DeadSeaSalt.jpg","contentUrl":"https:\/\/women.lv\/wp-content\/uploads\/nc\/catalog\/Shemen-Amour\/DeadSeaSalt.jpg","width":723,"height":1024,"caption":"N\u0101ves J\u016bras s\u0101ls"},{"@type":"BreadcrumbList","@id":"https:\/\/women.lv\/product\/naves-juras-sals\/#breadcrumb","itemListElement":[{"@type":"ListItem","position":1,"name":"Home","item":"https:\/\/women.lv\/"},{"@type":"ListItem","position":2,"name":"Products","item":"https:\/\/women.lv\/en\/shop\/"},{"@type":"ListItem","position":3,"name":"N\u0101ves J\u016bras s\u0101ls"}]},{"@type":"WebSite","@id":"https:\/\/women.lv\/#website","url":"https:\/\/women.lv\/","name":"Women Shop","description":"Uzdr\u012bksties b\u016bt skaista","potentialAction":[{"@type":"SearchAction","target":{"@type":"EntryPoint","urlTemplate":"https:\/\/women.lv\/?s={search_term_string}"},"query-input":{"@type":"PropertyValueSpecification","valueRequired":true,"valueName":"search_term_string"}}],"inLanguage":"en-GB"}]}},"_links":{"self":[{"href":"https:\/\/women.lv\/en\/wp-json\/wp\/v2\/product\/28217","targetHints":{"allow":["GET"]}}],"collection":[{"href":"https:\/\/women.lv\/en\/wp-json\/wp\/v2\/product"}],"about":[{"href":"https:\/\/women.lv\/en\/wp-json\/wp\/v2\/types\/product"}],"replies":[{"embeddable":true,"href":"https:\/\/women.lv\/en\/wp-json\/wp\/v2\/comments?post=28217"}],"version-history":[{"count":0,"href":"https:\/\/women.lv\/en\/wp-json\/wp\/v2\/product\/28217\/revisions"}],"wp:featuredmedia":[{"embeddable":true,"href":"https:\/\/women.lv\/en\/wp-json\/wp\/v2\/media\/28218"}],"wp:attachment":[{"href":"https:\/\/women.lv\/en\/wp-json\/wp\/v2\/media?parent=28217"}],"wp:term":[{"taxonomy":"product_brand","embeddable":true,"href":"https:\/\/women.lv\/en\/wp-json\/wp\/v2\/product_brand?post=28217"},{"taxonomy":"product_cat","embeddable":true,"href":"https:\/\/women.lv\/en\/wp-json\/wp\/v2\/product_cat?post=28217"},{"taxonomy":"product_tag","embeddable":true,"href":"https:\/\/women.lv\/en\/wp-json\/wp\/v2\/product_tag?post=28217"}],"curies":[{"name":"wp","href":"https:\/\/api.w.org\/{rel}","templated":true}]}}