{"id":28110,"date":"2020-03-19T12:57:01","date_gmt":"2020-03-19T12:57:01","guid":{"rendered":"https:\/\/women.lv\/?product=pretgrumbu-acu-serums-ar-c-vitaminu"},"modified":"2025-11-05T13:25:46","modified_gmt":"2025-11-05T13:25:46","slug":"pure-mineral-pretgrumbu-acu-serums-ar-c-vitaminu","status":"publish","type":"product","link":"https:\/\/women.lv\/en\/product\/pure-mineral-pretgrumbu-acu-serums-ar-c-vitaminu\/","title":{"rendered":"Anti-wrinkle eye serum with vitamin C"},"content":{"rendered":"<p><span style=\"font-family: Helvetica;\"><span style=\"font-size: 18px;\" data-sheets-value=\"{&quot;1&quot;:2,&quot;2&quot;:&quot;Atjauno, form\u0113 un pace\u013c.\\nIzstr\u0101d\u0101ts ar N\u0101ves j\u016bras miner\u0101liem un C vitam\u012bnu\\n\u0160is novatoriskais acu pretgrumbu serums ir bag\u0101tin\u0101ts ar N\u0101ves j\u016bras miner\u0101liem un C vitam\u012bnu, lai apkarotu un mazin\u0101tu noveco\u0161an\u0101s paz\u012bmes, redzami nostiprin\u0101tu, izl\u012bdzin\u0101tu un atjaunotu \u0101du. \u0160is serums \u013cauj \u0101dai izskat\u012bties jaunekl\u012bg\u0101kai un dz\u012bvotsp\u0113j\u012bg\u0101kai, iev\u0113rojami samazinot grumbu veido\u0161anos un ac\u012bmredzami uzlabojot tum\u0161o loku, maisi\u0146u un piet\u016bkumu, nov\u0113r\u0161ot pigmentus, kas ir atbild\u012bgi par tum\u0161ajiem lokiem zem ac\u012bm un iekaisumu. T\u016bl\u012bt p\u0113c uzkl\u0101\u0161anas acu zona paliek vienm\u0113r\u012bg\u0101ka un gai\u0161\u0101ka.&quot;}\" data-sheets-userformat=\"{&quot;2&quot;:897,&quot;3&quot;:{&quot;1&quot;:0},&quot;10&quot;:1,&quot;11&quot;:4,&quot;12&quot;:0}\">Atjauno, form\u0113 un pace\u013c.<\/span><\/span><\/p>\n<p><span style=\"font-family: Helvetica;\"><span style=\"font-size: 18px;\" data-sheets-value=\"{&quot;1&quot;:2,&quot;2&quot;:&quot;Atjauno, form\u0113 un pace\u013c.\\nIzstr\u0101d\u0101ts ar N\u0101ves j\u016bras miner\u0101liem un C vitam\u012bnu\\n\u0160is novatoriskais acu pretgrumbu serums ir bag\u0101tin\u0101ts ar N\u0101ves j\u016bras miner\u0101liem un C vitam\u012bnu, lai apkarotu un mazin\u0101tu noveco\u0161an\u0101s paz\u012bmes, redzami nostiprin\u0101tu, izl\u012bdzin\u0101tu un atjaunotu \u0101du. \u0160is serums \u013cauj \u0101dai izskat\u012bties jaunekl\u012bg\u0101kai un dz\u012bvotsp\u0113j\u012bg\u0101kai, iev\u0113rojami samazinot grumbu veido\u0161anos un ac\u012bmredzami uzlabojot tum\u0161o loku, maisi\u0146u un piet\u016bkumu, nov\u0113r\u0161ot pigmentus, kas ir atbild\u012bgi par tum\u0161ajiem lokiem zem ac\u012bm un iekaisumu. T\u016bl\u012bt p\u0113c uzkl\u0101\u0161anas acu zona paliek vienm\u0113r\u012bg\u0101ka un gai\u0161\u0101ka.&quot;}\" data-sheets-userformat=\"{&quot;2&quot;:897,&quot;3&quot;:{&quot;1&quot;:0},&quot;10&quot;:1,&quot;11&quot;:4,&quot;12&quot;:0}\">Izstr\u0101d\u0101ts ar N\u0101ves j\u016bras miner\u0101liem un C vitam\u012bnu<\/span><\/span><\/p>\n<p><span style=\"font-family: Helvetica;\"><span style=\"font-size: 18px;\" data-sheets-value=\"{&quot;1&quot;:2,&quot;2&quot;:&quot;Atjauno, form\u0113 un pace\u013c.\\nIzstr\u0101d\u0101ts ar N\u0101ves j\u016bras miner\u0101liem un C vitam\u012bnu\\n\u0160is novatoriskais acu pretgrumbu serums ir bag\u0101tin\u0101ts ar N\u0101ves j\u016bras miner\u0101liem un C vitam\u012bnu, lai apkarotu un mazin\u0101tu noveco\u0161an\u0101s paz\u012bmes, redzami nostiprin\u0101tu, izl\u012bdzin\u0101tu un atjaunotu \u0101du. \u0160is serums \u013cauj \u0101dai izskat\u012bties jaunekl\u012bg\u0101kai un dz\u012bvotsp\u0113j\u012bg\u0101kai, iev\u0113rojami samazinot grumbu veido\u0161anos un ac\u012bmredzami uzlabojot tum\u0161o loku, maisi\u0146u un piet\u016bkumu, nov\u0113r\u0161ot pigmentus, kas ir atbild\u012bgi par tum\u0161ajiem lokiem zem ac\u012bm un iekaisumu. T\u016bl\u012bt p\u0113c uzkl\u0101\u0161anas acu zona paliek vienm\u0113r\u012bg\u0101ka un gai\u0161\u0101ka.&quot;}\" data-sheets-userformat=\"{&quot;2&quot;:897,&quot;3&quot;:{&quot;1&quot;:0},&quot;10&quot;:1,&quot;11&quot;:4,&quot;12&quot;:0}\">\u0160is novatoriskais acu pretgrumbu serums ir bag\u0101tin\u0101ts ar N\u0101ves j\u016bras miner\u0101liem un C vitam\u012bnu, lai apkarotu un mazin\u0101tu noveco\u0161an\u0101s paz\u012bmes, redzami nostiprin\u0101tu, izl\u012bdzin\u0101tu un atjaunotu \u0101du. \u0160is serums \u013cauj \u0101dai izskat\u012bties jaunekl\u012bg\u0101kai un dz\u012bv\u012bgai, iev\u0113rojami samazinot grumbu veido\u0161anos un ac\u012bmredzami nov\u0113r\u0161ot tum\u0161o loku, maisi\u0146u un piet\u016bkumu, nov\u0113r\u0161ot pigmentus, kas ir atbild\u012bgi par tum\u0161ajiem lokiem zem ac\u012bm un iekaisumu. T\u016bl\u012bt p\u0113c uzkl\u0101\u0161anas acu zona paliek vienm\u0113r\u012bg\u0101ka un gai\u0161\u0101ka.<\/span><\/span><span style=\"font-family: Helvetica;\"><span style=\"font-size: 12px;\" data-sheets-value=\"{&quot;1&quot;:2,&quot;2&quot;:&quot;Atjauno, form\u0113 un pace\u013c.\\nIzstr\u0101d\u0101ts ar N\u0101ves j\u016bras miner\u0101liem un C vitam\u012bnu\\n\u0160is novatoriskais acu pretgrumbu serums ir bag\u0101tin\u0101ts ar N\u0101ves j\u016bras miner\u0101liem un C vitam\u012bnu, lai apkarotu un mazin\u0101tu noveco\u0161an\u0101s paz\u012bmes, redzami nostiprin\u0101tu, izl\u012bdzin\u0101tu un atjaunotu \u0101du. \u0160is serums \u013cauj \u0101dai izskat\u012bties jaunekl\u012bg\u0101kai un dz\u012bvotsp\u0113j\u012bg\u0101kai, iev\u0113rojami samazinot grumbu veido\u0161anos un ac\u012bmredzami uzlabojot tum\u0161o loku, maisi\u0146u un piet\u016bkumu, nov\u0113r\u0161ot pigmentus, kas ir atbild\u012bgi par tum\u0161ajiem lokiem zem ac\u012bm un iekaisumu. T\u016bl\u012bt p\u0113c uzkl\u0101\u0161anas acu zona paliek vienm\u0113r\u012bg\u0101ka un gai\u0161\u0101ka.&quot;}\" data-sheets-userformat=\"{&quot;2&quot;:897,&quot;3&quot;:{&quot;1&quot;:0},&quot;10&quot;:1,&quot;11&quot;:4,&quot;12&quot;:0}\"><span style=\"font-size: 10pt;\" data-sheets-value=\"{&quot;1&quot;:2,&quot;2&quot;:&quot;Lieto\u0161anas instrukcija: Viegli iemas\u0113jiet serumu zon\u0101 ap ac\u012bm, no plaksti\u0146a iek\u0161puses uz \u0101ru, l\u012bdz serums ir piln\u012bb\u0101 uzs\u016bcies.r\\nIzvairieties no tie\u0161as saskares ar ac\u012bm.&quot;}\" data-sheets-userformat=\"{&quot;2&quot;:897,&quot;3&quot;:{&quot;1&quot;:0},&quot;10&quot;:1,&quot;11&quot;:4,&quot;12&quot;:0}\" data-sheets-textstyleruns=\"[null,0,{&quot;5&quot;:1}]\uee10{&quot;1&quot;:22}\"><span style=\"font-size: 10pt;\"><span style=\"font-size: 18px;\"><\/p>\n<p><\/span><\/span><\/span><\/p>\n<p><\/span><\/p>\n<p><\/span><\/p>\n","protected":false},"excerpt":{"rendered":"<p>Restores, shapes and lifts. Formulated with Dead Sea Minerals and Vitamin C This innovative anti-wrinkle eye serum is enriched with<\/p>","protected":false},"featured_media":28111,"comment_status":"open","ping_status":"closed","template":"","meta":[],"product_brand":[],"product_cat":[2225,2231,2201,2200,2215],"product_tag":[2326,2244,2243,2324,2294,2245,2325],"class_list":{"0":"post-28110","1":"product","2":"type-product","3":"status-publish","4":"has-post-thumbnail","6":"product_cat-acu-kremi-un-serumi","7":"product_cat-lv-on-sale","8":"product_cat-pretnovecosanas-un-pretgrumbu","9":"product_cat-sejas-kopsanas-lidzekli","10":"product_cat-visi-produkti","11":"product_tag-anti-wrinkle-eye-serum-with-vitamin-c","12":"product_tag-israel","13":"product_tag-izraela","14":"product_tag-pretgrumbu-acu-serums-ar-c-vitaminu","15":"product_tag-pure-mineral","16":"product_tag-2245","17":"product_tag-2325","18":"pa_brand_nc-pure-mineral","19":"pa_ean_nc-3871","21":"first","22":"outofstock","23":"sale","24":"taxable","25":"shipping-taxable","26":"purchasable","27":"product-type-simple"},"yoast_head":"<!-- This site is optimized with the Yoast SEO plugin v27.4 - https:\/\/yoast.com\/product\/yoast-seo-wordpress\/ -->\n<title>Pretgrumbu acu serums ar C vitam\u012bnu<\/title>\n<meta name=\"description\" content=\"\u0160is novatoriskais acu pretgrumbu serums ir bag\u0101tin\u0101ts ar N\u0101ves j\u016bras miner\u0101liem un C vitam\u012bnu, lai apkarotu un mazin\u0101tu noveco\u0161an\u0101s paz\u012bmes, redzami nostiprin\u0101tu, izl\u012bdzin\u0101tu un atjaunotu \u0101du.\" \/>\n<meta name=\"robots\" content=\"index, follow, max-snippet:-1, max-image-preview:large, max-video-preview:-1\" \/>\n<link rel=\"canonical\" href=\"https:\/\/women.lv\/en\/product\/pure-mineral-pretgrumbu-acu-serums-ar-c-vitaminu\/\" \/>\n<meta property=\"og:locale\" content=\"en_GB\" \/>\n<meta property=\"og:type\" content=\"article\" \/>\n<meta property=\"og:title\" content=\"Pretgrumbu acu serums ar C vitam\u012bnu\" \/>\n<meta property=\"og:description\" content=\"\u0160is novatoriskais acu pretgrumbu serums ir bag\u0101tin\u0101ts ar N\u0101ves j\u016bras miner\u0101liem un C vitam\u012bnu, lai apkarotu un mazin\u0101tu noveco\u0161an\u0101s paz\u012bmes, redzami nostiprin\u0101tu, izl\u012bdzin\u0101tu un atjaunotu \u0101du.\" \/>\n<meta property=\"og:url\" content=\"https:\/\/women.lv\/en\/product\/pure-mineral-pretgrumbu-acu-serums-ar-c-vitaminu\/\" \/>\n<meta property=\"og:site_name\" content=\"Women Veikals\" \/>\n<meta property=\"article:modified_time\" content=\"2025-11-05T13:25:46+00:00\" \/>\n<meta property=\"og:image\" content=\"https:\/\/women.lv\/wp-content\/uploads\/nc\/catalog\/Pure-Mineral\/vitamin-C\/vit-c-eye-serum.jpg\" \/>\n\t<meta property=\"og:image:width\" content=\"1600\" \/>\n\t<meta property=\"og:image:height\" content=\"1594\" \/>\n\t<meta property=\"og:image:type\" content=\"image\/jpeg\" \/>\n<meta name=\"twitter:card\" content=\"summary_large_image\" \/>\n<meta name=\"twitter:label1\" content=\"Estimated reading time\" \/>\n\t<meta name=\"twitter:data1\" content=\"1 minute\" \/>\n<script type=\"application\/ld+json\" class=\"yoast-schema-graph\">{\"@context\":\"https:\\\/\\\/schema.org\",\"@graph\":[{\"@type\":\"WebPage\",\"@id\":\"https:\\\/\\\/women.lv\\\/product\\\/pure-mineral-pretgrumbu-acu-serums-ar-c-vitaminu\\\/\",\"url\":\"https:\\\/\\\/women.lv\\\/product\\\/pure-mineral-pretgrumbu-acu-serums-ar-c-vitaminu\\\/\",\"name\":\"Pretgrumbu acu serums ar C vitam\u012bnu\",\"isPartOf\":{\"@id\":\"https:\\\/\\\/women.lv\\\/#website\"},\"primaryImageOfPage\":{\"@id\":\"https:\\\/\\\/women.lv\\\/product\\\/pure-mineral-pretgrumbu-acu-serums-ar-c-vitaminu\\\/#primaryimage\"},\"image\":{\"@id\":\"https:\\\/\\\/women.lv\\\/product\\\/pure-mineral-pretgrumbu-acu-serums-ar-c-vitaminu\\\/#primaryimage\"},\"thumbnailUrl\":\"https:\\\/\\\/women.lv\\\/wp-content\\\/uploads\\\/nc\\\/catalog\\\/Pure-Mineral\\\/vitamin-C\\\/vit-c-eye-serum.jpg\",\"datePublished\":\"2020-03-19T12:57:01+00:00\",\"dateModified\":\"2025-11-05T13:25:46+00:00\",\"description\":\"\u0160is novatoriskais acu pretgrumbu serums ir bag\u0101tin\u0101ts ar N\u0101ves j\u016bras miner\u0101liem un C vitam\u012bnu, lai apkarotu un mazin\u0101tu noveco\u0161an\u0101s paz\u012bmes, redzami nostiprin\u0101tu, izl\u012bdzin\u0101tu un atjaunotu \u0101du.\",\"breadcrumb\":{\"@id\":\"https:\\\/\\\/women.lv\\\/product\\\/pure-mineral-pretgrumbu-acu-serums-ar-c-vitaminu\\\/#breadcrumb\"},\"inLanguage\":\"en-GB\",\"potentialAction\":[{\"@type\":\"ReadAction\",\"target\":[\"https:\\\/\\\/women.lv\\\/product\\\/pure-mineral-pretgrumbu-acu-serums-ar-c-vitaminu\\\/\"]}]},{\"@type\":\"ImageObject\",\"inLanguage\":\"en-GB\",\"@id\":\"https:\\\/\\\/women.lv\\\/product\\\/pure-mineral-pretgrumbu-acu-serums-ar-c-vitaminu\\\/#primaryimage\",\"url\":\"https:\\\/\\\/women.lv\\\/wp-content\\\/uploads\\\/nc\\\/catalog\\\/Pure-Mineral\\\/vitamin-C\\\/vit-c-eye-serum.jpg\",\"contentUrl\":\"https:\\\/\\\/women.lv\\\/wp-content\\\/uploads\\\/nc\\\/catalog\\\/Pure-Mineral\\\/vitamin-C\\\/vit-c-eye-serum.jpg\",\"width\":1600,\"height\":1594,\"caption\":\"Pretgrumbu acu serums ar C vitam\u012bnu\"},{\"@type\":\"BreadcrumbList\",\"@id\":\"https:\\\/\\\/women.lv\\\/product\\\/pure-mineral-pretgrumbu-acu-serums-ar-c-vitaminu\\\/#breadcrumb\",\"itemListElement\":[{\"@type\":\"ListItem\",\"position\":1,\"name\":\"Home\",\"item\":\"https:\\\/\\\/women.lv\\\/\"},{\"@type\":\"ListItem\",\"position\":2,\"name\":\"Products\",\"item\":\"https:\\\/\\\/women.lv\\\/en\\\/shop\\\/\"},{\"@type\":\"ListItem\",\"position\":3,\"name\":\"Pretgrumbu acu serums ar C vitam\u012bnu\"}]},{\"@type\":\"WebSite\",\"@id\":\"https:\\\/\\\/women.lv\\\/#website\",\"url\":\"https:\\\/\\\/women.lv\\\/\",\"name\":\"Women Veikals\",\"description\":\"Uzdr\u012bksties b\u016bt skaista\",\"potentialAction\":[{\"@type\":\"SearchAction\",\"target\":{\"@type\":\"EntryPoint\",\"urlTemplate\":\"https:\\\/\\\/women.lv\\\/?s={search_term_string}\"},\"query-input\":{\"@type\":\"PropertyValueSpecification\",\"valueRequired\":true,\"valueName\":\"search_term_string\"}}],\"inLanguage\":\"en-GB\"}]}<\/script>\n<!-- \/ Yoast SEO plugin. -->","yoast_head_json":{"title":"Anti-wrinkle eye serum with vitamin C","description":"\u0160is novatoriskais acu pretgrumbu serums ir bag\u0101tin\u0101ts ar N\u0101ves j\u016bras miner\u0101liem un C vitam\u012bnu, lai apkarotu un mazin\u0101tu noveco\u0161an\u0101s paz\u012bmes, redzami nostiprin\u0101tu, izl\u012bdzin\u0101tu un atjaunotu \u0101du.","robots":{"index":"index","follow":"follow","max-snippet":"max-snippet:-1","max-image-preview":"max-image-preview:large","max-video-preview":"max-video-preview:-1"},"canonical":"https:\/\/women.lv\/en\/product\/pure-mineral-pretgrumbu-acu-serums-ar-c-vitaminu\/","og_locale":"en_GB","og_type":"article","og_title":"Pretgrumbu acu serums ar C vitam\u012bnu","og_description":"\u0160is novatoriskais acu pretgrumbu serums ir bag\u0101tin\u0101ts ar N\u0101ves j\u016bras miner\u0101liem un C vitam\u012bnu, lai apkarotu un mazin\u0101tu noveco\u0161an\u0101s paz\u012bmes, redzami nostiprin\u0101tu, izl\u012bdzin\u0101tu un atjaunotu \u0101du.","og_url":"https:\/\/women.lv\/en\/product\/pure-mineral-pretgrumbu-acu-serums-ar-c-vitaminu\/","og_site_name":"Women Veikals","article_modified_time":"2025-11-05T13:25:46+00:00","og_image":[{"width":1600,"height":1594,"url":"https:\/\/women.lv\/wp-content\/uploads\/nc\/catalog\/Pure-Mineral\/vitamin-C\/vit-c-eye-serum.jpg","type":"image\/jpeg"}],"twitter_card":"summary_large_image","twitter_misc":{"Estimated reading time":"1 minute"},"schema":{"@context":"https:\/\/schema.org","@graph":[{"@type":"WebPage","@id":"https:\/\/women.lv\/product\/pure-mineral-pretgrumbu-acu-serums-ar-c-vitaminu\/","url":"https:\/\/women.lv\/product\/pure-mineral-pretgrumbu-acu-serums-ar-c-vitaminu\/","name":"Anti-wrinkle eye serum with vitamin C","isPartOf":{"@id":"https:\/\/women.lv\/#website"},"primaryImageOfPage":{"@id":"https:\/\/women.lv\/product\/pure-mineral-pretgrumbu-acu-serums-ar-c-vitaminu\/#primaryimage"},"image":{"@id":"https:\/\/women.lv\/product\/pure-mineral-pretgrumbu-acu-serums-ar-c-vitaminu\/#primaryimage"},"thumbnailUrl":"https:\/\/women.lv\/wp-content\/uploads\/nc\/catalog\/Pure-Mineral\/vitamin-C\/vit-c-eye-serum.jpg","datePublished":"2020-03-19T12:57:01+00:00","dateModified":"2025-11-05T13:25:46+00:00","description":"\u0160is novatoriskais acu pretgrumbu serums ir bag\u0101tin\u0101ts ar N\u0101ves j\u016bras miner\u0101liem un C vitam\u012bnu, lai apkarotu un mazin\u0101tu noveco\u0161an\u0101s paz\u012bmes, redzami nostiprin\u0101tu, izl\u012bdzin\u0101tu un atjaunotu \u0101du.","breadcrumb":{"@id":"https:\/\/women.lv\/product\/pure-mineral-pretgrumbu-acu-serums-ar-c-vitaminu\/#breadcrumb"},"inLanguage":"en-GB","potentialAction":[{"@type":"ReadAction","target":["https:\/\/women.lv\/product\/pure-mineral-pretgrumbu-acu-serums-ar-c-vitaminu\/"]}]},{"@type":"ImageObject","inLanguage":"en-GB","@id":"https:\/\/women.lv\/product\/pure-mineral-pretgrumbu-acu-serums-ar-c-vitaminu\/#primaryimage","url":"https:\/\/women.lv\/wp-content\/uploads\/nc\/catalog\/Pure-Mineral\/vitamin-C\/vit-c-eye-serum.jpg","contentUrl":"https:\/\/women.lv\/wp-content\/uploads\/nc\/catalog\/Pure-Mineral\/vitamin-C\/vit-c-eye-serum.jpg","width":1600,"height":1594,"caption":"Pretgrumbu acu serums ar C vitam\u012bnu"},{"@type":"BreadcrumbList","@id":"https:\/\/women.lv\/product\/pure-mineral-pretgrumbu-acu-serums-ar-c-vitaminu\/#breadcrumb","itemListElement":[{"@type":"ListItem","position":1,"name":"Home","item":"https:\/\/women.lv\/"},{"@type":"ListItem","position":2,"name":"Products","item":"https:\/\/women.lv\/en\/shop\/"},{"@type":"ListItem","position":3,"name":"Pretgrumbu acu serums ar C vitam\u012bnu"}]},{"@type":"WebSite","@id":"https:\/\/women.lv\/#website","url":"https:\/\/women.lv\/","name":"Women Shop","description":"Uzdr\u012bksties b\u016bt skaista","potentialAction":[{"@type":"SearchAction","target":{"@type":"EntryPoint","urlTemplate":"https:\/\/women.lv\/?s={search_term_string}"},"query-input":{"@type":"PropertyValueSpecification","valueRequired":true,"valueName":"search_term_string"}}],"inLanguage":"en-GB"}]}},"_links":{"self":[{"href":"https:\/\/women.lv\/en\/wp-json\/wp\/v2\/product\/28110","targetHints":{"allow":["GET"]}}],"collection":[{"href":"https:\/\/women.lv\/en\/wp-json\/wp\/v2\/product"}],"about":[{"href":"https:\/\/women.lv\/en\/wp-json\/wp\/v2\/types\/product"}],"replies":[{"embeddable":true,"href":"https:\/\/women.lv\/en\/wp-json\/wp\/v2\/comments?post=28110"}],"version-history":[{"count":0,"href":"https:\/\/women.lv\/en\/wp-json\/wp\/v2\/product\/28110\/revisions"}],"wp:featuredmedia":[{"embeddable":true,"href":"https:\/\/women.lv\/en\/wp-json\/wp\/v2\/media\/28111"}],"wp:attachment":[{"href":"https:\/\/women.lv\/en\/wp-json\/wp\/v2\/media?parent=28110"}],"wp:term":[{"taxonomy":"product_brand","embeddable":true,"href":"https:\/\/women.lv\/en\/wp-json\/wp\/v2\/product_brand?post=28110"},{"taxonomy":"product_cat","embeddable":true,"href":"https:\/\/women.lv\/en\/wp-json\/wp\/v2\/product_cat?post=28110"},{"taxonomy":"product_tag","embeddable":true,"href":"https:\/\/women.lv\/en\/wp-json\/wp\/v2\/product_tag?post=28110"}],"curies":[{"name":"wp","href":"https:\/\/api.w.org\/{rel}","templated":true}]}}