{"id":28094,"date":"2020-03-19T12:50:48","date_gmt":"2020-03-19T12:50:48","guid":{"rendered":"https:\/\/women.lv\/?product=mitrinoss-aizsargkrems-spf15-ar-hialuronskabi"},"modified":"2026-02-04T13:01:39","modified_gmt":"2026-02-04T11:01:39","slug":"mitrinoss-aizsargkrems-spf15-ar-hialuronskabi","status":"publish","type":"product","link":"https:\/\/women.lv\/en\/product\/mitrinoss-aizsargkrems-spf15-ar-hialuronskabi\/","title":{"rendered":"Moisturizing protective cream SPF15 with hyaluronic acid"},"content":{"rendered":"<p><span style=\"font-family: Helvetica;\"><span style=\"white-space: pre-wrap; text-decoration-skip-ink: none; font-size: 18px;\">For all skin types<\/span><\/span><\/p>\n<p>The product is developed using Dead Sea minerals and hyaluronic acid.<\/p>\n<p>This innovative <span style=\"white-space: pre-wrap; font-weight: bold; text-decoration-skip-ink: none; font-size: 18px;\">Moisturizing Protector SPF 15<\/span><span style=\"white-space: pre-wrap; text-decoration-skip-ink: none; font-size: 18px;\"> advanced Dead Sea Mineral Complex, UV Complex and Intensive Hydrating Complex containing hyaluronic acid, betaine, squalene and xylitol to restore long-lasting essential moisture deep into the skin. Moisturizer helps improve visible regeneration by improving water reserves and limiting water loss. An advanced UV complex serves as an effective free radical scavenger, significantly improving drug stability and providing a truly versatile approach to protection against UV radiation, the main cause of wrinkles, age spots and loss of firmness. Suitable for all skin types.<\/span><\/p>\n<p><span style=\"font-family: Helvetica;\"><span style=\"white-space: pre-wrap; font-weight: bold; text-decoration-skip-ink: none; font-size: 18px;\">As a result: <\/span><span style=\"white-space: pre-wrap; text-decoration-skip-ink: none;\"><span style=\"font-size: 18px;\">Your skin is intensively protected, moisturized and relieved.<\/span><\/span><\/span><\/p>\n<p>&nbsp;<\/p>\n<p>&nbsp;<\/p>\n<p>&nbsp;<\/p>\n<div><span style=\"font-family: Helvetica;\"><span style=\"white-space: pre-wrap; text-decoration-skip-ink: none;\">\u00a0<\/span><\/span><\/div>","protected":false},"excerpt":{"rendered":"<p>For all skin types The product is developed using Dead Sea minerals and hyaluronic acid. This innovative Moisturizing Protector SPF 15 advanced Dead Sea<\/p>","protected":false},"featured_media":28095,"comment_status":"open","ping_status":"closed","template":"","meta":[],"product_brand":[],"product_cat":[2231,2200,2203,2215],"product_tag":[2244,2243,2302,2304,2294,2245,2305,2303],"class_list":{"0":"post-28094","1":"product","2":"type-product","3":"status-publish","4":"has-post-thumbnail","6":"product_cat-lv-on-sale","7":"product_cat-sejas-kopsanas-lidzekli","8":"product_cat-sejas-kremi","9":"product_cat-visi-produkti","10":"product_tag-israel","11":"product_tag-izraela","12":"product_tag-mitrinoss-aizsargs-spf15-ar-hialuronskabi","13":"product_tag-moisturizing-protector-spf15-with-hyaluronic-acid","14":"product_tag-pure-mineral","15":"product_tag-2245","16":"product_tag-2305","17":"product_tag---spf-15--","18":"pa_brand_nc-pure-mineral","19":"pa_ean_nc-3866","21":"first","22":"instock","23":"sale","24":"taxable","25":"shipping-taxable","26":"purchasable","27":"product-type-simple"},"yoast_head":"<!-- This site is optimized with the Yoast SEO plugin v27.4 - https:\/\/yoast.com\/product\/yoast-seo-wordpress\/ -->\n<title>Mitrino\u0161s aizsargs SPF15 ar hialuronsk\u0101bi<\/title>\n<meta name=\"description\" content=\"Mitrin\u0101t\u0101js pal\u012bdz uzlabot vizu\u0101li redzamu atjauno\u0161anos, mitrin\u0101\u0161anu.\" \/>\n<meta name=\"robots\" content=\"index, follow, max-snippet:-1, max-image-preview:large, max-video-preview:-1\" \/>\n<link rel=\"canonical\" href=\"https:\/\/women.lv\/en\/product\/mitrinoss-aizsargkrems-spf15-ar-hialuronskabi\/\" \/>\n<meta property=\"og:locale\" content=\"en_GB\" \/>\n<meta property=\"og:type\" content=\"article\" \/>\n<meta property=\"og:title\" content=\"Mitrino\u0161s aizsargs SPF15 ar hialuronsk\u0101bi\" \/>\n<meta property=\"og:description\" content=\"Mitrin\u0101t\u0101js pal\u012bdz uzlabot vizu\u0101li redzamu atjauno\u0161anos, mitrin\u0101\u0161anu.\" \/>\n<meta property=\"og:url\" content=\"https:\/\/women.lv\/en\/product\/mitrinoss-aizsargkrems-spf15-ar-hialuronskabi\/\" \/>\n<meta property=\"og:site_name\" content=\"Women Veikals\" \/>\n<meta property=\"article:modified_time\" content=\"2026-02-04T11:01:39+00:00\" \/>\n<meta property=\"og:image\" content=\"https:\/\/women.lv\/wp-content\/uploads\/nc\/catalog\/Pure-Mineral\/hylorone\/hy-spf15.jpg\" \/>\n\t<meta property=\"og:image:width\" content=\"1600\" \/>\n\t<meta property=\"og:image:height\" content=\"1462\" \/>\n\t<meta property=\"og:image:type\" content=\"image\/jpeg\" \/>\n<meta name=\"twitter:card\" content=\"summary_large_image\" \/>\n<meta name=\"twitter:label1\" content=\"Estimated reading time\" \/>\n\t<meta name=\"twitter:data1\" content=\"1 minute\" \/>\n<script type=\"application\/ld+json\" class=\"yoast-schema-graph\">{\"@context\":\"https:\\\/\\\/schema.org\",\"@graph\":[{\"@type\":\"WebPage\",\"@id\":\"https:\\\/\\\/women.lv\\\/product\\\/mitrinoss-aizsargkrems-spf15-ar-hialuronskabi\\\/\",\"url\":\"https:\\\/\\\/women.lv\\\/product\\\/mitrinoss-aizsargkrems-spf15-ar-hialuronskabi\\\/\",\"name\":\"Mitrino\u0161s aizsargs SPF15 ar hialuronsk\u0101bi\",\"isPartOf\":{\"@id\":\"https:\\\/\\\/women.lv\\\/#website\"},\"primaryImageOfPage\":{\"@id\":\"https:\\\/\\\/women.lv\\\/product\\\/mitrinoss-aizsargkrems-spf15-ar-hialuronskabi\\\/#primaryimage\"},\"image\":{\"@id\":\"https:\\\/\\\/women.lv\\\/product\\\/mitrinoss-aizsargkrems-spf15-ar-hialuronskabi\\\/#primaryimage\"},\"thumbnailUrl\":\"https:\\\/\\\/women.lv\\\/wp-content\\\/uploads\\\/nc\\\/catalog\\\/Pure-Mineral\\\/hylorone\\\/hy-spf15.jpg\",\"datePublished\":\"2020-03-19T12:50:48+00:00\",\"dateModified\":\"2026-02-04T11:01:39+00:00\",\"description\":\"Mitrin\u0101t\u0101js pal\u012bdz uzlabot vizu\u0101li redzamu atjauno\u0161anos, mitrin\u0101\u0161anu.\",\"breadcrumb\":{\"@id\":\"https:\\\/\\\/women.lv\\\/product\\\/mitrinoss-aizsargkrems-spf15-ar-hialuronskabi\\\/#breadcrumb\"},\"inLanguage\":\"en-GB\",\"potentialAction\":[{\"@type\":\"ReadAction\",\"target\":[\"https:\\\/\\\/women.lv\\\/product\\\/mitrinoss-aizsargkrems-spf15-ar-hialuronskabi\\\/\"]}]},{\"@type\":\"ImageObject\",\"inLanguage\":\"en-GB\",\"@id\":\"https:\\\/\\\/women.lv\\\/product\\\/mitrinoss-aizsargkrems-spf15-ar-hialuronskabi\\\/#primaryimage\",\"url\":\"https:\\\/\\\/women.lv\\\/wp-content\\\/uploads\\\/nc\\\/catalog\\\/Pure-Mineral\\\/hylorone\\\/hy-spf15.jpg\",\"contentUrl\":\"https:\\\/\\\/women.lv\\\/wp-content\\\/uploads\\\/nc\\\/catalog\\\/Pure-Mineral\\\/hylorone\\\/hy-spf15.jpg\",\"width\":1600,\"height\":1462,\"caption\":\"Mitrino\u0161s aizsargkr\u0113ms SPF15 ar hialuronsk\u0101bi\"},{\"@type\":\"BreadcrumbList\",\"@id\":\"https:\\\/\\\/women.lv\\\/product\\\/mitrinoss-aizsargkrems-spf15-ar-hialuronskabi\\\/#breadcrumb\",\"itemListElement\":[{\"@type\":\"ListItem\",\"position\":1,\"name\":\"Home\",\"item\":\"https:\\\/\\\/women.lv\\\/\"},{\"@type\":\"ListItem\",\"position\":2,\"name\":\"Products\",\"item\":\"https:\\\/\\\/women.lv\\\/en\\\/shop\\\/\"},{\"@type\":\"ListItem\",\"position\":3,\"name\":\"Mitrino\u0161s aizsargkr\u0113ms SPF15 ar hialuronsk\u0101bi\"}]},{\"@type\":\"WebSite\",\"@id\":\"https:\\\/\\\/women.lv\\\/#website\",\"url\":\"https:\\\/\\\/women.lv\\\/\",\"name\":\"Women Veikals\",\"description\":\"Uzdr\u012bksties b\u016bt skaista\",\"potentialAction\":[{\"@type\":\"SearchAction\",\"target\":{\"@type\":\"EntryPoint\",\"urlTemplate\":\"https:\\\/\\\/women.lv\\\/?s={search_term_string}\"},\"query-input\":{\"@type\":\"PropertyValueSpecification\",\"valueRequired\":true,\"valueName\":\"search_term_string\"}}],\"inLanguage\":\"en-GB\"}]}<\/script>\n<!-- \/ Yoast SEO plugin. -->","yoast_head_json":{"title":"Mitrino\u0161s aizsargs SPF15 ar hialuronsk\u0101bi","description":"Mitrin\u0101t\u0101js pal\u012bdz uzlabot vizu\u0101li redzamu atjauno\u0161anos, mitrin\u0101\u0161anu.","robots":{"index":"index","follow":"follow","max-snippet":"max-snippet:-1","max-image-preview":"max-image-preview:large","max-video-preview":"max-video-preview:-1"},"canonical":"https:\/\/women.lv\/en\/product\/mitrinoss-aizsargkrems-spf15-ar-hialuronskabi\/","og_locale":"en_GB","og_type":"article","og_title":"Mitrino\u0161s aizsargs SPF15 ar hialuronsk\u0101bi","og_description":"Mitrin\u0101t\u0101js pal\u012bdz uzlabot vizu\u0101li redzamu atjauno\u0161anos, mitrin\u0101\u0161anu.","og_url":"https:\/\/women.lv\/en\/product\/mitrinoss-aizsargkrems-spf15-ar-hialuronskabi\/","og_site_name":"Women Veikals","article_modified_time":"2026-02-04T11:01:39+00:00","og_image":[{"width":1600,"height":1462,"url":"https:\/\/women.lv\/wp-content\/uploads\/nc\/catalog\/Pure-Mineral\/hylorone\/hy-spf15.jpg","type":"image\/jpeg"}],"twitter_card":"summary_large_image","twitter_misc":{"Estimated reading time":"1 minute"},"schema":{"@context":"https:\/\/schema.org","@graph":[{"@type":"WebPage","@id":"https:\/\/women.lv\/product\/mitrinoss-aizsargkrems-spf15-ar-hialuronskabi\/","url":"https:\/\/women.lv\/product\/mitrinoss-aizsargkrems-spf15-ar-hialuronskabi\/","name":"Mitrino\u0161s aizsargs SPF15 ar hialuronsk\u0101bi","isPartOf":{"@id":"https:\/\/women.lv\/#website"},"primaryImageOfPage":{"@id":"https:\/\/women.lv\/product\/mitrinoss-aizsargkrems-spf15-ar-hialuronskabi\/#primaryimage"},"image":{"@id":"https:\/\/women.lv\/product\/mitrinoss-aizsargkrems-spf15-ar-hialuronskabi\/#primaryimage"},"thumbnailUrl":"https:\/\/women.lv\/wp-content\/uploads\/nc\/catalog\/Pure-Mineral\/hylorone\/hy-spf15.jpg","datePublished":"2020-03-19T12:50:48+00:00","dateModified":"2026-02-04T11:01:39+00:00","description":"Mitrin\u0101t\u0101js pal\u012bdz uzlabot vizu\u0101li redzamu atjauno\u0161anos, mitrin\u0101\u0161anu.","breadcrumb":{"@id":"https:\/\/women.lv\/product\/mitrinoss-aizsargkrems-spf15-ar-hialuronskabi\/#breadcrumb"},"inLanguage":"en-GB","potentialAction":[{"@type":"ReadAction","target":["https:\/\/women.lv\/product\/mitrinoss-aizsargkrems-spf15-ar-hialuronskabi\/"]}]},{"@type":"ImageObject","inLanguage":"en-GB","@id":"https:\/\/women.lv\/product\/mitrinoss-aizsargkrems-spf15-ar-hialuronskabi\/#primaryimage","url":"https:\/\/women.lv\/wp-content\/uploads\/nc\/catalog\/Pure-Mineral\/hylorone\/hy-spf15.jpg","contentUrl":"https:\/\/women.lv\/wp-content\/uploads\/nc\/catalog\/Pure-Mineral\/hylorone\/hy-spf15.jpg","width":1600,"height":1462,"caption":"Mitrino\u0161s aizsargkr\u0113ms SPF15 ar hialuronsk\u0101bi"},{"@type":"BreadcrumbList","@id":"https:\/\/women.lv\/product\/mitrinoss-aizsargkrems-spf15-ar-hialuronskabi\/#breadcrumb","itemListElement":[{"@type":"ListItem","position":1,"name":"Home","item":"https:\/\/women.lv\/"},{"@type":"ListItem","position":2,"name":"Products","item":"https:\/\/women.lv\/en\/shop\/"},{"@type":"ListItem","position":3,"name":"Mitrino\u0161s aizsargkr\u0113ms SPF15 ar hialuronsk\u0101bi"}]},{"@type":"WebSite","@id":"https:\/\/women.lv\/#website","url":"https:\/\/women.lv\/","name":"Women Shop","description":"Uzdr\u012bksties b\u016bt skaista","potentialAction":[{"@type":"SearchAction","target":{"@type":"EntryPoint","urlTemplate":"https:\/\/women.lv\/?s={search_term_string}"},"query-input":{"@type":"PropertyValueSpecification","valueRequired":true,"valueName":"search_term_string"}}],"inLanguage":"en-GB"}]}},"_links":{"self":[{"href":"https:\/\/women.lv\/en\/wp-json\/wp\/v2\/product\/28094","targetHints":{"allow":["GET"]}}],"collection":[{"href":"https:\/\/women.lv\/en\/wp-json\/wp\/v2\/product"}],"about":[{"href":"https:\/\/women.lv\/en\/wp-json\/wp\/v2\/types\/product"}],"replies":[{"embeddable":true,"href":"https:\/\/women.lv\/en\/wp-json\/wp\/v2\/comments?post=28094"}],"version-history":[{"count":0,"href":"https:\/\/women.lv\/en\/wp-json\/wp\/v2\/product\/28094\/revisions"}],"wp:featuredmedia":[{"embeddable":true,"href":"https:\/\/women.lv\/en\/wp-json\/wp\/v2\/media\/28095"}],"wp:attachment":[{"href":"https:\/\/women.lv\/en\/wp-json\/wp\/v2\/media?parent=28094"}],"wp:term":[{"taxonomy":"product_brand","embeddable":true,"href":"https:\/\/women.lv\/en\/wp-json\/wp\/v2\/product_brand?post=28094"},{"taxonomy":"product_cat","embeddable":true,"href":"https:\/\/women.lv\/en\/wp-json\/wp\/v2\/product_cat?post=28094"},{"taxonomy":"product_tag","embeddable":true,"href":"https:\/\/women.lv\/en\/wp-json\/wp\/v2\/product_tag?post=28094"}],"curies":[{"name":"wp","href":"https:\/\/api.w.org\/{rel}","templated":true}]}}