{"id":28076,"date":"2019-04-17T17:46:04","date_gmt":"2019-04-17T17:46:04","guid":{"rendered":"https:\/\/women.lv\/?product=dublu-sampuns-bojatu-matu-atjaunosanai"},"modified":"2026-03-21T11:39:51","modified_gmt":"2026-03-21T09:39:51","slug":"yofing-naves-juras-dublu-sampuns","status":"publish","type":"product","link":"https:\/\/women.lv\/en\/product\/yofing-naves-juras-dublu-sampuns\/","title":{"rendered":"Mud shampoo for restoring damaged hair"},"content":{"rendered":"<p><span style=\"font-family: Helvetica;\"><span style=\"font-size: 18px;\">Atjaunojiet boj\u0101tos matus, ko izrais\u012bjusi kr\u0101so\u0161ana, taisno\u0161ana vai veido\u0161ana. ATJAUNOJO\u0160AIS \u0160amp\u016bns boj\u0101tiem matiem maigi un efekt\u012bvi att\u012bra un atdz\u012bvina matus, atst\u0101jot tos barotus, vald\u0101mus un stiprus. \u0160is \u0161amp\u016bns, kas papildin\u0101ts ar N\u0101ves J\u016bras dub\u013ciem un antioksidantiem bag\u0101tu argana e\u013c\u013cu, kerat\u012bna olbaltumviel\u0101m, pal\u012bdz atjaunot \u0161\u0137eltas. \u0160amp\u016bns paredz\u0113ts pal\u012bdz\u0113t matiem atg\u016bt dabisko elast\u012bbu un veicina vesel\u012bg\u0101ku izskatu un pa\u0161saj\u016btu.<\/span><\/span><\/p>\n<p><span style=\"font-family: Helvetica;\">\u00a0<\/span><\/p>","protected":false},"excerpt":{"rendered":"<p>Restore damaged hair caused by coloring, straightening or styling. RENEWING Shampoo for damaged hair gently and effectively cleans and revives hair,<\/p>","protected":false},"featured_media":28077,"comment_status":"open","ping_status":"closed","template":"","meta":[],"product_brand":[],"product_cat":[2204,2206,2215],"product_tag":[2283,2244,2243,2284,2240,2285,2245],"class_list":{"0":"post-28076","1":"product","2":"type-product","3":"status-publish","4":"has-post-thumbnail","6":"product_cat-matu-kopsanas-lidzekli","7":"product_cat-sampuni","8":"product_cat-visi-produkti","9":"product_tag-dublu-sampuns-bojatu-matu-atjaunosanai","10":"product_tag-israel","11":"product_tag-izraela","12":"product_tag-mud-shampoo","13":"product_tag-yofing","14":"product_tag-2285","15":"product_tag-2245","16":"pa_brand_nc-yofing","17":"pa_ean_nc-2282","18":"pa_ean_nc-israel","20":"first","21":"instock","22":"sale","23":"taxable","24":"shipping-taxable","25":"purchasable","26":"product-type-simple"},"yoast_head":"<!-- This site is optimized with the Yoast SEO plugin v23.9 - https:\/\/yoast.com\/wordpress\/plugins\/seo\/ -->\n<title>Dub\u013cu \u0161amp\u016bns boj\u0101tu matu atjauno\u0161anai<\/title>\n<meta name=\"description\" content=\"Atjaunojiet boj\u0101tos matus, ko izrais\u012bjusi kr\u0101so\u0161ana, taisno\u0161ana vai veido\u0161ana. ATJAUNOJO\u0160AIS \u0160amp\u016bns boj\u0101tiem matiem maigi un efekt\u012bvi att\u012bra un atdz\u012bvina matus, atst\u0101jot tos barotus, vald\u0101mus un stiprus.\" \/>\n<meta name=\"robots\" content=\"index, follow, max-snippet:-1, max-image-preview:large, max-video-preview:-1\" \/>\n<link rel=\"canonical\" href=\"https:\/\/women.lv\/en\/product\/yofing-naves-juras-dublu-sampuns\/\" \/>\n<meta property=\"og:locale\" content=\"en_GB\" \/>\n<meta property=\"og:type\" content=\"article\" \/>\n<meta property=\"og:title\" content=\"Dub\u013cu \u0161amp\u016bns boj\u0101tu matu atjauno\u0161anai\" \/>\n<meta property=\"og:description\" content=\"Atjaunojiet boj\u0101tos matus, ko izrais\u012bjusi kr\u0101so\u0161ana, taisno\u0161ana vai veido\u0161ana. ATJAUNOJO\u0160AIS \u0160amp\u016bns boj\u0101tiem matiem maigi un efekt\u012bvi att\u012bra un atdz\u012bvina matus, atst\u0101jot tos barotus, vald\u0101mus un stiprus.\" \/>\n<meta property=\"og:url\" content=\"https:\/\/women.lv\/en\/product\/yofing-naves-juras-dublu-sampuns\/\" \/>\n<meta property=\"og:site_name\" content=\"Women Veikals\" \/>\n<meta property=\"article:modified_time\" content=\"2026-03-21T09:39:51+00:00\" \/>\n<meta property=\"og:image\" content=\"https:\/\/women.lv\/wp-content\/uploads\/nc\/catalog\/Israel\/Yofing\/Hair\/yofing_mud_shampoo11-scaled.jpg\" \/>\n\t<meta property=\"og:image:width\" content=\"1200\" \/>\n\t<meta property=\"og:image:height\" content=\"1600\" \/>\n\t<meta property=\"og:image:type\" content=\"image\/jpeg\" \/>\n<meta name=\"twitter:card\" content=\"summary_large_image\" \/>\n<script type=\"application\/ld+json\" class=\"yoast-schema-graph\">{\"@context\":\"https:\/\/schema.org\",\"@graph\":[{\"@type\":\"WebPage\",\"@id\":\"https:\/\/women.lv\/product\/yofing-naves-juras-dublu-sampuns\/\",\"url\":\"https:\/\/women.lv\/product\/yofing-naves-juras-dublu-sampuns\/\",\"name\":\"Dub\u013cu \u0161amp\u016bns boj\u0101tu matu atjauno\u0161anai\",\"isPartOf\":{\"@id\":\"https:\/\/women.lv\/#website\"},\"primaryImageOfPage\":{\"@id\":\"https:\/\/women.lv\/product\/yofing-naves-juras-dublu-sampuns\/#primaryimage\"},\"image\":{\"@id\":\"https:\/\/women.lv\/product\/yofing-naves-juras-dublu-sampuns\/#primaryimage\"},\"thumbnailUrl\":\"https:\/\/women.lv\/wp-content\/uploads\/nc\/catalog\/Israel\/Yofing\/Hair\/yofing_mud_shampoo11-scaled.jpg\",\"datePublished\":\"2019-04-17T17:46:04+00:00\",\"dateModified\":\"2026-03-21T09:39:51+00:00\",\"description\":\"Atjaunojiet boj\u0101tos matus, ko izrais\u012bjusi kr\u0101so\u0161ana, taisno\u0161ana vai veido\u0161ana. ATJAUNOJO\u0160AIS \u0160amp\u016bns boj\u0101tiem matiem maigi un efekt\u012bvi att\u012bra un atdz\u012bvina matus, atst\u0101jot tos barotus, vald\u0101mus un stiprus.\",\"breadcrumb\":{\"@id\":\"https:\/\/women.lv\/product\/yofing-naves-juras-dublu-sampuns\/#breadcrumb\"},\"inLanguage\":\"en-GB\",\"potentialAction\":[{\"@type\":\"ReadAction\",\"target\":[\"https:\/\/women.lv\/product\/yofing-naves-juras-dublu-sampuns\/\"]}]},{\"@type\":\"ImageObject\",\"inLanguage\":\"en-GB\",\"@id\":\"https:\/\/women.lv\/product\/yofing-naves-juras-dublu-sampuns\/#primaryimage\",\"url\":\"https:\/\/women.lv\/wp-content\/uploads\/nc\/catalog\/Israel\/Yofing\/Hair\/yofing_mud_shampoo11-scaled.jpg\",\"contentUrl\":\"https:\/\/women.lv\/wp-content\/uploads\/nc\/catalog\/Israel\/Yofing\/Hair\/yofing_mud_shampoo11-scaled.jpg\",\"width\":1200,\"height\":1600,\"caption\":\"Dub\u013cu \u0161amp\u016bns boj\u0101tu matu atjauno\u0161anai\"},{\"@type\":\"BreadcrumbList\",\"@id\":\"https:\/\/women.lv\/product\/yofing-naves-juras-dublu-sampuns\/#breadcrumb\",\"itemListElement\":[{\"@type\":\"ListItem\",\"position\":1,\"name\":\"Home\",\"item\":\"https:\/\/women.lv\/\"},{\"@type\":\"ListItem\",\"position\":2,\"name\":\"Products\",\"item\":\"https:\/\/women.lv\/en\/shop\/\"},{\"@type\":\"ListItem\",\"position\":3,\"name\":\"Dub\u013cu \u0161amp\u016bns boj\u0101tu matu atjauno\u0161anai\"}]},{\"@type\":\"WebSite\",\"@id\":\"https:\/\/women.lv\/#website\",\"url\":\"https:\/\/women.lv\/\",\"name\":\"Women Veikals\",\"description\":\"Uzdr\u012bksties b\u016bt skaista\",\"potentialAction\":[{\"@type\":\"SearchAction\",\"target\":{\"@type\":\"EntryPoint\",\"urlTemplate\":\"https:\/\/women.lv\/?s={search_term_string}\"},\"query-input\":{\"@type\":\"PropertyValueSpecification\",\"valueRequired\":true,\"valueName\":\"search_term_string\"}}],\"inLanguage\":\"en-GB\"}]}<\/script>\n<!-- \/ Yoast SEO plugin. -->","yoast_head_json":{"title":"Dub\u013cu \u0161amp\u016bns boj\u0101tu matu atjauno\u0161anai","description":"Atjaunojiet boj\u0101tos matus, ko izrais\u012bjusi kr\u0101so\u0161ana, taisno\u0161ana vai veido\u0161ana. ATJAUNOJO\u0160AIS \u0160amp\u016bns boj\u0101tiem matiem maigi un efekt\u012bvi att\u012bra un atdz\u012bvina matus, atst\u0101jot tos barotus, vald\u0101mus un stiprus.","robots":{"index":"index","follow":"follow","max-snippet":"max-snippet:-1","max-image-preview":"max-image-preview:large","max-video-preview":"max-video-preview:-1"},"canonical":"https:\/\/women.lv\/en\/product\/yofing-naves-juras-dublu-sampuns\/","og_locale":"en_GB","og_type":"article","og_title":"Dub\u013cu \u0161amp\u016bns boj\u0101tu matu atjauno\u0161anai","og_description":"Atjaunojiet boj\u0101tos matus, ko izrais\u012bjusi kr\u0101so\u0161ana, taisno\u0161ana vai veido\u0161ana. ATJAUNOJO\u0160AIS \u0160amp\u016bns boj\u0101tiem matiem maigi un efekt\u012bvi att\u012bra un atdz\u012bvina matus, atst\u0101jot tos barotus, vald\u0101mus un stiprus.","og_url":"https:\/\/women.lv\/en\/product\/yofing-naves-juras-dublu-sampuns\/","og_site_name":"Women Veikals","article_modified_time":"2026-03-21T09:39:51+00:00","og_image":[{"width":1200,"height":1600,"url":"https:\/\/women.lv\/wp-content\/uploads\/nc\/catalog\/Israel\/Yofing\/Hair\/yofing_mud_shampoo11-scaled.jpg","type":"image\/jpeg"}],"twitter_card":"summary_large_image","schema":{"@context":"https:\/\/schema.org","@graph":[{"@type":"WebPage","@id":"https:\/\/women.lv\/product\/yofing-naves-juras-dublu-sampuns\/","url":"https:\/\/women.lv\/product\/yofing-naves-juras-dublu-sampuns\/","name":"Dub\u013cu \u0161amp\u016bns boj\u0101tu matu atjauno\u0161anai","isPartOf":{"@id":"https:\/\/women.lv\/#website"},"primaryImageOfPage":{"@id":"https:\/\/women.lv\/product\/yofing-naves-juras-dublu-sampuns\/#primaryimage"},"image":{"@id":"https:\/\/women.lv\/product\/yofing-naves-juras-dublu-sampuns\/#primaryimage"},"thumbnailUrl":"https:\/\/women.lv\/wp-content\/uploads\/nc\/catalog\/Israel\/Yofing\/Hair\/yofing_mud_shampoo11-scaled.jpg","datePublished":"2019-04-17T17:46:04+00:00","dateModified":"2026-03-21T09:39:51+00:00","description":"Atjaunojiet boj\u0101tos matus, ko izrais\u012bjusi kr\u0101so\u0161ana, taisno\u0161ana vai veido\u0161ana. ATJAUNOJO\u0160AIS \u0160amp\u016bns boj\u0101tiem matiem maigi un efekt\u012bvi att\u012bra un atdz\u012bvina matus, atst\u0101jot tos barotus, vald\u0101mus un stiprus.","breadcrumb":{"@id":"https:\/\/women.lv\/product\/yofing-naves-juras-dublu-sampuns\/#breadcrumb"},"inLanguage":"en-GB","potentialAction":[{"@type":"ReadAction","target":["https:\/\/women.lv\/product\/yofing-naves-juras-dublu-sampuns\/"]}]},{"@type":"ImageObject","inLanguage":"en-GB","@id":"https:\/\/women.lv\/product\/yofing-naves-juras-dublu-sampuns\/#primaryimage","url":"https:\/\/women.lv\/wp-content\/uploads\/nc\/catalog\/Israel\/Yofing\/Hair\/yofing_mud_shampoo11-scaled.jpg","contentUrl":"https:\/\/women.lv\/wp-content\/uploads\/nc\/catalog\/Israel\/Yofing\/Hair\/yofing_mud_shampoo11-scaled.jpg","width":1200,"height":1600,"caption":"Dub\u013cu \u0161amp\u016bns boj\u0101tu matu atjauno\u0161anai"},{"@type":"BreadcrumbList","@id":"https:\/\/women.lv\/product\/yofing-naves-juras-dublu-sampuns\/#breadcrumb","itemListElement":[{"@type":"ListItem","position":1,"name":"Home","item":"https:\/\/women.lv\/"},{"@type":"ListItem","position":2,"name":"Products","item":"https:\/\/women.lv\/en\/shop\/"},{"@type":"ListItem","position":3,"name":"Dub\u013cu \u0161amp\u016bns boj\u0101tu matu atjauno\u0161anai"}]},{"@type":"WebSite","@id":"https:\/\/women.lv\/#website","url":"https:\/\/women.lv\/","name":"Women Veikals","description":"Uzdr\u012bksties b\u016bt skaista","potentialAction":[{"@type":"SearchAction","target":{"@type":"EntryPoint","urlTemplate":"https:\/\/women.lv\/?s={search_term_string}"},"query-input":{"@type":"PropertyValueSpecification","valueRequired":true,"valueName":"search_term_string"}}],"inLanguage":"en-GB"}]}},"_links":{"self":[{"href":"https:\/\/women.lv\/en\/wp-json\/wp\/v2\/product\/28076","targetHints":{"allow":["GET"]}}],"collection":[{"href":"https:\/\/women.lv\/en\/wp-json\/wp\/v2\/product"}],"about":[{"href":"https:\/\/women.lv\/en\/wp-json\/wp\/v2\/types\/product"}],"replies":[{"embeddable":true,"href":"https:\/\/women.lv\/en\/wp-json\/wp\/v2\/comments?post=28076"}],"version-history":[{"count":1,"href":"https:\/\/women.lv\/en\/wp-json\/wp\/v2\/product\/28076\/revisions"}],"predecessor-version":[{"id":29607,"href":"https:\/\/women.lv\/en\/wp-json\/wp\/v2\/product\/28076\/revisions\/29607"}],"wp:featuredmedia":[{"embeddable":true,"href":"https:\/\/women.lv\/en\/wp-json\/wp\/v2\/media\/28077"}],"wp:attachment":[{"href":"https:\/\/women.lv\/en\/wp-json\/wp\/v2\/media?parent=28076"}],"wp:term":[{"taxonomy":"product_brand","embeddable":true,"href":"https:\/\/women.lv\/en\/wp-json\/wp\/v2\/product_brand?post=28076"},{"taxonomy":"product_cat","embeddable":true,"href":"https:\/\/women.lv\/en\/wp-json\/wp\/v2\/product_cat?post=28076"},{"taxonomy":"product_tag","embeddable":true,"href":"https:\/\/women.lv\/en\/wp-json\/wp\/v2\/product_tag?post=28076"}],"curies":[{"name":"wp","href":"https:\/\/api.w.org\/{rel}","templated":true}]}}