{"id":28072,"date":"2019-04-17T17:40:18","date_gmt":"2019-04-17T17:40:18","guid":{"rendered":"https:\/\/women.lv\/?product=keratina-sampuns-matu-atjaunosanai-ar-argana-ellu"},"modified":"2025-11-05T13:25:45","modified_gmt":"2025-11-05T13:25:45","slug":"yofing-keratina-sampuns-matu-atjaunosanai-ar-argana-ellu","status":"publish","type":"product","link":"https:\/\/women.lv\/en\/product\/yofing-keratina-sampuns-matu-atjaunosanai-ar-argana-ellu\/","title":{"rendered":"Keratin shampoo for hair restoration with argan oil"},"content":{"rendered":"<p><span style=\"font-family: Helvetica;\"><span style=\"font-size: 18px;\">\u0160amp\u016bns speci\u0101li rad\u012bts, lai atjaunotu un padar\u012btu matus notur\u012bg\u0101kus. \u0160amp\u016bns padara matus gludus un sp\u012bd\u012bgus, nodro\u0161inot matu baro\u0161anu, aizsardz\u012bbu no karstuma un pies\u0101r\u0146ot\u0101jiem. Tas pal\u012bdz uzlabot elast\u012bbu, atjaunojot matu folikulus no sakn\u0113m un atjauno\u00a0 sp\u0113ku. Bag\u0101tin\u0101ts ar kerat\u012bna e\u013c\u013cu, olbaltumviel\u0101m un vitam\u012bniem. Pie\u0161\u0137iriet matiem apjom\u012bgu un sp\u012bd\u012bgu izskatu, padariet tos viegl\u0101k veidojamus . Paredz\u0113ts visiem matu tipiem.<\/span><\/span><\/p>","protected":false},"excerpt":{"rendered":"<p>The shampoo is specially created to restore and make hair more durable. The shampoo makes hair smooth and shiny, providing hair nourishment, protection from...<\/p>","protected":false},"featured_media":28073,"comment_status":"open","ping_status":"closed","template":"","meta":[],"product_brand":[],"product_cat":[2204,2206,2215],"product_tag":[2244,2243,2281,2279,2240,2245,2280],"class_list":{"0":"post-28072","1":"product","2":"type-product","3":"status-publish","4":"has-post-thumbnail","6":"product_cat-matu-kopsanas-lidzekli","7":"product_cat-sampuni","8":"product_cat-visi-produkti","9":"product_tag-israel","10":"product_tag-izraela","11":"product_tag-keratin-repair-shampoo-with-argan-oil","12":"product_tag-keratina-sampuns-matu-atjaunosanai-ar-argana-ellu","13":"product_tag-yofing","14":"product_tag-2245","15":"product_tag-2280","16":"pa_brand_nc-yofing","17":"pa_ean_nc-2278","18":"pa_ean_nc-israel","20":"first","21":"instock","22":"sale","23":"taxable","24":"shipping-taxable","25":"purchasable","26":"product-type-simple"},"yoast_head":"<!-- This site is optimized with the Yoast SEO plugin v23.9 - https:\/\/yoast.com\/wordpress\/plugins\/seo\/ -->\n<title>Kerat\u012bna \u0161amp\u016bns matu atjauno\u0161anai ar arg\u0101na e\u013c\u013cu<\/title>\n<meta name=\"description\" content=\"\u0160amp\u016bns speci\u0101li rad\u012bts, lai atjaunotu un padar\u012btu matus notur\u012bg\u0101kus. \u0160amp\u016bns padara matus gludus un sp\u012bd\u012bgus, nodro\u0161inot matus baro\u0161anu, aizsardz\u012bbu no karstuma, net\u012brumiem un pies\u0101r\u0146ot\u0101jiem.\" \/>\n<meta name=\"robots\" content=\"index, follow, max-snippet:-1, max-image-preview:large, max-video-preview:-1\" \/>\n<link rel=\"canonical\" href=\"https:\/\/women.lv\/en\/product\/yofing-keratina-sampuns-matu-atjaunosanai-ar-argana-ellu\/\" \/>\n<meta property=\"og:locale\" content=\"en_GB\" \/>\n<meta property=\"og:type\" content=\"article\" \/>\n<meta property=\"og:title\" content=\"Kerat\u012bna \u0161amp\u016bns matu atjauno\u0161anai ar arg\u0101na e\u013c\u013cu\" \/>\n<meta property=\"og:description\" content=\"\u0160amp\u016bns speci\u0101li rad\u012bts, lai atjaunotu un padar\u012btu matus notur\u012bg\u0101kus. \u0160amp\u016bns padara matus gludus un sp\u012bd\u012bgus, nodro\u0161inot matus baro\u0161anu, aizsardz\u012bbu no karstuma, net\u012brumiem un pies\u0101r\u0146ot\u0101jiem.\" \/>\n<meta property=\"og:url\" content=\"https:\/\/women.lv\/en\/product\/yofing-keratina-sampuns-matu-atjaunosanai-ar-argana-ellu\/\" \/>\n<meta property=\"og:site_name\" content=\"Women Veikals\" \/>\n<meta property=\"article:modified_time\" content=\"2025-11-05T13:25:45+00:00\" \/>\n<meta property=\"og:image\" content=\"https:\/\/women.lv\/wp-content\/uploads\/nc\/catalog\/Israel\/Yofing\/Hair\/keratin-shampoo.jpg\" \/>\n\t<meta property=\"og:image:width\" content=\"1024\" \/>\n\t<meta property=\"og:image:height\" content=\"1024\" \/>\n\t<meta property=\"og:image:type\" content=\"image\/jpeg\" \/>\n<meta name=\"twitter:card\" content=\"summary_large_image\" \/>\n<script type=\"application\/ld+json\" class=\"yoast-schema-graph\">{\"@context\":\"https:\/\/schema.org\",\"@graph\":[{\"@type\":\"WebPage\",\"@id\":\"https:\/\/women.lv\/product\/yofing-keratina-sampuns-matu-atjaunosanai-ar-argana-ellu\/\",\"url\":\"https:\/\/women.lv\/product\/yofing-keratina-sampuns-matu-atjaunosanai-ar-argana-ellu\/\",\"name\":\"Kerat\u012bna \u0161amp\u016bns matu atjauno\u0161anai ar arg\u0101na e\u013c\u013cu\",\"isPartOf\":{\"@id\":\"https:\/\/women.lv\/#website\"},\"primaryImageOfPage\":{\"@id\":\"https:\/\/women.lv\/product\/yofing-keratina-sampuns-matu-atjaunosanai-ar-argana-ellu\/#primaryimage\"},\"image\":{\"@id\":\"https:\/\/women.lv\/product\/yofing-keratina-sampuns-matu-atjaunosanai-ar-argana-ellu\/#primaryimage\"},\"thumbnailUrl\":\"https:\/\/women.lv\/wp-content\/uploads\/nc\/catalog\/Israel\/Yofing\/Hair\/keratin-shampoo.jpg\",\"datePublished\":\"2019-04-17T17:40:18+00:00\",\"dateModified\":\"2025-11-05T13:25:45+00:00\",\"description\":\"\u0160amp\u016bns speci\u0101li rad\u012bts, lai atjaunotu un padar\u012btu matus notur\u012bg\u0101kus. \u0160amp\u016bns padara matus gludus un sp\u012bd\u012bgus, nodro\u0161inot matus baro\u0161anu, aizsardz\u012bbu no karstuma, net\u012brumiem un pies\u0101r\u0146ot\u0101jiem.\",\"breadcrumb\":{\"@id\":\"https:\/\/women.lv\/product\/yofing-keratina-sampuns-matu-atjaunosanai-ar-argana-ellu\/#breadcrumb\"},\"inLanguage\":\"en-GB\",\"potentialAction\":[{\"@type\":\"ReadAction\",\"target\":[\"https:\/\/women.lv\/product\/yofing-keratina-sampuns-matu-atjaunosanai-ar-argana-ellu\/\"]}]},{\"@type\":\"ImageObject\",\"inLanguage\":\"en-GB\",\"@id\":\"https:\/\/women.lv\/product\/yofing-keratina-sampuns-matu-atjaunosanai-ar-argana-ellu\/#primaryimage\",\"url\":\"https:\/\/women.lv\/wp-content\/uploads\/nc\/catalog\/Israel\/Yofing\/Hair\/keratin-shampoo.jpg\",\"contentUrl\":\"https:\/\/women.lv\/wp-content\/uploads\/nc\/catalog\/Israel\/Yofing\/Hair\/keratin-shampoo.jpg\",\"width\":1024,\"height\":1024,\"caption\":\"Kerat\u012bna \u0161amp\u016bns matu atjauno\u0161anai ar arg\u0101na e\u013c\u013cu\"},{\"@type\":\"BreadcrumbList\",\"@id\":\"https:\/\/women.lv\/product\/yofing-keratina-sampuns-matu-atjaunosanai-ar-argana-ellu\/#breadcrumb\",\"itemListElement\":[{\"@type\":\"ListItem\",\"position\":1,\"name\":\"Home\",\"item\":\"https:\/\/women.lv\/\"},{\"@type\":\"ListItem\",\"position\":2,\"name\":\"Products\",\"item\":\"https:\/\/women.lv\/en\/shop\/\"},{\"@type\":\"ListItem\",\"position\":3,\"name\":\"Kerat\u012bna \u0161amp\u016bns matu atjauno\u0161anai ar arg\u0101na e\u013c\u013cu\"}]},{\"@type\":\"WebSite\",\"@id\":\"https:\/\/women.lv\/#website\",\"url\":\"https:\/\/women.lv\/\",\"name\":\"Women Veikals\",\"description\":\"Uzdr\u012bksties b\u016bt skaista\",\"potentialAction\":[{\"@type\":\"SearchAction\",\"target\":{\"@type\":\"EntryPoint\",\"urlTemplate\":\"https:\/\/women.lv\/?s={search_term_string}\"},\"query-input\":{\"@type\":\"PropertyValueSpecification\",\"valueRequired\":true,\"valueName\":\"search_term_string\"}}],\"inLanguage\":\"en-GB\"}]}<\/script>\n<!-- \/ Yoast SEO plugin. -->","yoast_head_json":{"title":"Kerat\u012bna \u0161amp\u016bns matu atjauno\u0161anai ar arg\u0101na e\u013c\u013cu","description":"\u0160amp\u016bns speci\u0101li rad\u012bts, lai atjaunotu un padar\u012btu matus notur\u012bg\u0101kus. \u0160amp\u016bns padara matus gludus un sp\u012bd\u012bgus, nodro\u0161inot matus baro\u0161anu, aizsardz\u012bbu no karstuma, net\u012brumiem un pies\u0101r\u0146ot\u0101jiem.","robots":{"index":"index","follow":"follow","max-snippet":"max-snippet:-1","max-image-preview":"max-image-preview:large","max-video-preview":"max-video-preview:-1"},"canonical":"https:\/\/women.lv\/en\/product\/yofing-keratina-sampuns-matu-atjaunosanai-ar-argana-ellu\/","og_locale":"en_GB","og_type":"article","og_title":"Kerat\u012bna \u0161amp\u016bns matu atjauno\u0161anai ar arg\u0101na e\u013c\u013cu","og_description":"\u0160amp\u016bns speci\u0101li rad\u012bts, lai atjaunotu un padar\u012btu matus notur\u012bg\u0101kus. \u0160amp\u016bns padara matus gludus un sp\u012bd\u012bgus, nodro\u0161inot matus baro\u0161anu, aizsardz\u012bbu no karstuma, net\u012brumiem un pies\u0101r\u0146ot\u0101jiem.","og_url":"https:\/\/women.lv\/en\/product\/yofing-keratina-sampuns-matu-atjaunosanai-ar-argana-ellu\/","og_site_name":"Women Veikals","article_modified_time":"2025-11-05T13:25:45+00:00","og_image":[{"width":1024,"height":1024,"url":"https:\/\/women.lv\/wp-content\/uploads\/nc\/catalog\/Israel\/Yofing\/Hair\/keratin-shampoo.jpg","type":"image\/jpeg"}],"twitter_card":"summary_large_image","schema":{"@context":"https:\/\/schema.org","@graph":[{"@type":"WebPage","@id":"https:\/\/women.lv\/product\/yofing-keratina-sampuns-matu-atjaunosanai-ar-argana-ellu\/","url":"https:\/\/women.lv\/product\/yofing-keratina-sampuns-matu-atjaunosanai-ar-argana-ellu\/","name":"Kerat\u012bna \u0161amp\u016bns matu atjauno\u0161anai ar arg\u0101na e\u013c\u013cu","isPartOf":{"@id":"https:\/\/women.lv\/#website"},"primaryImageOfPage":{"@id":"https:\/\/women.lv\/product\/yofing-keratina-sampuns-matu-atjaunosanai-ar-argana-ellu\/#primaryimage"},"image":{"@id":"https:\/\/women.lv\/product\/yofing-keratina-sampuns-matu-atjaunosanai-ar-argana-ellu\/#primaryimage"},"thumbnailUrl":"https:\/\/women.lv\/wp-content\/uploads\/nc\/catalog\/Israel\/Yofing\/Hair\/keratin-shampoo.jpg","datePublished":"2019-04-17T17:40:18+00:00","dateModified":"2025-11-05T13:25:45+00:00","description":"\u0160amp\u016bns speci\u0101li rad\u012bts, lai atjaunotu un padar\u012btu matus notur\u012bg\u0101kus. \u0160amp\u016bns padara matus gludus un sp\u012bd\u012bgus, nodro\u0161inot matus baro\u0161anu, aizsardz\u012bbu no karstuma, net\u012brumiem un pies\u0101r\u0146ot\u0101jiem.","breadcrumb":{"@id":"https:\/\/women.lv\/product\/yofing-keratina-sampuns-matu-atjaunosanai-ar-argana-ellu\/#breadcrumb"},"inLanguage":"en-GB","potentialAction":[{"@type":"ReadAction","target":["https:\/\/women.lv\/product\/yofing-keratina-sampuns-matu-atjaunosanai-ar-argana-ellu\/"]}]},{"@type":"ImageObject","inLanguage":"en-GB","@id":"https:\/\/women.lv\/product\/yofing-keratina-sampuns-matu-atjaunosanai-ar-argana-ellu\/#primaryimage","url":"https:\/\/women.lv\/wp-content\/uploads\/nc\/catalog\/Israel\/Yofing\/Hair\/keratin-shampoo.jpg","contentUrl":"https:\/\/women.lv\/wp-content\/uploads\/nc\/catalog\/Israel\/Yofing\/Hair\/keratin-shampoo.jpg","width":1024,"height":1024,"caption":"Kerat\u012bna \u0161amp\u016bns matu atjauno\u0161anai ar arg\u0101na e\u013c\u013cu"},{"@type":"BreadcrumbList","@id":"https:\/\/women.lv\/product\/yofing-keratina-sampuns-matu-atjaunosanai-ar-argana-ellu\/#breadcrumb","itemListElement":[{"@type":"ListItem","position":1,"name":"Home","item":"https:\/\/women.lv\/"},{"@type":"ListItem","position":2,"name":"Products","item":"https:\/\/women.lv\/en\/shop\/"},{"@type":"ListItem","position":3,"name":"Kerat\u012bna \u0161amp\u016bns matu atjauno\u0161anai ar arg\u0101na e\u013c\u013cu"}]},{"@type":"WebSite","@id":"https:\/\/women.lv\/#website","url":"https:\/\/women.lv\/","name":"Women Veikals","description":"Uzdr\u012bksties b\u016bt skaista","potentialAction":[{"@type":"SearchAction","target":{"@type":"EntryPoint","urlTemplate":"https:\/\/women.lv\/?s={search_term_string}"},"query-input":{"@type":"PropertyValueSpecification","valueRequired":true,"valueName":"search_term_string"}}],"inLanguage":"en-GB"}]}},"_links":{"self":[{"href":"https:\/\/women.lv\/en\/wp-json\/wp\/v2\/product\/28072","targetHints":{"allow":["GET"]}}],"collection":[{"href":"https:\/\/women.lv\/en\/wp-json\/wp\/v2\/product"}],"about":[{"href":"https:\/\/women.lv\/en\/wp-json\/wp\/v2\/types\/product"}],"replies":[{"embeddable":true,"href":"https:\/\/women.lv\/en\/wp-json\/wp\/v2\/comments?post=28072"}],"version-history":[{"count":2,"href":"https:\/\/women.lv\/en\/wp-json\/wp\/v2\/product\/28072\/revisions"}],"predecessor-version":[{"id":29606,"href":"https:\/\/women.lv\/en\/wp-json\/wp\/v2\/product\/28072\/revisions\/29606"}],"wp:featuredmedia":[{"embeddable":true,"href":"https:\/\/women.lv\/en\/wp-json\/wp\/v2\/media\/28073"}],"wp:attachment":[{"href":"https:\/\/women.lv\/en\/wp-json\/wp\/v2\/media?parent=28072"}],"wp:term":[{"taxonomy":"product_brand","embeddable":true,"href":"https:\/\/women.lv\/en\/wp-json\/wp\/v2\/product_brand?post=28072"},{"taxonomy":"product_cat","embeddable":true,"href":"https:\/\/women.lv\/en\/wp-json\/wp\/v2\/product_cat?post=28072"},{"taxonomy":"product_tag","embeddable":true,"href":"https:\/\/women.lv\/en\/wp-json\/wp\/v2\/product_tag?post=28072"}],"curies":[{"name":"wp","href":"https:\/\/api.w.org\/{rel}","templated":true}]}}