{"id":28067,"date":"2019-04-17T17:35:31","date_gmt":"2019-04-17T17:35:31","guid":{"rendered":"https:\/\/women.lv\/?product=kokosriekstu-sampuns-bieziem-un-apjomigiem-matiem"},"modified":"2025-11-05T13:25:45","modified_gmt":"2025-11-05T13:25:45","slug":"yofing-kokosriekstu-sampuns-bieziem-un-apjomigiem-matiem","status":"publish","type":"product","link":"https:\/\/women.lv\/en\/product\/yofing-kokosriekstu-sampuns-bieziem-un-apjomigiem-matiem\/","title":{"rendered":"Coconut shampoo for thick and voluminous hair"},"content":{"rendered":"<p><span style=\"font-family: Helvetica;\"><span style=\"font-size: 18px;\">Vai j\u016bsu mati zaud\u0113 sp\u012bdumu, k\u013c\u016bst pl\u0101ni un trausli? Nekr\u012btiet izmisum\u0101, pal\u012bdz\u0113sim pan\u0101kt matu apjomu bez liel\u0101m p\u016bl\u0113m &#8211; kokosriekstu \u0161amp\u016bns, jaunums no YOFING!<\/span><\/span><\/p>\n<p><span style=\"font-family: Helvetica;\">\u00a0<\/span><\/p>\n<p><span style=\"font-family: Helvetica;\"><span style=\"font-size: 18px;\">\u0160amp\u016bns maigi att\u012bra un baro matus ar vitam\u012bniem un miner\u0101lviel\u0101m. T\u0101 galven\u0101 sast\u0101vda\u013ca ir kokosriekstu e\u013c\u013ca, t\u0101 pie\u0161\u0137ir matiem nep\u0101rsp\u0113jamu maigumu, gludumu un z\u012bdain\u012bbu, k\u0101 ar\u012b padara matus stipr\u0101kus. No \u0161amp\u016bna matu pacel\u0161anas akt\u012bv\u0101s sast\u0101vda\u013cas izdal\u0101s no sakn\u0113m, pal\u012bdzot rad\u012bt patiesi greznu apjomu. Rezult\u0101ts redzams jau p\u0113c pirm\u0101s uzkl\u0101\u0161anas. J\u016bsu mati k\u013c\u016bst biez\u0101ki, mirdzo\u0161\u0101ki un vesel\u012bg\u0101ki!<\/span><\/span><\/p>","protected":false},"excerpt":{"rendered":"<p>Is your hair losing shine, becoming thin and brittle? Do not despair, we will help you achieve hair volume without much effort - coconut<\/p>","protected":false},"featured_media":28068,"comment_status":"open","ping_status":"closed","template":"","meta":[],"product_brand":[],"product_cat":[2204,2206,2215],"product_tag":[2277,2244,2243,2275,2240,2245,2276],"class_list":{"0":"post-28067","1":"product","2":"type-product","3":"status-publish","4":"has-post-thumbnail","6":"product_cat-matu-kopsanas-lidzekli","7":"product_cat-sampuni","8":"product_cat-visi-produkti","9":"product_tag-extra-volume-shampoo-with-coconut-oil","10":"product_tag-israel","11":"product_tag-izraela","12":"product_tag-kokosriekstu-sampuns-bieziem-un-apjomigiem-matiem","13":"product_tag-yofing","14":"product_tag-2245","15":"product_tag-2276","16":"pa_brand_nc-yofing","17":"pa_ean_nc-2274","18":"pa_ean_nc-israel","20":"first","21":"instock","22":"sale","23":"taxable","24":"shipping-taxable","25":"purchasable","26":"product-type-simple"},"yoast_head":"<!-- This site is optimized with the Yoast SEO plugin v23.9 - https:\/\/yoast.com\/wordpress\/plugins\/seo\/ -->\n<title>Kokosriekstu \u0161amp\u016bns biezumam un apjomam<\/title>\n<meta name=\"description\" content=\"\u0160amp\u016bns maigi att\u012bra un baro matus ar vitam\u012bniem un miner\u0101lviel\u0101m. T\u0101 galven\u0101 sast\u0101vda\u013ca ir kokosriekstu e\u013c\u013ca, t\u0101 pie\u0161\u0137ir matiem nep\u0101rsp\u0113jamu maigumu, gludumu un z\u012bdain\u012bbu, k\u0101 ar\u012b padara matus stipr\u0101kus.\" \/>\n<meta name=\"robots\" content=\"index, follow, max-snippet:-1, max-image-preview:large, max-video-preview:-1\" \/>\n<link rel=\"canonical\" href=\"https:\/\/women.lv\/en\/product\/yofing-kokosriekstu-sampuns-bieziem-un-apjomigiem-matiem\/\" \/>\n<meta property=\"og:locale\" content=\"en_GB\" \/>\n<meta property=\"og:type\" content=\"article\" \/>\n<meta property=\"og:title\" content=\"Kokosriekstu \u0161amp\u016bns biezumam un apjomam\" \/>\n<meta property=\"og:description\" content=\"\u0160amp\u016bns maigi att\u012bra un baro matus ar vitam\u012bniem un miner\u0101lviel\u0101m. T\u0101 galven\u0101 sast\u0101vda\u013ca ir kokosriekstu e\u013c\u013ca, t\u0101 pie\u0161\u0137ir matiem nep\u0101rsp\u0113jamu maigumu, gludumu un z\u012bdain\u012bbu, k\u0101 ar\u012b padara matus stipr\u0101kus.\" \/>\n<meta property=\"og:url\" content=\"https:\/\/women.lv\/en\/product\/yofing-kokosriekstu-sampuns-bieziem-un-apjomigiem-matiem\/\" \/>\n<meta property=\"og:site_name\" content=\"Women Veikals\" \/>\n<meta property=\"article:modified_time\" content=\"2025-11-05T13:25:45+00:00\" \/>\n<meta property=\"og:image\" content=\"https:\/\/women.lv\/wp-content\/uploads\/nc\/catalog\/Israel\/Yofing\/Hair\/yofing_coconut11-scaled.jpg\" \/>\n\t<meta property=\"og:image:width\" content=\"1200\" \/>\n\t<meta property=\"og:image:height\" content=\"1600\" \/>\n\t<meta property=\"og:image:type\" content=\"image\/jpeg\" \/>\n<meta name=\"twitter:card\" content=\"summary_large_image\" \/>\n<meta name=\"twitter:label1\" content=\"Estimated reading time\" \/>\n\t<meta name=\"twitter:data1\" content=\"1 minute\" \/>\n<script type=\"application\/ld+json\" class=\"yoast-schema-graph\">{\"@context\":\"https:\/\/schema.org\",\"@graph\":[{\"@type\":\"WebPage\",\"@id\":\"https:\/\/women.lv\/product\/yofing-kokosriekstu-sampuns-bieziem-un-apjomigiem-matiem\/\",\"url\":\"https:\/\/women.lv\/product\/yofing-kokosriekstu-sampuns-bieziem-un-apjomigiem-matiem\/\",\"name\":\"Kokosriekstu \u0161amp\u016bns biezumam un apjomam\",\"isPartOf\":{\"@id\":\"https:\/\/women.lv\/#website\"},\"primaryImageOfPage\":{\"@id\":\"https:\/\/women.lv\/product\/yofing-kokosriekstu-sampuns-bieziem-un-apjomigiem-matiem\/#primaryimage\"},\"image\":{\"@id\":\"https:\/\/women.lv\/product\/yofing-kokosriekstu-sampuns-bieziem-un-apjomigiem-matiem\/#primaryimage\"},\"thumbnailUrl\":\"https:\/\/women.lv\/wp-content\/uploads\/nc\/catalog\/Israel\/Yofing\/Hair\/yofing_coconut11-scaled.jpg\",\"datePublished\":\"2019-04-17T17:35:31+00:00\",\"dateModified\":\"2025-11-05T13:25:45+00:00\",\"description\":\"\u0160amp\u016bns maigi att\u012bra un baro matus ar vitam\u012bniem un miner\u0101lviel\u0101m. T\u0101 galven\u0101 sast\u0101vda\u013ca ir kokosriekstu e\u013c\u013ca, t\u0101 pie\u0161\u0137ir matiem nep\u0101rsp\u0113jamu maigumu, gludumu un z\u012bdain\u012bbu, k\u0101 ar\u012b padara matus stipr\u0101kus.\",\"breadcrumb\":{\"@id\":\"https:\/\/women.lv\/product\/yofing-kokosriekstu-sampuns-bieziem-un-apjomigiem-matiem\/#breadcrumb\"},\"inLanguage\":\"en-GB\",\"potentialAction\":[{\"@type\":\"ReadAction\",\"target\":[\"https:\/\/women.lv\/product\/yofing-kokosriekstu-sampuns-bieziem-un-apjomigiem-matiem\/\"]}]},{\"@type\":\"ImageObject\",\"inLanguage\":\"en-GB\",\"@id\":\"https:\/\/women.lv\/product\/yofing-kokosriekstu-sampuns-bieziem-un-apjomigiem-matiem\/#primaryimage\",\"url\":\"https:\/\/women.lv\/wp-content\/uploads\/nc\/catalog\/Israel\/Yofing\/Hair\/yofing_coconut11-scaled.jpg\",\"contentUrl\":\"https:\/\/women.lv\/wp-content\/uploads\/nc\/catalog\/Israel\/Yofing\/Hair\/yofing_coconut11-scaled.jpg\",\"width\":1200,\"height\":1600,\"caption\":\"Kokosriekstu \u0161amp\u016bns bieziem un apjom\u012bgiem matiem\"},{\"@type\":\"BreadcrumbList\",\"@id\":\"https:\/\/women.lv\/product\/yofing-kokosriekstu-sampuns-bieziem-un-apjomigiem-matiem\/#breadcrumb\",\"itemListElement\":[{\"@type\":\"ListItem\",\"position\":1,\"name\":\"Home\",\"item\":\"https:\/\/women.lv\/\"},{\"@type\":\"ListItem\",\"position\":2,\"name\":\"Products\",\"item\":\"https:\/\/women.lv\/en\/shop\/\"},{\"@type\":\"ListItem\",\"position\":3,\"name\":\"Kokosriekstu \u0161amp\u016bns bieziem un apjom\u012bgiem matiem\"}]},{\"@type\":\"WebSite\",\"@id\":\"https:\/\/women.lv\/#website\",\"url\":\"https:\/\/women.lv\/\",\"name\":\"Women Veikals\",\"description\":\"Uzdr\u012bksties b\u016bt skaista\",\"potentialAction\":[{\"@type\":\"SearchAction\",\"target\":{\"@type\":\"EntryPoint\",\"urlTemplate\":\"https:\/\/women.lv\/?s={search_term_string}\"},\"query-input\":{\"@type\":\"PropertyValueSpecification\",\"valueRequired\":true,\"valueName\":\"search_term_string\"}}],\"inLanguage\":\"en-GB\"}]}<\/script>\n<!-- \/ Yoast SEO plugin. -->","yoast_head_json":{"title":"Kokosriekstu \u0161amp\u016bns biezumam un apjomam","description":"\u0160amp\u016bns maigi att\u012bra un baro matus ar vitam\u012bniem un miner\u0101lviel\u0101m. T\u0101 galven\u0101 sast\u0101vda\u013ca ir kokosriekstu e\u013c\u013ca, t\u0101 pie\u0161\u0137ir matiem nep\u0101rsp\u0113jamu maigumu, gludumu un z\u012bdain\u012bbu, k\u0101 ar\u012b padara matus stipr\u0101kus.","robots":{"index":"index","follow":"follow","max-snippet":"max-snippet:-1","max-image-preview":"max-image-preview:large","max-video-preview":"max-video-preview:-1"},"canonical":"https:\/\/women.lv\/en\/product\/yofing-kokosriekstu-sampuns-bieziem-un-apjomigiem-matiem\/","og_locale":"en_GB","og_type":"article","og_title":"Kokosriekstu \u0161amp\u016bns biezumam un apjomam","og_description":"\u0160amp\u016bns maigi att\u012bra un baro matus ar vitam\u012bniem un miner\u0101lviel\u0101m. T\u0101 galven\u0101 sast\u0101vda\u013ca ir kokosriekstu e\u013c\u013ca, t\u0101 pie\u0161\u0137ir matiem nep\u0101rsp\u0113jamu maigumu, gludumu un z\u012bdain\u012bbu, k\u0101 ar\u012b padara matus stipr\u0101kus.","og_url":"https:\/\/women.lv\/en\/product\/yofing-kokosriekstu-sampuns-bieziem-un-apjomigiem-matiem\/","og_site_name":"Women Veikals","article_modified_time":"2025-11-05T13:25:45+00:00","og_image":[{"width":1200,"height":1600,"url":"https:\/\/women.lv\/wp-content\/uploads\/nc\/catalog\/Israel\/Yofing\/Hair\/yofing_coconut11-scaled.jpg","type":"image\/jpeg"}],"twitter_card":"summary_large_image","twitter_misc":{"Estimated reading time":"1 minute"},"schema":{"@context":"https:\/\/schema.org","@graph":[{"@type":"WebPage","@id":"https:\/\/women.lv\/product\/yofing-kokosriekstu-sampuns-bieziem-un-apjomigiem-matiem\/","url":"https:\/\/women.lv\/product\/yofing-kokosriekstu-sampuns-bieziem-un-apjomigiem-matiem\/","name":"Kokosriekstu \u0161amp\u016bns biezumam un apjomam","isPartOf":{"@id":"https:\/\/women.lv\/#website"},"primaryImageOfPage":{"@id":"https:\/\/women.lv\/product\/yofing-kokosriekstu-sampuns-bieziem-un-apjomigiem-matiem\/#primaryimage"},"image":{"@id":"https:\/\/women.lv\/product\/yofing-kokosriekstu-sampuns-bieziem-un-apjomigiem-matiem\/#primaryimage"},"thumbnailUrl":"https:\/\/women.lv\/wp-content\/uploads\/nc\/catalog\/Israel\/Yofing\/Hair\/yofing_coconut11-scaled.jpg","datePublished":"2019-04-17T17:35:31+00:00","dateModified":"2025-11-05T13:25:45+00:00","description":"\u0160amp\u016bns maigi att\u012bra un baro matus ar vitam\u012bniem un miner\u0101lviel\u0101m. T\u0101 galven\u0101 sast\u0101vda\u013ca ir kokosriekstu e\u013c\u013ca, t\u0101 pie\u0161\u0137ir matiem nep\u0101rsp\u0113jamu maigumu, gludumu un z\u012bdain\u012bbu, k\u0101 ar\u012b padara matus stipr\u0101kus.","breadcrumb":{"@id":"https:\/\/women.lv\/product\/yofing-kokosriekstu-sampuns-bieziem-un-apjomigiem-matiem\/#breadcrumb"},"inLanguage":"en-GB","potentialAction":[{"@type":"ReadAction","target":["https:\/\/women.lv\/product\/yofing-kokosriekstu-sampuns-bieziem-un-apjomigiem-matiem\/"]}]},{"@type":"ImageObject","inLanguage":"en-GB","@id":"https:\/\/women.lv\/product\/yofing-kokosriekstu-sampuns-bieziem-un-apjomigiem-matiem\/#primaryimage","url":"https:\/\/women.lv\/wp-content\/uploads\/nc\/catalog\/Israel\/Yofing\/Hair\/yofing_coconut11-scaled.jpg","contentUrl":"https:\/\/women.lv\/wp-content\/uploads\/nc\/catalog\/Israel\/Yofing\/Hair\/yofing_coconut11-scaled.jpg","width":1200,"height":1600,"caption":"Kokosriekstu \u0161amp\u016bns bieziem un apjom\u012bgiem matiem"},{"@type":"BreadcrumbList","@id":"https:\/\/women.lv\/product\/yofing-kokosriekstu-sampuns-bieziem-un-apjomigiem-matiem\/#breadcrumb","itemListElement":[{"@type":"ListItem","position":1,"name":"Home","item":"https:\/\/women.lv\/"},{"@type":"ListItem","position":2,"name":"Products","item":"https:\/\/women.lv\/en\/shop\/"},{"@type":"ListItem","position":3,"name":"Kokosriekstu \u0161amp\u016bns bieziem un apjom\u012bgiem matiem"}]},{"@type":"WebSite","@id":"https:\/\/women.lv\/#website","url":"https:\/\/women.lv\/","name":"Women Veikals","description":"Uzdr\u012bksties b\u016bt skaista","potentialAction":[{"@type":"SearchAction","target":{"@type":"EntryPoint","urlTemplate":"https:\/\/women.lv\/?s={search_term_string}"},"query-input":{"@type":"PropertyValueSpecification","valueRequired":true,"valueName":"search_term_string"}}],"inLanguage":"en-GB"}]}},"_links":{"self":[{"href":"https:\/\/women.lv\/en\/wp-json\/wp\/v2\/product\/28067","targetHints":{"allow":["GET"]}}],"collection":[{"href":"https:\/\/women.lv\/en\/wp-json\/wp\/v2\/product"}],"about":[{"href":"https:\/\/women.lv\/en\/wp-json\/wp\/v2\/types\/product"}],"replies":[{"embeddable":true,"href":"https:\/\/women.lv\/en\/wp-json\/wp\/v2\/comments?post=28067"}],"version-history":[{"count":2,"href":"https:\/\/women.lv\/en\/wp-json\/wp\/v2\/product\/28067\/revisions"}],"predecessor-version":[{"id":29605,"href":"https:\/\/women.lv\/en\/wp-json\/wp\/v2\/product\/28067\/revisions\/29605"}],"wp:featuredmedia":[{"embeddable":true,"href":"https:\/\/women.lv\/en\/wp-json\/wp\/v2\/media\/28068"}],"wp:attachment":[{"href":"https:\/\/women.lv\/en\/wp-json\/wp\/v2\/media?parent=28067"}],"wp:term":[{"taxonomy":"product_brand","embeddable":true,"href":"https:\/\/women.lv\/en\/wp-json\/wp\/v2\/product_brand?post=28067"},{"taxonomy":"product_cat","embeddable":true,"href":"https:\/\/women.lv\/en\/wp-json\/wp\/v2\/product_cat?post=28067"},{"taxonomy":"product_tag","embeddable":true,"href":"https:\/\/women.lv\/en\/wp-json\/wp\/v2\/product_tag?post=28067"}],"curies":[{"name":"wp","href":"https:\/\/api.w.org\/{rel}","templated":true}]}}