{"id":28062,"date":"2019-04-17T17:30:13","date_gmt":"2019-04-17T17:30:13","guid":{"rendered":"https:\/\/women.lv\/?product=ekspress-atjaunojosais-sprejs"},"modified":"2026-02-14T15:14:47","modified_gmt":"2026-02-14T13:14:47","slug":"ekspress-atjaunojosais-sprejs","status":"publish","type":"product","link":"https:\/\/women.lv\/en\/product\/ekspress-atjaunojosais-sprejs\/","title":{"rendered":"Express rejuvenating spray"},"content":{"rendered":"<p><span style=\"font-family: Helvetica;\"><span style=\"font-size: 18px;\">Express Repair Spray helps strengthen, moisturize and restore weak and damaged hair. From the first use, you will see an immediate effect on your hair. Hair will be shiny and easy to comb. This unique formula contains a mixture of collagen and argan oil, which instantly smooths the surface of the hair, providing shine and volume, restructures the hair fiber, filling damaged areas with liquid keratin.<\/span><\/span><\/p>\n<p><span style=\"font-family: Helvetica;\">\u00a0<\/span><\/p>","protected":false},"excerpt":{"rendered":"<p>Express Repair Spray helps strengthen, moisturize and restore weak and damaged hair. From the first time you use it, you will see an immediate<\/p>","protected":false},"featured_media":28063,"comment_status":"open","ping_status":"closed","template":"","meta":[],"product_brand":[],"product_cat":[2210,2204,2215],"product_tag":[2271,2272,2244,2243,2240,2245,2273],"class_list":{"0":"post-28062","1":"product","2":"type-product","3":"status-publish","4":"has-post-thumbnail","6":"product_cat-citi-matu-kopsanas-produkti","7":"product_cat-matu-kopsanas-lidzekli","8":"product_cat-visi-produkti","9":"product_tag-ekspres-atjaunojoss-sprejs","10":"product_tag-express-repair-spray","11":"product_tag-israel","12":"product_tag-izraela","13":"product_tag-yofing","14":"product_tag-2245","15":"product_tag-2273","16":"pa_brand_nc-yofing","17":"pa_ean_nc-2270","18":"pa_ean_nc-israel","20":"first","21":"instock","22":"sale","23":"taxable","24":"shipping-taxable","25":"purchasable","26":"product-type-simple"},"yoast_head":"<!-- This site is optimized with the Yoast SEO plugin v23.9 - https:\/\/yoast.com\/wordpress\/plugins\/seo\/ -->\n<title>Ekspres atjaunojo\u0161ais sprejs<\/title>\n<meta name=\"description\" content=\"Express Repair Spray pal\u012bdz stiprin\u0101t, mitrin\u0101t un atjaunot v\u0101jos un boj\u0101tos matus. S\u0101kot no pirm\u0101s lieto\u0161anas reizes, j\u016bs redz\u0113sit t\u016bl\u012bt\u0113ju efektu uz j\u016bsu matiem. Mati b\u016bs sp\u012bd\u012bgi un viegli \u0137emm\u0113jami.\" \/>\n<meta name=\"robots\" content=\"index, follow, max-snippet:-1, max-image-preview:large, max-video-preview:-1\" \/>\n<link rel=\"canonical\" href=\"https:\/\/women.lv\/en\/product\/ekspress-atjaunojosais-sprejs\/\" \/>\n<meta property=\"og:locale\" content=\"en_GB\" \/>\n<meta property=\"og:type\" content=\"article\" \/>\n<meta property=\"og:title\" content=\"Ekspres atjaunojo\u0161ais sprejs\" \/>\n<meta property=\"og:description\" content=\"Express Repair Spray pal\u012bdz stiprin\u0101t, mitrin\u0101t un atjaunot v\u0101jos un boj\u0101tos matus. S\u0101kot no pirm\u0101s lieto\u0161anas reizes, j\u016bs redz\u0113sit t\u016bl\u012bt\u0113ju efektu uz j\u016bsu matiem. Mati b\u016bs sp\u012bd\u012bgi un viegli \u0137emm\u0113jami.\" \/>\n<meta property=\"og:url\" content=\"https:\/\/women.lv\/en\/product\/ekspress-atjaunojosais-sprejs\/\" \/>\n<meta property=\"og:site_name\" content=\"Women Veikals\" \/>\n<meta property=\"article:modified_time\" content=\"2026-02-14T13:14:47+00:00\" \/>\n<meta property=\"og:image\" content=\"https:\/\/women.lv\/wp-content\/uploads\/nc\/catalog\/Israel\/Yofing\/Hair\/yofing_express_repair_spray11-scaled.jpg\" \/>\n\t<meta property=\"og:image:width\" content=\"1200\" \/>\n\t<meta property=\"og:image:height\" content=\"1600\" \/>\n\t<meta property=\"og:image:type\" content=\"image\/jpeg\" \/>\n<meta name=\"twitter:card\" content=\"summary_large_image\" \/>\n<meta name=\"twitter:label1\" content=\"Estimated reading time\" \/>\n\t<meta name=\"twitter:data1\" content=\"1 minute\" \/>\n<script type=\"application\/ld+json\" class=\"yoast-schema-graph\">{\"@context\":\"https:\/\/schema.org\",\"@graph\":[{\"@type\":\"WebPage\",\"@id\":\"https:\/\/women.lv\/product\/ekspress-atjaunojosais-sprejs\/\",\"url\":\"https:\/\/women.lv\/product\/ekspress-atjaunojosais-sprejs\/\",\"name\":\"Ekspres atjaunojo\u0161ais sprejs\",\"isPartOf\":{\"@id\":\"https:\/\/women.lv\/#website\"},\"primaryImageOfPage\":{\"@id\":\"https:\/\/women.lv\/product\/ekspress-atjaunojosais-sprejs\/#primaryimage\"},\"image\":{\"@id\":\"https:\/\/women.lv\/product\/ekspress-atjaunojosais-sprejs\/#primaryimage\"},\"thumbnailUrl\":\"https:\/\/women.lv\/wp-content\/uploads\/nc\/catalog\/Israel\/Yofing\/Hair\/yofing_express_repair_spray11-scaled.jpg\",\"datePublished\":\"2019-04-17T17:30:13+00:00\",\"dateModified\":\"2026-02-14T13:14:47+00:00\",\"description\":\"Express Repair Spray pal\u012bdz stiprin\u0101t, mitrin\u0101t un atjaunot v\u0101jos un boj\u0101tos matus. S\u0101kot no pirm\u0101s lieto\u0161anas reizes, j\u016bs redz\u0113sit t\u016bl\u012bt\u0113ju efektu uz j\u016bsu matiem. Mati b\u016bs sp\u012bd\u012bgi un viegli \u0137emm\u0113jami.\",\"breadcrumb\":{\"@id\":\"https:\/\/women.lv\/product\/ekspress-atjaunojosais-sprejs\/#breadcrumb\"},\"inLanguage\":\"en-GB\",\"potentialAction\":[{\"@type\":\"ReadAction\",\"target\":[\"https:\/\/women.lv\/product\/ekspress-atjaunojosais-sprejs\/\"]}]},{\"@type\":\"ImageObject\",\"inLanguage\":\"en-GB\",\"@id\":\"https:\/\/women.lv\/product\/ekspress-atjaunojosais-sprejs\/#primaryimage\",\"url\":\"https:\/\/women.lv\/wp-content\/uploads\/nc\/catalog\/Israel\/Yofing\/Hair\/yofing_express_repair_spray11-scaled.jpg\",\"contentUrl\":\"https:\/\/women.lv\/wp-content\/uploads\/nc\/catalog\/Israel\/Yofing\/Hair\/yofing_express_repair_spray11-scaled.jpg\",\"width\":1200,\"height\":1600,\"caption\":\"Ekspress atjaunojo\u0161ais sprejs\"},{\"@type\":\"BreadcrumbList\",\"@id\":\"https:\/\/women.lv\/product\/ekspress-atjaunojosais-sprejs\/#breadcrumb\",\"itemListElement\":[{\"@type\":\"ListItem\",\"position\":1,\"name\":\"Home\",\"item\":\"https:\/\/women.lv\/\"},{\"@type\":\"ListItem\",\"position\":2,\"name\":\"Products\",\"item\":\"https:\/\/women.lv\/en\/shop\/\"},{\"@type\":\"ListItem\",\"position\":3,\"name\":\"Ekspress atjaunojo\u0161ais sprejs\"}]},{\"@type\":\"WebSite\",\"@id\":\"https:\/\/women.lv\/#website\",\"url\":\"https:\/\/women.lv\/\",\"name\":\"Women Veikals\",\"description\":\"Uzdr\u012bksties b\u016bt skaista\",\"potentialAction\":[{\"@type\":\"SearchAction\",\"target\":{\"@type\":\"EntryPoint\",\"urlTemplate\":\"https:\/\/women.lv\/?s={search_term_string}\"},\"query-input\":{\"@type\":\"PropertyValueSpecification\",\"valueRequired\":true,\"valueName\":\"search_term_string\"}}],\"inLanguage\":\"en-GB\"}]}<\/script>\n<!-- \/ Yoast SEO plugin. -->","yoast_head_json":{"title":"Ekspres atjaunojo\u0161ais sprejs","description":"Express Repair Spray pal\u012bdz stiprin\u0101t, mitrin\u0101t un atjaunot v\u0101jos un boj\u0101tos matus. S\u0101kot no pirm\u0101s lieto\u0161anas reizes, j\u016bs redz\u0113sit t\u016bl\u012bt\u0113ju efektu uz j\u016bsu matiem. Mati b\u016bs sp\u012bd\u012bgi un viegli \u0137emm\u0113jami.","robots":{"index":"index","follow":"follow","max-snippet":"max-snippet:-1","max-image-preview":"max-image-preview:large","max-video-preview":"max-video-preview:-1"},"canonical":"https:\/\/women.lv\/en\/product\/ekspress-atjaunojosais-sprejs\/","og_locale":"en_GB","og_type":"article","og_title":"Ekspres atjaunojo\u0161ais sprejs","og_description":"Express Repair Spray pal\u012bdz stiprin\u0101t, mitrin\u0101t un atjaunot v\u0101jos un boj\u0101tos matus. S\u0101kot no pirm\u0101s lieto\u0161anas reizes, j\u016bs redz\u0113sit t\u016bl\u012bt\u0113ju efektu uz j\u016bsu matiem. Mati b\u016bs sp\u012bd\u012bgi un viegli \u0137emm\u0113jami.","og_url":"https:\/\/women.lv\/en\/product\/ekspress-atjaunojosais-sprejs\/","og_site_name":"Women Veikals","article_modified_time":"2026-02-14T13:14:47+00:00","og_image":[{"width":1200,"height":1600,"url":"https:\/\/women.lv\/wp-content\/uploads\/nc\/catalog\/Israel\/Yofing\/Hair\/yofing_express_repair_spray11-scaled.jpg","type":"image\/jpeg"}],"twitter_card":"summary_large_image","twitter_misc":{"Estimated reading time":"1 minute"},"schema":{"@context":"https:\/\/schema.org","@graph":[{"@type":"WebPage","@id":"https:\/\/women.lv\/product\/ekspress-atjaunojosais-sprejs\/","url":"https:\/\/women.lv\/product\/ekspress-atjaunojosais-sprejs\/","name":"Ekspres atjaunojo\u0161ais sprejs","isPartOf":{"@id":"https:\/\/women.lv\/#website"},"primaryImageOfPage":{"@id":"https:\/\/women.lv\/product\/ekspress-atjaunojosais-sprejs\/#primaryimage"},"image":{"@id":"https:\/\/women.lv\/product\/ekspress-atjaunojosais-sprejs\/#primaryimage"},"thumbnailUrl":"https:\/\/women.lv\/wp-content\/uploads\/nc\/catalog\/Israel\/Yofing\/Hair\/yofing_express_repair_spray11-scaled.jpg","datePublished":"2019-04-17T17:30:13+00:00","dateModified":"2026-02-14T13:14:47+00:00","description":"Express Repair Spray pal\u012bdz stiprin\u0101t, mitrin\u0101t un atjaunot v\u0101jos un boj\u0101tos matus. S\u0101kot no pirm\u0101s lieto\u0161anas reizes, j\u016bs redz\u0113sit t\u016bl\u012bt\u0113ju efektu uz j\u016bsu matiem. Mati b\u016bs sp\u012bd\u012bgi un viegli \u0137emm\u0113jami.","breadcrumb":{"@id":"https:\/\/women.lv\/product\/ekspress-atjaunojosais-sprejs\/#breadcrumb"},"inLanguage":"en-GB","potentialAction":[{"@type":"ReadAction","target":["https:\/\/women.lv\/product\/ekspress-atjaunojosais-sprejs\/"]}]},{"@type":"ImageObject","inLanguage":"en-GB","@id":"https:\/\/women.lv\/product\/ekspress-atjaunojosais-sprejs\/#primaryimage","url":"https:\/\/women.lv\/wp-content\/uploads\/nc\/catalog\/Israel\/Yofing\/Hair\/yofing_express_repair_spray11-scaled.jpg","contentUrl":"https:\/\/women.lv\/wp-content\/uploads\/nc\/catalog\/Israel\/Yofing\/Hair\/yofing_express_repair_spray11-scaled.jpg","width":1200,"height":1600,"caption":"Ekspress atjaunojo\u0161ais sprejs"},{"@type":"BreadcrumbList","@id":"https:\/\/women.lv\/product\/ekspress-atjaunojosais-sprejs\/#breadcrumb","itemListElement":[{"@type":"ListItem","position":1,"name":"Home","item":"https:\/\/women.lv\/"},{"@type":"ListItem","position":2,"name":"Products","item":"https:\/\/women.lv\/en\/shop\/"},{"@type":"ListItem","position":3,"name":"Ekspress atjaunojo\u0161ais sprejs"}]},{"@type":"WebSite","@id":"https:\/\/women.lv\/#website","url":"https:\/\/women.lv\/","name":"Women Veikals","description":"Uzdr\u012bksties b\u016bt skaista","potentialAction":[{"@type":"SearchAction","target":{"@type":"EntryPoint","urlTemplate":"https:\/\/women.lv\/?s={search_term_string}"},"query-input":{"@type":"PropertyValueSpecification","valueRequired":true,"valueName":"search_term_string"}}],"inLanguage":"en-GB"}]}},"_links":{"self":[{"href":"https:\/\/women.lv\/en\/wp-json\/wp\/v2\/product\/28062","targetHints":{"allow":["GET"]}}],"collection":[{"href":"https:\/\/women.lv\/en\/wp-json\/wp\/v2\/product"}],"about":[{"href":"https:\/\/women.lv\/en\/wp-json\/wp\/v2\/types\/product"}],"replies":[{"embeddable":true,"href":"https:\/\/women.lv\/en\/wp-json\/wp\/v2\/comments?post=28062"}],"version-history":[{"count":2,"href":"https:\/\/women.lv\/en\/wp-json\/wp\/v2\/product\/28062\/revisions"}],"predecessor-version":[{"id":29727,"href":"https:\/\/women.lv\/en\/wp-json\/wp\/v2\/product\/28062\/revisions\/29727"}],"wp:featuredmedia":[{"embeddable":true,"href":"https:\/\/women.lv\/en\/wp-json\/wp\/v2\/media\/28063"}],"wp:attachment":[{"href":"https:\/\/women.lv\/en\/wp-json\/wp\/v2\/media?parent=28062"}],"wp:term":[{"taxonomy":"product_brand","embeddable":true,"href":"https:\/\/women.lv\/en\/wp-json\/wp\/v2\/product_brand?post=28062"},{"taxonomy":"product_cat","embeddable":true,"href":"https:\/\/women.lv\/en\/wp-json\/wp\/v2\/product_cat?post=28062"},{"taxonomy":"product_tag","embeddable":true,"href":"https:\/\/women.lv\/en\/wp-json\/wp\/v2\/product_tag?post=28062"}],"curies":[{"name":"wp","href":"https:\/\/api.w.org\/{rel}","templated":true}]}}