{"id":28058,"date":"2019-04-17T17:20:13","date_gmt":"2019-04-17T17:20:13","guid":{"rendered":"https:\/\/women.lv\/?product=sampuns-un-dusas-zeleja-2in1-viriesiem"},"modified":"2025-11-05T13:25:45","modified_gmt":"2025-11-05T13:25:45","slug":"sampuns-un-dusas-zeleja-2in1-viriesiem","status":"publish","type":"product","link":"https:\/\/women.lv\/en\/product\/sampuns-un-dusas-zeleja-2in1-viriesiem\/","title":{"rendered":"Shampoo and shower gel &quot;2in1&quot; for men"},"content":{"rendered":"<p><span style=\"font-family: Helvetica;\"><span style=\"font-size: 18px;\">We are pleased to offer you an innovative formula 2 in 1 shower gel and shampoo, which was specially developed for men. The gel is enriched with the highest quality oils and Dead Sea minerals. The 2-in-1 shower gel and shampoo contains Dead Sea minerals, aloe vera extract, chamomile, grape seed, argan oil, shea butter and papaya extract to protect your skin and hair from dryness, sunlight and harmful environmental conditions. The gel is easily cleaned with water. The product formula is perfect for cleansing your beard, leaving it soft, fresh, nourished and conditioned. The Yofing brand believes in the power of natural ingredients to improve your daily well-being.<\/span><\/span><\/p>","protected":false},"excerpt":{"rendered":"<p>We are pleased to offer you an innovative formula 2 in 1 shower gel and shampoo, which was specially developed for men. Jelly<\/p>","protected":false},"featured_media":28059,"comment_status":"open","ping_status":"closed","template":"","meta":[],"product_brand":[],"product_cat":[2204,2206,2220,2215],"product_tag":[2269,2244,2243,3861,2240,2245,2268],"class_list":{"0":"post-28058","1":"product","2":"type-product","3":"status-publish","4":"has-post-thumbnail","6":"product_cat-matu-kopsanas-lidzekli","7":"product_cat-sampuni","8":"product_cat-viss-viriesiem","9":"product_cat-visi-produkti","10":"product_tag-2-in-1-shower-gel-amp-shampoo-for-men","11":"product_tag-israel","12":"product_tag-izraela","13":"product_tag-sampuns-un-dusas-zeleja-2in1-viriesiem","14":"product_tag-yofing","15":"product_tag-2245","16":"product_tag-------2--1","17":"pa_brand_nc-yofing","18":"pa_ean_nc-2266","19":"pa_ean_nc-israel","21":"first","22":"instock","23":"sale","24":"taxable","25":"shipping-taxable","26":"purchasable","27":"product-type-simple"},"yoast_head":"<!-- This site is optimized with the Yoast SEO plugin v23.9 - https:\/\/yoast.com\/wordpress\/plugins\/seo\/ -->\n<title>2in1 \u0160amp\u016bns un du\u0161as \u017eeleja v\u012brie\u0161iem<\/title>\n<meta name=\"description\" content=\"\u017deleja ir bag\u0101tin\u0101ta ar augst\u0101k\u0101s kvalit\u0101tes e\u013c\u013c\u0101m un N\u0101ves j\u016bras miner\u0101liem.\" \/>\n<meta name=\"robots\" content=\"index, follow, max-snippet:-1, max-image-preview:large, max-video-preview:-1\" \/>\n<link rel=\"canonical\" href=\"https:\/\/women.lv\/en\/product\/sampuns-un-dusas-zeleja-2in1-viriesiem\/\" \/>\n<meta property=\"og:locale\" content=\"en_GB\" \/>\n<meta property=\"og:type\" content=\"article\" \/>\n<meta property=\"og:title\" content=\"2in1 \u0160amp\u016bns un du\u0161as \u017eeleja v\u012brie\u0161iem\" \/>\n<meta property=\"og:description\" content=\"\u017deleja ir bag\u0101tin\u0101ta ar augst\u0101k\u0101s kvalit\u0101tes e\u013c\u013c\u0101m un N\u0101ves j\u016bras miner\u0101liem.\" \/>\n<meta property=\"og:url\" content=\"https:\/\/women.lv\/en\/product\/sampuns-un-dusas-zeleja-2in1-viriesiem\/\" \/>\n<meta property=\"og:site_name\" content=\"Women Veikals\" \/>\n<meta property=\"article:modified_time\" content=\"2025-11-05T13:25:45+00:00\" \/>\n<meta property=\"og:image\" content=\"https:\/\/women.lv\/wp-content\/uploads\/nc\/catalog\/Israel\/Yofing\/Hair\/men-2in1.jpg\" \/>\n\t<meta property=\"og:image:width\" content=\"1024\" \/>\n\t<meta property=\"og:image:height\" content=\"1024\" \/>\n\t<meta property=\"og:image:type\" content=\"image\/jpeg\" \/>\n<meta name=\"twitter:card\" content=\"summary_large_image\" \/>\n<meta name=\"twitter:label1\" content=\"Estimated reading time\" \/>\n\t<meta name=\"twitter:data1\" content=\"1 minute\" \/>\n<script type=\"application\/ld+json\" class=\"yoast-schema-graph\">{\"@context\":\"https:\/\/schema.org\",\"@graph\":[{\"@type\":\"WebPage\",\"@id\":\"https:\/\/women.lv\/product\/sampuns-un-dusas-zeleja-2in1-viriesiem\/\",\"url\":\"https:\/\/women.lv\/product\/sampuns-un-dusas-zeleja-2in1-viriesiem\/\",\"name\":\"2in1 \u0160amp\u016bns un du\u0161as \u017eeleja v\u012brie\u0161iem\",\"isPartOf\":{\"@id\":\"https:\/\/women.lv\/#website\"},\"primaryImageOfPage\":{\"@id\":\"https:\/\/women.lv\/product\/sampuns-un-dusas-zeleja-2in1-viriesiem\/#primaryimage\"},\"image\":{\"@id\":\"https:\/\/women.lv\/product\/sampuns-un-dusas-zeleja-2in1-viriesiem\/#primaryimage\"},\"thumbnailUrl\":\"https:\/\/women.lv\/wp-content\/uploads\/nc\/catalog\/Israel\/Yofing\/Hair\/men-2in1.jpg\",\"datePublished\":\"2019-04-17T17:20:13+00:00\",\"dateModified\":\"2025-11-05T13:25:45+00:00\",\"description\":\"\u017deleja ir bag\u0101tin\u0101ta ar augst\u0101k\u0101s kvalit\u0101tes e\u013c\u013c\u0101m un N\u0101ves j\u016bras miner\u0101liem.\",\"breadcrumb\":{\"@id\":\"https:\/\/women.lv\/product\/sampuns-un-dusas-zeleja-2in1-viriesiem\/#breadcrumb\"},\"inLanguage\":\"en-GB\",\"potentialAction\":[{\"@type\":\"ReadAction\",\"target\":[\"https:\/\/women.lv\/product\/sampuns-un-dusas-zeleja-2in1-viriesiem\/\"]}]},{\"@type\":\"ImageObject\",\"inLanguage\":\"en-GB\",\"@id\":\"https:\/\/women.lv\/product\/sampuns-un-dusas-zeleja-2in1-viriesiem\/#primaryimage\",\"url\":\"https:\/\/women.lv\/wp-content\/uploads\/nc\/catalog\/Israel\/Yofing\/Hair\/men-2in1.jpg\",\"contentUrl\":\"https:\/\/women.lv\/wp-content\/uploads\/nc\/catalog\/Israel\/Yofing\/Hair\/men-2in1.jpg\",\"width\":1024,\"height\":1024,\"caption\":\"\u0160amp\u016bns un du\u0161as \u017eeleja \\\"2in1\\\" v\u012brie\u0161iem\"},{\"@type\":\"BreadcrumbList\",\"@id\":\"https:\/\/women.lv\/product\/sampuns-un-dusas-zeleja-2in1-viriesiem\/#breadcrumb\",\"itemListElement\":[{\"@type\":\"ListItem\",\"position\":1,\"name\":\"Home\",\"item\":\"https:\/\/women.lv\/\"},{\"@type\":\"ListItem\",\"position\":2,\"name\":\"Products\",\"item\":\"https:\/\/women.lv\/en\/shop\/\"},{\"@type\":\"ListItem\",\"position\":3,\"name\":\"\u0160amp\u016bns un du\u0161as \u017eeleja &#8220;2in1&#8221; v\u012brie\u0161iem\"}]},{\"@type\":\"WebSite\",\"@id\":\"https:\/\/women.lv\/#website\",\"url\":\"https:\/\/women.lv\/\",\"name\":\"Women Veikals\",\"description\":\"Uzdr\u012bksties b\u016bt skaista\",\"potentialAction\":[{\"@type\":\"SearchAction\",\"target\":{\"@type\":\"EntryPoint\",\"urlTemplate\":\"https:\/\/women.lv\/?s={search_term_string}\"},\"query-input\":{\"@type\":\"PropertyValueSpecification\",\"valueRequired\":true,\"valueName\":\"search_term_string\"}}],\"inLanguage\":\"en-GB\"}]}<\/script>\n<!-- \/ Yoast SEO plugin. -->","yoast_head_json":{"title":"2in1 \u0160amp\u016bns un du\u0161as \u017eeleja v\u012brie\u0161iem","description":"\u017deleja ir bag\u0101tin\u0101ta ar augst\u0101k\u0101s kvalit\u0101tes e\u013c\u013c\u0101m un N\u0101ves j\u016bras miner\u0101liem.","robots":{"index":"index","follow":"follow","max-snippet":"max-snippet:-1","max-image-preview":"max-image-preview:large","max-video-preview":"max-video-preview:-1"},"canonical":"https:\/\/women.lv\/en\/product\/sampuns-un-dusas-zeleja-2in1-viriesiem\/","og_locale":"en_GB","og_type":"article","og_title":"2in1 \u0160amp\u016bns un du\u0161as \u017eeleja v\u012brie\u0161iem","og_description":"\u017deleja ir bag\u0101tin\u0101ta ar augst\u0101k\u0101s kvalit\u0101tes e\u013c\u013c\u0101m un N\u0101ves j\u016bras miner\u0101liem.","og_url":"https:\/\/women.lv\/en\/product\/sampuns-un-dusas-zeleja-2in1-viriesiem\/","og_site_name":"Women Veikals","article_modified_time":"2025-11-05T13:25:45+00:00","og_image":[{"width":1024,"height":1024,"url":"https:\/\/women.lv\/wp-content\/uploads\/nc\/catalog\/Israel\/Yofing\/Hair\/men-2in1.jpg","type":"image\/jpeg"}],"twitter_card":"summary_large_image","twitter_misc":{"Estimated reading time":"1 minute"},"schema":{"@context":"https:\/\/schema.org","@graph":[{"@type":"WebPage","@id":"https:\/\/women.lv\/product\/sampuns-un-dusas-zeleja-2in1-viriesiem\/","url":"https:\/\/women.lv\/product\/sampuns-un-dusas-zeleja-2in1-viriesiem\/","name":"2in1 \u0160amp\u016bns un du\u0161as \u017eeleja v\u012brie\u0161iem","isPartOf":{"@id":"https:\/\/women.lv\/#website"},"primaryImageOfPage":{"@id":"https:\/\/women.lv\/product\/sampuns-un-dusas-zeleja-2in1-viriesiem\/#primaryimage"},"image":{"@id":"https:\/\/women.lv\/product\/sampuns-un-dusas-zeleja-2in1-viriesiem\/#primaryimage"},"thumbnailUrl":"https:\/\/women.lv\/wp-content\/uploads\/nc\/catalog\/Israel\/Yofing\/Hair\/men-2in1.jpg","datePublished":"2019-04-17T17:20:13+00:00","dateModified":"2025-11-05T13:25:45+00:00","description":"\u017deleja ir bag\u0101tin\u0101ta ar augst\u0101k\u0101s kvalit\u0101tes e\u013c\u013c\u0101m un N\u0101ves j\u016bras miner\u0101liem.","breadcrumb":{"@id":"https:\/\/women.lv\/product\/sampuns-un-dusas-zeleja-2in1-viriesiem\/#breadcrumb"},"inLanguage":"en-GB","potentialAction":[{"@type":"ReadAction","target":["https:\/\/women.lv\/product\/sampuns-un-dusas-zeleja-2in1-viriesiem\/"]}]},{"@type":"ImageObject","inLanguage":"en-GB","@id":"https:\/\/women.lv\/product\/sampuns-un-dusas-zeleja-2in1-viriesiem\/#primaryimage","url":"https:\/\/women.lv\/wp-content\/uploads\/nc\/catalog\/Israel\/Yofing\/Hair\/men-2in1.jpg","contentUrl":"https:\/\/women.lv\/wp-content\/uploads\/nc\/catalog\/Israel\/Yofing\/Hair\/men-2in1.jpg","width":1024,"height":1024,"caption":"\u0160amp\u016bns un du\u0161as \u017eeleja \"2in1\" v\u012brie\u0161iem"},{"@type":"BreadcrumbList","@id":"https:\/\/women.lv\/product\/sampuns-un-dusas-zeleja-2in1-viriesiem\/#breadcrumb","itemListElement":[{"@type":"ListItem","position":1,"name":"Home","item":"https:\/\/women.lv\/"},{"@type":"ListItem","position":2,"name":"Products","item":"https:\/\/women.lv\/en\/shop\/"},{"@type":"ListItem","position":3,"name":"\u0160amp\u016bns un du\u0161as \u017eeleja &#8220;2in1&#8221; v\u012brie\u0161iem"}]},{"@type":"WebSite","@id":"https:\/\/women.lv\/#website","url":"https:\/\/women.lv\/","name":"Women Veikals","description":"Uzdr\u012bksties b\u016bt skaista","potentialAction":[{"@type":"SearchAction","target":{"@type":"EntryPoint","urlTemplate":"https:\/\/women.lv\/?s={search_term_string}"},"query-input":{"@type":"PropertyValueSpecification","valueRequired":true,"valueName":"search_term_string"}}],"inLanguage":"en-GB"}]}},"_links":{"self":[{"href":"https:\/\/women.lv\/en\/wp-json\/wp\/v2\/product\/28058","targetHints":{"allow":["GET"]}}],"collection":[{"href":"https:\/\/women.lv\/en\/wp-json\/wp\/v2\/product"}],"about":[{"href":"https:\/\/women.lv\/en\/wp-json\/wp\/v2\/types\/product"}],"replies":[{"embeddable":true,"href":"https:\/\/women.lv\/en\/wp-json\/wp\/v2\/comments?post=28058"}],"version-history":[{"count":1,"href":"https:\/\/women.lv\/en\/wp-json\/wp\/v2\/product\/28058\/revisions"}],"predecessor-version":[{"id":29726,"href":"https:\/\/women.lv\/en\/wp-json\/wp\/v2\/product\/28058\/revisions\/29726"}],"wp:featuredmedia":[{"embeddable":true,"href":"https:\/\/women.lv\/en\/wp-json\/wp\/v2\/media\/28059"}],"wp:attachment":[{"href":"https:\/\/women.lv\/en\/wp-json\/wp\/v2\/media?parent=28058"}],"wp:term":[{"taxonomy":"product_brand","embeddable":true,"href":"https:\/\/women.lv\/en\/wp-json\/wp\/v2\/product_brand?post=28058"},{"taxonomy":"product_cat","embeddable":true,"href":"https:\/\/women.lv\/en\/wp-json\/wp\/v2\/product_cat?post=28058"},{"taxonomy":"product_tag","embeddable":true,"href":"https:\/\/women.lv\/en\/wp-json\/wp\/v2\/product_tag?post=28058"}],"curies":[{"name":"wp","href":"https:\/\/api.w.org\/{rel}","templated":true}]}}