{"id":28047,"date":"2019-02-28T14:40:07","date_gmt":"2019-02-28T14:40:07","guid":{"rendered":"https:\/\/women.lv\/?product=barojoss-sampuns-ar-ricinellu-un-kanepju-ellu"},"modified":"2025-11-07T16:47:13","modified_gmt":"2025-11-07T16:47:13","slug":"barojoss-sampuns-ar-ricinellu-un-kanepju-ellu","status":"publish","type":"product","link":"https:\/\/women.lv\/en\/product\/barojoss-sampuns-ar-ricinellu-un-kanepju-ellu\/","title":{"rendered":"Nourishing shampoo with castor oil and hemp oil"},"content":{"rendered":"<p><span style=\"font-family: Helvetica;\"><span style=\"font-size: 18px;\">YOFING NEW GENERATION shampoo based on natural oils will help to avoid hair dryness and dullness.<\/span><\/span><\/p>\n<p><span style=\"font-family: Helvetica;\"><span style=\"font-size: 18px;\">The hemp and castor oil complex, which contains vitamins A, B, C, D and E, is very beneficial for hair growth and health. Rejuvenating effect, returning hair elasticity and softness. Hemp oil promotes increased hair growth and strengthening. While castor oil intensively nourishes and moisturizes dry and weakened hair, making it smooth and silky!<\/span><\/span><\/p>","protected":false},"excerpt":{"rendered":"<p>YOFING NEW GENERATION shampoo based on natural oils will help to avoid hair dryness and dullness. Very good for hair growth and health<\/p>","protected":false},"featured_media":28048,"comment_status":"open","ping_status":"closed","template":"","meta":[],"product_brand":[],"product_cat":[2204,2206,2215],"product_tag":[2244,2243,2257,2258,2240,2245,2259],"class_list":{"0":"post-28047","1":"product","2":"type-product","3":"status-publish","4":"has-post-thumbnail","6":"product_cat-matu-kopsanas-lidzekli","7":"product_cat-sampuni","8":"product_cat-visi-produkti","9":"product_tag-israel","10":"product_tag-izraela","11":"product_tag-ricinellas-un-kanepju-ellas-barojoss-sampuns","12":"product_tag-shampoo-for-hair-growth-and-strengthening-with-castor-oil-and-hemp-oil","13":"product_tag-yofing","14":"product_tag-2245","15":"product_tag-2259","16":"pa_brand_nc-yofing","17":"pa_ean_nc-2256","18":"pa_ean_nc-israel","20":"first","21":"instock","22":"sale","23":"taxable","24":"shipping-taxable","25":"purchasable","26":"product-type-simple"},"yoast_head":"<!-- This site is optimized with the Yoast SEO plugin v23.9 - https:\/\/yoast.com\/wordpress\/plugins\/seo\/ -->\n<title>R\u012bcine\u013c\u013cas un ka\u0146epju e\u013c\u013cas barojo\u0161s \u0161amp\u016bns<\/title>\n<meta name=\"description\" content=\"YOFING NEW GENERATION dabisko e\u013c\u013cu b\u0101zes \u0161amp\u016bns pal\u012bdz\u0113s izvair\u012bties no matu sausuma un bl\u0101vuma.\" \/>\n<meta name=\"robots\" content=\"index, follow, max-snippet:-1, max-image-preview:large, max-video-preview:-1\" \/>\n<link rel=\"canonical\" href=\"https:\/\/women.lv\/en\/product\/barojoss-sampuns-ar-ricinellu-un-kanepju-ellu\/\" \/>\n<meta property=\"og:locale\" content=\"en_GB\" \/>\n<meta property=\"og:type\" content=\"article\" \/>\n<meta property=\"og:title\" content=\"R\u012bcine\u013c\u013cas un ka\u0146epju e\u013c\u013cas barojo\u0161s \u0161amp\u016bns\" \/>\n<meta property=\"og:description\" content=\"YOFING NEW GENERATION dabisko e\u013c\u013cu b\u0101zes \u0161amp\u016bns pal\u012bdz\u0113s izvair\u012bties no matu sausuma un bl\u0101vuma.\" \/>\n<meta property=\"og:url\" content=\"https:\/\/women.lv\/en\/product\/barojoss-sampuns-ar-ricinellu-un-kanepju-ellu\/\" \/>\n<meta property=\"og:site_name\" content=\"Women Veikals\" \/>\n<meta property=\"article:modified_time\" content=\"2025-11-07T16:47:13+00:00\" \/>\n<meta property=\"og:image\" content=\"https:\/\/women.lv\/wp-content\/uploads\/nc\/catalog\/Israel\/Yofing\/Hair\/castor-shampoo-new-1.png\" \/>\n\t<meta property=\"og:image:width\" content=\"1022\" \/>\n\t<meta property=\"og:image:height\" content=\"1022\" \/>\n\t<meta property=\"og:image:type\" content=\"image\/png\" \/>\n<meta name=\"twitter:card\" content=\"summary_large_image\" \/>\n<meta name=\"twitter:label1\" content=\"Estimated reading time\" \/>\n\t<meta name=\"twitter:data1\" content=\"1 minute\" \/>\n<script type=\"application\/ld+json\" class=\"yoast-schema-graph\">{\"@context\":\"https:\/\/schema.org\",\"@graph\":[{\"@type\":\"WebPage\",\"@id\":\"https:\/\/women.lv\/product\/barojoss-sampuns-ar-ricinellu-un-kanepju-ellu\/\",\"url\":\"https:\/\/women.lv\/product\/barojoss-sampuns-ar-ricinellu-un-kanepju-ellu\/\",\"name\":\"R\u012bcine\u013c\u013cas un ka\u0146epju e\u013c\u013cas barojo\u0161s \u0161amp\u016bns\",\"isPartOf\":{\"@id\":\"https:\/\/women.lv\/#website\"},\"primaryImageOfPage\":{\"@id\":\"https:\/\/women.lv\/product\/barojoss-sampuns-ar-ricinellu-un-kanepju-ellu\/#primaryimage\"},\"image\":{\"@id\":\"https:\/\/women.lv\/product\/barojoss-sampuns-ar-ricinellu-un-kanepju-ellu\/#primaryimage\"},\"thumbnailUrl\":\"https:\/\/women.lv\/wp-content\/uploads\/nc\/catalog\/Israel\/Yofing\/Hair\/castor-shampoo-new-1.png\",\"datePublished\":\"2019-02-28T14:40:07+00:00\",\"dateModified\":\"2025-11-07T16:47:13+00:00\",\"description\":\"YOFING NEW GENERATION dabisko e\u013c\u013cu b\u0101zes \u0161amp\u016bns pal\u012bdz\u0113s izvair\u012bties no matu sausuma un bl\u0101vuma.\",\"breadcrumb\":{\"@id\":\"https:\/\/women.lv\/product\/barojoss-sampuns-ar-ricinellu-un-kanepju-ellu\/#breadcrumb\"},\"inLanguage\":\"en-GB\",\"potentialAction\":[{\"@type\":\"ReadAction\",\"target\":[\"https:\/\/women.lv\/product\/barojoss-sampuns-ar-ricinellu-un-kanepju-ellu\/\"]}]},{\"@type\":\"ImageObject\",\"inLanguage\":\"en-GB\",\"@id\":\"https:\/\/women.lv\/product\/barojoss-sampuns-ar-ricinellu-un-kanepju-ellu\/#primaryimage\",\"url\":\"https:\/\/women.lv\/wp-content\/uploads\/nc\/catalog\/Israel\/Yofing\/Hair\/castor-shampoo-new-1.png\",\"contentUrl\":\"https:\/\/women.lv\/wp-content\/uploads\/nc\/catalog\/Israel\/Yofing\/Hair\/castor-shampoo-new-1.png\",\"width\":1022,\"height\":1022,\"caption\":\"Barojo\u0161s \u0161amp\u016bns ar rici\u0146e\u013c\u013cu un ka\u0146epju e\u013c\u013cu\"},{\"@type\":\"BreadcrumbList\",\"@id\":\"https:\/\/women.lv\/product\/barojoss-sampuns-ar-ricinellu-un-kanepju-ellu\/#breadcrumb\",\"itemListElement\":[{\"@type\":\"ListItem\",\"position\":1,\"name\":\"Home\",\"item\":\"https:\/\/women.lv\/\"},{\"@type\":\"ListItem\",\"position\":2,\"name\":\"Products\",\"item\":\"https:\/\/women.lv\/en\/shop\/\"},{\"@type\":\"ListItem\",\"position\":3,\"name\":\"Barojo\u0161s \u0161amp\u016bns ar rici\u0146e\u013c\u013cu un ka\u0146epju e\u013c\u013cu\"}]},{\"@type\":\"WebSite\",\"@id\":\"https:\/\/women.lv\/#website\",\"url\":\"https:\/\/women.lv\/\",\"name\":\"Women Veikals\",\"description\":\"Uzdr\u012bksties b\u016bt skaista\",\"potentialAction\":[{\"@type\":\"SearchAction\",\"target\":{\"@type\":\"EntryPoint\",\"urlTemplate\":\"https:\/\/women.lv\/?s={search_term_string}\"},\"query-input\":{\"@type\":\"PropertyValueSpecification\",\"valueRequired\":true,\"valueName\":\"search_term_string\"}}],\"inLanguage\":\"en-GB\"}]}<\/script>\n<!-- \/ Yoast SEO plugin. -->","yoast_head_json":{"title":"R\u012bcine\u013c\u013cas un ka\u0146epju e\u013c\u013cas barojo\u0161s \u0161amp\u016bns","description":"YOFING NEW GENERATION dabisko e\u013c\u013cu b\u0101zes \u0161amp\u016bns pal\u012bdz\u0113s izvair\u012bties no matu sausuma un bl\u0101vuma.","robots":{"index":"index","follow":"follow","max-snippet":"max-snippet:-1","max-image-preview":"max-image-preview:large","max-video-preview":"max-video-preview:-1"},"canonical":"https:\/\/women.lv\/en\/product\/barojoss-sampuns-ar-ricinellu-un-kanepju-ellu\/","og_locale":"en_GB","og_type":"article","og_title":"R\u012bcine\u013c\u013cas un ka\u0146epju e\u013c\u013cas barojo\u0161s \u0161amp\u016bns","og_description":"YOFING NEW GENERATION dabisko e\u013c\u013cu b\u0101zes \u0161amp\u016bns pal\u012bdz\u0113s izvair\u012bties no matu sausuma un bl\u0101vuma.","og_url":"https:\/\/women.lv\/en\/product\/barojoss-sampuns-ar-ricinellu-un-kanepju-ellu\/","og_site_name":"Women Veikals","article_modified_time":"2025-11-07T16:47:13+00:00","og_image":[{"width":1022,"height":1022,"url":"https:\/\/women.lv\/wp-content\/uploads\/nc\/catalog\/Israel\/Yofing\/Hair\/castor-shampoo-new-1.png","type":"image\/png"}],"twitter_card":"summary_large_image","twitter_misc":{"Estimated reading time":"1 minute"},"schema":{"@context":"https:\/\/schema.org","@graph":[{"@type":"WebPage","@id":"https:\/\/women.lv\/product\/barojoss-sampuns-ar-ricinellu-un-kanepju-ellu\/","url":"https:\/\/women.lv\/product\/barojoss-sampuns-ar-ricinellu-un-kanepju-ellu\/","name":"R\u012bcine\u013c\u013cas un ka\u0146epju e\u013c\u013cas barojo\u0161s \u0161amp\u016bns","isPartOf":{"@id":"https:\/\/women.lv\/#website"},"primaryImageOfPage":{"@id":"https:\/\/women.lv\/product\/barojoss-sampuns-ar-ricinellu-un-kanepju-ellu\/#primaryimage"},"image":{"@id":"https:\/\/women.lv\/product\/barojoss-sampuns-ar-ricinellu-un-kanepju-ellu\/#primaryimage"},"thumbnailUrl":"https:\/\/women.lv\/wp-content\/uploads\/nc\/catalog\/Israel\/Yofing\/Hair\/castor-shampoo-new-1.png","datePublished":"2019-02-28T14:40:07+00:00","dateModified":"2025-11-07T16:47:13+00:00","description":"YOFING NEW GENERATION dabisko e\u013c\u013cu b\u0101zes \u0161amp\u016bns pal\u012bdz\u0113s izvair\u012bties no matu sausuma un bl\u0101vuma.","breadcrumb":{"@id":"https:\/\/women.lv\/product\/barojoss-sampuns-ar-ricinellu-un-kanepju-ellu\/#breadcrumb"},"inLanguage":"en-GB","potentialAction":[{"@type":"ReadAction","target":["https:\/\/women.lv\/product\/barojoss-sampuns-ar-ricinellu-un-kanepju-ellu\/"]}]},{"@type":"ImageObject","inLanguage":"en-GB","@id":"https:\/\/women.lv\/product\/barojoss-sampuns-ar-ricinellu-un-kanepju-ellu\/#primaryimage","url":"https:\/\/women.lv\/wp-content\/uploads\/nc\/catalog\/Israel\/Yofing\/Hair\/castor-shampoo-new-1.png","contentUrl":"https:\/\/women.lv\/wp-content\/uploads\/nc\/catalog\/Israel\/Yofing\/Hair\/castor-shampoo-new-1.png","width":1022,"height":1022,"caption":"Barojo\u0161s \u0161amp\u016bns ar rici\u0146e\u013c\u013cu un ka\u0146epju e\u013c\u013cu"},{"@type":"BreadcrumbList","@id":"https:\/\/women.lv\/product\/barojoss-sampuns-ar-ricinellu-un-kanepju-ellu\/#breadcrumb","itemListElement":[{"@type":"ListItem","position":1,"name":"Home","item":"https:\/\/women.lv\/"},{"@type":"ListItem","position":2,"name":"Products","item":"https:\/\/women.lv\/en\/shop\/"},{"@type":"ListItem","position":3,"name":"Barojo\u0161s \u0161amp\u016bns ar rici\u0146e\u013c\u013cu un ka\u0146epju e\u013c\u013cu"}]},{"@type":"WebSite","@id":"https:\/\/women.lv\/#website","url":"https:\/\/women.lv\/","name":"Women Veikals","description":"Uzdr\u012bksties b\u016bt skaista","potentialAction":[{"@type":"SearchAction","target":{"@type":"EntryPoint","urlTemplate":"https:\/\/women.lv\/?s={search_term_string}"},"query-input":{"@type":"PropertyValueSpecification","valueRequired":true,"valueName":"search_term_string"}}],"inLanguage":"en-GB"}]}},"_links":{"self":[{"href":"https:\/\/women.lv\/en\/wp-json\/wp\/v2\/product\/28047","targetHints":{"allow":["GET"]}}],"collection":[{"href":"https:\/\/women.lv\/en\/wp-json\/wp\/v2\/product"}],"about":[{"href":"https:\/\/women.lv\/en\/wp-json\/wp\/v2\/types\/product"}],"replies":[{"embeddable":true,"href":"https:\/\/women.lv\/en\/wp-json\/wp\/v2\/comments?post=28047"}],"version-history":[{"count":2,"href":"https:\/\/women.lv\/en\/wp-json\/wp\/v2\/product\/28047\/revisions"}],"predecessor-version":[{"id":29603,"href":"https:\/\/women.lv\/en\/wp-json\/wp\/v2\/product\/28047\/revisions\/29603"}],"wp:featuredmedia":[{"embeddable":true,"href":"https:\/\/women.lv\/en\/wp-json\/wp\/v2\/media\/28048"}],"wp:attachment":[{"href":"https:\/\/women.lv\/en\/wp-json\/wp\/v2\/media?parent=28047"}],"wp:term":[{"taxonomy":"product_brand","embeddable":true,"href":"https:\/\/women.lv\/en\/wp-json\/wp\/v2\/product_brand?post=28047"},{"taxonomy":"product_cat","embeddable":true,"href":"https:\/\/women.lv\/en\/wp-json\/wp\/v2\/product_cat?post=28047"},{"taxonomy":"product_tag","embeddable":true,"href":"https:\/\/women.lv\/en\/wp-json\/wp\/v2\/product_tag?post=28047"}],"curies":[{"name":"wp","href":"https:\/\/api.w.org\/{rel}","templated":true}]}}