{"id":29793,"date":"2024-11-19T10:10:38","date_gmt":"2024-11-19T10:10:38","guid":{"rendered":"https:\/\/women.lv\/?page_id=29793"},"modified":"2024-11-19T10:13:40","modified_gmt":"2024-11-19T10:13:40","slug":"produktu-atgriesana","status":"publish","type":"page","link":"https:\/\/women.lv\/en\/produktu-atgriesana\/","title":{"rendered":"Returning products"},"content":{"rendered":"<div data-elementor-type=\"wp-page\" data-elementor-id=\"29793\" class=\"elementor elementor-29793\" data-elementor-post-type=\"page\">\n\t\t\t\t<div class=\"wd-negative-gap elementor-element elementor-element-8cdf4a1 e-flex e-con-boxed e-con e-parent\" data-id=\"8cdf4a1\" data-element_type=\"container\" data-e-type=\"container\">\n\t\t\t\t\t<div class=\"e-con-inner\">\n\t\t\t\t<div class=\"elementor-element elementor-element-d8943db wd-width-100 elementor-widget elementor-widget-wd_title\" data-id=\"d8943db\" data-element_type=\"widget\" data-e-type=\"widget\" data-widget_type=\"wd_title.default\">\n\t\t\t\t<div class=\"elementor-widget-container\">\n\t\t\t\t\t\t\t<div class=\"title-wrapper wd-set-mb reset-last-child wd-title-color-default wd-title-style-default wd-title-size-default text-center\">\n\n\t\t\t\t\t\t\t\t\t\t\t<div class=\"title-subtitle subtitle-color-default subtitle-style-default wd-fontsize-xs\">\n\t\t\t\t\tProducts\t\t\t\t<\/div>\n\t\t\t\n\t\t\t<div class=\"liner-continer\">\n\t\t\t\t<h4 class=\"woodmart-title-container title wd-fontsize-l\">What do you have to do to return the product?<\/h4> \n\t\t\t\t\t\t\t<\/div>\n\n\t\t\t\t\t\t\t<div class=\"title-after_title reset-last-child wd-fontsize-xs\">\n\t\t\t\t\t<p>Download the .pdf file, fill it out and send it to info@women.lv<\/p><p>Colleagues will contact you about the further process within 24 hours.<\/p>\t\t\t\t<\/div>\n\t\t\t\t\t<\/div>\n\t\t\t\t\t\t<\/div>\n\t\t\t\t<\/div>\n\t\t\t\t<div class=\"elementor-element elementor-element-82bac82 color-scheme-inherit text-left elementor-widget elementor-widget-text-editor\" data-id=\"82bac82\" data-element_type=\"widget\" data-e-type=\"widget\" data-widget_type=\"text-editor.default\">\n\t\t\t\t<div class=\"elementor-widget-container\">\n\t\t\t\t\t\t\t\t\t<p><a href=\"https:\/\/women.lv\/wp-content\/uploads\/2024\/11\/women-atteikuma-veidlapa_2020.pdf\">Download<\/a>\u00a0<\/p>\t\t\t\t\t\t\t\t<\/div>\n\t\t\t\t<\/div>\n\t\t\t\t\t<\/div>\n\t\t\t\t<\/div>\n\t\t\t\t<\/div>","protected":false},"excerpt":{"rendered":"<p>Produkti Kas Tev ir j\u0101dara, lai atgrieztu preci? Lejupl\u0101d\u0113 .pdf failu, aizpildi to un nos\u016bti uz info@women.lv Ar Tevi sazin\u0101sies<\/p>","protected":false},"author":1,"featured_media":0,"parent":0,"menu_order":0,"comment_status":"closed","ping_status":"closed","template":"elementor_header_footer","meta":{"footnotes":""},"class_list":["post-29793","page","type-page","status-publish","hentry"],"yoast_head":"<!-- This site is optimized with the Yoast SEO plugin v27.4 - https:\/\/yoast.com\/product\/yoast-seo-wordpress\/ -->\n<title>Produktu atgrie\u0161ana - Women Veikals<\/title>\n<meta name=\"robots\" content=\"index, follow, max-snippet:-1, max-image-preview:large, max-video-preview:-1\" \/>\n<link rel=\"canonical\" href=\"https:\/\/women.lv\/en\/produktu-atgriesana\/\" \/>\n<meta property=\"og:locale\" content=\"en_GB\" \/>\n<meta property=\"og:type\" content=\"article\" \/>\n<meta property=\"og:title\" content=\"Produktu atgrie\u0161ana - Women Veikals\" \/>\n<meta property=\"og:description\" content=\"Produkti Kas Tev ir j\u0101dara, lai atgrieztu preci? Lejupl\u0101d\u0113 .pdf failu, aizpildi to un nos\u016bti uz info@women.lv Ar Tevi sazin\u0101sies\" \/>\n<meta property=\"og:url\" content=\"https:\/\/women.lv\/en\/produktu-atgriesana\/\" \/>\n<meta property=\"og:site_name\" content=\"Women Veikals\" \/>\n<meta property=\"article:modified_time\" content=\"2024-11-19T10:13:40+00:00\" \/>\n<meta name=\"twitter:card\" content=\"summary_large_image\" \/>\n<meta name=\"twitter:label1\" content=\"Estimated reading time\" \/>\n\t<meta name=\"twitter:data1\" content=\"1 minute\" \/>\n<script type=\"application\/ld+json\" class=\"yoast-schema-graph\">{\"@context\":\"https:\\\/\\\/schema.org\",\"@graph\":[{\"@type\":\"WebPage\",\"@id\":\"https:\\\/\\\/women.lv\\\/produktu-atgriesana\\\/\",\"url\":\"https:\\\/\\\/women.lv\\\/produktu-atgriesana\\\/\",\"name\":\"Produktu atgrie\u0161ana - Women Veikals\",\"isPartOf\":{\"@id\":\"https:\\\/\\\/women.lv\\\/#website\"},\"datePublished\":\"2024-11-19T10:10:38+00:00\",\"dateModified\":\"2024-11-19T10:13:40+00:00\",\"breadcrumb\":{\"@id\":\"https:\\\/\\\/women.lv\\\/produktu-atgriesana\\\/#breadcrumb\"},\"inLanguage\":\"en-GB\",\"potentialAction\":[{\"@type\":\"ReadAction\",\"target\":[\"https:\\\/\\\/women.lv\\\/produktu-atgriesana\\\/\"]}]},{\"@type\":\"BreadcrumbList\",\"@id\":\"https:\\\/\\\/women.lv\\\/produktu-atgriesana\\\/#breadcrumb\",\"itemListElement\":[{\"@type\":\"ListItem\",\"position\":1,\"name\":\"Home\",\"item\":\"https:\\\/\\\/women.lv\\\/\"},{\"@type\":\"ListItem\",\"position\":2,\"name\":\"Produktu atgrie\u0161ana\"}]},{\"@type\":\"WebSite\",\"@id\":\"https:\\\/\\\/women.lv\\\/#website\",\"url\":\"https:\\\/\\\/women.lv\\\/\",\"name\":\"Women Veikals\",\"description\":\"Uzdr\u012bksties b\u016bt skaista\",\"potentialAction\":[{\"@type\":\"SearchAction\",\"target\":{\"@type\":\"EntryPoint\",\"urlTemplate\":\"https:\\\/\\\/women.lv\\\/?s={search_term_string}\"},\"query-input\":{\"@type\":\"PropertyValueSpecification\",\"valueRequired\":true,\"valueName\":\"search_term_string\"}}],\"inLanguage\":\"en-GB\"}]}<\/script>\n<!-- \/ Yoast SEO plugin. -->","yoast_head_json":{"title":"Produktu atgrie\u0161ana - Women Veikals","robots":{"index":"index","follow":"follow","max-snippet":"max-snippet:-1","max-image-preview":"max-image-preview:large","max-video-preview":"max-video-preview:-1"},"canonical":"https:\/\/women.lv\/en\/produktu-atgriesana\/","og_locale":"en_GB","og_type":"article","og_title":"Produktu atgrie\u0161ana - Women Veikals","og_description":"Produkti Kas Tev ir j\u0101dara, lai atgrieztu preci? Lejupl\u0101d\u0113 .pdf failu, aizpildi to un nos\u016bti uz info@women.lv Ar Tevi sazin\u0101sies","og_url":"https:\/\/women.lv\/en\/produktu-atgriesana\/","og_site_name":"Women Veikals","article_modified_time":"2024-11-19T10:13:40+00:00","twitter_card":"summary_large_image","twitter_misc":{"Estimated reading time":"1 minute"},"schema":{"@context":"https:\/\/schema.org","@graph":[{"@type":"WebPage","@id":"https:\/\/women.lv\/produktu-atgriesana\/","url":"https:\/\/women.lv\/produktu-atgriesana\/","name":"Produktu atgrie\u0161ana - Women Veikals","isPartOf":{"@id":"https:\/\/women.lv\/#website"},"datePublished":"2024-11-19T10:10:38+00:00","dateModified":"2024-11-19T10:13:40+00:00","breadcrumb":{"@id":"https:\/\/women.lv\/produktu-atgriesana\/#breadcrumb"},"inLanguage":"en-GB","potentialAction":[{"@type":"ReadAction","target":["https:\/\/women.lv\/produktu-atgriesana\/"]}]},{"@type":"BreadcrumbList","@id":"https:\/\/women.lv\/produktu-atgriesana\/#breadcrumb","itemListElement":[{"@type":"ListItem","position":1,"name":"Home","item":"https:\/\/women.lv\/"},{"@type":"ListItem","position":2,"name":"Produktu atgrie\u0161ana"}]},{"@type":"WebSite","@id":"https:\/\/women.lv\/#website","url":"https:\/\/women.lv\/","name":"Women Shop","description":"Uzdr\u012bksties b\u016bt skaista","potentialAction":[{"@type":"SearchAction","target":{"@type":"EntryPoint","urlTemplate":"https:\/\/women.lv\/?s={search_term_string}"},"query-input":{"@type":"PropertyValueSpecification","valueRequired":true,"valueName":"search_term_string"}}],"inLanguage":"en-GB"}]}},"_links":{"self":[{"href":"https:\/\/women.lv\/en\/wp-json\/wp\/v2\/pages\/29793","targetHints":{"allow":["GET"]}}],"collection":[{"href":"https:\/\/women.lv\/en\/wp-json\/wp\/v2\/pages"}],"about":[{"href":"https:\/\/women.lv\/en\/wp-json\/wp\/v2\/types\/page"}],"author":[{"embeddable":true,"href":"https:\/\/women.lv\/en\/wp-json\/wp\/v2\/users\/1"}],"replies":[{"embeddable":true,"href":"https:\/\/women.lv\/en\/wp-json\/wp\/v2\/comments?post=29793"}],"version-history":[{"count":0,"href":"https:\/\/women.lv\/en\/wp-json\/wp\/v2\/pages\/29793\/revisions"}],"wp:attachment":[{"href":"https:\/\/women.lv\/en\/wp-json\/wp\/v2\/media?parent=29793"}],"curies":[{"name":"wp","href":"https:\/\/api.w.org\/{rel}","templated":true}]}}