{"id":29275,"date":"2024-10-31T12:49:58","date_gmt":"2024-10-31T12:49:58","guid":{"rendered":"https:\/\/women.lv\/?p=29275"},"modified":"2025-04-09T09:45:42","modified_gmt":"2025-04-09T09:45:42","slug":"privatuma-politika","status":"publish","type":"page","link":"https:\/\/women.lv\/en\/privatuma-politika\/","title":{"rendered":"Privacy Policy"},"content":{"rendered":"<p style=\"letter-spacing: 0.5px; padding: 1em 2em 0em; line-height: 2em; font-size: 14px; margin-bottom: 0px !important;\">As a client of Women, you trust SIA WingsLogistic (hereinafter -\u00a0<strong>Women<\/strong>\u00a0or\u00a0<strong>we<\/strong>) your or your employees&#039; personal data and grant us the right to process them in accordance with our Privacy Policy (hereinafter -\u00a0<strong>Politics<\/strong>).<\/p>\n<p style=\"letter-spacing: 0.5px; padding: 1em 2em 0em; line-height: 2em; font-size: 14px; margin-bottom: 0px !important;\">\u0160aj\u0101 Politik\u0101 J\u016bs atrad\u012bsiet visu inform\u0101ciju par to, k\u0101dus personas datus m\u0113s iev\u0101cam un apstr\u0101d\u0101jam, k\u0101diem m\u0113r\u0137iem tos izmantojam, cik ilgu laiku uzglab\u0101jam un citu inform\u0101ciju par J\u016bsu datu apstr\u0101di.\u00a0L\u016bdzam J\u016bs uzman\u012bgi izlas\u012bt Politiku un, ja Jums ir papildu jaut\u0101jumi, aicin\u0101m v\u0113rsties pie mums, izmantojot \u0161aj\u0101 Politik\u0101 nor\u0101d\u012bto kontaktinform\u0101ciju.<\/p>\n<p style=\"letter-spacing: 0.5px; padding: 1em 2em 0em; line-height: 2em; font-size: 14px; margin-bottom: 0px !important;\">We draw your attention to the fact that the Policy may be amended, supplemented, renewed, about which Women will inform you using the contact information you provided.<\/p>\n<p style=\"letter-spacing: 0.5px; padding: 1em 2em 0em; line-height: 2em; font-size: 14px; margin-bottom: 0px !important;\"><strong>Personal data<\/strong>\u00a0\u2013 any information that can be used to identify a person, as well as any information about a person that has already been identified.<\/p>\n<p>&nbsp;<\/p>\n<ol style=\"margin-bottom: 44px; font-family: Raleway, sans-serif; font-size: 14px;\" start=\"1\">\n<li style=\"list-style-type: none;\">\n<ol style=\"margin-bottom: 44px; font-family: Raleway, sans-serif; font-size: 14px;\" start=\"1\">\n<li><strong><span style=\"color: #9c0000;\">What personal data do we process and why?<\/span><\/strong><\/li>\n<\/ol>\n<\/li>\n<\/ol>\n<p style=\"letter-spacing: 0.5px; font-family: 'Open Sans', sans-serif; padding: 1em 2em 0em; line-height: 2em; margin-bottom: 0px !important;\"><strong><span style=\"color: #9c0000;\">WingsLogistic Lo\u0123istikas un transporta pakalpojumi<\/span><\/strong><\/p>\n<p style=\"letter-spacing: 0.5px; font-family: 'Open Sans', sans-serif; padding: 1em 2em 0em; line-height: 2em; margin-bottom: 0px !important;\">M\u0113s pa\u013caujamies, ka m\u016bsu klienti juridisk\u0101s personas un \u0161o klientu darbinieki, iesniedzot mums\u00a0 personas datus, iev\u0113ro personas datu apstr\u0101di regul\u0113jo\u0161o normat\u012bvo aktu pras\u012bbas, taj\u0101 skait\u0101\u00a0 pien\u0101kumu inform\u0113t darbiniekus par datu nodo\u0161anu sadarb\u012bbas partneriem.<\/p>\n<p style=\"letter-spacing: 0.5px; font-family: 'Open Sans', sans-serif; padding: 1em 2em 0em; line-height: 2em; margin-bottom: 0px !important;\">If you would like to receive a price offer and entrust us with your contact information by filling out one of our contact forms on our website or contacting our specialist by phone or online chat (name, company, e-mail address, phone number, cargo-related information, etc.), based on your consent, we will use this data to contact you and make a price offer, as well as to specify information related to the cargo, if necessary.<\/p>\n<p style=\"letter-spacing: 0.5px; font-family: 'Open Sans', sans-serif; padding: 1em 2em 0em; line-height: 2em; margin-bottom: 0px !important;\">The term of data processing \u2013 the entire period of time while the services are provided to you and a longer period of time if it is necessary to protect our interests and rights in connection with demands and claims made against us.<\/p>\n<p style=\"letter-spacing: 0.5px; font-family: 'Open Sans', sans-serif; padding: 1em 2em 0em; line-height: 2em; margin-bottom: 0px !important;\"><strong><span style=\"color: #9c0000;\">Commercial announcements<\/span><\/strong><\/p>\n<p style=\"letter-spacing: 0.5px; font-family: 'Open Sans', sans-serif; padding: 1em 2em 0em; line-height: 2em; margin-bottom: 0px !important;\">If you agree to receive Women news, we will process your personal data (name, surname, e-mail address, telephone number, address), providing you with such information in the way you choose - by e-mail, sending a text message or by post.<\/p>\n<p style=\"letter-spacing: 0.5px; font-family: 'Open Sans', sans-serif; padding: 1em 2em 0em; line-height: 2em; margin-bottom: 0px !important;\">The legal basis for data processing is consent.<\/p>\n<p style=\"letter-spacing: 0.5px; font-family: 'Open Sans', sans-serif; padding: 1em 2em 0em; line-height: 2em; margin-bottom: 0px !important;\">Data processing period \u2013 the entire period of time while your consent is valid. We may retain information about data processing and evidence of your consent for a longer period of time<\/p>\n<p style=\"letter-spacing: 0.5px; font-family: 'Open Sans', sans-serif; padding: 1em 2em 0em; line-height: 2em; margin-bottom: 0px !important;\"><strong>Statistics, market and our customer behavior research<\/strong><\/p>\n<p>&nbsp;<\/p>\n<ol style=\"margin-bottom: 44px; font-family: Raleway, sans-serif; font-size: 14px;\" start=\"1\">\n<li style=\"list-style-type: none;\">\n<ol style=\"margin-bottom: 44px; font-family: Raleway, sans-serif; font-size: 14px;\" start=\"1\">\n<li><strong><span style=\"color: #9c0000;\">From what sources do we collect your personal data?<\/span><\/strong><\/li>\n<\/ol>\n<\/li>\n<\/ol>\n<p style=\"letter-spacing: 0.5px; font-family: 'Open Sans', sans-serif; padding: 1em 2em 0em; line-height: 2em; margin-bottom: 0px !important;\">We obtain your personal data only from you. You submit the data to us directly.<\/p>\n<p><span style=\"color: #9c0000;\">\u00a0<\/span><\/p>\n<ol style=\"margin-bottom: 44px; font-family: Raleway, sans-serif; font-size: 14px;\" start=\"1\">\n<li style=\"list-style-type: none;\">\n<ol style=\"margin-bottom: 44px; font-family: Raleway, sans-serif; font-size: 14px;\" start=\"1\">\n<li><strong><span style=\"color: #9c0000;\">In what cases and to which data recipients do we disclose your personal data?<\/span><\/strong><\/li>\n<\/ol>\n<\/li>\n<\/ol>\n<p style=\"letter-spacing: 0.5px; font-family: 'Open Sans', sans-serif; padding: 1em 2em 0em; line-height: 2em; margin-bottom: 0px !important;\">In order to provide the service, we will transfer your data to transport service providers, insurance service providers, as well as other service providers, as well as intermediaries for the provision of the aforementioned services, such as insurance brokers.<\/p>\n<p style=\"letter-spacing: 0.5px; font-family: 'Open Sans', sans-serif; padding: 1em 2em 0em; line-height: 2em; margin-bottom: 0px !important;\">We may transfer your data for processing to other data recipients who help us provide you with services. Such persons may be database software maintainers, database administration service providers, data center maintenance and cloud computing service providers, direct marketing service providers, market research or business analytics service providers. In each case, we submit to the data processors only the amount of data that is necessary for the performance of a specific task or the provision of the specific services. Our engaged data processors may process your personal data only on our instructions and may not use it for other purposes or pass it on to other parties without our consent. In addition, they are obliged to ensure the protection of your data in accordance with the requirements of the applicable laws and the written agreement concluded with us, which, among other things, provides for the permanent deletion of any of your data after the completion of the task given by us or the termination of cooperation.<\/p>\n<p style=\"letter-spacing: 0.5px; font-family: 'Open Sans', sans-serif; padding: 1em 2em 0em; line-height: 2em; margin-bottom: 0px !important;\">The data may also be transferred to competent institutions or law enforcement authorities, such as the police or supervisory authorities, but only in response to their requests and only if it is necessary in accordance with the current regulatory enactments, in the cases and procedures specified by the regulatory enactments.<\/p>\n<p>&nbsp;<\/p>\n<ol style=\"margin-bottom: 44px; font-family: Raleway, sans-serif; font-size: 14px;\" start=\"1\">\n<li style=\"list-style-type: none;\">\n<ol style=\"margin-bottom: 44px; font-family: Raleway, sans-serif; font-size: 14px;\" start=\"1\">\n<li><strong><span style=\"color: #9c0000;\">In which territories and jurisdictions do we process your personal data?<\/span><\/strong><\/li>\n<\/ol>\n<\/li>\n<\/ol>\n<p style=\"letter-spacing: 0.5px; font-family: 'Open Sans', sans-serif; padding: 1em 2em 0em; line-height: 2em; margin-bottom: 0px !important;\">We process your personal data only in the territory of the European Union and the territory of the European Economic Area. Data outside the territory of the European Union and the territory of the European Economic Area can only be transferred in accordance with the requirements of the regulatory acts regulating data protection.<\/p>\n<p>&nbsp;<\/p>\n<ol style=\"margin-bottom: 44px; font-family: Raleway, sans-serif; font-size: 14px;\" start=\"1\">\n<li style=\"list-style-type: none;\">\n<ol style=\"margin-bottom: 44px; font-family: Raleway, sans-serif; font-size: 14px;\" start=\"1\">\n<li><strong><span style=\"color: #9c0000;\">How secure is your data?<\/span><\/strong><\/li>\n<\/ol>\n<\/li>\n<\/ol>\n<p style=\"letter-spacing: 0.5px; font-family: 'Open Sans', sans-serif; padding: 1em 2em 0em; line-height: 2em; margin-bottom: 0px !important;\">We respect your privacy, therefore the security of your personal data is our priority. We use appropriate organizational and technical means to ensure permanent security of your personal data and compliance of data processing with the requirements of data protection laws and regulations, as well as our internal rules, including Women undertakes to ensure the confidentiality of customers&#039; personal data.<\/p>\n<p style=\"letter-spacing: 0.5px; font-family: 'Open Sans', sans-serif; padding: 1em 2em 0em; line-height: 2em; margin-bottom: 0px !important;\">We comply with the requirements of personal data protection laws and in every data processing process, we take care to collect only the information that is necessary to achieve the goals set out in this Policy.<\/p>\n<p>&nbsp;<\/p>\n<ol style=\"margin-bottom: 44px; font-family: Raleway, sans-serif; font-size: 14px;\" start=\"1\">\n<li style=\"list-style-type: none;\">\n<ol style=\"margin-bottom: 44px; font-family: Raleway, sans-serif; font-size: 14px;\" start=\"1\">\n<li><strong><span style=\"color: #9c0000;\">What rights do data protection regulations give you and how can you use them?<\/span><\/strong><\/li>\n<\/ol>\n<\/li>\n<\/ol>\n<p style=\"letter-spacing: 0.5px; font-family: 'Open Sans', sans-serif; padding: 1em 2em 0em; line-height: 2em; margin-bottom: 0px !important;\">Data protection regulations grant you rights that you can freely use when contacting us. We are committed to providing you with opportunities to exercise your rights.<\/p>\n<p style=\"letter-spacing: 0.5px; font-family: 'Open Sans', sans-serif; padding: 1em 2em 0em; line-height: 2em; margin-bottom: 0px !important;\"><strong><span style=\"color: #9c0000;\">The right to obtain information about whether we are processing your personal data and, if so, which ones<\/span><\/strong><\/p>\n<p style=\"letter-spacing: 0.5px; font-family: 'Open Sans', sans-serif; padding: 1em 2em 0em; line-height: 2em; margin-bottom: 0px !important;\">You have the right to receive our confirmation on whether we process your personal data, as well as the right to get acquainted with your personal data that we process, information about the purposes of data processing, the category of data to be processed, the category of data recipients, the period of data processing, sources of data acquisition . We provide most of this information to you in this Policy and believe you will find it useful.<\/p>\n<p style=\"letter-spacing: 0.5px; font-family: 'Open Sans', sans-serif; padding: 1em 2em 0em; line-height: 2em; margin-bottom: 0px !important;\"><strong><span style=\"color: #9c0000;\">The right to request correction of personal data<\/span><\/strong><\/p>\n<p style=\"letter-spacing: 0.5px; font-family: 'Open Sans', sans-serif; padding: 1em 2em 0em; line-height: 2em; margin-bottom: 0px !important;\">If the data you provided has changed or you see that the information we have processed about you is inaccurate or incorrect, you have the right to request that this information be changed, clarified or corrected.<\/p>\n<p style=\"letter-spacing: 0.5px; font-family: 'Open Sans', sans-serif; padding: 1em 2em 0em; line-height: 2em; margin-bottom: 0px !important;\"><strong><span style=\"color: #9c0000;\">Right to withdraw consent<\/span><\/strong><\/p>\n<p style=\"letter-spacing: 0.5px; font-family: 'Open Sans', sans-serif; padding: 1em 2em 0em; line-height: 2em; margin-bottom: 0px !important;\">In cases where we process your data on the basis of your consent, you have the right to withdraw your consent at any time, and the data processing based on your consent will be stopped. You can withdraw your consent to receive commercial communications at any time. Withdrawing these consents will not limit your ability to receive Women services.<\/p>\n<p style=\"letter-spacing: 0.5px; font-family: 'Open Sans', sans-serif; padding: 1em 2em 0em; line-height: 2em; margin-bottom: 0px !important;\">If your consent expires or is revoked or cancelled, we delete the data processed on the basis of your consent, unless there is also another basis for processing it to achieve other data processing purposes set out in this Policy.<\/p>\n<p style=\"letter-spacing: 0.5px; font-family: 'Open Sans', sans-serif; padding: 1em 2em 0em; line-height: 2em; margin-bottom: 0px !important;\">In any situation, we can also store your consent and proof of it for a longer period, if it is necessary to be able to protect our rights in connection with demands and claims made against us.<\/p>\n<p style=\"letter-spacing: 0.5px; font-family: 'Open Sans', sans-serif; padding: 1em 2em 0em; line-height: 2em; margin-bottom: 0px !important;\"><strong><span style=\"color: #9c0000;\">Right to lodge a complaint<\/span><\/strong><\/p>\n<p style=\"letter-spacing: 0.5px; font-family: 'Open Sans', sans-serif; padding: 1em 2em 0em; line-height: 2em; margin-bottom: 0px !important;\">If you believe that we are processing your data in violation of the requirements of personal data protection regulations, we invite you to contact us directly. We believe that we will be able to dispel all your doubts, satisfy your requests and eliminate our mistakes, if any.<\/p>\n<p style=\"letter-spacing: 0.5px; font-family: 'Open Sans', sans-serif; padding: 1em 2em 0em; line-height: 2em; margin-bottom: 0px !important;\">If you are not satisfied with the solutions we offer or if, in your opinion, we do not perform the necessary actions, you have the right to submit a complaint to the supervisory institution, which in the Republic of Latvia is the Data State Inspectorate (<a style=\"transition: all 0.5s ease 0s;\" href=\"http:\/\/www.dvi.gov.lv\/\" target=\"_blank\" rel=\"noopener noreferrer nofollow\">www.dvi.gov.lv<\/a>).<\/p>\n<p style=\"letter-spacing: 0.5px; font-family: 'Open Sans', sans-serif; padding: 1em 2em 0em; line-height: 2em; margin-bottom: 0px !important;\"><strong><span style=\"color: #9c0000;\">Right to request deletion of data (right to be forgotten)<\/span><\/strong><\/p>\n<p style=\"letter-spacing: 0.5px; font-family: 'Open Sans', sans-serif; padding: 1em 2em 0em; line-height: 2em; margin-bottom: 0px !important;\">If there are appropriate conditions mentioned in the regulatory acts of personal data processing, for example, if personal data is processed illegally, the legal basis for data processing disappears, you have the right to request that we delete your personal data.<\/p>\n<p style=\"letter-spacing: 0.5px; font-family: 'Open Sans', sans-serif; padding: 1em 2em 0em; line-height: 2em; margin-bottom: 0px !important;\">In the event that the personal data processed can be used for other purposes mentioned in this Policy, for example to ensure the existence of evidence in the event of a claim, we may retain the relevant data to ensure the achievement of other purposes.<\/p>\n<p style=\"letter-spacing: 0.5px; font-family: 'Open Sans', sans-serif; padding: 1em 2em 0em; line-height: 2em; margin-bottom: 0px !important;\"><span style=\"color: #9c0000;\"><strong>The right to request restriction of data processing\u00a0<\/strong><strong>\u00a0<\/strong><\/span><\/p>\n<p style=\"letter-spacing: 0.5px; font-family: 'Open Sans', sans-serif; padding: 1em 2em 0em; line-height: 2em; margin-bottom: 0px !important;\">In the presence of relevant conditions mentioned in the data processing regulations, for example, if personal data is processed illegally, you dispute the accuracy of the data, you submit objections to the data processing based on our legitimate interests, you have the right to restrict the processing of your data. However, we point out that due to the limitation of data processing and for the period of such limitations, we may not be able to provide you with the services provided by Women.<\/p>\n<p style=\"letter-spacing: 0.5px; font-family: 'Open Sans', sans-serif; padding: 1em 2em 0em; line-height: 2em; margin-bottom: 0px !important;\"><strong><span style=\"color: #9c0000;\">Right to data portability<\/span><\/strong><\/p>\n<p style=\"letter-spacing: 0.5px; font-family: 'Open Sans', sans-serif; padding: 1em 2em 0em; line-height: 2em; margin-bottom: 0px !important;\">You have the right to request the portability of data that you have submitted to us in electronic form. Upon receiving your request for data portability, we will ensure the realization of your rights by providing the data in a widely used and computer-readable format, or we will send the data you requested in electronic form to the recipient of your choice, following the information specified in your request.<\/p>\n<p><span style=\"color: #9c0000;\">\u00a0<\/span><\/p>\n<ol style=\"margin-bottom: 44px; font-family: Raleway, sans-serif; font-size: 14px;\" start=\"1\">\n<li style=\"list-style-type: none;\">\n<ol style=\"margin-bottom: 44px; font-family: Raleway, sans-serif; font-size: 14px;\" start=\"1\">\n<li><strong><span style=\"color: #9c0000;\">In what ways can you contact us?<\/span><\/strong><\/li>\n<\/ol>\n<\/li>\n<\/ol>\n<p style=\"letter-spacing: 0.5px; font-family: 'Open Sans', sans-serif; padding: 1em 2em 0em; line-height: 2em; margin-bottom: 0px !important;\">The controller of personal data is SIA WingsLogistic, registration number 40203192551, address &quot;Liepas A&quot;-3, Ogresgals, Ogresgala parish, Ogres prov., Latvia.<\/p>\n<p style=\"letter-spacing: 0.5px; font-family: 'Open Sans', sans-serif; padding: 1em 2em 0em; line-height: 2em; margin-bottom: 0px !important;\">For all personal data processing issues, you can contact us in the following ways:<\/p>\n<p style=\"letter-spacing: 0.5px; font-family: 'Open Sans', sans-serif; padding: 1em 2em 0em; line-height: 2em; margin-bottom: 0px !important;\">When writing to the e-mail address:\u00a0<a style=\"transition: all 0.5s ease 0s;\" href=\"mailto:info@wingslogistic.lv\">info@wingslogistic.lv<\/a>,<\/p>\n<p style=\"letter-spacing: 0.5px; font-family: 'Open Sans', sans-serif; padding: 1em 2em 0em; line-height: 2em; margin-bottom: 0px !important;\">By calling our hotline: +371 244 09096<\/p>","protected":false},"excerpt":{"rendered":"<p>K\u0101 Women klients, J\u016bs uzticat SIA WingsLogistic (turpm\u0101k \u2013\u00a0Women\u00a0vai\u00a0m\u0113s) savus vai savu darbinieku personas datus un pie\u0161\u0137irat mums ties\u012bbas tos<\/p>","protected":false},"author":1,"featured_media":0,"parent":0,"menu_order":0,"comment_status":"open","ping_status":"closed","template":"","meta":{"footnotes":""},"class_list":["post-29275","page","type-page","status-publish","hentry"],"yoast_head":"<!-- This site is optimized with the Yoast SEO plugin v27.4 - https:\/\/yoast.com\/product\/yoast-seo-wordpress\/ -->\n<title>Priv\u0101tuma Politika<\/title>\n<meta name=\"description\" content=\"Priv\u0101tuma Politika\" \/>\n<meta name=\"robots\" content=\"index, follow, max-snippet:-1, max-image-preview:large, max-video-preview:-1\" \/>\n<link rel=\"canonical\" href=\"https:\/\/women.lv\/en\/privatuma-politika\/\" \/>\n<meta property=\"og:locale\" content=\"en_GB\" \/>\n<meta property=\"og:type\" content=\"article\" \/>\n<meta property=\"og:title\" content=\"Priv\u0101tuma Politika\" \/>\n<meta property=\"og:description\" content=\"Priv\u0101tuma Politika\" \/>\n<meta property=\"og:url\" content=\"https:\/\/women.lv\/en\/privatuma-politika\/\" \/>\n<meta property=\"og:site_name\" content=\"Women Veikals\" \/>\n<meta property=\"article:modified_time\" content=\"2025-04-09T09:45:42+00:00\" \/>\n<meta name=\"twitter:card\" content=\"summary_large_image\" \/>\n<meta name=\"twitter:label1\" content=\"Estimated reading time\" \/>\n\t<meta name=\"twitter:data1\" content=\"7 minutes\" \/>\n<script type=\"application\/ld+json\" class=\"yoast-schema-graph\">{\"@context\":\"https:\\\/\\\/schema.org\",\"@graph\":[{\"@type\":\"WebPage\",\"@id\":\"https:\\\/\\\/women.lv\\\/privatuma-politika\\\/\",\"url\":\"https:\\\/\\\/women.lv\\\/privatuma-politika\\\/\",\"name\":\"Priv\u0101tuma Politika\",\"isPartOf\":{\"@id\":\"https:\\\/\\\/women.lv\\\/#website\"},\"datePublished\":\"2024-10-31T12:49:58+00:00\",\"dateModified\":\"2025-04-09T09:45:42+00:00\",\"description\":\"Priv\u0101tuma Politika\",\"breadcrumb\":{\"@id\":\"https:\\\/\\\/women.lv\\\/privatuma-politika\\\/#breadcrumb\"},\"inLanguage\":\"en-GB\",\"potentialAction\":[{\"@type\":\"ReadAction\",\"target\":[\"https:\\\/\\\/women.lv\\\/privatuma-politika\\\/\"]}]},{\"@type\":\"BreadcrumbList\",\"@id\":\"https:\\\/\\\/women.lv\\\/privatuma-politika\\\/#breadcrumb\",\"itemListElement\":[{\"@type\":\"ListItem\",\"position\":1,\"name\":\"Home\",\"item\":\"https:\\\/\\\/women.lv\\\/\"},{\"@type\":\"ListItem\",\"position\":2,\"name\":\"Priv\u0101tuma Politika\"}]},{\"@type\":\"WebSite\",\"@id\":\"https:\\\/\\\/women.lv\\\/#website\",\"url\":\"https:\\\/\\\/women.lv\\\/\",\"name\":\"Women Veikals\",\"description\":\"Uzdr\u012bksties b\u016bt skaista\",\"potentialAction\":[{\"@type\":\"SearchAction\",\"target\":{\"@type\":\"EntryPoint\",\"urlTemplate\":\"https:\\\/\\\/women.lv\\\/?s={search_term_string}\"},\"query-input\":{\"@type\":\"PropertyValueSpecification\",\"valueRequired\":true,\"valueName\":\"search_term_string\"}}],\"inLanguage\":\"en-GB\"}]}<\/script>\n<!-- \/ Yoast SEO plugin. -->","yoast_head_json":{"title":"Privacy Policy","description":"Privacy Policy","robots":{"index":"index","follow":"follow","max-snippet":"max-snippet:-1","max-image-preview":"max-image-preview:large","max-video-preview":"max-video-preview:-1"},"canonical":"https:\/\/women.lv\/en\/privatuma-politika\/","og_locale":"en_GB","og_type":"article","og_title":"Priv\u0101tuma Politika","og_description":"Priv\u0101tuma Politika","og_url":"https:\/\/women.lv\/en\/privatuma-politika\/","og_site_name":"Women Veikals","article_modified_time":"2025-04-09T09:45:42+00:00","twitter_card":"summary_large_image","twitter_misc":{"Estimated reading time":"7 minutes"},"schema":{"@context":"https:\/\/schema.org","@graph":[{"@type":"WebPage","@id":"https:\/\/women.lv\/privatuma-politika\/","url":"https:\/\/women.lv\/privatuma-politika\/","name":"Privacy Policy","isPartOf":{"@id":"https:\/\/women.lv\/#website"},"datePublished":"2024-10-31T12:49:58+00:00","dateModified":"2025-04-09T09:45:42+00:00","description":"Privacy Policy","breadcrumb":{"@id":"https:\/\/women.lv\/privatuma-politika\/#breadcrumb"},"inLanguage":"en-GB","potentialAction":[{"@type":"ReadAction","target":["https:\/\/women.lv\/privatuma-politika\/"]}]},{"@type":"BreadcrumbList","@id":"https:\/\/women.lv\/privatuma-politika\/#breadcrumb","itemListElement":[{"@type":"ListItem","position":1,"name":"Home","item":"https:\/\/women.lv\/"},{"@type":"ListItem","position":2,"name":"Priv\u0101tuma Politika"}]},{"@type":"WebSite","@id":"https:\/\/women.lv\/#website","url":"https:\/\/women.lv\/","name":"Women Shop","description":"Uzdr\u012bksties b\u016bt skaista","potentialAction":[{"@type":"SearchAction","target":{"@type":"EntryPoint","urlTemplate":"https:\/\/women.lv\/?s={search_term_string}"},"query-input":{"@type":"PropertyValueSpecification","valueRequired":true,"valueName":"search_term_string"}}],"inLanguage":"en-GB"}]}},"_links":{"self":[{"href":"https:\/\/women.lv\/en\/wp-json\/wp\/v2\/pages\/29275","targetHints":{"allow":["GET"]}}],"collection":[{"href":"https:\/\/women.lv\/en\/wp-json\/wp\/v2\/pages"}],"about":[{"href":"https:\/\/women.lv\/en\/wp-json\/wp\/v2\/types\/page"}],"author":[{"embeddable":true,"href":"https:\/\/women.lv\/en\/wp-json\/wp\/v2\/users\/1"}],"replies":[{"embeddable":true,"href":"https:\/\/women.lv\/en\/wp-json\/wp\/v2\/comments?post=29275"}],"version-history":[{"count":0,"href":"https:\/\/women.lv\/en\/wp-json\/wp\/v2\/pages\/29275\/revisions"}],"wp:attachment":[{"href":"https:\/\/women.lv\/en\/wp-json\/wp\/v2\/media?parent=29275"}],"curies":[{"name":"wp","href":"https:\/\/api.w.org\/{rel}","templated":true}]}}