{"id":28907,"date":"2023-08-10T12:23:47","date_gmt":"2023-08-10T12:23:47","guid":{"rendered":"https:\/\/women.lv\/?product=black-pearl-hialurona-serums-sejai"},"modified":"2026-01-08T17:25:22","modified_gmt":"2026-01-08T15:25:22","slug":"black-pearl-royalty-hialurona-serums-sejai","status":"publish","type":"product","link":"http:\/\/women.lv\/en\/product\/black-pearl-royalty-hialurona-serums-sejai\/","title":{"rendered":"Black Pearl Hyaluronic Serum for Face"},"content":{"rendered":"<p><span style=\"font-size: 18px; font-family: Helvetica;\">Formulated with a powerful concentrated blend of natural skin-supporting ingredients, this serum delivers a rich nourishing boost to enhance youthfulness and a smooth, supple feel. The serum is based on hyaluronic acid, a vital natural skin component that retains moisture, forms a protective barrier, and enhances collagen and elastin fibers.<\/span><\/p>\n<p><span style=\"font-family: Helvetica;\"><span style=\"font-size: 18px;\">The formula includes <b>also a cocktail of vitamins A and E, as well as provitamin B5<\/b>, which provides direct antioxidant power that helps reduce the signs of aging by smoothing fine lines and wrinkles, and increasing the skin&#039;s natural firmness and elasticity.<\/span><\/span><\/p>\n<p><span style=\"font-family: Helvetica;\"><span style=\"font-size: 18px;\">Innovative LipigenineTM is a nourishing lipid moisturizer that helps maintain the skin&#039;s natural hydration balance, and ChronogeneTM is designed to enhance the skin&#039;s natural daily regeneration cycles for optimal anti-aging benefits and a natural boost to skin revitalization.<\/span><\/span><\/p>\n<p><span style=\"font-family: Helvetica;\"><span style=\"font-size: 18px;\">Resveratrol is an innovative antioxidant-rich formula that helps fight free radicals to improve skin protection. Pure Dead Sea minerals are known to improve circulation, remove dead skin cells, and enhance skin renewal, creating a youthful appearance.<\/span><\/span><\/p>\n<p><span style=\"font-family: Helvetica;\"><span style=\"font-size: 18px;\">Evening Primrose and Sea Buckthorn Oils provide natural hydration that leaves skin nourished and plumped. Hydrating squalane, derived from organic olives, absorbs quickly to help restore and soothe skin. Intensively formulated with a natural nutrient called hyaluronic acid, this nourishing serum is a highly effective skin regenerator and rehydrator.<\/span><\/span><\/p>","protected":false},"excerpt":{"rendered":"<p>Formulated with a powerful concentrated blend of natural skin-supporting ingredients, this serum provides a rich nourishing boost to enhance<\/p>","protected":false},"featured_media":28908,"comment_status":"open","ping_status":"closed","template":"","meta":[],"product_brand":[],"product_cat":[2201,2200,2202,2215],"product_tag":[2433,3680,3679,2244,2243,3681,2245],"class_list":{"0":"post-28907","1":"product","2":"type-product","3":"status-publish","4":"has-post-thumbnail","6":"product_cat-pretnovecosanas-un-pretgrumbu","7":"product_cat-sejas-kopsanas-lidzekli","8":"product_cat-serumi","9":"product_cat-visi-produkti","10":"product_tag-black-pearl-royalty","11":"product_tag-hialurona-serums-sejai","12":"product_tag-hyaluronic-facial-serum","13":"product_tag-israel","14":"product_tag-izraela","15":"product_tag-3681","16":"product_tag-2245","17":"pa_brand_nc-black-pearl-royalty","18":"pa_ean_nc-3678","19":"pa_ean_nc-israel","21":"first","22":"instock","23":"sale","24":"taxable","25":"shipping-taxable","26":"purchasable","27":"product-type-simple"},"yoast_head":"<!-- This site is optimized with the Yoast SEO plugin v23.9 - https:\/\/yoast.com\/wordpress\/plugins\/seo\/ -->\n<title>Black Pearl Hialurona Serums Sejai<\/title>\n<meta name=\"description\" content=\"Formul\u0101 ietilpst ar\u012b A un E vitam\u012bnu kokteilis, k\u0101 ar\u012b provitam\u012bns B5, kas nodro\u0161ina tie\u0161u antioksidantu sp\u0113ku, kas pal\u012bdz samazin\u0101t noveco\u0161an\u0101s paz\u012bmes, izl\u012bdzinot smalk\u0101s l\u012bnijas un grumbi\u0146as, k\u0101 ar\u012b palielinot \u0101das dabisko tvirtumu un elast\u012bbu.\" \/>\n<meta name=\"robots\" content=\"index, follow, max-snippet:-1, max-image-preview:large, max-video-preview:-1\" \/>\n<link rel=\"canonical\" href=\"https:\/\/women.lv\/en\/product\/black-pearl-royalty-hialurona-serums-sejai\/\" \/>\n<meta property=\"og:locale\" content=\"en_GB\" \/>\n<meta property=\"og:type\" content=\"article\" \/>\n<meta property=\"og:title\" content=\"Black Pearl Hialurona Serums Sejai\" \/>\n<meta property=\"og:description\" content=\"Formul\u0101 ietilpst ar\u012b A un E vitam\u012bnu kokteilis, k\u0101 ar\u012b provitam\u012bns B5, kas nodro\u0161ina tie\u0161u antioksidantu sp\u0113ku, kas pal\u012bdz samazin\u0101t noveco\u0161an\u0101s paz\u012bmes, izl\u012bdzinot smalk\u0101s l\u012bnijas un grumbi\u0146as, k\u0101 ar\u012b palielinot \u0101das dabisko tvirtumu un elast\u012bbu.\" \/>\n<meta property=\"og:url\" content=\"https:\/\/women.lv\/en\/product\/black-pearl-royalty-hialurona-serums-sejai\/\" \/>\n<meta property=\"og:site_name\" content=\"Women Veikals\" \/>\n<meta property=\"article:modified_time\" content=\"2026-01-08T15:25:22+00:00\" \/>\n<meta property=\"og:image\" content=\"https:\/\/women.lv\/wp-content\/uploads\/nc\/catalog\/Israel\/Sea-of-Spa\/Black-Pearl\/BP-hyaluronic-facial-serum.JPG\" \/>\n\t<meta property=\"og:image:width\" content=\"928\" \/>\n\t<meta property=\"og:image:height\" content=\"933\" \/>\n\t<meta property=\"og:image:type\" content=\"image\/jpeg\" \/>\n<meta name=\"twitter:card\" content=\"summary_large_image\" \/>\n<meta name=\"twitter:label1\" content=\"Estimated reading time\" \/>\n\t<meta name=\"twitter:data1\" content=\"1 minute\" \/>\n<script type=\"application\/ld+json\" class=\"yoast-schema-graph\">{\"@context\":\"https:\/\/schema.org\",\"@graph\":[{\"@type\":\"WebPage\",\"@id\":\"https:\/\/women.lv\/product\/black-pearl-royalty-hialurona-serums-sejai\/\",\"url\":\"https:\/\/women.lv\/product\/black-pearl-royalty-hialurona-serums-sejai\/\",\"name\":\"Black Pearl Hialurona Serums Sejai\",\"isPartOf\":{\"@id\":\"https:\/\/women.lv\/#website\"},\"primaryImageOfPage\":{\"@id\":\"https:\/\/women.lv\/product\/black-pearl-royalty-hialurona-serums-sejai\/#primaryimage\"},\"image\":{\"@id\":\"https:\/\/women.lv\/product\/black-pearl-royalty-hialurona-serums-sejai\/#primaryimage\"},\"thumbnailUrl\":\"https:\/\/women.lv\/wp-content\/uploads\/nc\/catalog\/Israel\/Sea-of-Spa\/Black-Pearl\/BP-hyaluronic-facial-serum.JPG\",\"datePublished\":\"2023-08-10T12:23:47+00:00\",\"dateModified\":\"2026-01-08T15:25:22+00:00\",\"description\":\"Formul\u0101 ietilpst ar\u012b A un E vitam\u012bnu kokteilis, k\u0101 ar\u012b provitam\u012bns B5, kas nodro\u0161ina tie\u0161u antioksidantu sp\u0113ku, kas pal\u012bdz samazin\u0101t noveco\u0161an\u0101s paz\u012bmes, izl\u012bdzinot smalk\u0101s l\u012bnijas un grumbi\u0146as, k\u0101 ar\u012b palielinot \u0101das dabisko tvirtumu un elast\u012bbu.\",\"breadcrumb\":{\"@id\":\"https:\/\/women.lv\/product\/black-pearl-royalty-hialurona-serums-sejai\/#breadcrumb\"},\"inLanguage\":\"en-GB\",\"potentialAction\":[{\"@type\":\"ReadAction\",\"target\":[\"https:\/\/women.lv\/product\/black-pearl-royalty-hialurona-serums-sejai\/\"]}]},{\"@type\":\"ImageObject\",\"inLanguage\":\"en-GB\",\"@id\":\"https:\/\/women.lv\/product\/black-pearl-royalty-hialurona-serums-sejai\/#primaryimage\",\"url\":\"https:\/\/women.lv\/wp-content\/uploads\/nc\/catalog\/Israel\/Sea-of-Spa\/Black-Pearl\/BP-hyaluronic-facial-serum.JPG\",\"contentUrl\":\"https:\/\/women.lv\/wp-content\/uploads\/nc\/catalog\/Israel\/Sea-of-Spa\/Black-Pearl\/BP-hyaluronic-facial-serum.JPG\",\"width\":928,\"height\":933,\"caption\":\"Black Pearl Hialurona Serums Sejai\"},{\"@type\":\"BreadcrumbList\",\"@id\":\"https:\/\/women.lv\/product\/black-pearl-royalty-hialurona-serums-sejai\/#breadcrumb\",\"itemListElement\":[{\"@type\":\"ListItem\",\"position\":1,\"name\":\"Home\",\"item\":\"https:\/\/women.lv\/\"},{\"@type\":\"ListItem\",\"position\":2,\"name\":\"Products\",\"item\":\"https:\/\/women.lv\/en\/shop\/\"},{\"@type\":\"ListItem\",\"position\":3,\"name\":\"Black Pearl Hialurona Serums Sejai\"}]},{\"@type\":\"WebSite\",\"@id\":\"https:\/\/women.lv\/#website\",\"url\":\"https:\/\/women.lv\/\",\"name\":\"Women Veikals\",\"description\":\"Uzdr\u012bksties b\u016bt skaista\",\"potentialAction\":[{\"@type\":\"SearchAction\",\"target\":{\"@type\":\"EntryPoint\",\"urlTemplate\":\"https:\/\/women.lv\/?s={search_term_string}\"},\"query-input\":{\"@type\":\"PropertyValueSpecification\",\"valueRequired\":true,\"valueName\":\"search_term_string\"}}],\"inLanguage\":\"en-GB\"}]}<\/script>\n<!-- \/ Yoast SEO plugin. -->","yoast_head_json":{"title":"Black Pearl Hialurona Serums Sejai","description":"Formul\u0101 ietilpst ar\u012b A un E vitam\u012bnu kokteilis, k\u0101 ar\u012b provitam\u012bns B5, kas nodro\u0161ina tie\u0161u antioksidantu sp\u0113ku, kas pal\u012bdz samazin\u0101t noveco\u0161an\u0101s paz\u012bmes, izl\u012bdzinot smalk\u0101s l\u012bnijas un grumbi\u0146as, k\u0101 ar\u012b palielinot \u0101das dabisko tvirtumu un elast\u012bbu.","robots":{"index":"index","follow":"follow","max-snippet":"max-snippet:-1","max-image-preview":"max-image-preview:large","max-video-preview":"max-video-preview:-1"},"canonical":"https:\/\/women.lv\/en\/product\/black-pearl-royalty-hialurona-serums-sejai\/","og_locale":"en_GB","og_type":"article","og_title":"Black Pearl Hialurona Serums Sejai","og_description":"Formul\u0101 ietilpst ar\u012b A un E vitam\u012bnu kokteilis, k\u0101 ar\u012b provitam\u012bns B5, kas nodro\u0161ina tie\u0161u antioksidantu sp\u0113ku, kas pal\u012bdz samazin\u0101t noveco\u0161an\u0101s paz\u012bmes, izl\u012bdzinot smalk\u0101s l\u012bnijas un grumbi\u0146as, k\u0101 ar\u012b palielinot \u0101das dabisko tvirtumu un elast\u012bbu.","og_url":"https:\/\/women.lv\/en\/product\/black-pearl-royalty-hialurona-serums-sejai\/","og_site_name":"Women Veikals","article_modified_time":"2026-01-08T15:25:22+00:00","og_image":[{"width":928,"height":933,"url":"https:\/\/women.lv\/wp-content\/uploads\/nc\/catalog\/Israel\/Sea-of-Spa\/Black-Pearl\/BP-hyaluronic-facial-serum.JPG","type":"image\/jpeg"}],"twitter_card":"summary_large_image","twitter_misc":{"Estimated reading time":"1 minute"},"schema":{"@context":"https:\/\/schema.org","@graph":[{"@type":"WebPage","@id":"https:\/\/women.lv\/product\/black-pearl-royalty-hialurona-serums-sejai\/","url":"https:\/\/women.lv\/product\/black-pearl-royalty-hialurona-serums-sejai\/","name":"Black Pearl Hialurona Serums Sejai","isPartOf":{"@id":"https:\/\/women.lv\/#website"},"primaryImageOfPage":{"@id":"https:\/\/women.lv\/product\/black-pearl-royalty-hialurona-serums-sejai\/#primaryimage"},"image":{"@id":"https:\/\/women.lv\/product\/black-pearl-royalty-hialurona-serums-sejai\/#primaryimage"},"thumbnailUrl":"https:\/\/women.lv\/wp-content\/uploads\/nc\/catalog\/Israel\/Sea-of-Spa\/Black-Pearl\/BP-hyaluronic-facial-serum.JPG","datePublished":"2023-08-10T12:23:47+00:00","dateModified":"2026-01-08T15:25:22+00:00","description":"Formul\u0101 ietilpst ar\u012b A un E vitam\u012bnu kokteilis, k\u0101 ar\u012b provitam\u012bns B5, kas nodro\u0161ina tie\u0161u antioksidantu sp\u0113ku, kas pal\u012bdz samazin\u0101t noveco\u0161an\u0101s paz\u012bmes, izl\u012bdzinot smalk\u0101s l\u012bnijas un grumbi\u0146as, k\u0101 ar\u012b palielinot \u0101das dabisko tvirtumu un elast\u012bbu.","breadcrumb":{"@id":"https:\/\/women.lv\/product\/black-pearl-royalty-hialurona-serums-sejai\/#breadcrumb"},"inLanguage":"en-GB","potentialAction":[{"@type":"ReadAction","target":["https:\/\/women.lv\/product\/black-pearl-royalty-hialurona-serums-sejai\/"]}]},{"@type":"ImageObject","inLanguage":"en-GB","@id":"https:\/\/women.lv\/product\/black-pearl-royalty-hialurona-serums-sejai\/#primaryimage","url":"https:\/\/women.lv\/wp-content\/uploads\/nc\/catalog\/Israel\/Sea-of-Spa\/Black-Pearl\/BP-hyaluronic-facial-serum.JPG","contentUrl":"https:\/\/women.lv\/wp-content\/uploads\/nc\/catalog\/Israel\/Sea-of-Spa\/Black-Pearl\/BP-hyaluronic-facial-serum.JPG","width":928,"height":933,"caption":"Black Pearl Hialurona Serums Sejai"},{"@type":"BreadcrumbList","@id":"https:\/\/women.lv\/product\/black-pearl-royalty-hialurona-serums-sejai\/#breadcrumb","itemListElement":[{"@type":"ListItem","position":1,"name":"Home","item":"https:\/\/women.lv\/"},{"@type":"ListItem","position":2,"name":"Products","item":"https:\/\/women.lv\/en\/shop\/"},{"@type":"ListItem","position":3,"name":"Black Pearl Hialurona Serums Sejai"}]},{"@type":"WebSite","@id":"https:\/\/women.lv\/#website","url":"https:\/\/women.lv\/","name":"Women Veikals","description":"Uzdr\u012bksties b\u016bt skaista","potentialAction":[{"@type":"SearchAction","target":{"@type":"EntryPoint","urlTemplate":"https:\/\/women.lv\/?s={search_term_string}"},"query-input":{"@type":"PropertyValueSpecification","valueRequired":true,"valueName":"search_term_string"}}],"inLanguage":"en-GB"}]}},"_links":{"self":[{"href":"http:\/\/women.lv\/en\/wp-json\/wp\/v2\/product\/28907","targetHints":{"allow":["GET"]}}],"collection":[{"href":"http:\/\/women.lv\/en\/wp-json\/wp\/v2\/product"}],"about":[{"href":"http:\/\/women.lv\/en\/wp-json\/wp\/v2\/types\/product"}],"replies":[{"embeddable":true,"href":"http:\/\/women.lv\/en\/wp-json\/wp\/v2\/comments?post=28907"}],"version-history":[{"count":2,"href":"http:\/\/women.lv\/en\/wp-json\/wp\/v2\/product\/28907\/revisions"}],"predecessor-version":[{"id":29669,"href":"http:\/\/women.lv\/en\/wp-json\/wp\/v2\/product\/28907\/revisions\/29669"}],"wp:featuredmedia":[{"embeddable":true,"href":"http:\/\/women.lv\/en\/wp-json\/wp\/v2\/media\/28908"}],"wp:attachment":[{"href":"http:\/\/women.lv\/en\/wp-json\/wp\/v2\/media?parent=28907"}],"wp:term":[{"taxonomy":"product_brand","embeddable":true,"href":"http:\/\/women.lv\/en\/wp-json\/wp\/v2\/product_brand?post=28907"},{"taxonomy":"product_cat","embeddable":true,"href":"http:\/\/women.lv\/en\/wp-json\/wp\/v2\/product_cat?post=28907"},{"taxonomy":"product_tag","embeddable":true,"href":"http:\/\/women.lv\/en\/wp-json\/wp\/v2\/product_tag?post=28907"}],"curies":[{"name":"wp","href":"https:\/\/api.w.org\/{rel}","templated":true}]}}